{"id":55972,"date":"2015-08-03T18:27:40","date_gmt":"2015-08-03T16:27:40","guid":{"rendered":"https:\/\/stagingpalara4.it\/versandart\/"},"modified":"2020-07-11T01:01:47","modified_gmt":"2020-07-10T23:01:47","slug":"versandart","status":"publish","type":"page","link":"https:\/\/www.palarasol.it\/de\/versandart\/","title":{"rendered":"Versandart"},"content":{"rendered":"\n<p>In der Regel werden Bestellungen innerhalb von 1-2 Werktagen bearbeitet und versendet.<\/p>\n\n<p>Wir versenden Ihre Bestellung mit:<\/p>\n\n<ul class=\"wp-block-list\"><li><span style=\"font-size: inherit;\">Poste Italiane (Einschreiben)<\/span><\/li><li> GLS<\/li><li> UPS<\/li><\/ul>\n<p>Wir legen gr\u00f6\u00dften Wert auf besten Versandservice, deshalb wird es basierend auf Bestimmungsort, Paketgewicht und Lieferzeiten ausgew\u00e4hlt.<\/p>\n\n<h3 class=\"wp-block-heading\"><strong>Versandinfo:<\/strong><\/h3>\n\n<h4 class=\"wp-block-heading\"><strong>Italien (Versandkosten 9 \u20ac je Packst\u00fcck)<\/strong><\/h4>\n\n<p>UPS und GLS (1-2 Werktage)<\/p>\n\n<h4 class=\"wp-block-heading\"><strong>Europa <\/strong><\/h4>\n\n<p>Wir liefern nach:<\/p>\n\n<ul class=\"wp-block-list\"><li>\u00d6sterreich<\/li><li>Belgien<\/li><li>D\u00e4nemark<\/li><li>Frankreich<\/li><li>Deutschland<\/li><li>Luxemburg<\/li><li>Monaco<\/li><li>Niederlande<\/li><li>Polen<\/li><li>Tschechische Republik<\/li><li>Slowakei<\/li><li>Slowenien<\/li><li>Spanien<\/li><li>Ungarn<\/li><\/ul>\n<h4 class=\"wp-block-heading\">(Versandkosten 15 \u20ac je Packst\u00fcck)<\/h4>\n\n<ul class=\"wp-block-list\"><li>Vereinigte K\u00f6nigreich<\/li><\/ul>\n<h4 class=\"wp-block-heading\"><strong>(Versandkosten 18 \u20ac je Packst\u00fcck)<\/strong><\/h4>\n\n<ul class=\"wp-block-list\"><li>UPS (2 Werktage)<\/li><li>GLS (2-4 Werktage)<\/li><\/ul>\n<h4 class=\"wp-block-heading\"><strong>Andere L\u00e4nder:<\/strong><\/h4>\n\n<p>Sollte das Land Ihres Wohnsitzes nicht zu unserem Liefergebiet geh\u00f6ren,<a href=\"https:\/\/stagingpalara4.it\/de\/kontakt\/\">kontaktieren Sie uns,<\/a> damit wir Ihnen eine ma\u00dfgeschneiderte L\u00f6sung anbieten k\u00f6nnen<\/p>\n\n<p>Wir bem\u00fchen uns Ihren Auftrag so schnell wie m\u00f6glich zu bearbeiten. Bei einer versp\u00e4teten Bearbeitung ihrer Bestellung, werden Sie per E-Mail benachrichtigt.<\/p>\n\n<p>Wir \u00fcbernehmen keine Verantwortung f\u00fcr Lieferverz\u00f6gerungen von Dritten verursacht.<\/p>\n\n<p>Bestellungen, die au\u00dferhalb der EWG versendet werden, werden ohne Steuern berechnet. Steuern und Z\u00f6lle werden nach geltendem Recht des Bestimmungslandes erhoben und sind vom Empf\u00e4nger des Paketes beim Empfang zu bezahlen.<\/p>\n\n<p>Alle zus\u00e4tzlichen Kosten, die unabh\u00e4ngig von uns im Zusammenhang mit der Nichtzahlung von Z\u00f6llen entstehen, werden nach R\u00fccksendung des Artikels vom R\u00fcckerstattungswert Ihrer Bestellung abgezogen.<\/p>\n\n<hr class=\"wp-block-separator\"\/>\n","protected":false},"excerpt":{"rendered":"<p>In der Regel werden Bestellungen innerhalb von 1-2 Werktagen bearbeitet und versendet. Wir versenden Ihre Bestellung mit: Poste Italiane (Einschreiben) GLS UPS Wir legen gr\u00f6\u00dften Wert auf besten Versandservice, deshalb wird es basierend auf Bestimmungsort, Paketgewicht und Lieferzeiten ausgew\u00e4hlt. Versandinfo: Italien (Versandkosten 9 \u20ac je Packst\u00fcck) UPS und GLS (1-2 Werktage) Europa Wir liefern nach: [&hellip;]<\/p>\n","protected":false},"author":1,"featured_media":0,"parent":0,"menu_order":0,"comment_status":"closed","ping_status":"open","template":"","meta":{"_acf_changed":false,"_monsterinsights_skip_tracking":false,"_monsterinsights_sitenote_active":false,"_monsterinsights_sitenote_note":"","_monsterinsights_sitenote_category":0,"footnotes":""},"class_list":["post-55972","page","type-page","status-publish","hentry"],"acf":[],"yoast_head":"<!-- This site is optimized with the Yoast SEO plugin v27.2 - https:\/\/yoast.com\/product\/yoast-seo-wordpress\/ -->\n<title>Versandart - Palarasol<\/title>\n<meta name=\"robots\" content=\"index, follow, max-snippet:-1, max-image-preview:large, max-video-preview:-1\" \/>\n<link rel=\"canonical\" href=\"https:\/\/www.palarasol.it\/de\/versandart\/\" \/>\n<meta property=\"og:locale\" content=\"de_DE\" \/>\n<meta property=\"og:type\" content=\"article\" \/>\n<meta property=\"og:title\" content=\"Versandart - Palarasol\" \/>\n<meta property=\"og:description\" content=\"In der Regel werden Bestellungen innerhalb von 1-2 Werktagen bearbeitet und versendet. Wir versenden Ihre Bestellung mit: Poste Italiane (Einschreiben) GLS UPS Wir legen gr\u00f6\u00dften Wert auf besten Versandservice, deshalb wird es basierend auf Bestimmungsort, Paketgewicht und Lieferzeiten ausgew\u00e4hlt. Versandinfo: Italien (Versandkosten 9 \u20ac je Packst\u00fcck) UPS und GLS (1-2 Werktage) Europa Wir liefern nach: [&hellip;]\" \/>\n<meta property=\"og:url\" content=\"https:\/\/www.palarasol.it\/de\/versandart\/\" \/>\n<meta property=\"og:site_name\" content=\"Palarasol\" \/>\n<meta property=\"article:publisher\" content=\"https:\/\/www.facebook.com\/palarasol\" \/>\n<meta property=\"article:modified_time\" content=\"2020-07-10T23:01:47+00:00\" \/>\n<meta property=\"og:image\" content=\"https:\/\/www.palarasol.it\/wp-content\/uploads\/2015\/06\/cropped-palarasol_home.jpg\" \/>\n\t<meta property=\"og:image:width\" content=\"1950\" \/>\n\t<meta property=\"og:image:height\" content=\"500\" \/>\n\t<meta property=\"og:image:type\" content=\"image\/jpeg\" \/>\n<meta name=\"twitter:card\" content=\"summary_large_image\" \/>\n<meta name=\"twitter:site\" content=\"@palarasol\" \/>\n<meta name=\"twitter:label1\" content=\"Gesch\u00e4tzte Lesezeit\" \/>\n\t<meta name=\"twitter:data1\" content=\"1\u00a0Minute\" \/>\n<script type=\"application\/ld+json\" class=\"yoast-schema-graph\">{\"@context\":\"https:\/\/schema.org\",\"@graph\":[{\"@type\":\"WebPage\",\"@id\":\"https:\/\/www.palarasol.it\/de\/versandart\/\",\"url\":\"https:\/\/www.palarasol.it\/de\/versandart\/\",\"name\":\"Versandart - Palarasol\",\"isPartOf\":{\"@id\":\"http:\/\/www.palarasol.it\/de\/#website\"},\"datePublished\":\"2015-08-03T16:27:40+00:00\",\"dateModified\":\"2020-07-10T23:01:47+00:00\",\"breadcrumb\":{\"@id\":\"https:\/\/www.palarasol.it\/de\/versandart\/#breadcrumb\"},\"inLanguage\":\"de\",\"potentialAction\":[{\"@type\":\"ReadAction\",\"target\":[\"https:\/\/www.palarasol.it\/de\/versandart\/\"]}]},{\"@type\":\"BreadcrumbList\",\"@id\":\"https:\/\/www.palarasol.it\/de\/versandart\/#breadcrumb\",\"itemListElement\":[{\"@type\":\"ListItem\",\"position\":1,\"name\":\"Home\",\"item\":\"https:\/\/www.palarasol.it\/de\/55761-2\/\"},{\"@type\":\"ListItem\",\"position\":2,\"name\":\"Versandart\"}]},{\"@type\":\"WebSite\",\"@id\":\"http:\/\/www.palarasol.it\/de\/#website\",\"url\":\"http:\/\/www.palarasol.it\/de\/\",\"name\":\"Palarasol\",\"description\":\"\",\"publisher\":{\"@id\":\"http:\/\/www.palarasol.it\/de\/#organization\"},\"potentialAction\":[{\"@type\":\"SearchAction\",\"target\":{\"@type\":\"EntryPoint\",\"urlTemplate\":\"http:\/\/www.palarasol.it\/de\/?s={search_term_string}\"},\"query-input\":{\"@type\":\"PropertyValueSpecification\",\"valueRequired\":true,\"valueName\":\"search_term_string\"}}],\"inLanguage\":\"de\"},{\"@type\":\"Organization\",\"@id\":\"http:\/\/www.palarasol.it\/de\/#organization\",\"name\":\"Palara Gianluca & C. S.a.s\",\"url\":\"http:\/\/www.palarasol.it\/de\/\",\"logo\":{\"@type\":\"ImageObject\",\"inLanguage\":\"de\",\"@id\":\"http:\/\/www.palarasol.it\/de\/#\/schema\/logo\/image\/\",\"url\":\"https:\/\/stagingpalara4.it\/wp-content\/uploads\/2015\/06\/logo.png\",\"contentUrl\":\"https:\/\/stagingpalara4.it\/wp-content\/uploads\/2015\/06\/logo.png\",\"width\":800,\"height\":189,\"caption\":\"Palara Gianluca & C. S.a.s\"},\"image\":{\"@id\":\"http:\/\/www.palarasol.it\/de\/#\/schema\/logo\/image\/\"},\"sameAs\":[\"https:\/\/www.facebook.com\/palarasol\",\"https:\/\/x.com\/palarasol\"]}]}<\/script>\n<!-- \/ Yoast SEO plugin. -->","yoast_head_json":{"title":"Versandart - Palarasol","robots":{"index":"index","follow":"follow","max-snippet":"max-snippet:-1","max-image-preview":"max-image-preview:large","max-video-preview":"max-video-preview:-1"},"canonical":"https:\/\/www.palarasol.it\/de\/versandart\/","og_locale":"de_DE","og_type":"article","og_title":"Versandart - Palarasol","og_description":"In der Regel werden Bestellungen innerhalb von 1-2 Werktagen bearbeitet und versendet. Wir versenden Ihre Bestellung mit: Poste Italiane (Einschreiben) GLS UPS Wir legen gr\u00f6\u00dften Wert auf besten Versandservice, deshalb wird es basierend auf Bestimmungsort, Paketgewicht und Lieferzeiten ausgew\u00e4hlt. Versandinfo: Italien (Versandkosten 9 \u20ac je Packst\u00fcck) UPS und GLS (1-2 Werktage) Europa Wir liefern nach: [&hellip;]","og_url":"https:\/\/www.palarasol.it\/de\/versandart\/","og_site_name":"Palarasol","article_publisher":"https:\/\/www.facebook.com\/palarasol","article_modified_time":"2020-07-10T23:01:47+00:00","og_image":[{"width":1950,"height":500,"url":"https:\/\/www.palarasol.it\/wp-content\/uploads\/2015\/06\/cropped-palarasol_home.jpg","type":"image\/jpeg"}],"twitter_card":"summary_large_image","twitter_site":"@palarasol","twitter_misc":{"Gesch\u00e4tzte Lesezeit":"1\u00a0Minute"},"schema":{"@context":"https:\/\/schema.org","@graph":[{"@type":"WebPage","@id":"https:\/\/www.palarasol.it\/de\/versandart\/","url":"https:\/\/www.palarasol.it\/de\/versandart\/","name":"Versandart - Palarasol","isPartOf":{"@id":"http:\/\/www.palarasol.it\/de\/#website"},"datePublished":"2015-08-03T16:27:40+00:00","dateModified":"2020-07-10T23:01:47+00:00","breadcrumb":{"@id":"https:\/\/www.palarasol.it\/de\/versandart\/#breadcrumb"},"inLanguage":"de","potentialAction":[{"@type":"ReadAction","target":["https:\/\/www.palarasol.it\/de\/versandart\/"]}]},{"@type":"BreadcrumbList","@id":"https:\/\/www.palarasol.it\/de\/versandart\/#breadcrumb","itemListElement":[{"@type":"ListItem","position":1,"name":"Home","item":"https:\/\/www.palarasol.it\/de\/55761-2\/"},{"@type":"ListItem","position":2,"name":"Versandart"}]},{"@type":"WebSite","@id":"http:\/\/www.palarasol.it\/de\/#website","url":"http:\/\/www.palarasol.it\/de\/","name":"Palarasol","description":"","publisher":{"@id":"http:\/\/www.palarasol.it\/de\/#organization"},"potentialAction":[{"@type":"SearchAction","target":{"@type":"EntryPoint","urlTemplate":"http:\/\/www.palarasol.it\/de\/?s={search_term_string}"},"query-input":{"@type":"PropertyValueSpecification","valueRequired":true,"valueName":"search_term_string"}}],"inLanguage":"de"},{"@type":"Organization","@id":"http:\/\/www.palarasol.it\/de\/#organization","name":"Palara Gianluca & C. S.a.s","url":"http:\/\/www.palarasol.it\/de\/","logo":{"@type":"ImageObject","inLanguage":"de","@id":"http:\/\/www.palarasol.it\/de\/#\/schema\/logo\/image\/","url":"https:\/\/stagingpalara4.it\/wp-content\/uploads\/2015\/06\/logo.png","contentUrl":"https:\/\/stagingpalara4.it\/wp-content\/uploads\/2015\/06\/logo.png","width":800,"height":189,"caption":"Palara Gianluca & C. S.a.s"},"image":{"@id":"http:\/\/www.palarasol.it\/de\/#\/schema\/logo\/image\/"},"sameAs":["https:\/\/www.facebook.com\/palarasol","https:\/\/x.com\/palarasol"]}]}},"_links":{"self":[{"href":"https:\/\/www.palarasol.it\/de\/wp-json\/wp\/v2\/pages\/55972","targetHints":{"allow":["GET"]}}],"collection":[{"href":"https:\/\/www.palarasol.it\/de\/wp-json\/wp\/v2\/pages"}],"about":[{"href":"https:\/\/www.palarasol.it\/de\/wp-json\/wp\/v2\/types\/page"}],"author":[{"embeddable":true,"href":"https:\/\/www.palarasol.it\/de\/wp-json\/wp\/v2\/users\/1"}],"replies":[{"embeddable":true,"href":"https:\/\/www.palarasol.it\/de\/wp-json\/wp\/v2\/comments?post=55972"}],"version-history":[{"count":0,"href":"https:\/\/www.palarasol.it\/de\/wp-json\/wp\/v2\/pages\/55972\/revisions"}],"wp:attachment":[{"href":"https:\/\/www.palarasol.it\/de\/wp-json\/wp\/v2\/media?parent=55972"}],"curies":[{"name":"wp","href":"https:\/\/api.w.org\/{rel}","templated":true}]}}