{"id":55993,"date":"2015-08-03T18:31:24","date_gmt":"2015-08-03T16:31:24","guid":{"rendered":"https:\/\/stagingpalara4.it\/rucksendung-ruckerstattung\/"},"modified":"2019-03-14T11:17:53","modified_gmt":"2019-03-14T10:17:53","slug":"rucksendung-ruckerstattung","status":"publish","type":"page","link":"https:\/\/www.palarasol.it\/de\/rucksendung-ruckerstattung\/","title":{"rendered":"R\u00fccksendung &#038; R\u00fcckerstattung"},"content":{"rendered":"<h2>Wie kann ich meinen Artikel zur\u00fcckgeben und eine R\u00fcckerstattung erhalten?<\/h2>\n<p>Sollten Sie mit Ihrem Kauf aus irgendwelchem Grund nicht zufrieden sein, <a href=\"https:\/\/www.palarasol.it\/contatti\/\">kontaktieren Sie uns bitte.<\/a><\/p>\n<p>Alle R\u00fccksendungen sollen \u00fcber nachvollziehbare Versandart zur\u00fcckgegeben werden. Beachten Sie bitte, dass die Artikel vollst\u00e4ndig und im selben Zustand zur\u00fcckgegeben werden m\u00fcssen, in dem sie empfangen wurden.<\/p>\n<p>Die Pakete werden einmal pro Woche an unsere Adresse geliefert und werden nach Erhalt zur\u00fcckerstattet.<\/p>\n<p><span style=\"color: #e05a4d;\"><strong>!!NEUHEIT!!<br \/>\n<\/strong><\/span><strong>Zahlen Sie mit PayPal und profitieren Sie von kostenlosen R\u00fccksendungen.<\/strong><a href=\"https:\/\/www.paypal.com\/de\/webapps\/mpp\/home\"><span style=\"color: #e05a4d;\"><strong><span style=\"color: #e05a4d;\"><strong> <span style=\"text-decoration: underline;\">F\u00fcr weitere Informationen bitte hier klicken<\/span> <\/strong><\/span><\/strong><\/span><\/a><\/p>\n<p>Unsere R\u00fccksendeadresse ist:<\/p>\n<h3>Palarasol<\/h3>\n<p>Via Colombaro 9, 28021 Borgomanero (NO)<br \/>\nTel: +39 (0) 322 1983091<\/p>\n<p>E-mail: <a href=\"mailto:info@palarasol.it\">info@palarasol.it<\/a><\/p>\n<h2>Wie kann ich ein Produkt umtauschen?<\/h2>\n<p>Wenn Sie Ihre Waren gegen etwas Gleichwertiges oder etwas eine andere Gr\u00f6\u00dfe umtauschen m\u00f6chten, <a href=\"https:\/\/www.palarasol.it\/de\/kontakt\/\">kontaktieren Sie uns bitte<\/a> und wir werden sehr gl\u00fccklich sein, Ihnen zu helfen.<\/p>\n<h2>Ihre Rechte<\/h2>\n<p>Sie haben das &#8222;<strong>R\u00fccktrittsrecht<\/strong>&#8220; f\u00fcr einen Zeitraum von 14 Kalendertagen ab dem Tag des Wareneingangs: in diesem Zeitraum k\u00f6nnen Sie den Vertrag mit uns k\u00fcndigen und nach Erhalt der Ware werden Sie die volle R\u00fcckerstattung des Betrages erhalten.<\/p>\n<p>Nach 14 Kalendertagen ist es notwendig das Paket innerhalb von 5 Werktagen zu senden.<\/p>\n<p>Wenn Sie das R\u00fccktrittsrecht aus\u00fcben, werden die Versandkosten der R\u00fccksendung dem Kunden in Rechnung gestellt. Wenn Sie jedoch ein Produkt aufgrund eines Defekts zur\u00fccksenden, werden die Versandkosten von uns in Rechnung gestellt.<\/p>\n<hr \/>\n<p>&nbsp;<\/p>\n","protected":false},"excerpt":{"rendered":"<p>Wie kann ich meinen Artikel zur\u00fcckgeben und eine R\u00fcckerstattung erhalten? Sollten Sie mit Ihrem Kauf aus irgendwelchem Grund nicht zufrieden sein, kontaktieren Sie uns bitte. Alle R\u00fccksendungen sollen \u00fcber nachvollziehbare Versandart zur\u00fcckgegeben werden. Beachten Sie bitte, dass die Artikel vollst\u00e4ndig und im selben Zustand zur\u00fcckgegeben werden m\u00fcssen, in dem sie empfangen wurden. Die Pakete werden [&hellip;]<\/p>\n","protected":false},"author":1,"featured_media":0,"parent":0,"menu_order":0,"comment_status":"closed","ping_status":"open","template":"","meta":{"_acf_changed":false,"_monsterinsights_skip_tracking":false,"_monsterinsights_sitenote_active":false,"_monsterinsights_sitenote_note":"","_monsterinsights_sitenote_category":0,"footnotes":""},"class_list":["post-55993","page","type-page","status-publish","hentry"],"acf":[],"yoast_head":"<!-- This site is optimized with the Yoast SEO plugin v27.2 - https:\/\/yoast.com\/product\/yoast-seo-wordpress\/ -->\n<title>R\u00fccksendung &amp; R\u00fcckerstattung - Palarasol<\/title>\n<meta name=\"robots\" content=\"index, follow, max-snippet:-1, max-image-preview:large, max-video-preview:-1\" \/>\n<link rel=\"canonical\" href=\"https:\/\/www.palarasol.it\/de\/rucksendung-ruckerstattung\/\" \/>\n<meta property=\"og:locale\" content=\"de_DE\" \/>\n<meta property=\"og:type\" content=\"article\" \/>\n<meta property=\"og:title\" content=\"R\u00fccksendung &amp; R\u00fcckerstattung - Palarasol\" \/>\n<meta property=\"og:description\" content=\"Wie kann ich meinen Artikel zur\u00fcckgeben und eine R\u00fcckerstattung erhalten? Sollten Sie mit Ihrem Kauf aus irgendwelchem Grund nicht zufrieden sein, kontaktieren Sie uns bitte. Alle R\u00fccksendungen sollen \u00fcber nachvollziehbare Versandart zur\u00fcckgegeben werden. Beachten Sie bitte, dass die Artikel vollst\u00e4ndig und im selben Zustand zur\u00fcckgegeben werden m\u00fcssen, in dem sie empfangen wurden. Die Pakete werden [&hellip;]\" \/>\n<meta property=\"og:url\" content=\"https:\/\/www.palarasol.it\/de\/rucksendung-ruckerstattung\/\" \/>\n<meta property=\"og:site_name\" content=\"Palarasol\" \/>\n<meta property=\"article:publisher\" content=\"https:\/\/www.facebook.com\/palarasol\" \/>\n<meta property=\"article:modified_time\" content=\"2019-03-14T10:17:53+00:00\" \/>\n<meta property=\"og:image\" content=\"https:\/\/www.palarasol.it\/wp-content\/uploads\/2015\/06\/cropped-palarasol_home.jpg\" \/>\n\t<meta property=\"og:image:width\" content=\"1950\" \/>\n\t<meta property=\"og:image:height\" content=\"500\" \/>\n\t<meta property=\"og:image:type\" content=\"image\/jpeg\" \/>\n<meta name=\"twitter:card\" content=\"summary_large_image\" \/>\n<meta name=\"twitter:site\" content=\"@palarasol\" \/>\n<meta name=\"twitter:label1\" content=\"Gesch\u00e4tzte Lesezeit\" \/>\n\t<meta name=\"twitter:data1\" content=\"1\u00a0Minute\" \/>\n<script type=\"application\/ld+json\" class=\"yoast-schema-graph\">{\"@context\":\"https:\/\/schema.org\",\"@graph\":[{\"@type\":\"WebPage\",\"@id\":\"https:\/\/www.palarasol.it\/de\/rucksendung-ruckerstattung\/\",\"url\":\"https:\/\/www.palarasol.it\/de\/rucksendung-ruckerstattung\/\",\"name\":\"R\u00fccksendung & R\u00fcckerstattung - Palarasol\",\"isPartOf\":{\"@id\":\"http:\/\/www.palarasol.it\/de\/#website\"},\"datePublished\":\"2015-08-03T16:31:24+00:00\",\"dateModified\":\"2019-03-14T10:17:53+00:00\",\"breadcrumb\":{\"@id\":\"https:\/\/www.palarasol.it\/de\/rucksendung-ruckerstattung\/#breadcrumb\"},\"inLanguage\":\"de\",\"potentialAction\":[{\"@type\":\"ReadAction\",\"target\":[\"https:\/\/www.palarasol.it\/de\/rucksendung-ruckerstattung\/\"]}]},{\"@type\":\"BreadcrumbList\",\"@id\":\"https:\/\/www.palarasol.it\/de\/rucksendung-ruckerstattung\/#breadcrumb\",\"itemListElement\":[{\"@type\":\"ListItem\",\"position\":1,\"name\":\"Home\",\"item\":\"https:\/\/www.palarasol.it\/de\/55761-2\/\"},{\"@type\":\"ListItem\",\"position\":2,\"name\":\"R\u00fccksendung &#038; R\u00fcckerstattung\"}]},{\"@type\":\"WebSite\",\"@id\":\"http:\/\/www.palarasol.it\/de\/#website\",\"url\":\"http:\/\/www.palarasol.it\/de\/\",\"name\":\"Palarasol\",\"description\":\"\",\"publisher\":{\"@id\":\"http:\/\/www.palarasol.it\/de\/#organization\"},\"potentialAction\":[{\"@type\":\"SearchAction\",\"target\":{\"@type\":\"EntryPoint\",\"urlTemplate\":\"http:\/\/www.palarasol.it\/de\/?s={search_term_string}\"},\"query-input\":{\"@type\":\"PropertyValueSpecification\",\"valueRequired\":true,\"valueName\":\"search_term_string\"}}],\"inLanguage\":\"de\"},{\"@type\":\"Organization\",\"@id\":\"http:\/\/www.palarasol.it\/de\/#organization\",\"name\":\"Palara Gianluca & C. S.a.s\",\"url\":\"http:\/\/www.palarasol.it\/de\/\",\"logo\":{\"@type\":\"ImageObject\",\"inLanguage\":\"de\",\"@id\":\"http:\/\/www.palarasol.it\/de\/#\/schema\/logo\/image\/\",\"url\":\"https:\/\/stagingpalara4.it\/wp-content\/uploads\/2015\/06\/logo.png\",\"contentUrl\":\"https:\/\/stagingpalara4.it\/wp-content\/uploads\/2015\/06\/logo.png\",\"width\":800,\"height\":189,\"caption\":\"Palara Gianluca & C. S.a.s\"},\"image\":{\"@id\":\"http:\/\/www.palarasol.it\/de\/#\/schema\/logo\/image\/\"},\"sameAs\":[\"https:\/\/www.facebook.com\/palarasol\",\"https:\/\/x.com\/palarasol\"]}]}<\/script>\n<!-- \/ Yoast SEO plugin. -->","yoast_head_json":{"title":"R\u00fccksendung & R\u00fcckerstattung - Palarasol","robots":{"index":"index","follow":"follow","max-snippet":"max-snippet:-1","max-image-preview":"max-image-preview:large","max-video-preview":"max-video-preview:-1"},"canonical":"https:\/\/www.palarasol.it\/de\/rucksendung-ruckerstattung\/","og_locale":"de_DE","og_type":"article","og_title":"R\u00fccksendung & R\u00fcckerstattung - Palarasol","og_description":"Wie kann ich meinen Artikel zur\u00fcckgeben und eine R\u00fcckerstattung erhalten? Sollten Sie mit Ihrem Kauf aus irgendwelchem Grund nicht zufrieden sein, kontaktieren Sie uns bitte. Alle R\u00fccksendungen sollen \u00fcber nachvollziehbare Versandart zur\u00fcckgegeben werden. Beachten Sie bitte, dass die Artikel vollst\u00e4ndig und im selben Zustand zur\u00fcckgegeben werden m\u00fcssen, in dem sie empfangen wurden. Die Pakete werden [&hellip;]","og_url":"https:\/\/www.palarasol.it\/de\/rucksendung-ruckerstattung\/","og_site_name":"Palarasol","article_publisher":"https:\/\/www.facebook.com\/palarasol","article_modified_time":"2019-03-14T10:17:53+00:00","og_image":[{"width":1950,"height":500,"url":"https:\/\/www.palarasol.it\/wp-content\/uploads\/2015\/06\/cropped-palarasol_home.jpg","type":"image\/jpeg"}],"twitter_card":"summary_large_image","twitter_site":"@palarasol","twitter_misc":{"Gesch\u00e4tzte Lesezeit":"1\u00a0Minute"},"schema":{"@context":"https:\/\/schema.org","@graph":[{"@type":"WebPage","@id":"https:\/\/www.palarasol.it\/de\/rucksendung-ruckerstattung\/","url":"https:\/\/www.palarasol.it\/de\/rucksendung-ruckerstattung\/","name":"R\u00fccksendung & R\u00fcckerstattung - Palarasol","isPartOf":{"@id":"http:\/\/www.palarasol.it\/de\/#website"},"datePublished":"2015-08-03T16:31:24+00:00","dateModified":"2019-03-14T10:17:53+00:00","breadcrumb":{"@id":"https:\/\/www.palarasol.it\/de\/rucksendung-ruckerstattung\/#breadcrumb"},"inLanguage":"de","potentialAction":[{"@type":"ReadAction","target":["https:\/\/www.palarasol.it\/de\/rucksendung-ruckerstattung\/"]}]},{"@type":"BreadcrumbList","@id":"https:\/\/www.palarasol.it\/de\/rucksendung-ruckerstattung\/#breadcrumb","itemListElement":[{"@type":"ListItem","position":1,"name":"Home","item":"https:\/\/www.palarasol.it\/de\/55761-2\/"},{"@type":"ListItem","position":2,"name":"R\u00fccksendung &#038; R\u00fcckerstattung"}]},{"@type":"WebSite","@id":"http:\/\/www.palarasol.it\/de\/#website","url":"http:\/\/www.palarasol.it\/de\/","name":"Palarasol","description":"","publisher":{"@id":"http:\/\/www.palarasol.it\/de\/#organization"},"potentialAction":[{"@type":"SearchAction","target":{"@type":"EntryPoint","urlTemplate":"http:\/\/www.palarasol.it\/de\/?s={search_term_string}"},"query-input":{"@type":"PropertyValueSpecification","valueRequired":true,"valueName":"search_term_string"}}],"inLanguage":"de"},{"@type":"Organization","@id":"http:\/\/www.palarasol.it\/de\/#organization","name":"Palara Gianluca & C. S.a.s","url":"http:\/\/www.palarasol.it\/de\/","logo":{"@type":"ImageObject","inLanguage":"de","@id":"http:\/\/www.palarasol.it\/de\/#\/schema\/logo\/image\/","url":"https:\/\/stagingpalara4.it\/wp-content\/uploads\/2015\/06\/logo.png","contentUrl":"https:\/\/stagingpalara4.it\/wp-content\/uploads\/2015\/06\/logo.png","width":800,"height":189,"caption":"Palara Gianluca & C. S.a.s"},"image":{"@id":"http:\/\/www.palarasol.it\/de\/#\/schema\/logo\/image\/"},"sameAs":["https:\/\/www.facebook.com\/palarasol","https:\/\/x.com\/palarasol"]}]}},"_links":{"self":[{"href":"https:\/\/www.palarasol.it\/de\/wp-json\/wp\/v2\/pages\/55993","targetHints":{"allow":["GET"]}}],"collection":[{"href":"https:\/\/www.palarasol.it\/de\/wp-json\/wp\/v2\/pages"}],"about":[{"href":"https:\/\/www.palarasol.it\/de\/wp-json\/wp\/v2\/types\/page"}],"author":[{"embeddable":true,"href":"https:\/\/www.palarasol.it\/de\/wp-json\/wp\/v2\/users\/1"}],"replies":[{"embeddable":true,"href":"https:\/\/www.palarasol.it\/de\/wp-json\/wp\/v2\/comments?post=55993"}],"version-history":[{"count":0,"href":"https:\/\/www.palarasol.it\/de\/wp-json\/wp\/v2\/pages\/55993\/revisions"}],"wp:attachment":[{"href":"https:\/\/www.palarasol.it\/de\/wp-json\/wp\/v2\/media?parent=55993"}],"curies":[{"name":"wp","href":"https:\/\/api.w.org\/{rel}","templated":true}]}}