{"id":57189,"date":"2019-02-24T22:45:57","date_gmt":"2019-02-24T21:45:57","guid":{"rendered":"https:\/\/stagingpalara4.it\/datenschutz-und-cookies-richtlinie\/"},"modified":"2019-03-12T12:01:37","modified_gmt":"2019-03-12T11:01:37","slug":"datenschutz-und-cookies-richtlinie","status":"publish","type":"page","link":"https:\/\/www.palarasol.it\/de\/datenschutz-und-cookies-richtlinie\/","title":{"rendered":"Datenschutz- und Cookies-Richtlinie"},"content":{"rendered":"<h2>Wer wir sind<\/h2>\n<p>Die Adresse unserer Website lautet: https:\/\/www.palarasol.it.<\/p>\n<h2>Welche Daten erheben wir und warum wir sie sammeln<\/h2>\n<h3>Kommentare<\/h3>\n<p>Wenn Besucher Kommentare auf der Website hinterlassen, sammeln wir die Daten, die im Kommentar-Formular angezeigt werden, sowie die IP-Adresse des Besuchers und die Zeichenfolge des Browser-Benutzeragenten, um die Spam-Erkennung zu erleichtern.<\/p>\n<p>Eine anonymisierte Zeichenfolge, die aus Ihrer E-Mail-Adresse (auch Hash genannt) erstellt wird, wird dem Gravatar-Dienst bereitgestellt, um zu pr\u00fcfen, ob Sie sie verwenden. Die Datenschutzbestimmungen des Gravatar-Dienstes finden Sie hier: https:\/\/automattic.com\/privacy\/. Nach der Best\u00e4tigung Ihres Kommentars, ist Ihr Profilbild im Kontext Ihres Kommentars f\u00fcr die \u00d6ffentlichkeit sichtbar.<\/p>\n<h3>Medien<\/h3>\n<p>Wenn Sie Bilder auf die Website hochladen, sollten Sie das Hochladen von Bildern mit eingebetteten Ortsdaten (EXIF-GPS) vermeiden. Website-Besucher k\u00f6nnen Standortdaten von Bildern auf der Website herunterladen und extrahieren.<\/p>\n<h3>Kontaktformulare<\/h3>\n<h3>Cookies<\/h3>\n<p>Wenn Sie einen Kommentar auf unserer Website hinterlassen, k\u00f6nnen Sie Ihren Namen, Ihre E-Mail-Adresse und Ihre Website in Cookies speichern. Dies dient Ihrer Bequemlichkeit, damit Sie Ihre Daten nicht erneut eingeben m\u00fcssen, wenn Sie einen weiteren Kommentar hinterlassen. Diese Cookies halten ein Jahr.<\/p>\n<p>Falls Sie \u00fcber ein Konto verf\u00fcgen und sich auf diese Website anmelden, werden wir ein tempor\u00e4res Cookie setzten, um festzustellen, ob Ihr Browser Cookies akzeptiert. Dieses Cookie enth\u00e4lt keine pers\u00f6nlichen Daten und wird gel\u00f6scht, wenn Sie den Browser schlie\u00dfen.<\/p>\n<p>Wenn Sie sich anmelden, werden wir mehrere Cookies einrichten, um Ihre Anmeldeinformationen und Bildschirmanzeigeoptionen zu speichern. Anmelde-Cookies sind zwei Tage g\u00fcltig, und Cookies f\u00fcr Bildschirmoptionen dauern ein Jahr. Wenn Sie &#8222;Angemeldet bleiben&#8220; w\u00e4hlen, bleibt Ihr Login f\u00fcr zwei Wochen bestehen. Mit der Abmeldung aus Ihrem Konto werden die Anmelde-Cookies gel\u00f6scht.<\/p>\n<p>Wenn Sie einen Artikel bearbeiten oder ver\u00f6ffentlichen, wird ein zus\u00e4tzlicher Cookie in Ihrem Browser gespeichert. Dieser Cookie enth\u00e4lt keine pers\u00f6nlichen Daten, sondern er verweist nur auf die Beitrags-ID des gerade bearbeiteten Artikels. Der Cookie verf\u00e4llt nach einem Tag.<\/p>\n<h3>Eingebettete Inhalte von anderen Websites<\/h3>\n<p>Artikel auf dieser Website k\u00f6nnen eingebettete Inhalte enthalten (z. B. Videos, Bilder, Artikel usw.). Eingebettete Inhalte von anderen Websites verhalten sich genauso, als ob der Besucher die andere Website besucht h\u00e4tte.<\/p>\n<p>Diese Websites k\u00f6nnen Daten \u00fcber Sie sammeln, Cookies verwenden, zus\u00e4tzliche Tracking-Dienste von Dritten einbetten und die Interaktion mit den eingebetteten Inhalten \u00fcberwachen, inklusive der Verfolgung Ihrer Interaktion mit eingebetteten Inhalten, wenn Sie ein Konto haben und an dieser Website angemeldet sind.<\/p>\n<p><strong>Analytische Cookies<\/strong><\/p>\n<p>Cookies in dieser Kategorie werden verwendet, um Informationen \u00fcber die Nutzung der Website zu sammeln.<\/p>\n<p>Wir werden diese Informationen in Bezug auf anonyme statistische Analysen verwenden, um die Nutzung der Website zu verbessern und den Inhalt interessanter und relevanter f\u00fcr die W\u00fcnsche der Benutzer zu machen.<\/p>\n<p>Dieser Cookie-Typ sammelt anonyme Daten \u00fcber die Aktivit\u00e4t der Benutzer und wie sie auf der Website kam. Analytische Cookies werden von der Website selbst oder von Drittanbieter-Domains gesendet.<\/p>\n<p><strong>Wie Sie Cookies f\u00fcr Browser deaktivieren:<\/strong><\/p>\n<p>Google Chrome<\/p>\n<p>Internet Explorer<\/p>\n<p>Firefox<\/p>\n<p>iPhone \/ iPad<\/p>\n<p>Safari<\/p>\n<p><strong>Datenschutz- und Cookies-Richtlinie einiger der wichtigsten Dienste von Drittanbietern<br \/>\n<\/strong><\/p>\n<p>Es werden Links zu den wichtigsten Diensten bereitgestellt, die mit der Seite verbunden oder in die integriert sind.<\/p>\n<ul>\n<li>Google Analytics: http:\/\/www.google.it\/intl\/it\/policies\/privacy\/ \u2013\u00a0http:\/\/www.google.com\/intl\/it_ALL\/analytics\/learn\/privacy.html<\/li>\n<li>Facebook: https:\/\/www.facebook.com\/about\/privacy\/ \u2013\u00a0https:\/\/www.facebook.com\/help\/cookies<\/li>\n<li>Google Plus e Youtube: http:\/\/www.google.it\/intl\/it\/policies\/privacy\/<\/li>\n<li>Twitter: https:\/\/twitter.com\/privacy<\/li>\n<li>Linkedin: https:\/\/it.linkedin.com\/legal\/privacy-policy \u2013\u00a0https:\/\/www.linkedin.com\/legal\/cookie_policy<\/li>\n<li>Pinterest: https:\/\/about.pinterest.com\/it\/privacy-policy<\/li>\n<li>Instagram: https:\/\/instagram.com\/about\/legal\/privacy\/<\/li>\n<\/ul>\n<p>Im Falle von Diensten, die von Dritten bereitgestellt werden, kann der Website-Besucher anhand der Datenschutz- und Cookies-Richtlinie der beteiligten Dritten nachfragen, wie er sein Recht auf Nichtverfolgung durch Cookies aus\u00fcben kann. Bitte beachten Sie die entsprechenden Richtlinien in der Liste (nicht ersch\u00f6pfend) und beachten Sie die M\u00f6glichkeit zur Verwendung von Tools zur Verwaltung der Privatsph\u00e4re in Bezug auf Cookies zu Werbezwecken, beispielsweise Your Online Choices (http:\/\/www.youronlinechoices.com\/it\/) beschr\u00e4nkt auf Werbenetzwerke, die an der Initiative teilnehmen.<\/p>\n<h2>Wie lange wir deine Daten speichern<\/h2>\n<p>Wenn Sie einen Kommentar hinterlassen, bleiben der Kommentar und seine Metadaten auf unbestimmte Zeit erhalten. So k\u00f6nnen wir nachfolgende Kommentare automatisch erkennen und genehmigen, anstatt sie in einer Moderationswarteschlange festzuhalten.<\/p>\n<p>F\u00fcr Benutzer, die sich auf unserer Website registrieren (falls vorhanden), speichern wir auch die pers\u00f6nlichen Informationen, die sie in ihrem Benutzerprofil bereitstellen. Alle Benutzer k\u00f6nnen ihre pers\u00f6nlichen Informationen jederzeit anzeigen, ver\u00e4ndern oder l\u00f6schen (mit Ausnahme des Benutzernamens, den sie nicht \u00e4ndern k\u00f6nnen). Administratoren der Website k\u00f6nnen diese Informationen ebenfalls anzeigen und bearbeiten.<\/p>\n<h2>Welche Rechte Sie an Ihren Daten haben<\/h2>\n<p>Wenn Sie ein Konto auf dieser Website haben oder Kommentare hinterlassen haben, k\u00f6nnen Sie einen Export der personenbezogenen Daten, die wir \u00fcber Sie besitzen, einschlie\u00dflich der von Ihnen angegebenen Daten, erhalten. Sie k\u00f6nnen auch verlangen, dass wir alle pers\u00f6nlichen Daten, die wir \u00fcber Sie speichern, l\u00f6schen. Dies beinhaltet keine Daten, die wir aus administrativen, rechtlichen oder Sicherheitsgr\u00fcnden aufbewahren m\u00fcssen.<\/p>\n<h2>Wohin wir Ihre Daten senden<\/h2>\n<p>Besucherkommentare k\u00f6nnen \u00fcber einen automatischen Spamerkennungsdienst \u00fcberpr\u00fcft werden.<\/p>\n<h2>Ihre Kontaktinformationen<\/h2>\n<p>Die personenbezogenen Daten, die von uns auf Papier und Computer verarbeitet werden, um den durch Gesetze, Verordnungen und Gemeinschaftsvorschriften auferlegten Pflichten nachzukommen und die Beziehungen zwischen den einzelnen Phasen (vorvertragliche, vertragliche, streitige Verfahren usw.) zu verwalten, werden weder verbreitet noch an Dritte zu kommerziellen Zwecken mitgeteilt, ausgenommen der in Artikel 16 des italienischen gesetzesvertretenden Dekrets 196\/2003 festgelegten Grenzen.\u00a0Sie k\u00f6nnen die Rechte aus Artikel 7 des italienischen gesetzesvertretenden Dekrets 196\/2003 jederzeit aus\u00fcben, einschlie\u00dflich der Rechte auf Zugang, Integration, Aktualisierung, Widerspruch aus legitimen Gr\u00fcnden und Genehmigung der Behandlung der personenbezogenen Daten zu Direktmarketingzwecke, indem Sie dem Eigent\u00fcmer schreiben (<a href=\"mailto:info@palarasol.it\">info@palarasol.it<\/a>)<\/p>\n<hr \/>\n<p>&nbsp;<\/p>\n","protected":false},"excerpt":{"rendered":"<p>Wer wir sind Die Adresse unserer Website lautet: https:\/\/www.palarasol.it. Welche Daten erheben wir und warum wir sie sammeln Kommentare Wenn Besucher Kommentare auf der Website hinterlassen, sammeln wir die Daten, die im Kommentar-Formular angezeigt werden, sowie die IP-Adresse des Besuchers und die Zeichenfolge des Browser-Benutzeragenten, um die Spam-Erkennung zu erleichtern. Eine anonymisierte Zeichenfolge, die aus [&hellip;]<\/p>\n","protected":false},"author":1,"featured_media":0,"parent":0,"menu_order":0,"comment_status":"closed","ping_status":"open","template":"page-templates\/page-full-width.php","meta":{"_acf_changed":false,"_monsterinsights_skip_tracking":false,"_monsterinsights_sitenote_active":false,"_monsterinsights_sitenote_note":"","_monsterinsights_sitenote_category":0,"footnotes":""},"class_list":["post-57189","page","type-page","status-publish","hentry"],"acf":[],"yoast_head":"<!-- This site is optimized with the Yoast SEO plugin v27.2 - https:\/\/yoast.com\/product\/yoast-seo-wordpress\/ -->\n<title>Datenschutz- und Cookies-Richtlinie - Palarasol<\/title>\n<meta name=\"robots\" content=\"index, follow, max-snippet:-1, max-image-preview:large, max-video-preview:-1\" \/>\n<link rel=\"canonical\" href=\"https:\/\/www.palarasol.it\/de\/datenschutz-und-cookies-richtlinie\/\" \/>\n<meta property=\"og:locale\" content=\"de_DE\" \/>\n<meta property=\"og:type\" content=\"article\" \/>\n<meta property=\"og:title\" content=\"Datenschutz- und Cookies-Richtlinie - Palarasol\" \/>\n<meta property=\"og:description\" content=\"Wer wir sind Die Adresse unserer Website lautet: https:\/\/www.palarasol.it. Welche Daten erheben wir und warum wir sie sammeln Kommentare Wenn Besucher Kommentare auf der Website hinterlassen, sammeln wir die Daten, die im Kommentar-Formular angezeigt werden, sowie die IP-Adresse des Besuchers und die Zeichenfolge des Browser-Benutzeragenten, um die Spam-Erkennung zu erleichtern. Eine anonymisierte Zeichenfolge, die aus [&hellip;]\" \/>\n<meta property=\"og:url\" content=\"https:\/\/www.palarasol.it\/de\/datenschutz-und-cookies-richtlinie\/\" \/>\n<meta property=\"og:site_name\" content=\"Palarasol\" \/>\n<meta property=\"article:publisher\" content=\"https:\/\/www.facebook.com\/palarasol\" \/>\n<meta property=\"article:modified_time\" content=\"2019-03-12T11:01:37+00:00\" \/>\n<meta property=\"og:image\" content=\"https:\/\/www.palarasol.it\/wp-content\/uploads\/2015\/06\/cropped-palarasol_home.jpg\" \/>\n\t<meta property=\"og:image:width\" content=\"1950\" \/>\n\t<meta property=\"og:image:height\" content=\"500\" \/>\n\t<meta property=\"og:image:type\" content=\"image\/jpeg\" \/>\n<meta name=\"twitter:card\" content=\"summary_large_image\" \/>\n<meta name=\"twitter:site\" content=\"@palarasol\" \/>\n<meta name=\"twitter:label1\" content=\"Gesch\u00e4tzte Lesezeit\" \/>\n\t<meta name=\"twitter:data1\" content=\"5\u00a0Minuten\" \/>\n<script type=\"application\/ld+json\" class=\"yoast-schema-graph\">{\"@context\":\"https:\/\/schema.org\",\"@graph\":[{\"@type\":\"WebPage\",\"@id\":\"https:\/\/www.palarasol.it\/de\/datenschutz-und-cookies-richtlinie\/\",\"url\":\"https:\/\/www.palarasol.it\/de\/datenschutz-und-cookies-richtlinie\/\",\"name\":\"Datenschutz- und Cookies-Richtlinie - Palarasol\",\"isPartOf\":{\"@id\":\"http:\/\/www.palarasol.it\/de\/#website\"},\"datePublished\":\"2019-02-24T21:45:57+00:00\",\"dateModified\":\"2019-03-12T11:01:37+00:00\",\"breadcrumb\":{\"@id\":\"https:\/\/www.palarasol.it\/de\/datenschutz-und-cookies-richtlinie\/#breadcrumb\"},\"inLanguage\":\"de\",\"potentialAction\":[{\"@type\":\"ReadAction\",\"target\":[\"https:\/\/www.palarasol.it\/de\/datenschutz-und-cookies-richtlinie\/\"]}]},{\"@type\":\"BreadcrumbList\",\"@id\":\"https:\/\/www.palarasol.it\/de\/datenschutz-und-cookies-richtlinie\/#breadcrumb\",\"itemListElement\":[{\"@type\":\"ListItem\",\"position\":1,\"name\":\"Home\",\"item\":\"https:\/\/www.palarasol.it\/de\/55761-2\/\"},{\"@type\":\"ListItem\",\"position\":2,\"name\":\"Datenschutz- und Cookies-Richtlinie\"}]},{\"@type\":\"WebSite\",\"@id\":\"http:\/\/www.palarasol.it\/de\/#website\",\"url\":\"http:\/\/www.palarasol.it\/de\/\",\"name\":\"Palarasol\",\"description\":\"\",\"publisher\":{\"@id\":\"http:\/\/www.palarasol.it\/de\/#organization\"},\"potentialAction\":[{\"@type\":\"SearchAction\",\"target\":{\"@type\":\"EntryPoint\",\"urlTemplate\":\"http:\/\/www.palarasol.it\/de\/?s={search_term_string}\"},\"query-input\":{\"@type\":\"PropertyValueSpecification\",\"valueRequired\":true,\"valueName\":\"search_term_string\"}}],\"inLanguage\":\"de\"},{\"@type\":\"Organization\",\"@id\":\"http:\/\/www.palarasol.it\/de\/#organization\",\"name\":\"Palara Gianluca & C. S.a.s\",\"url\":\"http:\/\/www.palarasol.it\/de\/\",\"logo\":{\"@type\":\"ImageObject\",\"inLanguage\":\"de\",\"@id\":\"http:\/\/www.palarasol.it\/de\/#\/schema\/logo\/image\/\",\"url\":\"https:\/\/stagingpalara4.it\/wp-content\/uploads\/2015\/06\/logo.png\",\"contentUrl\":\"https:\/\/stagingpalara4.it\/wp-content\/uploads\/2015\/06\/logo.png\",\"width\":800,\"height\":189,\"caption\":\"Palara Gianluca & C. S.a.s\"},\"image\":{\"@id\":\"http:\/\/www.palarasol.it\/de\/#\/schema\/logo\/image\/\"},\"sameAs\":[\"https:\/\/www.facebook.com\/palarasol\",\"https:\/\/x.com\/palarasol\"]}]}<\/script>\n<!-- \/ Yoast SEO plugin. -->","yoast_head_json":{"title":"Datenschutz- und Cookies-Richtlinie - Palarasol","robots":{"index":"index","follow":"follow","max-snippet":"max-snippet:-1","max-image-preview":"max-image-preview:large","max-video-preview":"max-video-preview:-1"},"canonical":"https:\/\/www.palarasol.it\/de\/datenschutz-und-cookies-richtlinie\/","og_locale":"de_DE","og_type":"article","og_title":"Datenschutz- und Cookies-Richtlinie - Palarasol","og_description":"Wer wir sind Die Adresse unserer Website lautet: https:\/\/www.palarasol.it. Welche Daten erheben wir und warum wir sie sammeln Kommentare Wenn Besucher Kommentare auf der Website hinterlassen, sammeln wir die Daten, die im Kommentar-Formular angezeigt werden, sowie die IP-Adresse des Besuchers und die Zeichenfolge des Browser-Benutzeragenten, um die Spam-Erkennung zu erleichtern. Eine anonymisierte Zeichenfolge, die aus [&hellip;]","og_url":"https:\/\/www.palarasol.it\/de\/datenschutz-und-cookies-richtlinie\/","og_site_name":"Palarasol","article_publisher":"https:\/\/www.facebook.com\/palarasol","article_modified_time":"2019-03-12T11:01:37+00:00","og_image":[{"width":1950,"height":500,"url":"https:\/\/www.palarasol.it\/wp-content\/uploads\/2015\/06\/cropped-palarasol_home.jpg","type":"image\/jpeg"}],"twitter_card":"summary_large_image","twitter_site":"@palarasol","twitter_misc":{"Gesch\u00e4tzte Lesezeit":"5\u00a0Minuten"},"schema":{"@context":"https:\/\/schema.org","@graph":[{"@type":"WebPage","@id":"https:\/\/www.palarasol.it\/de\/datenschutz-und-cookies-richtlinie\/","url":"https:\/\/www.palarasol.it\/de\/datenschutz-und-cookies-richtlinie\/","name":"Datenschutz- und Cookies-Richtlinie - Palarasol","isPartOf":{"@id":"http:\/\/www.palarasol.it\/de\/#website"},"datePublished":"2019-02-24T21:45:57+00:00","dateModified":"2019-03-12T11:01:37+00:00","breadcrumb":{"@id":"https:\/\/www.palarasol.it\/de\/datenschutz-und-cookies-richtlinie\/#breadcrumb"},"inLanguage":"de","potentialAction":[{"@type":"ReadAction","target":["https:\/\/www.palarasol.it\/de\/datenschutz-und-cookies-richtlinie\/"]}]},{"@type":"BreadcrumbList","@id":"https:\/\/www.palarasol.it\/de\/datenschutz-und-cookies-richtlinie\/#breadcrumb","itemListElement":[{"@type":"ListItem","position":1,"name":"Home","item":"https:\/\/www.palarasol.it\/de\/55761-2\/"},{"@type":"ListItem","position":2,"name":"Datenschutz- und Cookies-Richtlinie"}]},{"@type":"WebSite","@id":"http:\/\/www.palarasol.it\/de\/#website","url":"http:\/\/www.palarasol.it\/de\/","name":"Palarasol","description":"","publisher":{"@id":"http:\/\/www.palarasol.it\/de\/#organization"},"potentialAction":[{"@type":"SearchAction","target":{"@type":"EntryPoint","urlTemplate":"http:\/\/www.palarasol.it\/de\/?s={search_term_string}"},"query-input":{"@type":"PropertyValueSpecification","valueRequired":true,"valueName":"search_term_string"}}],"inLanguage":"de"},{"@type":"Organization","@id":"http:\/\/www.palarasol.it\/de\/#organization","name":"Palara Gianluca & C. S.a.s","url":"http:\/\/www.palarasol.it\/de\/","logo":{"@type":"ImageObject","inLanguage":"de","@id":"http:\/\/www.palarasol.it\/de\/#\/schema\/logo\/image\/","url":"https:\/\/stagingpalara4.it\/wp-content\/uploads\/2015\/06\/logo.png","contentUrl":"https:\/\/stagingpalara4.it\/wp-content\/uploads\/2015\/06\/logo.png","width":800,"height":189,"caption":"Palara Gianluca & C. S.a.s"},"image":{"@id":"http:\/\/www.palarasol.it\/de\/#\/schema\/logo\/image\/"},"sameAs":["https:\/\/www.facebook.com\/palarasol","https:\/\/x.com\/palarasol"]}]}},"_links":{"self":[{"href":"https:\/\/www.palarasol.it\/de\/wp-json\/wp\/v2\/pages\/57189","targetHints":{"allow":["GET"]}}],"collection":[{"href":"https:\/\/www.palarasol.it\/de\/wp-json\/wp\/v2\/pages"}],"about":[{"href":"https:\/\/www.palarasol.it\/de\/wp-json\/wp\/v2\/types\/page"}],"author":[{"embeddable":true,"href":"https:\/\/www.palarasol.it\/de\/wp-json\/wp\/v2\/users\/1"}],"replies":[{"embeddable":true,"href":"https:\/\/www.palarasol.it\/de\/wp-json\/wp\/v2\/comments?post=57189"}],"version-history":[{"count":0,"href":"https:\/\/www.palarasol.it\/de\/wp-json\/wp\/v2\/pages\/57189\/revisions"}],"wp:attachment":[{"href":"https:\/\/www.palarasol.it\/de\/wp-json\/wp\/v2\/media?parent=57189"}],"curies":[{"name":"wp","href":"https:\/\/api.w.org\/{rel}","templated":true}]}}