{"id":55738,"date":"2015-07-22T15:39:03","date_gmt":"2015-07-22T13:39:03","guid":{"rendered":"https:\/\/stagingpalara4.it\/shop\/unkategorisiert\/kronos-eckig\/"},"modified":"2022-05-11T10:06:21","modified_gmt":"2022-05-11T08:06:21","slug":"kronos-eckig","status":"publish","type":"product","link":"https:\/\/www.palarasol.it\/de\/shop\/sonnenschirme-design\/kronos-eckig\/","title":{"rendered":"Kronos cm 200&#215;200"},"content":{"rendered":"<p><strong>Stoff:<\/strong> PolyMa Polyester gr 210; Wasserabsto\u00dfend impr\u00e4gniert; Verrottungsfest<br \/>\n<strong>Lichtechtheit:<\/strong> 6+<br \/>\n<strong>UV Schutz:<\/strong> 50+<br \/>\nGr\u00f6\u03b2e cm 200&#215;200<br \/>\nStahlgestell, graphit, mm 27\/30 Stock, mit Metall Knicker<br \/>\nH\u00f6henverstellbar cm 250<br \/>\nStreben: paragon, graphit<br \/>\nOhne Volants<br \/>\nSchutzbezug mit Trageriemen ist<strong> im Preis inbegriffen<\/strong><br \/>\n<strong>Made in Italy.<\/strong><br \/>\nGewicht f\u00fcr Fuss&gt; kg 25. Ohne St\u00e4nder.<br \/>\nFarblich abgestimmte Kissen sind verf\u00fcgbar<\/p>\n","protected":false},"excerpt":{"rendered":"<p>Art 136Q\u00a0Maffei &#8211; Kronos cm 200&#215;200\/4\u00a0h 250<\/p>\n<p><a href=\"https:\/\/www.palarasol.it\/wp-content\/uploads\/2015\/07\/dim.jpg\"><img decoding=\"async\" class=\"alignnone size-full wp-image-1626\" src=\"https:\/\/www.palarasol.it\/wp-content\/uploads\/2015\/07\/dim.jpg\" alt=\"Ombrelloni design - Kronox\" width=\"125\" height=\"95\" srcset=\"https:\/\/www.palarasol.it\/wp-content\/uploads\/2015\/07\/dim.jpg 125w, https:\/\/www.palarasol.it\/wp-content\/uploads\/2015\/07\/dim-99x75.jpg 99w\" sizes=\"(max-width: 125px) 100vw, 125px\" \/><\/a><a href=\"https:\/\/www.palarasol.it\/wp-content\/uploads\/2015\/07\/dim2.jpg\"><img decoding=\"async\" class=\"alignnone size-full wp-image-1627\" src=\"https:\/\/www.palarasol.it\/wp-content\/uploads\/2015\/07\/dim2.jpg\" alt=\"Ombrelloni design - Kronox\" width=\"125\" height=\"95\" srcset=\"https:\/\/www.palarasol.it\/wp-content\/uploads\/2015\/07\/dim2.jpg 125w, https:\/\/www.palarasol.it\/wp-content\/uploads\/2015\/07\/dim2-99x75.jpg 99w\" sizes=\"(max-width: 125px) 100vw, 125px\" \/><\/a><\/p>\n<p>&nbsp;<\/p>\n","protected":false},"featured_media":85474,"template":"","meta":{"_acf_changed":false,"_monsterinsights_skip_tracking":false,"_monsterinsights_sitenote_active":false,"_monsterinsights_sitenote_note":"","_monsterinsights_sitenote_category":0},"product_brand":[],"product_cat":[508,502],"product_tag":[504,503,734,526,507,506],"class_list":{"0":"post-55738","1":"product","2":"type-product","3":"status-publish","4":"has-post-thumbnail","6":"product_cat-sonnenschirme","7":"product_cat-sonnenschirme-design","8":"product_tag-design-de","9":"product_tag-made-in-italy-de","10":"product_tag-ombrelloni-maffei-de","11":"product_tag-polyester-de","12":"product_tag-sonnenschirm","13":"product_tag-uv-schutz","15":"first","16":"instock","17":"shipping-taxable","18":"purchasable","19":"product-type-variable"},"acf":[],"yoast_head":"<!-- This site is optimized with the Yoast SEO plugin v27.5 - https:\/\/yoast.com\/product\/yoast-seo-wordpress\/ -->\n<title>Design Sonnenschirme - Kronos - Made in Italy - Palarasol<\/title>\n<meta name=\"description\" content=\"Design Sonnenschirme - Kronos Eckiger Sonnenschirm cm 200x200, Stoff Polyester sehr gute Qualit\u00e4t, Wasserabsto\u00dfend impr\u00e4gniert, Stahlgestell mit Metall Knicker. Made in Italy.\" \/>\n<meta name=\"robots\" content=\"index, follow, max-snippet:-1, max-image-preview:large, max-video-preview:-1\" \/>\n<link rel=\"canonical\" href=\"https:\/\/www.palarasol.it\/de\/shop\/sonnenschirme-design\/kronos-eckig\/\" \/>\n<meta property=\"og:locale\" content=\"de_DE\" \/>\n<meta property=\"og:type\" content=\"article\" \/>\n<meta property=\"og:title\" content=\"Design Sonnenschirme - Kronos - Made in Italy - Palarasol\" \/>\n<meta property=\"og:description\" content=\"Design Sonnenschirme - Kronos Eckiger Sonnenschirm cm 200x200, Stoff Polyester sehr gute Qualit\u00e4t, Wasserabsto\u00dfend impr\u00e4gniert, Stahlgestell mit Metall Knicker. Made in Italy.\" \/>\n<meta property=\"og:url\" content=\"https:\/\/www.palarasol.it\/de\/shop\/sonnenschirme-design\/kronos-eckig\/\" \/>\n<meta property=\"og:site_name\" content=\"Palarasol\" \/>\n<meta property=\"article:publisher\" content=\"https:\/\/www.facebook.com\/palarasol\" \/>\n<meta property=\"article:modified_time\" content=\"2022-05-11T08:06:21+00:00\" \/>\n<meta property=\"og:image\" content=\"http:\/\/www.palarasol.it\/wp-content\/uploads\/2015\/07\/kronos-art136q-1.jpg\" \/>\n\t<meta property=\"og:image:width\" content=\"1200\" \/>\n\t<meta property=\"og:image:height\" content=\"800\" \/>\n\t<meta property=\"og:image:type\" content=\"image\/jpeg\" \/>\n<meta name=\"twitter:card\" content=\"summary_large_image\" \/>\n<meta name=\"twitter:site\" content=\"@palarasol\" \/>\n<meta name=\"twitter:label1\" content=\"Gesch\u00e4tzte Lesezeit\" \/>\n\t<meta name=\"twitter:data1\" content=\"1\u00a0Minute\" \/>\n<script type=\"application\/ld+json\" class=\"yoast-schema-graph\">{\"@context\":\"https:\\\/\\\/schema.org\",\"@graph\":[{\"@type\":\"WebPage\",\"@id\":\"https:\\\/\\\/www.palarasol.it\\\/de\\\/shop\\\/sonnenschirme-design\\\/kronos-eckig\\\/\",\"url\":\"https:\\\/\\\/www.palarasol.it\\\/de\\\/shop\\\/sonnenschirme-design\\\/kronos-eckig\\\/\",\"name\":\"Design Sonnenschirme - Kronos - Made in Italy - Palarasol\",\"isPartOf\":{\"@id\":\"http:\\\/\\\/www.palarasol.it\\\/de\\\/#website\"},\"primaryImageOfPage\":{\"@id\":\"https:\\\/\\\/www.palarasol.it\\\/de\\\/shop\\\/sonnenschirme-design\\\/kronos-eckig\\\/#primaryimage\"},\"image\":{\"@id\":\"https:\\\/\\\/www.palarasol.it\\\/de\\\/shop\\\/sonnenschirme-design\\\/kronos-eckig\\\/#primaryimage\"},\"thumbnailUrl\":\"https:\\\/\\\/www.palarasol.it\\\/wp-content\\\/uploads\\\/2015\\\/07\\\/ECRU_WEB-scaled.jpg\",\"datePublished\":\"2015-07-22T13:39:03+00:00\",\"dateModified\":\"2022-05-11T08:06:21+00:00\",\"description\":\"Design Sonnenschirme - Kronos Eckiger Sonnenschirm cm 200x200, Stoff Polyester sehr gute Qualit\u00e4t, Wasserabsto\u00dfend impr\u00e4gniert, Stahlgestell mit Metall Knicker. Made in Italy.\",\"breadcrumb\":{\"@id\":\"https:\\\/\\\/www.palarasol.it\\\/de\\\/shop\\\/sonnenschirme-design\\\/kronos-eckig\\\/#breadcrumb\"},\"inLanguage\":\"de\",\"potentialAction\":[{\"@type\":\"ReadAction\",\"target\":[\"https:\\\/\\\/www.palarasol.it\\\/de\\\/shop\\\/sonnenschirme-design\\\/kronos-eckig\\\/\"]}]},{\"@type\":\"ImageObject\",\"inLanguage\":\"de\",\"@id\":\"https:\\\/\\\/www.palarasol.it\\\/de\\\/shop\\\/sonnenschirme-design\\\/kronos-eckig\\\/#primaryimage\",\"url\":\"https:\\\/\\\/www.palarasol.it\\\/wp-content\\\/uploads\\\/2015\\\/07\\\/ECRU_WEB-scaled.jpg\",\"contentUrl\":\"https:\\\/\\\/www.palarasol.it\\\/wp-content\\\/uploads\\\/2015\\\/07\\\/ECRU_WEB-scaled.jpg\",\"width\":2560,\"height\":1920},{\"@type\":\"BreadcrumbList\",\"@id\":\"https:\\\/\\\/www.palarasol.it\\\/de\\\/shop\\\/sonnenschirme-design\\\/kronos-eckig\\\/#breadcrumb\",\"itemListElement\":[{\"@type\":\"ListItem\",\"position\":1,\"name\":\"Home\",\"item\":\"https:\\\/\\\/www.palarasol.it\\\/de\\\/55761-2\\\/\"},{\"@type\":\"ListItem\",\"position\":2,\"name\":\"Shop\",\"item\":\"http:\\\/\\\/stagingpalara4.it\\\/negozio\\\/\"},{\"@type\":\"ListItem\",\"position\":3,\"name\":\"Sonnenschirme Design\",\"item\":\"https:\\\/\\\/www.palarasol.it\\\/de\\\/produkt-kategorie\\\/sonnenschirme-design\\\/\"},{\"@type\":\"ListItem\",\"position\":4,\"name\":\"Kronos cm 200&#215;200\"}]},{\"@type\":\"WebSite\",\"@id\":\"http:\\\/\\\/www.palarasol.it\\\/de\\\/#website\",\"url\":\"http:\\\/\\\/www.palarasol.it\\\/de\\\/\",\"name\":\"Palarasol\",\"description\":\"\",\"publisher\":{\"@id\":\"http:\\\/\\\/www.palarasol.it\\\/de\\\/#organization\"},\"potentialAction\":[{\"@type\":\"SearchAction\",\"target\":{\"@type\":\"EntryPoint\",\"urlTemplate\":\"http:\\\/\\\/www.palarasol.it\\\/de\\\/?s={search_term_string}\"},\"query-input\":{\"@type\":\"PropertyValueSpecification\",\"valueRequired\":true,\"valueName\":\"search_term_string\"}}],\"inLanguage\":\"de\"},{\"@type\":\"Organization\",\"@id\":\"http:\\\/\\\/www.palarasol.it\\\/de\\\/#organization\",\"name\":\"Palara Gianluca & C. S.a.s\",\"url\":\"http:\\\/\\\/www.palarasol.it\\\/de\\\/\",\"logo\":{\"@type\":\"ImageObject\",\"inLanguage\":\"de\",\"@id\":\"http:\\\/\\\/www.palarasol.it\\\/de\\\/#\\\/schema\\\/logo\\\/image\\\/\",\"url\":\"https:\\\/\\\/stagingpalara4.it\\\/wp-content\\\/uploads\\\/2015\\\/06\\\/logo.png\",\"contentUrl\":\"https:\\\/\\\/stagingpalara4.it\\\/wp-content\\\/uploads\\\/2015\\\/06\\\/logo.png\",\"width\":800,\"height\":189,\"caption\":\"Palara Gianluca & C. S.a.s\"},\"image\":{\"@id\":\"http:\\\/\\\/www.palarasol.it\\\/de\\\/#\\\/schema\\\/logo\\\/image\\\/\"},\"sameAs\":[\"https:\\\/\\\/www.facebook.com\\\/palarasol\",\"https:\\\/\\\/x.com\\\/palarasol\"]}]}<\/script>\n<!-- \/ Yoast SEO plugin. -->","yoast_head_json":{"title":"Design Sonnenschirme - Kronos - Made in Italy - Palarasol","description":"Design Sonnenschirme - Kronos Eckiger Sonnenschirm cm 200x200, Stoff Polyester sehr gute Qualit\u00e4t, Wasserabsto\u00dfend impr\u00e4gniert, Stahlgestell mit Metall Knicker. Made in Italy.","robots":{"index":"index","follow":"follow","max-snippet":"max-snippet:-1","max-image-preview":"max-image-preview:large","max-video-preview":"max-video-preview:-1"},"canonical":"https:\/\/www.palarasol.it\/de\/shop\/sonnenschirme-design\/kronos-eckig\/","og_locale":"de_DE","og_type":"article","og_title":"Design Sonnenschirme - Kronos - Made in Italy - Palarasol","og_description":"Design Sonnenschirme - Kronos Eckiger Sonnenschirm cm 200x200, Stoff Polyester sehr gute Qualit\u00e4t, Wasserabsto\u00dfend impr\u00e4gniert, Stahlgestell mit Metall Knicker. Made in Italy.","og_url":"https:\/\/www.palarasol.it\/de\/shop\/sonnenschirme-design\/kronos-eckig\/","og_site_name":"Palarasol","article_publisher":"https:\/\/www.facebook.com\/palarasol","article_modified_time":"2022-05-11T08:06:21+00:00","og_image":[{"width":1200,"height":800,"url":"http:\/\/www.palarasol.it\/wp-content\/uploads\/2015\/07\/kronos-art136q-1.jpg","type":"image\/jpeg"}],"twitter_card":"summary_large_image","twitter_site":"@palarasol","twitter_misc":{"Gesch\u00e4tzte Lesezeit":"1\u00a0Minute"},"schema":{"@context":"https:\/\/schema.org","@graph":[{"@type":"WebPage","@id":"https:\/\/www.palarasol.it\/de\/shop\/sonnenschirme-design\/kronos-eckig\/","url":"https:\/\/www.palarasol.it\/de\/shop\/sonnenschirme-design\/kronos-eckig\/","name":"Design Sonnenschirme - Kronos - Made in Italy - Palarasol","isPartOf":{"@id":"http:\/\/www.palarasol.it\/de\/#website"},"primaryImageOfPage":{"@id":"https:\/\/www.palarasol.it\/de\/shop\/sonnenschirme-design\/kronos-eckig\/#primaryimage"},"image":{"@id":"https:\/\/www.palarasol.it\/de\/shop\/sonnenschirme-design\/kronos-eckig\/#primaryimage"},"thumbnailUrl":"https:\/\/www.palarasol.it\/wp-content\/uploads\/2015\/07\/ECRU_WEB-scaled.jpg","datePublished":"2015-07-22T13:39:03+00:00","dateModified":"2022-05-11T08:06:21+00:00","description":"Design Sonnenschirme - Kronos Eckiger Sonnenschirm cm 200x200, Stoff Polyester sehr gute Qualit\u00e4t, Wasserabsto\u00dfend impr\u00e4gniert, Stahlgestell mit Metall Knicker. Made in Italy.","breadcrumb":{"@id":"https:\/\/www.palarasol.it\/de\/shop\/sonnenschirme-design\/kronos-eckig\/#breadcrumb"},"inLanguage":"de","potentialAction":[{"@type":"ReadAction","target":["https:\/\/www.palarasol.it\/de\/shop\/sonnenschirme-design\/kronos-eckig\/"]}]},{"@type":"ImageObject","inLanguage":"de","@id":"https:\/\/www.palarasol.it\/de\/shop\/sonnenschirme-design\/kronos-eckig\/#primaryimage","url":"https:\/\/www.palarasol.it\/wp-content\/uploads\/2015\/07\/ECRU_WEB-scaled.jpg","contentUrl":"https:\/\/www.palarasol.it\/wp-content\/uploads\/2015\/07\/ECRU_WEB-scaled.jpg","width":2560,"height":1920},{"@type":"BreadcrumbList","@id":"https:\/\/www.palarasol.it\/de\/shop\/sonnenschirme-design\/kronos-eckig\/#breadcrumb","itemListElement":[{"@type":"ListItem","position":1,"name":"Home","item":"https:\/\/www.palarasol.it\/de\/55761-2\/"},{"@type":"ListItem","position":2,"name":"Shop","item":"http:\/\/stagingpalara4.it\/negozio\/"},{"@type":"ListItem","position":3,"name":"Sonnenschirme Design","item":"https:\/\/www.palarasol.it\/de\/produkt-kategorie\/sonnenschirme-design\/"},{"@type":"ListItem","position":4,"name":"Kronos cm 200&#215;200"}]},{"@type":"WebSite","@id":"http:\/\/www.palarasol.it\/de\/#website","url":"http:\/\/www.palarasol.it\/de\/","name":"Palarasol","description":"","publisher":{"@id":"http:\/\/www.palarasol.it\/de\/#organization"},"potentialAction":[{"@type":"SearchAction","target":{"@type":"EntryPoint","urlTemplate":"http:\/\/www.palarasol.it\/de\/?s={search_term_string}"},"query-input":{"@type":"PropertyValueSpecification","valueRequired":true,"valueName":"search_term_string"}}],"inLanguage":"de"},{"@type":"Organization","@id":"http:\/\/www.palarasol.it\/de\/#organization","name":"Palara Gianluca & C. S.a.s","url":"http:\/\/www.palarasol.it\/de\/","logo":{"@type":"ImageObject","inLanguage":"de","@id":"http:\/\/www.palarasol.it\/de\/#\/schema\/logo\/image\/","url":"https:\/\/stagingpalara4.it\/wp-content\/uploads\/2015\/06\/logo.png","contentUrl":"https:\/\/stagingpalara4.it\/wp-content\/uploads\/2015\/06\/logo.png","width":800,"height":189,"caption":"Palara Gianluca & C. S.a.s"},"image":{"@id":"http:\/\/www.palarasol.it\/de\/#\/schema\/logo\/image\/"},"sameAs":["https:\/\/www.facebook.com\/palarasol","https:\/\/x.com\/palarasol"]}]}},"_links":{"self":[{"href":"https:\/\/www.palarasol.it\/de\/wp-json\/wp\/v2\/product\/55738","targetHints":{"allow":["GET"]}}],"collection":[{"href":"https:\/\/www.palarasol.it\/de\/wp-json\/wp\/v2\/product"}],"about":[{"href":"https:\/\/www.palarasol.it\/de\/wp-json\/wp\/v2\/types\/product"}],"version-history":[{"count":0,"href":"https:\/\/www.palarasol.it\/de\/wp-json\/wp\/v2\/product\/55738\/revisions"}],"wp:featuredmedia":[{"embeddable":true,"href":"https:\/\/www.palarasol.it\/de\/wp-json\/wp\/v2\/media\/85474"}],"wp:attachment":[{"href":"https:\/\/www.palarasol.it\/de\/wp-json\/wp\/v2\/media?parent=55738"}],"wp:term":[{"taxonomy":"product_brand","embeddable":true,"href":"https:\/\/www.palarasol.it\/de\/wp-json\/wp\/v2\/product_brand?post=55738"},{"taxonomy":"product_cat","embeddable":true,"href":"https:\/\/www.palarasol.it\/de\/wp-json\/wp\/v2\/product_cat?post=55738"},{"taxonomy":"product_tag","embeddable":true,"href":"https:\/\/www.palarasol.it\/de\/wp-json\/wp\/v2\/product_tag?post=55738"}],"curies":[{"name":"wp","href":"https:\/\/api.w.org\/{rel}","templated":true}]}}