{"id":56034,"date":"2015-07-30T17:31:20","date_gmt":"2015-07-30T15:31:20","guid":{"rendered":"https:\/\/stagingpalara4.it\/shop\/unkategorisiert\/novara-o-240\/"},"modified":"2020-07-11T01:34:50","modified_gmt":"2020-07-10T23:34:50","slug":"novara-o-240","status":"publish","type":"product","link":"https:\/\/www.palarasol.it\/de\/shop\/sonnenschirme\/novara-o-240\/","title":{"rendered":"Novara \u00f8 cm 240"},"content":{"rendered":"<p><strong>Stoff<\/strong>: Standard Polyester gr 140.<br \/>\n<strong>Lichtechtheit:<\/strong>4-6<br \/>\nSilbernes Stahlgestell mit Stock mm 33\/33, Knicker und 10 Streben<br \/>\nFeste H\u00f6he cm 250<br \/>\nSchutzbezug mit Trageriemen <strong>ist im Preis inbegriffen<\/strong><br \/>\n<strong>Made in Italy.<\/strong><br \/>\nOhne St\u00e4nder (Auf Anfrage lieferbar)<\/p>\n<p>Gewicht f\u00fcr Fuss &gt; kg 25<\/p>\n","protected":false},"excerpt":{"rendered":"<p>ART.114 Maffei &#8211; cm 120\/10 (\u00f8 cm 240\/10) h 250<\/p>\n<p><a href=\"https:\/\/stagingpalara4.it\/wp-content\/uploads\/2015\/07\/dim9.jpg\"><img decoding=\"async\" class=\"alignnone size-full wp-image-1928\" src=\"https:\/\/stagingpalara4.it\/wp-content\/uploads\/2015\/07\/dim9.jpg\" alt=\"Klassische Sonnenschirme - Novara\" width=\"173\" height=\"100\" srcset=\"https:\/\/www.palarasol.it\/wp-content\/uploads\/2015\/07\/dim9.jpg 173w, https:\/\/www.palarasol.it\/wp-content\/uploads\/2015\/07\/dim9-105x61.jpg 105w\" sizes=\"(max-width: 173px) 100vw, 173px\" \/><\/a><\/p>\n","protected":false},"featured_media":73353,"template":"","meta":{"_acf_changed":false,"_monsterinsights_skip_tracking":false,"_monsterinsights_sitenote_active":false,"_monsterinsights_sitenote_note":"","_monsterinsights_sitenote_category":0},"product_brand":[],"product_cat":[513,508],"product_tag":[505,522,503,558,734,509,506],"class_list":{"0":"post-56034","1":"product","2":"type-product","3":"status-publish","4":"has-post-thumbnail","6":"product_cat-klassische-sonnenschirme","7":"product_cat-sonnenschirme","8":"product_tag-dralon-de","9":"product_tag-klassisch-de","10":"product_tag-made-in-italy-de","11":"product_tag-maffei-de","12":"product_tag-ombrelloni-maffei-de","13":"product_tag-sonnenschirme","14":"product_tag-uv-schutz","16":"first","17":"instock","18":"shipping-taxable","19":"purchasable","20":"product-type-variable"},"acf":[],"yoast_head":"<!-- This site is optimized with the Yoast SEO plugin v27.5 - https:\/\/yoast.com\/product\/yoast-seo-wordpress\/ -->\n<title>Klassischer Sonnenschirm mit Volants - Novara - \u00f8 cm 240 - Palarasol<\/title>\n<meta name=\"description\" content=\"Klassischer Sonnenschirm mit Volants - Novara Rund Durchmesser cm 240, Stoff Polyester wasserabsto\u00dfend impr\u00e4gniert. Made in Italy. Stoff Polyester gr 150, wasserabsto\u00dfend impr\u00e4gniert\" \/>\n<meta name=\"robots\" content=\"index, follow, max-snippet:-1, max-image-preview:large, max-video-preview:-1\" \/>\n<link rel=\"canonical\" href=\"https:\/\/www.palarasol.it\/de\/shop\/sonnenschirme\/novara-o-240\/\" \/>\n<meta property=\"og:locale\" content=\"de_DE\" \/>\n<meta property=\"og:type\" content=\"article\" \/>\n<meta property=\"og:title\" content=\"Klassischer Sonnenschirm mit Volants - Novara - \u00f8 cm 240 - Palarasol\" \/>\n<meta property=\"og:description\" content=\"Klassischer Sonnenschirm mit Volants - Novara Rund Durchmesser cm 240, Stoff Polyester wasserabsto\u00dfend impr\u00e4gniert. Made in Italy. Stoff Polyester gr 150, wasserabsto\u00dfend impr\u00e4gniert\" \/>\n<meta property=\"og:url\" content=\"https:\/\/www.palarasol.it\/de\/shop\/sonnenschirme\/novara-o-240\/\" \/>\n<meta property=\"og:site_name\" content=\"Palarasol\" \/>\n<meta property=\"article:publisher\" content=\"https:\/\/www.facebook.com\/palarasol\" \/>\n<meta property=\"article:modified_time\" content=\"2020-07-10T23:34:50+00:00\" \/>\n<meta property=\"og:image\" content=\"https:\/\/www.palarasol.it\/wp-content\/uploads\/2017\/06\/novara-art114-1.jpg\" \/>\n\t<meta property=\"og:image:width\" content=\"1200\" \/>\n\t<meta property=\"og:image:height\" content=\"800\" \/>\n\t<meta property=\"og:image:type\" content=\"image\/jpeg\" \/>\n<meta name=\"twitter:card\" content=\"summary_large_image\" \/>\n<meta name=\"twitter:site\" content=\"@palarasol\" \/>\n<script type=\"application\/ld+json\" class=\"yoast-schema-graph\">{\"@context\":\"https:\\\/\\\/schema.org\",\"@graph\":[{\"@type\":\"WebPage\",\"@id\":\"https:\\\/\\\/www.palarasol.it\\\/de\\\/shop\\\/sonnenschirme\\\/novara-o-240\\\/\",\"url\":\"https:\\\/\\\/www.palarasol.it\\\/de\\\/shop\\\/sonnenschirme\\\/novara-o-240\\\/\",\"name\":\"Klassischer Sonnenschirm mit Volants - Novara - \u00f8 cm 240 - Palarasol\",\"isPartOf\":{\"@id\":\"http:\\\/\\\/www.palarasol.it\\\/de\\\/#website\"},\"primaryImageOfPage\":{\"@id\":\"https:\\\/\\\/www.palarasol.it\\\/de\\\/shop\\\/sonnenschirme\\\/novara-o-240\\\/#primaryimage\"},\"image\":{\"@id\":\"https:\\\/\\\/www.palarasol.it\\\/de\\\/shop\\\/sonnenschirme\\\/novara-o-240\\\/#primaryimage\"},\"thumbnailUrl\":\"https:\\\/\\\/www.palarasol.it\\\/wp-content\\\/uploads\\\/2017\\\/06\\\/novara-art114-1.jpg\",\"datePublished\":\"2015-07-30T15:31:20+00:00\",\"dateModified\":\"2020-07-10T23:34:50+00:00\",\"description\":\"Klassischer Sonnenschirm mit Volants - Novara Rund Durchmesser cm 240, Stoff Polyester wasserabsto\u00dfend impr\u00e4gniert. Made in Italy. Stoff Polyester gr 150, wasserabsto\u00dfend impr\u00e4gniert\",\"breadcrumb\":{\"@id\":\"https:\\\/\\\/www.palarasol.it\\\/de\\\/shop\\\/sonnenschirme\\\/novara-o-240\\\/#breadcrumb\"},\"inLanguage\":\"de\",\"potentialAction\":[{\"@type\":\"ReadAction\",\"target\":[\"https:\\\/\\\/www.palarasol.it\\\/de\\\/shop\\\/sonnenschirme\\\/novara-o-240\\\/\"]}]},{\"@type\":\"ImageObject\",\"inLanguage\":\"de\",\"@id\":\"https:\\\/\\\/www.palarasol.it\\\/de\\\/shop\\\/sonnenschirme\\\/novara-o-240\\\/#primaryimage\",\"url\":\"https:\\\/\\\/www.palarasol.it\\\/wp-content\\\/uploads\\\/2017\\\/06\\\/novara-art114-1.jpg\",\"contentUrl\":\"https:\\\/\\\/www.palarasol.it\\\/wp-content\\\/uploads\\\/2017\\\/06\\\/novara-art114-1.jpg\",\"width\":1200,\"height\":800,\"caption\":\"novara-art114\"},{\"@type\":\"BreadcrumbList\",\"@id\":\"https:\\\/\\\/www.palarasol.it\\\/de\\\/shop\\\/sonnenschirme\\\/novara-o-240\\\/#breadcrumb\",\"itemListElement\":[{\"@type\":\"ListItem\",\"position\":1,\"name\":\"Home\",\"item\":\"https:\\\/\\\/www.palarasol.it\\\/de\\\/55761-2\\\/\"},{\"@type\":\"ListItem\",\"position\":2,\"name\":\"Shop\",\"item\":\"http:\\\/\\\/stagingpalara4.it\\\/negozio\\\/\"},{\"@type\":\"ListItem\",\"position\":3,\"name\":\"Klassische Sonnenschirme\",\"item\":\"https:\\\/\\\/www.palarasol.it\\\/de\\\/produkt-kategorie\\\/klassische-sonnenschirme\\\/\"},{\"@type\":\"ListItem\",\"position\":4,\"name\":\"Novara \u00f8 cm 240\"}]},{\"@type\":\"WebSite\",\"@id\":\"http:\\\/\\\/www.palarasol.it\\\/de\\\/#website\",\"url\":\"http:\\\/\\\/www.palarasol.it\\\/de\\\/\",\"name\":\"Palarasol\",\"description\":\"\",\"publisher\":{\"@id\":\"http:\\\/\\\/www.palarasol.it\\\/de\\\/#organization\"},\"potentialAction\":[{\"@type\":\"SearchAction\",\"target\":{\"@type\":\"EntryPoint\",\"urlTemplate\":\"http:\\\/\\\/www.palarasol.it\\\/de\\\/?s={search_term_string}\"},\"query-input\":{\"@type\":\"PropertyValueSpecification\",\"valueRequired\":true,\"valueName\":\"search_term_string\"}}],\"inLanguage\":\"de\"},{\"@type\":\"Organization\",\"@id\":\"http:\\\/\\\/www.palarasol.it\\\/de\\\/#organization\",\"name\":\"Palara Gianluca & C. S.a.s\",\"url\":\"http:\\\/\\\/www.palarasol.it\\\/de\\\/\",\"logo\":{\"@type\":\"ImageObject\",\"inLanguage\":\"de\",\"@id\":\"http:\\\/\\\/www.palarasol.it\\\/de\\\/#\\\/schema\\\/logo\\\/image\\\/\",\"url\":\"https:\\\/\\\/stagingpalara4.it\\\/wp-content\\\/uploads\\\/2015\\\/06\\\/logo.png\",\"contentUrl\":\"https:\\\/\\\/stagingpalara4.it\\\/wp-content\\\/uploads\\\/2015\\\/06\\\/logo.png\",\"width\":800,\"height\":189,\"caption\":\"Palara Gianluca & C. S.a.s\"},\"image\":{\"@id\":\"http:\\\/\\\/www.palarasol.it\\\/de\\\/#\\\/schema\\\/logo\\\/image\\\/\"},\"sameAs\":[\"https:\\\/\\\/www.facebook.com\\\/palarasol\",\"https:\\\/\\\/x.com\\\/palarasol\"]}]}<\/script>\n<!-- \/ Yoast SEO plugin. -->","yoast_head_json":{"title":"Klassischer Sonnenschirm mit Volants - Novara - \u00f8 cm 240 - Palarasol","description":"Klassischer Sonnenschirm mit Volants - Novara Rund Durchmesser cm 240, Stoff Polyester wasserabsto\u00dfend impr\u00e4gniert. Made in Italy. Stoff Polyester gr 150, wasserabsto\u00dfend impr\u00e4gniert","robots":{"index":"index","follow":"follow","max-snippet":"max-snippet:-1","max-image-preview":"max-image-preview:large","max-video-preview":"max-video-preview:-1"},"canonical":"https:\/\/www.palarasol.it\/de\/shop\/sonnenschirme\/novara-o-240\/","og_locale":"de_DE","og_type":"article","og_title":"Klassischer Sonnenschirm mit Volants - Novara - \u00f8 cm 240 - Palarasol","og_description":"Klassischer Sonnenschirm mit Volants - Novara Rund Durchmesser cm 240, Stoff Polyester wasserabsto\u00dfend impr\u00e4gniert. Made in Italy. Stoff Polyester gr 150, wasserabsto\u00dfend impr\u00e4gniert","og_url":"https:\/\/www.palarasol.it\/de\/shop\/sonnenschirme\/novara-o-240\/","og_site_name":"Palarasol","article_publisher":"https:\/\/www.facebook.com\/palarasol","article_modified_time":"2020-07-10T23:34:50+00:00","og_image":[{"width":1200,"height":800,"url":"https:\/\/www.palarasol.it\/wp-content\/uploads\/2017\/06\/novara-art114-1.jpg","type":"image\/jpeg"}],"twitter_card":"summary_large_image","twitter_site":"@palarasol","schema":{"@context":"https:\/\/schema.org","@graph":[{"@type":"WebPage","@id":"https:\/\/www.palarasol.it\/de\/shop\/sonnenschirme\/novara-o-240\/","url":"https:\/\/www.palarasol.it\/de\/shop\/sonnenschirme\/novara-o-240\/","name":"Klassischer Sonnenschirm mit Volants - Novara - \u00f8 cm 240 - Palarasol","isPartOf":{"@id":"http:\/\/www.palarasol.it\/de\/#website"},"primaryImageOfPage":{"@id":"https:\/\/www.palarasol.it\/de\/shop\/sonnenschirme\/novara-o-240\/#primaryimage"},"image":{"@id":"https:\/\/www.palarasol.it\/de\/shop\/sonnenschirme\/novara-o-240\/#primaryimage"},"thumbnailUrl":"https:\/\/www.palarasol.it\/wp-content\/uploads\/2017\/06\/novara-art114-1.jpg","datePublished":"2015-07-30T15:31:20+00:00","dateModified":"2020-07-10T23:34:50+00:00","description":"Klassischer Sonnenschirm mit Volants - Novara Rund Durchmesser cm 240, Stoff Polyester wasserabsto\u00dfend impr\u00e4gniert. Made in Italy. Stoff Polyester gr 150, wasserabsto\u00dfend impr\u00e4gniert","breadcrumb":{"@id":"https:\/\/www.palarasol.it\/de\/shop\/sonnenschirme\/novara-o-240\/#breadcrumb"},"inLanguage":"de","potentialAction":[{"@type":"ReadAction","target":["https:\/\/www.palarasol.it\/de\/shop\/sonnenschirme\/novara-o-240\/"]}]},{"@type":"ImageObject","inLanguage":"de","@id":"https:\/\/www.palarasol.it\/de\/shop\/sonnenschirme\/novara-o-240\/#primaryimage","url":"https:\/\/www.palarasol.it\/wp-content\/uploads\/2017\/06\/novara-art114-1.jpg","contentUrl":"https:\/\/www.palarasol.it\/wp-content\/uploads\/2017\/06\/novara-art114-1.jpg","width":1200,"height":800,"caption":"novara-art114"},{"@type":"BreadcrumbList","@id":"https:\/\/www.palarasol.it\/de\/shop\/sonnenschirme\/novara-o-240\/#breadcrumb","itemListElement":[{"@type":"ListItem","position":1,"name":"Home","item":"https:\/\/www.palarasol.it\/de\/55761-2\/"},{"@type":"ListItem","position":2,"name":"Shop","item":"http:\/\/stagingpalara4.it\/negozio\/"},{"@type":"ListItem","position":3,"name":"Klassische Sonnenschirme","item":"https:\/\/www.palarasol.it\/de\/produkt-kategorie\/klassische-sonnenschirme\/"},{"@type":"ListItem","position":4,"name":"Novara \u00f8 cm 240"}]},{"@type":"WebSite","@id":"http:\/\/www.palarasol.it\/de\/#website","url":"http:\/\/www.palarasol.it\/de\/","name":"Palarasol","description":"","publisher":{"@id":"http:\/\/www.palarasol.it\/de\/#organization"},"potentialAction":[{"@type":"SearchAction","target":{"@type":"EntryPoint","urlTemplate":"http:\/\/www.palarasol.it\/de\/?s={search_term_string}"},"query-input":{"@type":"PropertyValueSpecification","valueRequired":true,"valueName":"search_term_string"}}],"inLanguage":"de"},{"@type":"Organization","@id":"http:\/\/www.palarasol.it\/de\/#organization","name":"Palara Gianluca & C. S.a.s","url":"http:\/\/www.palarasol.it\/de\/","logo":{"@type":"ImageObject","inLanguage":"de","@id":"http:\/\/www.palarasol.it\/de\/#\/schema\/logo\/image\/","url":"https:\/\/stagingpalara4.it\/wp-content\/uploads\/2015\/06\/logo.png","contentUrl":"https:\/\/stagingpalara4.it\/wp-content\/uploads\/2015\/06\/logo.png","width":800,"height":189,"caption":"Palara Gianluca & C. S.a.s"},"image":{"@id":"http:\/\/www.palarasol.it\/de\/#\/schema\/logo\/image\/"},"sameAs":["https:\/\/www.facebook.com\/palarasol","https:\/\/x.com\/palarasol"]}]}},"_links":{"self":[{"href":"https:\/\/www.palarasol.it\/de\/wp-json\/wp\/v2\/product\/56034","targetHints":{"allow":["GET"]}}],"collection":[{"href":"https:\/\/www.palarasol.it\/de\/wp-json\/wp\/v2\/product"}],"about":[{"href":"https:\/\/www.palarasol.it\/de\/wp-json\/wp\/v2\/types\/product"}],"version-history":[{"count":0,"href":"https:\/\/www.palarasol.it\/de\/wp-json\/wp\/v2\/product\/56034\/revisions"}],"wp:featuredmedia":[{"embeddable":true,"href":"https:\/\/www.palarasol.it\/de\/wp-json\/wp\/v2\/media\/73353"}],"wp:attachment":[{"href":"https:\/\/www.palarasol.it\/de\/wp-json\/wp\/v2\/media?parent=56034"}],"wp:term":[{"taxonomy":"product_brand","embeddable":true,"href":"https:\/\/www.palarasol.it\/de\/wp-json\/wp\/v2\/product_brand?post=56034"},{"taxonomy":"product_cat","embeddable":true,"href":"https:\/\/www.palarasol.it\/de\/wp-json\/wp\/v2\/product_cat?post=56034"},{"taxonomy":"product_tag","embeddable":true,"href":"https:\/\/www.palarasol.it\/de\/wp-json\/wp\/v2\/product_tag?post=56034"}],"curies":[{"name":"wp","href":"https:\/\/api.w.org\/{rel}","templated":true}]}}