{"id":56309,"date":"2018-06-01T18:07:29","date_gmt":"2018-06-01T16:07:29","guid":{"rendered":"https:\/\/stagingpalara4.it\/shop\/unkategorisiert\/schutzbezug-fur-hollywoodschaukel\/"},"modified":"2020-07-23T23:07:40","modified_gmt":"2020-07-23T21:07:40","slug":"schutzbezug-fur-hollywoodschaukel","status":"publish","type":"product","link":"https:\/\/www.palarasol.it\/de\/shop\/zubehoer\/schutzbezug-fur-hollywoodschaukel\/","title":{"rendered":"Schutzbezug f\u00fcr Hollywoodschaukel"},"content":{"rendered":"<h2>Schutzbezug f\u00fcr Hollywoodschaukel<\/h2>\n<p><strong>Stoff:<\/strong> Mytex<\/p>\n<p>Es ist atmungsaktiv und wasserabsto\u00dfend impr\u00e4gniert, so wird die Bildung von Schimmel und Rost stark reduziert.<br \/>\nMade in Italy<\/p>\n<p><strong>Gr\u00f6\u03b2e:<\/strong> cm 220x150x160<\/p>\n<p><strong>Farbe:<\/strong> Au\u00dfenseite ist Taupe, Innenseite ist Hellgrau. Zweiseitiger reversibler Stoff.<\/p>\n<p><strong>Beachten Sie bitte:<\/strong> \u00dcberpr\u00fcfen Sie, dass die Gr\u00f6\u00dfe unseres Schutzbezug zu Ihrer Hollywoodschaukel passt.<\/p>\n","protected":false},"excerpt":{"rendered":"<p>Maffei Schutzbezug art. 986<\/p>\n","protected":false},"featured_media":56310,"template":"","meta":{"_acf_changed":false,"_monsterinsights_skip_tracking":false,"_monsterinsights_sitenote_active":false,"_monsterinsights_sitenote_note":"","_monsterinsights_sitenote_category":0},"product_brand":[],"product_cat":[610,602],"product_tag":[629,503,625,635,561],"class_list":{"0":"post-56309","1":"product","2":"type-product","3":"status-publish","4":"has-post-thumbnail","6":"product_cat-schutzbezuege","7":"product_cat-zubehoer","8":"product_tag-atmungsaktiv","9":"product_tag-made-in-italy-de","10":"product_tag-schutzbezug","11":"product_tag-schutzbezug-fur-hollywoodschaukel","12":"product_tag-wasserabstosend-impragniert","14":"first","15":"instock","16":"shipping-taxable","17":"purchasable","18":"product-type-simple"},"acf":[],"yoast_head":"<!-- This site is optimized with the Yoast SEO plugin v27.2 - https:\/\/yoast.com\/product\/yoast-seo-wordpress\/ -->\n<title>Schutzbezug f\u00fcr Hollywoodschaukel atmungsaktiv und wasserabsto\u00dfend impr\u00e4gniert - Palarasol<\/title>\n<meta name=\"description\" content=\"Schutzbezug f\u00fcr Hollywoodschaukel. Maffei art. 986. Patentierter Stoff atmungsaktiv und wasserabsto\u00dfend impr\u00e4gniert, wetterbest\u00e4ndig. Made in Italy.\" \/>\n<meta name=\"robots\" content=\"index, follow, max-snippet:-1, max-image-preview:large, max-video-preview:-1\" \/>\n<link rel=\"canonical\" href=\"https:\/\/www.palarasol.it\/de\/shop\/zubehoer\/schutzbezug-fur-hollywoodschaukel\/\" \/>\n<meta property=\"og:locale\" content=\"de_DE\" \/>\n<meta property=\"og:type\" content=\"article\" \/>\n<meta property=\"og:title\" content=\"Schutzbezug f\u00fcr Hollywoodschaukel atmungsaktiv und wasserabsto\u00dfend impr\u00e4gniert - Palarasol\" \/>\n<meta property=\"og:description\" content=\"Schutzbezug f\u00fcr Hollywoodschaukel. Maffei art. 986. Patentierter Stoff atmungsaktiv und wasserabsto\u00dfend impr\u00e4gniert, wetterbest\u00e4ndig. Made in Italy.\" \/>\n<meta property=\"og:url\" content=\"https:\/\/www.palarasol.it\/de\/shop\/zubehoer\/schutzbezug-fur-hollywoodschaukel\/\" \/>\n<meta property=\"og:site_name\" content=\"Palarasol\" \/>\n<meta property=\"article:publisher\" content=\"https:\/\/www.facebook.com\/palarasol\" \/>\n<meta property=\"article:modified_time\" content=\"2020-07-23T21:07:40+00:00\" \/>\n<meta property=\"og:image\" content=\"https:\/\/www.palarasol.it\/wp-content\/uploads\/2018\/06\/fodera-dondolo.jpg\" \/>\n\t<meta property=\"og:image:width\" content=\"1000\" \/>\n\t<meta property=\"og:image:height\" content=\"1000\" \/>\n\t<meta property=\"og:image:type\" content=\"image\/jpeg\" \/>\n<meta name=\"twitter:card\" content=\"summary_large_image\" \/>\n<meta name=\"twitter:site\" content=\"@palarasol\" \/>\n<script type=\"application\/ld+json\" class=\"yoast-schema-graph\">{\"@context\":\"https:\/\/schema.org\",\"@graph\":[{\"@type\":\"WebPage\",\"@id\":\"https:\/\/www.palarasol.it\/de\/shop\/zubehoer\/schutzbezug-fur-hollywoodschaukel\/\",\"url\":\"https:\/\/www.palarasol.it\/de\/shop\/zubehoer\/schutzbezug-fur-hollywoodschaukel\/\",\"name\":\"Schutzbezug f\u00fcr Hollywoodschaukel atmungsaktiv und wasserabsto\u00dfend impr\u00e4gniert - Palarasol\",\"isPartOf\":{\"@id\":\"http:\/\/www.palarasol.it\/de\/#website\"},\"primaryImageOfPage\":{\"@id\":\"https:\/\/www.palarasol.it\/de\/shop\/zubehoer\/schutzbezug-fur-hollywoodschaukel\/#primaryimage\"},\"image\":{\"@id\":\"https:\/\/www.palarasol.it\/de\/shop\/zubehoer\/schutzbezug-fur-hollywoodschaukel\/#primaryimage\"},\"thumbnailUrl\":\"https:\/\/www.palarasol.it\/wp-content\/uploads\/2018\/06\/fodera-dondolo.jpg\",\"datePublished\":\"2018-06-01T16:07:29+00:00\",\"dateModified\":\"2020-07-23T21:07:40+00:00\",\"description\":\"Schutzbezug f\u00fcr Hollywoodschaukel. Maffei art. 986. Patentierter Stoff atmungsaktiv und wasserabsto\u00dfend impr\u00e4gniert, wetterbest\u00e4ndig. Made in Italy.\",\"breadcrumb\":{\"@id\":\"https:\/\/www.palarasol.it\/de\/shop\/zubehoer\/schutzbezug-fur-hollywoodschaukel\/#breadcrumb\"},\"inLanguage\":\"de\",\"potentialAction\":[{\"@type\":\"ReadAction\",\"target\":[\"https:\/\/www.palarasol.it\/de\/shop\/zubehoer\/schutzbezug-fur-hollywoodschaukel\/\"]}]},{\"@type\":\"ImageObject\",\"inLanguage\":\"de\",\"@id\":\"https:\/\/www.palarasol.it\/de\/shop\/zubehoer\/schutzbezug-fur-hollywoodschaukel\/#primaryimage\",\"url\":\"https:\/\/www.palarasol.it\/wp-content\/uploads\/2018\/06\/fodera-dondolo.jpg\",\"contentUrl\":\"https:\/\/www.palarasol.it\/wp-content\/uploads\/2018\/06\/fodera-dondolo.jpg\",\"width\":1000,\"height\":1000,\"caption\":\"Schutzbezug Hollywoodschaukel\"},{\"@type\":\"BreadcrumbList\",\"@id\":\"https:\/\/www.palarasol.it\/de\/shop\/zubehoer\/schutzbezug-fur-hollywoodschaukel\/#breadcrumb\",\"itemListElement\":[{\"@type\":\"ListItem\",\"position\":1,\"name\":\"Home\",\"item\":\"https:\/\/www.palarasol.it\/de\/55761-2\/\"},{\"@type\":\"ListItem\",\"position\":2,\"name\":\"Shop\",\"item\":\"http:\/\/stagingpalara4.it\/negozio\/\"},{\"@type\":\"ListItem\",\"position\":3,\"name\":\"Schutzbez\u00fcge\",\"item\":\"https:\/\/www.palarasol.it\/de\/produkt-kategorie\/schutzbezuege\/\"},{\"@type\":\"ListItem\",\"position\":4,\"name\":\"Schutzbezug f\u00fcr Hollywoodschaukel\"}]},{\"@type\":\"WebSite\",\"@id\":\"http:\/\/www.palarasol.it\/de\/#website\",\"url\":\"http:\/\/www.palarasol.it\/de\/\",\"name\":\"Palarasol\",\"description\":\"\",\"publisher\":{\"@id\":\"http:\/\/www.palarasol.it\/de\/#organization\"},\"potentialAction\":[{\"@type\":\"SearchAction\",\"target\":{\"@type\":\"EntryPoint\",\"urlTemplate\":\"http:\/\/www.palarasol.it\/de\/?s={search_term_string}\"},\"query-input\":{\"@type\":\"PropertyValueSpecification\",\"valueRequired\":true,\"valueName\":\"search_term_string\"}}],\"inLanguage\":\"de\"},{\"@type\":\"Organization\",\"@id\":\"http:\/\/www.palarasol.it\/de\/#organization\",\"name\":\"Palara Gianluca & C. S.a.s\",\"url\":\"http:\/\/www.palarasol.it\/de\/\",\"logo\":{\"@type\":\"ImageObject\",\"inLanguage\":\"de\",\"@id\":\"http:\/\/www.palarasol.it\/de\/#\/schema\/logo\/image\/\",\"url\":\"https:\/\/stagingpalara4.it\/wp-content\/uploads\/2015\/06\/logo.png\",\"contentUrl\":\"https:\/\/stagingpalara4.it\/wp-content\/uploads\/2015\/06\/logo.png\",\"width\":800,\"height\":189,\"caption\":\"Palara Gianluca & C. S.a.s\"},\"image\":{\"@id\":\"http:\/\/www.palarasol.it\/de\/#\/schema\/logo\/image\/\"},\"sameAs\":[\"https:\/\/www.facebook.com\/palarasol\",\"https:\/\/x.com\/palarasol\"]}]}<\/script>\n<!-- \/ Yoast SEO plugin. -->","yoast_head_json":{"title":"Schutzbezug f\u00fcr Hollywoodschaukel atmungsaktiv und wasserabsto\u00dfend impr\u00e4gniert - Palarasol","description":"Schutzbezug f\u00fcr Hollywoodschaukel. Maffei art. 986. Patentierter Stoff atmungsaktiv und wasserabsto\u00dfend impr\u00e4gniert, wetterbest\u00e4ndig. Made in Italy.","robots":{"index":"index","follow":"follow","max-snippet":"max-snippet:-1","max-image-preview":"max-image-preview:large","max-video-preview":"max-video-preview:-1"},"canonical":"https:\/\/www.palarasol.it\/de\/shop\/zubehoer\/schutzbezug-fur-hollywoodschaukel\/","og_locale":"de_DE","og_type":"article","og_title":"Schutzbezug f\u00fcr Hollywoodschaukel atmungsaktiv und wasserabsto\u00dfend impr\u00e4gniert - Palarasol","og_description":"Schutzbezug f\u00fcr Hollywoodschaukel. Maffei art. 986. Patentierter Stoff atmungsaktiv und wasserabsto\u00dfend impr\u00e4gniert, wetterbest\u00e4ndig. Made in Italy.","og_url":"https:\/\/www.palarasol.it\/de\/shop\/zubehoer\/schutzbezug-fur-hollywoodschaukel\/","og_site_name":"Palarasol","article_publisher":"https:\/\/www.facebook.com\/palarasol","article_modified_time":"2020-07-23T21:07:40+00:00","og_image":[{"width":1000,"height":1000,"url":"https:\/\/www.palarasol.it\/wp-content\/uploads\/2018\/06\/fodera-dondolo.jpg","type":"image\/jpeg"}],"twitter_card":"summary_large_image","twitter_site":"@palarasol","schema":{"@context":"https:\/\/schema.org","@graph":[{"@type":"WebPage","@id":"https:\/\/www.palarasol.it\/de\/shop\/zubehoer\/schutzbezug-fur-hollywoodschaukel\/","url":"https:\/\/www.palarasol.it\/de\/shop\/zubehoer\/schutzbezug-fur-hollywoodschaukel\/","name":"Schutzbezug f\u00fcr Hollywoodschaukel atmungsaktiv und wasserabsto\u00dfend impr\u00e4gniert - Palarasol","isPartOf":{"@id":"http:\/\/www.palarasol.it\/de\/#website"},"primaryImageOfPage":{"@id":"https:\/\/www.palarasol.it\/de\/shop\/zubehoer\/schutzbezug-fur-hollywoodschaukel\/#primaryimage"},"image":{"@id":"https:\/\/www.palarasol.it\/de\/shop\/zubehoer\/schutzbezug-fur-hollywoodschaukel\/#primaryimage"},"thumbnailUrl":"https:\/\/www.palarasol.it\/wp-content\/uploads\/2018\/06\/fodera-dondolo.jpg","datePublished":"2018-06-01T16:07:29+00:00","dateModified":"2020-07-23T21:07:40+00:00","description":"Schutzbezug f\u00fcr Hollywoodschaukel. Maffei art. 986. Patentierter Stoff atmungsaktiv und wasserabsto\u00dfend impr\u00e4gniert, wetterbest\u00e4ndig. Made in Italy.","breadcrumb":{"@id":"https:\/\/www.palarasol.it\/de\/shop\/zubehoer\/schutzbezug-fur-hollywoodschaukel\/#breadcrumb"},"inLanguage":"de","potentialAction":[{"@type":"ReadAction","target":["https:\/\/www.palarasol.it\/de\/shop\/zubehoer\/schutzbezug-fur-hollywoodschaukel\/"]}]},{"@type":"ImageObject","inLanguage":"de","@id":"https:\/\/www.palarasol.it\/de\/shop\/zubehoer\/schutzbezug-fur-hollywoodschaukel\/#primaryimage","url":"https:\/\/www.palarasol.it\/wp-content\/uploads\/2018\/06\/fodera-dondolo.jpg","contentUrl":"https:\/\/www.palarasol.it\/wp-content\/uploads\/2018\/06\/fodera-dondolo.jpg","width":1000,"height":1000,"caption":"Schutzbezug Hollywoodschaukel"},{"@type":"BreadcrumbList","@id":"https:\/\/www.palarasol.it\/de\/shop\/zubehoer\/schutzbezug-fur-hollywoodschaukel\/#breadcrumb","itemListElement":[{"@type":"ListItem","position":1,"name":"Home","item":"https:\/\/www.palarasol.it\/de\/55761-2\/"},{"@type":"ListItem","position":2,"name":"Shop","item":"http:\/\/stagingpalara4.it\/negozio\/"},{"@type":"ListItem","position":3,"name":"Schutzbez\u00fcge","item":"https:\/\/www.palarasol.it\/de\/produkt-kategorie\/schutzbezuege\/"},{"@type":"ListItem","position":4,"name":"Schutzbezug f\u00fcr Hollywoodschaukel"}]},{"@type":"WebSite","@id":"http:\/\/www.palarasol.it\/de\/#website","url":"http:\/\/www.palarasol.it\/de\/","name":"Palarasol","description":"","publisher":{"@id":"http:\/\/www.palarasol.it\/de\/#organization"},"potentialAction":[{"@type":"SearchAction","target":{"@type":"EntryPoint","urlTemplate":"http:\/\/www.palarasol.it\/de\/?s={search_term_string}"},"query-input":{"@type":"PropertyValueSpecification","valueRequired":true,"valueName":"search_term_string"}}],"inLanguage":"de"},{"@type":"Organization","@id":"http:\/\/www.palarasol.it\/de\/#organization","name":"Palara Gianluca & C. S.a.s","url":"http:\/\/www.palarasol.it\/de\/","logo":{"@type":"ImageObject","inLanguage":"de","@id":"http:\/\/www.palarasol.it\/de\/#\/schema\/logo\/image\/","url":"https:\/\/stagingpalara4.it\/wp-content\/uploads\/2015\/06\/logo.png","contentUrl":"https:\/\/stagingpalara4.it\/wp-content\/uploads\/2015\/06\/logo.png","width":800,"height":189,"caption":"Palara Gianluca & C. S.a.s"},"image":{"@id":"http:\/\/www.palarasol.it\/de\/#\/schema\/logo\/image\/"},"sameAs":["https:\/\/www.facebook.com\/palarasol","https:\/\/x.com\/palarasol"]}]}},"_links":{"self":[{"href":"https:\/\/www.palarasol.it\/de\/wp-json\/wp\/v2\/product\/56309","targetHints":{"allow":["GET"]}}],"collection":[{"href":"https:\/\/www.palarasol.it\/de\/wp-json\/wp\/v2\/product"}],"about":[{"href":"https:\/\/www.palarasol.it\/de\/wp-json\/wp\/v2\/types\/product"}],"version-history":[{"count":0,"href":"https:\/\/www.palarasol.it\/de\/wp-json\/wp\/v2\/product\/56309\/revisions"}],"wp:featuredmedia":[{"embeddable":true,"href":"https:\/\/www.palarasol.it\/de\/wp-json\/wp\/v2\/media\/56310"}],"wp:attachment":[{"href":"https:\/\/www.palarasol.it\/de\/wp-json\/wp\/v2\/media?parent=56309"}],"wp:term":[{"taxonomy":"product_brand","embeddable":true,"href":"https:\/\/www.palarasol.it\/de\/wp-json\/wp\/v2\/product_brand?post=56309"},{"taxonomy":"product_cat","embeddable":true,"href":"https:\/\/www.palarasol.it\/de\/wp-json\/wp\/v2\/product_cat?post=56309"},{"taxonomy":"product_tag","embeddable":true,"href":"https:\/\/www.palarasol.it\/de\/wp-json\/wp\/v2\/product_tag?post=56309"}],"curies":[{"name":"wp","href":"https:\/\/api.w.org\/{rel}","templated":true}]}}