{"id":56338,"date":"2016-03-09T18:00:44","date_gmt":"2016-03-09T17:00:44","guid":{"rendered":"https:\/\/stagingpalara4.it\/shop\/unkategorisiert\/maffei-art-935-schutzbezug-fur-tischstuhl-set-stoff-atmungsaktiv-wasserabstosendimpragniert\/"},"modified":"2020-06-25T17:39:05","modified_gmt":"2020-06-25T15:39:05","slug":"maffei-art-935-schutzbezug-fur-tisch-stuhl-set-stoff-atmungsaktiv-wasserabstosend-impragniert","status":"publish","type":"product","link":"https:\/\/www.palarasol.it\/de\/shop\/zubehoer\/maffei-art-935-schutzbezug-fur-tisch-stuhl-set-stoff-atmungsaktiv-wasserabstosend-impragniert\/","title":{"rendered":"Schutzbezug f\u00fcr Tisch-&amp; Stuhl-Set"},"content":{"rendered":"<h2>Schutzbezug f\u00fcr Tisch-&amp; Stuhl-Set<\/h2>\n<p><strong>Stoff:<\/strong> Mytex<\/p>\n<p>Es ist atmungsaktiv und wasserabsto\u00dfend impr\u00e4gniert, so wird die Bildung von Schimmel und Rost stark reduziert.<br \/>\nMade in Italy<\/p>\n<p>Geeignet f\u00fcr Tisch-&amp; Stuhl-Set in verschiedenen Gr\u00f6\u03b2e:<\/p>\n<ul>\n<li><strong>Art 935:<\/strong> cm190x100x80<\/li>\n<li><strong>Art 936:<\/strong> cm 160x100x80<\/li>\n<li><strong>Art 937:<\/strong> cm 100x100x80<\/li>\n<li><strong>Art 938:<\/strong> cm 230x130x90<\/li>\n<li><strong>Art 939:<\/strong> cm 230x130x90<\/li>\n<\/ul>\n<p><strong>Farbe:<\/strong> Au\u00dfenseite Taupe, Innenseite Hellgrau. Zweiseitiger reversibler Stoff.<\/p>\n<p><strong>Beachten Sie bitte:<\/strong> \u00dcberpr\u00fcfen Sie, dass die Gr\u00f6\u00dfe unseres Schutzbezug zu Ihrem Tisch-&amp; Stuhl-Set passt<\/p>\n","protected":false},"excerpt":{"rendered":"<p>Maffei Fodera Art 935\/ 936\/ 938\/ 939<\/p>\n","protected":false},"featured_media":5686,"template":"","meta":{"_acf_changed":false,"_monsterinsights_skip_tracking":false,"_monsterinsights_sitenote_active":false,"_monsterinsights_sitenote_note":"","_monsterinsights_sitenote_category":0},"product_brand":[],"product_cat":[610,602],"product_tag":[629,639,503,647,646,561],"class_list":{"0":"post-56338","1":"product","2":"type-product","3":"status-publish","4":"has-post-thumbnail","6":"product_cat-schutzbezuege","7":"product_cat-zubehoer","8":"product_tag-atmungsaktiv","9":"product_tag-fodere-de","10":"product_tag-made-in-italy-de","11":"product_tag-schutzbezug-tisch","12":"product_tag-tisch-stuhl","13":"product_tag-wasserabstosend-impragniert","15":"first","16":"instock","17":"shipping-taxable","18":"purchasable","19":"product-type-variable"},"acf":[],"yoast_head":"<!-- This site is optimized with the Yoast SEO plugin v27.5 - https:\/\/yoast.com\/product\/yoast-seo-wordpress\/ -->\n<title>Schutzbezug f\u00fcr Tisch-&amp; Stuhl-Set atmungsaktiv und wasserabsto\u00dfend impr\u00e4gniert- Palarasol<\/title>\n<meta name=\"description\" content=\"Schutzbezug f\u00fcr mittelgro\u00dfer Tisch-&amp; Stuhl-Set. atmungsaktiv und wasserabsto\u00dfend impr\u00e4gniert, wetterbest\u00e4ndig. Made in Italy\" \/>\n<meta name=\"robots\" content=\"index, follow, max-snippet:-1, max-image-preview:large, max-video-preview:-1\" \/>\n<link rel=\"canonical\" href=\"https:\/\/www.palarasol.it\/de\/shop\/zubehoer\/maffei-art-935-schutzbezug-fur-tisch-stuhl-set-stoff-atmungsaktiv-wasserabstosend-impragniert\/\" \/>\n<meta property=\"og:locale\" content=\"de_DE\" \/>\n<meta property=\"og:type\" content=\"article\" \/>\n<meta property=\"og:title\" content=\"Schutzbezug f\u00fcr Tisch-&amp; Stuhl-Set atmungsaktiv und wasserabsto\u00dfend impr\u00e4gniert- Palarasol\" \/>\n<meta property=\"og:description\" content=\"Schutzbezug f\u00fcr mittelgro\u00dfer Tisch-&amp; Stuhl-Set. atmungsaktiv und wasserabsto\u00dfend impr\u00e4gniert, wetterbest\u00e4ndig. Made in Italy\" \/>\n<meta property=\"og:url\" content=\"https:\/\/www.palarasol.it\/de\/shop\/zubehoer\/maffei-art-935-schutzbezug-fur-tisch-stuhl-set-stoff-atmungsaktiv-wasserabstosend-impragniert\/\" \/>\n<meta property=\"og:site_name\" content=\"Palarasol\" \/>\n<meta property=\"article:publisher\" content=\"https:\/\/www.facebook.com\/palarasol\" \/>\n<meta property=\"article:modified_time\" content=\"2020-06-25T15:39:05+00:00\" \/>\n<meta property=\"og:image\" content=\"https:\/\/www.palarasol.it\/wp-content\/uploads\/2016\/03\/935.png\" \/>\n\t<meta property=\"og:image:width\" content=\"728\" \/>\n\t<meta property=\"og:image:height\" content=\"728\" \/>\n\t<meta property=\"og:image:type\" content=\"image\/png\" \/>\n<meta name=\"twitter:card\" content=\"summary_large_image\" \/>\n<meta name=\"twitter:site\" content=\"@palarasol\" \/>\n<script type=\"application\/ld+json\" class=\"yoast-schema-graph\">{\"@context\":\"https:\\\/\\\/schema.org\",\"@graph\":[{\"@type\":\"WebPage\",\"@id\":\"https:\\\/\\\/www.palarasol.it\\\/de\\\/shop\\\/zubehoer\\\/maffei-art-935-schutzbezug-fur-tisch-stuhl-set-stoff-atmungsaktiv-wasserabstosend-impragniert\\\/\",\"url\":\"https:\\\/\\\/www.palarasol.it\\\/de\\\/shop\\\/zubehoer\\\/maffei-art-935-schutzbezug-fur-tisch-stuhl-set-stoff-atmungsaktiv-wasserabstosend-impragniert\\\/\",\"name\":\"Schutzbezug f\u00fcr Tisch-& Stuhl-Set atmungsaktiv und wasserabsto\u00dfend impr\u00e4gniert- Palarasol\",\"isPartOf\":{\"@id\":\"http:\\\/\\\/www.palarasol.it\\\/de\\\/#website\"},\"primaryImageOfPage\":{\"@id\":\"https:\\\/\\\/www.palarasol.it\\\/de\\\/shop\\\/zubehoer\\\/maffei-art-935-schutzbezug-fur-tisch-stuhl-set-stoff-atmungsaktiv-wasserabstosend-impragniert\\\/#primaryimage\"},\"image\":{\"@id\":\"https:\\\/\\\/www.palarasol.it\\\/de\\\/shop\\\/zubehoer\\\/maffei-art-935-schutzbezug-fur-tisch-stuhl-set-stoff-atmungsaktiv-wasserabstosend-impragniert\\\/#primaryimage\"},\"thumbnailUrl\":\"https:\\\/\\\/www.palarasol.it\\\/wp-content\\\/uploads\\\/2016\\\/03\\\/935.png\",\"datePublished\":\"2016-03-09T17:00:44+00:00\",\"dateModified\":\"2020-06-25T15:39:05+00:00\",\"description\":\"Schutzbezug f\u00fcr mittelgro\u00dfer Tisch-& Stuhl-Set. atmungsaktiv und wasserabsto\u00dfend impr\u00e4gniert, wetterbest\u00e4ndig. Made in Italy\",\"breadcrumb\":{\"@id\":\"https:\\\/\\\/www.palarasol.it\\\/de\\\/shop\\\/zubehoer\\\/maffei-art-935-schutzbezug-fur-tisch-stuhl-set-stoff-atmungsaktiv-wasserabstosend-impragniert\\\/#breadcrumb\"},\"inLanguage\":\"de\",\"potentialAction\":[{\"@type\":\"ReadAction\",\"target\":[\"https:\\\/\\\/www.palarasol.it\\\/de\\\/shop\\\/zubehoer\\\/maffei-art-935-schutzbezug-fur-tisch-stuhl-set-stoff-atmungsaktiv-wasserabstosend-impragniert\\\/\"]}]},{\"@type\":\"ImageObject\",\"inLanguage\":\"de\",\"@id\":\"https:\\\/\\\/www.palarasol.it\\\/de\\\/shop\\\/zubehoer\\\/maffei-art-935-schutzbezug-fur-tisch-stuhl-set-stoff-atmungsaktiv-wasserabstosend-impragniert\\\/#primaryimage\",\"url\":\"https:\\\/\\\/www.palarasol.it\\\/wp-content\\\/uploads\\\/2016\\\/03\\\/935.png\",\"contentUrl\":\"https:\\\/\\\/www.palarasol.it\\\/wp-content\\\/uploads\\\/2016\\\/03\\\/935.png\",\"width\":728,\"height\":728,\"caption\":\"Schutzbezug f\u00fcr Tisch-&amp; Stuhl-Set\"},{\"@type\":\"BreadcrumbList\",\"@id\":\"https:\\\/\\\/www.palarasol.it\\\/de\\\/shop\\\/zubehoer\\\/maffei-art-935-schutzbezug-fur-tisch-stuhl-set-stoff-atmungsaktiv-wasserabstosend-impragniert\\\/#breadcrumb\",\"itemListElement\":[{\"@type\":\"ListItem\",\"position\":1,\"name\":\"Home\",\"item\":\"https:\\\/\\\/www.palarasol.it\\\/de\\\/55761-2\\\/\"},{\"@type\":\"ListItem\",\"position\":2,\"name\":\"Shop\",\"item\":\"http:\\\/\\\/stagingpalara4.it\\\/negozio\\\/\"},{\"@type\":\"ListItem\",\"position\":3,\"name\":\"Schutzbez\u00fcge\",\"item\":\"https:\\\/\\\/www.palarasol.it\\\/de\\\/produkt-kategorie\\\/schutzbezuege\\\/\"},{\"@type\":\"ListItem\",\"position\":4,\"name\":\"Schutzbezug f\u00fcr Tisch-&amp; Stuhl-Set\"}]},{\"@type\":\"WebSite\",\"@id\":\"http:\\\/\\\/www.palarasol.it\\\/de\\\/#website\",\"url\":\"http:\\\/\\\/www.palarasol.it\\\/de\\\/\",\"name\":\"Palarasol\",\"description\":\"\",\"publisher\":{\"@id\":\"http:\\\/\\\/www.palarasol.it\\\/de\\\/#organization\"},\"potentialAction\":[{\"@type\":\"SearchAction\",\"target\":{\"@type\":\"EntryPoint\",\"urlTemplate\":\"http:\\\/\\\/www.palarasol.it\\\/de\\\/?s={search_term_string}\"},\"query-input\":{\"@type\":\"PropertyValueSpecification\",\"valueRequired\":true,\"valueName\":\"search_term_string\"}}],\"inLanguage\":\"de\"},{\"@type\":\"Organization\",\"@id\":\"http:\\\/\\\/www.palarasol.it\\\/de\\\/#organization\",\"name\":\"Palara Gianluca & C. S.a.s\",\"url\":\"http:\\\/\\\/www.palarasol.it\\\/de\\\/\",\"logo\":{\"@type\":\"ImageObject\",\"inLanguage\":\"de\",\"@id\":\"http:\\\/\\\/www.palarasol.it\\\/de\\\/#\\\/schema\\\/logo\\\/image\\\/\",\"url\":\"https:\\\/\\\/stagingpalara4.it\\\/wp-content\\\/uploads\\\/2015\\\/06\\\/logo.png\",\"contentUrl\":\"https:\\\/\\\/stagingpalara4.it\\\/wp-content\\\/uploads\\\/2015\\\/06\\\/logo.png\",\"width\":800,\"height\":189,\"caption\":\"Palara Gianluca & C. S.a.s\"},\"image\":{\"@id\":\"http:\\\/\\\/www.palarasol.it\\\/de\\\/#\\\/schema\\\/logo\\\/image\\\/\"},\"sameAs\":[\"https:\\\/\\\/www.facebook.com\\\/palarasol\",\"https:\\\/\\\/x.com\\\/palarasol\"]}]}<\/script>\n<!-- \/ Yoast SEO plugin. -->","yoast_head_json":{"title":"Schutzbezug f\u00fcr Tisch-& Stuhl-Set atmungsaktiv und wasserabsto\u00dfend impr\u00e4gniert- Palarasol","description":"Schutzbezug f\u00fcr mittelgro\u00dfer Tisch-& Stuhl-Set. atmungsaktiv und wasserabsto\u00dfend impr\u00e4gniert, wetterbest\u00e4ndig. Made in Italy","robots":{"index":"index","follow":"follow","max-snippet":"max-snippet:-1","max-image-preview":"max-image-preview:large","max-video-preview":"max-video-preview:-1"},"canonical":"https:\/\/www.palarasol.it\/de\/shop\/zubehoer\/maffei-art-935-schutzbezug-fur-tisch-stuhl-set-stoff-atmungsaktiv-wasserabstosend-impragniert\/","og_locale":"de_DE","og_type":"article","og_title":"Schutzbezug f\u00fcr Tisch-& Stuhl-Set atmungsaktiv und wasserabsto\u00dfend impr\u00e4gniert- Palarasol","og_description":"Schutzbezug f\u00fcr mittelgro\u00dfer Tisch-& Stuhl-Set. atmungsaktiv und wasserabsto\u00dfend impr\u00e4gniert, wetterbest\u00e4ndig. Made in Italy","og_url":"https:\/\/www.palarasol.it\/de\/shop\/zubehoer\/maffei-art-935-schutzbezug-fur-tisch-stuhl-set-stoff-atmungsaktiv-wasserabstosend-impragniert\/","og_site_name":"Palarasol","article_publisher":"https:\/\/www.facebook.com\/palarasol","article_modified_time":"2020-06-25T15:39:05+00:00","og_image":[{"width":728,"height":728,"url":"https:\/\/www.palarasol.it\/wp-content\/uploads\/2016\/03\/935.png","type":"image\/png"}],"twitter_card":"summary_large_image","twitter_site":"@palarasol","schema":{"@context":"https:\/\/schema.org","@graph":[{"@type":"WebPage","@id":"https:\/\/www.palarasol.it\/de\/shop\/zubehoer\/maffei-art-935-schutzbezug-fur-tisch-stuhl-set-stoff-atmungsaktiv-wasserabstosend-impragniert\/","url":"https:\/\/www.palarasol.it\/de\/shop\/zubehoer\/maffei-art-935-schutzbezug-fur-tisch-stuhl-set-stoff-atmungsaktiv-wasserabstosend-impragniert\/","name":"Schutzbezug f\u00fcr Tisch-& Stuhl-Set atmungsaktiv und wasserabsto\u00dfend impr\u00e4gniert- Palarasol","isPartOf":{"@id":"http:\/\/www.palarasol.it\/de\/#website"},"primaryImageOfPage":{"@id":"https:\/\/www.palarasol.it\/de\/shop\/zubehoer\/maffei-art-935-schutzbezug-fur-tisch-stuhl-set-stoff-atmungsaktiv-wasserabstosend-impragniert\/#primaryimage"},"image":{"@id":"https:\/\/www.palarasol.it\/de\/shop\/zubehoer\/maffei-art-935-schutzbezug-fur-tisch-stuhl-set-stoff-atmungsaktiv-wasserabstosend-impragniert\/#primaryimage"},"thumbnailUrl":"https:\/\/www.palarasol.it\/wp-content\/uploads\/2016\/03\/935.png","datePublished":"2016-03-09T17:00:44+00:00","dateModified":"2020-06-25T15:39:05+00:00","description":"Schutzbezug f\u00fcr mittelgro\u00dfer Tisch-& Stuhl-Set. atmungsaktiv und wasserabsto\u00dfend impr\u00e4gniert, wetterbest\u00e4ndig. Made in Italy","breadcrumb":{"@id":"https:\/\/www.palarasol.it\/de\/shop\/zubehoer\/maffei-art-935-schutzbezug-fur-tisch-stuhl-set-stoff-atmungsaktiv-wasserabstosend-impragniert\/#breadcrumb"},"inLanguage":"de","potentialAction":[{"@type":"ReadAction","target":["https:\/\/www.palarasol.it\/de\/shop\/zubehoer\/maffei-art-935-schutzbezug-fur-tisch-stuhl-set-stoff-atmungsaktiv-wasserabstosend-impragniert\/"]}]},{"@type":"ImageObject","inLanguage":"de","@id":"https:\/\/www.palarasol.it\/de\/shop\/zubehoer\/maffei-art-935-schutzbezug-fur-tisch-stuhl-set-stoff-atmungsaktiv-wasserabstosend-impragniert\/#primaryimage","url":"https:\/\/www.palarasol.it\/wp-content\/uploads\/2016\/03\/935.png","contentUrl":"https:\/\/www.palarasol.it\/wp-content\/uploads\/2016\/03\/935.png","width":728,"height":728,"caption":"Schutzbezug f\u00fcr Tisch-&amp; Stuhl-Set"},{"@type":"BreadcrumbList","@id":"https:\/\/www.palarasol.it\/de\/shop\/zubehoer\/maffei-art-935-schutzbezug-fur-tisch-stuhl-set-stoff-atmungsaktiv-wasserabstosend-impragniert\/#breadcrumb","itemListElement":[{"@type":"ListItem","position":1,"name":"Home","item":"https:\/\/www.palarasol.it\/de\/55761-2\/"},{"@type":"ListItem","position":2,"name":"Shop","item":"http:\/\/stagingpalara4.it\/negozio\/"},{"@type":"ListItem","position":3,"name":"Schutzbez\u00fcge","item":"https:\/\/www.palarasol.it\/de\/produkt-kategorie\/schutzbezuege\/"},{"@type":"ListItem","position":4,"name":"Schutzbezug f\u00fcr Tisch-&amp; Stuhl-Set"}]},{"@type":"WebSite","@id":"http:\/\/www.palarasol.it\/de\/#website","url":"http:\/\/www.palarasol.it\/de\/","name":"Palarasol","description":"","publisher":{"@id":"http:\/\/www.palarasol.it\/de\/#organization"},"potentialAction":[{"@type":"SearchAction","target":{"@type":"EntryPoint","urlTemplate":"http:\/\/www.palarasol.it\/de\/?s={search_term_string}"},"query-input":{"@type":"PropertyValueSpecification","valueRequired":true,"valueName":"search_term_string"}}],"inLanguage":"de"},{"@type":"Organization","@id":"http:\/\/www.palarasol.it\/de\/#organization","name":"Palara Gianluca & C. S.a.s","url":"http:\/\/www.palarasol.it\/de\/","logo":{"@type":"ImageObject","inLanguage":"de","@id":"http:\/\/www.palarasol.it\/de\/#\/schema\/logo\/image\/","url":"https:\/\/stagingpalara4.it\/wp-content\/uploads\/2015\/06\/logo.png","contentUrl":"https:\/\/stagingpalara4.it\/wp-content\/uploads\/2015\/06\/logo.png","width":800,"height":189,"caption":"Palara Gianluca & C. S.a.s"},"image":{"@id":"http:\/\/www.palarasol.it\/de\/#\/schema\/logo\/image\/"},"sameAs":["https:\/\/www.facebook.com\/palarasol","https:\/\/x.com\/palarasol"]}]}},"_links":{"self":[{"href":"https:\/\/www.palarasol.it\/de\/wp-json\/wp\/v2\/product\/56338","targetHints":{"allow":["GET"]}}],"collection":[{"href":"https:\/\/www.palarasol.it\/de\/wp-json\/wp\/v2\/product"}],"about":[{"href":"https:\/\/www.palarasol.it\/de\/wp-json\/wp\/v2\/types\/product"}],"version-history":[{"count":0,"href":"https:\/\/www.palarasol.it\/de\/wp-json\/wp\/v2\/product\/56338\/revisions"}],"wp:featuredmedia":[{"embeddable":true,"href":"https:\/\/www.palarasol.it\/de\/wp-json\/wp\/v2\/media\/5686"}],"wp:attachment":[{"href":"https:\/\/www.palarasol.it\/de\/wp-json\/wp\/v2\/media?parent=56338"}],"wp:term":[{"taxonomy":"product_brand","embeddable":true,"href":"https:\/\/www.palarasol.it\/de\/wp-json\/wp\/v2\/product_brand?post=56338"},{"taxonomy":"product_cat","embeddable":true,"href":"https:\/\/www.palarasol.it\/de\/wp-json\/wp\/v2\/product_cat?post=56338"},{"taxonomy":"product_tag","embeddable":true,"href":"https:\/\/www.palarasol.it\/de\/wp-json\/wp\/v2\/product_tag?post=56338"}],"curies":[{"name":"wp","href":"https:\/\/api.w.org\/{rel}","templated":true}]}}