{"id":56395,"date":"2018-02-09T17:32:58","date_gmt":"2018-02-09T16:32:58","guid":{"rendered":"https:\/\/stagingpalara4.it\/shop\/unkategorisiert\/waschbeton-stander-kg-15\/"},"modified":"2025-07-24T12:26:14","modified_gmt":"2025-07-24T10:26:14","slug":"waschbeton-stander-kg-15","status":"publish","type":"product","link":"https:\/\/www.palarasol.it\/de\/shop\/staender\/waschbeton-stander-kg-15\/","title":{"rendered":"K\u00f6rnung Basis kg.15"},"content":{"rendered":"<div>K\u00f6rnung Basis 15kg<\/div>\n<div>38 mm Rohr<\/div>\n<div><strong>Gr\u00f6\u00dfe:<\/strong> \u00f8 42 cm<br \/>\n<strong>Hergestellt in Italien.<\/strong><\/div>\n<div><\/div>\n","protected":false},"excerpt":{"rendered":"<p>K\u00f6rnung Basis 15kg 38 mm Rohr Gr\u00f6\u00dfe: \u00f8 42 cm Hergestellt in Italien.<\/p>\n","protected":false},"featured_media":56396,"template":"","meta":{"_acf_changed":false,"_monsterinsights_skip_tracking":false,"_monsterinsights_sitenote_active":false,"_monsterinsights_sitenote_note":"","_monsterinsights_sitenote_category":0},"product_brand":[],"product_cat":[607],"product_tag":[503,558,657,658,674],"class_list":{"0":"post-56395","1":"product","2":"type-product","3":"status-publish","4":"has-post-thumbnail","6":"product_cat-staender","7":"product_tag-made-in-italy-de","8":"product_tag-maffei-de","9":"product_tag-sonnenschirmstander","10":"product_tag-stander","11":"product_tag-waschbetonstander","12":"product_shipping_class-schwer","14":"first","15":"instock","16":"shipping-taxable","17":"purchasable","18":"product-type-simple"},"acf":[],"yoast_head":"<!-- This site is optimized with the Yoast SEO plugin v27.5 - https:\/\/yoast.com\/product\/yoast-seo-wordpress\/ -->\n<title>Streugutbasis f\u00fcr Sonnenschirme - Made in Italy - Palarasol<\/title>\n<meta name=\"description\" content=\"K\u00f6rnerfu\u00df f\u00fcr Sonnenschirme mit 38 mm Rohr Gewicht: 15kg Gr\u00f6\u00dfe: \u00f8 42 cm Made in Italy. Maffei.\" \/>\n<meta name=\"robots\" content=\"index, follow, max-snippet:-1, max-image-preview:large, max-video-preview:-1\" \/>\n<link rel=\"canonical\" href=\"https:\/\/www.palarasol.it\/de\/shop\/staender\/waschbeton-stander-kg-15\/\" \/>\n<meta property=\"og:locale\" content=\"de_DE\" \/>\n<meta property=\"og:type\" content=\"article\" \/>\n<meta property=\"og:title\" content=\"Streugutbasis f\u00fcr Sonnenschirme - Made in Italy - Palarasol\" \/>\n<meta property=\"og:description\" content=\"K\u00f6rnerfu\u00df f\u00fcr Sonnenschirme mit 38 mm Rohr Gewicht: 15kg Gr\u00f6\u00dfe: \u00f8 42 cm Made in Italy. Maffei.\" \/>\n<meta property=\"og:url\" content=\"https:\/\/www.palarasol.it\/de\/shop\/staender\/waschbeton-stander-kg-15\/\" \/>\n<meta property=\"og:site_name\" content=\"Palarasol\" \/>\n<meta property=\"article:publisher\" content=\"https:\/\/www.facebook.com\/palarasol\" \/>\n<meta property=\"article:modified_time\" content=\"2025-07-24T10:26:14+00:00\" \/>\n<meta property=\"og:image\" content=\"https:\/\/www.palarasol.it\/wp-content\/uploads\/2017\/07\/301.jpg\" \/>\n\t<meta property=\"og:image:width\" content=\"1000\" \/>\n\t<meta property=\"og:image:height\" content=\"1000\" \/>\n\t<meta property=\"og:image:type\" content=\"image\/jpeg\" \/>\n<meta name=\"twitter:card\" content=\"summary_large_image\" \/>\n<meta name=\"twitter:site\" content=\"@palarasol\" \/>\n<script type=\"application\/ld+json\" class=\"yoast-schema-graph\">{\"@context\":\"https:\\\/\\\/schema.org\",\"@graph\":[{\"@type\":\"WebPage\",\"@id\":\"https:\\\/\\\/www.palarasol.it\\\/de\\\/shop\\\/staender\\\/waschbeton-stander-kg-15\\\/\",\"url\":\"https:\\\/\\\/www.palarasol.it\\\/de\\\/shop\\\/staender\\\/waschbeton-stander-kg-15\\\/\",\"name\":\"Streugutbasis f\u00fcr Sonnenschirme - Made in Italy - Palarasol\",\"isPartOf\":{\"@id\":\"http:\\\/\\\/www.palarasol.it\\\/de\\\/#website\"},\"primaryImageOfPage\":{\"@id\":\"https:\\\/\\\/www.palarasol.it\\\/de\\\/shop\\\/staender\\\/waschbeton-stander-kg-15\\\/#primaryimage\"},\"image\":{\"@id\":\"https:\\\/\\\/www.palarasol.it\\\/de\\\/shop\\\/staender\\\/waschbeton-stander-kg-15\\\/#primaryimage\"},\"thumbnailUrl\":\"https:\\\/\\\/www.palarasol.it\\\/wp-content\\\/uploads\\\/2017\\\/07\\\/301.jpg\",\"datePublished\":\"2018-02-09T16:32:58+00:00\",\"dateModified\":\"2025-07-24T10:26:14+00:00\",\"description\":\"K\u00f6rnerfu\u00df f\u00fcr Sonnenschirme mit 38 mm Rohr Gewicht: 15kg Gr\u00f6\u00dfe: \u00f8 42 cm Made in Italy. Maffei.\",\"breadcrumb\":{\"@id\":\"https:\\\/\\\/www.palarasol.it\\\/de\\\/shop\\\/staender\\\/waschbeton-stander-kg-15\\\/#breadcrumb\"},\"inLanguage\":\"de\",\"potentialAction\":[{\"@type\":\"ReadAction\",\"target\":[\"https:\\\/\\\/www.palarasol.it\\\/de\\\/shop\\\/staender\\\/waschbeton-stander-kg-15\\\/\"]}]},{\"@type\":\"ImageObject\",\"inLanguage\":\"de\",\"@id\":\"https:\\\/\\\/www.palarasol.it\\\/de\\\/shop\\\/staender\\\/waschbeton-stander-kg-15\\\/#primaryimage\",\"url\":\"https:\\\/\\\/www.palarasol.it\\\/wp-content\\\/uploads\\\/2017\\\/07\\\/301.jpg\",\"contentUrl\":\"https:\\\/\\\/www.palarasol.it\\\/wp-content\\\/uploads\\\/2017\\\/07\\\/301.jpg\",\"width\":1000,\"height\":1000,\"caption\":\"Waschbetonst\u00e4nder\"},{\"@type\":\"BreadcrumbList\",\"@id\":\"https:\\\/\\\/www.palarasol.it\\\/de\\\/shop\\\/staender\\\/waschbeton-stander-kg-15\\\/#breadcrumb\",\"itemListElement\":[{\"@type\":\"ListItem\",\"position\":1,\"name\":\"Home\",\"item\":\"https:\\\/\\\/www.palarasol.it\\\/de\\\/55761-2\\\/\"},{\"@type\":\"ListItem\",\"position\":2,\"name\":\"Shop\",\"item\":\"http:\\\/\\\/stagingpalara4.it\\\/negozio\\\/\"},{\"@type\":\"ListItem\",\"position\":3,\"name\":\"St\u00e4nder\",\"item\":\"https:\\\/\\\/www.palarasol.it\\\/de\\\/produkt-kategorie\\\/staender\\\/\"},{\"@type\":\"ListItem\",\"position\":4,\"name\":\"K\u00f6rnung Basis kg.15\"}]},{\"@type\":\"WebSite\",\"@id\":\"http:\\\/\\\/www.palarasol.it\\\/de\\\/#website\",\"url\":\"http:\\\/\\\/www.palarasol.it\\\/de\\\/\",\"name\":\"Palarasol\",\"description\":\"\",\"publisher\":{\"@id\":\"http:\\\/\\\/www.palarasol.it\\\/de\\\/#organization\"},\"potentialAction\":[{\"@type\":\"SearchAction\",\"target\":{\"@type\":\"EntryPoint\",\"urlTemplate\":\"http:\\\/\\\/www.palarasol.it\\\/de\\\/?s={search_term_string}\"},\"query-input\":{\"@type\":\"PropertyValueSpecification\",\"valueRequired\":true,\"valueName\":\"search_term_string\"}}],\"inLanguage\":\"de\"},{\"@type\":\"Organization\",\"@id\":\"http:\\\/\\\/www.palarasol.it\\\/de\\\/#organization\",\"name\":\"Palara Gianluca & C. S.a.s\",\"url\":\"http:\\\/\\\/www.palarasol.it\\\/de\\\/\",\"logo\":{\"@type\":\"ImageObject\",\"inLanguage\":\"de\",\"@id\":\"http:\\\/\\\/www.palarasol.it\\\/de\\\/#\\\/schema\\\/logo\\\/image\\\/\",\"url\":\"https:\\\/\\\/stagingpalara4.it\\\/wp-content\\\/uploads\\\/2015\\\/06\\\/logo.png\",\"contentUrl\":\"https:\\\/\\\/stagingpalara4.it\\\/wp-content\\\/uploads\\\/2015\\\/06\\\/logo.png\",\"width\":800,\"height\":189,\"caption\":\"Palara Gianluca & C. S.a.s\"},\"image\":{\"@id\":\"http:\\\/\\\/www.palarasol.it\\\/de\\\/#\\\/schema\\\/logo\\\/image\\\/\"},\"sameAs\":[\"https:\\\/\\\/www.facebook.com\\\/palarasol\",\"https:\\\/\\\/x.com\\\/palarasol\"]}]}<\/script>\n<!-- \/ Yoast SEO plugin. -->","yoast_head_json":{"title":"Streugutbasis f\u00fcr Sonnenschirme - Made in Italy - Palarasol","description":"K\u00f6rnerfu\u00df f\u00fcr Sonnenschirme mit 38 mm Rohr Gewicht: 15kg Gr\u00f6\u00dfe: \u00f8 42 cm Made in Italy. Maffei.","robots":{"index":"index","follow":"follow","max-snippet":"max-snippet:-1","max-image-preview":"max-image-preview:large","max-video-preview":"max-video-preview:-1"},"canonical":"https:\/\/www.palarasol.it\/de\/shop\/staender\/waschbeton-stander-kg-15\/","og_locale":"de_DE","og_type":"article","og_title":"Streugutbasis f\u00fcr Sonnenschirme - Made in Italy - Palarasol","og_description":"K\u00f6rnerfu\u00df f\u00fcr Sonnenschirme mit 38 mm Rohr Gewicht: 15kg Gr\u00f6\u00dfe: \u00f8 42 cm Made in Italy. Maffei.","og_url":"https:\/\/www.palarasol.it\/de\/shop\/staender\/waschbeton-stander-kg-15\/","og_site_name":"Palarasol","article_publisher":"https:\/\/www.facebook.com\/palarasol","article_modified_time":"2025-07-24T10:26:14+00:00","og_image":[{"width":1000,"height":1000,"url":"https:\/\/www.palarasol.it\/wp-content\/uploads\/2017\/07\/301.jpg","type":"image\/jpeg"}],"twitter_card":"summary_large_image","twitter_site":"@palarasol","schema":{"@context":"https:\/\/schema.org","@graph":[{"@type":"WebPage","@id":"https:\/\/www.palarasol.it\/de\/shop\/staender\/waschbeton-stander-kg-15\/","url":"https:\/\/www.palarasol.it\/de\/shop\/staender\/waschbeton-stander-kg-15\/","name":"Streugutbasis f\u00fcr Sonnenschirme - Made in Italy - Palarasol","isPartOf":{"@id":"http:\/\/www.palarasol.it\/de\/#website"},"primaryImageOfPage":{"@id":"https:\/\/www.palarasol.it\/de\/shop\/staender\/waschbeton-stander-kg-15\/#primaryimage"},"image":{"@id":"https:\/\/www.palarasol.it\/de\/shop\/staender\/waschbeton-stander-kg-15\/#primaryimage"},"thumbnailUrl":"https:\/\/www.palarasol.it\/wp-content\/uploads\/2017\/07\/301.jpg","datePublished":"2018-02-09T16:32:58+00:00","dateModified":"2025-07-24T10:26:14+00:00","description":"K\u00f6rnerfu\u00df f\u00fcr Sonnenschirme mit 38 mm Rohr Gewicht: 15kg Gr\u00f6\u00dfe: \u00f8 42 cm Made in Italy. Maffei.","breadcrumb":{"@id":"https:\/\/www.palarasol.it\/de\/shop\/staender\/waschbeton-stander-kg-15\/#breadcrumb"},"inLanguage":"de","potentialAction":[{"@type":"ReadAction","target":["https:\/\/www.palarasol.it\/de\/shop\/staender\/waschbeton-stander-kg-15\/"]}]},{"@type":"ImageObject","inLanguage":"de","@id":"https:\/\/www.palarasol.it\/de\/shop\/staender\/waschbeton-stander-kg-15\/#primaryimage","url":"https:\/\/www.palarasol.it\/wp-content\/uploads\/2017\/07\/301.jpg","contentUrl":"https:\/\/www.palarasol.it\/wp-content\/uploads\/2017\/07\/301.jpg","width":1000,"height":1000,"caption":"Waschbetonst\u00e4nder"},{"@type":"BreadcrumbList","@id":"https:\/\/www.palarasol.it\/de\/shop\/staender\/waschbeton-stander-kg-15\/#breadcrumb","itemListElement":[{"@type":"ListItem","position":1,"name":"Home","item":"https:\/\/www.palarasol.it\/de\/55761-2\/"},{"@type":"ListItem","position":2,"name":"Shop","item":"http:\/\/stagingpalara4.it\/negozio\/"},{"@type":"ListItem","position":3,"name":"St\u00e4nder","item":"https:\/\/www.palarasol.it\/de\/produkt-kategorie\/staender\/"},{"@type":"ListItem","position":4,"name":"K\u00f6rnung Basis kg.15"}]},{"@type":"WebSite","@id":"http:\/\/www.palarasol.it\/de\/#website","url":"http:\/\/www.palarasol.it\/de\/","name":"Palarasol","description":"","publisher":{"@id":"http:\/\/www.palarasol.it\/de\/#organization"},"potentialAction":[{"@type":"SearchAction","target":{"@type":"EntryPoint","urlTemplate":"http:\/\/www.palarasol.it\/de\/?s={search_term_string}"},"query-input":{"@type":"PropertyValueSpecification","valueRequired":true,"valueName":"search_term_string"}}],"inLanguage":"de"},{"@type":"Organization","@id":"http:\/\/www.palarasol.it\/de\/#organization","name":"Palara Gianluca & C. S.a.s","url":"http:\/\/www.palarasol.it\/de\/","logo":{"@type":"ImageObject","inLanguage":"de","@id":"http:\/\/www.palarasol.it\/de\/#\/schema\/logo\/image\/","url":"https:\/\/stagingpalara4.it\/wp-content\/uploads\/2015\/06\/logo.png","contentUrl":"https:\/\/stagingpalara4.it\/wp-content\/uploads\/2015\/06\/logo.png","width":800,"height":189,"caption":"Palara Gianluca & C. S.a.s"},"image":{"@id":"http:\/\/www.palarasol.it\/de\/#\/schema\/logo\/image\/"},"sameAs":["https:\/\/www.facebook.com\/palarasol","https:\/\/x.com\/palarasol"]}]}},"_links":{"self":[{"href":"https:\/\/www.palarasol.it\/de\/wp-json\/wp\/v2\/product\/56395","targetHints":{"allow":["GET"]}}],"collection":[{"href":"https:\/\/www.palarasol.it\/de\/wp-json\/wp\/v2\/product"}],"about":[{"href":"https:\/\/www.palarasol.it\/de\/wp-json\/wp\/v2\/types\/product"}],"version-history":[{"count":0,"href":"https:\/\/www.palarasol.it\/de\/wp-json\/wp\/v2\/product\/56395\/revisions"}],"wp:featuredmedia":[{"embeddable":true,"href":"https:\/\/www.palarasol.it\/de\/wp-json\/wp\/v2\/media\/56396"}],"wp:attachment":[{"href":"https:\/\/www.palarasol.it\/de\/wp-json\/wp\/v2\/media?parent=56395"}],"wp:term":[{"taxonomy":"product_brand","embeddable":true,"href":"https:\/\/www.palarasol.it\/de\/wp-json\/wp\/v2\/product_brand?post=56395"},{"taxonomy":"product_cat","embeddable":true,"href":"https:\/\/www.palarasol.it\/de\/wp-json\/wp\/v2\/product_cat?post=56395"},{"taxonomy":"product_tag","embeddable":true,"href":"https:\/\/www.palarasol.it\/de\/wp-json\/wp\/v2\/product_tag?post=56395"}],"curies":[{"name":"wp","href":"https:\/\/api.w.org\/{rel}","templated":true}]}}