{"id":56418,"date":"2018-02-08T15:53:40","date_gmt":"2018-02-08T14:53:40","guid":{"rendered":"https:\/\/stagingpalara4.it\/shop\/unkategorisiert\/stander-holzoptik-kg-40-2\/"},"modified":"2025-07-24T11:59:41","modified_gmt":"2025-07-24T09:59:41","slug":"stander-holzoptik-kg-40-2","status":"publish","type":"product","link":"https:\/\/www.palarasol.it\/de\/shop\/staender\/stander-holzoptik-kg-40-2\/","title":{"rendered":"Sockel in Holzoptik kg.40"},"content":{"rendered":"<p><strong>Material<\/strong>: Beton in Holzoptik<br \/>\n<strong>Farbe:<\/strong> braun<br \/>\nVerzinktes Stahl-Zentralrohr 45mm \/ 55mm \/65mm<br \/>\nF\u00fcr Sonnenschirme mit 40mm bis 50mm Stange<br \/>\nDer Sockel besteht aus 2 \u00fcberlappenden Fliesen<br \/>\nSchutz f\u00fcr empfindliche B\u00f6den<br \/>\n<strong>Gewicht:<\/strong> 40kg<br \/>\n<strong>Ma\u00dfe:<\/strong> 50x50x7,2 cm<br \/>\nEXKLUSIVES Maffei Produkt.<br \/>\n<strong>Hergestellt in Italien<\/strong>.<\/p>\n","protected":false},"excerpt":{"rendered":"<p>Material: Beton in Holzoptik Farbe: braun Verzinktes Stahl-Zentralrohr 45mm \/ 55mm \/65mm F\u00fcr Sonnenschirme mit 40mm bis 50mm Stange Der Sockel besteht aus 2 \u00fcberlappenden Fliesen Schutz f\u00fcr empfindliche B\u00f6den Gewicht: 40kg Ma\u00dfe: 50x50x7,2 cm EXKLUSIVES Maffei Produkt. Hergestellt in Italien.<\/p>\n","protected":false},"featured_media":56420,"template":"","meta":{"_acf_changed":false,"_monsterinsights_skip_tracking":false,"_monsterinsights_sitenote_active":false,"_monsterinsights_sitenote_note":"","_monsterinsights_sitenote_category":0},"product_brand":[],"product_cat":[607],"product_tag":[663,677,503,558,657,658,675],"class_list":{"0":"post-56418","1":"product","2":"type-product","3":"status-publish","4":"has-post-thumbnail","6":"product_cat-staender","7":"product_tag-betonstander","8":"product_tag-brauner-stander","9":"product_tag-made-in-italy-de","10":"product_tag-maffei-de","11":"product_tag-sonnenschirmstander","12":"product_tag-stander","13":"product_tag-stander-holzoptik","14":"product_shipping_class-schwer","16":"first","17":"instock","18":"shipping-taxable","19":"purchasable","20":"product-type-variable"},"acf":[],"yoast_head":"<!-- This site is optimized with the Yoast SEO plugin v27.2 - https:\/\/yoast.com\/product\/yoast-seo-wordpress\/ -->\n<title>Zementsockel mit Holzeffekt - Hergestellt in Italien - Palarasol<\/title>\n<meta name=\"description\" content=\"Betonsockel in Holzoptik. Farbe: wei\u00df Zentrales Rohr aus verzinktem Stahl F\u00fcr Sonnenschirme mit 40mm bis 50mm Stange. Hergestellt in Italien. EXKLUSIV Maffei.\" \/>\n<meta name=\"robots\" content=\"index, follow, max-snippet:-1, max-image-preview:large, max-video-preview:-1\" \/>\n<link rel=\"canonical\" href=\"https:\/\/www.palarasol.it\/de\/shop\/staender\/stander-holzoptik-kg-40-2\/\" \/>\n<meta property=\"og:locale\" content=\"de_DE\" \/>\n<meta property=\"og:type\" content=\"article\" \/>\n<meta property=\"og:title\" content=\"Zementsockel mit Holzeffekt - Hergestellt in Italien - Palarasol\" \/>\n<meta property=\"og:description\" content=\"Betonsockel in Holzoptik. Farbe: wei\u00df Zentrales Rohr aus verzinktem Stahl F\u00fcr Sonnenschirme mit 40mm bis 50mm Stange. Hergestellt in Italien. EXKLUSIV Maffei.\" \/>\n<meta property=\"og:url\" content=\"https:\/\/www.palarasol.it\/de\/shop\/staender\/stander-holzoptik-kg-40-2\/\" \/>\n<meta property=\"og:site_name\" content=\"Palarasol\" \/>\n<meta property=\"article:publisher\" content=\"https:\/\/www.facebook.com\/palarasol\" \/>\n<meta property=\"article:modified_time\" content=\"2025-07-24T09:59:41+00:00\" \/>\n<meta property=\"og:image\" content=\"https:\/\/www.palarasol.it\/wp-content\/uploads\/2018\/02\/304x-ma-55.jpg\" \/>\n\t<meta property=\"og:image:width\" content=\"1000\" \/>\n\t<meta property=\"og:image:height\" content=\"1000\" \/>\n\t<meta property=\"og:image:type\" content=\"image\/jpeg\" \/>\n<meta name=\"twitter:card\" content=\"summary_large_image\" \/>\n<meta name=\"twitter:site\" content=\"@palarasol\" \/>\n<script type=\"application\/ld+json\" class=\"yoast-schema-graph\">{\"@context\":\"https:\/\/schema.org\",\"@graph\":[{\"@type\":\"WebPage\",\"@id\":\"https:\/\/www.palarasol.it\/de\/shop\/staender\/stander-holzoptik-kg-40-2\/\",\"url\":\"https:\/\/www.palarasol.it\/de\/shop\/staender\/stander-holzoptik-kg-40-2\/\",\"name\":\"Zementsockel mit Holzeffekt - Hergestellt in Italien - Palarasol\",\"isPartOf\":{\"@id\":\"http:\/\/www.palarasol.it\/de\/#website\"},\"primaryImageOfPage\":{\"@id\":\"https:\/\/www.palarasol.it\/de\/shop\/staender\/stander-holzoptik-kg-40-2\/#primaryimage\"},\"image\":{\"@id\":\"https:\/\/www.palarasol.it\/de\/shop\/staender\/stander-holzoptik-kg-40-2\/#primaryimage\"},\"thumbnailUrl\":\"https:\/\/www.palarasol.it\/wp-content\/uploads\/2018\/02\/304x-ma-55.jpg\",\"datePublished\":\"2018-02-08T14:53:40+00:00\",\"dateModified\":\"2025-07-24T09:59:41+00:00\",\"description\":\"Betonsockel in Holzoptik. Farbe: wei\u00df Zentrales Rohr aus verzinktem Stahl F\u00fcr Sonnenschirme mit 40mm bis 50mm Stange. Hergestellt in Italien. EXKLUSIV Maffei.\",\"breadcrumb\":{\"@id\":\"https:\/\/www.palarasol.it\/de\/shop\/staender\/stander-holzoptik-kg-40-2\/#breadcrumb\"},\"inLanguage\":\"de\",\"potentialAction\":[{\"@type\":\"ReadAction\",\"target\":[\"https:\/\/www.palarasol.it\/de\/shop\/staender\/stander-holzoptik-kg-40-2\/\"]}]},{\"@type\":\"ImageObject\",\"inLanguage\":\"de\",\"@id\":\"https:\/\/www.palarasol.it\/de\/shop\/staender\/stander-holzoptik-kg-40-2\/#primaryimage\",\"url\":\"https:\/\/www.palarasol.it\/wp-content\/uploads\/2018\/02\/304x-ma-55.jpg\",\"contentUrl\":\"https:\/\/www.palarasol.it\/wp-content\/uploads\/2018\/02\/304x-ma-55.jpg\",\"width\":1000,\"height\":1000,\"caption\":\"brauner St\u00e4nder kg40\"},{\"@type\":\"BreadcrumbList\",\"@id\":\"https:\/\/www.palarasol.it\/de\/shop\/staender\/stander-holzoptik-kg-40-2\/#breadcrumb\",\"itemListElement\":[{\"@type\":\"ListItem\",\"position\":1,\"name\":\"Home\",\"item\":\"https:\/\/www.palarasol.it\/de\/55761-2\/\"},{\"@type\":\"ListItem\",\"position\":2,\"name\":\"Shop\",\"item\":\"http:\/\/stagingpalara4.it\/negozio\/\"},{\"@type\":\"ListItem\",\"position\":3,\"name\":\"St\u00e4nder\",\"item\":\"https:\/\/www.palarasol.it\/de\/produkt-kategorie\/staender\/\"},{\"@type\":\"ListItem\",\"position\":4,\"name\":\"Sockel in Holzoptik kg.40\"}]},{\"@type\":\"WebSite\",\"@id\":\"http:\/\/www.palarasol.it\/de\/#website\",\"url\":\"http:\/\/www.palarasol.it\/de\/\",\"name\":\"Palarasol\",\"description\":\"\",\"publisher\":{\"@id\":\"http:\/\/www.palarasol.it\/de\/#organization\"},\"potentialAction\":[{\"@type\":\"SearchAction\",\"target\":{\"@type\":\"EntryPoint\",\"urlTemplate\":\"http:\/\/www.palarasol.it\/de\/?s={search_term_string}\"},\"query-input\":{\"@type\":\"PropertyValueSpecification\",\"valueRequired\":true,\"valueName\":\"search_term_string\"}}],\"inLanguage\":\"de\"},{\"@type\":\"Organization\",\"@id\":\"http:\/\/www.palarasol.it\/de\/#organization\",\"name\":\"Palara Gianluca & C. S.a.s\",\"url\":\"http:\/\/www.palarasol.it\/de\/\",\"logo\":{\"@type\":\"ImageObject\",\"inLanguage\":\"de\",\"@id\":\"http:\/\/www.palarasol.it\/de\/#\/schema\/logo\/image\/\",\"url\":\"https:\/\/stagingpalara4.it\/wp-content\/uploads\/2015\/06\/logo.png\",\"contentUrl\":\"https:\/\/stagingpalara4.it\/wp-content\/uploads\/2015\/06\/logo.png\",\"width\":800,\"height\":189,\"caption\":\"Palara Gianluca & C. S.a.s\"},\"image\":{\"@id\":\"http:\/\/www.palarasol.it\/de\/#\/schema\/logo\/image\/\"},\"sameAs\":[\"https:\/\/www.facebook.com\/palarasol\",\"https:\/\/x.com\/palarasol\"]}]}<\/script>\n<!-- \/ Yoast SEO plugin. -->","yoast_head_json":{"title":"Zementsockel mit Holzeffekt - Hergestellt in Italien - Palarasol","description":"Betonsockel in Holzoptik. Farbe: wei\u00df Zentrales Rohr aus verzinktem Stahl F\u00fcr Sonnenschirme mit 40mm bis 50mm Stange. Hergestellt in Italien. EXKLUSIV Maffei.","robots":{"index":"index","follow":"follow","max-snippet":"max-snippet:-1","max-image-preview":"max-image-preview:large","max-video-preview":"max-video-preview:-1"},"canonical":"https:\/\/www.palarasol.it\/de\/shop\/staender\/stander-holzoptik-kg-40-2\/","og_locale":"de_DE","og_type":"article","og_title":"Zementsockel mit Holzeffekt - Hergestellt in Italien - Palarasol","og_description":"Betonsockel in Holzoptik. Farbe: wei\u00df Zentrales Rohr aus verzinktem Stahl F\u00fcr Sonnenschirme mit 40mm bis 50mm Stange. Hergestellt in Italien. EXKLUSIV Maffei.","og_url":"https:\/\/www.palarasol.it\/de\/shop\/staender\/stander-holzoptik-kg-40-2\/","og_site_name":"Palarasol","article_publisher":"https:\/\/www.facebook.com\/palarasol","article_modified_time":"2025-07-24T09:59:41+00:00","og_image":[{"width":1000,"height":1000,"url":"https:\/\/www.palarasol.it\/wp-content\/uploads\/2018\/02\/304x-ma-55.jpg","type":"image\/jpeg"}],"twitter_card":"summary_large_image","twitter_site":"@palarasol","schema":{"@context":"https:\/\/schema.org","@graph":[{"@type":"WebPage","@id":"https:\/\/www.palarasol.it\/de\/shop\/staender\/stander-holzoptik-kg-40-2\/","url":"https:\/\/www.palarasol.it\/de\/shop\/staender\/stander-holzoptik-kg-40-2\/","name":"Zementsockel mit Holzeffekt - Hergestellt in Italien - Palarasol","isPartOf":{"@id":"http:\/\/www.palarasol.it\/de\/#website"},"primaryImageOfPage":{"@id":"https:\/\/www.palarasol.it\/de\/shop\/staender\/stander-holzoptik-kg-40-2\/#primaryimage"},"image":{"@id":"https:\/\/www.palarasol.it\/de\/shop\/staender\/stander-holzoptik-kg-40-2\/#primaryimage"},"thumbnailUrl":"https:\/\/www.palarasol.it\/wp-content\/uploads\/2018\/02\/304x-ma-55.jpg","datePublished":"2018-02-08T14:53:40+00:00","dateModified":"2025-07-24T09:59:41+00:00","description":"Betonsockel in Holzoptik. Farbe: wei\u00df Zentrales Rohr aus verzinktem Stahl F\u00fcr Sonnenschirme mit 40mm bis 50mm Stange. Hergestellt in Italien. EXKLUSIV Maffei.","breadcrumb":{"@id":"https:\/\/www.palarasol.it\/de\/shop\/staender\/stander-holzoptik-kg-40-2\/#breadcrumb"},"inLanguage":"de","potentialAction":[{"@type":"ReadAction","target":["https:\/\/www.palarasol.it\/de\/shop\/staender\/stander-holzoptik-kg-40-2\/"]}]},{"@type":"ImageObject","inLanguage":"de","@id":"https:\/\/www.palarasol.it\/de\/shop\/staender\/stander-holzoptik-kg-40-2\/#primaryimage","url":"https:\/\/www.palarasol.it\/wp-content\/uploads\/2018\/02\/304x-ma-55.jpg","contentUrl":"https:\/\/www.palarasol.it\/wp-content\/uploads\/2018\/02\/304x-ma-55.jpg","width":1000,"height":1000,"caption":"brauner St\u00e4nder kg40"},{"@type":"BreadcrumbList","@id":"https:\/\/www.palarasol.it\/de\/shop\/staender\/stander-holzoptik-kg-40-2\/#breadcrumb","itemListElement":[{"@type":"ListItem","position":1,"name":"Home","item":"https:\/\/www.palarasol.it\/de\/55761-2\/"},{"@type":"ListItem","position":2,"name":"Shop","item":"http:\/\/stagingpalara4.it\/negozio\/"},{"@type":"ListItem","position":3,"name":"St\u00e4nder","item":"https:\/\/www.palarasol.it\/de\/produkt-kategorie\/staender\/"},{"@type":"ListItem","position":4,"name":"Sockel in Holzoptik kg.40"}]},{"@type":"WebSite","@id":"http:\/\/www.palarasol.it\/de\/#website","url":"http:\/\/www.palarasol.it\/de\/","name":"Palarasol","description":"","publisher":{"@id":"http:\/\/www.palarasol.it\/de\/#organization"},"potentialAction":[{"@type":"SearchAction","target":{"@type":"EntryPoint","urlTemplate":"http:\/\/www.palarasol.it\/de\/?s={search_term_string}"},"query-input":{"@type":"PropertyValueSpecification","valueRequired":true,"valueName":"search_term_string"}}],"inLanguage":"de"},{"@type":"Organization","@id":"http:\/\/www.palarasol.it\/de\/#organization","name":"Palara Gianluca & C. S.a.s","url":"http:\/\/www.palarasol.it\/de\/","logo":{"@type":"ImageObject","inLanguage":"de","@id":"http:\/\/www.palarasol.it\/de\/#\/schema\/logo\/image\/","url":"https:\/\/stagingpalara4.it\/wp-content\/uploads\/2015\/06\/logo.png","contentUrl":"https:\/\/stagingpalara4.it\/wp-content\/uploads\/2015\/06\/logo.png","width":800,"height":189,"caption":"Palara Gianluca & C. S.a.s"},"image":{"@id":"http:\/\/www.palarasol.it\/de\/#\/schema\/logo\/image\/"},"sameAs":["https:\/\/www.facebook.com\/palarasol","https:\/\/x.com\/palarasol"]}]}},"_links":{"self":[{"href":"https:\/\/www.palarasol.it\/de\/wp-json\/wp\/v2\/product\/56418","targetHints":{"allow":["GET"]}}],"collection":[{"href":"https:\/\/www.palarasol.it\/de\/wp-json\/wp\/v2\/product"}],"about":[{"href":"https:\/\/www.palarasol.it\/de\/wp-json\/wp\/v2\/types\/product"}],"version-history":[{"count":0,"href":"https:\/\/www.palarasol.it\/de\/wp-json\/wp\/v2\/product\/56418\/revisions"}],"wp:featuredmedia":[{"embeddable":true,"href":"https:\/\/www.palarasol.it\/de\/wp-json\/wp\/v2\/media\/56420"}],"wp:attachment":[{"href":"https:\/\/www.palarasol.it\/de\/wp-json\/wp\/v2\/media?parent=56418"}],"wp:term":[{"taxonomy":"product_brand","embeddable":true,"href":"https:\/\/www.palarasol.it\/de\/wp-json\/wp\/v2\/product_brand?post=56418"},{"taxonomy":"product_cat","embeddable":true,"href":"https:\/\/www.palarasol.it\/de\/wp-json\/wp\/v2\/product_cat?post=56418"},{"taxonomy":"product_tag","embeddable":true,"href":"https:\/\/www.palarasol.it\/de\/wp-json\/wp\/v2\/product_tag?post=56418"}],"curies":[{"name":"wp","href":"https:\/\/api.w.org\/{rel}","templated":true}]}}