{"id":56478,"date":"2017-10-17T10:39:58","date_gmt":"2017-10-17T08:39:58","guid":{"rendered":"https:\/\/stagingpalara4.it\/shop\/unkategorisiert\/fibrasol-wood-basic-eckig-kopie-2\/"},"modified":"2021-04-14T11:31:01","modified_gmt":"2021-04-14T09:31:01","slug":"fibrasol-holz-300x300-cm","status":"publish","type":"product","link":"https:\/\/www.palarasol.it\/de\/shop\/sonnenschirme\/fibrasol-holz-300x300-cm\/","title":{"rendered":"Fibrasol Wood cm 300&#215;300"},"content":{"rendered":"<p><strong>Material<\/strong><br \/>\nModell ohne Lenkr\u00e4der: Polyester PolyMa 210 gr<br \/>\nModell mit Lenkr\u00e4dern: Dralon Acryl 300 gr (nur Ecru)<br \/>\n<strong>Lichtechtheit<\/strong>: 6+.<br \/>\nUV Schutz 50+<\/p>\n<p>Wasserabweisend<br \/>\nAnti-Schimmel<br \/>\nMit Wind\u00f6ffnung<br \/>\nSchlingenverschlu\u00df<\/p>\n<p>Gr\u00f6\u03b2e cm 300&#215;300<br \/>\nH\u00f6he cm 340<\/p>\n<p><strong>GESTELL<\/strong><br \/>\nDank seiner wundervollen Festigkeit und Elastizit\u00e4t ist das Gestell aus Glasfaser deutlich stabiler als ein \u00e4hnliches Gestell aus Holz oder Aluminium. Glasfaser kann n\u00e4mlich pl\u00f6tzliche Krafteinwirkungen perfekt absorbieren<br \/>\nHolzoptik, mit Stock mm 91\u00d791 mit Dacromet-Verbinder und 8 austauschbare Streben aus Glasfaser, Farbe Teak<br \/>\nT-Plattenst\u00e4nder aus Dacromet, um 360\u00b0 drehbar, mit Doppelschnecke.<br \/>\nSeilwinde aus Alu; Seil und Schrauben aus Edelstahl.<br \/>\nGELIEFERT MIT dem T-Plattenst\u00e4nder wie in der Fotografie.<br \/>\nGewicht f\u00fcr Fuss &gt; kg 120. Platten sind nicht inklusive.<br \/>\nMytex-Schutzfutter<a href=\"https:\/\/www.palarasol.it\/shop\/fodere\/maffei-art-923-fodera-ombrelloni-laterali-3x4-tessuto-impermeabile-traspirante\/\"><strong> Art.923<\/strong><\/a> im<strong> TRIBUT<br \/>\n<\/strong><strong> Hergestellt in Italien.<\/strong><\/p>\n","protected":false},"excerpt":{"rendered":"<p>Art. 157Q Fibrasol Maffei cm 300 x 300\/8 h cm 340<\/p>\n<p><a href=\"https:\/\/www.palarasol.it\/wp-content\/uploads\/2017\/10\/157q_basic-1.jpg\"><img decoding=\"async\" class=\"alignnone size-full wp-image-9889\" src=\"https:\/\/www.palarasol.it\/wp-content\/uploads\/2017\/10\/157q_basic-1.jpg\" alt=\"157q basic schema\" width=\"277\" height=\"139\" \/><\/a><\/p>\n","protected":false},"featured_media":74007,"template":"","meta":{"_acf_changed":false,"_monsterinsights_skip_tracking":false,"_monsterinsights_sitenote_active":false,"_monsterinsights_sitenote_note":"","_monsterinsights_sitenote_category":0},"product_brand":[],"product_cat":[563,508],"product_tag":[593,601,553,503,734,526,568,509,506,561],"class_list":{"0":"post-56478","1":"product","2":"type-product","3":"status-publish","4":"has-post-thumbnail","6":"product_cat-ampelschirme","7":"product_cat-sonnenschirme","8":"product_tag-ampelschirm-de","9":"product_tag-eckiger-sonnenschirm","10":"product_tag-gross","11":"product_tag-made-in-italy-de","12":"product_tag-ombrelloni-maffei-de","13":"product_tag-polyester-de","14":"product_tag-sonnenschirm-fur-garten","15":"product_tag-sonnenschirme","16":"product_tag-uv-schutz","17":"product_tag-wasserabstosend-impragniert","19":"first","20":"instock","21":"shipping-taxable","22":"purchasable","23":"product-type-variable"},"acf":[],"yoast_head":"<!-- This site is optimized with the Yoast SEO plugin v27.2 - https:\/\/yoast.com\/product\/yoast-seo-wordpress\/ -->\n<title>Fibrasol eckig Wood Basic Maffei Made in Italy- Palarasol<\/title>\n<meta name=\"description\" content=\"Fibrasol eckig Wood Basic Stoff: PolyMa Polyester gr 210, wasserabsto\u03b2end impr\u00e4gniert, verrottungsfest, mit Wind\u00f6ffnung, Gr\u00f6\u03b2e cm 300\u00d7300 H\u00f6he cm 340\" \/>\n<meta name=\"robots\" content=\"index, follow, max-snippet:-1, max-image-preview:large, max-video-preview:-1\" \/>\n<link rel=\"canonical\" href=\"https:\/\/www.palarasol.it\/de\/shop\/sonnenschirme\/fibrasol-holz-300x300-cm\/\" \/>\n<meta property=\"og:locale\" content=\"de_DE\" \/>\n<meta property=\"og:type\" content=\"article\" \/>\n<meta property=\"og:title\" content=\"Fibrasol eckig Wood Basic Maffei Made in Italy- Palarasol\" \/>\n<meta property=\"og:description\" content=\"Fibrasol eckig Wood Basic Stoff: PolyMa Polyester gr 210, wasserabsto\u03b2end impr\u00e4gniert, verrottungsfest, mit Wind\u00f6ffnung, Gr\u00f6\u03b2e cm 300\u00d7300 H\u00f6he cm 340\" \/>\n<meta property=\"og:url\" content=\"https:\/\/www.palarasol.it\/de\/shop\/sonnenschirme\/fibrasol-holz-300x300-cm\/\" \/>\n<meta property=\"og:site_name\" content=\"Palarasol\" \/>\n<meta property=\"article:publisher\" content=\"https:\/\/www.facebook.com\/palarasol\" \/>\n<meta property=\"article:modified_time\" content=\"2021-04-14T09:31:01+00:00\" \/>\n<meta property=\"og:image\" content=\"https:\/\/www.palarasol.it\/wp-content\/uploads\/2017\/10\/fibrasol-art157basic-q.jpg\" \/>\n\t<meta property=\"og:image:width\" content=\"1200\" \/>\n\t<meta property=\"og:image:height\" content=\"800\" \/>\n\t<meta property=\"og:image:type\" content=\"image\/jpeg\" \/>\n<meta name=\"twitter:card\" content=\"summary_large_image\" \/>\n<meta name=\"twitter:site\" content=\"@palarasol\" \/>\n<meta name=\"twitter:label1\" content=\"Gesch\u00e4tzte Lesezeit\" \/>\n\t<meta name=\"twitter:data1\" content=\"1\u00a0Minute\" \/>\n<script type=\"application\/ld+json\" class=\"yoast-schema-graph\">{\"@context\":\"https:\/\/schema.org\",\"@graph\":[{\"@type\":\"WebPage\",\"@id\":\"https:\/\/www.palarasol.it\/de\/shop\/sonnenschirme\/fibrasol-holz-300x300-cm\/\",\"url\":\"https:\/\/www.palarasol.it\/de\/shop\/sonnenschirme\/fibrasol-holz-300x300-cm\/\",\"name\":\"Fibrasol eckig Wood Basic Maffei Made in Italy- Palarasol\",\"isPartOf\":{\"@id\":\"http:\/\/www.palarasol.it\/de\/#website\"},\"primaryImageOfPage\":{\"@id\":\"https:\/\/www.palarasol.it\/de\/shop\/sonnenschirme\/fibrasol-holz-300x300-cm\/#primaryimage\"},\"image\":{\"@id\":\"https:\/\/www.palarasol.it\/de\/shop\/sonnenschirme\/fibrasol-holz-300x300-cm\/#primaryimage\"},\"thumbnailUrl\":\"https:\/\/www.palarasol.it\/wp-content\/uploads\/2017\/10\/fibrasol-art157basic-q.jpg\",\"datePublished\":\"2017-10-17T08:39:58+00:00\",\"dateModified\":\"2021-04-14T09:31:01+00:00\",\"description\":\"Fibrasol eckig Wood Basic Stoff: PolyMa Polyester gr 210, wasserabsto\u03b2end impr\u00e4gniert, verrottungsfest, mit Wind\u00f6ffnung, Gr\u00f6\u03b2e cm 300\u00d7300 H\u00f6he cm 340\",\"breadcrumb\":{\"@id\":\"https:\/\/www.palarasol.it\/de\/shop\/sonnenschirme\/fibrasol-holz-300x300-cm\/#breadcrumb\"},\"inLanguage\":\"de\",\"potentialAction\":[{\"@type\":\"ReadAction\",\"target\":[\"https:\/\/www.palarasol.it\/de\/shop\/sonnenschirme\/fibrasol-holz-300x300-cm\/\"]}]},{\"@type\":\"ImageObject\",\"inLanguage\":\"de\",\"@id\":\"https:\/\/www.palarasol.it\/de\/shop\/sonnenschirme\/fibrasol-holz-300x300-cm\/#primaryimage\",\"url\":\"https:\/\/www.palarasol.it\/wp-content\/uploads\/2017\/10\/fibrasol-art157basic-q.jpg\",\"contentUrl\":\"https:\/\/www.palarasol.it\/wp-content\/uploads\/2017\/10\/fibrasol-art157basic-q.jpg\",\"width\":1200,\"height\":800,\"caption\":\"fibrasol art157 basic q\"},{\"@type\":\"BreadcrumbList\",\"@id\":\"https:\/\/www.palarasol.it\/de\/shop\/sonnenschirme\/fibrasol-holz-300x300-cm\/#breadcrumb\",\"itemListElement\":[{\"@type\":\"ListItem\",\"position\":1,\"name\":\"Home\",\"item\":\"https:\/\/www.palarasol.it\/de\/55761-2\/\"},{\"@type\":\"ListItem\",\"position\":2,\"name\":\"Shop\",\"item\":\"http:\/\/stagingpalara4.it\/negozio\/\"},{\"@type\":\"ListItem\",\"position\":3,\"name\":\"Ampelschirme\",\"item\":\"https:\/\/www.palarasol.it\/de\/produkt-kategorie\/ampelschirme\/\"},{\"@type\":\"ListItem\",\"position\":4,\"name\":\"Fibrasol Wood cm 300&#215;300\"}]},{\"@type\":\"WebSite\",\"@id\":\"http:\/\/www.palarasol.it\/de\/#website\",\"url\":\"http:\/\/www.palarasol.it\/de\/\",\"name\":\"Palarasol\",\"description\":\"\",\"publisher\":{\"@id\":\"http:\/\/www.palarasol.it\/de\/#organization\"},\"potentialAction\":[{\"@type\":\"SearchAction\",\"target\":{\"@type\":\"EntryPoint\",\"urlTemplate\":\"http:\/\/www.palarasol.it\/de\/?s={search_term_string}\"},\"query-input\":{\"@type\":\"PropertyValueSpecification\",\"valueRequired\":true,\"valueName\":\"search_term_string\"}}],\"inLanguage\":\"de\"},{\"@type\":\"Organization\",\"@id\":\"http:\/\/www.palarasol.it\/de\/#organization\",\"name\":\"Palara Gianluca & C. S.a.s\",\"url\":\"http:\/\/www.palarasol.it\/de\/\",\"logo\":{\"@type\":\"ImageObject\",\"inLanguage\":\"de\",\"@id\":\"http:\/\/www.palarasol.it\/de\/#\/schema\/logo\/image\/\",\"url\":\"https:\/\/stagingpalara4.it\/wp-content\/uploads\/2015\/06\/logo.png\",\"contentUrl\":\"https:\/\/stagingpalara4.it\/wp-content\/uploads\/2015\/06\/logo.png\",\"width\":800,\"height\":189,\"caption\":\"Palara Gianluca & C. S.a.s\"},\"image\":{\"@id\":\"http:\/\/www.palarasol.it\/de\/#\/schema\/logo\/image\/\"},\"sameAs\":[\"https:\/\/www.facebook.com\/palarasol\",\"https:\/\/x.com\/palarasol\"]}]}<\/script>\n<!-- \/ Yoast SEO plugin. -->","yoast_head_json":{"title":"Fibrasol eckig Wood Basic Maffei Made in Italy- Palarasol","description":"Fibrasol eckig Wood Basic Stoff: PolyMa Polyester gr 210, wasserabsto\u03b2end impr\u00e4gniert, verrottungsfest, mit Wind\u00f6ffnung, Gr\u00f6\u03b2e cm 300\u00d7300 H\u00f6he cm 340","robots":{"index":"index","follow":"follow","max-snippet":"max-snippet:-1","max-image-preview":"max-image-preview:large","max-video-preview":"max-video-preview:-1"},"canonical":"https:\/\/www.palarasol.it\/de\/shop\/sonnenschirme\/fibrasol-holz-300x300-cm\/","og_locale":"de_DE","og_type":"article","og_title":"Fibrasol eckig Wood Basic Maffei Made in Italy- Palarasol","og_description":"Fibrasol eckig Wood Basic Stoff: PolyMa Polyester gr 210, wasserabsto\u03b2end impr\u00e4gniert, verrottungsfest, mit Wind\u00f6ffnung, Gr\u00f6\u03b2e cm 300\u00d7300 H\u00f6he cm 340","og_url":"https:\/\/www.palarasol.it\/de\/shop\/sonnenschirme\/fibrasol-holz-300x300-cm\/","og_site_name":"Palarasol","article_publisher":"https:\/\/www.facebook.com\/palarasol","article_modified_time":"2021-04-14T09:31:01+00:00","og_image":[{"width":1200,"height":800,"url":"https:\/\/www.palarasol.it\/wp-content\/uploads\/2017\/10\/fibrasol-art157basic-q.jpg","type":"image\/jpeg"}],"twitter_card":"summary_large_image","twitter_site":"@palarasol","twitter_misc":{"Gesch\u00e4tzte Lesezeit":"1\u00a0Minute"},"schema":{"@context":"https:\/\/schema.org","@graph":[{"@type":"WebPage","@id":"https:\/\/www.palarasol.it\/de\/shop\/sonnenschirme\/fibrasol-holz-300x300-cm\/","url":"https:\/\/www.palarasol.it\/de\/shop\/sonnenschirme\/fibrasol-holz-300x300-cm\/","name":"Fibrasol eckig Wood Basic Maffei Made in Italy- Palarasol","isPartOf":{"@id":"http:\/\/www.palarasol.it\/de\/#website"},"primaryImageOfPage":{"@id":"https:\/\/www.palarasol.it\/de\/shop\/sonnenschirme\/fibrasol-holz-300x300-cm\/#primaryimage"},"image":{"@id":"https:\/\/www.palarasol.it\/de\/shop\/sonnenschirme\/fibrasol-holz-300x300-cm\/#primaryimage"},"thumbnailUrl":"https:\/\/www.palarasol.it\/wp-content\/uploads\/2017\/10\/fibrasol-art157basic-q.jpg","datePublished":"2017-10-17T08:39:58+00:00","dateModified":"2021-04-14T09:31:01+00:00","description":"Fibrasol eckig Wood Basic Stoff: PolyMa Polyester gr 210, wasserabsto\u03b2end impr\u00e4gniert, verrottungsfest, mit Wind\u00f6ffnung, Gr\u00f6\u03b2e cm 300\u00d7300 H\u00f6he cm 340","breadcrumb":{"@id":"https:\/\/www.palarasol.it\/de\/shop\/sonnenschirme\/fibrasol-holz-300x300-cm\/#breadcrumb"},"inLanguage":"de","potentialAction":[{"@type":"ReadAction","target":["https:\/\/www.palarasol.it\/de\/shop\/sonnenschirme\/fibrasol-holz-300x300-cm\/"]}]},{"@type":"ImageObject","inLanguage":"de","@id":"https:\/\/www.palarasol.it\/de\/shop\/sonnenschirme\/fibrasol-holz-300x300-cm\/#primaryimage","url":"https:\/\/www.palarasol.it\/wp-content\/uploads\/2017\/10\/fibrasol-art157basic-q.jpg","contentUrl":"https:\/\/www.palarasol.it\/wp-content\/uploads\/2017\/10\/fibrasol-art157basic-q.jpg","width":1200,"height":800,"caption":"fibrasol art157 basic q"},{"@type":"BreadcrumbList","@id":"https:\/\/www.palarasol.it\/de\/shop\/sonnenschirme\/fibrasol-holz-300x300-cm\/#breadcrumb","itemListElement":[{"@type":"ListItem","position":1,"name":"Home","item":"https:\/\/www.palarasol.it\/de\/55761-2\/"},{"@type":"ListItem","position":2,"name":"Shop","item":"http:\/\/stagingpalara4.it\/negozio\/"},{"@type":"ListItem","position":3,"name":"Ampelschirme","item":"https:\/\/www.palarasol.it\/de\/produkt-kategorie\/ampelschirme\/"},{"@type":"ListItem","position":4,"name":"Fibrasol Wood cm 300&#215;300"}]},{"@type":"WebSite","@id":"http:\/\/www.palarasol.it\/de\/#website","url":"http:\/\/www.palarasol.it\/de\/","name":"Palarasol","description":"","publisher":{"@id":"http:\/\/www.palarasol.it\/de\/#organization"},"potentialAction":[{"@type":"SearchAction","target":{"@type":"EntryPoint","urlTemplate":"http:\/\/www.palarasol.it\/de\/?s={search_term_string}"},"query-input":{"@type":"PropertyValueSpecification","valueRequired":true,"valueName":"search_term_string"}}],"inLanguage":"de"},{"@type":"Organization","@id":"http:\/\/www.palarasol.it\/de\/#organization","name":"Palara Gianluca & C. S.a.s","url":"http:\/\/www.palarasol.it\/de\/","logo":{"@type":"ImageObject","inLanguage":"de","@id":"http:\/\/www.palarasol.it\/de\/#\/schema\/logo\/image\/","url":"https:\/\/stagingpalara4.it\/wp-content\/uploads\/2015\/06\/logo.png","contentUrl":"https:\/\/stagingpalara4.it\/wp-content\/uploads\/2015\/06\/logo.png","width":800,"height":189,"caption":"Palara Gianluca & C. S.a.s"},"image":{"@id":"http:\/\/www.palarasol.it\/de\/#\/schema\/logo\/image\/"},"sameAs":["https:\/\/www.facebook.com\/palarasol","https:\/\/x.com\/palarasol"]}]}},"_links":{"self":[{"href":"https:\/\/www.palarasol.it\/de\/wp-json\/wp\/v2\/product\/56478","targetHints":{"allow":["GET"]}}],"collection":[{"href":"https:\/\/www.palarasol.it\/de\/wp-json\/wp\/v2\/product"}],"about":[{"href":"https:\/\/www.palarasol.it\/de\/wp-json\/wp\/v2\/types\/product"}],"version-history":[{"count":0,"href":"https:\/\/www.palarasol.it\/de\/wp-json\/wp\/v2\/product\/56478\/revisions"}],"wp:featuredmedia":[{"embeddable":true,"href":"https:\/\/www.palarasol.it\/de\/wp-json\/wp\/v2\/media\/74007"}],"wp:attachment":[{"href":"https:\/\/www.palarasol.it\/de\/wp-json\/wp\/v2\/media?parent=56478"}],"wp:term":[{"taxonomy":"product_brand","embeddable":true,"href":"https:\/\/www.palarasol.it\/de\/wp-json\/wp\/v2\/product_brand?post=56478"},{"taxonomy":"product_cat","embeddable":true,"href":"https:\/\/www.palarasol.it\/de\/wp-json\/wp\/v2\/product_cat?post=56478"},{"taxonomy":"product_tag","embeddable":true,"href":"https:\/\/www.palarasol.it\/de\/wp-json\/wp\/v2\/product_tag?post=56478"}],"curies":[{"name":"wp","href":"https:\/\/api.w.org\/{rel}","templated":true}]}}