{"id":56845,"date":"2017-07-03T17:54:22","date_gmt":"2017-07-03T15:54:22","guid":{"rendered":"https:\/\/stagingpalara4.it\/shop\/unkategorisiert\/kissen-hochlehner-stuhle\/"},"modified":"2019-01-28T02:16:14","modified_gmt":"2019-01-28T01:16:14","slug":"kissen-hochlehner-stuhle","status":"publish","type":"product","link":"https:\/\/www.palarasol.it\/de\/shop\/zubehoer\/kissen-hochlehner-stuhle\/","title":{"rendered":"Kissen f\u00fcr Hochlehner St\u00fchle"},"content":{"rendered":"<p><strong>Stoff: D<\/strong>ralon gr 190. F\u00fcllung poliuretano senza CFC e ovatta<br \/>\n<strong>Gr\u00f6\u03b2e<\/strong>: R\u00fcckenlehne cm 73, Sitzung cm 42 (Gesamtl\u00e4nge cm 115) Breite cm 45, Dicke cm 5<br \/>\n<strong>Lichtechtheit:<\/strong> 5-7<\/p>\n<p>Farblich abgestimmt auf die Sonnenschirme Maffei Allegro und Kronos<br \/>\n2 Kissen-Set. Mit Schlingen. Abnehmbar mit zip<br \/>\n<strong>Made in Italy<\/strong><\/p>\n","protected":false},"excerpt":{"rendered":"<p>art 720 Maffei cm 115&#215;45 h. cm 5<br \/>\n2 Kissen-Set<\/p>\n<p><a href=\"https:\/\/stagingpalara4.it\/wp-content\/uploads\/2017\/07\/art700_701_cuscini_colori.png\"><img decoding=\"async\" class=\"alignnone size-full wp-image-9991\" src=\"https:\/\/stagingpalara4.it\/wp-content\/uploads\/2017\/07\/art700_701_cuscini_colori.png\" alt=\"art 700 701 cuscini colori\" width=\"495\" height=\"61\" srcset=\"https:\/\/www.palarasol.it\/wp-content\/uploads\/2017\/07\/art700_701_cuscini_colori.png 495w, https:\/\/www.palarasol.it\/wp-content\/uploads\/2017\/07\/art700_701_cuscini_colori-300x37.png 300w\" sizes=\"(max-width: 495px) 100vw, 495px\" \/><\/a><a href=\"https:\/\/stagingpalara4.it\/wp-content\/uploads\/2017\/07\/art720_721_cuscini_allegro_colori.png\"><img decoding=\"async\" class=\"alignnone size-full wp-image-10004\" src=\"https:\/\/stagingpalara4.it\/wp-content\/uploads\/2017\/07\/art720_721_cuscini_allegro_colori.png\" alt=\"art720 721 cuscini allegro colori\" width=\"738\" height=\"59\" \/><\/a><\/p>\n","protected":false},"featured_media":0,"template":"","meta":{"_acf_changed":false,"_monsterinsights_skip_tracking":false,"_monsterinsights_sitenote_active":false,"_monsterinsights_sitenote_note":"","_monsterinsights_sitenote_category":0},"product_brand":[],"product_cat":[608,602],"product_tag":[705,693,692,702,706,503,558],"class_list":{"0":"post-56845","1":"product","2":"type-product","3":"status-publish","5":"product_cat-kissen","6":"product_cat-zubehoer","7":"product_tag-2-kissen-set","8":"product_tag-cuscini-giardino-de","9":"product_tag-cuscini-per-esterno-de","10":"product_tag-kissen-fur-stuhle","11":"product_tag-kissen-fur-stuhle-de","12":"product_tag-made-in-italy-de","13":"product_tag-maffei-de","15":"first","16":"instock","17":"shipping-taxable","18":"purchasable","19":"product-type-variable"},"acf":[],"yoast_head":"<!-- This site is optimized with the Yoast SEO plugin v27.5 - https:\/\/yoast.com\/product\/yoast-seo-wordpress\/ -->\n<title>Kissen f\u00fcr Hochlehner St\u00fchle 2 St\u00fcck-Set - Made in Italy - Palarasol<\/title>\n<meta name=\"description\" content=\"Kissen f\u00fcr Hochlehner St\u00fchle 2 St\u00fcck-Set Made in Italy. F\u00fcllung Polyurethane ohne FCKW+Watte Farblich abgestimmt auf die Sonnenschirme Maffei Allegro und Kronos\" \/>\n<meta name=\"robots\" content=\"index, follow, max-snippet:-1, max-image-preview:large, max-video-preview:-1\" \/>\n<link rel=\"canonical\" href=\"https:\/\/www.palarasol.it\/de\/shop\/zubehoer\/kissen-hochlehner-stuhle\/\" \/>\n<meta property=\"og:locale\" content=\"de_DE\" \/>\n<meta property=\"og:type\" content=\"article\" \/>\n<meta property=\"og:title\" content=\"Kissen f\u00fcr Hochlehner St\u00fchle 2 St\u00fcck-Set - Made in Italy - Palarasol\" \/>\n<meta property=\"og:description\" content=\"Kissen f\u00fcr Hochlehner St\u00fchle 2 St\u00fcck-Set Made in Italy. F\u00fcllung Polyurethane ohne FCKW+Watte Farblich abgestimmt auf die Sonnenschirme Maffei Allegro und Kronos\" \/>\n<meta property=\"og:url\" content=\"https:\/\/www.palarasol.it\/de\/shop\/zubehoer\/kissen-hochlehner-stuhle\/\" \/>\n<meta property=\"og:site_name\" content=\"Palarasol\" \/>\n<meta property=\"article:publisher\" content=\"https:\/\/www.facebook.com\/palarasol\" \/>\n<meta property=\"article:modified_time\" content=\"2019-01-28T01:16:14+00:00\" \/>\n<meta property=\"og:image\" content=\"https:\/\/www.palarasol.it\/wp-content\/uploads\/2015\/06\/cropped-palarasol_home.jpg\" \/>\n\t<meta property=\"og:image:width\" content=\"1950\" \/>\n\t<meta property=\"og:image:height\" content=\"500\" \/>\n\t<meta property=\"og:image:type\" content=\"image\/jpeg\" \/>\n<meta name=\"twitter:card\" content=\"summary_large_image\" \/>\n<meta name=\"twitter:site\" content=\"@palarasol\" \/>\n<script type=\"application\/ld+json\" class=\"yoast-schema-graph\">{\"@context\":\"https:\\\/\\\/schema.org\",\"@graph\":[{\"@type\":\"WebPage\",\"@id\":\"https:\\\/\\\/www.palarasol.it\\\/de\\\/shop\\\/zubehoer\\\/kissen-hochlehner-stuhle\\\/\",\"url\":\"https:\\\/\\\/www.palarasol.it\\\/de\\\/shop\\\/zubehoer\\\/kissen-hochlehner-stuhle\\\/\",\"name\":\"Kissen f\u00fcr Hochlehner St\u00fchle 2 St\u00fcck-Set - Made in Italy - Palarasol\",\"isPartOf\":{\"@id\":\"http:\\\/\\\/www.palarasol.it\\\/de\\\/#website\"},\"datePublished\":\"2017-07-03T15:54:22+00:00\",\"dateModified\":\"2019-01-28T01:16:14+00:00\",\"description\":\"Kissen f\u00fcr Hochlehner St\u00fchle 2 St\u00fcck-Set Made in Italy. F\u00fcllung Polyurethane ohne FCKW+Watte Farblich abgestimmt auf die Sonnenschirme Maffei Allegro und Kronos\",\"breadcrumb\":{\"@id\":\"https:\\\/\\\/www.palarasol.it\\\/de\\\/shop\\\/zubehoer\\\/kissen-hochlehner-stuhle\\\/#breadcrumb\"},\"inLanguage\":\"de\",\"potentialAction\":[{\"@type\":\"ReadAction\",\"target\":[\"https:\\\/\\\/www.palarasol.it\\\/de\\\/shop\\\/zubehoer\\\/kissen-hochlehner-stuhle\\\/\"]}]},{\"@type\":\"BreadcrumbList\",\"@id\":\"https:\\\/\\\/www.palarasol.it\\\/de\\\/shop\\\/zubehoer\\\/kissen-hochlehner-stuhle\\\/#breadcrumb\",\"itemListElement\":[{\"@type\":\"ListItem\",\"position\":1,\"name\":\"Home\",\"item\":\"https:\\\/\\\/www.palarasol.it\\\/de\\\/55761-2\\\/\"},{\"@type\":\"ListItem\",\"position\":2,\"name\":\"Shop\",\"item\":\"http:\\\/\\\/stagingpalara4.it\\\/negozio\\\/\"},{\"@type\":\"ListItem\",\"position\":3,\"name\":\"Kissen\",\"item\":\"https:\\\/\\\/www.palarasol.it\\\/de\\\/produkt-kategorie\\\/kissen\\\/\"},{\"@type\":\"ListItem\",\"position\":4,\"name\":\"Kissen f\u00fcr Hochlehner St\u00fchle\"}]},{\"@type\":\"WebSite\",\"@id\":\"http:\\\/\\\/www.palarasol.it\\\/de\\\/#website\",\"url\":\"http:\\\/\\\/www.palarasol.it\\\/de\\\/\",\"name\":\"Palarasol\",\"description\":\"\",\"publisher\":{\"@id\":\"http:\\\/\\\/www.palarasol.it\\\/de\\\/#organization\"},\"potentialAction\":[{\"@type\":\"SearchAction\",\"target\":{\"@type\":\"EntryPoint\",\"urlTemplate\":\"http:\\\/\\\/www.palarasol.it\\\/de\\\/?s={search_term_string}\"},\"query-input\":{\"@type\":\"PropertyValueSpecification\",\"valueRequired\":true,\"valueName\":\"search_term_string\"}}],\"inLanguage\":\"de\"},{\"@type\":\"Organization\",\"@id\":\"http:\\\/\\\/www.palarasol.it\\\/de\\\/#organization\",\"name\":\"Palara Gianluca & C. S.a.s\",\"url\":\"http:\\\/\\\/www.palarasol.it\\\/de\\\/\",\"logo\":{\"@type\":\"ImageObject\",\"inLanguage\":\"de\",\"@id\":\"http:\\\/\\\/www.palarasol.it\\\/de\\\/#\\\/schema\\\/logo\\\/image\\\/\",\"url\":\"https:\\\/\\\/stagingpalara4.it\\\/wp-content\\\/uploads\\\/2015\\\/06\\\/logo.png\",\"contentUrl\":\"https:\\\/\\\/stagingpalara4.it\\\/wp-content\\\/uploads\\\/2015\\\/06\\\/logo.png\",\"width\":800,\"height\":189,\"caption\":\"Palara Gianluca & C. S.a.s\"},\"image\":{\"@id\":\"http:\\\/\\\/www.palarasol.it\\\/de\\\/#\\\/schema\\\/logo\\\/image\\\/\"},\"sameAs\":[\"https:\\\/\\\/www.facebook.com\\\/palarasol\",\"https:\\\/\\\/x.com\\\/palarasol\"]}]}<\/script>\n<!-- \/ Yoast SEO plugin. -->","yoast_head_json":{"title":"Kissen f\u00fcr Hochlehner St\u00fchle 2 St\u00fcck-Set - Made in Italy - Palarasol","description":"Kissen f\u00fcr Hochlehner St\u00fchle 2 St\u00fcck-Set Made in Italy. F\u00fcllung Polyurethane ohne FCKW+Watte Farblich abgestimmt auf die Sonnenschirme Maffei Allegro und Kronos","robots":{"index":"index","follow":"follow","max-snippet":"max-snippet:-1","max-image-preview":"max-image-preview:large","max-video-preview":"max-video-preview:-1"},"canonical":"https:\/\/www.palarasol.it\/de\/shop\/zubehoer\/kissen-hochlehner-stuhle\/","og_locale":"de_DE","og_type":"article","og_title":"Kissen f\u00fcr Hochlehner St\u00fchle 2 St\u00fcck-Set - Made in Italy - Palarasol","og_description":"Kissen f\u00fcr Hochlehner St\u00fchle 2 St\u00fcck-Set Made in Italy. F\u00fcllung Polyurethane ohne FCKW+Watte Farblich abgestimmt auf die Sonnenschirme Maffei Allegro und Kronos","og_url":"https:\/\/www.palarasol.it\/de\/shop\/zubehoer\/kissen-hochlehner-stuhle\/","og_site_name":"Palarasol","article_publisher":"https:\/\/www.facebook.com\/palarasol","article_modified_time":"2019-01-28T01:16:14+00:00","og_image":[{"width":1950,"height":500,"url":"https:\/\/www.palarasol.it\/wp-content\/uploads\/2015\/06\/cropped-palarasol_home.jpg","type":"image\/jpeg"}],"twitter_card":"summary_large_image","twitter_site":"@palarasol","schema":{"@context":"https:\/\/schema.org","@graph":[{"@type":"WebPage","@id":"https:\/\/www.palarasol.it\/de\/shop\/zubehoer\/kissen-hochlehner-stuhle\/","url":"https:\/\/www.palarasol.it\/de\/shop\/zubehoer\/kissen-hochlehner-stuhle\/","name":"Kissen f\u00fcr Hochlehner St\u00fchle 2 St\u00fcck-Set - Made in Italy - Palarasol","isPartOf":{"@id":"http:\/\/www.palarasol.it\/de\/#website"},"datePublished":"2017-07-03T15:54:22+00:00","dateModified":"2019-01-28T01:16:14+00:00","description":"Kissen f\u00fcr Hochlehner St\u00fchle 2 St\u00fcck-Set Made in Italy. F\u00fcllung Polyurethane ohne FCKW+Watte Farblich abgestimmt auf die Sonnenschirme Maffei Allegro und Kronos","breadcrumb":{"@id":"https:\/\/www.palarasol.it\/de\/shop\/zubehoer\/kissen-hochlehner-stuhle\/#breadcrumb"},"inLanguage":"de","potentialAction":[{"@type":"ReadAction","target":["https:\/\/www.palarasol.it\/de\/shop\/zubehoer\/kissen-hochlehner-stuhle\/"]}]},{"@type":"BreadcrumbList","@id":"https:\/\/www.palarasol.it\/de\/shop\/zubehoer\/kissen-hochlehner-stuhle\/#breadcrumb","itemListElement":[{"@type":"ListItem","position":1,"name":"Home","item":"https:\/\/www.palarasol.it\/de\/55761-2\/"},{"@type":"ListItem","position":2,"name":"Shop","item":"http:\/\/stagingpalara4.it\/negozio\/"},{"@type":"ListItem","position":3,"name":"Kissen","item":"https:\/\/www.palarasol.it\/de\/produkt-kategorie\/kissen\/"},{"@type":"ListItem","position":4,"name":"Kissen f\u00fcr Hochlehner St\u00fchle"}]},{"@type":"WebSite","@id":"http:\/\/www.palarasol.it\/de\/#website","url":"http:\/\/www.palarasol.it\/de\/","name":"Palarasol","description":"","publisher":{"@id":"http:\/\/www.palarasol.it\/de\/#organization"},"potentialAction":[{"@type":"SearchAction","target":{"@type":"EntryPoint","urlTemplate":"http:\/\/www.palarasol.it\/de\/?s={search_term_string}"},"query-input":{"@type":"PropertyValueSpecification","valueRequired":true,"valueName":"search_term_string"}}],"inLanguage":"de"},{"@type":"Organization","@id":"http:\/\/www.palarasol.it\/de\/#organization","name":"Palara Gianluca & C. S.a.s","url":"http:\/\/www.palarasol.it\/de\/","logo":{"@type":"ImageObject","inLanguage":"de","@id":"http:\/\/www.palarasol.it\/de\/#\/schema\/logo\/image\/","url":"https:\/\/stagingpalara4.it\/wp-content\/uploads\/2015\/06\/logo.png","contentUrl":"https:\/\/stagingpalara4.it\/wp-content\/uploads\/2015\/06\/logo.png","width":800,"height":189,"caption":"Palara Gianluca & C. S.a.s"},"image":{"@id":"http:\/\/www.palarasol.it\/de\/#\/schema\/logo\/image\/"},"sameAs":["https:\/\/www.facebook.com\/palarasol","https:\/\/x.com\/palarasol"]}]}},"_links":{"self":[{"href":"https:\/\/www.palarasol.it\/de\/wp-json\/wp\/v2\/product\/56845","targetHints":{"allow":["GET"]}}],"collection":[{"href":"https:\/\/www.palarasol.it\/de\/wp-json\/wp\/v2\/product"}],"about":[{"href":"https:\/\/www.palarasol.it\/de\/wp-json\/wp\/v2\/types\/product"}],"version-history":[{"count":0,"href":"https:\/\/www.palarasol.it\/de\/wp-json\/wp\/v2\/product\/56845\/revisions"}],"wp:attachment":[{"href":"https:\/\/www.palarasol.it\/de\/wp-json\/wp\/v2\/media?parent=56845"}],"wp:term":[{"taxonomy":"product_brand","embeddable":true,"href":"https:\/\/www.palarasol.it\/de\/wp-json\/wp\/v2\/product_brand?post=56845"},{"taxonomy":"product_cat","embeddable":true,"href":"https:\/\/www.palarasol.it\/de\/wp-json\/wp\/v2\/product_cat?post=56845"},{"taxonomy":"product_tag","embeddable":true,"href":"https:\/\/www.palarasol.it\/de\/wp-json\/wp\/v2\/product_tag?post=56845"}],"curies":[{"name":"wp","href":"https:\/\/api.w.org\/{rel}","templated":true}]}}