{"id":70780,"date":"2020-05-21T16:58:59","date_gmt":"2020-05-21T14:58:59","guid":{"rendered":"https:\/\/stagingpalara4.it\/?post_type=product&#038;p=70780"},"modified":"2020-06-22T22:31:48","modified_gmt":"2020-06-22T20:31:48","slug":"petra-300x300-8-cm-kopie","status":"publish","type":"product","link":"https:\/\/www.palarasol.it\/de\/shop\/sonnenschirme\/petra-300x300-8-cm-kopie\/","title":{"rendered":"Petra cm 300&#215;300\/8 (Kopie)"},"content":{"rendered":"<p><strong>Stoff<\/strong>: \u00a0TexMa Olefin gr 190, Wasserabsto\u03b2end impr\u00e4gniert, Verrottungsfest<br \/>\n<strong>Lichtechtheit<\/strong>: 7+.<br \/>\nSehr g\u00fcter UV Schutz<br \/>\nMit Wind\u00f6ffnung<br \/>\nSchlingenverschlu\u00df<br \/>\nMit Volants<br \/>\nGr\u00f6\u03b2e cm 300\u00d7300<br \/>\nH\u00f6he cm 275<\/p>\n<p><strong>Made in Italy.<\/strong><\/p>\n<p>&nbsp;<\/p>\n","protected":false},"excerpt":{"rendered":"<p>Art 188Q Petra Maffei cm 300&#215;300\/8 h 275<\/p>\n","protected":false},"featured_media":76886,"template":"","meta":{"_acf_changed":false,"_monsterinsights_skip_tracking":false,"_monsterinsights_sitenote_active":false,"_monsterinsights_sitenote_note":"","_monsterinsights_sitenote_category":0},"product_brand":[],"product_cat":[563,508],"product_tag":[593,601,553,503,734,568,509,506,561],"class_list":{"0":"post-70780","1":"product","2":"type-product","3":"status-publish","4":"has-post-thumbnail","6":"product_cat-ampelschirme","7":"product_cat-sonnenschirme","8":"product_tag-ampelschirm-de","9":"product_tag-eckiger-sonnenschirm","10":"product_tag-gross","11":"product_tag-made-in-italy-de","12":"product_tag-ombrelloni-maffei-de","13":"product_tag-sonnenschirm-fur-garten","14":"product_tag-sonnenschirme","15":"product_tag-uv-schutz","16":"product_tag-wasserabstosend-impragniert","18":"first","19":"instock","20":"shipping-taxable","21":"purchasable","22":"product-type-variable"},"acf":[],"yoast_head":"<!-- This site is optimized with the Yoast SEO plugin v27.2 - https:\/\/yoast.com\/product\/yoast-seo-wordpress\/ -->\n<title>Eckiger Ampelschirm 300x300 Petra - Palarasol<\/title>\n<meta name=\"description\" content=\"Eckiger Ampelschirm Petra Stoff: \u00a0TexMa Olefin gr 190, wasserabsto\u03b2end impr\u00e4gniert, verrottungsfest, mit Wind\u00f6ffnung Gr\u00f6\u03b2e cm 300\u00d7300\/8 H\u00f6he cm 275\" \/>\n<meta name=\"robots\" content=\"index, follow, max-snippet:-1, max-image-preview:large, max-video-preview:-1\" \/>\n<link rel=\"canonical\" href=\"https:\/\/www.palarasol.it\/de\/shop\/sonnenschirme\/petra-300x300-8-cm-kopie\/\" \/>\n<meta property=\"og:locale\" content=\"de_DE\" \/>\n<meta property=\"og:type\" content=\"article\" \/>\n<meta property=\"og:title\" content=\"Eckiger Ampelschirm 300x300 Petra - Palarasol\" \/>\n<meta property=\"og:description\" content=\"Eckiger Ampelschirm Petra Stoff: \u00a0TexMa Olefin gr 190, wasserabsto\u03b2end impr\u00e4gniert, verrottungsfest, mit Wind\u00f6ffnung Gr\u00f6\u03b2e cm 300\u00d7300\/8 H\u00f6he cm 275\" \/>\n<meta property=\"og:url\" content=\"https:\/\/www.palarasol.it\/de\/shop\/sonnenschirme\/petra-300x300-8-cm-kopie\/\" \/>\n<meta property=\"og:site_name\" content=\"Palarasol\" \/>\n<meta property=\"article:publisher\" content=\"https:\/\/www.facebook.com\/palarasol\" \/>\n<meta property=\"article:modified_time\" content=\"2020-06-22T20:31:48+00:00\" \/>\n<meta property=\"og:image\" content=\"https:\/\/www.palarasol.it\/wp-content\/uploads\/2020\/05\/petra-ombrellone-lateral5.jpg\" \/>\n\t<meta property=\"og:image:width\" content=\"1199\" \/>\n\t<meta property=\"og:image:height\" content=\"801\" \/>\n\t<meta property=\"og:image:type\" content=\"image\/jpeg\" \/>\n<meta name=\"twitter:card\" content=\"summary_large_image\" \/>\n<meta name=\"twitter:site\" content=\"@palarasol\" \/>\n<script type=\"application\/ld+json\" class=\"yoast-schema-graph\">{\"@context\":\"https:\/\/schema.org\",\"@graph\":[{\"@type\":\"WebPage\",\"@id\":\"https:\/\/www.palarasol.it\/de\/shop\/sonnenschirme\/petra-300x300-8-cm-kopie\/\",\"url\":\"https:\/\/www.palarasol.it\/de\/shop\/sonnenschirme\/petra-300x300-8-cm-kopie\/\",\"name\":\"Eckiger Ampelschirm 300x300 Petra - Palarasol\",\"isPartOf\":{\"@id\":\"http:\/\/www.palarasol.it\/de\/#website\"},\"primaryImageOfPage\":{\"@id\":\"https:\/\/www.palarasol.it\/de\/shop\/sonnenschirme\/petra-300x300-8-cm-kopie\/#primaryimage\"},\"image\":{\"@id\":\"https:\/\/www.palarasol.it\/de\/shop\/sonnenschirme\/petra-300x300-8-cm-kopie\/#primaryimage\"},\"thumbnailUrl\":\"https:\/\/www.palarasol.it\/wp-content\/uploads\/2020\/05\/petra-ombrellone-lateral5.jpg\",\"datePublished\":\"2020-05-21T14:58:59+00:00\",\"dateModified\":\"2020-06-22T20:31:48+00:00\",\"description\":\"Eckiger Ampelschirm Petra Stoff: \u00a0TexMa Olefin gr 190, wasserabsto\u03b2end impr\u00e4gniert, verrottungsfest, mit Wind\u00f6ffnung Gr\u00f6\u03b2e cm 300\u00d7300\/8 H\u00f6he cm 275\",\"breadcrumb\":{\"@id\":\"https:\/\/www.palarasol.it\/de\/shop\/sonnenschirme\/petra-300x300-8-cm-kopie\/#breadcrumb\"},\"inLanguage\":\"de\",\"potentialAction\":[{\"@type\":\"ReadAction\",\"target\":[\"https:\/\/www.palarasol.it\/de\/shop\/sonnenschirme\/petra-300x300-8-cm-kopie\/\"]}]},{\"@type\":\"ImageObject\",\"inLanguage\":\"de\",\"@id\":\"https:\/\/www.palarasol.it\/de\/shop\/sonnenschirme\/petra-300x300-8-cm-kopie\/#primaryimage\",\"url\":\"https:\/\/www.palarasol.it\/wp-content\/uploads\/2020\/05\/petra-ombrellone-lateral5.jpg\",\"contentUrl\":\"https:\/\/www.palarasol.it\/wp-content\/uploads\/2020\/05\/petra-ombrellone-lateral5.jpg\",\"width\":1199,\"height\":801,\"caption\":\"petra ombrellone laterale\"},{\"@type\":\"BreadcrumbList\",\"@id\":\"https:\/\/www.palarasol.it\/de\/shop\/sonnenschirme\/petra-300x300-8-cm-kopie\/#breadcrumb\",\"itemListElement\":[{\"@type\":\"ListItem\",\"position\":1,\"name\":\"Home\",\"item\":\"https:\/\/www.palarasol.it\/de\/55761-2\/\"},{\"@type\":\"ListItem\",\"position\":2,\"name\":\"Shop\",\"item\":\"http:\/\/stagingpalara4.it\/negozio\/\"},{\"@type\":\"ListItem\",\"position\":3,\"name\":\"Ampelschirme\",\"item\":\"https:\/\/www.palarasol.it\/de\/produkt-kategorie\/ampelschirme\/\"},{\"@type\":\"ListItem\",\"position\":4,\"name\":\"Petra cm 300&#215;300\/8 (Kopie)\"}]},{\"@type\":\"WebSite\",\"@id\":\"http:\/\/www.palarasol.it\/de\/#website\",\"url\":\"http:\/\/www.palarasol.it\/de\/\",\"name\":\"Palarasol\",\"description\":\"\",\"publisher\":{\"@id\":\"http:\/\/www.palarasol.it\/de\/#organization\"},\"potentialAction\":[{\"@type\":\"SearchAction\",\"target\":{\"@type\":\"EntryPoint\",\"urlTemplate\":\"http:\/\/www.palarasol.it\/de\/?s={search_term_string}\"},\"query-input\":{\"@type\":\"PropertyValueSpecification\",\"valueRequired\":true,\"valueName\":\"search_term_string\"}}],\"inLanguage\":\"de\"},{\"@type\":\"Organization\",\"@id\":\"http:\/\/www.palarasol.it\/de\/#organization\",\"name\":\"Palara Gianluca & C. S.a.s\",\"url\":\"http:\/\/www.palarasol.it\/de\/\",\"logo\":{\"@type\":\"ImageObject\",\"inLanguage\":\"de\",\"@id\":\"http:\/\/www.palarasol.it\/de\/#\/schema\/logo\/image\/\",\"url\":\"https:\/\/stagingpalara4.it\/wp-content\/uploads\/2015\/06\/logo.png\",\"contentUrl\":\"https:\/\/stagingpalara4.it\/wp-content\/uploads\/2015\/06\/logo.png\",\"width\":800,\"height\":189,\"caption\":\"Palara Gianluca & C. S.a.s\"},\"image\":{\"@id\":\"http:\/\/www.palarasol.it\/de\/#\/schema\/logo\/image\/\"},\"sameAs\":[\"https:\/\/www.facebook.com\/palarasol\",\"https:\/\/x.com\/palarasol\"]}]}<\/script>\n<!-- \/ Yoast SEO plugin. -->","yoast_head_json":{"title":"Eckiger Ampelschirm 300x300 Petra - Palarasol","description":"Eckiger Ampelschirm Petra Stoff: \u00a0TexMa Olefin gr 190, wasserabsto\u03b2end impr\u00e4gniert, verrottungsfest, mit Wind\u00f6ffnung Gr\u00f6\u03b2e cm 300\u00d7300\/8 H\u00f6he cm 275","robots":{"index":"index","follow":"follow","max-snippet":"max-snippet:-1","max-image-preview":"max-image-preview:large","max-video-preview":"max-video-preview:-1"},"canonical":"https:\/\/www.palarasol.it\/de\/shop\/sonnenschirme\/petra-300x300-8-cm-kopie\/","og_locale":"de_DE","og_type":"article","og_title":"Eckiger Ampelschirm 300x300 Petra - Palarasol","og_description":"Eckiger Ampelschirm Petra Stoff: \u00a0TexMa Olefin gr 190, wasserabsto\u03b2end impr\u00e4gniert, verrottungsfest, mit Wind\u00f6ffnung Gr\u00f6\u03b2e cm 300\u00d7300\/8 H\u00f6he cm 275","og_url":"https:\/\/www.palarasol.it\/de\/shop\/sonnenschirme\/petra-300x300-8-cm-kopie\/","og_site_name":"Palarasol","article_publisher":"https:\/\/www.facebook.com\/palarasol","article_modified_time":"2020-06-22T20:31:48+00:00","og_image":[{"width":1199,"height":801,"url":"https:\/\/www.palarasol.it\/wp-content\/uploads\/2020\/05\/petra-ombrellone-lateral5.jpg","type":"image\/jpeg"}],"twitter_card":"summary_large_image","twitter_site":"@palarasol","schema":{"@context":"https:\/\/schema.org","@graph":[{"@type":"WebPage","@id":"https:\/\/www.palarasol.it\/de\/shop\/sonnenschirme\/petra-300x300-8-cm-kopie\/","url":"https:\/\/www.palarasol.it\/de\/shop\/sonnenschirme\/petra-300x300-8-cm-kopie\/","name":"Eckiger Ampelschirm 300x300 Petra - Palarasol","isPartOf":{"@id":"http:\/\/www.palarasol.it\/de\/#website"},"primaryImageOfPage":{"@id":"https:\/\/www.palarasol.it\/de\/shop\/sonnenschirme\/petra-300x300-8-cm-kopie\/#primaryimage"},"image":{"@id":"https:\/\/www.palarasol.it\/de\/shop\/sonnenschirme\/petra-300x300-8-cm-kopie\/#primaryimage"},"thumbnailUrl":"https:\/\/www.palarasol.it\/wp-content\/uploads\/2020\/05\/petra-ombrellone-lateral5.jpg","datePublished":"2020-05-21T14:58:59+00:00","dateModified":"2020-06-22T20:31:48+00:00","description":"Eckiger Ampelschirm Petra Stoff: \u00a0TexMa Olefin gr 190, wasserabsto\u03b2end impr\u00e4gniert, verrottungsfest, mit Wind\u00f6ffnung Gr\u00f6\u03b2e cm 300\u00d7300\/8 H\u00f6he cm 275","breadcrumb":{"@id":"https:\/\/www.palarasol.it\/de\/shop\/sonnenschirme\/petra-300x300-8-cm-kopie\/#breadcrumb"},"inLanguage":"de","potentialAction":[{"@type":"ReadAction","target":["https:\/\/www.palarasol.it\/de\/shop\/sonnenschirme\/petra-300x300-8-cm-kopie\/"]}]},{"@type":"ImageObject","inLanguage":"de","@id":"https:\/\/www.palarasol.it\/de\/shop\/sonnenschirme\/petra-300x300-8-cm-kopie\/#primaryimage","url":"https:\/\/www.palarasol.it\/wp-content\/uploads\/2020\/05\/petra-ombrellone-lateral5.jpg","contentUrl":"https:\/\/www.palarasol.it\/wp-content\/uploads\/2020\/05\/petra-ombrellone-lateral5.jpg","width":1199,"height":801,"caption":"petra ombrellone laterale"},{"@type":"BreadcrumbList","@id":"https:\/\/www.palarasol.it\/de\/shop\/sonnenschirme\/petra-300x300-8-cm-kopie\/#breadcrumb","itemListElement":[{"@type":"ListItem","position":1,"name":"Home","item":"https:\/\/www.palarasol.it\/de\/55761-2\/"},{"@type":"ListItem","position":2,"name":"Shop","item":"http:\/\/stagingpalara4.it\/negozio\/"},{"@type":"ListItem","position":3,"name":"Ampelschirme","item":"https:\/\/www.palarasol.it\/de\/produkt-kategorie\/ampelschirme\/"},{"@type":"ListItem","position":4,"name":"Petra cm 300&#215;300\/8 (Kopie)"}]},{"@type":"WebSite","@id":"http:\/\/www.palarasol.it\/de\/#website","url":"http:\/\/www.palarasol.it\/de\/","name":"Palarasol","description":"","publisher":{"@id":"http:\/\/www.palarasol.it\/de\/#organization"},"potentialAction":[{"@type":"SearchAction","target":{"@type":"EntryPoint","urlTemplate":"http:\/\/www.palarasol.it\/de\/?s={search_term_string}"},"query-input":{"@type":"PropertyValueSpecification","valueRequired":true,"valueName":"search_term_string"}}],"inLanguage":"de"},{"@type":"Organization","@id":"http:\/\/www.palarasol.it\/de\/#organization","name":"Palara Gianluca & C. S.a.s","url":"http:\/\/www.palarasol.it\/de\/","logo":{"@type":"ImageObject","inLanguage":"de","@id":"http:\/\/www.palarasol.it\/de\/#\/schema\/logo\/image\/","url":"https:\/\/stagingpalara4.it\/wp-content\/uploads\/2015\/06\/logo.png","contentUrl":"https:\/\/stagingpalara4.it\/wp-content\/uploads\/2015\/06\/logo.png","width":800,"height":189,"caption":"Palara Gianluca & C. S.a.s"},"image":{"@id":"http:\/\/www.palarasol.it\/de\/#\/schema\/logo\/image\/"},"sameAs":["https:\/\/www.facebook.com\/palarasol","https:\/\/x.com\/palarasol"]}]}},"_links":{"self":[{"href":"https:\/\/www.palarasol.it\/de\/wp-json\/wp\/v2\/product\/70780","targetHints":{"allow":["GET"]}}],"collection":[{"href":"https:\/\/www.palarasol.it\/de\/wp-json\/wp\/v2\/product"}],"about":[{"href":"https:\/\/www.palarasol.it\/de\/wp-json\/wp\/v2\/types\/product"}],"version-history":[{"count":0,"href":"https:\/\/www.palarasol.it\/de\/wp-json\/wp\/v2\/product\/70780\/revisions"}],"wp:featuredmedia":[{"embeddable":true,"href":"https:\/\/www.palarasol.it\/de\/wp-json\/wp\/v2\/media\/76886"}],"wp:attachment":[{"href":"https:\/\/www.palarasol.it\/de\/wp-json\/wp\/v2\/media?parent=70780"}],"wp:term":[{"taxonomy":"product_brand","embeddable":true,"href":"https:\/\/www.palarasol.it\/de\/wp-json\/wp\/v2\/product_brand?post=70780"},{"taxonomy":"product_cat","embeddable":true,"href":"https:\/\/www.palarasol.it\/de\/wp-json\/wp\/v2\/product_cat?post=70780"},{"taxonomy":"product_tag","embeddable":true,"href":"https:\/\/www.palarasol.it\/de\/wp-json\/wp\/v2\/product_tag?post=70780"}],"curies":[{"name":"wp","href":"https:\/\/api.w.org\/{rel}","templated":true}]}}