{"id":71283,"date":"2020-05-27T10:37:09","date_gmt":"2020-05-27T08:37:09","guid":{"rendered":"https:\/\/stagingpalara4.it\/?post_type=product&#038;p=71283"},"modified":"2020-07-06T10:08:04","modified_gmt":"2020-07-06T08:08:04","slug":"kronos-o200-cm-kopie","status":"publish","type":"product","link":"https:\/\/www.palarasol.it\/de\/shop\/sonnenschirme-design\/kronos-o200-cm-kopie\/","title":{"rendered":"Kronos \u00f8 200 cm"},"content":{"rendered":"<p><strong>Stoff:<\/strong> PolyMa Polyester gr 210; Wasserabsto\u00dfend impr\u00e4gniert; Verrottungsfest<br \/>\nLichtechtheit: 6+<br \/>\nUV Schutz: 50+<br \/>\nOhne Volants<\/p>\n<p><strong>GESTELL<\/strong><br \/>\n<strong>Stock<\/strong>: Stahl mm 27\/30 noir sabl\u00e9, h\u00f6henverstellbar, mit Metall Knicker, verzinkter Unterstock<br \/>\n<strong>Streben<\/strong>: Stahl mm 3,80<br \/>\n<strong>Zubeh\u00f6re: <\/strong>type de-luxe, noir sabl\u00e9<\/p>\n<p>Durchmesser cm 240<br \/>\nH\u00f6henverstellbar bis cm 230<br \/>\nSchutzbezug mit Trageriemen ist im Preis inbegriffen<br \/>\n<strong>Made in Italy.<\/strong><br \/>\nGewicht f\u00fcr Fuss&gt; 15 kg. Ohne St\u00e4nder.<\/p>\n","protected":false},"excerpt":{"rendered":"<p>Art 134 Maffei &#8211; Kronos cm 100\/10 &#8211; \u00f8 200 h 230<\/p>\n<p><img decoding=\"async\" class=\"alignnone size-full wp-image-71353\" src=\"https:\/\/www.palarasol.it\/wp-content\/uploads\/2020\/05\/schema-134.png\" alt=\"Runder Sonnenschirm Kronos 134 schema\" width=\"176\" height=\"109\" \/><\/p>\n<p>&nbsp;<\/p>\n","protected":false},"featured_media":71316,"template":"","meta":{"_acf_changed":false,"_monsterinsights_skip_tracking":false,"_monsterinsights_sitenote_active":false,"_monsterinsights_sitenote_note":"","_monsterinsights_sitenote_category":0},"product_brand":[],"product_cat":[508,502],"product_tag":[504,503,734,526,507,506],"class_list":{"0":"post-71283","1":"product","2":"type-product","3":"status-publish","4":"has-post-thumbnail","6":"product_cat-sonnenschirme","7":"product_cat-sonnenschirme-design","8":"product_tag-design-de","9":"product_tag-made-in-italy-de","10":"product_tag-ombrelloni-maffei-de","11":"product_tag-polyester-de","12":"product_tag-sonnenschirm","13":"product_tag-uv-schutz","15":"first","16":"instock","17":"shipping-taxable","18":"purchasable","19":"product-type-variable"},"acf":[],"yoast_head":"<!-- This site is optimized with the Yoast SEO plugin v27.2 - https:\/\/yoast.com\/product\/yoast-seo-wordpress\/ -->\n<title>Sonnenschirme Design - Kronos - Maffei - Made in Italy - Palarasol<\/title>\n<meta name=\"description\" content=\"Sonnenschirme Design - Kronos - Maffei. Runder Sonnenschirm \u00f8 cm 200, Polyester, Wasserabsto\u00dfend impr\u00e4gniert, Stahlgestell, mit Metall Knicker. Made in Italy.\" \/>\n<meta name=\"robots\" content=\"index, follow, max-snippet:-1, max-image-preview:large, max-video-preview:-1\" \/>\n<link rel=\"canonical\" href=\"https:\/\/www.palarasol.it\/de\/shop\/sonnenschirme-design\/kronos-o200-cm-kopie\/\" \/>\n<meta property=\"og:locale\" content=\"de_DE\" \/>\n<meta property=\"og:type\" content=\"article\" \/>\n<meta property=\"og:title\" content=\"Sonnenschirme Design - Kronos - Maffei - Made in Italy - Palarasol\" \/>\n<meta property=\"og:description\" content=\"Sonnenschirme Design - Kronos - Maffei. Runder Sonnenschirm \u00f8 cm 200, Polyester, Wasserabsto\u00dfend impr\u00e4gniert, Stahlgestell, mit Metall Knicker. Made in Italy.\" \/>\n<meta property=\"og:url\" content=\"https:\/\/www.palarasol.it\/de\/shop\/sonnenschirme-design\/kronos-o200-cm-kopie\/\" \/>\n<meta property=\"og:site_name\" content=\"Palarasol\" \/>\n<meta property=\"article:publisher\" content=\"https:\/\/www.facebook.com\/palarasol\" \/>\n<meta property=\"article:modified_time\" content=\"2020-07-06T08:08:04+00:00\" \/>\n<meta property=\"og:image\" content=\"https:\/\/www.palarasol.it\/wp-content\/uploads\/2020\/05\/ombrellone-rotondo-kronos-134-1.jpg\" \/>\n\t<meta property=\"og:image:width\" content=\"1201\" \/>\n\t<meta property=\"og:image:height\" content=\"800\" \/>\n\t<meta property=\"og:image:type\" content=\"image\/jpeg\" \/>\n<meta name=\"twitter:card\" content=\"summary_large_image\" \/>\n<meta name=\"twitter:site\" content=\"@palarasol\" \/>\n<script type=\"application\/ld+json\" class=\"yoast-schema-graph\">{\"@context\":\"https:\/\/schema.org\",\"@graph\":[{\"@type\":\"WebPage\",\"@id\":\"https:\/\/www.palarasol.it\/de\/shop\/sonnenschirme-design\/kronos-o200-cm-kopie\/\",\"url\":\"https:\/\/www.palarasol.it\/de\/shop\/sonnenschirme-design\/kronos-o200-cm-kopie\/\",\"name\":\"Sonnenschirme Design - Kronos - Maffei - Made in Italy - Palarasol\",\"isPartOf\":{\"@id\":\"http:\/\/www.palarasol.it\/de\/#website\"},\"primaryImageOfPage\":{\"@id\":\"https:\/\/www.palarasol.it\/de\/shop\/sonnenschirme-design\/kronos-o200-cm-kopie\/#primaryimage\"},\"image\":{\"@id\":\"https:\/\/www.palarasol.it\/de\/shop\/sonnenschirme-design\/kronos-o200-cm-kopie\/#primaryimage\"},\"thumbnailUrl\":\"https:\/\/www.palarasol.it\/wp-content\/uploads\/2020\/05\/ombrellone-rotondo-kronos-134-1.jpg\",\"datePublished\":\"2020-05-27T08:37:09+00:00\",\"dateModified\":\"2020-07-06T08:08:04+00:00\",\"description\":\"Sonnenschirme Design - Kronos - Maffei. Runder Sonnenschirm \u00f8 cm 200, Polyester, Wasserabsto\u00dfend impr\u00e4gniert, Stahlgestell, mit Metall Knicker. Made in Italy.\",\"breadcrumb\":{\"@id\":\"https:\/\/www.palarasol.it\/de\/shop\/sonnenschirme-design\/kronos-o200-cm-kopie\/#breadcrumb\"},\"inLanguage\":\"de\",\"potentialAction\":[{\"@type\":\"ReadAction\",\"target\":[\"https:\/\/www.palarasol.it\/de\/shop\/sonnenschirme-design\/kronos-o200-cm-kopie\/\"]}]},{\"@type\":\"ImageObject\",\"inLanguage\":\"de\",\"@id\":\"https:\/\/www.palarasol.it\/de\/shop\/sonnenschirme-design\/kronos-o200-cm-kopie\/#primaryimage\",\"url\":\"https:\/\/www.palarasol.it\/wp-content\/uploads\/2020\/05\/ombrellone-rotondo-kronos-134-1.jpg\",\"contentUrl\":\"https:\/\/www.palarasol.it\/wp-content\/uploads\/2020\/05\/ombrellone-rotondo-kronos-134-1.jpg\",\"width\":1201,\"height\":800,\"caption\":\"Runder Sonnenschirm Kronos 134\"},{\"@type\":\"BreadcrumbList\",\"@id\":\"https:\/\/www.palarasol.it\/de\/shop\/sonnenschirme-design\/kronos-o200-cm-kopie\/#breadcrumb\",\"itemListElement\":[{\"@type\":\"ListItem\",\"position\":1,\"name\":\"Home\",\"item\":\"https:\/\/www.palarasol.it\/de\/55761-2\/\"},{\"@type\":\"ListItem\",\"position\":2,\"name\":\"Shop\",\"item\":\"http:\/\/stagingpalara4.it\/negozio\/\"},{\"@type\":\"ListItem\",\"position\":3,\"name\":\"Sonnenschirme Design\",\"item\":\"https:\/\/www.palarasol.it\/de\/produkt-kategorie\/sonnenschirme-design\/\"},{\"@type\":\"ListItem\",\"position\":4,\"name\":\"Kronos \u00f8 200 cm\"}]},{\"@type\":\"WebSite\",\"@id\":\"http:\/\/www.palarasol.it\/de\/#website\",\"url\":\"http:\/\/www.palarasol.it\/de\/\",\"name\":\"Palarasol\",\"description\":\"\",\"publisher\":{\"@id\":\"http:\/\/www.palarasol.it\/de\/#organization\"},\"potentialAction\":[{\"@type\":\"SearchAction\",\"target\":{\"@type\":\"EntryPoint\",\"urlTemplate\":\"http:\/\/www.palarasol.it\/de\/?s={search_term_string}\"},\"query-input\":{\"@type\":\"PropertyValueSpecification\",\"valueRequired\":true,\"valueName\":\"search_term_string\"}}],\"inLanguage\":\"de\"},{\"@type\":\"Organization\",\"@id\":\"http:\/\/www.palarasol.it\/de\/#organization\",\"name\":\"Palara Gianluca & C. S.a.s\",\"url\":\"http:\/\/www.palarasol.it\/de\/\",\"logo\":{\"@type\":\"ImageObject\",\"inLanguage\":\"de\",\"@id\":\"http:\/\/www.palarasol.it\/de\/#\/schema\/logo\/image\/\",\"url\":\"https:\/\/stagingpalara4.it\/wp-content\/uploads\/2015\/06\/logo.png\",\"contentUrl\":\"https:\/\/stagingpalara4.it\/wp-content\/uploads\/2015\/06\/logo.png\",\"width\":800,\"height\":189,\"caption\":\"Palara Gianluca & C. S.a.s\"},\"image\":{\"@id\":\"http:\/\/www.palarasol.it\/de\/#\/schema\/logo\/image\/\"},\"sameAs\":[\"https:\/\/www.facebook.com\/palarasol\",\"https:\/\/x.com\/palarasol\"]}]}<\/script>\n<!-- \/ Yoast SEO plugin. -->","yoast_head_json":{"title":"Sonnenschirme Design - Kronos - Maffei - Made in Italy - Palarasol","description":"Sonnenschirme Design - Kronos - Maffei. Runder Sonnenschirm \u00f8 cm 200, Polyester, Wasserabsto\u00dfend impr\u00e4gniert, Stahlgestell, mit Metall Knicker. Made in Italy.","robots":{"index":"index","follow":"follow","max-snippet":"max-snippet:-1","max-image-preview":"max-image-preview:large","max-video-preview":"max-video-preview:-1"},"canonical":"https:\/\/www.palarasol.it\/de\/shop\/sonnenschirme-design\/kronos-o200-cm-kopie\/","og_locale":"de_DE","og_type":"article","og_title":"Sonnenschirme Design - Kronos - Maffei - Made in Italy - Palarasol","og_description":"Sonnenschirme Design - Kronos - Maffei. Runder Sonnenschirm \u00f8 cm 200, Polyester, Wasserabsto\u00dfend impr\u00e4gniert, Stahlgestell, mit Metall Knicker. Made in Italy.","og_url":"https:\/\/www.palarasol.it\/de\/shop\/sonnenschirme-design\/kronos-o200-cm-kopie\/","og_site_name":"Palarasol","article_publisher":"https:\/\/www.facebook.com\/palarasol","article_modified_time":"2020-07-06T08:08:04+00:00","og_image":[{"width":1201,"height":800,"url":"https:\/\/www.palarasol.it\/wp-content\/uploads\/2020\/05\/ombrellone-rotondo-kronos-134-1.jpg","type":"image\/jpeg"}],"twitter_card":"summary_large_image","twitter_site":"@palarasol","schema":{"@context":"https:\/\/schema.org","@graph":[{"@type":"WebPage","@id":"https:\/\/www.palarasol.it\/de\/shop\/sonnenschirme-design\/kronos-o200-cm-kopie\/","url":"https:\/\/www.palarasol.it\/de\/shop\/sonnenschirme-design\/kronos-o200-cm-kopie\/","name":"Sonnenschirme Design - Kronos - Maffei - Made in Italy - Palarasol","isPartOf":{"@id":"http:\/\/www.palarasol.it\/de\/#website"},"primaryImageOfPage":{"@id":"https:\/\/www.palarasol.it\/de\/shop\/sonnenschirme-design\/kronos-o200-cm-kopie\/#primaryimage"},"image":{"@id":"https:\/\/www.palarasol.it\/de\/shop\/sonnenschirme-design\/kronos-o200-cm-kopie\/#primaryimage"},"thumbnailUrl":"https:\/\/www.palarasol.it\/wp-content\/uploads\/2020\/05\/ombrellone-rotondo-kronos-134-1.jpg","datePublished":"2020-05-27T08:37:09+00:00","dateModified":"2020-07-06T08:08:04+00:00","description":"Sonnenschirme Design - Kronos - Maffei. Runder Sonnenschirm \u00f8 cm 200, Polyester, Wasserabsto\u00dfend impr\u00e4gniert, Stahlgestell, mit Metall Knicker. Made in Italy.","breadcrumb":{"@id":"https:\/\/www.palarasol.it\/de\/shop\/sonnenschirme-design\/kronos-o200-cm-kopie\/#breadcrumb"},"inLanguage":"de","potentialAction":[{"@type":"ReadAction","target":["https:\/\/www.palarasol.it\/de\/shop\/sonnenschirme-design\/kronos-o200-cm-kopie\/"]}]},{"@type":"ImageObject","inLanguage":"de","@id":"https:\/\/www.palarasol.it\/de\/shop\/sonnenschirme-design\/kronos-o200-cm-kopie\/#primaryimage","url":"https:\/\/www.palarasol.it\/wp-content\/uploads\/2020\/05\/ombrellone-rotondo-kronos-134-1.jpg","contentUrl":"https:\/\/www.palarasol.it\/wp-content\/uploads\/2020\/05\/ombrellone-rotondo-kronos-134-1.jpg","width":1201,"height":800,"caption":"Runder Sonnenschirm Kronos 134"},{"@type":"BreadcrumbList","@id":"https:\/\/www.palarasol.it\/de\/shop\/sonnenschirme-design\/kronos-o200-cm-kopie\/#breadcrumb","itemListElement":[{"@type":"ListItem","position":1,"name":"Home","item":"https:\/\/www.palarasol.it\/de\/55761-2\/"},{"@type":"ListItem","position":2,"name":"Shop","item":"http:\/\/stagingpalara4.it\/negozio\/"},{"@type":"ListItem","position":3,"name":"Sonnenschirme Design","item":"https:\/\/www.palarasol.it\/de\/produkt-kategorie\/sonnenschirme-design\/"},{"@type":"ListItem","position":4,"name":"Kronos \u00f8 200 cm"}]},{"@type":"WebSite","@id":"http:\/\/www.palarasol.it\/de\/#website","url":"http:\/\/www.palarasol.it\/de\/","name":"Palarasol","description":"","publisher":{"@id":"http:\/\/www.palarasol.it\/de\/#organization"},"potentialAction":[{"@type":"SearchAction","target":{"@type":"EntryPoint","urlTemplate":"http:\/\/www.palarasol.it\/de\/?s={search_term_string}"},"query-input":{"@type":"PropertyValueSpecification","valueRequired":true,"valueName":"search_term_string"}}],"inLanguage":"de"},{"@type":"Organization","@id":"http:\/\/www.palarasol.it\/de\/#organization","name":"Palara Gianluca & C. S.a.s","url":"http:\/\/www.palarasol.it\/de\/","logo":{"@type":"ImageObject","inLanguage":"de","@id":"http:\/\/www.palarasol.it\/de\/#\/schema\/logo\/image\/","url":"https:\/\/stagingpalara4.it\/wp-content\/uploads\/2015\/06\/logo.png","contentUrl":"https:\/\/stagingpalara4.it\/wp-content\/uploads\/2015\/06\/logo.png","width":800,"height":189,"caption":"Palara Gianluca & C. S.a.s"},"image":{"@id":"http:\/\/www.palarasol.it\/de\/#\/schema\/logo\/image\/"},"sameAs":["https:\/\/www.facebook.com\/palarasol","https:\/\/x.com\/palarasol"]}]}},"_links":{"self":[{"href":"https:\/\/www.palarasol.it\/de\/wp-json\/wp\/v2\/product\/71283","targetHints":{"allow":["GET"]}}],"collection":[{"href":"https:\/\/www.palarasol.it\/de\/wp-json\/wp\/v2\/product"}],"about":[{"href":"https:\/\/www.palarasol.it\/de\/wp-json\/wp\/v2\/types\/product"}],"version-history":[{"count":0,"href":"https:\/\/www.palarasol.it\/de\/wp-json\/wp\/v2\/product\/71283\/revisions"}],"wp:featuredmedia":[{"embeddable":true,"href":"https:\/\/www.palarasol.it\/de\/wp-json\/wp\/v2\/media\/71316"}],"wp:attachment":[{"href":"https:\/\/www.palarasol.it\/de\/wp-json\/wp\/v2\/media?parent=71283"}],"wp:term":[{"taxonomy":"product_brand","embeddable":true,"href":"https:\/\/www.palarasol.it\/de\/wp-json\/wp\/v2\/product_brand?post=71283"},{"taxonomy":"product_cat","embeddable":true,"href":"https:\/\/www.palarasol.it\/de\/wp-json\/wp\/v2\/product_cat?post=71283"},{"taxonomy":"product_tag","embeddable":true,"href":"https:\/\/www.palarasol.it\/de\/wp-json\/wp\/v2\/product_tag?post=71283"}],"curies":[{"name":"wp","href":"https:\/\/api.w.org\/{rel}","templated":true}]}}