{"id":71790,"date":"2020-06-03T16:46:26","date_gmt":"2020-06-03T14:46:26","guid":{"rendered":"https:\/\/stagingpalara4.it\/?post_type=product&#038;p=71790"},"modified":"2020-06-22T20:51:46","modified_gmt":"2020-06-22T18:51:46","slug":"stander-mit-radern-kg-45","status":"publish","type":"product","link":"https:\/\/www.palarasol.it\/de\/shop\/staender\/stander-mit-radern-kg-45\/","title":{"rendered":"St\u00e4nder mit R\u00e4dern kg 45"},"content":{"rendered":"<div>Granitst\u00e4nder mit R\u00e4dern kg 45<\/div>\n<div>Durchmesser: \u00f8 58 cm<br \/>\n<strong>Made in Italy.<\/strong><\/div>\n<div><\/div>\n<p><iframe src=\"https:\/\/www.youtube.com\/embed\/q4kZ3oTZUnk\" width=\"560\" height=\"315\" frameborder=\"0\" allowfullscreen=\"allowfullscreen\"><\/iframe><\/p>\n","protected":false},"excerpt":{"rendered":"<p>Granitst\u00e4nder mit R\u00e4dern kg 45 Durchmesser: \u00f8 58 cm Made in Italy.<\/p>\n","protected":false},"featured_media":71796,"template":"","meta":{"_acf_changed":false,"_monsterinsights_skip_tracking":false,"_monsterinsights_sitenote_active":false,"_monsterinsights_sitenote_note":"","_monsterinsights_sitenote_category":0},"product_brand":[],"product_cat":[607],"product_tag":[901,503,558,657,658,902],"class_list":{"0":"post-71790","1":"product","2":"type-product","3":"status-publish","4":"has-post-thumbnail","6":"product_cat-staender","7":"product_tag-betonstander-de","8":"product_tag-made-in-italy-de","9":"product_tag-maffei-de","10":"product_tag-sonnenschirmstander","11":"product_tag-stander","12":"product_tag-stander-mit-rad-de","14":"first","15":"instock","16":"shipping-taxable","17":"purchasable","18":"product-type-simple"},"acf":[],"yoast_head":"<!-- This site is optimized with the Yoast SEO plugin v27.2 - https:\/\/yoast.com\/product\/yoast-seo-wordpress\/ -->\n<title>Granitst\u00e4nder mit R\u00e4dern f\u00fcr Sonnenschirme - Made in italy - Palarasol<\/title>\n<meta name=\"description\" content=\"Granitst\u00e4nder mit R\u00e4dern f\u00fcr Sonnenschirme , Durchmesser mm 58. Gewicht: kg 45 Made in Italy. hergestellt von Maffei.\" \/>\n<meta name=\"robots\" content=\"index, follow, max-snippet:-1, max-image-preview:large, max-video-preview:-1\" \/>\n<link rel=\"canonical\" href=\"https:\/\/www.palarasol.it\/de\/shop\/staender\/stander-mit-radern-kg-45\/\" \/>\n<meta property=\"og:locale\" content=\"de_DE\" \/>\n<meta property=\"og:type\" content=\"article\" \/>\n<meta property=\"og:title\" content=\"Granitst\u00e4nder mit R\u00e4dern f\u00fcr Sonnenschirme - Made in italy - Palarasol\" \/>\n<meta property=\"og:description\" content=\"Granitst\u00e4nder mit R\u00e4dern f\u00fcr Sonnenschirme , Durchmesser mm 58. Gewicht: kg 45 Made in Italy. hergestellt von Maffei.\" \/>\n<meta property=\"og:url\" content=\"https:\/\/www.palarasol.it\/de\/shop\/staender\/stander-mit-radern-kg-45\/\" \/>\n<meta property=\"og:site_name\" content=\"Palarasol\" \/>\n<meta property=\"article:publisher\" content=\"https:\/\/www.facebook.com\/palarasol\" \/>\n<meta property=\"article:modified_time\" content=\"2020-06-22T18:51:46+00:00\" \/>\n<meta property=\"og:image\" content=\"https:\/\/www.palarasol.it\/wp-content\/uploads\/2020\/06\/WILLI.jpg\" \/>\n\t<meta property=\"og:image:width\" content=\"1200\" \/>\n\t<meta property=\"og:image:height\" content=\"800\" \/>\n\t<meta property=\"og:image:type\" content=\"image\/jpeg\" \/>\n<meta name=\"twitter:card\" content=\"summary_large_image\" \/>\n<meta name=\"twitter:site\" content=\"@palarasol\" \/>\n<script type=\"application\/ld+json\" class=\"yoast-schema-graph\">{\"@context\":\"https:\/\/schema.org\",\"@graph\":[{\"@type\":\"WebPage\",\"@id\":\"https:\/\/www.palarasol.it\/de\/shop\/staender\/stander-mit-radern-kg-45\/\",\"url\":\"https:\/\/www.palarasol.it\/de\/shop\/staender\/stander-mit-radern-kg-45\/\",\"name\":\"Granitst\u00e4nder mit R\u00e4dern f\u00fcr Sonnenschirme - Made in italy - Palarasol\",\"isPartOf\":{\"@id\":\"http:\/\/www.palarasol.it\/de\/#website\"},\"primaryImageOfPage\":{\"@id\":\"https:\/\/www.palarasol.it\/de\/shop\/staender\/stander-mit-radern-kg-45\/#primaryimage\"},\"image\":{\"@id\":\"https:\/\/www.palarasol.it\/de\/shop\/staender\/stander-mit-radern-kg-45\/#primaryimage\"},\"thumbnailUrl\":\"https:\/\/www.palarasol.it\/wp-content\/uploads\/2020\/06\/WILLI.jpg\",\"datePublished\":\"2020-06-03T14:46:26+00:00\",\"dateModified\":\"2020-06-22T18:51:46+00:00\",\"description\":\"Granitst\u00e4nder mit R\u00e4dern f\u00fcr Sonnenschirme , Durchmesser mm 58. Gewicht: kg 45 Made in Italy. hergestellt von Maffei.\",\"breadcrumb\":{\"@id\":\"https:\/\/www.palarasol.it\/de\/shop\/staender\/stander-mit-radern-kg-45\/#breadcrumb\"},\"inLanguage\":\"de\",\"potentialAction\":[{\"@type\":\"ReadAction\",\"target\":[\"https:\/\/www.palarasol.it\/de\/shop\/staender\/stander-mit-radern-kg-45\/\"]}]},{\"@type\":\"ImageObject\",\"inLanguage\":\"de\",\"@id\":\"https:\/\/www.palarasol.it\/de\/shop\/staender\/stander-mit-radern-kg-45\/#primaryimage\",\"url\":\"https:\/\/www.palarasol.it\/wp-content\/uploads\/2020\/06\/WILLI.jpg\",\"contentUrl\":\"https:\/\/www.palarasol.it\/wp-content\/uploads\/2020\/06\/WILLI.jpg\",\"width\":1200,\"height\":800,\"caption\":\"Granitst\u00e4nder mit R\u00e4dern\"},{\"@type\":\"BreadcrumbList\",\"@id\":\"https:\/\/www.palarasol.it\/de\/shop\/staender\/stander-mit-radern-kg-45\/#breadcrumb\",\"itemListElement\":[{\"@type\":\"ListItem\",\"position\":1,\"name\":\"Home\",\"item\":\"https:\/\/www.palarasol.it\/de\/55761-2\/\"},{\"@type\":\"ListItem\",\"position\":2,\"name\":\"Shop\",\"item\":\"http:\/\/stagingpalara4.it\/negozio\/\"},{\"@type\":\"ListItem\",\"position\":3,\"name\":\"St\u00e4nder\",\"item\":\"https:\/\/www.palarasol.it\/de\/produkt-kategorie\/staender\/\"},{\"@type\":\"ListItem\",\"position\":4,\"name\":\"St\u00e4nder mit R\u00e4dern kg 45\"}]},{\"@type\":\"WebSite\",\"@id\":\"http:\/\/www.palarasol.it\/de\/#website\",\"url\":\"http:\/\/www.palarasol.it\/de\/\",\"name\":\"Palarasol\",\"description\":\"\",\"publisher\":{\"@id\":\"http:\/\/www.palarasol.it\/de\/#organization\"},\"potentialAction\":[{\"@type\":\"SearchAction\",\"target\":{\"@type\":\"EntryPoint\",\"urlTemplate\":\"http:\/\/www.palarasol.it\/de\/?s={search_term_string}\"},\"query-input\":{\"@type\":\"PropertyValueSpecification\",\"valueRequired\":true,\"valueName\":\"search_term_string\"}}],\"inLanguage\":\"de\"},{\"@type\":\"Organization\",\"@id\":\"http:\/\/www.palarasol.it\/de\/#organization\",\"name\":\"Palara Gianluca & C. S.a.s\",\"url\":\"http:\/\/www.palarasol.it\/de\/\",\"logo\":{\"@type\":\"ImageObject\",\"inLanguage\":\"de\",\"@id\":\"http:\/\/www.palarasol.it\/de\/#\/schema\/logo\/image\/\",\"url\":\"https:\/\/stagingpalara4.it\/wp-content\/uploads\/2015\/06\/logo.png\",\"contentUrl\":\"https:\/\/stagingpalara4.it\/wp-content\/uploads\/2015\/06\/logo.png\",\"width\":800,\"height\":189,\"caption\":\"Palara Gianluca & C. S.a.s\"},\"image\":{\"@id\":\"http:\/\/www.palarasol.it\/de\/#\/schema\/logo\/image\/\"},\"sameAs\":[\"https:\/\/www.facebook.com\/palarasol\",\"https:\/\/x.com\/palarasol\"]}]}<\/script>\n<!-- \/ Yoast SEO plugin. -->","yoast_head_json":{"title":"Granitst\u00e4nder mit R\u00e4dern f\u00fcr Sonnenschirme - Made in italy - Palarasol","description":"Granitst\u00e4nder mit R\u00e4dern f\u00fcr Sonnenschirme , Durchmesser mm 58. Gewicht: kg 45 Made in Italy. hergestellt von Maffei.","robots":{"index":"index","follow":"follow","max-snippet":"max-snippet:-1","max-image-preview":"max-image-preview:large","max-video-preview":"max-video-preview:-1"},"canonical":"https:\/\/www.palarasol.it\/de\/shop\/staender\/stander-mit-radern-kg-45\/","og_locale":"de_DE","og_type":"article","og_title":"Granitst\u00e4nder mit R\u00e4dern f\u00fcr Sonnenschirme - Made in italy - Palarasol","og_description":"Granitst\u00e4nder mit R\u00e4dern f\u00fcr Sonnenschirme , Durchmesser mm 58. Gewicht: kg 45 Made in Italy. hergestellt von Maffei.","og_url":"https:\/\/www.palarasol.it\/de\/shop\/staender\/stander-mit-radern-kg-45\/","og_site_name":"Palarasol","article_publisher":"https:\/\/www.facebook.com\/palarasol","article_modified_time":"2020-06-22T18:51:46+00:00","og_image":[{"width":1200,"height":800,"url":"https:\/\/www.palarasol.it\/wp-content\/uploads\/2020\/06\/WILLI.jpg","type":"image\/jpeg"}],"twitter_card":"summary_large_image","twitter_site":"@palarasol","schema":{"@context":"https:\/\/schema.org","@graph":[{"@type":"WebPage","@id":"https:\/\/www.palarasol.it\/de\/shop\/staender\/stander-mit-radern-kg-45\/","url":"https:\/\/www.palarasol.it\/de\/shop\/staender\/stander-mit-radern-kg-45\/","name":"Granitst\u00e4nder mit R\u00e4dern f\u00fcr Sonnenschirme - Made in italy - Palarasol","isPartOf":{"@id":"http:\/\/www.palarasol.it\/de\/#website"},"primaryImageOfPage":{"@id":"https:\/\/www.palarasol.it\/de\/shop\/staender\/stander-mit-radern-kg-45\/#primaryimage"},"image":{"@id":"https:\/\/www.palarasol.it\/de\/shop\/staender\/stander-mit-radern-kg-45\/#primaryimage"},"thumbnailUrl":"https:\/\/www.palarasol.it\/wp-content\/uploads\/2020\/06\/WILLI.jpg","datePublished":"2020-06-03T14:46:26+00:00","dateModified":"2020-06-22T18:51:46+00:00","description":"Granitst\u00e4nder mit R\u00e4dern f\u00fcr Sonnenschirme , Durchmesser mm 58. Gewicht: kg 45 Made in Italy. hergestellt von Maffei.","breadcrumb":{"@id":"https:\/\/www.palarasol.it\/de\/shop\/staender\/stander-mit-radern-kg-45\/#breadcrumb"},"inLanguage":"de","potentialAction":[{"@type":"ReadAction","target":["https:\/\/www.palarasol.it\/de\/shop\/staender\/stander-mit-radern-kg-45\/"]}]},{"@type":"ImageObject","inLanguage":"de","@id":"https:\/\/www.palarasol.it\/de\/shop\/staender\/stander-mit-radern-kg-45\/#primaryimage","url":"https:\/\/www.palarasol.it\/wp-content\/uploads\/2020\/06\/WILLI.jpg","contentUrl":"https:\/\/www.palarasol.it\/wp-content\/uploads\/2020\/06\/WILLI.jpg","width":1200,"height":800,"caption":"Granitst\u00e4nder mit R\u00e4dern"},{"@type":"BreadcrumbList","@id":"https:\/\/www.palarasol.it\/de\/shop\/staender\/stander-mit-radern-kg-45\/#breadcrumb","itemListElement":[{"@type":"ListItem","position":1,"name":"Home","item":"https:\/\/www.palarasol.it\/de\/55761-2\/"},{"@type":"ListItem","position":2,"name":"Shop","item":"http:\/\/stagingpalara4.it\/negozio\/"},{"@type":"ListItem","position":3,"name":"St\u00e4nder","item":"https:\/\/www.palarasol.it\/de\/produkt-kategorie\/staender\/"},{"@type":"ListItem","position":4,"name":"St\u00e4nder mit R\u00e4dern kg 45"}]},{"@type":"WebSite","@id":"http:\/\/www.palarasol.it\/de\/#website","url":"http:\/\/www.palarasol.it\/de\/","name":"Palarasol","description":"","publisher":{"@id":"http:\/\/www.palarasol.it\/de\/#organization"},"potentialAction":[{"@type":"SearchAction","target":{"@type":"EntryPoint","urlTemplate":"http:\/\/www.palarasol.it\/de\/?s={search_term_string}"},"query-input":{"@type":"PropertyValueSpecification","valueRequired":true,"valueName":"search_term_string"}}],"inLanguage":"de"},{"@type":"Organization","@id":"http:\/\/www.palarasol.it\/de\/#organization","name":"Palara Gianluca & C. S.a.s","url":"http:\/\/www.palarasol.it\/de\/","logo":{"@type":"ImageObject","inLanguage":"de","@id":"http:\/\/www.palarasol.it\/de\/#\/schema\/logo\/image\/","url":"https:\/\/stagingpalara4.it\/wp-content\/uploads\/2015\/06\/logo.png","contentUrl":"https:\/\/stagingpalara4.it\/wp-content\/uploads\/2015\/06\/logo.png","width":800,"height":189,"caption":"Palara Gianluca & C. S.a.s"},"image":{"@id":"http:\/\/www.palarasol.it\/de\/#\/schema\/logo\/image\/"},"sameAs":["https:\/\/www.facebook.com\/palarasol","https:\/\/x.com\/palarasol"]}]}},"_links":{"self":[{"href":"https:\/\/www.palarasol.it\/de\/wp-json\/wp\/v2\/product\/71790","targetHints":{"allow":["GET"]}}],"collection":[{"href":"https:\/\/www.palarasol.it\/de\/wp-json\/wp\/v2\/product"}],"about":[{"href":"https:\/\/www.palarasol.it\/de\/wp-json\/wp\/v2\/types\/product"}],"version-history":[{"count":0,"href":"https:\/\/www.palarasol.it\/de\/wp-json\/wp\/v2\/product\/71790\/revisions"}],"wp:featuredmedia":[{"embeddable":true,"href":"https:\/\/www.palarasol.it\/de\/wp-json\/wp\/v2\/media\/71796"}],"wp:attachment":[{"href":"https:\/\/www.palarasol.it\/de\/wp-json\/wp\/v2\/media?parent=71790"}],"wp:term":[{"taxonomy":"product_brand","embeddable":true,"href":"https:\/\/www.palarasol.it\/de\/wp-json\/wp\/v2\/product_brand?post=71790"},{"taxonomy":"product_cat","embeddable":true,"href":"https:\/\/www.palarasol.it\/de\/wp-json\/wp\/v2\/product_cat?post=71790"},{"taxonomy":"product_tag","embeddable":true,"href":"https:\/\/www.palarasol.it\/de\/wp-json\/wp\/v2\/product_tag?post=71790"}],"curies":[{"name":"wp","href":"https:\/\/api.w.org\/{rel}","templated":true}]}}