{"id":77114,"date":"2020-07-21T11:56:13","date_gmt":"2020-07-21T09:56:13","guid":{"rendered":"https:\/\/stagingpalara4.it\/shop\/unkategorisiert\/fibrasol-silver\/"},"modified":"2021-06-08T11:47:51","modified_gmt":"2021-06-08T09:47:51","slug":"fibrasol-silver","status":"publish","type":"product","link":"https:\/\/www.palarasol.it\/de\/shop\/sonnenschirme\/fibrasol-silver\/","title":{"rendered":"Fibrasol silver"},"content":{"rendered":"<p><strong>Material:<\/strong> PolyMa Polyester 210 g, wasserdicht, schimmelresistent<br \/>\n<strong>Lichtechtheit:<\/strong> 6+<br \/>\n<strong>UV Schutz:<\/strong> 50+<br \/>\nSchlingenverschlu\u00df<br \/>\nOhne Volants<br \/>\nMit Wind\u00f6ffnung<\/p>\n<p><strong>RAHMEN: GLASFASER<\/strong><\/p>\n<p>FIBRASOL ist die beste Serie der Maffei-Produktion. Die GLASFASER-Struktur bietet eine einzigartige Best\u00e4ndigkeit und Elastizit\u00e4t, die einer \u00e4hnlichen Struktur in Holz oder Metall \u00fcberlegen ist, dank der F\u00e4higkeit dieses Verbundmaterials, pl\u00f6tzliche Spannungen zu absorbieren.<\/p>\n<p>48 mm Fiberglasstange (silberfarben) und 8 austauschbare Fiberglasrippen<br \/>\nRiesentop als Pinienzapfen geformt<br \/>\nSchrauben aus Edelstahl<br \/>\n\u00d6ffnungssystem mit Doppelnseilzug<br \/>\n<strong>Mytex-Schutzfutter<a href=\"https:\/\/www.palarasol.it\/shop\/fodere\/fodera-per-ombrellone-grandi\/\"> Art.922<\/a> kostenlos<br \/>\n<\/strong><strong> Hergestellt in Italien.<br \/>\n<\/strong> Eine Gewichtsbasis ist angegeben&gt; 35kg. Ohne St\u00e4nder.<\/p>\n","protected":false},"excerpt":{"rendered":"<p>Art 175Q Fibrasol Silver Maffei cm 300\u00d7300\/8 h cm 280<\/p>\n<p><img decoding=\"async\" class=\"alignnone size-full wp-image-74259\" src=\"https:\/\/www.palarasol.it\/wp-content\/uploads\/2020\/07\/schema-175q.png\" alt=\"fibrasol silver art175q\" width=\"146\" height=\"106\" \/><\/p>\n","protected":false},"featured_media":74250,"template":"","meta":{"_acf_changed":false,"_monsterinsights_skip_tracking":false,"_monsterinsights_sitenote_active":false,"_monsterinsights_sitenote_note":"","_monsterinsights_sitenote_category":0},"product_brand":[],"product_cat":[527,508],"product_tag":[601,553,503,734,526,568,1021,509,506,561],"class_list":{"0":"post-77114","1":"product","2":"type-product","3":"status-publish","4":"has-post-thumbnail","6":"product_cat-marktschirme","7":"product_cat-sonnenschirme","8":"product_tag-eckiger-sonnenschirm","9":"product_tag-gross","10":"product_tag-made-in-italy-de","11":"product_tag-ombrelloni-maffei-de","12":"product_tag-polyester-de","13":"product_tag-sonnenschirm-fur-garten","14":"product_tag-sonnenschirm-mit-zentralstock","15":"product_tag-sonnenschirme","16":"product_tag-uv-schutz","17":"product_tag-wasserabstosend-impragniert","19":"first","20":"instock","21":"shipping-taxable","22":"purchasable","23":"product-type-variable"},"acf":[],"yoast_head":"<!-- This site is optimized with the Yoast SEO plugin v27.2 - https:\/\/yoast.com\/product\/yoast-seo-wordpress\/ -->\n<title>Fibrasol silver - Palarasol<\/title>\n<meta name=\"description\" content=\"Die Fibrasol GLASFASER-Struktur verleiht dank ihrer F\u00e4higkeit, pl\u00f6tzliche Belastungen zu absorbieren, eine einzigartige Festigkeit und Elastizit\u00e4t.\" \/>\n<meta name=\"robots\" content=\"index, follow, max-snippet:-1, max-image-preview:large, max-video-preview:-1\" \/>\n<link rel=\"canonical\" href=\"https:\/\/www.palarasol.it\/de\/shop\/sonnenschirme\/fibrasol-silver\/\" \/>\n<meta property=\"og:locale\" content=\"de_DE\" \/>\n<meta property=\"og:type\" content=\"article\" \/>\n<meta property=\"og:title\" content=\"Fibrasol silver - Palarasol\" \/>\n<meta property=\"og:description\" content=\"Die Fibrasol GLASFASER-Struktur verleiht dank ihrer F\u00e4higkeit, pl\u00f6tzliche Belastungen zu absorbieren, eine einzigartige Festigkeit und Elastizit\u00e4t.\" \/>\n<meta property=\"og:url\" content=\"https:\/\/www.palarasol.it\/de\/shop\/sonnenschirme\/fibrasol-silver\/\" \/>\n<meta property=\"og:site_name\" content=\"Palarasol\" \/>\n<meta property=\"article:publisher\" content=\"https:\/\/www.facebook.com\/palarasol\" \/>\n<meta property=\"article:modified_time\" content=\"2021-06-08T09:47:51+00:00\" \/>\n<meta property=\"og:image\" content=\"https:\/\/www.palarasol.it\/wp-content\/uploads\/2020\/07\/fibrasol-silver-art175q-3.jpg\" \/>\n\t<meta property=\"og:image:width\" content=\"1200\" \/>\n\t<meta property=\"og:image:height\" content=\"800\" \/>\n\t<meta property=\"og:image:type\" content=\"image\/jpeg\" \/>\n<meta name=\"twitter:card\" content=\"summary_large_image\" \/>\n<meta name=\"twitter:site\" content=\"@palarasol\" \/>\n<script type=\"application\/ld+json\" class=\"yoast-schema-graph\">{\"@context\":\"https:\/\/schema.org\",\"@graph\":[{\"@type\":\"WebPage\",\"@id\":\"https:\/\/www.palarasol.it\/de\/shop\/sonnenschirme\/fibrasol-silver\/\",\"url\":\"https:\/\/www.palarasol.it\/de\/shop\/sonnenschirme\/fibrasol-silver\/\",\"name\":\"Fibrasol silver - Palarasol\",\"isPartOf\":{\"@id\":\"http:\/\/www.palarasol.it\/de\/#website\"},\"primaryImageOfPage\":{\"@id\":\"https:\/\/www.palarasol.it\/de\/shop\/sonnenschirme\/fibrasol-silver\/#primaryimage\"},\"image\":{\"@id\":\"https:\/\/www.palarasol.it\/de\/shop\/sonnenschirme\/fibrasol-silver\/#primaryimage\"},\"thumbnailUrl\":\"https:\/\/www.palarasol.it\/wp-content\/uploads\/2020\/07\/fibrasol-silver-art175q-3.jpg\",\"datePublished\":\"2020-07-21T09:56:13+00:00\",\"dateModified\":\"2021-06-08T09:47:51+00:00\",\"description\":\"Die Fibrasol GLASFASER-Struktur verleiht dank ihrer F\u00e4higkeit, pl\u00f6tzliche Belastungen zu absorbieren, eine einzigartige Festigkeit und Elastizit\u00e4t.\",\"breadcrumb\":{\"@id\":\"https:\/\/www.palarasol.it\/de\/shop\/sonnenschirme\/fibrasol-silver\/#breadcrumb\"},\"inLanguage\":\"de\",\"potentialAction\":[{\"@type\":\"ReadAction\",\"target\":[\"https:\/\/www.palarasol.it\/de\/shop\/sonnenschirme\/fibrasol-silver\/\"]}]},{\"@type\":\"ImageObject\",\"inLanguage\":\"de\",\"@id\":\"https:\/\/www.palarasol.it\/de\/shop\/sonnenschirme\/fibrasol-silver\/#primaryimage\",\"url\":\"https:\/\/www.palarasol.it\/wp-content\/uploads\/2020\/07\/fibrasol-silver-art175q-3.jpg\",\"contentUrl\":\"https:\/\/www.palarasol.it\/wp-content\/uploads\/2020\/07\/fibrasol-silver-art175q-3.jpg\",\"width\":1200,\"height\":800,\"caption\":\"fibrasol silver art175q\"},{\"@type\":\"BreadcrumbList\",\"@id\":\"https:\/\/www.palarasol.it\/de\/shop\/sonnenschirme\/fibrasol-silver\/#breadcrumb\",\"itemListElement\":[{\"@type\":\"ListItem\",\"position\":1,\"name\":\"Home\",\"item\":\"https:\/\/www.palarasol.it\/de\/55761-2\/\"},{\"@type\":\"ListItem\",\"position\":2,\"name\":\"Shop\",\"item\":\"http:\/\/stagingpalara4.it\/negozio\/\"},{\"@type\":\"ListItem\",\"position\":3,\"name\":\"Marktschirme\",\"item\":\"https:\/\/www.palarasol.it\/de\/produkt-kategorie\/marktschirme\/\"},{\"@type\":\"ListItem\",\"position\":4,\"name\":\"Fibrasol silver\"}]},{\"@type\":\"WebSite\",\"@id\":\"http:\/\/www.palarasol.it\/de\/#website\",\"url\":\"http:\/\/www.palarasol.it\/de\/\",\"name\":\"Palarasol\",\"description\":\"\",\"publisher\":{\"@id\":\"http:\/\/www.palarasol.it\/de\/#organization\"},\"potentialAction\":[{\"@type\":\"SearchAction\",\"target\":{\"@type\":\"EntryPoint\",\"urlTemplate\":\"http:\/\/www.palarasol.it\/de\/?s={search_term_string}\"},\"query-input\":{\"@type\":\"PropertyValueSpecification\",\"valueRequired\":true,\"valueName\":\"search_term_string\"}}],\"inLanguage\":\"de\"},{\"@type\":\"Organization\",\"@id\":\"http:\/\/www.palarasol.it\/de\/#organization\",\"name\":\"Palara Gianluca & C. S.a.s\",\"url\":\"http:\/\/www.palarasol.it\/de\/\",\"logo\":{\"@type\":\"ImageObject\",\"inLanguage\":\"de\",\"@id\":\"http:\/\/www.palarasol.it\/de\/#\/schema\/logo\/image\/\",\"url\":\"https:\/\/stagingpalara4.it\/wp-content\/uploads\/2015\/06\/logo.png\",\"contentUrl\":\"https:\/\/stagingpalara4.it\/wp-content\/uploads\/2015\/06\/logo.png\",\"width\":800,\"height\":189,\"caption\":\"Palara Gianluca & C. S.a.s\"},\"image\":{\"@id\":\"http:\/\/www.palarasol.it\/de\/#\/schema\/logo\/image\/\"},\"sameAs\":[\"https:\/\/www.facebook.com\/palarasol\",\"https:\/\/x.com\/palarasol\"]}]}<\/script>\n<!-- \/ Yoast SEO plugin. -->","yoast_head_json":{"title":"Fibrasol silver - Palarasol","description":"Die Fibrasol GLASFASER-Struktur verleiht dank ihrer F\u00e4higkeit, pl\u00f6tzliche Belastungen zu absorbieren, eine einzigartige Festigkeit und Elastizit\u00e4t.","robots":{"index":"index","follow":"follow","max-snippet":"max-snippet:-1","max-image-preview":"max-image-preview:large","max-video-preview":"max-video-preview:-1"},"canonical":"https:\/\/www.palarasol.it\/de\/shop\/sonnenschirme\/fibrasol-silver\/","og_locale":"de_DE","og_type":"article","og_title":"Fibrasol silver - Palarasol","og_description":"Die Fibrasol GLASFASER-Struktur verleiht dank ihrer F\u00e4higkeit, pl\u00f6tzliche Belastungen zu absorbieren, eine einzigartige Festigkeit und Elastizit\u00e4t.","og_url":"https:\/\/www.palarasol.it\/de\/shop\/sonnenschirme\/fibrasol-silver\/","og_site_name":"Palarasol","article_publisher":"https:\/\/www.facebook.com\/palarasol","article_modified_time":"2021-06-08T09:47:51+00:00","og_image":[{"width":1200,"height":800,"url":"https:\/\/www.palarasol.it\/wp-content\/uploads\/2020\/07\/fibrasol-silver-art175q-3.jpg","type":"image\/jpeg"}],"twitter_card":"summary_large_image","twitter_site":"@palarasol","schema":{"@context":"https:\/\/schema.org","@graph":[{"@type":"WebPage","@id":"https:\/\/www.palarasol.it\/de\/shop\/sonnenschirme\/fibrasol-silver\/","url":"https:\/\/www.palarasol.it\/de\/shop\/sonnenschirme\/fibrasol-silver\/","name":"Fibrasol silver - Palarasol","isPartOf":{"@id":"http:\/\/www.palarasol.it\/de\/#website"},"primaryImageOfPage":{"@id":"https:\/\/www.palarasol.it\/de\/shop\/sonnenschirme\/fibrasol-silver\/#primaryimage"},"image":{"@id":"https:\/\/www.palarasol.it\/de\/shop\/sonnenschirme\/fibrasol-silver\/#primaryimage"},"thumbnailUrl":"https:\/\/www.palarasol.it\/wp-content\/uploads\/2020\/07\/fibrasol-silver-art175q-3.jpg","datePublished":"2020-07-21T09:56:13+00:00","dateModified":"2021-06-08T09:47:51+00:00","description":"Die Fibrasol GLASFASER-Struktur verleiht dank ihrer F\u00e4higkeit, pl\u00f6tzliche Belastungen zu absorbieren, eine einzigartige Festigkeit und Elastizit\u00e4t.","breadcrumb":{"@id":"https:\/\/www.palarasol.it\/de\/shop\/sonnenschirme\/fibrasol-silver\/#breadcrumb"},"inLanguage":"de","potentialAction":[{"@type":"ReadAction","target":["https:\/\/www.palarasol.it\/de\/shop\/sonnenschirme\/fibrasol-silver\/"]}]},{"@type":"ImageObject","inLanguage":"de","@id":"https:\/\/www.palarasol.it\/de\/shop\/sonnenschirme\/fibrasol-silver\/#primaryimage","url":"https:\/\/www.palarasol.it\/wp-content\/uploads\/2020\/07\/fibrasol-silver-art175q-3.jpg","contentUrl":"https:\/\/www.palarasol.it\/wp-content\/uploads\/2020\/07\/fibrasol-silver-art175q-3.jpg","width":1200,"height":800,"caption":"fibrasol silver art175q"},{"@type":"BreadcrumbList","@id":"https:\/\/www.palarasol.it\/de\/shop\/sonnenschirme\/fibrasol-silver\/#breadcrumb","itemListElement":[{"@type":"ListItem","position":1,"name":"Home","item":"https:\/\/www.palarasol.it\/de\/55761-2\/"},{"@type":"ListItem","position":2,"name":"Shop","item":"http:\/\/stagingpalara4.it\/negozio\/"},{"@type":"ListItem","position":3,"name":"Marktschirme","item":"https:\/\/www.palarasol.it\/de\/produkt-kategorie\/marktschirme\/"},{"@type":"ListItem","position":4,"name":"Fibrasol silver"}]},{"@type":"WebSite","@id":"http:\/\/www.palarasol.it\/de\/#website","url":"http:\/\/www.palarasol.it\/de\/","name":"Palarasol","description":"","publisher":{"@id":"http:\/\/www.palarasol.it\/de\/#organization"},"potentialAction":[{"@type":"SearchAction","target":{"@type":"EntryPoint","urlTemplate":"http:\/\/www.palarasol.it\/de\/?s={search_term_string}"},"query-input":{"@type":"PropertyValueSpecification","valueRequired":true,"valueName":"search_term_string"}}],"inLanguage":"de"},{"@type":"Organization","@id":"http:\/\/www.palarasol.it\/de\/#organization","name":"Palara Gianluca & C. S.a.s","url":"http:\/\/www.palarasol.it\/de\/","logo":{"@type":"ImageObject","inLanguage":"de","@id":"http:\/\/www.palarasol.it\/de\/#\/schema\/logo\/image\/","url":"https:\/\/stagingpalara4.it\/wp-content\/uploads\/2015\/06\/logo.png","contentUrl":"https:\/\/stagingpalara4.it\/wp-content\/uploads\/2015\/06\/logo.png","width":800,"height":189,"caption":"Palara Gianluca & C. S.a.s"},"image":{"@id":"http:\/\/www.palarasol.it\/de\/#\/schema\/logo\/image\/"},"sameAs":["https:\/\/www.facebook.com\/palarasol","https:\/\/x.com\/palarasol"]}]}},"_links":{"self":[{"href":"https:\/\/www.palarasol.it\/de\/wp-json\/wp\/v2\/product\/77114","targetHints":{"allow":["GET"]}}],"collection":[{"href":"https:\/\/www.palarasol.it\/de\/wp-json\/wp\/v2\/product"}],"about":[{"href":"https:\/\/www.palarasol.it\/de\/wp-json\/wp\/v2\/types\/product"}],"version-history":[{"count":0,"href":"https:\/\/www.palarasol.it\/de\/wp-json\/wp\/v2\/product\/77114\/revisions"}],"wp:featuredmedia":[{"embeddable":true,"href":"https:\/\/www.palarasol.it\/de\/wp-json\/wp\/v2\/media\/74250"}],"wp:attachment":[{"href":"https:\/\/www.palarasol.it\/de\/wp-json\/wp\/v2\/media?parent=77114"}],"wp:term":[{"taxonomy":"product_brand","embeddable":true,"href":"https:\/\/www.palarasol.it\/de\/wp-json\/wp\/v2\/product_brand?post=77114"},{"taxonomy":"product_cat","embeddable":true,"href":"https:\/\/www.palarasol.it\/de\/wp-json\/wp\/v2\/product_cat?post=77114"},{"taxonomy":"product_tag","embeddable":true,"href":"https:\/\/www.palarasol.it\/de\/wp-json\/wp\/v2\/product_tag?post=77114"}],"curies":[{"name":"wp","href":"https:\/\/api.w.org\/{rel}","templated":true}]}}