{"id":77595,"date":"2022-06-09T10:47:10","date_gmt":"2022-06-09T08:47:10","guid":{"rendered":"https:\/\/stagingpalara4.it\/?post_type=product&#038;p=77595"},"modified":"2025-04-03T10:07:35","modified_gmt":"2025-04-03T08:07:35","slug":"antibes-300x300-8-cm","status":"publish","type":"product","link":"https:\/\/www.palarasol.it\/de\/shop\/sonnenschirme\/antibes-300x300-8-cm\/","title":{"rendered":"Antibes 300&#215;300\/8 cm"},"content":{"rendered":"<p>Klappbare Ampelschirm mit Graphitfarbenen Gestell, Alu Stock und griff, Kurbel, knickbar, drehbar, X-Fu\u00df, Polyma Stoff. Wasserabsto\u00dfend impr\u00e4gniert.<\/p>\n<p>STOFF: PolyMa Polyester gr 210 qm, Wasserabsto\u00dfend impr\u00e4gniert, Verrottungsfest, Uv Schutz 50+, Lichtechtheit 6+.<\/p>\n<p>GESTELL: Stock aus Alu, Farbe Graphit, 60&#215;88 mm, \u00d6ffnung mit Alu Griff und Kurbel, Knickbar, Stahl X-Plattenst\u00e4nder, um 360\u00b0 drehbar, mit Pedal.<\/p>\n","protected":false},"excerpt":{"rendered":"<p>Art 448Q Antibes Maffei cm 300&#215;300\/8<\/p>\n<p><a href=\"https:\/\/www.palarasol.it\/wp-content\/uploads\/2022\/06\/448Q-5-300x146.jpg\"><img decoding=\"async\" class=\"alignnone size-medium wp-image-82778\" src=\"https:\/\/www.palarasol.it\/wp-content\/uploads\/2022\/06\/448Q-5-300x146.jpg\" alt=\"\" width=\"300\" height=\"146\" srcset=\"https:\/\/www.palarasol.it\/wp-content\/uploads\/2022\/06\/448Q-5-300x146.jpg 300w, https:\/\/www.palarasol.it\/wp-content\/uploads\/2022\/06\/448Q-5.jpg 411w\" sizes=\"(max-width: 300px) 100vw, 300px\" \/><\/a><\/p>\n","protected":false},"featured_media":85710,"template":"","meta":{"_acf_changed":false,"_monsterinsights_skip_tracking":false,"_monsterinsights_sitenote_active":false,"_monsterinsights_sitenote_note":"","_monsterinsights_sitenote_category":0},"product_brand":[],"product_cat":[563,508],"product_tag":[593,601,553,503,734,568,509,506,561],"class_list":{"0":"post-77595","1":"product","2":"type-product","3":"status-publish","4":"has-post-thumbnail","6":"product_cat-ampelschirme","7":"product_cat-sonnenschirme","8":"product_tag-ampelschirm-de","9":"product_tag-eckiger-sonnenschirm","10":"product_tag-gross","11":"product_tag-made-in-italy-de","12":"product_tag-ombrelloni-maffei-de","13":"product_tag-sonnenschirm-fur-garten","14":"product_tag-sonnenschirme","15":"product_tag-uv-schutz","16":"product_tag-wasserabstosend-impragniert","18":"first","19":"instock","20":"shipping-taxable","21":"purchasable","22":"product-type-variable"},"acf":[],"yoast_head":"<!-- This site is optimized with the Yoast SEO plugin v27.2 - https:\/\/yoast.com\/product\/yoast-seo-wordpress\/ -->\n<title>Antibes 300x300\/8 cm - Palarasol<\/title>\n<meta name=\"description\" content=\"Klappbare Ampelschirm mit Graphitfarbenen Gestell, Alu Stock und griff, Kurbel, knickbar, drehbar, X-Fu\u00df, Polyma Stoff. Wasserabsto\u00dfendimpr\u00e4gniert.\" \/>\n<meta name=\"robots\" content=\"index, follow, max-snippet:-1, max-image-preview:large, max-video-preview:-1\" \/>\n<link rel=\"canonical\" href=\"https:\/\/www.palarasol.it\/de\/shop\/sonnenschirme\/antibes-300x300-8-cm\/\" \/>\n<meta property=\"og:locale\" content=\"de_DE\" \/>\n<meta property=\"og:type\" content=\"article\" \/>\n<meta property=\"og:title\" content=\"Antibes 300x300\/8 cm - Palarasol\" \/>\n<meta property=\"og:description\" content=\"Klappbare Ampelschirm mit Graphitfarbenen Gestell, Alu Stock und griff, Kurbel, knickbar, drehbar, X-Fu\u00df, Polyma Stoff. Wasserabsto\u00dfendimpr\u00e4gniert.\" \/>\n<meta property=\"og:url\" content=\"https:\/\/www.palarasol.it\/de\/shop\/sonnenschirme\/antibes-300x300-8-cm\/\" \/>\n<meta property=\"og:site_name\" content=\"Palarasol\" \/>\n<meta property=\"article:publisher\" content=\"https:\/\/www.facebook.com\/palarasol\" \/>\n<meta property=\"article:modified_time\" content=\"2025-04-03T08:07:35+00:00\" \/>\n<meta property=\"og:image\" content=\"https:\/\/www.palarasol.it\/wp-content\/uploads\/2022\/06\/antibes-1-scaled.jpg\" \/>\n\t<meta property=\"og:image:width\" content=\"2560\" \/>\n\t<meta property=\"og:image:height\" content=\"1707\" \/>\n\t<meta property=\"og:image:type\" content=\"image\/jpeg\" \/>\n<meta name=\"twitter:card\" content=\"summary_large_image\" \/>\n<meta name=\"twitter:site\" content=\"@palarasol\" \/>\n<meta name=\"twitter:label1\" content=\"Gesch\u00e4tzte Lesezeit\" \/>\n\t<meta name=\"twitter:data1\" content=\"1\u00a0Minute\" \/>\n<script type=\"application\/ld+json\" class=\"yoast-schema-graph\">{\"@context\":\"https:\/\/schema.org\",\"@graph\":[{\"@type\":\"WebPage\",\"@id\":\"https:\/\/www.palarasol.it\/de\/shop\/sonnenschirme\/antibes-300x300-8-cm\/\",\"url\":\"https:\/\/www.palarasol.it\/de\/shop\/sonnenschirme\/antibes-300x300-8-cm\/\",\"name\":\"Antibes 300x300\/8 cm - Palarasol\",\"isPartOf\":{\"@id\":\"http:\/\/www.palarasol.it\/de\/#website\"},\"primaryImageOfPage\":{\"@id\":\"https:\/\/www.palarasol.it\/de\/shop\/sonnenschirme\/antibes-300x300-8-cm\/#primaryimage\"},\"image\":{\"@id\":\"https:\/\/www.palarasol.it\/de\/shop\/sonnenschirme\/antibes-300x300-8-cm\/#primaryimage\"},\"thumbnailUrl\":\"https:\/\/www.palarasol.it\/wp-content\/uploads\/2022\/06\/antibes_448Q.jpg\",\"datePublished\":\"2022-06-09T08:47:10+00:00\",\"dateModified\":\"2025-04-03T08:07:35+00:00\",\"description\":\"Klappbare Ampelschirm mit Graphitfarbenen Gestell, Alu Stock und griff, Kurbel, knickbar, drehbar, X-Fu\u00df, Polyma Stoff. Wasserabsto\u00dfendimpr\u00e4gniert.\",\"breadcrumb\":{\"@id\":\"https:\/\/www.palarasol.it\/de\/shop\/sonnenschirme\/antibes-300x300-8-cm\/#breadcrumb\"},\"inLanguage\":\"de\",\"potentialAction\":[{\"@type\":\"ReadAction\",\"target\":[\"https:\/\/www.palarasol.it\/de\/shop\/sonnenschirme\/antibes-300x300-8-cm\/\"]}]},{\"@type\":\"ImageObject\",\"inLanguage\":\"de\",\"@id\":\"https:\/\/www.palarasol.it\/de\/shop\/sonnenschirme\/antibes-300x300-8-cm\/#primaryimage\",\"url\":\"https:\/\/www.palarasol.it\/wp-content\/uploads\/2022\/06\/antibes_448Q.jpg\",\"contentUrl\":\"https:\/\/www.palarasol.it\/wp-content\/uploads\/2022\/06\/antibes_448Q.jpg\",\"width\":1200,\"height\":900},{\"@type\":\"BreadcrumbList\",\"@id\":\"https:\/\/www.palarasol.it\/de\/shop\/sonnenschirme\/antibes-300x300-8-cm\/#breadcrumb\",\"itemListElement\":[{\"@type\":\"ListItem\",\"position\":1,\"name\":\"Home\",\"item\":\"https:\/\/www.palarasol.it\/de\/55761-2\/\"},{\"@type\":\"ListItem\",\"position\":2,\"name\":\"Shop\",\"item\":\"http:\/\/stagingpalara4.it\/negozio\/\"},{\"@type\":\"ListItem\",\"position\":3,\"name\":\"Ampelschirme\",\"item\":\"https:\/\/www.palarasol.it\/de\/produkt-kategorie\/ampelschirme\/\"},{\"@type\":\"ListItem\",\"position\":4,\"name\":\"Antibes 300&#215;300\/8 cm\"}]},{\"@type\":\"WebSite\",\"@id\":\"http:\/\/www.palarasol.it\/de\/#website\",\"url\":\"http:\/\/www.palarasol.it\/de\/\",\"name\":\"Palarasol\",\"description\":\"\",\"publisher\":{\"@id\":\"http:\/\/www.palarasol.it\/de\/#organization\"},\"potentialAction\":[{\"@type\":\"SearchAction\",\"target\":{\"@type\":\"EntryPoint\",\"urlTemplate\":\"http:\/\/www.palarasol.it\/de\/?s={search_term_string}\"},\"query-input\":{\"@type\":\"PropertyValueSpecification\",\"valueRequired\":true,\"valueName\":\"search_term_string\"}}],\"inLanguage\":\"de\"},{\"@type\":\"Organization\",\"@id\":\"http:\/\/www.palarasol.it\/de\/#organization\",\"name\":\"Palara Gianluca & C. S.a.s\",\"url\":\"http:\/\/www.palarasol.it\/de\/\",\"logo\":{\"@type\":\"ImageObject\",\"inLanguage\":\"de\",\"@id\":\"http:\/\/www.palarasol.it\/de\/#\/schema\/logo\/image\/\",\"url\":\"https:\/\/stagingpalara4.it\/wp-content\/uploads\/2015\/06\/logo.png\",\"contentUrl\":\"https:\/\/stagingpalara4.it\/wp-content\/uploads\/2015\/06\/logo.png\",\"width\":800,\"height\":189,\"caption\":\"Palara Gianluca & C. S.a.s\"},\"image\":{\"@id\":\"http:\/\/www.palarasol.it\/de\/#\/schema\/logo\/image\/\"},\"sameAs\":[\"https:\/\/www.facebook.com\/palarasol\",\"https:\/\/x.com\/palarasol\"]}]}<\/script>\n<!-- \/ Yoast SEO plugin. -->","yoast_head_json":{"title":"Antibes 300x300\/8 cm - Palarasol","description":"Klappbare Ampelschirm mit Graphitfarbenen Gestell, Alu Stock und griff, Kurbel, knickbar, drehbar, X-Fu\u00df, Polyma Stoff. Wasserabsto\u00dfendimpr\u00e4gniert.","robots":{"index":"index","follow":"follow","max-snippet":"max-snippet:-1","max-image-preview":"max-image-preview:large","max-video-preview":"max-video-preview:-1"},"canonical":"https:\/\/www.palarasol.it\/de\/shop\/sonnenschirme\/antibes-300x300-8-cm\/","og_locale":"de_DE","og_type":"article","og_title":"Antibes 300x300\/8 cm - Palarasol","og_description":"Klappbare Ampelschirm mit Graphitfarbenen Gestell, Alu Stock und griff, Kurbel, knickbar, drehbar, X-Fu\u00df, Polyma Stoff. Wasserabsto\u00dfendimpr\u00e4gniert.","og_url":"https:\/\/www.palarasol.it\/de\/shop\/sonnenschirme\/antibes-300x300-8-cm\/","og_site_name":"Palarasol","article_publisher":"https:\/\/www.facebook.com\/palarasol","article_modified_time":"2025-04-03T08:07:35+00:00","og_image":[{"width":2560,"height":1707,"url":"https:\/\/www.palarasol.it\/wp-content\/uploads\/2022\/06\/antibes-1-scaled.jpg","type":"image\/jpeg"}],"twitter_card":"summary_large_image","twitter_site":"@palarasol","twitter_misc":{"Gesch\u00e4tzte Lesezeit":"1\u00a0Minute"},"schema":{"@context":"https:\/\/schema.org","@graph":[{"@type":"WebPage","@id":"https:\/\/www.palarasol.it\/de\/shop\/sonnenschirme\/antibes-300x300-8-cm\/","url":"https:\/\/www.palarasol.it\/de\/shop\/sonnenschirme\/antibes-300x300-8-cm\/","name":"Antibes 300x300\/8 cm - Palarasol","isPartOf":{"@id":"http:\/\/www.palarasol.it\/de\/#website"},"primaryImageOfPage":{"@id":"https:\/\/www.palarasol.it\/de\/shop\/sonnenschirme\/antibes-300x300-8-cm\/#primaryimage"},"image":{"@id":"https:\/\/www.palarasol.it\/de\/shop\/sonnenschirme\/antibes-300x300-8-cm\/#primaryimage"},"thumbnailUrl":"https:\/\/www.palarasol.it\/wp-content\/uploads\/2022\/06\/antibes_448Q.jpg","datePublished":"2022-06-09T08:47:10+00:00","dateModified":"2025-04-03T08:07:35+00:00","description":"Klappbare Ampelschirm mit Graphitfarbenen Gestell, Alu Stock und griff, Kurbel, knickbar, drehbar, X-Fu\u00df, Polyma Stoff. Wasserabsto\u00dfendimpr\u00e4gniert.","breadcrumb":{"@id":"https:\/\/www.palarasol.it\/de\/shop\/sonnenschirme\/antibes-300x300-8-cm\/#breadcrumb"},"inLanguage":"de","potentialAction":[{"@type":"ReadAction","target":["https:\/\/www.palarasol.it\/de\/shop\/sonnenschirme\/antibes-300x300-8-cm\/"]}]},{"@type":"ImageObject","inLanguage":"de","@id":"https:\/\/www.palarasol.it\/de\/shop\/sonnenschirme\/antibes-300x300-8-cm\/#primaryimage","url":"https:\/\/www.palarasol.it\/wp-content\/uploads\/2022\/06\/antibes_448Q.jpg","contentUrl":"https:\/\/www.palarasol.it\/wp-content\/uploads\/2022\/06\/antibes_448Q.jpg","width":1200,"height":900},{"@type":"BreadcrumbList","@id":"https:\/\/www.palarasol.it\/de\/shop\/sonnenschirme\/antibes-300x300-8-cm\/#breadcrumb","itemListElement":[{"@type":"ListItem","position":1,"name":"Home","item":"https:\/\/www.palarasol.it\/de\/55761-2\/"},{"@type":"ListItem","position":2,"name":"Shop","item":"http:\/\/stagingpalara4.it\/negozio\/"},{"@type":"ListItem","position":3,"name":"Ampelschirme","item":"https:\/\/www.palarasol.it\/de\/produkt-kategorie\/ampelschirme\/"},{"@type":"ListItem","position":4,"name":"Antibes 300&#215;300\/8 cm"}]},{"@type":"WebSite","@id":"http:\/\/www.palarasol.it\/de\/#website","url":"http:\/\/www.palarasol.it\/de\/","name":"Palarasol","description":"","publisher":{"@id":"http:\/\/www.palarasol.it\/de\/#organization"},"potentialAction":[{"@type":"SearchAction","target":{"@type":"EntryPoint","urlTemplate":"http:\/\/www.palarasol.it\/de\/?s={search_term_string}"},"query-input":{"@type":"PropertyValueSpecification","valueRequired":true,"valueName":"search_term_string"}}],"inLanguage":"de"},{"@type":"Organization","@id":"http:\/\/www.palarasol.it\/de\/#organization","name":"Palara Gianluca & C. S.a.s","url":"http:\/\/www.palarasol.it\/de\/","logo":{"@type":"ImageObject","inLanguage":"de","@id":"http:\/\/www.palarasol.it\/de\/#\/schema\/logo\/image\/","url":"https:\/\/stagingpalara4.it\/wp-content\/uploads\/2015\/06\/logo.png","contentUrl":"https:\/\/stagingpalara4.it\/wp-content\/uploads\/2015\/06\/logo.png","width":800,"height":189,"caption":"Palara Gianluca & C. S.a.s"},"image":{"@id":"http:\/\/www.palarasol.it\/de\/#\/schema\/logo\/image\/"},"sameAs":["https:\/\/www.facebook.com\/palarasol","https:\/\/x.com\/palarasol"]}]}},"_links":{"self":[{"href":"https:\/\/www.palarasol.it\/de\/wp-json\/wp\/v2\/product\/77595","targetHints":{"allow":["GET"]}}],"collection":[{"href":"https:\/\/www.palarasol.it\/de\/wp-json\/wp\/v2\/product"}],"about":[{"href":"https:\/\/www.palarasol.it\/de\/wp-json\/wp\/v2\/types\/product"}],"version-history":[{"count":0,"href":"https:\/\/www.palarasol.it\/de\/wp-json\/wp\/v2\/product\/77595\/revisions"}],"wp:featuredmedia":[{"embeddable":true,"href":"https:\/\/www.palarasol.it\/de\/wp-json\/wp\/v2\/media\/85710"}],"wp:attachment":[{"href":"https:\/\/www.palarasol.it\/de\/wp-json\/wp\/v2\/media?parent=77595"}],"wp:term":[{"taxonomy":"product_brand","embeddable":true,"href":"https:\/\/www.palarasol.it\/de\/wp-json\/wp\/v2\/product_brand?post=77595"},{"taxonomy":"product_cat","embeddable":true,"href":"https:\/\/www.palarasol.it\/de\/wp-json\/wp\/v2\/product_cat?post=77595"},{"taxonomy":"product_tag","embeddable":true,"href":"https:\/\/www.palarasol.it\/de\/wp-json\/wp\/v2\/product_tag?post=77595"}],"curies":[{"name":"wp","href":"https:\/\/api.w.org\/{rel}","templated":true}]}}