{"id":80747,"date":"2025-03-21T09:08:06","date_gmt":"2025-03-21T08:08:06","guid":{"rendered":"https:\/\/www.palarasol.it\/?post_type=product&#038;p=80747"},"modified":"2025-03-24T11:19:20","modified_gmt":"2025-03-24T10:19:20","slug":"trend-240x240-4","status":"publish","type":"product","link":"https:\/\/www.palarasol.it\/de\/shop\/sonnenschirme-design\/trend-240x240-4\/","title":{"rendered":"Trend 240&#215;240\/4"},"content":{"rendered":"<p>Design-Sonnenschirm, modern, praktisch, von mittlerer Gr\u00f6\u00dfe mit einem Graphitrahmen. Die \u00d6ffnung ist manuell und bietet sowohl H\u00f6hen- als auch Neigungsverstellung. Der mitgelieferte PolyMa-Stoff bietet einen ausgezeichneten Sonnenschutz.<\/p>\n<p>STOFF: PolyMa Polyester 210 g\/m\u00b2, wasserabweisend, schimmelresistent, UV-Schutz 50+, Farbbest\u00e4ndigkeit 6+. TexMa Olefin 190 g\/m\u00b2, in der Masse gef\u00e4rbt, wasserabweisend, schimmelresistent, UV-Schutz 50+, Farbbest\u00e4ndigkeit 7. Der TexMa-Stoff kann f\u00fcr einige Sonderfarben verwendet werden. (T).<\/p>\n<p>STRUKTUR: Aluminiumpfosten 38\/35 mm, Stahlrippen, Metallgelenk, manuelle \u00d6ffnung, h\u00f6henverstellbar, Verl\u00e4ngerung mit Schraube.<\/p>\n","protected":false},"excerpt":{"rendered":"<p>Art 455Q\u00a0 Trend Maffei 240&#215;240\/4<\/p>\n<p>&nbsp;<\/p>\n<p><a href=\"https:\/\/www.palarasol.it\/wp-content\/uploads\/2025\/03\/Immagine-2025-03-21-095207-7-300x146.jpg\"><img decoding=\"async\" class=\"alignnone size-medium wp-image-81408\" src=\"https:\/\/www.palarasol.it\/wp-content\/uploads\/2025\/03\/Immagine-2025-03-21-095207-7-300x146.jpg\" alt=\"\" width=\"300\" height=\"146\" srcset=\"https:\/\/www.palarasol.it\/wp-content\/uploads\/2025\/03\/Immagine-2025-03-21-095207-7-300x146.jpg 300w, https:\/\/www.palarasol.it\/wp-content\/uploads\/2025\/03\/Immagine-2025-03-21-095207-7.jpg 411w\" sizes=\"(max-width: 300px) 100vw, 300px\" \/><\/a><\/p>\n","protected":false},"featured_media":80958,"template":"","meta":{"_acf_changed":false,"_monsterinsights_skip_tracking":false,"_monsterinsights_sitenote_active":false,"_monsterinsights_sitenote_note":"","_monsterinsights_sitenote_category":0},"product_brand":[],"product_cat":[508,502],"product_tag":[601,553,503,734,526,568,509,506,561],"class_list":{"0":"post-80747","1":"product","2":"type-product","3":"status-publish","4":"has-post-thumbnail","6":"product_cat-sonnenschirme","7":"product_cat-sonnenschirme-design","8":"product_tag-eckiger-sonnenschirm","9":"product_tag-gross","10":"product_tag-made-in-italy-de","11":"product_tag-ombrelloni-maffei-de","12":"product_tag-polyester-de","13":"product_tag-sonnenschirm-fur-garten","14":"product_tag-sonnenschirme","15":"product_tag-uv-schutz","16":"product_tag-wasserabstosend-impragniert","18":"first","19":"instock","20":"shipping-taxable","21":"purchasable","22":"product-type-variable"},"acf":[],"yoast_head":"<!-- This site is optimized with the Yoast SEO plugin v27.2 - https:\/\/yoast.com\/product\/yoast-seo-wordpress\/ -->\n<title>Trend 240x240\/4 - Palarasol<\/title>\n<meta name=\"description\" content=\"Moderner Sonnenschirm in mittlerer Gr\u00f6\u00dfe mit Graphitrahmen, manueller \u00d6ffnung, H\u00f6hen- und Neigungsverstellung sowie PolyMa-Stoff.\" \/>\n<meta name=\"robots\" content=\"index, follow, max-snippet:-1, max-image-preview:large, max-video-preview:-1\" \/>\n<link rel=\"canonical\" href=\"https:\/\/www.palarasol.it\/de\/shop\/sonnenschirme-design\/trend-240x240-4\/\" \/>\n<meta property=\"og:locale\" content=\"de_DE\" \/>\n<meta property=\"og:type\" content=\"article\" \/>\n<meta property=\"og:title\" content=\"Trend 240x240\/4 - Palarasol\" \/>\n<meta property=\"og:description\" content=\"Moderner Sonnenschirm in mittlerer Gr\u00f6\u00dfe mit Graphitrahmen, manueller \u00d6ffnung, H\u00f6hen- und Neigungsverstellung sowie PolyMa-Stoff.\" \/>\n<meta property=\"og:url\" content=\"https:\/\/www.palarasol.it\/de\/shop\/sonnenschirme-design\/trend-240x240-4\/\" \/>\n<meta property=\"og:site_name\" content=\"Palarasol\" \/>\n<meta property=\"article:publisher\" content=\"https:\/\/www.facebook.com\/palarasol\" \/>\n<meta property=\"article:modified_time\" content=\"2025-03-24T10:19:20+00:00\" \/>\n<meta property=\"og:image\" content=\"https:\/\/www.palarasol.it\/wp-content\/uploads\/2025\/03\/ART-455Q-scaled.jpg\" \/>\n\t<meta property=\"og:image:width\" content=\"2560\" \/>\n\t<meta property=\"og:image:height\" content=\"1920\" \/>\n\t<meta property=\"og:image:type\" content=\"image\/jpeg\" \/>\n<meta name=\"twitter:card\" content=\"summary_large_image\" \/>\n<meta name=\"twitter:site\" content=\"@palarasol\" \/>\n<meta name=\"twitter:label1\" content=\"Gesch\u00e4tzte Lesezeit\" \/>\n\t<meta name=\"twitter:data1\" content=\"1\u00a0Minute\" \/>\n<script type=\"application\/ld+json\" class=\"yoast-schema-graph\">{\"@context\":\"https:\/\/schema.org\",\"@graph\":[{\"@type\":\"WebPage\",\"@id\":\"https:\/\/www.palarasol.it\/de\/shop\/sonnenschirme-design\/trend-240x240-4\/\",\"url\":\"https:\/\/www.palarasol.it\/de\/shop\/sonnenschirme-design\/trend-240x240-4\/\",\"name\":\"Trend 240x240\/4 - Palarasol\",\"isPartOf\":{\"@id\":\"http:\/\/www.palarasol.it\/de\/#website\"},\"primaryImageOfPage\":{\"@id\":\"https:\/\/www.palarasol.it\/de\/shop\/sonnenschirme-design\/trend-240x240-4\/#primaryimage\"},\"image\":{\"@id\":\"https:\/\/www.palarasol.it\/de\/shop\/sonnenschirme-design\/trend-240x240-4\/#primaryimage\"},\"thumbnailUrl\":\"https:\/\/www.palarasol.it\/wp-content\/uploads\/2025\/03\/ART-455Q-scaled.jpg\",\"datePublished\":\"2025-03-21T08:08:06+00:00\",\"dateModified\":\"2025-03-24T10:19:20+00:00\",\"description\":\"Moderner Sonnenschirm in mittlerer Gr\u00f6\u00dfe mit Graphitrahmen, manueller \u00d6ffnung, H\u00f6hen- und Neigungsverstellung sowie PolyMa-Stoff.\",\"breadcrumb\":{\"@id\":\"https:\/\/www.palarasol.it\/de\/shop\/sonnenschirme-design\/trend-240x240-4\/#breadcrumb\"},\"inLanguage\":\"de\",\"potentialAction\":[{\"@type\":\"ReadAction\",\"target\":[\"https:\/\/www.palarasol.it\/de\/shop\/sonnenschirme-design\/trend-240x240-4\/\"]}]},{\"@type\":\"ImageObject\",\"inLanguage\":\"de\",\"@id\":\"https:\/\/www.palarasol.it\/de\/shop\/sonnenschirme-design\/trend-240x240-4\/#primaryimage\",\"url\":\"https:\/\/www.palarasol.it\/wp-content\/uploads\/2025\/03\/ART-455Q-scaled.jpg\",\"contentUrl\":\"https:\/\/www.palarasol.it\/wp-content\/uploads\/2025\/03\/ART-455Q-scaled.jpg\",\"width\":2560,\"height\":1920},{\"@type\":\"BreadcrumbList\",\"@id\":\"https:\/\/www.palarasol.it\/de\/shop\/sonnenschirme-design\/trend-240x240-4\/#breadcrumb\",\"itemListElement\":[{\"@type\":\"ListItem\",\"position\":1,\"name\":\"Home\",\"item\":\"https:\/\/www.palarasol.it\/de\/55761-2\/\"},{\"@type\":\"ListItem\",\"position\":2,\"name\":\"Shop\",\"item\":\"http:\/\/stagingpalara4.it\/negozio\/\"},{\"@type\":\"ListItem\",\"position\":3,\"name\":\"Sonnenschirme\",\"item\":\"https:\/\/www.palarasol.it\/de\/produkt-kategorie\/sonnenschirme\/\"},{\"@type\":\"ListItem\",\"position\":4,\"name\":\"Trend 240&#215;240\/4\"}]},{\"@type\":\"WebSite\",\"@id\":\"http:\/\/www.palarasol.it\/de\/#website\",\"url\":\"http:\/\/www.palarasol.it\/de\/\",\"name\":\"Palarasol\",\"description\":\"\",\"publisher\":{\"@id\":\"http:\/\/www.palarasol.it\/de\/#organization\"},\"potentialAction\":[{\"@type\":\"SearchAction\",\"target\":{\"@type\":\"EntryPoint\",\"urlTemplate\":\"http:\/\/www.palarasol.it\/de\/?s={search_term_string}\"},\"query-input\":{\"@type\":\"PropertyValueSpecification\",\"valueRequired\":true,\"valueName\":\"search_term_string\"}}],\"inLanguage\":\"de\"},{\"@type\":\"Organization\",\"@id\":\"http:\/\/www.palarasol.it\/de\/#organization\",\"name\":\"Palara Gianluca & C. S.a.s\",\"url\":\"http:\/\/www.palarasol.it\/de\/\",\"logo\":{\"@type\":\"ImageObject\",\"inLanguage\":\"de\",\"@id\":\"http:\/\/www.palarasol.it\/de\/#\/schema\/logo\/image\/\",\"url\":\"https:\/\/stagingpalara4.it\/wp-content\/uploads\/2015\/06\/logo.png\",\"contentUrl\":\"https:\/\/stagingpalara4.it\/wp-content\/uploads\/2015\/06\/logo.png\",\"width\":800,\"height\":189,\"caption\":\"Palara Gianluca & C. S.a.s\"},\"image\":{\"@id\":\"http:\/\/www.palarasol.it\/de\/#\/schema\/logo\/image\/\"},\"sameAs\":[\"https:\/\/www.facebook.com\/palarasol\",\"https:\/\/x.com\/palarasol\"]}]}<\/script>\n<!-- \/ Yoast SEO plugin. -->","yoast_head_json":{"title":"Trend 240x240\/4 - Palarasol","description":"Moderner Sonnenschirm in mittlerer Gr\u00f6\u00dfe mit Graphitrahmen, manueller \u00d6ffnung, H\u00f6hen- und Neigungsverstellung sowie PolyMa-Stoff.","robots":{"index":"index","follow":"follow","max-snippet":"max-snippet:-1","max-image-preview":"max-image-preview:large","max-video-preview":"max-video-preview:-1"},"canonical":"https:\/\/www.palarasol.it\/de\/shop\/sonnenschirme-design\/trend-240x240-4\/","og_locale":"de_DE","og_type":"article","og_title":"Trend 240x240\/4 - Palarasol","og_description":"Moderner Sonnenschirm in mittlerer Gr\u00f6\u00dfe mit Graphitrahmen, manueller \u00d6ffnung, H\u00f6hen- und Neigungsverstellung sowie PolyMa-Stoff.","og_url":"https:\/\/www.palarasol.it\/de\/shop\/sonnenschirme-design\/trend-240x240-4\/","og_site_name":"Palarasol","article_publisher":"https:\/\/www.facebook.com\/palarasol","article_modified_time":"2025-03-24T10:19:20+00:00","og_image":[{"width":2560,"height":1920,"url":"https:\/\/www.palarasol.it\/wp-content\/uploads\/2025\/03\/ART-455Q-scaled.jpg","type":"image\/jpeg"}],"twitter_card":"summary_large_image","twitter_site":"@palarasol","twitter_misc":{"Gesch\u00e4tzte Lesezeit":"1\u00a0Minute"},"schema":{"@context":"https:\/\/schema.org","@graph":[{"@type":"WebPage","@id":"https:\/\/www.palarasol.it\/de\/shop\/sonnenschirme-design\/trend-240x240-4\/","url":"https:\/\/www.palarasol.it\/de\/shop\/sonnenschirme-design\/trend-240x240-4\/","name":"Trend 240x240\/4 - Palarasol","isPartOf":{"@id":"http:\/\/www.palarasol.it\/de\/#website"},"primaryImageOfPage":{"@id":"https:\/\/www.palarasol.it\/de\/shop\/sonnenschirme-design\/trend-240x240-4\/#primaryimage"},"image":{"@id":"https:\/\/www.palarasol.it\/de\/shop\/sonnenschirme-design\/trend-240x240-4\/#primaryimage"},"thumbnailUrl":"https:\/\/www.palarasol.it\/wp-content\/uploads\/2025\/03\/ART-455Q-scaled.jpg","datePublished":"2025-03-21T08:08:06+00:00","dateModified":"2025-03-24T10:19:20+00:00","description":"Moderner Sonnenschirm in mittlerer Gr\u00f6\u00dfe mit Graphitrahmen, manueller \u00d6ffnung, H\u00f6hen- und Neigungsverstellung sowie PolyMa-Stoff.","breadcrumb":{"@id":"https:\/\/www.palarasol.it\/de\/shop\/sonnenschirme-design\/trend-240x240-4\/#breadcrumb"},"inLanguage":"de","potentialAction":[{"@type":"ReadAction","target":["https:\/\/www.palarasol.it\/de\/shop\/sonnenschirme-design\/trend-240x240-4\/"]}]},{"@type":"ImageObject","inLanguage":"de","@id":"https:\/\/www.palarasol.it\/de\/shop\/sonnenschirme-design\/trend-240x240-4\/#primaryimage","url":"https:\/\/www.palarasol.it\/wp-content\/uploads\/2025\/03\/ART-455Q-scaled.jpg","contentUrl":"https:\/\/www.palarasol.it\/wp-content\/uploads\/2025\/03\/ART-455Q-scaled.jpg","width":2560,"height":1920},{"@type":"BreadcrumbList","@id":"https:\/\/www.palarasol.it\/de\/shop\/sonnenschirme-design\/trend-240x240-4\/#breadcrumb","itemListElement":[{"@type":"ListItem","position":1,"name":"Home","item":"https:\/\/www.palarasol.it\/de\/55761-2\/"},{"@type":"ListItem","position":2,"name":"Shop","item":"http:\/\/stagingpalara4.it\/negozio\/"},{"@type":"ListItem","position":3,"name":"Sonnenschirme","item":"https:\/\/www.palarasol.it\/de\/produkt-kategorie\/sonnenschirme\/"},{"@type":"ListItem","position":4,"name":"Trend 240&#215;240\/4"}]},{"@type":"WebSite","@id":"http:\/\/www.palarasol.it\/de\/#website","url":"http:\/\/www.palarasol.it\/de\/","name":"Palarasol","description":"","publisher":{"@id":"http:\/\/www.palarasol.it\/de\/#organization"},"potentialAction":[{"@type":"SearchAction","target":{"@type":"EntryPoint","urlTemplate":"http:\/\/www.palarasol.it\/de\/?s={search_term_string}"},"query-input":{"@type":"PropertyValueSpecification","valueRequired":true,"valueName":"search_term_string"}}],"inLanguage":"de"},{"@type":"Organization","@id":"http:\/\/www.palarasol.it\/de\/#organization","name":"Palara Gianluca & C. S.a.s","url":"http:\/\/www.palarasol.it\/de\/","logo":{"@type":"ImageObject","inLanguage":"de","@id":"http:\/\/www.palarasol.it\/de\/#\/schema\/logo\/image\/","url":"https:\/\/stagingpalara4.it\/wp-content\/uploads\/2015\/06\/logo.png","contentUrl":"https:\/\/stagingpalara4.it\/wp-content\/uploads\/2015\/06\/logo.png","width":800,"height":189,"caption":"Palara Gianluca & C. S.a.s"},"image":{"@id":"http:\/\/www.palarasol.it\/de\/#\/schema\/logo\/image\/"},"sameAs":["https:\/\/www.facebook.com\/palarasol","https:\/\/x.com\/palarasol"]}]}},"_links":{"self":[{"href":"https:\/\/www.palarasol.it\/de\/wp-json\/wp\/v2\/product\/80747","targetHints":{"allow":["GET"]}}],"collection":[{"href":"https:\/\/www.palarasol.it\/de\/wp-json\/wp\/v2\/product"}],"about":[{"href":"https:\/\/www.palarasol.it\/de\/wp-json\/wp\/v2\/types\/product"}],"version-history":[{"count":0,"href":"https:\/\/www.palarasol.it\/de\/wp-json\/wp\/v2\/product\/80747\/revisions"}],"wp:featuredmedia":[{"embeddable":true,"href":"https:\/\/www.palarasol.it\/de\/wp-json\/wp\/v2\/media\/80958"}],"wp:attachment":[{"href":"https:\/\/www.palarasol.it\/de\/wp-json\/wp\/v2\/media?parent=80747"}],"wp:term":[{"taxonomy":"product_brand","embeddable":true,"href":"https:\/\/www.palarasol.it\/de\/wp-json\/wp\/v2\/product_brand?post=80747"},{"taxonomy":"product_cat","embeddable":true,"href":"https:\/\/www.palarasol.it\/de\/wp-json\/wp\/v2\/product_cat?post=80747"},{"taxonomy":"product_tag","embeddable":true,"href":"https:\/\/www.palarasol.it\/de\/wp-json\/wp\/v2\/product_tag?post=80747"}],"curies":[{"name":"wp","href":"https:\/\/api.w.org\/{rel}","templated":true}]}}