{"id":83318,"date":"2025-04-30T09:05:07","date_gmt":"2025-04-30T07:05:07","guid":{"rendered":"https:\/\/www.palarasol.it\/?post_type=product&#038;p=83318"},"modified":"2025-05-22T11:02:24","modified_gmt":"2025-05-22T09:02:24","slug":"border-o-300-cm-outlet","status":"publish","type":"product","link":"https:\/\/www.palarasol.it\/de\/shop\/sonnenschirme-design\/border-o-300-cm-outlet\/","title":{"rendered":"Border \u00f8 300 cm"},"content":{"rendered":"<p><strong>Farbe: <\/strong>taupe<\/p>\n<p><strong>Modern und eleganter design Sonnenschirm dank der zur Gestell passenden N\u00e4hten. Border hat eine breite Farbpalette und Gro\u00dfen, so kann er zu viele Anwendungen passen und die Au\u00dfen sehr angenehm machen. Es pa\u00dft zu der Border Ampelschirm<\/strong><\/p>\n<p><strong>Stoff:<\/strong> Dralon gr 190 Sun beschichtet<br \/>\n<strong>Farbechtheit: <\/strong>5-6<br \/>\n<strong>UV Schutz<\/strong>: 20-50+<br \/>\nDurchmesser cm 300<br \/>\nSt\u00f6cke 27\/30 und Streben aus Stahl, Streben aus Stahl, Gestell Graphit Farbe<br \/>\nH\u00f6he cm 250<br \/>\nDas Border Design ist mit eine Paspelhaht zur Gestell passenden.<br \/>\nOhne Volants<br \/>\nStreben aus Stahl<br \/>\nMAFFEI EXKLUSIV<br \/>\n<strong>Schutzbezug mit Trageriemen ist im Preis inbegriffen<\/strong><br \/>\n<strong>Made in Italy.<\/strong><br \/>\nGewicht f\u00fcr Fuss&gt;kg 30. Ohne St\u00e4nder.<\/p>\n","protected":false},"excerpt":{"rendered":"<p>Art 46B Border Maffei \u2013 cm 150\/6 (\u00f8 300\/10) h 250<\/p>\n<p><img fetchpriority=\"high\" decoding=\"async\" class=\"alignnone size-medium wp-image-78992\" src=\"https:\/\/www.palarasol.it\/wp-content\/uploads\/2023\/06\/schema-46-300x167.jpg\" alt=\"schema-46\" width=\"300\" height=\"167\" srcset=\"https:\/\/www.palarasol.it\/wp-content\/uploads\/2023\/06\/schema-46-300x167.jpg 300w, https:\/\/www.palarasol.it\/wp-content\/uploads\/2023\/06\/schema-46.jpg 545w\" sizes=\"(max-width: 300px) 100vw, 300px\" \/><\/p>\n","protected":false},"featured_media":85556,"template":"","meta":{"_acf_changed":false,"_monsterinsights_skip_tracking":false,"_monsterinsights_sitenote_active":false,"_monsterinsights_sitenote_note":"","_monsterinsights_sitenote_category":0},"product_brand":[],"product_cat":[508,502,1078],"product_tag":[504,505,503,734,507,506],"class_list":{"0":"post-83318","1":"product","2":"type-product","3":"status-publish","4":"has-post-thumbnail","6":"product_cat-sonnenschirme","7":"product_cat-sonnenschirme-design","8":"product_cat-steckdose","9":"product_tag-design-de","10":"product_tag-dralon-de","11":"product_tag-made-in-italy-de","12":"product_tag-ombrelloni-maffei-de","13":"product_tag-sonnenschirm","14":"product_tag-uv-schutz","16":"first","17":"instock","18":"sale","19":"featured","20":"shipping-taxable","21":"purchasable","22":"product-type-simple"},"acf":[],"yoast_head":"<!-- This site is optimized with the Yoast SEO plugin v27.2 - https:\/\/yoast.com\/product\/yoast-seo-wordpress\/ -->\n<title>Border \u00f8 300 cm - Palarasol<\/title>\n<meta name=\"description\" content=\"Design Sonnenschirm mit N\u00e4hen passenden zur Gestell Durchmesser von 300, Dralon-Stoff. Modern und eleganter design Sonnenschirm dank der zur Gestell passenden N\u00e4hten.\" \/>\n<meta name=\"robots\" content=\"index, follow, max-snippet:-1, max-image-preview:large, max-video-preview:-1\" \/>\n<link rel=\"canonical\" href=\"https:\/\/www.palarasol.it\/de\/shop\/sonnenschirme-design\/border-o-300-cm-outlet\/\" \/>\n<meta property=\"og:locale\" content=\"de_DE\" \/>\n<meta property=\"og:type\" content=\"article\" \/>\n<meta property=\"og:title\" content=\"Border \u00f8 300 cm - Palarasol\" \/>\n<meta property=\"og:description\" content=\"Design Sonnenschirm mit N\u00e4hen passenden zur Gestell Durchmesser von 300, Dralon-Stoff. Modern und eleganter design Sonnenschirm dank der zur Gestell passenden N\u00e4hten.\" \/>\n<meta property=\"og:url\" content=\"https:\/\/www.palarasol.it\/de\/shop\/sonnenschirme-design\/border-o-300-cm-outlet\/\" \/>\n<meta property=\"og:site_name\" content=\"Palarasol\" \/>\n<meta property=\"article:publisher\" content=\"https:\/\/www.facebook.com\/palarasol\" \/>\n<meta property=\"article:modified_time\" content=\"2025-05-22T09:02:24+00:00\" \/>\n<meta property=\"og:image\" content=\"https:\/\/www.palarasol.it\/wp-content\/uploads\/2025\/04\/1-4-scaled.jpg\" \/>\n\t<meta property=\"og:image:width\" content=\"2560\" \/>\n\t<meta property=\"og:image:height\" content=\"1920\" \/>\n\t<meta property=\"og:image:type\" content=\"image\/jpeg\" \/>\n<meta name=\"twitter:card\" content=\"summary_large_image\" \/>\n<meta name=\"twitter:site\" content=\"@palarasol\" \/>\n<meta name=\"twitter:label1\" content=\"Gesch\u00e4tzte Lesezeit\" \/>\n\t<meta name=\"twitter:data1\" content=\"1\u00a0Minute\" \/>\n<script type=\"application\/ld+json\" class=\"yoast-schema-graph\">{\"@context\":\"https:\/\/schema.org\",\"@graph\":[{\"@type\":\"WebPage\",\"@id\":\"https:\/\/www.palarasol.it\/de\/shop\/sonnenschirme-design\/border-o-300-cm-outlet\/\",\"url\":\"https:\/\/www.palarasol.it\/de\/shop\/sonnenschirme-design\/border-o-300-cm-outlet\/\",\"name\":\"Border \u00f8 300 cm - Palarasol\",\"isPartOf\":{\"@id\":\"http:\/\/www.palarasol.it\/de\/#website\"},\"primaryImageOfPage\":{\"@id\":\"https:\/\/www.palarasol.it\/de\/shop\/sonnenschirme-design\/border-o-300-cm-outlet\/#primaryimage\"},\"image\":{\"@id\":\"https:\/\/www.palarasol.it\/de\/shop\/sonnenschirme-design\/border-o-300-cm-outlet\/#primaryimage\"},\"thumbnailUrl\":\"https:\/\/www.palarasol.it\/wp-content\/uploads\/2025\/04\/border_46B.jpg\",\"datePublished\":\"2025-04-30T07:05:07+00:00\",\"dateModified\":\"2025-05-22T09:02:24+00:00\",\"description\":\"Design Sonnenschirm mit N\u00e4hen passenden zur Gestell Durchmesser von 300, Dralon-Stoff. Modern und eleganter design Sonnenschirm dank der zur Gestell passenden N\u00e4hten.\",\"breadcrumb\":{\"@id\":\"https:\/\/www.palarasol.it\/de\/shop\/sonnenschirme-design\/border-o-300-cm-outlet\/#breadcrumb\"},\"inLanguage\":\"de\",\"potentialAction\":[{\"@type\":\"ReadAction\",\"target\":[\"https:\/\/www.palarasol.it\/de\/shop\/sonnenschirme-design\/border-o-300-cm-outlet\/\"]}]},{\"@type\":\"ImageObject\",\"inLanguage\":\"de\",\"@id\":\"https:\/\/www.palarasol.it\/de\/shop\/sonnenschirme-design\/border-o-300-cm-outlet\/#primaryimage\",\"url\":\"https:\/\/www.palarasol.it\/wp-content\/uploads\/2025\/04\/border_46B.jpg\",\"contentUrl\":\"https:\/\/www.palarasol.it\/wp-content\/uploads\/2025\/04\/border_46B.jpg\",\"width\":1200,\"height\":900,\"caption\":\"border_46B\"},{\"@type\":\"BreadcrumbList\",\"@id\":\"https:\/\/www.palarasol.it\/de\/shop\/sonnenschirme-design\/border-o-300-cm-outlet\/#breadcrumb\",\"itemListElement\":[{\"@type\":\"ListItem\",\"position\":1,\"name\":\"Home\",\"item\":\"https:\/\/www.palarasol.it\/de\/55761-2\/\"},{\"@type\":\"ListItem\",\"position\":2,\"name\":\"Shop\",\"item\":\"http:\/\/stagingpalara4.it\/negozio\/\"},{\"@type\":\"ListItem\",\"position\":3,\"name\":\"Sonnenschirme\",\"item\":\"https:\/\/www.palarasol.it\/de\/produkt-kategorie\/sonnenschirme\/\"},{\"@type\":\"ListItem\",\"position\":4,\"name\":\"Border \u00f8 300 cm\"}]},{\"@type\":\"WebSite\",\"@id\":\"http:\/\/www.palarasol.it\/de\/#website\",\"url\":\"http:\/\/www.palarasol.it\/de\/\",\"name\":\"Palarasol\",\"description\":\"\",\"publisher\":{\"@id\":\"http:\/\/www.palarasol.it\/de\/#organization\"},\"potentialAction\":[{\"@type\":\"SearchAction\",\"target\":{\"@type\":\"EntryPoint\",\"urlTemplate\":\"http:\/\/www.palarasol.it\/de\/?s={search_term_string}\"},\"query-input\":{\"@type\":\"PropertyValueSpecification\",\"valueRequired\":true,\"valueName\":\"search_term_string\"}}],\"inLanguage\":\"de\"},{\"@type\":\"Organization\",\"@id\":\"http:\/\/www.palarasol.it\/de\/#organization\",\"name\":\"Palara Gianluca & C. S.a.s\",\"url\":\"http:\/\/www.palarasol.it\/de\/\",\"logo\":{\"@type\":\"ImageObject\",\"inLanguage\":\"de\",\"@id\":\"http:\/\/www.palarasol.it\/de\/#\/schema\/logo\/image\/\",\"url\":\"https:\/\/stagingpalara4.it\/wp-content\/uploads\/2015\/06\/logo.png\",\"contentUrl\":\"https:\/\/stagingpalara4.it\/wp-content\/uploads\/2015\/06\/logo.png\",\"width\":800,\"height\":189,\"caption\":\"Palara Gianluca & C. S.a.s\"},\"image\":{\"@id\":\"http:\/\/www.palarasol.it\/de\/#\/schema\/logo\/image\/\"},\"sameAs\":[\"https:\/\/www.facebook.com\/palarasol\",\"https:\/\/x.com\/palarasol\"]}]}<\/script>\n<!-- \/ Yoast SEO plugin. -->","yoast_head_json":{"title":"Border \u00f8 300 cm - Palarasol","description":"Design Sonnenschirm mit N\u00e4hen passenden zur Gestell Durchmesser von 300, Dralon-Stoff. Modern und eleganter design Sonnenschirm dank der zur Gestell passenden N\u00e4hten.","robots":{"index":"index","follow":"follow","max-snippet":"max-snippet:-1","max-image-preview":"max-image-preview:large","max-video-preview":"max-video-preview:-1"},"canonical":"https:\/\/www.palarasol.it\/de\/shop\/sonnenschirme-design\/border-o-300-cm-outlet\/","og_locale":"de_DE","og_type":"article","og_title":"Border \u00f8 300 cm - Palarasol","og_description":"Design Sonnenschirm mit N\u00e4hen passenden zur Gestell Durchmesser von 300, Dralon-Stoff. Modern und eleganter design Sonnenschirm dank der zur Gestell passenden N\u00e4hten.","og_url":"https:\/\/www.palarasol.it\/de\/shop\/sonnenschirme-design\/border-o-300-cm-outlet\/","og_site_name":"Palarasol","article_publisher":"https:\/\/www.facebook.com\/palarasol","article_modified_time":"2025-05-22T09:02:24+00:00","og_image":[{"width":2560,"height":1920,"url":"https:\/\/www.palarasol.it\/wp-content\/uploads\/2025\/04\/1-4-scaled.jpg","type":"image\/jpeg"}],"twitter_card":"summary_large_image","twitter_site":"@palarasol","twitter_misc":{"Gesch\u00e4tzte Lesezeit":"1\u00a0Minute"},"schema":{"@context":"https:\/\/schema.org","@graph":[{"@type":"WebPage","@id":"https:\/\/www.palarasol.it\/de\/shop\/sonnenschirme-design\/border-o-300-cm-outlet\/","url":"https:\/\/www.palarasol.it\/de\/shop\/sonnenschirme-design\/border-o-300-cm-outlet\/","name":"Border \u00f8 300 cm - Palarasol","isPartOf":{"@id":"http:\/\/www.palarasol.it\/de\/#website"},"primaryImageOfPage":{"@id":"https:\/\/www.palarasol.it\/de\/shop\/sonnenschirme-design\/border-o-300-cm-outlet\/#primaryimage"},"image":{"@id":"https:\/\/www.palarasol.it\/de\/shop\/sonnenschirme-design\/border-o-300-cm-outlet\/#primaryimage"},"thumbnailUrl":"https:\/\/www.palarasol.it\/wp-content\/uploads\/2025\/04\/border_46B.jpg","datePublished":"2025-04-30T07:05:07+00:00","dateModified":"2025-05-22T09:02:24+00:00","description":"Design Sonnenschirm mit N\u00e4hen passenden zur Gestell Durchmesser von 300, Dralon-Stoff. Modern und eleganter design Sonnenschirm dank der zur Gestell passenden N\u00e4hten.","breadcrumb":{"@id":"https:\/\/www.palarasol.it\/de\/shop\/sonnenschirme-design\/border-o-300-cm-outlet\/#breadcrumb"},"inLanguage":"de","potentialAction":[{"@type":"ReadAction","target":["https:\/\/www.palarasol.it\/de\/shop\/sonnenschirme-design\/border-o-300-cm-outlet\/"]}]},{"@type":"ImageObject","inLanguage":"de","@id":"https:\/\/www.palarasol.it\/de\/shop\/sonnenschirme-design\/border-o-300-cm-outlet\/#primaryimage","url":"https:\/\/www.palarasol.it\/wp-content\/uploads\/2025\/04\/border_46B.jpg","contentUrl":"https:\/\/www.palarasol.it\/wp-content\/uploads\/2025\/04\/border_46B.jpg","width":1200,"height":900,"caption":"border_46B"},{"@type":"BreadcrumbList","@id":"https:\/\/www.palarasol.it\/de\/shop\/sonnenschirme-design\/border-o-300-cm-outlet\/#breadcrumb","itemListElement":[{"@type":"ListItem","position":1,"name":"Home","item":"https:\/\/www.palarasol.it\/de\/55761-2\/"},{"@type":"ListItem","position":2,"name":"Shop","item":"http:\/\/stagingpalara4.it\/negozio\/"},{"@type":"ListItem","position":3,"name":"Sonnenschirme","item":"https:\/\/www.palarasol.it\/de\/produkt-kategorie\/sonnenschirme\/"},{"@type":"ListItem","position":4,"name":"Border \u00f8 300 cm"}]},{"@type":"WebSite","@id":"http:\/\/www.palarasol.it\/de\/#website","url":"http:\/\/www.palarasol.it\/de\/","name":"Palarasol","description":"","publisher":{"@id":"http:\/\/www.palarasol.it\/de\/#organization"},"potentialAction":[{"@type":"SearchAction","target":{"@type":"EntryPoint","urlTemplate":"http:\/\/www.palarasol.it\/de\/?s={search_term_string}"},"query-input":{"@type":"PropertyValueSpecification","valueRequired":true,"valueName":"search_term_string"}}],"inLanguage":"de"},{"@type":"Organization","@id":"http:\/\/www.palarasol.it\/de\/#organization","name":"Palara Gianluca & C. S.a.s","url":"http:\/\/www.palarasol.it\/de\/","logo":{"@type":"ImageObject","inLanguage":"de","@id":"http:\/\/www.palarasol.it\/de\/#\/schema\/logo\/image\/","url":"https:\/\/stagingpalara4.it\/wp-content\/uploads\/2015\/06\/logo.png","contentUrl":"https:\/\/stagingpalara4.it\/wp-content\/uploads\/2015\/06\/logo.png","width":800,"height":189,"caption":"Palara Gianluca & C. S.a.s"},"image":{"@id":"http:\/\/www.palarasol.it\/de\/#\/schema\/logo\/image\/"},"sameAs":["https:\/\/www.facebook.com\/palarasol","https:\/\/x.com\/palarasol"]}]}},"_links":{"self":[{"href":"https:\/\/www.palarasol.it\/de\/wp-json\/wp\/v2\/product\/83318","targetHints":{"allow":["GET"]}}],"collection":[{"href":"https:\/\/www.palarasol.it\/de\/wp-json\/wp\/v2\/product"}],"about":[{"href":"https:\/\/www.palarasol.it\/de\/wp-json\/wp\/v2\/types\/product"}],"version-history":[{"count":0,"href":"https:\/\/www.palarasol.it\/de\/wp-json\/wp\/v2\/product\/83318\/revisions"}],"wp:featuredmedia":[{"embeddable":true,"href":"https:\/\/www.palarasol.it\/de\/wp-json\/wp\/v2\/media\/85556"}],"wp:attachment":[{"href":"https:\/\/www.palarasol.it\/de\/wp-json\/wp\/v2\/media?parent=83318"}],"wp:term":[{"taxonomy":"product_brand","embeddable":true,"href":"https:\/\/www.palarasol.it\/de\/wp-json\/wp\/v2\/product_brand?post=83318"},{"taxonomy":"product_cat","embeddable":true,"href":"https:\/\/www.palarasol.it\/de\/wp-json\/wp\/v2\/product_cat?post=83318"},{"taxonomy":"product_tag","embeddable":true,"href":"https:\/\/www.palarasol.it\/de\/wp-json\/wp\/v2\/product_tag?post=83318"}],"curies":[{"name":"wp","href":"https:\/\/api.w.org\/{rel}","templated":true}]}}