{"id":83837,"date":"2025-04-30T11:11:26","date_gmt":"2025-04-30T09:11:26","guid":{"rendered":"https:\/\/www.palarasol.it\/?post_type=product&#038;p=83837"},"modified":"2025-05-22T10:51:24","modified_gmt":"2025-05-22T08:51:24","slug":"trend-200x200-outlet","status":"publish","type":"product","link":"https:\/\/www.palarasol.it\/de\/shop\/sonnenschirme-design\/trend-200x200-outlet\/","title":{"rendered":"Trend 200&#215;200"},"content":{"rendered":"<p><strong>Farbe:<\/strong> grau<\/p>\n<p>Moderner, praktischer, mittelgro\u00dfer Designerschirm mit graphitfarbenem Gestell. Es eignet sich f\u00fcr verschiedene Verwendungszwecke, sowohl beruflich als auch privat. Die \u00d6ffnung ist manuell und kann sowohl in der H\u00f6he als auch in der Neigung verstellt werden. Das PolyMa-Gewebe bietet einen hervorragenden Sonnenschutz.<\/p>\n<p><strong>GEWEBE<\/strong><br \/>\nPolyMa Polyester gr 210 m2, wasserabweisend, schimmelhemmend, UV-Schutz 50+, Farbechtheit 6+<br \/>\nTexMa Olefin gr 190 m2, pastenf\u00f6rmig gef\u00e4rbt, wasserabweisend, schimmelhemmend, UV-Schutz 50+, Farbechtheit 7.<br \/>\nTexMa-Gewebe kann f\u00fcr einige spezielle Farben verwendet werden. (T).<\/p>\n<p>Gr\u00f6\u00dfe 200&#215;200 cm<br \/>\nH\u00f6he cm 250<\/p>\n<p><strong>GESTELL<\/strong><br \/>\n38\/35 mm Aluminiumstange, Stahlstangen, graphitfarbener Rahmen, Metallgelenk, manuelle \u00d6ffnung, h\u00f6henverstellbar, Verl\u00e4ngerung mit Schraube<\/p>\n<p>Gewicht pro Sockel: min. kg 30. Mehr Gewicht bedeutet mehr Stabilit\u00e4t und Sicherheit<br \/>\nSchutzfutter aus Mytex <a href=\"https:\/\/www.palarasol.it\/shop\/fodere\/fodera-ombrelloni-palo-centrale\/\"><strong>Art.921<\/strong><\/a> in <strong>HOMAGEHergestellt<br \/>\n<\/strong> <strong>in Italien.<\/strong><\/p>\n","protected":false},"excerpt":{"rendered":"<p>Art 453Q Trend Maffei cm 200&#215;200\/4 h cm 250<\/p>\n<p><img fetchpriority=\"high\" decoding=\"async\" class=\"alignnone size-medium wp-image-77948\" src=\"https:\/\/www.palarasol.it\/wp-content\/uploads\/2023\/05\/schema-453-300x169.jpg\" alt=\"schema-453\" width=\"300\" height=\"169\" srcset=\"https:\/\/www.palarasol.it\/wp-content\/uploads\/2023\/05\/schema-453-300x169.jpg 300w, https:\/\/www.palarasol.it\/wp-content\/uploads\/2023\/05\/schema-453-600x337.jpg 600w, https:\/\/www.palarasol.it\/wp-content\/uploads\/2023\/05\/schema-453-1024x575.jpg 1024w, https:\/\/www.palarasol.it\/wp-content\/uploads\/2023\/05\/schema-453.jpg 1200w\" sizes=\"(max-width: 300px) 100vw, 300px\" \/><\/p>\n","protected":false},"featured_media":85541,"template":"","meta":{"_acf_changed":false,"_monsterinsights_skip_tracking":false,"_monsterinsights_sitenote_active":false,"_monsterinsights_sitenote_note":"","_monsterinsights_sitenote_category":0},"product_brand":[],"product_cat":[508,502,1078],"product_tag":[601,553,503,734,526,568,509,506,561],"class_list":{"0":"post-83837","1":"product","2":"type-product","3":"status-publish","4":"has-post-thumbnail","6":"product_cat-sonnenschirme","7":"product_cat-sonnenschirme-design","8":"product_cat-steckdose","9":"product_tag-eckiger-sonnenschirm","10":"product_tag-gross","11":"product_tag-made-in-italy-de","12":"product_tag-ombrelloni-maffei-de","13":"product_tag-polyester-de","14":"product_tag-sonnenschirm-fur-garten","15":"product_tag-sonnenschirme","16":"product_tag-uv-schutz","17":"product_tag-wasserabstosend-impragniert","19":"first","20":"instock","21":"sale","22":"shipping-taxable","23":"purchasable","24":"product-type-simple"},"acf":[],"yoast_head":"<!-- This site is optimized with the Yoast SEO plugin v27.5 - https:\/\/yoast.com\/product\/yoast-seo-wordpress\/ -->\n<title>Trend 200x200 - Palarasol<\/title>\n<meta name=\"description\" content=\"Fibrasol eckig Wood Basic Stoff: PolyMa Polyester gr 210, wasserabsto\u03b2end impr\u00e4gniert, verrottungsfest, mit Wind\u00f6ffnung, Gr\u00f6\u03b2e cm 300\u00d7300 H\u00f6he cm 340\" \/>\n<meta name=\"robots\" content=\"index, follow, max-snippet:-1, max-image-preview:large, max-video-preview:-1\" \/>\n<link rel=\"canonical\" href=\"https:\/\/www.palarasol.it\/de\/shop\/sonnenschirme-design\/trend-200x200-outlet\/\" \/>\n<meta property=\"og:locale\" content=\"de_DE\" \/>\n<meta property=\"og:type\" content=\"article\" \/>\n<meta property=\"og:title\" content=\"Trend 200x200 - Palarasol\" \/>\n<meta property=\"og:description\" content=\"Fibrasol eckig Wood Basic Stoff: PolyMa Polyester gr 210, wasserabsto\u03b2end impr\u00e4gniert, verrottungsfest, mit Wind\u00f6ffnung, Gr\u00f6\u03b2e cm 300\u00d7300 H\u00f6he cm 340\" \/>\n<meta property=\"og:url\" content=\"https:\/\/www.palarasol.it\/de\/shop\/sonnenschirme-design\/trend-200x200-outlet\/\" \/>\n<meta property=\"og:site_name\" content=\"Palarasol\" \/>\n<meta property=\"article:publisher\" content=\"https:\/\/www.facebook.com\/palarasol\" \/>\n<meta property=\"article:modified_time\" content=\"2025-05-22T08:51:24+00:00\" \/>\n<meta property=\"og:image\" content=\"https:\/\/www.palarasol.it\/wp-content\/uploads\/2025\/04\/1-8-scaled.jpg\" \/>\n\t<meta property=\"og:image:width\" content=\"2560\" \/>\n\t<meta property=\"og:image:height\" content=\"1920\" \/>\n\t<meta property=\"og:image:type\" content=\"image\/jpeg\" \/>\n<meta name=\"twitter:card\" content=\"summary_large_image\" \/>\n<meta name=\"twitter:site\" content=\"@palarasol\" \/>\n<meta name=\"twitter:label1\" content=\"Gesch\u00e4tzte Lesezeit\" \/>\n\t<meta name=\"twitter:data1\" content=\"1\u00a0Minute\" \/>\n<script type=\"application\/ld+json\" class=\"yoast-schema-graph\">{\"@context\":\"https:\\\/\\\/schema.org\",\"@graph\":[{\"@type\":\"WebPage\",\"@id\":\"https:\\\/\\\/www.palarasol.it\\\/de\\\/shop\\\/sonnenschirme-design\\\/trend-200x200-outlet\\\/\",\"url\":\"https:\\\/\\\/www.palarasol.it\\\/de\\\/shop\\\/sonnenschirme-design\\\/trend-200x200-outlet\\\/\",\"name\":\"Trend 200x200 - Palarasol\",\"isPartOf\":{\"@id\":\"http:\\\/\\\/www.palarasol.it\\\/de\\\/#website\"},\"primaryImageOfPage\":{\"@id\":\"https:\\\/\\\/www.palarasol.it\\\/de\\\/shop\\\/sonnenschirme-design\\\/trend-200x200-outlet\\\/#primaryimage\"},\"image\":{\"@id\":\"https:\\\/\\\/www.palarasol.it\\\/de\\\/shop\\\/sonnenschirme-design\\\/trend-200x200-outlet\\\/#primaryimage\"},\"thumbnailUrl\":\"https:\\\/\\\/www.palarasol.it\\\/wp-content\\\/uploads\\\/2025\\\/04\\\/Trend-453Q.jpg\",\"datePublished\":\"2025-04-30T09:11:26+00:00\",\"dateModified\":\"2025-05-22T08:51:24+00:00\",\"description\":\"Fibrasol eckig Wood Basic Stoff: PolyMa Polyester gr 210, wasserabsto\u03b2end impr\u00e4gniert, verrottungsfest, mit Wind\u00f6ffnung, Gr\u00f6\u03b2e cm 300\u00d7300 H\u00f6he cm 340\",\"breadcrumb\":{\"@id\":\"https:\\\/\\\/www.palarasol.it\\\/de\\\/shop\\\/sonnenschirme-design\\\/trend-200x200-outlet\\\/#breadcrumb\"},\"inLanguage\":\"de\",\"potentialAction\":[{\"@type\":\"ReadAction\",\"target\":[\"https:\\\/\\\/www.palarasol.it\\\/de\\\/shop\\\/sonnenschirme-design\\\/trend-200x200-outlet\\\/\"]}]},{\"@type\":\"ImageObject\",\"inLanguage\":\"de\",\"@id\":\"https:\\\/\\\/www.palarasol.it\\\/de\\\/shop\\\/sonnenschirme-design\\\/trend-200x200-outlet\\\/#primaryimage\",\"url\":\"https:\\\/\\\/www.palarasol.it\\\/wp-content\\\/uploads\\\/2025\\\/04\\\/Trend-453Q.jpg\",\"contentUrl\":\"https:\\\/\\\/www.palarasol.it\\\/wp-content\\\/uploads\\\/2025\\\/04\\\/Trend-453Q.jpg\",\"width\":1200,\"height\":900,\"caption\":\"Trend-453Q\"},{\"@type\":\"BreadcrumbList\",\"@id\":\"https:\\\/\\\/www.palarasol.it\\\/de\\\/shop\\\/sonnenschirme-design\\\/trend-200x200-outlet\\\/#breadcrumb\",\"itemListElement\":[{\"@type\":\"ListItem\",\"position\":1,\"name\":\"Home\",\"item\":\"https:\\\/\\\/www.palarasol.it\\\/de\\\/55761-2\\\/\"},{\"@type\":\"ListItem\",\"position\":2,\"name\":\"Shop\",\"item\":\"http:\\\/\\\/stagingpalara4.it\\\/negozio\\\/\"},{\"@type\":\"ListItem\",\"position\":3,\"name\":\"Sonnenschirme\",\"item\":\"https:\\\/\\\/www.palarasol.it\\\/de\\\/produkt-kategorie\\\/sonnenschirme\\\/\"},{\"@type\":\"ListItem\",\"position\":4,\"name\":\"Trend 200&#215;200\"}]},{\"@type\":\"WebSite\",\"@id\":\"http:\\\/\\\/www.palarasol.it\\\/de\\\/#website\",\"url\":\"http:\\\/\\\/www.palarasol.it\\\/de\\\/\",\"name\":\"Palarasol\",\"description\":\"\",\"publisher\":{\"@id\":\"http:\\\/\\\/www.palarasol.it\\\/de\\\/#organization\"},\"potentialAction\":[{\"@type\":\"SearchAction\",\"target\":{\"@type\":\"EntryPoint\",\"urlTemplate\":\"http:\\\/\\\/www.palarasol.it\\\/de\\\/?s={search_term_string}\"},\"query-input\":{\"@type\":\"PropertyValueSpecification\",\"valueRequired\":true,\"valueName\":\"search_term_string\"}}],\"inLanguage\":\"de\"},{\"@type\":\"Organization\",\"@id\":\"http:\\\/\\\/www.palarasol.it\\\/de\\\/#organization\",\"name\":\"Palara Gianluca & C. S.a.s\",\"url\":\"http:\\\/\\\/www.palarasol.it\\\/de\\\/\",\"logo\":{\"@type\":\"ImageObject\",\"inLanguage\":\"de\",\"@id\":\"http:\\\/\\\/www.palarasol.it\\\/de\\\/#\\\/schema\\\/logo\\\/image\\\/\",\"url\":\"https:\\\/\\\/stagingpalara4.it\\\/wp-content\\\/uploads\\\/2015\\\/06\\\/logo.png\",\"contentUrl\":\"https:\\\/\\\/stagingpalara4.it\\\/wp-content\\\/uploads\\\/2015\\\/06\\\/logo.png\",\"width\":800,\"height\":189,\"caption\":\"Palara Gianluca & C. S.a.s\"},\"image\":{\"@id\":\"http:\\\/\\\/www.palarasol.it\\\/de\\\/#\\\/schema\\\/logo\\\/image\\\/\"},\"sameAs\":[\"https:\\\/\\\/www.facebook.com\\\/palarasol\",\"https:\\\/\\\/x.com\\\/palarasol\"]}]}<\/script>\n<!-- \/ Yoast SEO plugin. -->","yoast_head_json":{"title":"Trend 200x200 - Palarasol","description":"Fibrasol eckig Wood Basic Stoff: PolyMa Polyester gr 210, wasserabsto\u03b2end impr\u00e4gniert, verrottungsfest, mit Wind\u00f6ffnung, Gr\u00f6\u03b2e cm 300\u00d7300 H\u00f6he cm 340","robots":{"index":"index","follow":"follow","max-snippet":"max-snippet:-1","max-image-preview":"max-image-preview:large","max-video-preview":"max-video-preview:-1"},"canonical":"https:\/\/www.palarasol.it\/de\/shop\/sonnenschirme-design\/trend-200x200-outlet\/","og_locale":"de_DE","og_type":"article","og_title":"Trend 200x200 - Palarasol","og_description":"Fibrasol eckig Wood Basic Stoff: PolyMa Polyester gr 210, wasserabsto\u03b2end impr\u00e4gniert, verrottungsfest, mit Wind\u00f6ffnung, Gr\u00f6\u03b2e cm 300\u00d7300 H\u00f6he cm 340","og_url":"https:\/\/www.palarasol.it\/de\/shop\/sonnenschirme-design\/trend-200x200-outlet\/","og_site_name":"Palarasol","article_publisher":"https:\/\/www.facebook.com\/palarasol","article_modified_time":"2025-05-22T08:51:24+00:00","og_image":[{"width":2560,"height":1920,"url":"https:\/\/www.palarasol.it\/wp-content\/uploads\/2025\/04\/1-8-scaled.jpg","type":"image\/jpeg"}],"twitter_card":"summary_large_image","twitter_site":"@palarasol","twitter_misc":{"Gesch\u00e4tzte Lesezeit":"1\u00a0Minute"},"schema":{"@context":"https:\/\/schema.org","@graph":[{"@type":"WebPage","@id":"https:\/\/www.palarasol.it\/de\/shop\/sonnenschirme-design\/trend-200x200-outlet\/","url":"https:\/\/www.palarasol.it\/de\/shop\/sonnenschirme-design\/trend-200x200-outlet\/","name":"Trend 200x200 - Palarasol","isPartOf":{"@id":"http:\/\/www.palarasol.it\/de\/#website"},"primaryImageOfPage":{"@id":"https:\/\/www.palarasol.it\/de\/shop\/sonnenschirme-design\/trend-200x200-outlet\/#primaryimage"},"image":{"@id":"https:\/\/www.palarasol.it\/de\/shop\/sonnenschirme-design\/trend-200x200-outlet\/#primaryimage"},"thumbnailUrl":"https:\/\/www.palarasol.it\/wp-content\/uploads\/2025\/04\/Trend-453Q.jpg","datePublished":"2025-04-30T09:11:26+00:00","dateModified":"2025-05-22T08:51:24+00:00","description":"Fibrasol eckig Wood Basic Stoff: PolyMa Polyester gr 210, wasserabsto\u03b2end impr\u00e4gniert, verrottungsfest, mit Wind\u00f6ffnung, Gr\u00f6\u03b2e cm 300\u00d7300 H\u00f6he cm 340","breadcrumb":{"@id":"https:\/\/www.palarasol.it\/de\/shop\/sonnenschirme-design\/trend-200x200-outlet\/#breadcrumb"},"inLanguage":"de","potentialAction":[{"@type":"ReadAction","target":["https:\/\/www.palarasol.it\/de\/shop\/sonnenschirme-design\/trend-200x200-outlet\/"]}]},{"@type":"ImageObject","inLanguage":"de","@id":"https:\/\/www.palarasol.it\/de\/shop\/sonnenschirme-design\/trend-200x200-outlet\/#primaryimage","url":"https:\/\/www.palarasol.it\/wp-content\/uploads\/2025\/04\/Trend-453Q.jpg","contentUrl":"https:\/\/www.palarasol.it\/wp-content\/uploads\/2025\/04\/Trend-453Q.jpg","width":1200,"height":900,"caption":"Trend-453Q"},{"@type":"BreadcrumbList","@id":"https:\/\/www.palarasol.it\/de\/shop\/sonnenschirme-design\/trend-200x200-outlet\/#breadcrumb","itemListElement":[{"@type":"ListItem","position":1,"name":"Home","item":"https:\/\/www.palarasol.it\/de\/55761-2\/"},{"@type":"ListItem","position":2,"name":"Shop","item":"http:\/\/stagingpalara4.it\/negozio\/"},{"@type":"ListItem","position":3,"name":"Sonnenschirme","item":"https:\/\/www.palarasol.it\/de\/produkt-kategorie\/sonnenschirme\/"},{"@type":"ListItem","position":4,"name":"Trend 200&#215;200"}]},{"@type":"WebSite","@id":"http:\/\/www.palarasol.it\/de\/#website","url":"http:\/\/www.palarasol.it\/de\/","name":"Palarasol","description":"","publisher":{"@id":"http:\/\/www.palarasol.it\/de\/#organization"},"potentialAction":[{"@type":"SearchAction","target":{"@type":"EntryPoint","urlTemplate":"http:\/\/www.palarasol.it\/de\/?s={search_term_string}"},"query-input":{"@type":"PropertyValueSpecification","valueRequired":true,"valueName":"search_term_string"}}],"inLanguage":"de"},{"@type":"Organization","@id":"http:\/\/www.palarasol.it\/de\/#organization","name":"Palara Gianluca & C. S.a.s","url":"http:\/\/www.palarasol.it\/de\/","logo":{"@type":"ImageObject","inLanguage":"de","@id":"http:\/\/www.palarasol.it\/de\/#\/schema\/logo\/image\/","url":"https:\/\/stagingpalara4.it\/wp-content\/uploads\/2015\/06\/logo.png","contentUrl":"https:\/\/stagingpalara4.it\/wp-content\/uploads\/2015\/06\/logo.png","width":800,"height":189,"caption":"Palara Gianluca & C. S.a.s"},"image":{"@id":"http:\/\/www.palarasol.it\/de\/#\/schema\/logo\/image\/"},"sameAs":["https:\/\/www.facebook.com\/palarasol","https:\/\/x.com\/palarasol"]}]}},"_links":{"self":[{"href":"https:\/\/www.palarasol.it\/de\/wp-json\/wp\/v2\/product\/83837","targetHints":{"allow":["GET"]}}],"collection":[{"href":"https:\/\/www.palarasol.it\/de\/wp-json\/wp\/v2\/product"}],"about":[{"href":"https:\/\/www.palarasol.it\/de\/wp-json\/wp\/v2\/types\/product"}],"version-history":[{"count":0,"href":"https:\/\/www.palarasol.it\/de\/wp-json\/wp\/v2\/product\/83837\/revisions"}],"wp:featuredmedia":[{"embeddable":true,"href":"https:\/\/www.palarasol.it\/de\/wp-json\/wp\/v2\/media\/85541"}],"wp:attachment":[{"href":"https:\/\/www.palarasol.it\/de\/wp-json\/wp\/v2\/media?parent=83837"}],"wp:term":[{"taxonomy":"product_brand","embeddable":true,"href":"https:\/\/www.palarasol.it\/de\/wp-json\/wp\/v2\/product_brand?post=83837"},{"taxonomy":"product_cat","embeddable":true,"href":"https:\/\/www.palarasol.it\/de\/wp-json\/wp\/v2\/product_cat?post=83837"},{"taxonomy":"product_tag","embeddable":true,"href":"https:\/\/www.palarasol.it\/de\/wp-json\/wp\/v2\/product_tag?post=83837"}],"curies":[{"name":"wp","href":"https:\/\/api.w.org\/{rel}","templated":true}]}}