{"id":10078,"date":"2015-08-03T18:18:30","date_gmt":"2015-08-03T16:18:30","guid":{"rendered":"https:\/\/stagingpalara4.it\/paiement\/"},"modified":"2018-07-05T10:30:35","modified_gmt":"2018-07-05T08:30:35","slug":"paiement","status":"publish","type":"page","link":"https:\/\/www.palarasol.it\/fr\/paiement\/","title":{"rendered":"Paiement"},"content":{"rendered":"<p>Vous pouvez payer avec:<\/p>\n<p>PayPal<br \/>\nCarte de cr\u00e9dit (via PayPal, vous pouvez utiliser votre carte de cr\u00e9dit m\u00eame sans avoir un compte PayPal)<br \/>\nVirement bancaire<\/p>\n<p>Aucune information li\u00e9e \u00e0 votre carte de cr\u00e9dit n&rsquo;est enregistr\u00e9e. Toutes les informations sont enregistr\u00e9es uniquement par PayPal au moment du paiement.<\/p>\n<p>Les produits seront exp\u00e9di\u00e9s lorsque le paiement est cr\u00e9dit\u00e9.<\/p>\n","protected":false},"excerpt":{"rendered":"<p>Vous pouvez payer avec: PayPal Carte de cr\u00e9dit (via PayPal, vous pouvez utiliser votre carte de cr\u00e9dit m\u00eame sans avoir un compte PayPal) Virement bancaire Aucune information li\u00e9e \u00e0 votre carte de cr\u00e9dit n&rsquo;est enregistr\u00e9e. Toutes les informations sont enregistr\u00e9es uniquement par PayPal au moment du paiement. Les produits seront exp\u00e9di\u00e9s lorsque le paiement est [&hellip;]<\/p>\n","protected":false},"author":1,"featured_media":0,"parent":0,"menu_order":0,"comment_status":"closed","ping_status":"open","template":"","meta":{"_acf_changed":false,"_monsterinsights_skip_tracking":false,"_monsterinsights_sitenote_active":false,"_monsterinsights_sitenote_note":"","_monsterinsights_sitenote_category":0,"footnotes":""},"class_list":["post-10078","page","type-page","status-publish","hentry"],"acf":[],"yoast_head":"<!-- This site is optimized with the Yoast SEO plugin v27.2 - https:\/\/yoast.com\/product\/yoast-seo-wordpress\/ -->\n<title>Paiement - Palarasol<\/title>\n<meta name=\"robots\" content=\"index, follow, max-snippet:-1, max-image-preview:large, max-video-preview:-1\" \/>\n<link rel=\"canonical\" href=\"https:\/\/www.palarasol.it\/fr\/paiement\/\" \/>\n<meta property=\"og:locale\" content=\"fr_FR\" \/>\n<meta property=\"og:type\" content=\"article\" \/>\n<meta property=\"og:title\" content=\"Paiement - Palarasol\" \/>\n<meta property=\"og:description\" content=\"Vous pouvez payer avec: PayPal Carte de cr\u00e9dit (via PayPal, vous pouvez utiliser votre carte de cr\u00e9dit m\u00eame sans avoir un compte PayPal) Virement bancaire Aucune information li\u00e9e \u00e0 votre carte de cr\u00e9dit n&rsquo;est enregistr\u00e9e. Toutes les informations sont enregistr\u00e9es uniquement par PayPal au moment du paiement. Les produits seront exp\u00e9di\u00e9s lorsque le paiement est [&hellip;]\" \/>\n<meta property=\"og:url\" content=\"https:\/\/www.palarasol.it\/fr\/paiement\/\" \/>\n<meta property=\"og:site_name\" content=\"Palarasol\" \/>\n<meta property=\"article:publisher\" content=\"https:\/\/www.facebook.com\/palarasol\" \/>\n<meta property=\"article:modified_time\" content=\"2018-07-05T08:30:35+00:00\" \/>\n<meta property=\"og:image\" content=\"https:\/\/www.palarasol.it\/wp-content\/uploads\/2015\/06\/cropped-palarasol_home.jpg\" \/>\n\t<meta property=\"og:image:width\" content=\"1950\" \/>\n\t<meta property=\"og:image:height\" content=\"500\" \/>\n\t<meta property=\"og:image:type\" content=\"image\/jpeg\" \/>\n<meta name=\"twitter:card\" content=\"summary_large_image\" \/>\n<meta name=\"twitter:site\" content=\"@palarasol\" \/>\n<script type=\"application\/ld+json\" class=\"yoast-schema-graph\">{\"@context\":\"https:\/\/schema.org\",\"@graph\":[{\"@type\":\"WebPage\",\"@id\":\"https:\/\/www.palarasol.it\/fr\/paiement\/\",\"url\":\"https:\/\/www.palarasol.it\/fr\/paiement\/\",\"name\":\"Paiement - Palarasol\",\"isPartOf\":{\"@id\":\"http:\/\/www.palarasol.it\/fr\/#website\"},\"datePublished\":\"2015-08-03T16:18:30+00:00\",\"dateModified\":\"2018-07-05T08:30:35+00:00\",\"breadcrumb\":{\"@id\":\"https:\/\/www.palarasol.it\/fr\/paiement\/#breadcrumb\"},\"inLanguage\":\"fr-FR\",\"potentialAction\":[{\"@type\":\"ReadAction\",\"target\":[\"https:\/\/www.palarasol.it\/fr\/paiement\/\"]}]},{\"@type\":\"BreadcrumbList\",\"@id\":\"https:\/\/www.palarasol.it\/fr\/paiement\/#breadcrumb\",\"itemListElement\":[{\"@type\":\"ListItem\",\"position\":1,\"name\":\"Home\",\"item\":\"https:\/\/www.palarasol.it\/fr\/10073-2\/\"},{\"@type\":\"ListItem\",\"position\":2,\"name\":\"Paiement\"}]},{\"@type\":\"WebSite\",\"@id\":\"http:\/\/www.palarasol.it\/fr\/#website\",\"url\":\"http:\/\/www.palarasol.it\/fr\/\",\"name\":\"Palarasol\",\"description\":\"\",\"publisher\":{\"@id\":\"http:\/\/www.palarasol.it\/fr\/#organization\"},\"potentialAction\":[{\"@type\":\"SearchAction\",\"target\":{\"@type\":\"EntryPoint\",\"urlTemplate\":\"http:\/\/www.palarasol.it\/fr\/?s={search_term_string}\"},\"query-input\":{\"@type\":\"PropertyValueSpecification\",\"valueRequired\":true,\"valueName\":\"search_term_string\"}}],\"inLanguage\":\"fr-FR\"},{\"@type\":\"Organization\",\"@id\":\"http:\/\/www.palarasol.it\/fr\/#organization\",\"name\":\"Palara Gianluca & C. S.a.s\",\"url\":\"http:\/\/www.palarasol.it\/fr\/\",\"logo\":{\"@type\":\"ImageObject\",\"inLanguage\":\"fr-FR\",\"@id\":\"http:\/\/www.palarasol.it\/fr\/#\/schema\/logo\/image\/\",\"url\":\"https:\/\/stagingpalara4.it\/wp-content\/uploads\/2015\/06\/logo.png\",\"contentUrl\":\"https:\/\/stagingpalara4.it\/wp-content\/uploads\/2015\/06\/logo.png\",\"width\":800,\"height\":189,\"caption\":\"Palara Gianluca & C. S.a.s\"},\"image\":{\"@id\":\"http:\/\/www.palarasol.it\/fr\/#\/schema\/logo\/image\/\"},\"sameAs\":[\"https:\/\/www.facebook.com\/palarasol\",\"https:\/\/x.com\/palarasol\"]}]}<\/script>\n<!-- \/ Yoast SEO plugin. -->","yoast_head_json":{"title":"Paiement - Palarasol","robots":{"index":"index","follow":"follow","max-snippet":"max-snippet:-1","max-image-preview":"max-image-preview:large","max-video-preview":"max-video-preview:-1"},"canonical":"https:\/\/www.palarasol.it\/fr\/paiement\/","og_locale":"fr_FR","og_type":"article","og_title":"Paiement - Palarasol","og_description":"Vous pouvez payer avec: PayPal Carte de cr\u00e9dit (via PayPal, vous pouvez utiliser votre carte de cr\u00e9dit m\u00eame sans avoir un compte PayPal) Virement bancaire Aucune information li\u00e9e \u00e0 votre carte de cr\u00e9dit n&rsquo;est enregistr\u00e9e. Toutes les informations sont enregistr\u00e9es uniquement par PayPal au moment du paiement. Les produits seront exp\u00e9di\u00e9s lorsque le paiement est [&hellip;]","og_url":"https:\/\/www.palarasol.it\/fr\/paiement\/","og_site_name":"Palarasol","article_publisher":"https:\/\/www.facebook.com\/palarasol","article_modified_time":"2018-07-05T08:30:35+00:00","og_image":[{"width":1950,"height":500,"url":"https:\/\/www.palarasol.it\/wp-content\/uploads\/2015\/06\/cropped-palarasol_home.jpg","type":"image\/jpeg"}],"twitter_card":"summary_large_image","twitter_site":"@palarasol","schema":{"@context":"https:\/\/schema.org","@graph":[{"@type":"WebPage","@id":"https:\/\/www.palarasol.it\/fr\/paiement\/","url":"https:\/\/www.palarasol.it\/fr\/paiement\/","name":"Paiement - Palarasol","isPartOf":{"@id":"http:\/\/www.palarasol.it\/fr\/#website"},"datePublished":"2015-08-03T16:18:30+00:00","dateModified":"2018-07-05T08:30:35+00:00","breadcrumb":{"@id":"https:\/\/www.palarasol.it\/fr\/paiement\/#breadcrumb"},"inLanguage":"fr-FR","potentialAction":[{"@type":"ReadAction","target":["https:\/\/www.palarasol.it\/fr\/paiement\/"]}]},{"@type":"BreadcrumbList","@id":"https:\/\/www.palarasol.it\/fr\/paiement\/#breadcrumb","itemListElement":[{"@type":"ListItem","position":1,"name":"Home","item":"https:\/\/www.palarasol.it\/fr\/10073-2\/"},{"@type":"ListItem","position":2,"name":"Paiement"}]},{"@type":"WebSite","@id":"http:\/\/www.palarasol.it\/fr\/#website","url":"http:\/\/www.palarasol.it\/fr\/","name":"Palarasol","description":"","publisher":{"@id":"http:\/\/www.palarasol.it\/fr\/#organization"},"potentialAction":[{"@type":"SearchAction","target":{"@type":"EntryPoint","urlTemplate":"http:\/\/www.palarasol.it\/fr\/?s={search_term_string}"},"query-input":{"@type":"PropertyValueSpecification","valueRequired":true,"valueName":"search_term_string"}}],"inLanguage":"fr-FR"},{"@type":"Organization","@id":"http:\/\/www.palarasol.it\/fr\/#organization","name":"Palara Gianluca & C. S.a.s","url":"http:\/\/www.palarasol.it\/fr\/","logo":{"@type":"ImageObject","inLanguage":"fr-FR","@id":"http:\/\/www.palarasol.it\/fr\/#\/schema\/logo\/image\/","url":"https:\/\/stagingpalara4.it\/wp-content\/uploads\/2015\/06\/logo.png","contentUrl":"https:\/\/stagingpalara4.it\/wp-content\/uploads\/2015\/06\/logo.png","width":800,"height":189,"caption":"Palara Gianluca & C. S.a.s"},"image":{"@id":"http:\/\/www.palarasol.it\/fr\/#\/schema\/logo\/image\/"},"sameAs":["https:\/\/www.facebook.com\/palarasol","https:\/\/x.com\/palarasol"]}]}},"_links":{"self":[{"href":"https:\/\/www.palarasol.it\/fr\/wp-json\/wp\/v2\/pages\/10078","targetHints":{"allow":["GET"]}}],"collection":[{"href":"https:\/\/www.palarasol.it\/fr\/wp-json\/wp\/v2\/pages"}],"about":[{"href":"https:\/\/www.palarasol.it\/fr\/wp-json\/wp\/v2\/types\/page"}],"author":[{"embeddable":true,"href":"https:\/\/www.palarasol.it\/fr\/wp-json\/wp\/v2\/users\/1"}],"replies":[{"embeddable":true,"href":"https:\/\/www.palarasol.it\/fr\/wp-json\/wp\/v2\/comments?post=10078"}],"version-history":[{"count":0,"href":"https:\/\/www.palarasol.it\/fr\/wp-json\/wp\/v2\/pages\/10078\/revisions"}],"wp:attachment":[{"href":"https:\/\/www.palarasol.it\/fr\/wp-json\/wp\/v2\/media?parent=10078"}],"curies":[{"name":"wp","href":"https:\/\/api.w.org\/{rel}","templated":true}]}}