{"id":10081,"date":"2015-08-03T18:27:40","date_gmt":"2015-08-03T16:27:40","guid":{"rendered":"https:\/\/stagingpalara4.it\/livraison\/"},"modified":"2020-06-08T17:45:39","modified_gmt":"2020-06-08T15:45:39","slug":"livraison","status":"publish","type":"page","link":"https:\/\/www.palarasol.it\/fr\/livraison\/","title":{"rendered":"Exp\u00e9ditions"},"content":{"rendered":"\n<p>Toutes les commandes sont exp\u00e9di\u00e9es en 1-2 jours ouvrables<\/p>\n\n<p>Nous utilisons les coursiers suivants :<\/p>\n\n<ul class=\"wp-block-list\"><li><span style=\"font-size: inherit;\">Poste italien (courrier enregistr\u00e9)<\/span><\/li><li> Gls<\/li><li> Ups<\/li><\/ul>\n<p>Le meilleur service d\u2019exp\u00e9dition sera choisi en fonction de la destination, le poids du colis et le temps d\u2019exp\u00e9dition.<\/p>\n\n<h3 class=\"wp-block-heading\"><strong>\u00c0 propos des exp\u00e9ditions :<\/strong><\/h3>\n\n<h4 class=\"wp-block-heading\"><strong>Italie (frais d\u2019exp\u00e9dition 9 euros par forfait)<\/strong><\/h4>\n\n<p>UPS et GLS (1-2 jours)<\/p>\n\n<h4 class=\"wp-block-heading\"><strong>Europe <\/strong><\/h4>\n\n<p>Nous exp\u00e9dions dans:<\/p>\n\n<ul class=\"wp-block-list\"><li>Autriche<\/li><li>Belgique<\/li><li>Danemark<\/li><li>France<\/li><li>Allemagne<\/li><li>Luxembourg<\/li><li>Munich<\/li><li>Pays-Bas<\/li><li>Pologne<\/li><li>R\u00e9publique tch\u00e8que<\/li><li>Slovaquie<\/li><li>Slov\u00e9nie<\/li><li>Espagne<\/li><li>Hongrie<\/li><\/ul>\n<h4 class=\"wp-block-heading\">(frais d\u2019exp\u00e9dition 15 euros par colis)<\/h4>\n\n<ul class=\"wp-block-list\"><li>Royaume-Uni, Nouvel An&rsquo;<\/li><\/ul>\n<h4 class=\"wp-block-heading\"><strong>(frais d\u2019exp\u00e9dition 18e pour le colis)<\/strong><\/h4>\n\n<ul class=\"wp-block-list\"><li>UPS (2 jours)<\/li><li>GLS (2-4 jours)<\/li><\/ul>\n<h4 class=\"wp-block-heading\"><strong>Autres destinations:<\/strong><\/h4>\n\n<p>Pour toutes les autres destinations, pour obtenir un prix des frais d\u2019exp\u00e9dition, vous <a href=\"https:\/\/www.palarasol.it\/fr\/contact\/\">devez nous contacter<\/a><\/p>\n\n<p>Nous allons essayer d\u2019exp\u00e9dier votre commande d\u00e8s que possible. S\u2019il y a un retard dans l\u2019ex\u00e9cution de votre commande, vous serez avis\u00e9 par courriel.<\/p>\n\n<p>Nous n\u2019acceptons aucune responsabilit\u00e9 pour la livraison tardive caus\u00e9e par des tiers.<\/p>\n\n<p>Les commandes exp\u00e9di\u00e9es en dehors de la CEE peuvent \u00eatre assujetties \u00e0 des taxes ou \u00e0 des taxes. Veuillez consulter la documentation et les lignes directrices pertinentes dans le pays o\u00f9 la commande sera exp\u00e9di\u00e9e.<\/p>\n\n<p>Tout co\u00fbt suppl\u00e9mentaire ind\u00e9pendant de nous concernant le non-paiement des droits sera d\u00e9duit de la valeur de remboursement de votre commande une fois l\u2019article retourn\u00e9.<\/p>\n\n<hr class=\"wp-block-separator\"\/>\n","protected":false},"excerpt":{"rendered":"<p>Toutes les commandes sont exp\u00e9di\u00e9es en 1-2 jours ouvrables Nous utilisons les coursiers suivants : Poste italien (courrier enregistr\u00e9) Gls Ups Le meilleur service d\u2019exp\u00e9dition sera choisi en fonction de la destination, le poids du colis et le temps d\u2019exp\u00e9dition. \u00c0 propos des exp\u00e9ditions : Italie (frais d\u2019exp\u00e9dition 9 euros par forfait) UPS et GLS [&hellip;]<\/p>\n","protected":false},"author":1,"featured_media":0,"parent":0,"menu_order":0,"comment_status":"closed","ping_status":"open","template":"","meta":{"_acf_changed":false,"_monsterinsights_skip_tracking":false,"_monsterinsights_sitenote_active":false,"_monsterinsights_sitenote_note":"","_monsterinsights_sitenote_category":0,"footnotes":""},"class_list":["post-10081","page","type-page","status-publish","hentry"],"acf":[],"yoast_head":"<!-- This site is optimized with the Yoast SEO plugin v27.2 - https:\/\/yoast.com\/product\/yoast-seo-wordpress\/ -->\n<title>Exp\u00e9ditions - Palarasol<\/title>\n<meta name=\"robots\" content=\"index, follow, max-snippet:-1, max-image-preview:large, max-video-preview:-1\" \/>\n<link rel=\"canonical\" href=\"https:\/\/www.palarasol.it\/fr\/livraison\/\" \/>\n<meta property=\"og:locale\" content=\"fr_FR\" \/>\n<meta property=\"og:type\" content=\"article\" \/>\n<meta property=\"og:title\" content=\"Exp\u00e9ditions - Palarasol\" \/>\n<meta property=\"og:description\" content=\"Toutes les commandes sont exp\u00e9di\u00e9es en 1-2 jours ouvrables Nous utilisons les coursiers suivants : Poste italien (courrier enregistr\u00e9) Gls Ups Le meilleur service d\u2019exp\u00e9dition sera choisi en fonction de la destination, le poids du colis et le temps d\u2019exp\u00e9dition. \u00c0 propos des exp\u00e9ditions : Italie (frais d\u2019exp\u00e9dition 9 euros par forfait) UPS et GLS [&hellip;]\" \/>\n<meta property=\"og:url\" content=\"https:\/\/www.palarasol.it\/fr\/livraison\/\" \/>\n<meta property=\"og:site_name\" content=\"Palarasol\" \/>\n<meta property=\"article:publisher\" content=\"https:\/\/www.facebook.com\/palarasol\" \/>\n<meta property=\"article:modified_time\" content=\"2020-06-08T15:45:39+00:00\" \/>\n<meta property=\"og:image\" content=\"https:\/\/www.palarasol.it\/wp-content\/uploads\/2015\/06\/cropped-palarasol_home.jpg\" \/>\n\t<meta property=\"og:image:width\" content=\"1950\" \/>\n\t<meta property=\"og:image:height\" content=\"500\" \/>\n\t<meta property=\"og:image:type\" content=\"image\/jpeg\" \/>\n<meta name=\"twitter:card\" content=\"summary_large_image\" \/>\n<meta name=\"twitter:site\" content=\"@palarasol\" \/>\n<meta name=\"twitter:label1\" content=\"Dur\u00e9e de lecture estim\u00e9e\" \/>\n\t<meta name=\"twitter:data1\" content=\"1 minute\" \/>\n<script type=\"application\/ld+json\" class=\"yoast-schema-graph\">{\"@context\":\"https:\/\/schema.org\",\"@graph\":[{\"@type\":\"WebPage\",\"@id\":\"https:\/\/www.palarasol.it\/fr\/livraison\/\",\"url\":\"https:\/\/www.palarasol.it\/fr\/livraison\/\",\"name\":\"Exp\u00e9ditions - Palarasol\",\"isPartOf\":{\"@id\":\"http:\/\/www.palarasol.it\/fr\/#website\"},\"datePublished\":\"2015-08-03T16:27:40+00:00\",\"dateModified\":\"2020-06-08T15:45:39+00:00\",\"breadcrumb\":{\"@id\":\"https:\/\/www.palarasol.it\/fr\/livraison\/#breadcrumb\"},\"inLanguage\":\"fr-FR\",\"potentialAction\":[{\"@type\":\"ReadAction\",\"target\":[\"https:\/\/www.palarasol.it\/fr\/livraison\/\"]}]},{\"@type\":\"BreadcrumbList\",\"@id\":\"https:\/\/www.palarasol.it\/fr\/livraison\/#breadcrumb\",\"itemListElement\":[{\"@type\":\"ListItem\",\"position\":1,\"name\":\"Home\",\"item\":\"https:\/\/www.palarasol.it\/fr\/10073-2\/\"},{\"@type\":\"ListItem\",\"position\":2,\"name\":\"Exp\u00e9ditions\"}]},{\"@type\":\"WebSite\",\"@id\":\"http:\/\/www.palarasol.it\/fr\/#website\",\"url\":\"http:\/\/www.palarasol.it\/fr\/\",\"name\":\"Palarasol\",\"description\":\"\",\"publisher\":{\"@id\":\"http:\/\/www.palarasol.it\/fr\/#organization\"},\"potentialAction\":[{\"@type\":\"SearchAction\",\"target\":{\"@type\":\"EntryPoint\",\"urlTemplate\":\"http:\/\/www.palarasol.it\/fr\/?s={search_term_string}\"},\"query-input\":{\"@type\":\"PropertyValueSpecification\",\"valueRequired\":true,\"valueName\":\"search_term_string\"}}],\"inLanguage\":\"fr-FR\"},{\"@type\":\"Organization\",\"@id\":\"http:\/\/www.palarasol.it\/fr\/#organization\",\"name\":\"Palara Gianluca & C. S.a.s\",\"url\":\"http:\/\/www.palarasol.it\/fr\/\",\"logo\":{\"@type\":\"ImageObject\",\"inLanguage\":\"fr-FR\",\"@id\":\"http:\/\/www.palarasol.it\/fr\/#\/schema\/logo\/image\/\",\"url\":\"https:\/\/stagingpalara4.it\/wp-content\/uploads\/2015\/06\/logo.png\",\"contentUrl\":\"https:\/\/stagingpalara4.it\/wp-content\/uploads\/2015\/06\/logo.png\",\"width\":800,\"height\":189,\"caption\":\"Palara Gianluca & C. S.a.s\"},\"image\":{\"@id\":\"http:\/\/www.palarasol.it\/fr\/#\/schema\/logo\/image\/\"},\"sameAs\":[\"https:\/\/www.facebook.com\/palarasol\",\"https:\/\/x.com\/palarasol\"]}]}<\/script>\n<!-- \/ Yoast SEO plugin. -->","yoast_head_json":{"title":"Exp\u00e9ditions - Palarasol","robots":{"index":"index","follow":"follow","max-snippet":"max-snippet:-1","max-image-preview":"max-image-preview:large","max-video-preview":"max-video-preview:-1"},"canonical":"https:\/\/www.palarasol.it\/fr\/livraison\/","og_locale":"fr_FR","og_type":"article","og_title":"Exp\u00e9ditions - Palarasol","og_description":"Toutes les commandes sont exp\u00e9di\u00e9es en 1-2 jours ouvrables Nous utilisons les coursiers suivants : Poste italien (courrier enregistr\u00e9) Gls Ups Le meilleur service d\u2019exp\u00e9dition sera choisi en fonction de la destination, le poids du colis et le temps d\u2019exp\u00e9dition. \u00c0 propos des exp\u00e9ditions : Italie (frais d\u2019exp\u00e9dition 9 euros par forfait) UPS et GLS [&hellip;]","og_url":"https:\/\/www.palarasol.it\/fr\/livraison\/","og_site_name":"Palarasol","article_publisher":"https:\/\/www.facebook.com\/palarasol","article_modified_time":"2020-06-08T15:45:39+00:00","og_image":[{"width":1950,"height":500,"url":"https:\/\/www.palarasol.it\/wp-content\/uploads\/2015\/06\/cropped-palarasol_home.jpg","type":"image\/jpeg"}],"twitter_card":"summary_large_image","twitter_site":"@palarasol","twitter_misc":{"Dur\u00e9e de lecture estim\u00e9e":"1 minute"},"schema":{"@context":"https:\/\/schema.org","@graph":[{"@type":"WebPage","@id":"https:\/\/www.palarasol.it\/fr\/livraison\/","url":"https:\/\/www.palarasol.it\/fr\/livraison\/","name":"Exp\u00e9ditions - Palarasol","isPartOf":{"@id":"http:\/\/www.palarasol.it\/fr\/#website"},"datePublished":"2015-08-03T16:27:40+00:00","dateModified":"2020-06-08T15:45:39+00:00","breadcrumb":{"@id":"https:\/\/www.palarasol.it\/fr\/livraison\/#breadcrumb"},"inLanguage":"fr-FR","potentialAction":[{"@type":"ReadAction","target":["https:\/\/www.palarasol.it\/fr\/livraison\/"]}]},{"@type":"BreadcrumbList","@id":"https:\/\/www.palarasol.it\/fr\/livraison\/#breadcrumb","itemListElement":[{"@type":"ListItem","position":1,"name":"Home","item":"https:\/\/www.palarasol.it\/fr\/10073-2\/"},{"@type":"ListItem","position":2,"name":"Exp\u00e9ditions"}]},{"@type":"WebSite","@id":"http:\/\/www.palarasol.it\/fr\/#website","url":"http:\/\/www.palarasol.it\/fr\/","name":"Palarasol","description":"","publisher":{"@id":"http:\/\/www.palarasol.it\/fr\/#organization"},"potentialAction":[{"@type":"SearchAction","target":{"@type":"EntryPoint","urlTemplate":"http:\/\/www.palarasol.it\/fr\/?s={search_term_string}"},"query-input":{"@type":"PropertyValueSpecification","valueRequired":true,"valueName":"search_term_string"}}],"inLanguage":"fr-FR"},{"@type":"Organization","@id":"http:\/\/www.palarasol.it\/fr\/#organization","name":"Palara Gianluca & C. S.a.s","url":"http:\/\/www.palarasol.it\/fr\/","logo":{"@type":"ImageObject","inLanguage":"fr-FR","@id":"http:\/\/www.palarasol.it\/fr\/#\/schema\/logo\/image\/","url":"https:\/\/stagingpalara4.it\/wp-content\/uploads\/2015\/06\/logo.png","contentUrl":"https:\/\/stagingpalara4.it\/wp-content\/uploads\/2015\/06\/logo.png","width":800,"height":189,"caption":"Palara Gianluca & C. S.a.s"},"image":{"@id":"http:\/\/www.palarasol.it\/fr\/#\/schema\/logo\/image\/"},"sameAs":["https:\/\/www.facebook.com\/palarasol","https:\/\/x.com\/palarasol"]}]}},"_links":{"self":[{"href":"https:\/\/www.palarasol.it\/fr\/wp-json\/wp\/v2\/pages\/10081","targetHints":{"allow":["GET"]}}],"collection":[{"href":"https:\/\/www.palarasol.it\/fr\/wp-json\/wp\/v2\/pages"}],"about":[{"href":"https:\/\/www.palarasol.it\/fr\/wp-json\/wp\/v2\/types\/page"}],"author":[{"embeddable":true,"href":"https:\/\/www.palarasol.it\/fr\/wp-json\/wp\/v2\/users\/1"}],"replies":[{"embeddable":true,"href":"https:\/\/www.palarasol.it\/fr\/wp-json\/wp\/v2\/comments?post=10081"}],"version-history":[{"count":0,"href":"https:\/\/www.palarasol.it\/fr\/wp-json\/wp\/v2\/pages\/10081\/revisions"}],"wp:attachment":[{"href":"https:\/\/www.palarasol.it\/fr\/wp-json\/wp\/v2\/media?parent=10081"}],"curies":[{"name":"wp","href":"https:\/\/api.w.org\/{rel}","templated":true}]}}