{"id":72140,"date":"2015-08-03T18:31:24","date_gmt":"2015-08-03T16:31:24","guid":{"rendered":"https:\/\/stagingpalara4.it\/remboursements-et-retours\/"},"modified":"2015-08-03T18:31:24","modified_gmt":"2015-08-03T16:31:24","slug":"remboursements-et-retours","status":"publish","type":"page","link":"https:\/\/www.palarasol.it\/fr\/remboursements-et-retours\/","title":{"rendered":"Remboursements et retours"},"content":{"rendered":"<h2>Puis-je retourner mon article et obtenir un remboursement?<\/h2>\n<p>Si vous n\u2019\u00eates pas satisfait de votre achat, veuillez <a href=\"https:\/\/www.palarasol.it\/contatti\/\">nous contacter.<\/a><\/p>\n<p>Tous les retours doivent \u00eatre retourn\u00e9s par des moyens tra\u00e7ables. Assurez-vous que tous les articles sont retourn\u00e9s dans les m\u00eames conditions dans lesquelles ils ont \u00e9t\u00e9 re\u00e7us.<\/p>\n<p>Les colis sont livr\u00e9s \u00e0 notre adresse une fois par semaine et seront rembours\u00e9s une fois re\u00e7us.<\/p>\n<p><span style=\"color: #e05a4d;\"><strong>!! Nouveau!!<br \/>\n<\/strong><\/span><strong>Payez avec PayPal et vous pourrez profiter du retour gratuit.<\/strong><span style=\"color: #e05a4d;\"><strong><a href=\"https:\/\/www.paypal.com\/it\/webapps\/mpp\/refunded-returns\"> <span style=\"text-decoration: underline;\">En savoir plus<\/span><\/a> <\/strong><\/span><\/p>\n<p>Notre adresse de retour est la suivante :<\/p>\n<h3>Palarasol, Nouveau<\/h3>\n<p>Colombaro Street 9, 28021 Borgomanero (NO)<br \/>\nT\u00e9l. : 39 (0) 322 1983091<\/p>\n<p>Courriel : <a href=\"mailto:info@palarasol.it\">info@palarasol.it<\/a><\/p>\n<h2>Puis-je modifier mon achat?<\/h2>\n<p>Si vous voulez \u00e9changer vos marchandises contre quelque chose de valeur \u00e9gale ou d\u2019une taille diff\u00e9rente, alors s\u2019il vous pla\u00eet <a href=\"https:\/\/www.palarasol.it\/contatti\/\">contactez-nous<\/a> et nous serons heureux de vous aider.<\/p>\n<h2>Vos droits<\/h2>\n<p>Comme l\u2019a soulign\u00e9 le <strong>Code de consommation,<\/strong>vous avez le \u00ab\u00a0<strong>\u00abPour<\/strong>une p\u00e9riode de 14 jours civils \u00e0 partir du jour o\u00f9 les marchandises ont \u00e9t\u00e9 re\u00e7ues, dans ce laps de temps, vous pouvez annuler le contrat avec nous et vous recevrez un remboursement complet du montant une fois que vous recevez le colis.<\/p>\n<p>Une fois les 14 jours civils termin\u00e9s, le colis doit \u00eatre envoy\u00e9 dans les 5 jours ouvrables<\/p>\n<p>Si vous exercez le droit de retrait, les co\u00fbts d\u2019exp\u00e9dition des retours seront support\u00e9s par le client. Toutefois, si vous retournez un produit en raison d\u2019un d\u00e9faut, les co\u00fbts d\u2019exp\u00e9dition seront support\u00e9s par nous.<\/p>\n<hr \/>\n","protected":false},"excerpt":{"rendered":"<p>Puis-je retourner mon article et obtenir un remboursement? Si vous n\u2019\u00eates pas satisfait de votre achat, veuillez nous contacter. Tous les retours doivent \u00eatre retourn\u00e9s par des moyens tra\u00e7ables. Assurez-vous que tous les articles sont retourn\u00e9s dans les m\u00eames conditions dans lesquelles ils ont \u00e9t\u00e9 re\u00e7us. Les colis sont livr\u00e9s \u00e0 notre adresse une fois [&hellip;]<\/p>\n","protected":false},"author":1,"featured_media":0,"parent":0,"menu_order":0,"comment_status":"closed","ping_status":"open","template":"","meta":{"_acf_changed":false,"_monsterinsights_skip_tracking":false,"_monsterinsights_sitenote_active":false,"_monsterinsights_sitenote_note":"","_monsterinsights_sitenote_category":0,"footnotes":""},"class_list":["post-72140","page","type-page","status-publish","hentry"],"acf":[],"yoast_head":"<!-- This site is optimized with the Yoast SEO plugin v27.2 - https:\/\/yoast.com\/product\/yoast-seo-wordpress\/ -->\n<title>Remboursements et retours - Palarasol<\/title>\n<meta name=\"robots\" content=\"index, follow, max-snippet:-1, max-image-preview:large, max-video-preview:-1\" \/>\n<link rel=\"canonical\" href=\"https:\/\/www.palarasol.it\/fr\/remboursements-et-retours\/\" \/>\n<meta property=\"og:locale\" content=\"fr_FR\" \/>\n<meta property=\"og:type\" content=\"article\" \/>\n<meta property=\"og:title\" content=\"Remboursements et retours - Palarasol\" \/>\n<meta property=\"og:description\" content=\"Puis-je retourner mon article et obtenir un remboursement? Si vous n\u2019\u00eates pas satisfait de votre achat, veuillez nous contacter. Tous les retours doivent \u00eatre retourn\u00e9s par des moyens tra\u00e7ables. Assurez-vous que tous les articles sont retourn\u00e9s dans les m\u00eames conditions dans lesquelles ils ont \u00e9t\u00e9 re\u00e7us. Les colis sont livr\u00e9s \u00e0 notre adresse une fois [&hellip;]\" \/>\n<meta property=\"og:url\" content=\"https:\/\/www.palarasol.it\/fr\/remboursements-et-retours\/\" \/>\n<meta property=\"og:site_name\" content=\"Palarasol\" \/>\n<meta property=\"article:publisher\" content=\"https:\/\/www.facebook.com\/palarasol\" \/>\n<meta property=\"og:image\" content=\"https:\/\/www.palarasol.it\/wp-content\/uploads\/2015\/06\/cropped-palarasol_home.jpg\" \/>\n\t<meta property=\"og:image:width\" content=\"1950\" \/>\n\t<meta property=\"og:image:height\" content=\"500\" \/>\n\t<meta property=\"og:image:type\" content=\"image\/jpeg\" \/>\n<meta name=\"twitter:card\" content=\"summary_large_image\" \/>\n<meta name=\"twitter:site\" content=\"@palarasol\" \/>\n<meta name=\"twitter:label1\" content=\"Dur\u00e9e de lecture estim\u00e9e\" \/>\n\t<meta name=\"twitter:data1\" content=\"1 minute\" \/>\n<script type=\"application\/ld+json\" class=\"yoast-schema-graph\">{\"@context\":\"https:\/\/schema.org\",\"@graph\":[{\"@type\":\"WebPage\",\"@id\":\"https:\/\/www.palarasol.it\/fr\/remboursements-et-retours\/\",\"url\":\"https:\/\/www.palarasol.it\/fr\/remboursements-et-retours\/\",\"name\":\"Remboursements et retours - Palarasol\",\"isPartOf\":{\"@id\":\"http:\/\/www.palarasol.it\/fr\/#website\"},\"datePublished\":\"2015-08-03T16:31:24+00:00\",\"breadcrumb\":{\"@id\":\"https:\/\/www.palarasol.it\/fr\/remboursements-et-retours\/#breadcrumb\"},\"inLanguage\":\"fr-FR\",\"potentialAction\":[{\"@type\":\"ReadAction\",\"target\":[\"https:\/\/www.palarasol.it\/fr\/remboursements-et-retours\/\"]}]},{\"@type\":\"BreadcrumbList\",\"@id\":\"https:\/\/www.palarasol.it\/fr\/remboursements-et-retours\/#breadcrumb\",\"itemListElement\":[{\"@type\":\"ListItem\",\"position\":1,\"name\":\"Home\",\"item\":\"https:\/\/www.palarasol.it\/fr\/10073-2\/\"},{\"@type\":\"ListItem\",\"position\":2,\"name\":\"Remboursements et retours\"}]},{\"@type\":\"WebSite\",\"@id\":\"http:\/\/www.palarasol.it\/fr\/#website\",\"url\":\"http:\/\/www.palarasol.it\/fr\/\",\"name\":\"Palarasol\",\"description\":\"\",\"publisher\":{\"@id\":\"http:\/\/www.palarasol.it\/fr\/#organization\"},\"potentialAction\":[{\"@type\":\"SearchAction\",\"target\":{\"@type\":\"EntryPoint\",\"urlTemplate\":\"http:\/\/www.palarasol.it\/fr\/?s={search_term_string}\"},\"query-input\":{\"@type\":\"PropertyValueSpecification\",\"valueRequired\":true,\"valueName\":\"search_term_string\"}}],\"inLanguage\":\"fr-FR\"},{\"@type\":\"Organization\",\"@id\":\"http:\/\/www.palarasol.it\/fr\/#organization\",\"name\":\"Palara Gianluca & C. S.a.s\",\"url\":\"http:\/\/www.palarasol.it\/fr\/\",\"logo\":{\"@type\":\"ImageObject\",\"inLanguage\":\"fr-FR\",\"@id\":\"http:\/\/www.palarasol.it\/fr\/#\/schema\/logo\/image\/\",\"url\":\"https:\/\/stagingpalara4.it\/wp-content\/uploads\/2015\/06\/logo.png\",\"contentUrl\":\"https:\/\/stagingpalara4.it\/wp-content\/uploads\/2015\/06\/logo.png\",\"width\":800,\"height\":189,\"caption\":\"Palara Gianluca & C. S.a.s\"},\"image\":{\"@id\":\"http:\/\/www.palarasol.it\/fr\/#\/schema\/logo\/image\/\"},\"sameAs\":[\"https:\/\/www.facebook.com\/palarasol\",\"https:\/\/x.com\/palarasol\"]}]}<\/script>\n<!-- \/ Yoast SEO plugin. -->","yoast_head_json":{"title":"Remboursements et retours - Palarasol","robots":{"index":"index","follow":"follow","max-snippet":"max-snippet:-1","max-image-preview":"max-image-preview:large","max-video-preview":"max-video-preview:-1"},"canonical":"https:\/\/www.palarasol.it\/fr\/remboursements-et-retours\/","og_locale":"fr_FR","og_type":"article","og_title":"Remboursements et retours - Palarasol","og_description":"Puis-je retourner mon article et obtenir un remboursement? Si vous n\u2019\u00eates pas satisfait de votre achat, veuillez nous contacter. Tous les retours doivent \u00eatre retourn\u00e9s par des moyens tra\u00e7ables. Assurez-vous que tous les articles sont retourn\u00e9s dans les m\u00eames conditions dans lesquelles ils ont \u00e9t\u00e9 re\u00e7us. Les colis sont livr\u00e9s \u00e0 notre adresse une fois [&hellip;]","og_url":"https:\/\/www.palarasol.it\/fr\/remboursements-et-retours\/","og_site_name":"Palarasol","article_publisher":"https:\/\/www.facebook.com\/palarasol","og_image":[{"width":1950,"height":500,"url":"https:\/\/www.palarasol.it\/wp-content\/uploads\/2015\/06\/cropped-palarasol_home.jpg","type":"image\/jpeg"}],"twitter_card":"summary_large_image","twitter_site":"@palarasol","twitter_misc":{"Dur\u00e9e de lecture estim\u00e9e":"1 minute"},"schema":{"@context":"https:\/\/schema.org","@graph":[{"@type":"WebPage","@id":"https:\/\/www.palarasol.it\/fr\/remboursements-et-retours\/","url":"https:\/\/www.palarasol.it\/fr\/remboursements-et-retours\/","name":"Remboursements et retours - Palarasol","isPartOf":{"@id":"http:\/\/www.palarasol.it\/fr\/#website"},"datePublished":"2015-08-03T16:31:24+00:00","breadcrumb":{"@id":"https:\/\/www.palarasol.it\/fr\/remboursements-et-retours\/#breadcrumb"},"inLanguage":"fr-FR","potentialAction":[{"@type":"ReadAction","target":["https:\/\/www.palarasol.it\/fr\/remboursements-et-retours\/"]}]},{"@type":"BreadcrumbList","@id":"https:\/\/www.palarasol.it\/fr\/remboursements-et-retours\/#breadcrumb","itemListElement":[{"@type":"ListItem","position":1,"name":"Home","item":"https:\/\/www.palarasol.it\/fr\/10073-2\/"},{"@type":"ListItem","position":2,"name":"Remboursements et retours"}]},{"@type":"WebSite","@id":"http:\/\/www.palarasol.it\/fr\/#website","url":"http:\/\/www.palarasol.it\/fr\/","name":"Palarasol","description":"","publisher":{"@id":"http:\/\/www.palarasol.it\/fr\/#organization"},"potentialAction":[{"@type":"SearchAction","target":{"@type":"EntryPoint","urlTemplate":"http:\/\/www.palarasol.it\/fr\/?s={search_term_string}"},"query-input":{"@type":"PropertyValueSpecification","valueRequired":true,"valueName":"search_term_string"}}],"inLanguage":"fr-FR"},{"@type":"Organization","@id":"http:\/\/www.palarasol.it\/fr\/#organization","name":"Palara Gianluca & C. S.a.s","url":"http:\/\/www.palarasol.it\/fr\/","logo":{"@type":"ImageObject","inLanguage":"fr-FR","@id":"http:\/\/www.palarasol.it\/fr\/#\/schema\/logo\/image\/","url":"https:\/\/stagingpalara4.it\/wp-content\/uploads\/2015\/06\/logo.png","contentUrl":"https:\/\/stagingpalara4.it\/wp-content\/uploads\/2015\/06\/logo.png","width":800,"height":189,"caption":"Palara Gianluca & C. S.a.s"},"image":{"@id":"http:\/\/www.palarasol.it\/fr\/#\/schema\/logo\/image\/"},"sameAs":["https:\/\/www.facebook.com\/palarasol","https:\/\/x.com\/palarasol"]}]}},"_links":{"self":[{"href":"https:\/\/www.palarasol.it\/fr\/wp-json\/wp\/v2\/pages\/72140","targetHints":{"allow":["GET"]}}],"collection":[{"href":"https:\/\/www.palarasol.it\/fr\/wp-json\/wp\/v2\/pages"}],"about":[{"href":"https:\/\/www.palarasol.it\/fr\/wp-json\/wp\/v2\/types\/page"}],"author":[{"embeddable":true,"href":"https:\/\/www.palarasol.it\/fr\/wp-json\/wp\/v2\/users\/1"}],"replies":[{"embeddable":true,"href":"https:\/\/www.palarasol.it\/fr\/wp-json\/wp\/v2\/comments?post=72140"}],"version-history":[{"count":0,"href":"https:\/\/www.palarasol.it\/fr\/wp-json\/wp\/v2\/pages\/72140\/revisions"}],"wp:attachment":[{"href":"https:\/\/www.palarasol.it\/fr\/wp-json\/wp\/v2\/media?parent=72140"}],"curies":[{"name":"wp","href":"https:\/\/api.w.org\/{rel}","templated":true}]}}