{"id":72141,"date":"2015-08-03T18:30:21","date_gmt":"2015-08-03T16:30:21","guid":{"rendered":"https:\/\/stagingpalara4.it\/vie-privee\/"},"modified":"2015-08-03T18:30:21","modified_gmt":"2015-08-03T16:30:21","slug":"vie-privee","status":"publish","type":"page","link":"https:\/\/www.palarasol.it\/fr\/vie-privee\/","title":{"rendered":"Vie priv\u00e9e"},"content":{"rendered":"<h2>Qui sommes-nous<\/h2>\n<p><br class=\"xliff-newline\"\/>L\u2019adresse de notre site Web est la suivante : https:\/\/www.palarasol.it.<br class=\"xliff-newline\"\/><\/p>\n<h2>Quelles donn\u00e9es personnelles nous recueillons et pourquoi nous les recueillons<\/h2>\n<p><br class=\"xliff-newline\"\/><\/p>\n<h3>Commentaires<\/h3>\n<p><br class=\"xliff-newline\"\/>Lorsque les visiteurs laissent des commentaires sur le site, nous recueillons les donn\u00e9es affich\u00e9es dans le formulaire de commentaires en plus de l\u2019adresse IP du visiteur et de la cha\u00eene de l\u2019agent utilisateur du navigateur pour faciliter la d\u00e9tection du spam.<br class=\"xliff-newline\"\/><br class=\"xliff-newline\"\/>Une cha\u00eene anonyme cr\u00e9\u00e9e \u00e0 partir de votre adresse e-mail (autrement appel\u00e9e hachage) peut \u00eatre fournie au service Gravatar pour voir si vous l\u2019utilisez. La politique de confidentialit\u00e9 du service Gravatar est disponible ici : https:\/\/automattic.com\/privacy\/. Une fois votre commentaire approuv\u00e9, votre photo de profil est visible par le public dans le contexte de votre commentaire.<br class=\"xliff-newline\"\/><\/p>\n<h3>Moyenne<\/h3>\n<p><br class=\"xliff-newline\"\/>Si vous t\u00e9l\u00e9chargez des images sur le site Web, vous devez \u00e9viter de t\u00e9l\u00e9charger des images qui incluent des donn\u00e9es de localisation int\u00e9gr\u00e9es (EXIF GPS). Les visiteurs du site peuvent t\u00e9l\u00e9charger et extraire toutes les donn\u00e9es de localisation des images sur le site Web.<br class=\"xliff-newline\"\/><\/p>\n<h3>Formulaire de contact<\/h3>\n<p><br class=\"xliff-newline\"\/><\/p>\n<h3>Cookie<\/h3>\n<p><br class=\"xliff-newline\"\/>Si vous laissez un commentaire sur notre site, vous pouvez choisir d\u2019enregistrer votre nom, votre adresse e-mail et votre site Web dans les cookies. Ils sont utilis\u00e9s pour votre commodit\u00e9 afin que vous n\u2019ayez pas \u00e0 saisir \u00e0 nouveau vos donn\u00e9es lorsque vous laissez un autre commentaire. Ces cookies dureront un an.<br class=\"xliff-newline\"\/><br class=\"xliff-newline\"\/>Si vous avez un compte et vous connectez \u00e0 ce site, un cookie temporaire sera d\u00e9fini pour d\u00e9terminer si votre navigateur accepte les cookies. Ce cookie ne contient pas de donn\u00e9es personnelles et est supprim\u00e9 lorsque vous fermez le navigateur.<br class=\"xliff-newline\"\/><br class=\"xliff-newline\"\/>Lorsque vous vous connectez, plusieurs cookies seront configur\u00e9s pour enregistrer vos informations de connexion et les options d\u2019affichage de l\u2019\u00e9cran. Acc\u00e9dez aux cookies pendant deux jours, tandis que les cookies pour les options d\u2019\u00e9cran durent un an. Si vous s\u00e9lectionnez \u00ab Souvenez-vous de moi \u00bb, votre acc\u00e8s persistera pendant deux semaines. Si vous vous d\u00e9connectez de votre compte, les cookies de connexion seront supprim\u00e9s.<br class=\"xliff-newline\"\/><br class=\"xliff-newline\"\/>Si vous modifiez ou publiez un article, un cookie suppl\u00e9mentaire sera enregistr\u00e9 dans votre navigateur. Ce cookie n\u2019inclut pas de donn\u00e9es personnelles, mais indique simplement l\u2019ID de l\u2019article que vous venez de changer. Il expire apr\u00e8s 1 jour.<br class=\"xliff-newline\"\/><\/p>\n<h3>Contenu int\u00e9gr\u00e9 d\u2019autres sites Web<\/h3>\n<p><br class=\"xliff-newline\"\/>Les articles sur ce site peuvent inclure du contenu int\u00e9gr\u00e9 (comme des vid\u00e9os, des images, des articles, etc.). Le contenu int\u00e9gr\u00e9 d\u2019autres sites Web se comporte exactement de la m\u00eame fa\u00e7on que si le visiteur avait visit\u00e9 l\u2019autre site Web.<br class=\"xliff-newline\"\/><br class=\"xliff-newline\"\/>Ces sites Web peuvent collecter des donn\u00e9es vous concernant, utiliser des cookies, int\u00e9grer d\u2019autres suivis tiers et surveiller l\u2019interaction avec ce contenu int\u00e9gr\u00e9, y compris le suivi de votre interaction avec le contenu int\u00e9gr\u00e9 si vous avez un compte et que vous \u00eates connect\u00e9 \u00e0 ce site Web.<br class=\"xliff-newline\"\/><br class=\"xliff-newline\"\/><strong>Biscuits analytiques<\/strong><br class=\"xliff-newline\"\/><br class=\"xliff-newline\"\/>Les cookies de cette cat\u00e9gorie sont utilis\u00e9s pour recueillir des informations sur l\u2019utilisation du site.<br class=\"xliff-newline\"\/><br class=\"xliff-newline\"\/>Nous utiliserons ces informations concernant l\u2019analyse statistique anonyme afin d\u2019am\u00e9liorer l\u2019utilisation du site et de rendre le contenu plus int\u00e9ressant et pertinent aux souhaits de l\u2019utilisateur.<br class=\"xliff-newline\"\/><br class=\"xliff-newline\"\/>Ce type de cookie recueille des donn\u00e9es anonymes sur l\u2019activit\u00e9 de l\u2019utilisateur et comment il est arriv\u00e9 sur le site. Les cookies analytiques sont envoy\u00e9s \u00e0 partir du site lui-m\u00eame ou \u00e0 partir de domaines tiers.<br class=\"xliff-newline\"\/><br class=\"xliff-newline\"\/><strong>Comment d\u00e9sactiver les cookies en configurant le navigateur :<\/strong><br class=\"xliff-newline\"\/><br class=\"xliff-newline\"\/>Google Chrome<br class=\"xliff-newline\"\/><br class=\"xliff-newline\"\/>Internet Explorer<br class=\"xliff-newline\"\/><br class=\"xliff-newline\"\/>Firefox<br class=\"xliff-newline\"\/><br class=\"xliff-newline\"\/>iPhone \/ iPad<br class=\"xliff-newline\"\/><br class=\"xliff-newline\"\/>Safari<br class=\"xliff-newline\"\/><br class=\"xliff-newline\"\/><strong>Politiques de confidentialit\u00e9 et de cookies de certains grands services connexes<\/strong><br class=\"xliff-newline\"\/><br class=\"xliff-newline\"\/>Vous fournissez des liens vers les principaux services qui sont li\u00e9s ou int\u00e9gr\u00e9s dans le site.<br class=\"xliff-newline\"\/><\/p>\n<ul><br class=\"xliff-newline\"\/> \t<\/p>\n<li>Google Analytics: http:\/\/www.google.it\/intl\/it\/policies\/privacy\/ &#8211; http:\/\/www.google.com\/intl\/it_ALL\/analytics\/learn\/privacy.html<\/li>\n<p><br class=\"xliff-newline\"\/> \t<\/p>\n<li>Facebook: https:\/\/www.facebook.com\/about\/privacy\/ &#8211; https:\/\/www.facebook.com\/help\/cookies<\/li>\n<p><br class=\"xliff-newline\"\/> \t<\/p>\n<li>Google Plus et Youtube: http:\/\/www.google.it\/intl\/it\/policies\/privacy\/<\/li>\n<p><br class=\"xliff-newline\"\/> \t<\/p>\n<li>Twitter: https:\/\/twitter.com\/privacy<\/li>\n<p><br class=\"xliff-newline\"\/> \t<\/p>\n<li>Linkedin: https:\/\/it.linkedin.com\/legal\/privacy-policy &#8211; https:\/\/www.linkedin.com\/legal\/cookie_policy<\/li>\n<p><br class=\"xliff-newline\"\/> \t<\/p>\n<li>Pinterest: https:\/\/about.pinterest.com\/it\/privacy-policy<\/li>\n<p><br class=\"xliff-newline\"\/> \t<\/p>\n<li>Instagram: https:\/\/instagram.com\/about\/legal\/privacy\/<\/li>\n<p><br class=\"xliff-newline\"\/><\/ul>\n<p><br class=\"xliff-newline\"\/>Dans le cas des services fournis par des tiers, le visiteur du site peut s\u2019enqu\u00e9rir de la fa\u00e7on d\u2019exercer son droit de ne pas \u00eatre suivi par des cookies dans le cadre des politiques de confidentialit\u00e9 ou des politiques de cookies des tiers concern\u00e9s. Veuillez consulter les politiques respectives de la liste (non exhaustive) et noter la possibilit\u00e9 d\u2019utiliser des outils sp\u00e9ciaux de gestion de la protection de la vie priv\u00e9e li\u00e9s aux cookies \u00e0 des fins publicitaires telles que Vos choix en ligne (http:\/\/www.youronlinechoices.com\/it\/) limit\u00e9s aux r\u00e9seaux publicitaires qui se joignent \u00e0 l\u2019initiative.<br class=\"xliff-newline\"\/><\/p>\n<h2>Combien de temps nous gardons vos donn\u00e9es<\/h2>\n<p><br class=\"xliff-newline\"\/>Si vous laissez un commentaire, le commentaire et ses m\u00e9tadonn\u00e9es sont conserv\u00e9s ind\u00e9finiment. C\u2019est ainsi que nous pouvons automatiquement reconna\u00eetre et approuver tous les commentaires ult\u00e9rieurs au lieu de les garder dans une file d\u2019attente de mod\u00e9ration.<br class=\"xliff-newline\"\/><br class=\"xliff-newline\"\/>Pour les utilisateurs qui s\u2019inscrivent sur notre site Web (le cas \u00e9ch\u00e9ant), nous stockons \u00e9galement les informations personnelles qu\u2019ils fournissent dans leur profil d\u2019utilisateur. Tous les utilisateurs peuvent voir, modifier ou supprimer leurs informations personnelles \u00e0 tout moment (sauf leur nom d\u2019utilisateur qu\u2019ils ne peuvent pas modifier). Les administrateurs du site Web peuvent \u00e9galement afficher et modifier ces informations.<br class=\"xliff-newline\"\/><\/p>\n<h2>Quels droits avez-vous sur vos donn\u00e9es<\/h2>\n<p><br class=\"xliff-newline\"\/>Si vous avez un compte sur ce site, ou avez laiss\u00e9 des commentaires, vous pouvez demander de recevoir un fichier export\u00e9 du site avec les donn\u00e9es personnelles que nous avons \u00e0 votre sujet, y compris les donn\u00e9es que vous nous avez fournies. Vous pouvez \u00e9galement demander que nous supprimions toutes les informations personnelles vous concernant. Cela n\u2019inclut pas les donn\u00e9es que nous sommes tenus de conserver \u00e0 des fins administratives, juridiques ou de s\u00e9curit\u00e9.<br class=\"xliff-newline\"\/><\/p>\n<h2>O\u00f9 nous envoyons vos donn\u00e9es<\/h2>\n<p><br class=\"xliff-newline\"\/>Les commentaires des visiteurs peuvent \u00eatre v\u00e9rifi\u00e9s par l\u2019interm\u00e9diaire d\u2019un service automatis\u00e9 de d\u00e9tection de spam.<br class=\"xliff-newline\"\/><\/p>\n<h2>Vos coordonn\u00e9es<\/h2>\n<p><br class=\"xliff-newline\"\/>Les donn\u00e9es personnelles que nous avons trait\u00e9es au niveau papier et d\u2019information, afin de remplir les obligations impos\u00e9es par la loi, par les r\u00e8glements et la l\u00e9gislation de l\u2019UE et de g\u00e9rer les relations qui ont lieu \u00e0 chaque \u00e9tape (pr\u00e9-contractuelle, contractuelle, contentieux, etc.), ne seront pas divulgu\u00e9es, ni communiqu\u00e9es \u00e0 des tiers \u00e0 des fins commerciales, sauf pour les limites mentionn\u00e9es \u00e0 l\u2019article 16 D.Lgs 196\/2003. Vous pouvez exercer les droits en vertu de l\u2019article 7 de D.Lgs 196\/2003 \u00e0 tout moment, y compris l\u2019acc\u00e8s, l\u2019int\u00e9gration, la mise \u00e0 jour, l\u2019opposition pour des raisons l\u00e9gitimes et l\u2019approbation \u00e0 des fins de marketing direct en \u00e9crivant au contr\u00f4leur<a href=\"mailto:info@palarasol.it\">(info@palarasol.it<\/a>)<br class=\"xliff-newline\"\/><br class=\"xliff-newline\"\/><\/p>\n<hr \/>\n<p><br class=\"xliff-newline\"\/><br class=\"xliff-newline\"\/> <\/p>\n","protected":false},"excerpt":{"rendered":"<p>Qui sommes-nous L\u2019adresse de notre site Web est la suivante : https:\/\/www.palarasol.it. Quelles donn\u00e9es personnelles nous recueillons et pourquoi nous les recueillons Commentaires Lorsque les visiteurs laissent des commentaires sur le site, nous recueillons les donn\u00e9es affich\u00e9es dans le formulaire de commentaires en plus de l\u2019adresse IP du visiteur et de la cha\u00eene de l\u2019agent [&hellip;]<\/p>\n","protected":false},"author":1,"featured_media":0,"parent":0,"menu_order":0,"comment_status":"closed","ping_status":"open","template":"page-templates\/page-full-width.php","meta":{"_acf_changed":false,"_monsterinsights_skip_tracking":false,"_monsterinsights_sitenote_active":false,"_monsterinsights_sitenote_note":"","_monsterinsights_sitenote_category":0,"footnotes":""},"class_list":["post-72141","page","type-page","status-publish","hentry"],"acf":[],"yoast_head":"<!-- This site is optimized with the Yoast SEO plugin v27.2 - https:\/\/yoast.com\/product\/yoast-seo-wordpress\/ -->\n<title>Vie priv\u00e9e - Palarasol<\/title>\n<meta name=\"robots\" content=\"index, follow, max-snippet:-1, max-image-preview:large, max-video-preview:-1\" \/>\n<link rel=\"canonical\" href=\"https:\/\/www.palarasol.it\/fr\/vie-privee\/\" \/>\n<meta property=\"og:locale\" content=\"fr_FR\" \/>\n<meta property=\"og:type\" content=\"article\" \/>\n<meta property=\"og:title\" content=\"Vie priv\u00e9e - Palarasol\" \/>\n<meta property=\"og:description\" content=\"Qui sommes-nous L\u2019adresse de notre site Web est la suivante : https:\/\/www.palarasol.it. Quelles donn\u00e9es personnelles nous recueillons et pourquoi nous les recueillons Commentaires Lorsque les visiteurs laissent des commentaires sur le site, nous recueillons les donn\u00e9es affich\u00e9es dans le formulaire de commentaires en plus de l\u2019adresse IP du visiteur et de la cha\u00eene de l\u2019agent [&hellip;]\" \/>\n<meta property=\"og:url\" content=\"https:\/\/www.palarasol.it\/fr\/vie-privee\/\" \/>\n<meta property=\"og:site_name\" content=\"Palarasol\" \/>\n<meta property=\"article:publisher\" content=\"https:\/\/www.facebook.com\/palarasol\" \/>\n<meta property=\"og:image\" content=\"https:\/\/www.palarasol.it\/wp-content\/uploads\/2015\/06\/cropped-palarasol_home.jpg\" \/>\n\t<meta property=\"og:image:width\" content=\"1950\" \/>\n\t<meta property=\"og:image:height\" content=\"500\" \/>\n\t<meta property=\"og:image:type\" content=\"image\/jpeg\" \/>\n<meta name=\"twitter:card\" content=\"summary_large_image\" \/>\n<meta name=\"twitter:site\" content=\"@palarasol\" \/>\n<meta name=\"twitter:label1\" content=\"Dur\u00e9e de lecture estim\u00e9e\" \/>\n\t<meta name=\"twitter:data1\" content=\"6 minutes\" \/>\n<script type=\"application\/ld+json\" class=\"yoast-schema-graph\">{\"@context\":\"https:\/\/schema.org\",\"@graph\":[{\"@type\":\"WebPage\",\"@id\":\"https:\/\/www.palarasol.it\/fr\/vie-privee\/\",\"url\":\"https:\/\/www.palarasol.it\/fr\/vie-privee\/\",\"name\":\"Vie priv\u00e9e - Palarasol\",\"isPartOf\":{\"@id\":\"http:\/\/www.palarasol.it\/fr\/#website\"},\"datePublished\":\"2015-08-03T16:30:21+00:00\",\"breadcrumb\":{\"@id\":\"https:\/\/www.palarasol.it\/fr\/vie-privee\/#breadcrumb\"},\"inLanguage\":\"fr-FR\",\"potentialAction\":[{\"@type\":\"ReadAction\",\"target\":[\"https:\/\/www.palarasol.it\/fr\/vie-privee\/\"]}]},{\"@type\":\"BreadcrumbList\",\"@id\":\"https:\/\/www.palarasol.it\/fr\/vie-privee\/#breadcrumb\",\"itemListElement\":[{\"@type\":\"ListItem\",\"position\":1,\"name\":\"Home\",\"item\":\"https:\/\/www.palarasol.it\/fr\/10073-2\/\"},{\"@type\":\"ListItem\",\"position\":2,\"name\":\"Vie priv\u00e9e\"}]},{\"@type\":\"WebSite\",\"@id\":\"http:\/\/www.palarasol.it\/fr\/#website\",\"url\":\"http:\/\/www.palarasol.it\/fr\/\",\"name\":\"Palarasol\",\"description\":\"\",\"publisher\":{\"@id\":\"http:\/\/www.palarasol.it\/fr\/#organization\"},\"potentialAction\":[{\"@type\":\"SearchAction\",\"target\":{\"@type\":\"EntryPoint\",\"urlTemplate\":\"http:\/\/www.palarasol.it\/fr\/?s={search_term_string}\"},\"query-input\":{\"@type\":\"PropertyValueSpecification\",\"valueRequired\":true,\"valueName\":\"search_term_string\"}}],\"inLanguage\":\"fr-FR\"},{\"@type\":\"Organization\",\"@id\":\"http:\/\/www.palarasol.it\/fr\/#organization\",\"name\":\"Palara Gianluca & C. S.a.s\",\"url\":\"http:\/\/www.palarasol.it\/fr\/\",\"logo\":{\"@type\":\"ImageObject\",\"inLanguage\":\"fr-FR\",\"@id\":\"http:\/\/www.palarasol.it\/fr\/#\/schema\/logo\/image\/\",\"url\":\"https:\/\/stagingpalara4.it\/wp-content\/uploads\/2015\/06\/logo.png\",\"contentUrl\":\"https:\/\/stagingpalara4.it\/wp-content\/uploads\/2015\/06\/logo.png\",\"width\":800,\"height\":189,\"caption\":\"Palara Gianluca & C. S.a.s\"},\"image\":{\"@id\":\"http:\/\/www.palarasol.it\/fr\/#\/schema\/logo\/image\/\"},\"sameAs\":[\"https:\/\/www.facebook.com\/palarasol\",\"https:\/\/x.com\/palarasol\"]}]}<\/script>\n<!-- \/ Yoast SEO plugin. -->","yoast_head_json":{"title":"Vie priv\u00e9e - Palarasol","robots":{"index":"index","follow":"follow","max-snippet":"max-snippet:-1","max-image-preview":"max-image-preview:large","max-video-preview":"max-video-preview:-1"},"canonical":"https:\/\/www.palarasol.it\/fr\/vie-privee\/","og_locale":"fr_FR","og_type":"article","og_title":"Vie priv\u00e9e - Palarasol","og_description":"Qui sommes-nous L\u2019adresse de notre site Web est la suivante : https:\/\/www.palarasol.it. Quelles donn\u00e9es personnelles nous recueillons et pourquoi nous les recueillons Commentaires Lorsque les visiteurs laissent des commentaires sur le site, nous recueillons les donn\u00e9es affich\u00e9es dans le formulaire de commentaires en plus de l\u2019adresse IP du visiteur et de la cha\u00eene de l\u2019agent [&hellip;]","og_url":"https:\/\/www.palarasol.it\/fr\/vie-privee\/","og_site_name":"Palarasol","article_publisher":"https:\/\/www.facebook.com\/palarasol","og_image":[{"width":1950,"height":500,"url":"https:\/\/www.palarasol.it\/wp-content\/uploads\/2015\/06\/cropped-palarasol_home.jpg","type":"image\/jpeg"}],"twitter_card":"summary_large_image","twitter_site":"@palarasol","twitter_misc":{"Dur\u00e9e de lecture estim\u00e9e":"6 minutes"},"schema":{"@context":"https:\/\/schema.org","@graph":[{"@type":"WebPage","@id":"https:\/\/www.palarasol.it\/fr\/vie-privee\/","url":"https:\/\/www.palarasol.it\/fr\/vie-privee\/","name":"Vie priv\u00e9e - Palarasol","isPartOf":{"@id":"http:\/\/www.palarasol.it\/fr\/#website"},"datePublished":"2015-08-03T16:30:21+00:00","breadcrumb":{"@id":"https:\/\/www.palarasol.it\/fr\/vie-privee\/#breadcrumb"},"inLanguage":"fr-FR","potentialAction":[{"@type":"ReadAction","target":["https:\/\/www.palarasol.it\/fr\/vie-privee\/"]}]},{"@type":"BreadcrumbList","@id":"https:\/\/www.palarasol.it\/fr\/vie-privee\/#breadcrumb","itemListElement":[{"@type":"ListItem","position":1,"name":"Home","item":"https:\/\/www.palarasol.it\/fr\/10073-2\/"},{"@type":"ListItem","position":2,"name":"Vie priv\u00e9e"}]},{"@type":"WebSite","@id":"http:\/\/www.palarasol.it\/fr\/#website","url":"http:\/\/www.palarasol.it\/fr\/","name":"Palarasol","description":"","publisher":{"@id":"http:\/\/www.palarasol.it\/fr\/#organization"},"potentialAction":[{"@type":"SearchAction","target":{"@type":"EntryPoint","urlTemplate":"http:\/\/www.palarasol.it\/fr\/?s={search_term_string}"},"query-input":{"@type":"PropertyValueSpecification","valueRequired":true,"valueName":"search_term_string"}}],"inLanguage":"fr-FR"},{"@type":"Organization","@id":"http:\/\/www.palarasol.it\/fr\/#organization","name":"Palara Gianluca & C. S.a.s","url":"http:\/\/www.palarasol.it\/fr\/","logo":{"@type":"ImageObject","inLanguage":"fr-FR","@id":"http:\/\/www.palarasol.it\/fr\/#\/schema\/logo\/image\/","url":"https:\/\/stagingpalara4.it\/wp-content\/uploads\/2015\/06\/logo.png","contentUrl":"https:\/\/stagingpalara4.it\/wp-content\/uploads\/2015\/06\/logo.png","width":800,"height":189,"caption":"Palara Gianluca & C. S.a.s"},"image":{"@id":"http:\/\/www.palarasol.it\/fr\/#\/schema\/logo\/image\/"},"sameAs":["https:\/\/www.facebook.com\/palarasol","https:\/\/x.com\/palarasol"]}]}},"_links":{"self":[{"href":"https:\/\/www.palarasol.it\/fr\/wp-json\/wp\/v2\/pages\/72141","targetHints":{"allow":["GET"]}}],"collection":[{"href":"https:\/\/www.palarasol.it\/fr\/wp-json\/wp\/v2\/pages"}],"about":[{"href":"https:\/\/www.palarasol.it\/fr\/wp-json\/wp\/v2\/types\/page"}],"author":[{"embeddable":true,"href":"https:\/\/www.palarasol.it\/fr\/wp-json\/wp\/v2\/users\/1"}],"replies":[{"embeddable":true,"href":"https:\/\/www.palarasol.it\/fr\/wp-json\/wp\/v2\/comments?post=72141"}],"version-history":[{"count":0,"href":"https:\/\/www.palarasol.it\/fr\/wp-json\/wp\/v2\/pages\/72141\/revisions"}],"wp:attachment":[{"href":"https:\/\/www.palarasol.it\/fr\/wp-json\/wp\/v2\/media?parent=72141"}],"curies":[{"name":"wp","href":"https:\/\/api.w.org\/{rel}","templated":true}]}}