{"id":13189,"date":"2018-02-23T14:55:24","date_gmt":"2018-02-23T13:55:24","guid":{"rendered":"https:\/\/stagingpalara4.it\/shop\/non%20class\u00e9\/allegro-o200-cm\/"},"modified":"2025-07-24T09:57:26","modified_gmt":"2025-07-24T07:57:26","slug":"allegro-o200-cm","status":"publish","type":"product","link":"https:\/\/www.palarasol.it\/fr\/shop\/parasols-fr\/allegro-o200-cm\/","title":{"rendered":"Allegro \u00f8200 cm"},"content":{"rendered":"<p><strong>Mati\u00e8re<\/strong>: Dralon acrylique gr 190 finition soleil (couleurs Bordeaux, Bleu clair) \/ Polyma* polyester gr 210 imperm\u00e9able (couleurs Blanc, Ecru, Taupe, Jaune, Orange, Rouge, Vert et Bleu)\/TexMa** gr 190 imperm\u00e9able (couleurs Terracotta, Lime, Turquoise)<br \/>\n<strong>Solidit\u00e9 \u00e0 la lumi\u00e8re des couleurs<\/strong> 5\/7<br \/>\nProtection UV 20-50+<br \/>\nDiam\u00e8tre 200 cm<br \/>\nStructure en acier couleur noir sabl\u00e8<br \/>\nHauteur r\u00e9glable max 230 cm, articulation, inclinaison<br \/>\n Doublure<strong>avec bandouli\u00e8re gratuite<\/strong><br \/>\nFabriqu\u00e9 en Italie.<br \/>\nPi\u00e9destal non inclus<\/p>\n<p>Poids par base &gt; 15 kg<\/p>\n","protected":false},"excerpt":{"rendered":"<p>art 84 Allegro Maffei &#8211; cm 100\/10 (\u00f8 200 cm)<\/p>\n<p><a href=\"https:\/\/www.palarasol.it\/wp-content\/uploads\/2015\/07\/dim6.jpg\"><img decoding=\"async\" class=\"alignnone size-full wp-image-1867\" src=\"https:\/\/www.palarasol.it\/wp-content\/uploads\/2015\/07\/dim6.jpg\" alt=\"Parasols design - Allegro\" width=\"180\" height=\"100\" srcset=\"https:\/\/www.palarasol.it\/wp-content\/uploads\/2015\/07\/dim6.jpg 180w, https:\/\/www.palarasol.it\/wp-content\/uploads\/2015\/07\/dim6-105x58.jpg 105w\" sizes=\"(max-width: 180px) 100vw, 180px\" \/><\/a><\/p>\n","protected":false},"featured_media":72958,"template":"","meta":{"_acf_changed":false,"_monsterinsights_skip_tracking":false,"_monsterinsights_sitenote_active":false,"_monsterinsights_sitenote_note":"","_monsterinsights_sitenote_category":0},"product_brand":[],"product_cat":[440,541],"product_tag":[448,449,436,938,747,435,441,939,437,549],"class_list":{"0":"post-13189","1":"product","2":"type-product","3":"status-publish","4":"has-post-thumbnail","6":"product_cat-parasols-fr","7":"product_cat-parasols-standard","8":"product_tag-design-fr","9":"product_tag-dralon-fr","10":"product_tag-fabrique-en-italie","11":"product_tag-mer","12":"product_tag-parapluies-maffei","13":"product_tag-parasol-fr","14":"product_tag-parasol-rond","15":"product_tag-plage","16":"product_tag-polyester-fr","17":"product_tag-polyma-fr","19":"first","20":"instock","21":"shipping-taxable","22":"purchasable","23":"product-type-variable"},"acf":[],"yoast_head":"<!-- This site is optimized with the Yoast SEO plugin v27.2 - https:\/\/yoast.com\/product\/yoast-seo-wordpress\/ -->\n<title>Allegro \u00f8200 cm - %.<\/title>\n<meta name=\"description\" content=\"Parasols design - Allegro Parasol rond diam\u00e8tre 200 cm, avec inclinaison, fabriqu\u00e9 en Italie. Tissu acrylique Dralon 100. Protection UV\" \/>\n<meta name=\"robots\" content=\"index, follow, max-snippet:-1, max-image-preview:large, max-video-preview:-1\" \/>\n<link rel=\"canonical\" href=\"https:\/\/www.palarasol.it\/fr\/shop\/parasols-fr\/allegro-o200-cm\/\" \/>\n<meta property=\"og:locale\" content=\"fr_FR\" \/>\n<meta property=\"og:type\" content=\"article\" \/>\n<meta property=\"og:title\" content=\"Allegro \u00f8200 cm - %.\" \/>\n<meta property=\"og:description\" content=\"Parasols design - Allegro Parasol rond diam\u00e8tre 200 cm, avec inclinaison, fabriqu\u00e9 en Italie. Tissu acrylique Dralon 100. Protection UV\" \/>\n<meta property=\"og:url\" content=\"https:\/\/www.palarasol.it\/fr\/shop\/parasols-fr\/allegro-o200-cm\/\" \/>\n<meta property=\"og:site_name\" content=\"Palarasol\" \/>\n<meta property=\"article:publisher\" content=\"https:\/\/www.facebook.com\/palarasol\" \/>\n<meta property=\"article:modified_time\" content=\"2025-07-24T07:57:26+00:00\" \/>\n<meta property=\"og:image\" content=\"https:\/\/www.palarasol.it\/wp-content\/uploads\/2018\/02\/allegro-art84-2.jpg\" \/>\n\t<meta property=\"og:image:width\" content=\"1200\" \/>\n\t<meta property=\"og:image:height\" content=\"800\" \/>\n\t<meta property=\"og:image:type\" content=\"image\/jpeg\" \/>\n<meta name=\"twitter:card\" content=\"summary_large_image\" \/>\n<meta name=\"twitter:site\" content=\"@palarasol\" \/>\n<script type=\"application\/ld+json\" class=\"yoast-schema-graph\">{\"@context\":\"https:\/\/schema.org\",\"@graph\":[{\"@type\":\"WebPage\",\"@id\":\"https:\/\/www.palarasol.it\/fr\/shop\/parasols-fr\/allegro-o200-cm\/\",\"url\":\"https:\/\/www.palarasol.it\/fr\/shop\/parasols-fr\/allegro-o200-cm\/\",\"name\":\"Allegro \u00f8200 cm - %.\",\"isPartOf\":{\"@id\":\"http:\/\/www.palarasol.it\/fr\/#website\"},\"primaryImageOfPage\":{\"@id\":\"https:\/\/www.palarasol.it\/fr\/shop\/parasols-fr\/allegro-o200-cm\/#primaryimage\"},\"image\":{\"@id\":\"https:\/\/www.palarasol.it\/fr\/shop\/parasols-fr\/allegro-o200-cm\/#primaryimage\"},\"thumbnailUrl\":\"https:\/\/www.palarasol.it\/wp-content\/uploads\/2018\/02\/allegro-art84-2.jpg\",\"datePublished\":\"2018-02-23T13:55:24+00:00\",\"dateModified\":\"2025-07-24T07:57:26+00:00\",\"description\":\"Parasols design - Allegro Parasol rond diam\u00e8tre 200 cm, avec inclinaison, fabriqu\u00e9 en Italie. Tissu acrylique Dralon 100. Protection UV\",\"breadcrumb\":{\"@id\":\"https:\/\/www.palarasol.it\/fr\/shop\/parasols-fr\/allegro-o200-cm\/#breadcrumb\"},\"inLanguage\":\"fr-FR\",\"potentialAction\":[{\"@type\":\"ReadAction\",\"target\":[\"https:\/\/www.palarasol.it\/fr\/shop\/parasols-fr\/allegro-o200-cm\/\"]}]},{\"@type\":\"ImageObject\",\"inLanguage\":\"fr-FR\",\"@id\":\"https:\/\/www.palarasol.it\/fr\/shop\/parasols-fr\/allegro-o200-cm\/#primaryimage\",\"url\":\"https:\/\/www.palarasol.it\/wp-content\/uploads\/2018\/02\/allegro-art84-2.jpg\",\"contentUrl\":\"https:\/\/www.palarasol.it\/wp-content\/uploads\/2018\/02\/allegro-art84-2.jpg\",\"width\":1200,\"height\":800,\"caption\":\"Allegro- Art 84\"},{\"@type\":\"BreadcrumbList\",\"@id\":\"https:\/\/www.palarasol.it\/fr\/shop\/parasols-fr\/allegro-o200-cm\/#breadcrumb\",\"itemListElement\":[{\"@type\":\"ListItem\",\"position\":1,\"name\":\"Home\",\"item\":\"https:\/\/www.palarasol.it\/fr\/10073-2\/\"},{\"@type\":\"ListItem\",\"position\":2,\"name\":\"Shop\",\"item\":\"http:\/\/stagingpalara4.it\/negozio\/\"},{\"@type\":\"ListItem\",\"position\":3,\"name\":\"Parasols standard\",\"item\":\"https:\/\/www.palarasol.it\/fr\/categorie-produit\/parasols-standard\/\"},{\"@type\":\"ListItem\",\"position\":4,\"name\":\"Allegro \u00f8200 cm\"}]},{\"@type\":\"WebSite\",\"@id\":\"http:\/\/www.palarasol.it\/fr\/#website\",\"url\":\"http:\/\/www.palarasol.it\/fr\/\",\"name\":\"Palarasol\",\"description\":\"\",\"publisher\":{\"@id\":\"http:\/\/www.palarasol.it\/fr\/#organization\"},\"potentialAction\":[{\"@type\":\"SearchAction\",\"target\":{\"@type\":\"EntryPoint\",\"urlTemplate\":\"http:\/\/www.palarasol.it\/fr\/?s={search_term_string}\"},\"query-input\":{\"@type\":\"PropertyValueSpecification\",\"valueRequired\":true,\"valueName\":\"search_term_string\"}}],\"inLanguage\":\"fr-FR\"},{\"@type\":\"Organization\",\"@id\":\"http:\/\/www.palarasol.it\/fr\/#organization\",\"name\":\"Palara Gianluca & C. S.a.s\",\"url\":\"http:\/\/www.palarasol.it\/fr\/\",\"logo\":{\"@type\":\"ImageObject\",\"inLanguage\":\"fr-FR\",\"@id\":\"http:\/\/www.palarasol.it\/fr\/#\/schema\/logo\/image\/\",\"url\":\"https:\/\/stagingpalara4.it\/wp-content\/uploads\/2015\/06\/logo.png\",\"contentUrl\":\"https:\/\/stagingpalara4.it\/wp-content\/uploads\/2015\/06\/logo.png\",\"width\":800,\"height\":189,\"caption\":\"Palara Gianluca & C. S.a.s\"},\"image\":{\"@id\":\"http:\/\/www.palarasol.it\/fr\/#\/schema\/logo\/image\/\"},\"sameAs\":[\"https:\/\/www.facebook.com\/palarasol\",\"https:\/\/x.com\/palarasol\"]}]}<\/script>\n<!-- \/ Yoast SEO plugin. -->","yoast_head_json":{"title":"Allegro \u00f8200 cm - %.","description":"Parasols design - Allegro Parasol rond diam\u00e8tre 200 cm, avec inclinaison, fabriqu\u00e9 en Italie. Tissu acrylique Dralon 100. Protection UV","robots":{"index":"index","follow":"follow","max-snippet":"max-snippet:-1","max-image-preview":"max-image-preview:large","max-video-preview":"max-video-preview:-1"},"canonical":"https:\/\/www.palarasol.it\/fr\/shop\/parasols-fr\/allegro-o200-cm\/","og_locale":"fr_FR","og_type":"article","og_title":"Allegro \u00f8200 cm - %.","og_description":"Parasols design - Allegro Parasol rond diam\u00e8tre 200 cm, avec inclinaison, fabriqu\u00e9 en Italie. Tissu acrylique Dralon 100. Protection UV","og_url":"https:\/\/www.palarasol.it\/fr\/shop\/parasols-fr\/allegro-o200-cm\/","og_site_name":"Palarasol","article_publisher":"https:\/\/www.facebook.com\/palarasol","article_modified_time":"2025-07-24T07:57:26+00:00","og_image":[{"width":1200,"height":800,"url":"https:\/\/www.palarasol.it\/wp-content\/uploads\/2018\/02\/allegro-art84-2.jpg","type":"image\/jpeg"}],"twitter_card":"summary_large_image","twitter_site":"@palarasol","schema":{"@context":"https:\/\/schema.org","@graph":[{"@type":"WebPage","@id":"https:\/\/www.palarasol.it\/fr\/shop\/parasols-fr\/allegro-o200-cm\/","url":"https:\/\/www.palarasol.it\/fr\/shop\/parasols-fr\/allegro-o200-cm\/","name":"Allegro \u00f8200 cm - %.","isPartOf":{"@id":"http:\/\/www.palarasol.it\/fr\/#website"},"primaryImageOfPage":{"@id":"https:\/\/www.palarasol.it\/fr\/shop\/parasols-fr\/allegro-o200-cm\/#primaryimage"},"image":{"@id":"https:\/\/www.palarasol.it\/fr\/shop\/parasols-fr\/allegro-o200-cm\/#primaryimage"},"thumbnailUrl":"https:\/\/www.palarasol.it\/wp-content\/uploads\/2018\/02\/allegro-art84-2.jpg","datePublished":"2018-02-23T13:55:24+00:00","dateModified":"2025-07-24T07:57:26+00:00","description":"Parasols design - Allegro Parasol rond diam\u00e8tre 200 cm, avec inclinaison, fabriqu\u00e9 en Italie. Tissu acrylique Dralon 100. Protection UV","breadcrumb":{"@id":"https:\/\/www.palarasol.it\/fr\/shop\/parasols-fr\/allegro-o200-cm\/#breadcrumb"},"inLanguage":"fr-FR","potentialAction":[{"@type":"ReadAction","target":["https:\/\/www.palarasol.it\/fr\/shop\/parasols-fr\/allegro-o200-cm\/"]}]},{"@type":"ImageObject","inLanguage":"fr-FR","@id":"https:\/\/www.palarasol.it\/fr\/shop\/parasols-fr\/allegro-o200-cm\/#primaryimage","url":"https:\/\/www.palarasol.it\/wp-content\/uploads\/2018\/02\/allegro-art84-2.jpg","contentUrl":"https:\/\/www.palarasol.it\/wp-content\/uploads\/2018\/02\/allegro-art84-2.jpg","width":1200,"height":800,"caption":"Allegro- Art 84"},{"@type":"BreadcrumbList","@id":"https:\/\/www.palarasol.it\/fr\/shop\/parasols-fr\/allegro-o200-cm\/#breadcrumb","itemListElement":[{"@type":"ListItem","position":1,"name":"Home","item":"https:\/\/www.palarasol.it\/fr\/10073-2\/"},{"@type":"ListItem","position":2,"name":"Shop","item":"http:\/\/stagingpalara4.it\/negozio\/"},{"@type":"ListItem","position":3,"name":"Parasols standard","item":"https:\/\/www.palarasol.it\/fr\/categorie-produit\/parasols-standard\/"},{"@type":"ListItem","position":4,"name":"Allegro \u00f8200 cm"}]},{"@type":"WebSite","@id":"http:\/\/www.palarasol.it\/fr\/#website","url":"http:\/\/www.palarasol.it\/fr\/","name":"Palarasol","description":"","publisher":{"@id":"http:\/\/www.palarasol.it\/fr\/#organization"},"potentialAction":[{"@type":"SearchAction","target":{"@type":"EntryPoint","urlTemplate":"http:\/\/www.palarasol.it\/fr\/?s={search_term_string}"},"query-input":{"@type":"PropertyValueSpecification","valueRequired":true,"valueName":"search_term_string"}}],"inLanguage":"fr-FR"},{"@type":"Organization","@id":"http:\/\/www.palarasol.it\/fr\/#organization","name":"Palara Gianluca & C. S.a.s","url":"http:\/\/www.palarasol.it\/fr\/","logo":{"@type":"ImageObject","inLanguage":"fr-FR","@id":"http:\/\/www.palarasol.it\/fr\/#\/schema\/logo\/image\/","url":"https:\/\/stagingpalara4.it\/wp-content\/uploads\/2015\/06\/logo.png","contentUrl":"https:\/\/stagingpalara4.it\/wp-content\/uploads\/2015\/06\/logo.png","width":800,"height":189,"caption":"Palara Gianluca & C. S.a.s"},"image":{"@id":"http:\/\/www.palarasol.it\/fr\/#\/schema\/logo\/image\/"},"sameAs":["https:\/\/www.facebook.com\/palarasol","https:\/\/x.com\/palarasol"]}]}},"_links":{"self":[{"href":"https:\/\/www.palarasol.it\/fr\/wp-json\/wp\/v2\/product\/13189","targetHints":{"allow":["GET"]}}],"collection":[{"href":"https:\/\/www.palarasol.it\/fr\/wp-json\/wp\/v2\/product"}],"about":[{"href":"https:\/\/www.palarasol.it\/fr\/wp-json\/wp\/v2\/types\/product"}],"version-history":[{"count":0,"href":"https:\/\/www.palarasol.it\/fr\/wp-json\/wp\/v2\/product\/13189\/revisions"}],"wp:featuredmedia":[{"embeddable":true,"href":"https:\/\/www.palarasol.it\/fr\/wp-json\/wp\/v2\/media\/72958"}],"wp:attachment":[{"href":"https:\/\/www.palarasol.it\/fr\/wp-json\/wp\/v2\/media?parent=13189"}],"wp:term":[{"taxonomy":"product_brand","embeddable":true,"href":"https:\/\/www.palarasol.it\/fr\/wp-json\/wp\/v2\/product_brand?post=13189"},{"taxonomy":"product_cat","embeddable":true,"href":"https:\/\/www.palarasol.it\/fr\/wp-json\/wp\/v2\/product_cat?post=13189"},{"taxonomy":"product_tag","embeddable":true,"href":"https:\/\/www.palarasol.it\/fr\/wp-json\/wp\/v2\/product_tag?post=13189"}],"curies":[{"name":"wp","href":"https:\/\/api.w.org\/{rel}","templated":true}]}}