{"id":34608,"date":"2018-06-01T18:07:29","date_gmt":"2018-06-01T16:07:29","guid":{"rendered":"https:\/\/stagingpalara4.it\/shop\/non class\u00e9\/housse-pour-balancelle\/"},"modified":"2018-06-01T18:07:29","modified_gmt":"2018-06-01T16:07:29","slug":"housse-pour-balancelle","status":"publish","type":"product","link":"https:\/\/www.palarasol.it\/fr\/shop\/housses\/housse-pour-balancelle\/","title":{"rendered":"Housse pour balancelle"},"content":{"rendered":"<h2>Housse pour balancelle<\/h2>\n<p><strong>Tissu:<\/strong>\u00a0Mytex transpirant et imp\u00e9rmeable<\/p>\n<p>Le tissu a une tr\u00e8s grande imperm\u00e9abilit\u00e9 et une classification<br \/>\nhautement respirante. Le tissu a une tr\u00e8s bonne r\u00e9sistance<br \/>\n\u00e0 la traction et \u00e0 la lac\u00e9ration (clou) et a une finition anti-UV.<br \/>\nEn laissant sortir l\u2019humidit\u00e9 et \u00e9tant imperm\u00e9able, les objets<br \/>\ndessous seront bien proteg\u00e9s pendant toute l\u2019ann\u00e9e avec<br \/>\nune forte r\u00e9duction de la possibilit\u00e9 de formation de rouille ou<br \/>\nmoisissure.<br \/>\nFabriqu\u00e9 en Italie<\/p>\n<p><strong>Dimensioni:\u00a0<\/strong>cm 220x150x160<\/p>\n<p><strong>Couleur:<\/strong> <span id=\"result_box\" class=\"\" lang=\"fr\" tabindex=\"-1\">ext\u00e9rieur taupe, int\u00e9rieur gris clair. Le tissu peut \u00eatre utilis\u00e9 des deux c\u00f4t\u00e9s.<\/span><\/p>\n<p><span id=\"result_box\" class=\"\" lang=\"fr\" tabindex=\"-1\"><span class=\"\"><strong>Attention<\/strong>: assurez-vous que la taille de notre couverture correspond \u00e0 votre balancelle.<\/span><\/span><\/p>\n","protected":false},"excerpt":{"rendered":"<p>Maffei housse art. 986<\/p>\n","protected":false},"featured_media":34609,"template":"","meta":{"_acf_changed":false,"_monsterinsights_skip_tracking":false,"_monsterinsights_sitenote_active":false,"_monsterinsights_sitenote_note":"","_monsterinsights_sitenote_category":0},"product_brand":[],"product_cat":[463,459],"product_tag":[436,461,464,446,460],"class_list":{"0":"post-34608","1":"product","2":"type-product","3":"status-publish","4":"has-post-thumbnail","6":"product_cat-accessoires","7":"product_cat-housses","8":"product_tag-fabrique-en-italie","9":"product_tag-housse","10":"product_tag-housse-balancelle","11":"product_tag-impermeable","12":"product_tag-transpirant","14":"first","15":"instock","16":"shipping-taxable","17":"purchasable","18":"product-type-simple"},"acf":[],"yoast_head":"<!-- This site is optimized with the Yoast SEO plugin v27.5 - https:\/\/yoast.com\/product\/yoast-seo-wordpress\/ -->\n<title>Housse pour balancelle transpirant et imperm\u00e9able - Palarasol<\/title>\n<meta name=\"description\" content=\"Housse pour balancelle. Tissu exclusivit\u00e9 de Maffei, transpirant et imperm\u00e9able. Fabriqu\u00e9 en Italie\" \/>\n<meta name=\"robots\" content=\"index, follow, max-snippet:-1, max-image-preview:large, max-video-preview:-1\" \/>\n<link rel=\"canonical\" href=\"https:\/\/www.palarasol.it\/fr\/shop\/housses\/housse-pour-balancelle\/\" \/>\n<meta property=\"og:locale\" content=\"fr_FR\" \/>\n<meta property=\"og:type\" content=\"article\" \/>\n<meta property=\"og:title\" content=\"Housse pour balancelle transpirant et imperm\u00e9able - Palarasol\" \/>\n<meta property=\"og:description\" content=\"Housse pour balancelle. Tissu exclusivit\u00e9 de Maffei, transpirant et imperm\u00e9able. Fabriqu\u00e9 en Italie\" \/>\n<meta property=\"og:url\" content=\"https:\/\/www.palarasol.it\/fr\/shop\/housses\/housse-pour-balancelle\/\" \/>\n<meta property=\"og:site_name\" content=\"Palarasol\" \/>\n<meta property=\"article:publisher\" content=\"https:\/\/www.facebook.com\/palarasol\" \/>\n<meta property=\"og:image\" content=\"https:\/\/www.palarasol.it\/wp-content\/uploads\/2018\/06\/fodera-dondolo.jpg\" \/>\n\t<meta property=\"og:image:width\" content=\"1000\" \/>\n\t<meta property=\"og:image:height\" content=\"1000\" \/>\n\t<meta property=\"og:image:type\" content=\"image\/jpeg\" \/>\n<meta name=\"twitter:card\" content=\"summary_large_image\" \/>\n<meta name=\"twitter:site\" content=\"@palarasol\" \/>\n<meta name=\"twitter:label1\" content=\"Dur\u00e9e de lecture estim\u00e9e\" \/>\n\t<meta name=\"twitter:data1\" content=\"1 minute\" \/>\n<script type=\"application\/ld+json\" class=\"yoast-schema-graph\">{\"@context\":\"https:\\\/\\\/schema.org\",\"@graph\":[{\"@type\":\"WebPage\",\"@id\":\"https:\\\/\\\/www.palarasol.it\\\/fr\\\/shop\\\/housses\\\/housse-pour-balancelle\\\/\",\"url\":\"https:\\\/\\\/www.palarasol.it\\\/fr\\\/shop\\\/housses\\\/housse-pour-balancelle\\\/\",\"name\":\"Housse pour balancelle transpirant et imperm\u00e9able - Palarasol\",\"isPartOf\":{\"@id\":\"http:\\\/\\\/www.palarasol.it\\\/fr\\\/#website\"},\"primaryImageOfPage\":{\"@id\":\"https:\\\/\\\/www.palarasol.it\\\/fr\\\/shop\\\/housses\\\/housse-pour-balancelle\\\/#primaryimage\"},\"image\":{\"@id\":\"https:\\\/\\\/www.palarasol.it\\\/fr\\\/shop\\\/housses\\\/housse-pour-balancelle\\\/#primaryimage\"},\"thumbnailUrl\":\"https:\\\/\\\/www.palarasol.it\\\/wp-content\\\/uploads\\\/2018\\\/06\\\/fodera-dondolo.jpg\",\"datePublished\":\"2018-06-01T16:07:29+00:00\",\"description\":\"Housse pour balancelle. Tissu exclusivit\u00e9 de Maffei, transpirant et imperm\u00e9able. Fabriqu\u00e9 en Italie\",\"breadcrumb\":{\"@id\":\"https:\\\/\\\/www.palarasol.it\\\/fr\\\/shop\\\/housses\\\/housse-pour-balancelle\\\/#breadcrumb\"},\"inLanguage\":\"fr-FR\",\"potentialAction\":[{\"@type\":\"ReadAction\",\"target\":[\"https:\\\/\\\/www.palarasol.it\\\/fr\\\/shop\\\/housses\\\/housse-pour-balancelle\\\/\"]}]},{\"@type\":\"ImageObject\",\"inLanguage\":\"fr-FR\",\"@id\":\"https:\\\/\\\/www.palarasol.it\\\/fr\\\/shop\\\/housses\\\/housse-pour-balancelle\\\/#primaryimage\",\"url\":\"https:\\\/\\\/www.palarasol.it\\\/wp-content\\\/uploads\\\/2018\\\/06\\\/fodera-dondolo.jpg\",\"contentUrl\":\"https:\\\/\\\/www.palarasol.it\\\/wp-content\\\/uploads\\\/2018\\\/06\\\/fodera-dondolo.jpg\",\"width\":1000,\"height\":1000,\"caption\":\"housse balancelle\"},{\"@type\":\"BreadcrumbList\",\"@id\":\"https:\\\/\\\/www.palarasol.it\\\/fr\\\/shop\\\/housses\\\/housse-pour-balancelle\\\/#breadcrumb\",\"itemListElement\":[{\"@type\":\"ListItem\",\"position\":1,\"name\":\"Home\",\"item\":\"https:\\\/\\\/www.palarasol.it\\\/fr\\\/10073-2\\\/\"},{\"@type\":\"ListItem\",\"position\":2,\"name\":\"Shop\",\"item\":\"http:\\\/\\\/stagingpalara4.it\\\/negozio\\\/\"},{\"@type\":\"ListItem\",\"position\":3,\"name\":\"Accessoires\",\"item\":\"https:\\\/\\\/www.palarasol.it\\\/fr\\\/categorie-produit\\\/accessoires\\\/\"},{\"@type\":\"ListItem\",\"position\":4,\"name\":\"Housse pour balancelle\"}]},{\"@type\":\"WebSite\",\"@id\":\"http:\\\/\\\/www.palarasol.it\\\/fr\\\/#website\",\"url\":\"http:\\\/\\\/www.palarasol.it\\\/fr\\\/\",\"name\":\"Palarasol\",\"description\":\"\",\"publisher\":{\"@id\":\"http:\\\/\\\/www.palarasol.it\\\/fr\\\/#organization\"},\"potentialAction\":[{\"@type\":\"SearchAction\",\"target\":{\"@type\":\"EntryPoint\",\"urlTemplate\":\"http:\\\/\\\/www.palarasol.it\\\/fr\\\/?s={search_term_string}\"},\"query-input\":{\"@type\":\"PropertyValueSpecification\",\"valueRequired\":true,\"valueName\":\"search_term_string\"}}],\"inLanguage\":\"fr-FR\"},{\"@type\":\"Organization\",\"@id\":\"http:\\\/\\\/www.palarasol.it\\\/fr\\\/#organization\",\"name\":\"Palara Gianluca & C. S.a.s\",\"url\":\"http:\\\/\\\/www.palarasol.it\\\/fr\\\/\",\"logo\":{\"@type\":\"ImageObject\",\"inLanguage\":\"fr-FR\",\"@id\":\"http:\\\/\\\/www.palarasol.it\\\/fr\\\/#\\\/schema\\\/logo\\\/image\\\/\",\"url\":\"https:\\\/\\\/stagingpalara4.it\\\/wp-content\\\/uploads\\\/2015\\\/06\\\/logo.png\",\"contentUrl\":\"https:\\\/\\\/stagingpalara4.it\\\/wp-content\\\/uploads\\\/2015\\\/06\\\/logo.png\",\"width\":800,\"height\":189,\"caption\":\"Palara Gianluca & C. S.a.s\"},\"image\":{\"@id\":\"http:\\\/\\\/www.palarasol.it\\\/fr\\\/#\\\/schema\\\/logo\\\/image\\\/\"},\"sameAs\":[\"https:\\\/\\\/www.facebook.com\\\/palarasol\",\"https:\\\/\\\/x.com\\\/palarasol\"]}]}<\/script>\n<!-- \/ Yoast SEO plugin. -->","yoast_head_json":{"title":"Housse pour balancelle transpirant et imperm\u00e9able - Palarasol","description":"Housse pour balancelle. Tissu exclusivit\u00e9 de Maffei, transpirant et imperm\u00e9able. Fabriqu\u00e9 en Italie","robots":{"index":"index","follow":"follow","max-snippet":"max-snippet:-1","max-image-preview":"max-image-preview:large","max-video-preview":"max-video-preview:-1"},"canonical":"https:\/\/www.palarasol.it\/fr\/shop\/housses\/housse-pour-balancelle\/","og_locale":"fr_FR","og_type":"article","og_title":"Housse pour balancelle transpirant et imperm\u00e9able - Palarasol","og_description":"Housse pour balancelle. Tissu exclusivit\u00e9 de Maffei, transpirant et imperm\u00e9able. Fabriqu\u00e9 en Italie","og_url":"https:\/\/www.palarasol.it\/fr\/shop\/housses\/housse-pour-balancelle\/","og_site_name":"Palarasol","article_publisher":"https:\/\/www.facebook.com\/palarasol","og_image":[{"width":1000,"height":1000,"url":"https:\/\/www.palarasol.it\/wp-content\/uploads\/2018\/06\/fodera-dondolo.jpg","type":"image\/jpeg"}],"twitter_card":"summary_large_image","twitter_site":"@palarasol","twitter_misc":{"Dur\u00e9e de lecture estim\u00e9e":"1 minute"},"schema":{"@context":"https:\/\/schema.org","@graph":[{"@type":"WebPage","@id":"https:\/\/www.palarasol.it\/fr\/shop\/housses\/housse-pour-balancelle\/","url":"https:\/\/www.palarasol.it\/fr\/shop\/housses\/housse-pour-balancelle\/","name":"Housse pour balancelle transpirant et imperm\u00e9able - Palarasol","isPartOf":{"@id":"http:\/\/www.palarasol.it\/fr\/#website"},"primaryImageOfPage":{"@id":"https:\/\/www.palarasol.it\/fr\/shop\/housses\/housse-pour-balancelle\/#primaryimage"},"image":{"@id":"https:\/\/www.palarasol.it\/fr\/shop\/housses\/housse-pour-balancelle\/#primaryimage"},"thumbnailUrl":"https:\/\/www.palarasol.it\/wp-content\/uploads\/2018\/06\/fodera-dondolo.jpg","datePublished":"2018-06-01T16:07:29+00:00","description":"Housse pour balancelle. Tissu exclusivit\u00e9 de Maffei, transpirant et imperm\u00e9able. Fabriqu\u00e9 en Italie","breadcrumb":{"@id":"https:\/\/www.palarasol.it\/fr\/shop\/housses\/housse-pour-balancelle\/#breadcrumb"},"inLanguage":"fr-FR","potentialAction":[{"@type":"ReadAction","target":["https:\/\/www.palarasol.it\/fr\/shop\/housses\/housse-pour-balancelle\/"]}]},{"@type":"ImageObject","inLanguage":"fr-FR","@id":"https:\/\/www.palarasol.it\/fr\/shop\/housses\/housse-pour-balancelle\/#primaryimage","url":"https:\/\/www.palarasol.it\/wp-content\/uploads\/2018\/06\/fodera-dondolo.jpg","contentUrl":"https:\/\/www.palarasol.it\/wp-content\/uploads\/2018\/06\/fodera-dondolo.jpg","width":1000,"height":1000,"caption":"housse balancelle"},{"@type":"BreadcrumbList","@id":"https:\/\/www.palarasol.it\/fr\/shop\/housses\/housse-pour-balancelle\/#breadcrumb","itemListElement":[{"@type":"ListItem","position":1,"name":"Home","item":"https:\/\/www.palarasol.it\/fr\/10073-2\/"},{"@type":"ListItem","position":2,"name":"Shop","item":"http:\/\/stagingpalara4.it\/negozio\/"},{"@type":"ListItem","position":3,"name":"Accessoires","item":"https:\/\/www.palarasol.it\/fr\/categorie-produit\/accessoires\/"},{"@type":"ListItem","position":4,"name":"Housse pour balancelle"}]},{"@type":"WebSite","@id":"http:\/\/www.palarasol.it\/fr\/#website","url":"http:\/\/www.palarasol.it\/fr\/","name":"Palarasol","description":"","publisher":{"@id":"http:\/\/www.palarasol.it\/fr\/#organization"},"potentialAction":[{"@type":"SearchAction","target":{"@type":"EntryPoint","urlTemplate":"http:\/\/www.palarasol.it\/fr\/?s={search_term_string}"},"query-input":{"@type":"PropertyValueSpecification","valueRequired":true,"valueName":"search_term_string"}}],"inLanguage":"fr-FR"},{"@type":"Organization","@id":"http:\/\/www.palarasol.it\/fr\/#organization","name":"Palara Gianluca & C. S.a.s","url":"http:\/\/www.palarasol.it\/fr\/","logo":{"@type":"ImageObject","inLanguage":"fr-FR","@id":"http:\/\/www.palarasol.it\/fr\/#\/schema\/logo\/image\/","url":"https:\/\/stagingpalara4.it\/wp-content\/uploads\/2015\/06\/logo.png","contentUrl":"https:\/\/stagingpalara4.it\/wp-content\/uploads\/2015\/06\/logo.png","width":800,"height":189,"caption":"Palara Gianluca & C. S.a.s"},"image":{"@id":"http:\/\/www.palarasol.it\/fr\/#\/schema\/logo\/image\/"},"sameAs":["https:\/\/www.facebook.com\/palarasol","https:\/\/x.com\/palarasol"]}]}},"_links":{"self":[{"href":"https:\/\/www.palarasol.it\/fr\/wp-json\/wp\/v2\/product\/34608","targetHints":{"allow":["GET"]}}],"collection":[{"href":"https:\/\/www.palarasol.it\/fr\/wp-json\/wp\/v2\/product"}],"about":[{"href":"https:\/\/www.palarasol.it\/fr\/wp-json\/wp\/v2\/types\/product"}],"version-history":[{"count":0,"href":"https:\/\/www.palarasol.it\/fr\/wp-json\/wp\/v2\/product\/34608\/revisions"}],"wp:featuredmedia":[{"embeddable":true,"href":"https:\/\/www.palarasol.it\/fr\/wp-json\/wp\/v2\/media\/34609"}],"wp:attachment":[{"href":"https:\/\/www.palarasol.it\/fr\/wp-json\/wp\/v2\/media?parent=34608"}],"wp:term":[{"taxonomy":"product_brand","embeddable":true,"href":"https:\/\/www.palarasol.it\/fr\/wp-json\/wp\/v2\/product_brand?post=34608"},{"taxonomy":"product_cat","embeddable":true,"href":"https:\/\/www.palarasol.it\/fr\/wp-json\/wp\/v2\/product_cat?post=34608"},{"taxonomy":"product_tag","embeddable":true,"href":"https:\/\/www.palarasol.it\/fr\/wp-json\/wp\/v2\/product_tag?post=34608"}],"curies":[{"name":"wp","href":"https:\/\/api.w.org\/{rel}","templated":true}]}}