{"id":55506,"date":"2017-03-30T18:34:07","date_gmt":"2017-03-30T16:34:07","guid":{"rendered":"https:\/\/stagingpalara4.it\/shop\/non%20class\u00e9\/bea-o-280\/"},"modified":"2025-03-27T12:18:11","modified_gmt":"2025-03-27T11:18:11","slug":"bea-o-280","status":"publish","type":"product","link":"https:\/\/www.palarasol.it\/fr\/shop\/parasols-design-fr\/bea-o-280\/","title":{"rendered":"Bea 280 cm"},"content":{"rendered":"<p><strong>Mat\u00e9riel:<\/strong> Polyester PolyMa 210gr; imperm\u00e9able \u00e0 l\u2019eau; Anti-moisissure<br \/>\n<strong>R\u00e9sistance aux couleurs:<\/strong> 6+<br \/>\n<strong>Protection UV<\/strong>: 50 +<br \/>\nDiam\u00e8tre 280 cm<br \/>\nCadre en acier, 27\/30 mm p\u00f4le noir sabl\u00e9 couleur, et inclinaison en m\u00e9tal<br \/>\nHauteur r\u00e9glable 230-250 cm<br \/>\n\u00c9quipement \u00e0 l\u2019\u00e9preuve du vent en kristal pour la pluie<br \/>\nBroderie de fleur sur la pointe<br \/>\nEXCLUSIF MAFFEI<strong><br \/>\n<\/strong><strong>Doublure d\u2019\u00e9paule libre<\/strong><br \/>\nFabriqu\u00e9 en Italie.<br \/>\nUne base pesant &gt; 30 kg est indiqu\u00e9e. Base non incluse.<\/p>\n","protected":false},"excerpt":{"rendered":"<p>Art.29 Bea &#8211; parapluie rond 280 cm<\/p>\n<p><a href=\"https:\/\/www.palarasol.it\/wp-content\/uploads\/2017\/03\/29-3-300x144.jpg\"><img decoding=\"async\" class=\"alignnone size-medium wp-image-82315\" src=\"https:\/\/www.palarasol.it\/wp-content\/uploads\/2017\/03\/29-3-300x144.jpg\" alt=\"\" width=\"300\" height=\"144\" srcset=\"https:\/\/www.palarasol.it\/wp-content\/uploads\/2017\/03\/29-3-300x144.jpg 300w, https:\/\/www.palarasol.it\/wp-content\/uploads\/2017\/03\/29-3-600x287.jpg 600w, https:\/\/www.palarasol.it\/wp-content\/uploads\/2017\/03\/29-3.jpg 604w\" sizes=\"(max-width: 300px) 100vw, 300px\" \/><\/a><\/p>\n","protected":false},"featured_media":85770,"template":"","meta":{"_acf_changed":false,"_monsterinsights_skip_tracking":false,"_monsterinsights_sitenote_active":false,"_monsterinsights_sitenote_note":"","_monsterinsights_sitenote_category":0},"product_brand":[],"product_cat":[440,434],"product_tag":[436,747,435,539,540],"class_list":{"0":"post-55506","1":"product","2":"type-product","3":"status-publish","4":"has-post-thumbnail","6":"product_cat-parasols-fr","7":"product_cat-parasols-design-fr","8":"product_tag-fabrique-en-italie","9":"product_tag-parapluies-maffei","10":"product_tag-parasol-fr","11":"product_tag-parasols-design","12":"product_tag-parasols-rond","14":"first","15":"instock","16":"shipping-taxable","17":"purchasable","18":"product-type-variable"},"acf":[],"yoast_head":"<!-- This site is optimized with the Yoast SEO plugin v27.2 - https:\/\/yoast.com\/product\/yoast-seo-wordpress\/ -->\n<title>Bea 280 cm - Palarasol<\/title>\n<meta name=\"description\" content=\"Conception de parasol - Bea , diam\u00e8tre rond 280 cm, avec sp\u00e9cial \u00e0 l\u2019\u00e9preuve du vent sculpt\u00e9 dans la forme d\u2019une fleur. BREVECTED MAFFEI Made in Italy\" \/>\n<meta name=\"robots\" content=\"index, follow, max-snippet:-1, max-image-preview:large, max-video-preview:-1\" \/>\n<link rel=\"canonical\" href=\"https:\/\/www.palarasol.it\/fr\/shop\/parasols-design-fr\/bea-o-280\/\" \/>\n<meta property=\"og:locale\" content=\"fr_FR\" \/>\n<meta property=\"og:type\" content=\"article\" \/>\n<meta property=\"og:title\" content=\"Bea 280 cm - Palarasol\" \/>\n<meta property=\"og:description\" content=\"Conception de parasol - Bea , diam\u00e8tre rond 280 cm, avec sp\u00e9cial \u00e0 l\u2019\u00e9preuve du vent sculpt\u00e9 dans la forme d\u2019une fleur. BREVECTED MAFFEI Made in Italy\" \/>\n<meta property=\"og:url\" content=\"https:\/\/www.palarasol.it\/fr\/shop\/parasols-design-fr\/bea-o-280\/\" \/>\n<meta property=\"og:site_name\" content=\"Palarasol\" \/>\n<meta property=\"article:publisher\" content=\"https:\/\/www.facebook.com\/palarasol\" \/>\n<meta property=\"article:modified_time\" content=\"2025-03-27T11:18:11+00:00\" \/>\n<meta property=\"og:image\" content=\"https:\/\/www.palarasol.it\/wp-content\/uploads\/2016\/06\/art.28ecru4-1024x768.jpg\" \/>\n\t<meta property=\"og:image:width\" content=\"1024\" \/>\n\t<meta property=\"og:image:height\" content=\"768\" \/>\n\t<meta property=\"og:image:type\" content=\"image\/jpeg\" \/>\n<meta name=\"twitter:card\" content=\"summary_large_image\" \/>\n<meta name=\"twitter:site\" content=\"@palarasol\" \/>\n<meta name=\"twitter:label1\" content=\"Dur\u00e9e de lecture estim\u00e9e\" \/>\n\t<meta name=\"twitter:data1\" content=\"1 minute\" \/>\n<script type=\"application\/ld+json\" class=\"yoast-schema-graph\">{\"@context\":\"https:\/\/schema.org\",\"@graph\":[{\"@type\":\"WebPage\",\"@id\":\"https:\/\/www.palarasol.it\/fr\/shop\/parasols-design-fr\/bea-o-280\/\",\"url\":\"https:\/\/www.palarasol.it\/fr\/shop\/parasols-design-fr\/bea-o-280\/\",\"name\":\"Bea 280 cm - Palarasol\",\"isPartOf\":{\"@id\":\"http:\/\/www.palarasol.it\/fr\/#website\"},\"primaryImageOfPage\":{\"@id\":\"https:\/\/www.palarasol.it\/fr\/shop\/parasols-design-fr\/bea-o-280\/#primaryimage\"},\"image\":{\"@id\":\"https:\/\/www.palarasol.it\/fr\/shop\/parasols-design-fr\/bea-o-280\/#primaryimage\"},\"thumbnailUrl\":\"https:\/\/www.palarasol.it\/wp-content\/uploads\/2017\/03\/bea_29.jpg\",\"datePublished\":\"2017-03-30T16:34:07+00:00\",\"dateModified\":\"2025-03-27T11:18:11+00:00\",\"description\":\"Conception de parasol - Bea , diam\u00e8tre rond 280 cm, avec sp\u00e9cial \u00e0 l\u2019\u00e9preuve du vent sculpt\u00e9 dans la forme d\u2019une fleur. BREVECTED MAFFEI Made in Italy\",\"breadcrumb\":{\"@id\":\"https:\/\/www.palarasol.it\/fr\/shop\/parasols-design-fr\/bea-o-280\/#breadcrumb\"},\"inLanguage\":\"fr-FR\",\"potentialAction\":[{\"@type\":\"ReadAction\",\"target\":[\"https:\/\/www.palarasol.it\/fr\/shop\/parasols-design-fr\/bea-o-280\/\"]}]},{\"@type\":\"ImageObject\",\"inLanguage\":\"fr-FR\",\"@id\":\"https:\/\/www.palarasol.it\/fr\/shop\/parasols-design-fr\/bea-o-280\/#primaryimage\",\"url\":\"https:\/\/www.palarasol.it\/wp-content\/uploads\/2017\/03\/bea_29.jpg\",\"contentUrl\":\"https:\/\/www.palarasol.it\/wp-content\/uploads\/2017\/03\/bea_29.jpg\",\"width\":1200,\"height\":900,\"caption\":\"bea_29\"},{\"@type\":\"BreadcrumbList\",\"@id\":\"https:\/\/www.palarasol.it\/fr\/shop\/parasols-design-fr\/bea-o-280\/#breadcrumb\",\"itemListElement\":[{\"@type\":\"ListItem\",\"position\":1,\"name\":\"Home\",\"item\":\"https:\/\/www.palarasol.it\/fr\/10073-2\/\"},{\"@type\":\"ListItem\",\"position\":2,\"name\":\"Shop\",\"item\":\"http:\/\/stagingpalara4.it\/negozio\/\"},{\"@type\":\"ListItem\",\"position\":3,\"name\":\"Parasols design\",\"item\":\"https:\/\/www.palarasol.it\/fr\/categorie-produit\/parasols-design-fr\/\"},{\"@type\":\"ListItem\",\"position\":4,\"name\":\"Bea 280 cm\"}]},{\"@type\":\"WebSite\",\"@id\":\"http:\/\/www.palarasol.it\/fr\/#website\",\"url\":\"http:\/\/www.palarasol.it\/fr\/\",\"name\":\"Palarasol\",\"description\":\"\",\"publisher\":{\"@id\":\"http:\/\/www.palarasol.it\/fr\/#organization\"},\"potentialAction\":[{\"@type\":\"SearchAction\",\"target\":{\"@type\":\"EntryPoint\",\"urlTemplate\":\"http:\/\/www.palarasol.it\/fr\/?s={search_term_string}\"},\"query-input\":{\"@type\":\"PropertyValueSpecification\",\"valueRequired\":true,\"valueName\":\"search_term_string\"}}],\"inLanguage\":\"fr-FR\"},{\"@type\":\"Organization\",\"@id\":\"http:\/\/www.palarasol.it\/fr\/#organization\",\"name\":\"Palara Gianluca & C. S.a.s\",\"url\":\"http:\/\/www.palarasol.it\/fr\/\",\"logo\":{\"@type\":\"ImageObject\",\"inLanguage\":\"fr-FR\",\"@id\":\"http:\/\/www.palarasol.it\/fr\/#\/schema\/logo\/image\/\",\"url\":\"https:\/\/stagingpalara4.it\/wp-content\/uploads\/2015\/06\/logo.png\",\"contentUrl\":\"https:\/\/stagingpalara4.it\/wp-content\/uploads\/2015\/06\/logo.png\",\"width\":800,\"height\":189,\"caption\":\"Palara Gianluca & C. S.a.s\"},\"image\":{\"@id\":\"http:\/\/www.palarasol.it\/fr\/#\/schema\/logo\/image\/\"},\"sameAs\":[\"https:\/\/www.facebook.com\/palarasol\",\"https:\/\/x.com\/palarasol\"]}]}<\/script>\n<!-- \/ Yoast SEO plugin. -->","yoast_head_json":{"title":"Bea 280 cm - Palarasol","description":"Conception de parasol - Bea , diam\u00e8tre rond 280 cm, avec sp\u00e9cial \u00e0 l\u2019\u00e9preuve du vent sculpt\u00e9 dans la forme d\u2019une fleur. BREVECTED MAFFEI Made in Italy","robots":{"index":"index","follow":"follow","max-snippet":"max-snippet:-1","max-image-preview":"max-image-preview:large","max-video-preview":"max-video-preview:-1"},"canonical":"https:\/\/www.palarasol.it\/fr\/shop\/parasols-design-fr\/bea-o-280\/","og_locale":"fr_FR","og_type":"article","og_title":"Bea 280 cm - Palarasol","og_description":"Conception de parasol - Bea , diam\u00e8tre rond 280 cm, avec sp\u00e9cial \u00e0 l\u2019\u00e9preuve du vent sculpt\u00e9 dans la forme d\u2019une fleur. BREVECTED MAFFEI Made in Italy","og_url":"https:\/\/www.palarasol.it\/fr\/shop\/parasols-design-fr\/bea-o-280\/","og_site_name":"Palarasol","article_publisher":"https:\/\/www.facebook.com\/palarasol","article_modified_time":"2025-03-27T11:18:11+00:00","og_image":[{"width":1024,"height":768,"url":"https:\/\/www.palarasol.it\/wp-content\/uploads\/2016\/06\/art.28ecru4-1024x768.jpg","type":"image\/jpeg"}],"twitter_card":"summary_large_image","twitter_site":"@palarasol","twitter_misc":{"Dur\u00e9e de lecture estim\u00e9e":"1 minute"},"schema":{"@context":"https:\/\/schema.org","@graph":[{"@type":"WebPage","@id":"https:\/\/www.palarasol.it\/fr\/shop\/parasols-design-fr\/bea-o-280\/","url":"https:\/\/www.palarasol.it\/fr\/shop\/parasols-design-fr\/bea-o-280\/","name":"Bea 280 cm - Palarasol","isPartOf":{"@id":"http:\/\/www.palarasol.it\/fr\/#website"},"primaryImageOfPage":{"@id":"https:\/\/www.palarasol.it\/fr\/shop\/parasols-design-fr\/bea-o-280\/#primaryimage"},"image":{"@id":"https:\/\/www.palarasol.it\/fr\/shop\/parasols-design-fr\/bea-o-280\/#primaryimage"},"thumbnailUrl":"https:\/\/www.palarasol.it\/wp-content\/uploads\/2017\/03\/bea_29.jpg","datePublished":"2017-03-30T16:34:07+00:00","dateModified":"2025-03-27T11:18:11+00:00","description":"Conception de parasol - Bea , diam\u00e8tre rond 280 cm, avec sp\u00e9cial \u00e0 l\u2019\u00e9preuve du vent sculpt\u00e9 dans la forme d\u2019une fleur. BREVECTED MAFFEI Made in Italy","breadcrumb":{"@id":"https:\/\/www.palarasol.it\/fr\/shop\/parasols-design-fr\/bea-o-280\/#breadcrumb"},"inLanguage":"fr-FR","potentialAction":[{"@type":"ReadAction","target":["https:\/\/www.palarasol.it\/fr\/shop\/parasols-design-fr\/bea-o-280\/"]}]},{"@type":"ImageObject","inLanguage":"fr-FR","@id":"https:\/\/www.palarasol.it\/fr\/shop\/parasols-design-fr\/bea-o-280\/#primaryimage","url":"https:\/\/www.palarasol.it\/wp-content\/uploads\/2017\/03\/bea_29.jpg","contentUrl":"https:\/\/www.palarasol.it\/wp-content\/uploads\/2017\/03\/bea_29.jpg","width":1200,"height":900,"caption":"bea_29"},{"@type":"BreadcrumbList","@id":"https:\/\/www.palarasol.it\/fr\/shop\/parasols-design-fr\/bea-o-280\/#breadcrumb","itemListElement":[{"@type":"ListItem","position":1,"name":"Home","item":"https:\/\/www.palarasol.it\/fr\/10073-2\/"},{"@type":"ListItem","position":2,"name":"Shop","item":"http:\/\/stagingpalara4.it\/negozio\/"},{"@type":"ListItem","position":3,"name":"Parasols design","item":"https:\/\/www.palarasol.it\/fr\/categorie-produit\/parasols-design-fr\/"},{"@type":"ListItem","position":4,"name":"Bea 280 cm"}]},{"@type":"WebSite","@id":"http:\/\/www.palarasol.it\/fr\/#website","url":"http:\/\/www.palarasol.it\/fr\/","name":"Palarasol","description":"","publisher":{"@id":"http:\/\/www.palarasol.it\/fr\/#organization"},"potentialAction":[{"@type":"SearchAction","target":{"@type":"EntryPoint","urlTemplate":"http:\/\/www.palarasol.it\/fr\/?s={search_term_string}"},"query-input":{"@type":"PropertyValueSpecification","valueRequired":true,"valueName":"search_term_string"}}],"inLanguage":"fr-FR"},{"@type":"Organization","@id":"http:\/\/www.palarasol.it\/fr\/#organization","name":"Palara Gianluca & C. S.a.s","url":"http:\/\/www.palarasol.it\/fr\/","logo":{"@type":"ImageObject","inLanguage":"fr-FR","@id":"http:\/\/www.palarasol.it\/fr\/#\/schema\/logo\/image\/","url":"https:\/\/stagingpalara4.it\/wp-content\/uploads\/2015\/06\/logo.png","contentUrl":"https:\/\/stagingpalara4.it\/wp-content\/uploads\/2015\/06\/logo.png","width":800,"height":189,"caption":"Palara Gianluca & C. S.a.s"},"image":{"@id":"http:\/\/www.palarasol.it\/fr\/#\/schema\/logo\/image\/"},"sameAs":["https:\/\/www.facebook.com\/palarasol","https:\/\/x.com\/palarasol"]}]}},"_links":{"self":[{"href":"https:\/\/www.palarasol.it\/fr\/wp-json\/wp\/v2\/product\/55506","targetHints":{"allow":["GET"]}}],"collection":[{"href":"https:\/\/www.palarasol.it\/fr\/wp-json\/wp\/v2\/product"}],"about":[{"href":"https:\/\/www.palarasol.it\/fr\/wp-json\/wp\/v2\/types\/product"}],"version-history":[{"count":0,"href":"https:\/\/www.palarasol.it\/fr\/wp-json\/wp\/v2\/product\/55506\/revisions"}],"wp:featuredmedia":[{"embeddable":true,"href":"https:\/\/www.palarasol.it\/fr\/wp-json\/wp\/v2\/media\/85770"}],"wp:attachment":[{"href":"https:\/\/www.palarasol.it\/fr\/wp-json\/wp\/v2\/media?parent=55506"}],"wp:term":[{"taxonomy":"product_brand","embeddable":true,"href":"https:\/\/www.palarasol.it\/fr\/wp-json\/wp\/v2\/product_brand?post=55506"},{"taxonomy":"product_cat","embeddable":true,"href":"https:\/\/www.palarasol.it\/fr\/wp-json\/wp\/v2\/product_cat?post=55506"},{"taxonomy":"product_tag","embeddable":true,"href":"https:\/\/www.palarasol.it\/fr\/wp-json\/wp\/v2\/product_tag?post=55506"}],"curies":[{"name":"wp","href":"https:\/\/api.w.org\/{rel}","templated":true}]}}