{"id":55550,"date":"2015-06-22T15:34:06","date_gmt":"2015-06-22T13:34:06","guid":{"rendered":"https:\/\/stagingpalara4.it\/shop\/non%20class\u00e9\/kenya\/"},"modified":"2025-03-27T10:10:35","modified_gmt":"2025-03-27T09:10:35","slug":"kenya","status":"publish","type":"product","link":"https:\/\/www.palarasol.it\/fr\/shop\/parasols-fr\/kenya\/","title":{"rendered":"Kenya \u00f8200 cm"},"content":{"rendered":"<p><strong>Mat\u00e9riel<\/strong>: tnt gr 100; raphia couvert<br \/>\n<strong>R\u00e9sistance des couleurs \u00e0 la lumi\u00e8re:<\/strong> 6\u00e8me<br \/>\nTr\u00e8s bonne protection de la lumi\u00e8re.<br \/>\nCadre en acier gris avec poteau de 33 mm, hauteur fixe et inclinaison.<br \/>\nCadre en acier blanc pour Parasol blanc seulement<br \/>\nBaguettes en acier blanc<\/p>\n<p>Fabriqu\u00e9 en Italie.<br \/>\nPour ce Parasol est indiqu\u00e9 une base pesant &gt; 15 kg.<\/p>\n<h3><strong><a href=\"https:\/\/www.palarasol.it\/shop\/fodere\/fodera-ombrelloni-palo-centrale\/\">Doublure 920R gratuite:<\/a><\/strong><\/h3>\n<p>Le tissu respirant et imperm\u00e9able \u00e0 l\u2019eau de Mytex limite la moisissure et la formation de rouille<\/p>\n<p>&nbsp;<\/p>\n","protected":false},"excerpt":{"rendered":"<p>ART.6 \u2013 Maffei &#8211; 100\/8 cm (dia 200\/8)<\/p>\n<p>&nbsp;<\/p>\n<p><a href=\"https:\/\/www.palarasol.it\/wp-content\/uploads\/2015\/06\/kenya-3-300x160.jpg\"><img decoding=\"async\" class=\"alignnone size-medium wp-image-82123\" src=\"https:\/\/www.palarasol.it\/wp-content\/uploads\/2015\/06\/kenya-3-300x160.jpg\" alt=\"\" width=\"300\" height=\"160\" srcset=\"https:\/\/www.palarasol.it\/wp-content\/uploads\/2015\/06\/kenya-3-300x160.jpg 300w, https:\/\/www.palarasol.it\/wp-content\/uploads\/2015\/06\/kenya-3-1024x544.jpg 1024w, https:\/\/www.palarasol.it\/wp-content\/uploads\/2015\/06\/kenya-3-768x408.jpg 768w, https:\/\/www.palarasol.it\/wp-content\/uploads\/2015\/06\/kenya-3-600x319.jpg 600w, https:\/\/www.palarasol.it\/wp-content\/uploads\/2015\/06\/kenya-3.jpg 1200w\" sizes=\"(max-width: 300px) 100vw, 300px\" \/><\/a><\/p>\n","protected":false},"featured_media":75153,"template":"","meta":{"_acf_changed":false,"_monsterinsights_skip_tracking":false,"_monsterinsights_sitenote_active":false,"_monsterinsights_sitenote_note":"","_monsterinsights_sitenote_category":0},"product_brand":[],"product_cat":[440,541],"product_tag":[544,545,436,747,435,543,540,542],"class_list":{"0":"post-55550","1":"product","2":"type-product","3":"status-publish","4":"has-post-thumbnail","6":"product_cat-parasols-fr","7":"product_cat-parasols-standard","8":"product_tag-classic-fr","9":"product_tag-contract-fr","10":"product_tag-fabrique-en-italie","11":"product_tag-parapluies-maffei","12":"product_tag-parasol-fr","13":"product_tag-parasol-rafia","14":"product_tag-parasols-rond","15":"product_tag-rafia-fr","17":"first","18":"instock","19":"shipping-taxable","20":"purchasable","21":"product-type-variable"},"acf":[],"yoast_head":"<!-- This site is optimized with the Yoast SEO plugin v27.5 - https:\/\/yoast.com\/product\/yoast-seo-wordpress\/ -->\n<title>Kenya \u00f8200 cm - Palarasol<\/title>\n<meta name=\"description\" content=\"Parasol en raphia, tr\u00e8s bonne protection lumineuse. Cadre en acier gris avec poteau et inclinaison de 33 mm. Hauteur fixe. Fabriqu\u00e9 en Italie.\" \/>\n<meta name=\"robots\" content=\"index, follow, max-snippet:-1, max-image-preview:large, max-video-preview:-1\" \/>\n<link rel=\"canonical\" href=\"https:\/\/www.palarasol.it\/fr\/shop\/parasols-fr\/kenya\/\" \/>\n<meta property=\"og:locale\" content=\"fr_FR\" \/>\n<meta property=\"og:type\" content=\"article\" \/>\n<meta property=\"og:title\" content=\"Kenya \u00f8200 cm - Palarasol\" \/>\n<meta property=\"og:description\" content=\"Parasol en raphia, tr\u00e8s bonne protection lumineuse. Cadre en acier gris avec poteau et inclinaison de 33 mm. Hauteur fixe. Fabriqu\u00e9 en Italie.\" \/>\n<meta property=\"og:url\" content=\"https:\/\/www.palarasol.it\/fr\/shop\/parasols-fr\/kenya\/\" \/>\n<meta property=\"og:site_name\" content=\"Palarasol\" \/>\n<meta property=\"article:publisher\" content=\"https:\/\/www.facebook.com\/palarasol\" \/>\n<meta property=\"article:modified_time\" content=\"2025-03-27T09:10:35+00:00\" \/>\n<meta property=\"og:image\" content=\"https:\/\/www.palarasol.it\/wp-content\/uploads\/2020\/08\/art6-kenya.jpg\" \/>\n\t<meta property=\"og:image:width\" content=\"1200\" \/>\n\t<meta property=\"og:image:height\" content=\"800\" \/>\n\t<meta property=\"og:image:type\" content=\"image\/jpeg\" \/>\n<meta name=\"twitter:card\" content=\"summary_large_image\" \/>\n<meta name=\"twitter:site\" content=\"@palarasol\" \/>\n<meta name=\"twitter:label1\" content=\"Dur\u00e9e de lecture estim\u00e9e\" \/>\n\t<meta name=\"twitter:data1\" content=\"1 minute\" \/>\n<script type=\"application\/ld+json\" class=\"yoast-schema-graph\">{\"@context\":\"https:\\\/\\\/schema.org\",\"@graph\":[{\"@type\":\"WebPage\",\"@id\":\"https:\\\/\\\/www.palarasol.it\\\/fr\\\/shop\\\/parasols-fr\\\/kenya\\\/\",\"url\":\"https:\\\/\\\/www.palarasol.it\\\/fr\\\/shop\\\/parasols-fr\\\/kenya\\\/\",\"name\":\"Kenya \u00f8200 cm - Palarasol\",\"isPartOf\":{\"@id\":\"http:\\\/\\\/www.palarasol.it\\\/fr\\\/#website\"},\"primaryImageOfPage\":{\"@id\":\"https:\\\/\\\/www.palarasol.it\\\/fr\\\/shop\\\/parasols-fr\\\/kenya\\\/#primaryimage\"},\"image\":{\"@id\":\"https:\\\/\\\/www.palarasol.it\\\/fr\\\/shop\\\/parasols-fr\\\/kenya\\\/#primaryimage\"},\"thumbnailUrl\":\"https:\\\/\\\/www.palarasol.it\\\/wp-content\\\/uploads\\\/2020\\\/08\\\/art6-kenya.jpg\",\"datePublished\":\"2015-06-22T13:34:06+00:00\",\"dateModified\":\"2025-03-27T09:10:35+00:00\",\"description\":\"Parasol en raphia, tr\u00e8s bonne protection lumineuse. Cadre en acier gris avec poteau et inclinaison de 33 mm. Hauteur fixe. Fabriqu\u00e9 en Italie.\",\"breadcrumb\":{\"@id\":\"https:\\\/\\\/www.palarasol.it\\\/fr\\\/shop\\\/parasols-fr\\\/kenya\\\/#breadcrumb\"},\"inLanguage\":\"fr-FR\",\"potentialAction\":[{\"@type\":\"ReadAction\",\"target\":[\"https:\\\/\\\/www.palarasol.it\\\/fr\\\/shop\\\/parasols-fr\\\/kenya\\\/\"]}]},{\"@type\":\"ImageObject\",\"inLanguage\":\"fr-FR\",\"@id\":\"https:\\\/\\\/www.palarasol.it\\\/fr\\\/shop\\\/parasols-fr\\\/kenya\\\/#primaryimage\",\"url\":\"https:\\\/\\\/www.palarasol.it\\\/wp-content\\\/uploads\\\/2020\\\/08\\\/art6-kenya.jpg\",\"contentUrl\":\"https:\\\/\\\/www.palarasol.it\\\/wp-content\\\/uploads\\\/2020\\\/08\\\/art6-kenya.jpg\",\"width\":1200,\"height\":800,\"caption\":\"art6 kenya\"},{\"@type\":\"BreadcrumbList\",\"@id\":\"https:\\\/\\\/www.palarasol.it\\\/fr\\\/shop\\\/parasols-fr\\\/kenya\\\/#breadcrumb\",\"itemListElement\":[{\"@type\":\"ListItem\",\"position\":1,\"name\":\"Home\",\"item\":\"https:\\\/\\\/www.palarasol.it\\\/fr\\\/10073-2\\\/\"},{\"@type\":\"ListItem\",\"position\":2,\"name\":\"Shop\",\"item\":\"http:\\\/\\\/stagingpalara4.it\\\/negozio\\\/\"},{\"@type\":\"ListItem\",\"position\":3,\"name\":\"Parasols\",\"item\":\"https:\\\/\\\/www.palarasol.it\\\/fr\\\/categorie-produit\\\/parasols-fr\\\/\"},{\"@type\":\"ListItem\",\"position\":4,\"name\":\"Kenya \u00f8200 cm\"}]},{\"@type\":\"WebSite\",\"@id\":\"http:\\\/\\\/www.palarasol.it\\\/fr\\\/#website\",\"url\":\"http:\\\/\\\/www.palarasol.it\\\/fr\\\/\",\"name\":\"Palarasol\",\"description\":\"\",\"publisher\":{\"@id\":\"http:\\\/\\\/www.palarasol.it\\\/fr\\\/#organization\"},\"potentialAction\":[{\"@type\":\"SearchAction\",\"target\":{\"@type\":\"EntryPoint\",\"urlTemplate\":\"http:\\\/\\\/www.palarasol.it\\\/fr\\\/?s={search_term_string}\"},\"query-input\":{\"@type\":\"PropertyValueSpecification\",\"valueRequired\":true,\"valueName\":\"search_term_string\"}}],\"inLanguage\":\"fr-FR\"},{\"@type\":\"Organization\",\"@id\":\"http:\\\/\\\/www.palarasol.it\\\/fr\\\/#organization\",\"name\":\"Palara Gianluca & C. S.a.s\",\"url\":\"http:\\\/\\\/www.palarasol.it\\\/fr\\\/\",\"logo\":{\"@type\":\"ImageObject\",\"inLanguage\":\"fr-FR\",\"@id\":\"http:\\\/\\\/www.palarasol.it\\\/fr\\\/#\\\/schema\\\/logo\\\/image\\\/\",\"url\":\"https:\\\/\\\/stagingpalara4.it\\\/wp-content\\\/uploads\\\/2015\\\/06\\\/logo.png\",\"contentUrl\":\"https:\\\/\\\/stagingpalara4.it\\\/wp-content\\\/uploads\\\/2015\\\/06\\\/logo.png\",\"width\":800,\"height\":189,\"caption\":\"Palara Gianluca & C. S.a.s\"},\"image\":{\"@id\":\"http:\\\/\\\/www.palarasol.it\\\/fr\\\/#\\\/schema\\\/logo\\\/image\\\/\"},\"sameAs\":[\"https:\\\/\\\/www.facebook.com\\\/palarasol\",\"https:\\\/\\\/x.com\\\/palarasol\"]}]}<\/script>\n<!-- \/ Yoast SEO plugin. -->","yoast_head_json":{"title":"Kenya \u00f8200 cm - Palarasol","description":"Parasol en raphia, tr\u00e8s bonne protection lumineuse. Cadre en acier gris avec poteau et inclinaison de 33 mm. Hauteur fixe. Fabriqu\u00e9 en Italie.","robots":{"index":"index","follow":"follow","max-snippet":"max-snippet:-1","max-image-preview":"max-image-preview:large","max-video-preview":"max-video-preview:-1"},"canonical":"https:\/\/www.palarasol.it\/fr\/shop\/parasols-fr\/kenya\/","og_locale":"fr_FR","og_type":"article","og_title":"Kenya \u00f8200 cm - Palarasol","og_description":"Parasol en raphia, tr\u00e8s bonne protection lumineuse. Cadre en acier gris avec poteau et inclinaison de 33 mm. Hauteur fixe. Fabriqu\u00e9 en Italie.","og_url":"https:\/\/www.palarasol.it\/fr\/shop\/parasols-fr\/kenya\/","og_site_name":"Palarasol","article_publisher":"https:\/\/www.facebook.com\/palarasol","article_modified_time":"2025-03-27T09:10:35+00:00","og_image":[{"width":1200,"height":800,"url":"https:\/\/www.palarasol.it\/wp-content\/uploads\/2020\/08\/art6-kenya.jpg","type":"image\/jpeg"}],"twitter_card":"summary_large_image","twitter_site":"@palarasol","twitter_misc":{"Dur\u00e9e de lecture estim\u00e9e":"1 minute"},"schema":{"@context":"https:\/\/schema.org","@graph":[{"@type":"WebPage","@id":"https:\/\/www.palarasol.it\/fr\/shop\/parasols-fr\/kenya\/","url":"https:\/\/www.palarasol.it\/fr\/shop\/parasols-fr\/kenya\/","name":"Kenya \u00f8200 cm - Palarasol","isPartOf":{"@id":"http:\/\/www.palarasol.it\/fr\/#website"},"primaryImageOfPage":{"@id":"https:\/\/www.palarasol.it\/fr\/shop\/parasols-fr\/kenya\/#primaryimage"},"image":{"@id":"https:\/\/www.palarasol.it\/fr\/shop\/parasols-fr\/kenya\/#primaryimage"},"thumbnailUrl":"https:\/\/www.palarasol.it\/wp-content\/uploads\/2020\/08\/art6-kenya.jpg","datePublished":"2015-06-22T13:34:06+00:00","dateModified":"2025-03-27T09:10:35+00:00","description":"Parasol en raphia, tr\u00e8s bonne protection lumineuse. Cadre en acier gris avec poteau et inclinaison de 33 mm. Hauteur fixe. Fabriqu\u00e9 en Italie.","breadcrumb":{"@id":"https:\/\/www.palarasol.it\/fr\/shop\/parasols-fr\/kenya\/#breadcrumb"},"inLanguage":"fr-FR","potentialAction":[{"@type":"ReadAction","target":["https:\/\/www.palarasol.it\/fr\/shop\/parasols-fr\/kenya\/"]}]},{"@type":"ImageObject","inLanguage":"fr-FR","@id":"https:\/\/www.palarasol.it\/fr\/shop\/parasols-fr\/kenya\/#primaryimage","url":"https:\/\/www.palarasol.it\/wp-content\/uploads\/2020\/08\/art6-kenya.jpg","contentUrl":"https:\/\/www.palarasol.it\/wp-content\/uploads\/2020\/08\/art6-kenya.jpg","width":1200,"height":800,"caption":"art6 kenya"},{"@type":"BreadcrumbList","@id":"https:\/\/www.palarasol.it\/fr\/shop\/parasols-fr\/kenya\/#breadcrumb","itemListElement":[{"@type":"ListItem","position":1,"name":"Home","item":"https:\/\/www.palarasol.it\/fr\/10073-2\/"},{"@type":"ListItem","position":2,"name":"Shop","item":"http:\/\/stagingpalara4.it\/negozio\/"},{"@type":"ListItem","position":3,"name":"Parasols","item":"https:\/\/www.palarasol.it\/fr\/categorie-produit\/parasols-fr\/"},{"@type":"ListItem","position":4,"name":"Kenya \u00f8200 cm"}]},{"@type":"WebSite","@id":"http:\/\/www.palarasol.it\/fr\/#website","url":"http:\/\/www.palarasol.it\/fr\/","name":"Palarasol","description":"","publisher":{"@id":"http:\/\/www.palarasol.it\/fr\/#organization"},"potentialAction":[{"@type":"SearchAction","target":{"@type":"EntryPoint","urlTemplate":"http:\/\/www.palarasol.it\/fr\/?s={search_term_string}"},"query-input":{"@type":"PropertyValueSpecification","valueRequired":true,"valueName":"search_term_string"}}],"inLanguage":"fr-FR"},{"@type":"Organization","@id":"http:\/\/www.palarasol.it\/fr\/#organization","name":"Palara Gianluca & C. S.a.s","url":"http:\/\/www.palarasol.it\/fr\/","logo":{"@type":"ImageObject","inLanguage":"fr-FR","@id":"http:\/\/www.palarasol.it\/fr\/#\/schema\/logo\/image\/","url":"https:\/\/stagingpalara4.it\/wp-content\/uploads\/2015\/06\/logo.png","contentUrl":"https:\/\/stagingpalara4.it\/wp-content\/uploads\/2015\/06\/logo.png","width":800,"height":189,"caption":"Palara Gianluca & C. S.a.s"},"image":{"@id":"http:\/\/www.palarasol.it\/fr\/#\/schema\/logo\/image\/"},"sameAs":["https:\/\/www.facebook.com\/palarasol","https:\/\/x.com\/palarasol"]}]}},"_links":{"self":[{"href":"https:\/\/www.palarasol.it\/fr\/wp-json\/wp\/v2\/product\/55550","targetHints":{"allow":["GET"]}}],"collection":[{"href":"https:\/\/www.palarasol.it\/fr\/wp-json\/wp\/v2\/product"}],"about":[{"href":"https:\/\/www.palarasol.it\/fr\/wp-json\/wp\/v2\/types\/product"}],"version-history":[{"count":0,"href":"https:\/\/www.palarasol.it\/fr\/wp-json\/wp\/v2\/product\/55550\/revisions"}],"wp:featuredmedia":[{"embeddable":true,"href":"https:\/\/www.palarasol.it\/fr\/wp-json\/wp\/v2\/media\/75153"}],"wp:attachment":[{"href":"https:\/\/www.palarasol.it\/fr\/wp-json\/wp\/v2\/media?parent=55550"}],"wp:term":[{"taxonomy":"product_brand","embeddable":true,"href":"https:\/\/www.palarasol.it\/fr\/wp-json\/wp\/v2\/product_brand?post=55550"},{"taxonomy":"product_cat","embeddable":true,"href":"https:\/\/www.palarasol.it\/fr\/wp-json\/wp\/v2\/product_cat?post=55550"},{"taxonomy":"product_tag","embeddable":true,"href":"https:\/\/www.palarasol.it\/fr\/wp-json\/wp\/v2\/product_tag?post=55550"}],"curies":[{"name":"wp","href":"https:\/\/api.w.org\/{rel}","templated":true}]}}