{"id":63621,"date":"2019-06-20T17:17:28","date_gmt":"2019-06-20T15:17:28","guid":{"rendered":"https:\/\/stagingpalara4.it\/?post_type=product&#038;p=63621"},"modified":"2025-07-24T09:20:49","modified_gmt":"2025-07-24T07:20:49","slug":"malta-100-8-d200-sq","status":"publish","type":"product","link":"https:\/\/www.palarasol.it\/fr\/shop\/parasols-design-fr\/malta-100-8-d200-sq\/","title":{"rendered":"Mortier 100\/8-D200 SQ"},"content":{"rendered":"<p><strong>Mati\u00e8re :<\/strong> Polyma polyester extra 210 g\/ TexMa gr 190 (turquoise et lime) ; imperm\u00e9able ; r\u00e9sistant \u00e0 la moisissure<br \/>\n<strong>Solidit\u00e9 des couleurs \u00e0 la lumi\u00e8re :<\/strong> 6+\/7<br \/>\n<strong>Protection UV<\/strong>: 50+<br \/>\nCadre en acier avec poteau de 27\/30 mm, blanc, r\u00e9glable en hauteur et joint m\u00e9tallique<br \/>\nAiguilles : acier mm 3,80 blanc<br \/>\n<strong>Housse gratuite avec bandouli\u00e8re<\/strong><br \/>\nFabriqu\u00e9 en Italie.<br \/>\nCoussins assortis disponibles<br \/>\nUn poids de base &gt; 15 kg est indiqu\u00e9. Base non incluse.<\/p>\n","protected":false},"excerpt":{"rendered":"<p>ART.18 &#8211; Maffei &#8211; cm 100\/8 SQ ( \u00f8 200\/8 SQ) h 215<\/p>\n","protected":false},"featured_media":85736,"template":"","meta":{"_acf_changed":false,"_monsterinsights_skip_tracking":false,"_monsterinsights_sitenote_active":false,"_monsterinsights_sitenote_note":"","_monsterinsights_sitenote_category":0},"product_brand":[],"product_cat":[440,434],"product_tag":[548,448,436,550,747,435,549,438],"class_list":{"0":"post-63621","1":"product","2":"type-product","3":"status-publish","4":"has-post-thumbnail","6":"product_cat-parasols-fr","7":"product_cat-parasols-design-fr","8":"product_tag-acier","9":"product_tag-design-fr","10":"product_tag-fabrique-en-italie","11":"product_tag-impermeable-fr","12":"product_tag-parapluies-maffei","13":"product_tag-parasol-fr","14":"product_tag-polyma-fr","15":"product_tag-protection-uv","17":"first","18":"instock","19":"shipping-taxable","20":"purchasable","21":"product-type-variable"},"acf":[],"yoast_head":"<!-- This site is optimized with the Yoast SEO plugin v27.5 - https:\/\/yoast.com\/product\/yoast-seo-wordpress\/ -->\n<title>Mortier 100\/8-D200 SQ - %.<\/title>\n<meta name=\"description\" content=\"Parasols design - Malte Parasol rond diam\u00e8tre 200 cm, toile Polyma, armature en acier mm 33\/33 avec inclinaison, 8 tiges. Fabriqu\u00e9 en Italie.\" \/>\n<meta name=\"robots\" content=\"index, follow, max-snippet:-1, max-image-preview:large, max-video-preview:-1\" \/>\n<link rel=\"canonical\" href=\"https:\/\/www.palarasol.it\/fr\/shop\/parasols-design-fr\/malta-100-8-d200-sq\/\" \/>\n<meta property=\"og:locale\" content=\"fr_FR\" \/>\n<meta property=\"og:type\" content=\"article\" \/>\n<meta property=\"og:title\" content=\"Mortier 100\/8-D200 SQ - %.\" \/>\n<meta property=\"og:description\" content=\"Parasols design - Malte Parasol rond diam\u00e8tre 200 cm, toile Polyma, armature en acier mm 33\/33 avec inclinaison, 8 tiges. Fabriqu\u00e9 en Italie.\" \/>\n<meta property=\"og:url\" content=\"https:\/\/www.palarasol.it\/fr\/shop\/parasols-design-fr\/malta-100-8-d200-sq\/\" \/>\n<meta property=\"og:site_name\" content=\"Palarasol\" \/>\n<meta property=\"article:publisher\" content=\"https:\/\/www.facebook.com\/palarasol\" \/>\n<meta property=\"article:modified_time\" content=\"2025-07-24T07:20:49+00:00\" \/>\n<meta property=\"og:image\" content=\"https:\/\/www.palarasol.it\/wp-content\/uploads\/2019\/06\/sito-scaled.jpg\" \/>\n\t<meta property=\"og:image:width\" content=\"2560\" \/>\n\t<meta property=\"og:image:height\" content=\"1920\" \/>\n\t<meta property=\"og:image:type\" content=\"image\/jpeg\" \/>\n<meta name=\"twitter:card\" content=\"summary_large_image\" \/>\n<meta name=\"twitter:site\" content=\"@palarasol\" \/>\n<meta name=\"twitter:label1\" content=\"Dur\u00e9e de lecture estim\u00e9e\" \/>\n\t<meta name=\"twitter:data1\" content=\"1 minute\" \/>\n<script type=\"application\/ld+json\" class=\"yoast-schema-graph\">{\"@context\":\"https:\\\/\\\/schema.org\",\"@graph\":[{\"@type\":\"WebPage\",\"@id\":\"https:\\\/\\\/www.palarasol.it\\\/fr\\\/shop\\\/parasols-design-fr\\\/malta-100-8-d200-sq\\\/\",\"url\":\"https:\\\/\\\/www.palarasol.it\\\/fr\\\/shop\\\/parasols-design-fr\\\/malta-100-8-d200-sq\\\/\",\"name\":\"Mortier 100\\\/8-D200 SQ - %.\",\"isPartOf\":{\"@id\":\"http:\\\/\\\/www.palarasol.it\\\/fr\\\/#website\"},\"primaryImageOfPage\":{\"@id\":\"https:\\\/\\\/www.palarasol.it\\\/fr\\\/shop\\\/parasols-design-fr\\\/malta-100-8-d200-sq\\\/#primaryimage\"},\"image\":{\"@id\":\"https:\\\/\\\/www.palarasol.it\\\/fr\\\/shop\\\/parasols-design-fr\\\/malta-100-8-d200-sq\\\/#primaryimage\"},\"thumbnailUrl\":\"https:\\\/\\\/www.palarasol.it\\\/wp-content\\\/uploads\\\/2019\\\/06\\\/malta_turchese.jpg\",\"datePublished\":\"2019-06-20T15:17:28+00:00\",\"dateModified\":\"2025-07-24T07:20:49+00:00\",\"description\":\"Parasols design - Malte Parasol rond diam\u00e8tre 200 cm, toile Polyma, armature en acier mm 33\\\/33 avec inclinaison, 8 tiges. Fabriqu\u00e9 en Italie.\",\"breadcrumb\":{\"@id\":\"https:\\\/\\\/www.palarasol.it\\\/fr\\\/shop\\\/parasols-design-fr\\\/malta-100-8-d200-sq\\\/#breadcrumb\"},\"inLanguage\":\"fr-FR\",\"potentialAction\":[{\"@type\":\"ReadAction\",\"target\":[\"https:\\\/\\\/www.palarasol.it\\\/fr\\\/shop\\\/parasols-design-fr\\\/malta-100-8-d200-sq\\\/\"]}]},{\"@type\":\"ImageObject\",\"inLanguage\":\"fr-FR\",\"@id\":\"https:\\\/\\\/www.palarasol.it\\\/fr\\\/shop\\\/parasols-design-fr\\\/malta-100-8-d200-sq\\\/#primaryimage\",\"url\":\"https:\\\/\\\/www.palarasol.it\\\/wp-content\\\/uploads\\\/2019\\\/06\\\/malta_turchese.jpg\",\"contentUrl\":\"https:\\\/\\\/www.palarasol.it\\\/wp-content\\\/uploads\\\/2019\\\/06\\\/malta_turchese.jpg\",\"width\":1200,\"height\":900,\"caption\":\"malta_turchese\"},{\"@type\":\"BreadcrumbList\",\"@id\":\"https:\\\/\\\/www.palarasol.it\\\/fr\\\/shop\\\/parasols-design-fr\\\/malta-100-8-d200-sq\\\/#breadcrumb\",\"itemListElement\":[{\"@type\":\"ListItem\",\"position\":1,\"name\":\"Home\",\"item\":\"https:\\\/\\\/www.palarasol.it\\\/fr\\\/10073-2\\\/\"},{\"@type\":\"ListItem\",\"position\":2,\"name\":\"Shop\",\"item\":\"http:\\\/\\\/stagingpalara4.it\\\/negozio\\\/\"},{\"@type\":\"ListItem\",\"position\":3,\"name\":\"Parasols design\",\"item\":\"https:\\\/\\\/www.palarasol.it\\\/fr\\\/categorie-produit\\\/parasols-design-fr\\\/\"},{\"@type\":\"ListItem\",\"position\":4,\"name\":\"Mortier 100\\\/8-D200 SQ\"}]},{\"@type\":\"WebSite\",\"@id\":\"http:\\\/\\\/www.palarasol.it\\\/fr\\\/#website\",\"url\":\"http:\\\/\\\/www.palarasol.it\\\/fr\\\/\",\"name\":\"Palarasol\",\"description\":\"\",\"publisher\":{\"@id\":\"http:\\\/\\\/www.palarasol.it\\\/fr\\\/#organization\"},\"potentialAction\":[{\"@type\":\"SearchAction\",\"target\":{\"@type\":\"EntryPoint\",\"urlTemplate\":\"http:\\\/\\\/www.palarasol.it\\\/fr\\\/?s={search_term_string}\"},\"query-input\":{\"@type\":\"PropertyValueSpecification\",\"valueRequired\":true,\"valueName\":\"search_term_string\"}}],\"inLanguage\":\"fr-FR\"},{\"@type\":\"Organization\",\"@id\":\"http:\\\/\\\/www.palarasol.it\\\/fr\\\/#organization\",\"name\":\"Palara Gianluca & C. S.a.s\",\"url\":\"http:\\\/\\\/www.palarasol.it\\\/fr\\\/\",\"logo\":{\"@type\":\"ImageObject\",\"inLanguage\":\"fr-FR\",\"@id\":\"http:\\\/\\\/www.palarasol.it\\\/fr\\\/#\\\/schema\\\/logo\\\/image\\\/\",\"url\":\"https:\\\/\\\/stagingpalara4.it\\\/wp-content\\\/uploads\\\/2015\\\/06\\\/logo.png\",\"contentUrl\":\"https:\\\/\\\/stagingpalara4.it\\\/wp-content\\\/uploads\\\/2015\\\/06\\\/logo.png\",\"width\":800,\"height\":189,\"caption\":\"Palara Gianluca & C. S.a.s\"},\"image\":{\"@id\":\"http:\\\/\\\/www.palarasol.it\\\/fr\\\/#\\\/schema\\\/logo\\\/image\\\/\"},\"sameAs\":[\"https:\\\/\\\/www.facebook.com\\\/palarasol\",\"https:\\\/\\\/x.com\\\/palarasol\"]}]}<\/script>\n<!-- \/ Yoast SEO plugin. -->","yoast_head_json":{"title":"Mortier 100\/8-D200 SQ - %.","description":"Parasols design - Malte Parasol rond diam\u00e8tre 200 cm, toile Polyma, armature en acier mm 33\/33 avec inclinaison, 8 tiges. Fabriqu\u00e9 en Italie.","robots":{"index":"index","follow":"follow","max-snippet":"max-snippet:-1","max-image-preview":"max-image-preview:large","max-video-preview":"max-video-preview:-1"},"canonical":"https:\/\/www.palarasol.it\/fr\/shop\/parasols-design-fr\/malta-100-8-d200-sq\/","og_locale":"fr_FR","og_type":"article","og_title":"Mortier 100\/8-D200 SQ - %.","og_description":"Parasols design - Malte Parasol rond diam\u00e8tre 200 cm, toile Polyma, armature en acier mm 33\/33 avec inclinaison, 8 tiges. Fabriqu\u00e9 en Italie.","og_url":"https:\/\/www.palarasol.it\/fr\/shop\/parasols-design-fr\/malta-100-8-d200-sq\/","og_site_name":"Palarasol","article_publisher":"https:\/\/www.facebook.com\/palarasol","article_modified_time":"2025-07-24T07:20:49+00:00","og_image":[{"width":2560,"height":1920,"url":"https:\/\/www.palarasol.it\/wp-content\/uploads\/2019\/06\/sito-scaled.jpg","type":"image\/jpeg"}],"twitter_card":"summary_large_image","twitter_site":"@palarasol","twitter_misc":{"Dur\u00e9e de lecture estim\u00e9e":"1 minute"},"schema":{"@context":"https:\/\/schema.org","@graph":[{"@type":"WebPage","@id":"https:\/\/www.palarasol.it\/fr\/shop\/parasols-design-fr\/malta-100-8-d200-sq\/","url":"https:\/\/www.palarasol.it\/fr\/shop\/parasols-design-fr\/malta-100-8-d200-sq\/","name":"Mortier 100\/8-D200 SQ - %.","isPartOf":{"@id":"http:\/\/www.palarasol.it\/fr\/#website"},"primaryImageOfPage":{"@id":"https:\/\/www.palarasol.it\/fr\/shop\/parasols-design-fr\/malta-100-8-d200-sq\/#primaryimage"},"image":{"@id":"https:\/\/www.palarasol.it\/fr\/shop\/parasols-design-fr\/malta-100-8-d200-sq\/#primaryimage"},"thumbnailUrl":"https:\/\/www.palarasol.it\/wp-content\/uploads\/2019\/06\/malta_turchese.jpg","datePublished":"2019-06-20T15:17:28+00:00","dateModified":"2025-07-24T07:20:49+00:00","description":"Parasols design - Malte Parasol rond diam\u00e8tre 200 cm, toile Polyma, armature en acier mm 33\/33 avec inclinaison, 8 tiges. Fabriqu\u00e9 en Italie.","breadcrumb":{"@id":"https:\/\/www.palarasol.it\/fr\/shop\/parasols-design-fr\/malta-100-8-d200-sq\/#breadcrumb"},"inLanguage":"fr-FR","potentialAction":[{"@type":"ReadAction","target":["https:\/\/www.palarasol.it\/fr\/shop\/parasols-design-fr\/malta-100-8-d200-sq\/"]}]},{"@type":"ImageObject","inLanguage":"fr-FR","@id":"https:\/\/www.palarasol.it\/fr\/shop\/parasols-design-fr\/malta-100-8-d200-sq\/#primaryimage","url":"https:\/\/www.palarasol.it\/wp-content\/uploads\/2019\/06\/malta_turchese.jpg","contentUrl":"https:\/\/www.palarasol.it\/wp-content\/uploads\/2019\/06\/malta_turchese.jpg","width":1200,"height":900,"caption":"malta_turchese"},{"@type":"BreadcrumbList","@id":"https:\/\/www.palarasol.it\/fr\/shop\/parasols-design-fr\/malta-100-8-d200-sq\/#breadcrumb","itemListElement":[{"@type":"ListItem","position":1,"name":"Home","item":"https:\/\/www.palarasol.it\/fr\/10073-2\/"},{"@type":"ListItem","position":2,"name":"Shop","item":"http:\/\/stagingpalara4.it\/negozio\/"},{"@type":"ListItem","position":3,"name":"Parasols design","item":"https:\/\/www.palarasol.it\/fr\/categorie-produit\/parasols-design-fr\/"},{"@type":"ListItem","position":4,"name":"Mortier 100\/8-D200 SQ"}]},{"@type":"WebSite","@id":"http:\/\/www.palarasol.it\/fr\/#website","url":"http:\/\/www.palarasol.it\/fr\/","name":"Palarasol","description":"","publisher":{"@id":"http:\/\/www.palarasol.it\/fr\/#organization"},"potentialAction":[{"@type":"SearchAction","target":{"@type":"EntryPoint","urlTemplate":"http:\/\/www.palarasol.it\/fr\/?s={search_term_string}"},"query-input":{"@type":"PropertyValueSpecification","valueRequired":true,"valueName":"search_term_string"}}],"inLanguage":"fr-FR"},{"@type":"Organization","@id":"http:\/\/www.palarasol.it\/fr\/#organization","name":"Palara Gianluca & C. S.a.s","url":"http:\/\/www.palarasol.it\/fr\/","logo":{"@type":"ImageObject","inLanguage":"fr-FR","@id":"http:\/\/www.palarasol.it\/fr\/#\/schema\/logo\/image\/","url":"https:\/\/stagingpalara4.it\/wp-content\/uploads\/2015\/06\/logo.png","contentUrl":"https:\/\/stagingpalara4.it\/wp-content\/uploads\/2015\/06\/logo.png","width":800,"height":189,"caption":"Palara Gianluca & C. S.a.s"},"image":{"@id":"http:\/\/www.palarasol.it\/fr\/#\/schema\/logo\/image\/"},"sameAs":["https:\/\/www.facebook.com\/palarasol","https:\/\/x.com\/palarasol"]}]}},"_links":{"self":[{"href":"https:\/\/www.palarasol.it\/fr\/wp-json\/wp\/v2\/product\/63621","targetHints":{"allow":["GET"]}}],"collection":[{"href":"https:\/\/www.palarasol.it\/fr\/wp-json\/wp\/v2\/product"}],"about":[{"href":"https:\/\/www.palarasol.it\/fr\/wp-json\/wp\/v2\/types\/product"}],"version-history":[{"count":0,"href":"https:\/\/www.palarasol.it\/fr\/wp-json\/wp\/v2\/product\/63621\/revisions"}],"wp:featuredmedia":[{"embeddable":true,"href":"https:\/\/www.palarasol.it\/fr\/wp-json\/wp\/v2\/media\/85736"}],"wp:attachment":[{"href":"https:\/\/www.palarasol.it\/fr\/wp-json\/wp\/v2\/media?parent=63621"}],"wp:term":[{"taxonomy":"product_brand","embeddable":true,"href":"https:\/\/www.palarasol.it\/fr\/wp-json\/wp\/v2\/product_brand?post=63621"},{"taxonomy":"product_cat","embeddable":true,"href":"https:\/\/www.palarasol.it\/fr\/wp-json\/wp\/v2\/product_cat?post=63621"},{"taxonomy":"product_tag","embeddable":true,"href":"https:\/\/www.palarasol.it\/fr\/wp-json\/wp\/v2\/product_tag?post=63621"}],"curies":[{"name":"wp","href":"https:\/\/api.w.org\/{rel}","templated":true}]}}