{"id":70940,"date":"2020-05-22T11:54:49","date_gmt":"2020-05-22T09:54:49","guid":{"rendered":"https:\/\/stagingpalara4.it\/?post_type=product&#038;p=70940"},"modified":"2021-04-28T12:33:36","modified_gmt":"2021-04-28T10:33:36","slug":"peter-300x300-8","status":"publish","type":"product","link":"https:\/\/www.palarasol.it\/fr\/shop\/parasols-fr\/peter-300x300-8\/","title":{"rendered":"Peter 300&#215;300 \/ 8"},"content":{"rendered":"<p><strong>Mat\u00e9riel<\/strong>: TexMa Olefin gr 190, r\u00e9pulsif \u00e0 l\u2019eau, anti-mmuff<br \/>\n<strong>R\u00e9sistance aux<\/strong>couleurs : 7e.<br \/>\nProtection UV 50+<br \/>\nCoupe-vent<br \/>\nLacet de fermeture<br \/>\nSans lambrequins<br \/>\nMesure 300&#215;300\/8 cm<br \/>\nHauteur 275 cm<br \/>\nM\u00e2t aluminium 65&#215;98 mm couleur graphite<br \/>\nBaguettes d\u2019aluminium interchangeables de 20&#215;26 mm<br \/>\nOuverture avec bouton coulissant et manivelle. Inclinaison: Multiposition.<br \/>\nBase T tournante \u00e0 360 degr\u00e9s, avec p\u00e9dale et plaque de sol souple fournie<br \/>\nUn contrepoids&gt;de 120 kg est indiqu\u00e9. Tuiles non incluses.<strong><br \/>\n<\/strong><strong>Fabriqu\u00e9 en Italie.<\/strong><\/p>\n<p>Doublure Mytex<strong><a href=\"https:\/\/www.palarasol.it\/shop\/fodere\/fodera-per-ombrelloni-a-palo-retrattili\/\"> art.925<\/a> gratuit<\/strong><\/p>\n<p>Pi\u00e8ces de rechange disponibles<\/p>\n<p><iframe title=\"Lecteur vid\u00e9o YouTube\" src=\"https:\/\/www.youtube.com\/embed\/REMz6Gu0n14\" width=\"560\" height=\"315\" frameborder=\"0\" allowfullscreen=\"allowfullscreen\"><\/iframe><\/p>\n","protected":false},"excerpt":{"rendered":"<p>Art 208Q Peter Maffei cm 300&#215;300 \/ 8 h cm 275<\/p>\n<p><a href=\"https:\/\/www.palarasol.it\/wp-content\/uploads\/2020\/05\/schema-peter.png\"><img decoding=\"async\" class=\"alignnone size-full wp-image-70915\" src=\"https:\/\/www.palarasol.it\/wp-content\/uploads\/2020\/05\/schema-peter.png\" alt=\"\" width=\"304\" height=\"123\" srcset=\"https:\/\/www.palarasol.it\/wp-content\/uploads\/2020\/05\/schema-peter.png 304w, https:\/\/www.palarasol.it\/wp-content\/uploads\/2020\/05\/schema-peter-300x121.png 300w\" sizes=\"(max-width: 304px) 100vw, 304px\" \/><\/a><\/p>\n","protected":false},"featured_media":70888,"template":"","meta":{"_acf_changed":false,"_monsterinsights_skip_tracking":false,"_monsterinsights_sitenote_active":false,"_monsterinsights_sitenote_note":"","_monsterinsights_sitenote_category":0},"product_brand":[],"product_cat":[440,467],"product_tag":[436,445,446,747,435,551,851,852,438],"class_list":{"0":"post-70940","1":"product","2":"type-product","3":"status-publish","4":"has-post-thumbnail","6":"product_cat-parasols-fr","7":"product_cat-parasols-grands-deportes","8":"product_tag-fabrique-en-italie","9":"product_tag-grands","10":"product_tag-impermeable","11":"product_tag-parapluies-maffei","12":"product_tag-parasol-fr","13":"product_tag-parasol-jardin","14":"product_tag-parasols-grands-deportes","15":"product_tag-parasols-grands-deportes-fr","16":"product_tag-protection-uv","18":"first","19":"instock","20":"shipping-taxable","21":"purchasable","22":"product-type-variable"},"acf":[],"yoast_head":"<!-- This site is optimized with the Yoast SEO plugin v27.2 - https:\/\/yoast.com\/product\/yoast-seo-wordpress\/ -->\n<title>parasol 300x300 Peter - Palarasol<\/title>\n<meta name=\"description\" content=\"parasol Mat\u00e9riau: TexMa Olefin gr 190, hydrofuge, anti-moisissure, coupe-vent Mesure 30x400 \/ 8 cm Hauteur 275 cm\" \/>\n<meta name=\"robots\" content=\"index, follow, max-snippet:-1, max-image-preview:large, max-video-preview:-1\" \/>\n<link rel=\"canonical\" href=\"https:\/\/www.palarasol.it\/fr\/shop\/parasols-fr\/peter-300x300-8\/\" \/>\n<meta property=\"og:locale\" content=\"fr_FR\" \/>\n<meta property=\"og:type\" content=\"article\" \/>\n<meta property=\"og:title\" content=\"parasol 300x300 Peter - Palarasol\" \/>\n<meta property=\"og:description\" content=\"parasol Mat\u00e9riau: TexMa Olefin gr 190, hydrofuge, anti-moisissure, coupe-vent Mesure 30x400 \/ 8 cm Hauteur 275 cm\" \/>\n<meta property=\"og:url\" content=\"https:\/\/www.palarasol.it\/fr\/shop\/parasols-fr\/peter-300x300-8\/\" \/>\n<meta property=\"og:site_name\" content=\"Palarasol\" \/>\n<meta property=\"article:publisher\" content=\"https:\/\/www.facebook.com\/palarasol\" \/>\n<meta property=\"article:modified_time\" content=\"2021-04-28T10:33:36+00:00\" \/>\n<meta property=\"og:image\" content=\"https:\/\/www.palarasol.it\/wp-content\/uploads\/2020\/05\/ombrelloni-laterali-peter.jpg\" \/>\n\t<meta property=\"og:image:width\" content=\"1200\" \/>\n\t<meta property=\"og:image:height\" content=\"800\" \/>\n\t<meta property=\"og:image:type\" content=\"image\/jpeg\" \/>\n<meta name=\"twitter:card\" content=\"summary_large_image\" \/>\n<meta name=\"twitter:site\" content=\"@palarasol\" \/>\n<script type=\"application\/ld+json\" class=\"yoast-schema-graph\">{\"@context\":\"https:\/\/schema.org\",\"@graph\":[{\"@type\":\"WebPage\",\"@id\":\"https:\/\/www.palarasol.it\/fr\/shop\/parasols-fr\/peter-300x300-8\/\",\"url\":\"https:\/\/www.palarasol.it\/fr\/shop\/parasols-fr\/peter-300x300-8\/\",\"name\":\"parasol 300x300 Peter - Palarasol\",\"isPartOf\":{\"@id\":\"http:\/\/www.palarasol.it\/fr\/#website\"},\"primaryImageOfPage\":{\"@id\":\"https:\/\/www.palarasol.it\/fr\/shop\/parasols-fr\/peter-300x300-8\/#primaryimage\"},\"image\":{\"@id\":\"https:\/\/www.palarasol.it\/fr\/shop\/parasols-fr\/peter-300x300-8\/#primaryimage\"},\"thumbnailUrl\":\"https:\/\/www.palarasol.it\/wp-content\/uploads\/2020\/05\/ombrelloni-laterali-peter.jpg\",\"datePublished\":\"2020-05-22T09:54:49+00:00\",\"dateModified\":\"2021-04-28T10:33:36+00:00\",\"description\":\"parasol Mat\u00e9riau: TexMa Olefin gr 190, hydrofuge, anti-moisissure, coupe-vent Mesure 30x400 \/ 8 cm Hauteur 275 cm\",\"breadcrumb\":{\"@id\":\"https:\/\/www.palarasol.it\/fr\/shop\/parasols-fr\/peter-300x300-8\/#breadcrumb\"},\"inLanguage\":\"fr-FR\",\"potentialAction\":[{\"@type\":\"ReadAction\",\"target\":[\"https:\/\/www.palarasol.it\/fr\/shop\/parasols-fr\/peter-300x300-8\/\"]}]},{\"@type\":\"ImageObject\",\"inLanguage\":\"fr-FR\",\"@id\":\"https:\/\/www.palarasol.it\/fr\/shop\/parasols-fr\/peter-300x300-8\/#primaryimage\",\"url\":\"https:\/\/www.palarasol.it\/wp-content\/uploads\/2020\/05\/ombrelloni-laterali-peter.jpg\",\"contentUrl\":\"https:\/\/www.palarasol.it\/wp-content\/uploads\/2020\/05\/ombrelloni-laterali-peter.jpg\",\"width\":1200,\"height\":800,\"caption\":\"parasols Peter Side\"},{\"@type\":\"BreadcrumbList\",\"@id\":\"https:\/\/www.palarasol.it\/fr\/shop\/parasols-fr\/peter-300x300-8\/#breadcrumb\",\"itemListElement\":[{\"@type\":\"ListItem\",\"position\":1,\"name\":\"Home\",\"item\":\"https:\/\/www.palarasol.it\/fr\/10073-2\/\"},{\"@type\":\"ListItem\",\"position\":2,\"name\":\"Shop\",\"item\":\"http:\/\/stagingpalara4.it\/negozio\/\"},{\"@type\":\"ListItem\",\"position\":3,\"name\":\"Parasols grands d\u00e9port\u00e9s\",\"item\":\"https:\/\/www.palarasol.it\/fr\/categorie-produit\/parasols-grands-deportes\/\"},{\"@type\":\"ListItem\",\"position\":4,\"name\":\"Peter 300&#215;300 \/ 8\"}]},{\"@type\":\"WebSite\",\"@id\":\"http:\/\/www.palarasol.it\/fr\/#website\",\"url\":\"http:\/\/www.palarasol.it\/fr\/\",\"name\":\"Palarasol\",\"description\":\"\",\"publisher\":{\"@id\":\"http:\/\/www.palarasol.it\/fr\/#organization\"},\"potentialAction\":[{\"@type\":\"SearchAction\",\"target\":{\"@type\":\"EntryPoint\",\"urlTemplate\":\"http:\/\/www.palarasol.it\/fr\/?s={search_term_string}\"},\"query-input\":{\"@type\":\"PropertyValueSpecification\",\"valueRequired\":true,\"valueName\":\"search_term_string\"}}],\"inLanguage\":\"fr-FR\"},{\"@type\":\"Organization\",\"@id\":\"http:\/\/www.palarasol.it\/fr\/#organization\",\"name\":\"Palara Gianluca & C. S.a.s\",\"url\":\"http:\/\/www.palarasol.it\/fr\/\",\"logo\":{\"@type\":\"ImageObject\",\"inLanguage\":\"fr-FR\",\"@id\":\"http:\/\/www.palarasol.it\/fr\/#\/schema\/logo\/image\/\",\"url\":\"https:\/\/stagingpalara4.it\/wp-content\/uploads\/2015\/06\/logo.png\",\"contentUrl\":\"https:\/\/stagingpalara4.it\/wp-content\/uploads\/2015\/06\/logo.png\",\"width\":800,\"height\":189,\"caption\":\"Palara Gianluca & C. S.a.s\"},\"image\":{\"@id\":\"http:\/\/www.palarasol.it\/fr\/#\/schema\/logo\/image\/\"},\"sameAs\":[\"https:\/\/www.facebook.com\/palarasol\",\"https:\/\/x.com\/palarasol\"]}]}<\/script>\n<!-- \/ Yoast SEO plugin. -->","yoast_head_json":{"title":"parasol 300x300 Peter - Palarasol","description":"parasol Mat\u00e9riau: TexMa Olefin gr 190, hydrofuge, anti-moisissure, coupe-vent Mesure 30x400 \/ 8 cm Hauteur 275 cm","robots":{"index":"index","follow":"follow","max-snippet":"max-snippet:-1","max-image-preview":"max-image-preview:large","max-video-preview":"max-video-preview:-1"},"canonical":"https:\/\/www.palarasol.it\/fr\/shop\/parasols-fr\/peter-300x300-8\/","og_locale":"fr_FR","og_type":"article","og_title":"parasol 300x300 Peter - Palarasol","og_description":"parasol Mat\u00e9riau: TexMa Olefin gr 190, hydrofuge, anti-moisissure, coupe-vent Mesure 30x400 \/ 8 cm Hauteur 275 cm","og_url":"https:\/\/www.palarasol.it\/fr\/shop\/parasols-fr\/peter-300x300-8\/","og_site_name":"Palarasol","article_publisher":"https:\/\/www.facebook.com\/palarasol","article_modified_time":"2021-04-28T10:33:36+00:00","og_image":[{"width":1200,"height":800,"url":"https:\/\/www.palarasol.it\/wp-content\/uploads\/2020\/05\/ombrelloni-laterali-peter.jpg","type":"image\/jpeg"}],"twitter_card":"summary_large_image","twitter_site":"@palarasol","schema":{"@context":"https:\/\/schema.org","@graph":[{"@type":"WebPage","@id":"https:\/\/www.palarasol.it\/fr\/shop\/parasols-fr\/peter-300x300-8\/","url":"https:\/\/www.palarasol.it\/fr\/shop\/parasols-fr\/peter-300x300-8\/","name":"parasol 300x300 Peter - Palarasol","isPartOf":{"@id":"http:\/\/www.palarasol.it\/fr\/#website"},"primaryImageOfPage":{"@id":"https:\/\/www.palarasol.it\/fr\/shop\/parasols-fr\/peter-300x300-8\/#primaryimage"},"image":{"@id":"https:\/\/www.palarasol.it\/fr\/shop\/parasols-fr\/peter-300x300-8\/#primaryimage"},"thumbnailUrl":"https:\/\/www.palarasol.it\/wp-content\/uploads\/2020\/05\/ombrelloni-laterali-peter.jpg","datePublished":"2020-05-22T09:54:49+00:00","dateModified":"2021-04-28T10:33:36+00:00","description":"parasol Mat\u00e9riau: TexMa Olefin gr 190, hydrofuge, anti-moisissure, coupe-vent Mesure 30x400 \/ 8 cm Hauteur 275 cm","breadcrumb":{"@id":"https:\/\/www.palarasol.it\/fr\/shop\/parasols-fr\/peter-300x300-8\/#breadcrumb"},"inLanguage":"fr-FR","potentialAction":[{"@type":"ReadAction","target":["https:\/\/www.palarasol.it\/fr\/shop\/parasols-fr\/peter-300x300-8\/"]}]},{"@type":"ImageObject","inLanguage":"fr-FR","@id":"https:\/\/www.palarasol.it\/fr\/shop\/parasols-fr\/peter-300x300-8\/#primaryimage","url":"https:\/\/www.palarasol.it\/wp-content\/uploads\/2020\/05\/ombrelloni-laterali-peter.jpg","contentUrl":"https:\/\/www.palarasol.it\/wp-content\/uploads\/2020\/05\/ombrelloni-laterali-peter.jpg","width":1200,"height":800,"caption":"parasols Peter Side"},{"@type":"BreadcrumbList","@id":"https:\/\/www.palarasol.it\/fr\/shop\/parasols-fr\/peter-300x300-8\/#breadcrumb","itemListElement":[{"@type":"ListItem","position":1,"name":"Home","item":"https:\/\/www.palarasol.it\/fr\/10073-2\/"},{"@type":"ListItem","position":2,"name":"Shop","item":"http:\/\/stagingpalara4.it\/negozio\/"},{"@type":"ListItem","position":3,"name":"Parasols grands d\u00e9port\u00e9s","item":"https:\/\/www.palarasol.it\/fr\/categorie-produit\/parasols-grands-deportes\/"},{"@type":"ListItem","position":4,"name":"Peter 300&#215;300 \/ 8"}]},{"@type":"WebSite","@id":"http:\/\/www.palarasol.it\/fr\/#website","url":"http:\/\/www.palarasol.it\/fr\/","name":"Palarasol","description":"","publisher":{"@id":"http:\/\/www.palarasol.it\/fr\/#organization"},"potentialAction":[{"@type":"SearchAction","target":{"@type":"EntryPoint","urlTemplate":"http:\/\/www.palarasol.it\/fr\/?s={search_term_string}"},"query-input":{"@type":"PropertyValueSpecification","valueRequired":true,"valueName":"search_term_string"}}],"inLanguage":"fr-FR"},{"@type":"Organization","@id":"http:\/\/www.palarasol.it\/fr\/#organization","name":"Palara Gianluca & C. S.a.s","url":"http:\/\/www.palarasol.it\/fr\/","logo":{"@type":"ImageObject","inLanguage":"fr-FR","@id":"http:\/\/www.palarasol.it\/fr\/#\/schema\/logo\/image\/","url":"https:\/\/stagingpalara4.it\/wp-content\/uploads\/2015\/06\/logo.png","contentUrl":"https:\/\/stagingpalara4.it\/wp-content\/uploads\/2015\/06\/logo.png","width":800,"height":189,"caption":"Palara Gianluca & C. S.a.s"},"image":{"@id":"http:\/\/www.palarasol.it\/fr\/#\/schema\/logo\/image\/"},"sameAs":["https:\/\/www.facebook.com\/palarasol","https:\/\/x.com\/palarasol"]}]}},"_links":{"self":[{"href":"https:\/\/www.palarasol.it\/fr\/wp-json\/wp\/v2\/product\/70940","targetHints":{"allow":["GET"]}}],"collection":[{"href":"https:\/\/www.palarasol.it\/fr\/wp-json\/wp\/v2\/product"}],"about":[{"href":"https:\/\/www.palarasol.it\/fr\/wp-json\/wp\/v2\/types\/product"}],"version-history":[{"count":0,"href":"https:\/\/www.palarasol.it\/fr\/wp-json\/wp\/v2\/product\/70940\/revisions"}],"wp:featuredmedia":[{"embeddable":true,"href":"https:\/\/www.palarasol.it\/fr\/wp-json\/wp\/v2\/media\/70888"}],"wp:attachment":[{"href":"https:\/\/www.palarasol.it\/fr\/wp-json\/wp\/v2\/media?parent=70940"}],"wp:term":[{"taxonomy":"product_brand","embeddable":true,"href":"https:\/\/www.palarasol.it\/fr\/wp-json\/wp\/v2\/product_brand?post=70940"},{"taxonomy":"product_cat","embeddable":true,"href":"https:\/\/www.palarasol.it\/fr\/wp-json\/wp\/v2\/product_cat?post=70940"},{"taxonomy":"product_tag","embeddable":true,"href":"https:\/\/www.palarasol.it\/fr\/wp-json\/wp\/v2\/product_tag?post=70940"}],"curies":[{"name":"wp","href":"https:\/\/api.w.org\/{rel}","templated":true}]}}