{"id":71375,"date":"2020-05-27T10:37:09","date_gmt":"2020-05-27T08:37:09","guid":{"rendered":"https:\/\/stagingpalara4.it\/shop\/senza%20categoria\/kronos-3\/"},"modified":"2020-05-27T16:18:47","modified_gmt":"2020-05-27T14:18:47","slug":"kronos-o200-cm","status":"publish","type":"product","link":"https:\/\/www.palarasol.it\/fr\/shop\/parasols-design-fr\/kronos-o200-cm\/","title":{"rendered":"Kronos"},"content":{"rendered":"<p><strong>Mat\u00e9riel:<\/strong> n PolyMa polyester gr 210, r\u00e9pulsif \u00e0 l\u2019eau, anti-mmuff<br \/>\nR\u00e9sistance aux couleurs: 6e<br \/>\nProtection: UV 50<br \/>\nPas de d\u00e9pliants<\/p>\n<p><strong>Cadre<\/strong><br \/>\n<strong>Mise en<\/strong>jeu : mm en acier 27\/30 noir sabl\u00e9, hauteur r\u00e9glable, moyeu m\u00e9tallique, prolong galvanis\u00e9<br \/>\n<strong>Baguettes:<\/strong>mm en acier 3,80<br \/>\n<strong>Accessoires:<\/strong> de-luxe noir sabl\u00e9 series<\/p>\n<p>Diam\u00e8tre 200 cm<br \/>\nHauteur r\u00e9glable maximale 230 cm<br \/>\nDoublure d\u2019\u00e9paule libre<br \/>\n<strong>Fabriqu\u00e9 en Italie.<\/strong><br \/>\nUne base pesant &gt; 15 kg est indiqu\u00e9e. Base non incluse.<\/p>\n","protected":false},"excerpt":{"rendered":"<p>Art 134 Maffei &#8211; Kronos cm 100\/10 &#8211; 200 h 230<\/p>\n<p><img decoding=\"async\" class=\"alignnone size-full wp-image-71353\" src=\"https:\/\/www.palarasol.it\/wp-content\/uploads\/2020\/05\/schema-134.png\" alt=\"Kronos 134 plan parapluie rond\" width=\"176\" height=\"109\" \/><\/p>\n<p>&nbsp;<\/p>\n","protected":false},"featured_media":71315,"template":"","meta":{"_acf_changed":false,"_monsterinsights_skip_tracking":false,"_monsterinsights_sitenote_active":false,"_monsterinsights_sitenote_note":"","_monsterinsights_sitenote_category":0},"product_brand":[],"product_cat":[440,434],"product_tag":[448,436,747,450,437,438],"class_list":{"0":"post-71375","1":"product","2":"type-product","3":"status-publish","4":"has-post-thumbnail","6":"product_cat-parasols-fr","7":"product_cat-parasols-design-fr","8":"product_tag-design-fr","9":"product_tag-fabrique-en-italie","10":"product_tag-parapluies-maffei","11":"product_tag-parasol-fr-2","12":"product_tag-polyester-fr","13":"product_tag-protection-uv","15":"first","16":"instock","17":"shipping-taxable","18":"purchasable","19":"product-type-variable"},"acf":[],"yoast_head":"<!-- This site is optimized with the Yoast SEO plugin v27.5 - https:\/\/yoast.com\/product\/yoast-seo-wordpress\/ -->\n<title>Parapluies design - Kronos - Maffei - Made in Italy - Palarasol<\/title>\n<meta name=\"description\" content=\"Parapluies de conception - Kronos - Maffei. Parapluies ronds 200 cm, polyester imperm\u00e9able de haute qualit\u00e9, cadre en acier avec inclinaison. Fabriqu\u00e9 en Italie.\" \/>\n<meta name=\"robots\" content=\"index, follow, max-snippet:-1, max-image-preview:large, max-video-preview:-1\" \/>\n<link rel=\"canonical\" href=\"https:\/\/www.palarasol.it\/fr\/shop\/parasols-design-fr\/kronos-o200-cm\/\" \/>\n<meta property=\"og:locale\" content=\"fr_FR\" \/>\n<meta property=\"og:type\" content=\"article\" \/>\n<meta property=\"og:title\" content=\"Parapluies design - Kronos - Maffei - Made in Italy - Palarasol\" \/>\n<meta property=\"og:description\" content=\"Parapluies de conception - Kronos - Maffei. Parapluies ronds 200 cm, polyester imperm\u00e9able de haute qualit\u00e9, cadre en acier avec inclinaison. Fabriqu\u00e9 en Italie.\" \/>\n<meta property=\"og:url\" content=\"https:\/\/www.palarasol.it\/fr\/shop\/parasols-design-fr\/kronos-o200-cm\/\" \/>\n<meta property=\"og:site_name\" content=\"Palarasol\" \/>\n<meta property=\"article:publisher\" content=\"https:\/\/www.facebook.com\/palarasol\" \/>\n<meta property=\"article:modified_time\" content=\"2020-05-27T14:18:47+00:00\" \/>\n<meta property=\"og:image\" content=\"https:\/\/www.palarasol.it\/wp-content\/uploads\/2020\/05\/ombrellone-rotondo-kronos-134-1.jpg\" \/>\n\t<meta property=\"og:image:width\" content=\"1201\" \/>\n\t<meta property=\"og:image:height\" content=\"800\" \/>\n\t<meta property=\"og:image:type\" content=\"image\/jpeg\" \/>\n<meta name=\"twitter:card\" content=\"summary_large_image\" \/>\n<meta name=\"twitter:site\" content=\"@palarasol\" \/>\n<script type=\"application\/ld+json\" class=\"yoast-schema-graph\">{\"@context\":\"https:\\\/\\\/schema.org\",\"@graph\":[{\"@type\":\"WebPage\",\"@id\":\"https:\\\/\\\/www.palarasol.it\\\/fr\\\/shop\\\/parasols-design-fr\\\/kronos-o200-cm\\\/\",\"url\":\"https:\\\/\\\/www.palarasol.it\\\/fr\\\/shop\\\/parasols-design-fr\\\/kronos-o200-cm\\\/\",\"name\":\"Parapluies design - Kronos - Maffei - Made in Italy - Palarasol\",\"isPartOf\":{\"@id\":\"http:\\\/\\\/www.palarasol.it\\\/fr\\\/#website\"},\"primaryImageOfPage\":{\"@id\":\"https:\\\/\\\/www.palarasol.it\\\/fr\\\/shop\\\/parasols-design-fr\\\/kronos-o200-cm\\\/#primaryimage\"},\"image\":{\"@id\":\"https:\\\/\\\/www.palarasol.it\\\/fr\\\/shop\\\/parasols-design-fr\\\/kronos-o200-cm\\\/#primaryimage\"},\"thumbnailUrl\":\"https:\\\/\\\/www.palarasol.it\\\/wp-content\\\/uploads\\\/2020\\\/05\\\/ombrellone-rotondo-kronos-134-1.jpg\",\"datePublished\":\"2020-05-27T08:37:09+00:00\",\"dateModified\":\"2020-05-27T14:18:47+00:00\",\"description\":\"Parapluies de conception - Kronos - Maffei. Parapluies ronds 200 cm, polyester imperm\u00e9able de haute qualit\u00e9, cadre en acier avec inclinaison. Fabriqu\u00e9 en Italie.\",\"breadcrumb\":{\"@id\":\"https:\\\/\\\/www.palarasol.it\\\/fr\\\/shop\\\/parasols-design-fr\\\/kronos-o200-cm\\\/#breadcrumb\"},\"inLanguage\":\"fr-FR\",\"potentialAction\":[{\"@type\":\"ReadAction\",\"target\":[\"https:\\\/\\\/www.palarasol.it\\\/fr\\\/shop\\\/parasols-design-fr\\\/kronos-o200-cm\\\/\"]}]},{\"@type\":\"ImageObject\",\"inLanguage\":\"fr-FR\",\"@id\":\"https:\\\/\\\/www.palarasol.it\\\/fr\\\/shop\\\/parasols-design-fr\\\/kronos-o200-cm\\\/#primaryimage\",\"url\":\"https:\\\/\\\/www.palarasol.it\\\/wp-content\\\/uploads\\\/2020\\\/05\\\/ombrellone-rotondo-kronos-134-1.jpg\",\"contentUrl\":\"https:\\\/\\\/www.palarasol.it\\\/wp-content\\\/uploads\\\/2020\\\/05\\\/ombrellone-rotondo-kronos-134-1.jpg\",\"width\":1201,\"height\":800,\"caption\":\"Parapluie rond Kronos 134\"},{\"@type\":\"BreadcrumbList\",\"@id\":\"https:\\\/\\\/www.palarasol.it\\\/fr\\\/shop\\\/parasols-design-fr\\\/kronos-o200-cm\\\/#breadcrumb\",\"itemListElement\":[{\"@type\":\"ListItem\",\"position\":1,\"name\":\"Home\",\"item\":\"https:\\\/\\\/www.palarasol.it\\\/fr\\\/10073-2\\\/\"},{\"@type\":\"ListItem\",\"position\":2,\"name\":\"Shop\",\"item\":\"http:\\\/\\\/stagingpalara4.it\\\/negozio\\\/\"},{\"@type\":\"ListItem\",\"position\":3,\"name\":\"Parasols design\",\"item\":\"https:\\\/\\\/www.palarasol.it\\\/fr\\\/categorie-produit\\\/parasols-design-fr\\\/\"},{\"@type\":\"ListItem\",\"position\":4,\"name\":\"Kronos\"}]},{\"@type\":\"WebSite\",\"@id\":\"http:\\\/\\\/www.palarasol.it\\\/fr\\\/#website\",\"url\":\"http:\\\/\\\/www.palarasol.it\\\/fr\\\/\",\"name\":\"Palarasol\",\"description\":\"\",\"publisher\":{\"@id\":\"http:\\\/\\\/www.palarasol.it\\\/fr\\\/#organization\"},\"potentialAction\":[{\"@type\":\"SearchAction\",\"target\":{\"@type\":\"EntryPoint\",\"urlTemplate\":\"http:\\\/\\\/www.palarasol.it\\\/fr\\\/?s={search_term_string}\"},\"query-input\":{\"@type\":\"PropertyValueSpecification\",\"valueRequired\":true,\"valueName\":\"search_term_string\"}}],\"inLanguage\":\"fr-FR\"},{\"@type\":\"Organization\",\"@id\":\"http:\\\/\\\/www.palarasol.it\\\/fr\\\/#organization\",\"name\":\"Palara Gianluca & C. S.a.s\",\"url\":\"http:\\\/\\\/www.palarasol.it\\\/fr\\\/\",\"logo\":{\"@type\":\"ImageObject\",\"inLanguage\":\"fr-FR\",\"@id\":\"http:\\\/\\\/www.palarasol.it\\\/fr\\\/#\\\/schema\\\/logo\\\/image\\\/\",\"url\":\"https:\\\/\\\/stagingpalara4.it\\\/wp-content\\\/uploads\\\/2015\\\/06\\\/logo.png\",\"contentUrl\":\"https:\\\/\\\/stagingpalara4.it\\\/wp-content\\\/uploads\\\/2015\\\/06\\\/logo.png\",\"width\":800,\"height\":189,\"caption\":\"Palara Gianluca & C. S.a.s\"},\"image\":{\"@id\":\"http:\\\/\\\/www.palarasol.it\\\/fr\\\/#\\\/schema\\\/logo\\\/image\\\/\"},\"sameAs\":[\"https:\\\/\\\/www.facebook.com\\\/palarasol\",\"https:\\\/\\\/x.com\\\/palarasol\"]}]}<\/script>\n<!-- \/ Yoast SEO plugin. -->","yoast_head_json":{"title":"Parapluies design - Kronos - Maffei - Made in Italy - Palarasol","description":"Parapluies de conception - Kronos - Maffei. Parapluies ronds 200 cm, polyester imperm\u00e9able de haute qualit\u00e9, cadre en acier avec inclinaison. Fabriqu\u00e9 en Italie.","robots":{"index":"index","follow":"follow","max-snippet":"max-snippet:-1","max-image-preview":"max-image-preview:large","max-video-preview":"max-video-preview:-1"},"canonical":"https:\/\/www.palarasol.it\/fr\/shop\/parasols-design-fr\/kronos-o200-cm\/","og_locale":"fr_FR","og_type":"article","og_title":"Parapluies design - Kronos - Maffei - Made in Italy - Palarasol","og_description":"Parapluies de conception - Kronos - Maffei. Parapluies ronds 200 cm, polyester imperm\u00e9able de haute qualit\u00e9, cadre en acier avec inclinaison. Fabriqu\u00e9 en Italie.","og_url":"https:\/\/www.palarasol.it\/fr\/shop\/parasols-design-fr\/kronos-o200-cm\/","og_site_name":"Palarasol","article_publisher":"https:\/\/www.facebook.com\/palarasol","article_modified_time":"2020-05-27T14:18:47+00:00","og_image":[{"width":1201,"height":800,"url":"https:\/\/www.palarasol.it\/wp-content\/uploads\/2020\/05\/ombrellone-rotondo-kronos-134-1.jpg","type":"image\/jpeg"}],"twitter_card":"summary_large_image","twitter_site":"@palarasol","schema":{"@context":"https:\/\/schema.org","@graph":[{"@type":"WebPage","@id":"https:\/\/www.palarasol.it\/fr\/shop\/parasols-design-fr\/kronos-o200-cm\/","url":"https:\/\/www.palarasol.it\/fr\/shop\/parasols-design-fr\/kronos-o200-cm\/","name":"Parapluies design - Kronos - Maffei - Made in Italy - Palarasol","isPartOf":{"@id":"http:\/\/www.palarasol.it\/fr\/#website"},"primaryImageOfPage":{"@id":"https:\/\/www.palarasol.it\/fr\/shop\/parasols-design-fr\/kronos-o200-cm\/#primaryimage"},"image":{"@id":"https:\/\/www.palarasol.it\/fr\/shop\/parasols-design-fr\/kronos-o200-cm\/#primaryimage"},"thumbnailUrl":"https:\/\/www.palarasol.it\/wp-content\/uploads\/2020\/05\/ombrellone-rotondo-kronos-134-1.jpg","datePublished":"2020-05-27T08:37:09+00:00","dateModified":"2020-05-27T14:18:47+00:00","description":"Parapluies de conception - Kronos - Maffei. Parapluies ronds 200 cm, polyester imperm\u00e9able de haute qualit\u00e9, cadre en acier avec inclinaison. Fabriqu\u00e9 en Italie.","breadcrumb":{"@id":"https:\/\/www.palarasol.it\/fr\/shop\/parasols-design-fr\/kronos-o200-cm\/#breadcrumb"},"inLanguage":"fr-FR","potentialAction":[{"@type":"ReadAction","target":["https:\/\/www.palarasol.it\/fr\/shop\/parasols-design-fr\/kronos-o200-cm\/"]}]},{"@type":"ImageObject","inLanguage":"fr-FR","@id":"https:\/\/www.palarasol.it\/fr\/shop\/parasols-design-fr\/kronos-o200-cm\/#primaryimage","url":"https:\/\/www.palarasol.it\/wp-content\/uploads\/2020\/05\/ombrellone-rotondo-kronos-134-1.jpg","contentUrl":"https:\/\/www.palarasol.it\/wp-content\/uploads\/2020\/05\/ombrellone-rotondo-kronos-134-1.jpg","width":1201,"height":800,"caption":"Parapluie rond Kronos 134"},{"@type":"BreadcrumbList","@id":"https:\/\/www.palarasol.it\/fr\/shop\/parasols-design-fr\/kronos-o200-cm\/#breadcrumb","itemListElement":[{"@type":"ListItem","position":1,"name":"Home","item":"https:\/\/www.palarasol.it\/fr\/10073-2\/"},{"@type":"ListItem","position":2,"name":"Shop","item":"http:\/\/stagingpalara4.it\/negozio\/"},{"@type":"ListItem","position":3,"name":"Parasols design","item":"https:\/\/www.palarasol.it\/fr\/categorie-produit\/parasols-design-fr\/"},{"@type":"ListItem","position":4,"name":"Kronos"}]},{"@type":"WebSite","@id":"http:\/\/www.palarasol.it\/fr\/#website","url":"http:\/\/www.palarasol.it\/fr\/","name":"Palarasol","description":"","publisher":{"@id":"http:\/\/www.palarasol.it\/fr\/#organization"},"potentialAction":[{"@type":"SearchAction","target":{"@type":"EntryPoint","urlTemplate":"http:\/\/www.palarasol.it\/fr\/?s={search_term_string}"},"query-input":{"@type":"PropertyValueSpecification","valueRequired":true,"valueName":"search_term_string"}}],"inLanguage":"fr-FR"},{"@type":"Organization","@id":"http:\/\/www.palarasol.it\/fr\/#organization","name":"Palara Gianluca & C. S.a.s","url":"http:\/\/www.palarasol.it\/fr\/","logo":{"@type":"ImageObject","inLanguage":"fr-FR","@id":"http:\/\/www.palarasol.it\/fr\/#\/schema\/logo\/image\/","url":"https:\/\/stagingpalara4.it\/wp-content\/uploads\/2015\/06\/logo.png","contentUrl":"https:\/\/stagingpalara4.it\/wp-content\/uploads\/2015\/06\/logo.png","width":800,"height":189,"caption":"Palara Gianluca & C. S.a.s"},"image":{"@id":"http:\/\/www.palarasol.it\/fr\/#\/schema\/logo\/image\/"},"sameAs":["https:\/\/www.facebook.com\/palarasol","https:\/\/x.com\/palarasol"]}]}},"_links":{"self":[{"href":"https:\/\/www.palarasol.it\/fr\/wp-json\/wp\/v2\/product\/71375","targetHints":{"allow":["GET"]}}],"collection":[{"href":"https:\/\/www.palarasol.it\/fr\/wp-json\/wp\/v2\/product"}],"about":[{"href":"https:\/\/www.palarasol.it\/fr\/wp-json\/wp\/v2\/types\/product"}],"version-history":[{"count":0,"href":"https:\/\/www.palarasol.it\/fr\/wp-json\/wp\/v2\/product\/71375\/revisions"}],"wp:featuredmedia":[{"embeddable":true,"href":"https:\/\/www.palarasol.it\/fr\/wp-json\/wp\/v2\/media\/71315"}],"wp:attachment":[{"href":"https:\/\/www.palarasol.it\/fr\/wp-json\/wp\/v2\/media?parent=71375"}],"wp:term":[{"taxonomy":"product_brand","embeddable":true,"href":"https:\/\/www.palarasol.it\/fr\/wp-json\/wp\/v2\/product_brand?post=71375"},{"taxonomy":"product_cat","embeddable":true,"href":"https:\/\/www.palarasol.it\/fr\/wp-json\/wp\/v2\/product_cat?post=71375"},{"taxonomy":"product_tag","embeddable":true,"href":"https:\/\/www.palarasol.it\/fr\/wp-json\/wp\/v2\/product_tag?post=71375"}],"curies":[{"name":"wp","href":"https:\/\/api.w.org\/{rel}","templated":true}]}}