{"id":71528,"date":"2020-05-27T16:36:25","date_gmt":"2020-05-27T14:36:25","guid":{"rendered":"https:\/\/stagingpalara4.it\/shop\/senza%20categoria\/superalux-200x200-cm-2\/"},"modified":"2020-05-27T17:55:09","modified_gmt":"2020-05-27T15:55:09","slug":"superalux-200x200-cm","status":"publish","type":"product","link":"https:\/\/www.palarasol.it\/fr\/shop\/parasols-fr\/superalux-200x200-cm\/","title":{"rendered":"Superalux 200&#215;200 cm"},"content":{"rendered":"<p><strong>Mat\u00e9riel:<\/strong> Dralon gr 190 finition soleil<br \/>\n<strong>R\u00e9sistance des couleurs \u00e0 la lumi\u00e8re<\/strong>: 5-7<br \/>\nProtection UV 50<br \/>\nDiapes 200&#215;200 cm<br \/>\nAvec dentelle de fermeture<br \/>\n<strong>Cadre<\/strong><br \/>\n<strong>Mise en jeu<\/strong>: 35\/40 mm d\u2019aluminium, finition ray\u00e9e, hauteur r\u00e9glable max 250 cm, pas de jonction<br \/>\n<strong>Baguettes:<\/strong> comparaison blanche<\/p>\n<p>Doublure d\u2019\u00e9paule<strong>libre<\/strong><br \/>\n<strong>Fabriqu\u00e9 en Italie.<\/strong><br \/>\nBase dans la photo exclue<\/p>\n<p>Poids par base &gt; 35kg<\/p>\n","protected":false},"excerpt":{"rendered":"<p>Art 106QSA Superalux &#8211; Maffei &#8211; parapluie carr\u00e9 200&#215;200 cm<\/p>\n<p><img decoding=\"async\" class=\"alignnone size-full wp-image-71514\" src=\"https:\/\/www.palarasol.it\/wp-content\/uploads\/2020\/05\/schema-106.png\" alt=\"\" width=\"242\" height=\"92\" \/><\/p>\n","protected":false},"featured_media":71520,"template":"","meta":{"_acf_changed":false,"_monsterinsights_skip_tracking":false,"_monsterinsights_sitenote_active":false,"_monsterinsights_sitenote_note":"","_monsterinsights_sitenote_category":0},"product_brand":[],"product_cat":[440,541],"product_tag":[449,436,789,788,747,435],"class_list":{"0":"post-71528","1":"product","2":"type-product","3":"status-publish","4":"has-post-thumbnail","6":"product_cat-parasols-fr","7":"product_cat-parasols-standard","8":"product_tag-dralon-fr","9":"product_tag-fabrique-en-italie","10":"product_tag-parapluies-carres","11":"product_tag-parapluies-classiques","12":"product_tag-parapluies-maffei","13":"product_tag-parasol-fr","15":"first","16":"instock","17":"shipping-taxable","18":"purchasable","19":"product-type-variable"},"acf":[],"yoast_head":"<!-- This site is optimized with the Yoast SEO plugin v27.5 - https:\/\/yoast.com\/product\/yoast-seo-wordpress\/ -->\n<title>Parapluie carr\u00e9 Superalux - Made in Italy - Palarasol<\/title>\n<meta name=\"description\" content=\"Superalux parapluie carr\u00e9 200x200 cm - Fabriqu\u00e9 en Italie - Doublure avec cadre en aluminium sans sangle mm 35\/40R\u00e9gulation hauteur cm 250, sans jonction\" \/>\n<meta name=\"robots\" content=\"index, follow, max-snippet:-1, max-image-preview:large, max-video-preview:-1\" \/>\n<link rel=\"canonical\" href=\"https:\/\/www.palarasol.it\/fr\/shop\/parasols-fr\/superalux-200x200-cm\/\" \/>\n<meta property=\"og:locale\" content=\"fr_FR\" \/>\n<meta property=\"og:type\" content=\"article\" \/>\n<meta property=\"og:title\" content=\"Parapluie carr\u00e9 Superalux - Made in Italy - Palarasol\" \/>\n<meta property=\"og:description\" content=\"Superalux parapluie carr\u00e9 200x200 cm - Fabriqu\u00e9 en Italie - Doublure avec cadre en aluminium sans sangle mm 35\/40R\u00e9gulation hauteur cm 250, sans jonction\" \/>\n<meta property=\"og:url\" content=\"https:\/\/www.palarasol.it\/fr\/shop\/parasols-fr\/superalux-200x200-cm\/\" \/>\n<meta property=\"og:site_name\" content=\"Palarasol\" \/>\n<meta property=\"article:publisher\" content=\"https:\/\/www.facebook.com\/palarasol\" \/>\n<meta property=\"article:modified_time\" content=\"2020-05-27T15:55:09+00:00\" \/>\n<meta property=\"og:image\" content=\"https:\/\/www.palarasol.it\/wp-content\/uploads\/2020\/05\/ombrellone-design-superalux106qsa.jpg\" \/>\n\t<meta property=\"og:image:width\" content=\"1200\" \/>\n\t<meta property=\"og:image:height\" content=\"801\" \/>\n\t<meta property=\"og:image:type\" content=\"image\/jpeg\" \/>\n<meta name=\"twitter:card\" content=\"summary_large_image\" \/>\n<meta name=\"twitter:site\" content=\"@palarasol\" \/>\n<script type=\"application\/ld+json\" class=\"yoast-schema-graph\">{\"@context\":\"https:\\\/\\\/schema.org\",\"@graph\":[{\"@type\":\"WebPage\",\"@id\":\"https:\\\/\\\/www.palarasol.it\\\/fr\\\/shop\\\/parasols-fr\\\/superalux-200x200-cm\\\/\",\"url\":\"https:\\\/\\\/www.palarasol.it\\\/fr\\\/shop\\\/parasols-fr\\\/superalux-200x200-cm\\\/\",\"name\":\"Parapluie carr\u00e9 Superalux - Made in Italy - Palarasol\",\"isPartOf\":{\"@id\":\"http:\\\/\\\/www.palarasol.it\\\/fr\\\/#website\"},\"primaryImageOfPage\":{\"@id\":\"https:\\\/\\\/www.palarasol.it\\\/fr\\\/shop\\\/parasols-fr\\\/superalux-200x200-cm\\\/#primaryimage\"},\"image\":{\"@id\":\"https:\\\/\\\/www.palarasol.it\\\/fr\\\/shop\\\/parasols-fr\\\/superalux-200x200-cm\\\/#primaryimage\"},\"thumbnailUrl\":\"https:\\\/\\\/www.palarasol.it\\\/wp-content\\\/uploads\\\/2020\\\/05\\\/ombrellone-design-superalux106qsa.jpg\",\"datePublished\":\"2020-05-27T14:36:25+00:00\",\"dateModified\":\"2020-05-27T15:55:09+00:00\",\"description\":\"Superalux parapluie carr\u00e9 200x200 cm - Fabriqu\u00e9 en Italie - Doublure avec cadre en aluminium sans sangle mm 35\\\/40R\u00e9gulation hauteur cm 250, sans jonction\",\"breadcrumb\":{\"@id\":\"https:\\\/\\\/www.palarasol.it\\\/fr\\\/shop\\\/parasols-fr\\\/superalux-200x200-cm\\\/#breadcrumb\"},\"inLanguage\":\"fr-FR\",\"potentialAction\":[{\"@type\":\"ReadAction\",\"target\":[\"https:\\\/\\\/www.palarasol.it\\\/fr\\\/shop\\\/parasols-fr\\\/superalux-200x200-cm\\\/\"]}]},{\"@type\":\"ImageObject\",\"inLanguage\":\"fr-FR\",\"@id\":\"https:\\\/\\\/www.palarasol.it\\\/fr\\\/shop\\\/parasols-fr\\\/superalux-200x200-cm\\\/#primaryimage\",\"url\":\"https:\\\/\\\/www.palarasol.it\\\/wp-content\\\/uploads\\\/2020\\\/05\\\/ombrellone-design-superalux106qsa.jpg\",\"contentUrl\":\"https:\\\/\\\/www.palarasol.it\\\/wp-content\\\/uploads\\\/2020\\\/05\\\/ombrellone-design-superalux106qsa.jpg\",\"width\":1200,\"height\":801,\"caption\":\"Superalux parapluie classique 106qsa\"},{\"@type\":\"BreadcrumbList\",\"@id\":\"https:\\\/\\\/www.palarasol.it\\\/fr\\\/shop\\\/parasols-fr\\\/superalux-200x200-cm\\\/#breadcrumb\",\"itemListElement\":[{\"@type\":\"ListItem\",\"position\":1,\"name\":\"Home\",\"item\":\"https:\\\/\\\/www.palarasol.it\\\/fr\\\/10073-2\\\/\"},{\"@type\":\"ListItem\",\"position\":2,\"name\":\"Shop\",\"item\":\"http:\\\/\\\/stagingpalara4.it\\\/negozio\\\/\"},{\"@type\":\"ListItem\",\"position\":3,\"name\":\"Parasols standard\",\"item\":\"https:\\\/\\\/www.palarasol.it\\\/fr\\\/categorie-produit\\\/parasols-standard\\\/\"},{\"@type\":\"ListItem\",\"position\":4,\"name\":\"Superalux 200&#215;200 cm\"}]},{\"@type\":\"WebSite\",\"@id\":\"http:\\\/\\\/www.palarasol.it\\\/fr\\\/#website\",\"url\":\"http:\\\/\\\/www.palarasol.it\\\/fr\\\/\",\"name\":\"Palarasol\",\"description\":\"\",\"publisher\":{\"@id\":\"http:\\\/\\\/www.palarasol.it\\\/fr\\\/#organization\"},\"potentialAction\":[{\"@type\":\"SearchAction\",\"target\":{\"@type\":\"EntryPoint\",\"urlTemplate\":\"http:\\\/\\\/www.palarasol.it\\\/fr\\\/?s={search_term_string}\"},\"query-input\":{\"@type\":\"PropertyValueSpecification\",\"valueRequired\":true,\"valueName\":\"search_term_string\"}}],\"inLanguage\":\"fr-FR\"},{\"@type\":\"Organization\",\"@id\":\"http:\\\/\\\/www.palarasol.it\\\/fr\\\/#organization\",\"name\":\"Palara Gianluca & C. S.a.s\",\"url\":\"http:\\\/\\\/www.palarasol.it\\\/fr\\\/\",\"logo\":{\"@type\":\"ImageObject\",\"inLanguage\":\"fr-FR\",\"@id\":\"http:\\\/\\\/www.palarasol.it\\\/fr\\\/#\\\/schema\\\/logo\\\/image\\\/\",\"url\":\"https:\\\/\\\/stagingpalara4.it\\\/wp-content\\\/uploads\\\/2015\\\/06\\\/logo.png\",\"contentUrl\":\"https:\\\/\\\/stagingpalara4.it\\\/wp-content\\\/uploads\\\/2015\\\/06\\\/logo.png\",\"width\":800,\"height\":189,\"caption\":\"Palara Gianluca & C. S.a.s\"},\"image\":{\"@id\":\"http:\\\/\\\/www.palarasol.it\\\/fr\\\/#\\\/schema\\\/logo\\\/image\\\/\"},\"sameAs\":[\"https:\\\/\\\/www.facebook.com\\\/palarasol\",\"https:\\\/\\\/x.com\\\/palarasol\"]}]}<\/script>\n<!-- \/ Yoast SEO plugin. -->","yoast_head_json":{"title":"Parapluie carr\u00e9 Superalux - Made in Italy - Palarasol","description":"Superalux parapluie carr\u00e9 200x200 cm - Fabriqu\u00e9 en Italie - Doublure avec cadre en aluminium sans sangle mm 35\/40R\u00e9gulation hauteur cm 250, sans jonction","robots":{"index":"index","follow":"follow","max-snippet":"max-snippet:-1","max-image-preview":"max-image-preview:large","max-video-preview":"max-video-preview:-1"},"canonical":"https:\/\/www.palarasol.it\/fr\/shop\/parasols-fr\/superalux-200x200-cm\/","og_locale":"fr_FR","og_type":"article","og_title":"Parapluie carr\u00e9 Superalux - Made in Italy - Palarasol","og_description":"Superalux parapluie carr\u00e9 200x200 cm - Fabriqu\u00e9 en Italie - Doublure avec cadre en aluminium sans sangle mm 35\/40R\u00e9gulation hauteur cm 250, sans jonction","og_url":"https:\/\/www.palarasol.it\/fr\/shop\/parasols-fr\/superalux-200x200-cm\/","og_site_name":"Palarasol","article_publisher":"https:\/\/www.facebook.com\/palarasol","article_modified_time":"2020-05-27T15:55:09+00:00","og_image":[{"width":1200,"height":801,"url":"https:\/\/www.palarasol.it\/wp-content\/uploads\/2020\/05\/ombrellone-design-superalux106qsa.jpg","type":"image\/jpeg"}],"twitter_card":"summary_large_image","twitter_site":"@palarasol","schema":{"@context":"https:\/\/schema.org","@graph":[{"@type":"WebPage","@id":"https:\/\/www.palarasol.it\/fr\/shop\/parasols-fr\/superalux-200x200-cm\/","url":"https:\/\/www.palarasol.it\/fr\/shop\/parasols-fr\/superalux-200x200-cm\/","name":"Parapluie carr\u00e9 Superalux - Made in Italy - Palarasol","isPartOf":{"@id":"http:\/\/www.palarasol.it\/fr\/#website"},"primaryImageOfPage":{"@id":"https:\/\/www.palarasol.it\/fr\/shop\/parasols-fr\/superalux-200x200-cm\/#primaryimage"},"image":{"@id":"https:\/\/www.palarasol.it\/fr\/shop\/parasols-fr\/superalux-200x200-cm\/#primaryimage"},"thumbnailUrl":"https:\/\/www.palarasol.it\/wp-content\/uploads\/2020\/05\/ombrellone-design-superalux106qsa.jpg","datePublished":"2020-05-27T14:36:25+00:00","dateModified":"2020-05-27T15:55:09+00:00","description":"Superalux parapluie carr\u00e9 200x200 cm - Fabriqu\u00e9 en Italie - Doublure avec cadre en aluminium sans sangle mm 35\/40R\u00e9gulation hauteur cm 250, sans jonction","breadcrumb":{"@id":"https:\/\/www.palarasol.it\/fr\/shop\/parasols-fr\/superalux-200x200-cm\/#breadcrumb"},"inLanguage":"fr-FR","potentialAction":[{"@type":"ReadAction","target":["https:\/\/www.palarasol.it\/fr\/shop\/parasols-fr\/superalux-200x200-cm\/"]}]},{"@type":"ImageObject","inLanguage":"fr-FR","@id":"https:\/\/www.palarasol.it\/fr\/shop\/parasols-fr\/superalux-200x200-cm\/#primaryimage","url":"https:\/\/www.palarasol.it\/wp-content\/uploads\/2020\/05\/ombrellone-design-superalux106qsa.jpg","contentUrl":"https:\/\/www.palarasol.it\/wp-content\/uploads\/2020\/05\/ombrellone-design-superalux106qsa.jpg","width":1200,"height":801,"caption":"Superalux parapluie classique 106qsa"},{"@type":"BreadcrumbList","@id":"https:\/\/www.palarasol.it\/fr\/shop\/parasols-fr\/superalux-200x200-cm\/#breadcrumb","itemListElement":[{"@type":"ListItem","position":1,"name":"Home","item":"https:\/\/www.palarasol.it\/fr\/10073-2\/"},{"@type":"ListItem","position":2,"name":"Shop","item":"http:\/\/stagingpalara4.it\/negozio\/"},{"@type":"ListItem","position":3,"name":"Parasols standard","item":"https:\/\/www.palarasol.it\/fr\/categorie-produit\/parasols-standard\/"},{"@type":"ListItem","position":4,"name":"Superalux 200&#215;200 cm"}]},{"@type":"WebSite","@id":"http:\/\/www.palarasol.it\/fr\/#website","url":"http:\/\/www.palarasol.it\/fr\/","name":"Palarasol","description":"","publisher":{"@id":"http:\/\/www.palarasol.it\/fr\/#organization"},"potentialAction":[{"@type":"SearchAction","target":{"@type":"EntryPoint","urlTemplate":"http:\/\/www.palarasol.it\/fr\/?s={search_term_string}"},"query-input":{"@type":"PropertyValueSpecification","valueRequired":true,"valueName":"search_term_string"}}],"inLanguage":"fr-FR"},{"@type":"Organization","@id":"http:\/\/www.palarasol.it\/fr\/#organization","name":"Palara Gianluca & C. S.a.s","url":"http:\/\/www.palarasol.it\/fr\/","logo":{"@type":"ImageObject","inLanguage":"fr-FR","@id":"http:\/\/www.palarasol.it\/fr\/#\/schema\/logo\/image\/","url":"https:\/\/stagingpalara4.it\/wp-content\/uploads\/2015\/06\/logo.png","contentUrl":"https:\/\/stagingpalara4.it\/wp-content\/uploads\/2015\/06\/logo.png","width":800,"height":189,"caption":"Palara Gianluca & C. S.a.s"},"image":{"@id":"http:\/\/www.palarasol.it\/fr\/#\/schema\/logo\/image\/"},"sameAs":["https:\/\/www.facebook.com\/palarasol","https:\/\/x.com\/palarasol"]}]}},"_links":{"self":[{"href":"https:\/\/www.palarasol.it\/fr\/wp-json\/wp\/v2\/product\/71528","targetHints":{"allow":["GET"]}}],"collection":[{"href":"https:\/\/www.palarasol.it\/fr\/wp-json\/wp\/v2\/product"}],"about":[{"href":"https:\/\/www.palarasol.it\/fr\/wp-json\/wp\/v2\/types\/product"}],"version-history":[{"count":0,"href":"https:\/\/www.palarasol.it\/fr\/wp-json\/wp\/v2\/product\/71528\/revisions"}],"wp:featuredmedia":[{"embeddable":true,"href":"https:\/\/www.palarasol.it\/fr\/wp-json\/wp\/v2\/media\/71520"}],"wp:attachment":[{"href":"https:\/\/www.palarasol.it\/fr\/wp-json\/wp\/v2\/media?parent=71528"}],"wp:term":[{"taxonomy":"product_brand","embeddable":true,"href":"https:\/\/www.palarasol.it\/fr\/wp-json\/wp\/v2\/product_brand?post=71528"},{"taxonomy":"product_cat","embeddable":true,"href":"https:\/\/www.palarasol.it\/fr\/wp-json\/wp\/v2\/product_cat?post=71528"},{"taxonomy":"product_tag","embeddable":true,"href":"https:\/\/www.palarasol.it\/fr\/wp-json\/wp\/v2\/product_tag?post=71528"}],"curies":[{"name":"wp","href":"https:\/\/api.w.org\/{rel}","templated":true}]}}