{"id":71613,"date":"2020-05-28T16:03:28","date_gmt":"2020-05-28T14:03:28","guid":{"rendered":"https:\/\/stagingpalara4.it\/shop\/senza%20categoria\/venise-alu\/"},"modified":"2025-07-24T08:56:58","modified_gmt":"2025-07-24T06:56:58","slug":"venitien-alu-o240-cm","status":"publish","type":"product","link":"https:\/\/www.palarasol.it\/fr\/shop\/parasols-fr\/venitien-alu-o240-cm\/","title":{"rendered":"Venezia Alu \u00f8240 cm"},"content":{"rendered":"<p><strong>Mat\u00e9riel<\/strong>: coton duplex 200gr, uni\/imprim\u00e9 ou uni\/un<br \/>\n<strong>Solidit\u00e9 des couleurs<\/strong>: 5-6<br \/>\nBonne protection contre les UV<br \/>\nSangle de fermeture<br \/>\nSans lambrequins<br \/>\nDiam\u00e8tre 200 cm<br \/>\nCadre avec poteau mm 33\/37 aluminium, hauteur fixe 230 cm, charni\u00e8re m\u00e9tallique<br \/>\nBaguettes : acier galvanis\u00e9 mm 4,5 crochet<br \/>\nDoublure avec bandouli\u00e8re <strong>gratuite<\/strong><br \/>\n<strong>Fabriqu\u00e9 en Italie.<\/strong><br \/>\nUn poids de base &gt; de 15 kg est indiqu\u00e9. Base non incluse.<\/p>\n","protected":false},"excerpt":{"rendered":"<p>Art 182A Maffei &#8211; 120\/8 cm &#8211; 240 &#8211; h. 230 cm<\/p>\n<p><img decoding=\"async\" class=\"alignnone size-full wp-image-71608\" src=\"https:\/\/www.palarasol.it\/wp-content\/uploads\/2020\/05\/schema-182A.png\" alt=\"sch\u00e9ma-182A\" width=\"179\" height=\"99\"\/><\/p>\n","protected":false},"featured_media":71602,"template":"","meta":{"_acf_changed":false,"_monsterinsights_skip_tracking":false,"_monsterinsights_sitenote_active":false,"_monsterinsights_sitenote_note":"","_monsterinsights_sitenote_category":0},"product_brand":[],"product_cat":[440,541],"product_tag":[900,448,986,436,452,747,976],"class_list":{"0":"post-71613","1":"product","2":"type-product","3":"status-publish","4":"has-post-thumbnail","6":"product_cat-parasols-fr","7":"product_cat-parasols-standard","8":"product_tag-aluminium","9":"product_tag-design-fr","10":"product_tag-duplex-de-coton","11":"product_tag-fabrique-en-italie","12":"product_tag-maffei-fr","13":"product_tag-parapluies-maffei","14":"product_tag-sans-vol","16":"first","17":"instock","18":"shipping-taxable","19":"purchasable","20":"product-type-variable"},"acf":[],"yoast_head":"<!-- This site is optimized with the Yoast SEO plugin v27.2 - https:\/\/yoast.com\/product\/yoast-seo-wordpress\/ -->\n<title>Venezia - Parasol standard - Made in Italy - Palarasol<\/title>\n<meta name=\"description\" content=\"Venezia - Parasol standard - Made in Italy Coton duplex 200gr, solidit\u00e9 des couleurs \u00e0 la lumi\u00e8re : 5-6. Facteur de protection UV : bon. 240 cm\" \/>\n<meta name=\"robots\" content=\"index, follow, max-snippet:-1, max-image-preview:large, max-video-preview:-1\" \/>\n<link rel=\"canonical\" href=\"https:\/\/www.palarasol.it\/fr\/shop\/parasols-fr\/venitien-alu-o240-cm\/\" \/>\n<meta property=\"og:locale\" content=\"fr_FR\" \/>\n<meta property=\"og:type\" content=\"article\" \/>\n<meta property=\"og:title\" content=\"Venezia - Parasol standard - Made in Italy - Palarasol\" \/>\n<meta property=\"og:description\" content=\"Venezia - Parasol standard - Made in Italy Coton duplex 200gr, solidit\u00e9 des couleurs \u00e0 la lumi\u00e8re : 5-6. Facteur de protection UV : bon. 240 cm\" \/>\n<meta property=\"og:url\" content=\"https:\/\/www.palarasol.it\/fr\/shop\/parasols-fr\/venitien-alu-o240-cm\/\" \/>\n<meta property=\"og:site_name\" content=\"Palarasol\" \/>\n<meta property=\"article:publisher\" content=\"https:\/\/www.facebook.com\/palarasol\" \/>\n<meta property=\"article:modified_time\" content=\"2025-07-24T06:56:58+00:00\" \/>\n<meta property=\"og:image\" content=\"https:\/\/www.palarasol.it\/wp-content\/uploads\/2020\/05\/ombrellone-classico-venezia.jpg\" \/>\n\t<meta property=\"og:image:width\" content=\"1201\" \/>\n\t<meta property=\"og:image:height\" content=\"797\" \/>\n\t<meta property=\"og:image:type\" content=\"image\/jpeg\" \/>\n<meta name=\"twitter:card\" content=\"summary_large_image\" \/>\n<meta name=\"twitter:site\" content=\"@palarasol\" \/>\n<script type=\"application\/ld+json\" class=\"yoast-schema-graph\">{\"@context\":\"https:\/\/schema.org\",\"@graph\":[{\"@type\":\"WebPage\",\"@id\":\"https:\/\/www.palarasol.it\/fr\/shop\/parasols-fr\/venitien-alu-o240-cm\/\",\"url\":\"https:\/\/www.palarasol.it\/fr\/shop\/parasols-fr\/venitien-alu-o240-cm\/\",\"name\":\"Venezia - Parasol standard - Made in Italy - Palarasol\",\"isPartOf\":{\"@id\":\"http:\/\/www.palarasol.it\/fr\/#website\"},\"primaryImageOfPage\":{\"@id\":\"https:\/\/www.palarasol.it\/fr\/shop\/parasols-fr\/venitien-alu-o240-cm\/#primaryimage\"},\"image\":{\"@id\":\"https:\/\/www.palarasol.it\/fr\/shop\/parasols-fr\/venitien-alu-o240-cm\/#primaryimage\"},\"thumbnailUrl\":\"https:\/\/www.palarasol.it\/wp-content\/uploads\/2020\/05\/ombrellone-classico-venezia.jpg\",\"datePublished\":\"2020-05-28T14:03:28+00:00\",\"dateModified\":\"2025-07-24T06:56:58+00:00\",\"description\":\"Venezia - Parasol standard - Made in Italy Coton duplex 200gr, solidit\u00e9 des couleurs \u00e0 la lumi\u00e8re : 5-6. Facteur de protection UV : bon. 240 cm\",\"breadcrumb\":{\"@id\":\"https:\/\/www.palarasol.it\/fr\/shop\/parasols-fr\/venitien-alu-o240-cm\/#breadcrumb\"},\"inLanguage\":\"fr-FR\",\"potentialAction\":[{\"@type\":\"ReadAction\",\"target\":[\"https:\/\/www.palarasol.it\/fr\/shop\/parasols-fr\/venitien-alu-o240-cm\/\"]}]},{\"@type\":\"ImageObject\",\"inLanguage\":\"fr-FR\",\"@id\":\"https:\/\/www.palarasol.it\/fr\/shop\/parasols-fr\/venitien-alu-o240-cm\/#primaryimage\",\"url\":\"https:\/\/www.palarasol.it\/wp-content\/uploads\/2020\/05\/ombrellone-classico-venezia.jpg\",\"contentUrl\":\"https:\/\/www.palarasol.it\/wp-content\/uploads\/2020\/05\/ombrellone-classico-venezia.jpg\",\"width\":1201,\"height\":797,\"caption\":\"parasol classique Venise\"},{\"@type\":\"BreadcrumbList\",\"@id\":\"https:\/\/www.palarasol.it\/fr\/shop\/parasols-fr\/venitien-alu-o240-cm\/#breadcrumb\",\"itemListElement\":[{\"@type\":\"ListItem\",\"position\":1,\"name\":\"Home\",\"item\":\"https:\/\/www.palarasol.it\/fr\/10073-2\/\"},{\"@type\":\"ListItem\",\"position\":2,\"name\":\"Shop\",\"item\":\"http:\/\/stagingpalara4.it\/negozio\/\"},{\"@type\":\"ListItem\",\"position\":3,\"name\":\"Parasols standard\",\"item\":\"https:\/\/www.palarasol.it\/fr\/categorie-produit\/parasols-standard\/\"},{\"@type\":\"ListItem\",\"position\":4,\"name\":\"Venezia Alu \u00f8240 cm\"}]},{\"@type\":\"WebSite\",\"@id\":\"http:\/\/www.palarasol.it\/fr\/#website\",\"url\":\"http:\/\/www.palarasol.it\/fr\/\",\"name\":\"Palarasol\",\"description\":\"\",\"publisher\":{\"@id\":\"http:\/\/www.palarasol.it\/fr\/#organization\"},\"potentialAction\":[{\"@type\":\"SearchAction\",\"target\":{\"@type\":\"EntryPoint\",\"urlTemplate\":\"http:\/\/www.palarasol.it\/fr\/?s={search_term_string}\"},\"query-input\":{\"@type\":\"PropertyValueSpecification\",\"valueRequired\":true,\"valueName\":\"search_term_string\"}}],\"inLanguage\":\"fr-FR\"},{\"@type\":\"Organization\",\"@id\":\"http:\/\/www.palarasol.it\/fr\/#organization\",\"name\":\"Palara Gianluca & C. S.a.s\",\"url\":\"http:\/\/www.palarasol.it\/fr\/\",\"logo\":{\"@type\":\"ImageObject\",\"inLanguage\":\"fr-FR\",\"@id\":\"http:\/\/www.palarasol.it\/fr\/#\/schema\/logo\/image\/\",\"url\":\"https:\/\/stagingpalara4.it\/wp-content\/uploads\/2015\/06\/logo.png\",\"contentUrl\":\"https:\/\/stagingpalara4.it\/wp-content\/uploads\/2015\/06\/logo.png\",\"width\":800,\"height\":189,\"caption\":\"Palara Gianluca & C. S.a.s\"},\"image\":{\"@id\":\"http:\/\/www.palarasol.it\/fr\/#\/schema\/logo\/image\/\"},\"sameAs\":[\"https:\/\/www.facebook.com\/palarasol\",\"https:\/\/x.com\/palarasol\"]}]}<\/script>\n<!-- \/ Yoast SEO plugin. -->","yoast_head_json":{"title":"Venezia - Parasol standard - Made in Italy - Palarasol","description":"Venezia - Parasol standard - Made in Italy Coton duplex 200gr, solidit\u00e9 des couleurs \u00e0 la lumi\u00e8re : 5-6. Facteur de protection UV : bon. 240 cm","robots":{"index":"index","follow":"follow","max-snippet":"max-snippet:-1","max-image-preview":"max-image-preview:large","max-video-preview":"max-video-preview:-1"},"canonical":"https:\/\/www.palarasol.it\/fr\/shop\/parasols-fr\/venitien-alu-o240-cm\/","og_locale":"fr_FR","og_type":"article","og_title":"Venezia - Parasol standard - Made in Italy - Palarasol","og_description":"Venezia - Parasol standard - Made in Italy Coton duplex 200gr, solidit\u00e9 des couleurs \u00e0 la lumi\u00e8re : 5-6. Facteur de protection UV : bon. 240 cm","og_url":"https:\/\/www.palarasol.it\/fr\/shop\/parasols-fr\/venitien-alu-o240-cm\/","og_site_name":"Palarasol","article_publisher":"https:\/\/www.facebook.com\/palarasol","article_modified_time":"2025-07-24T06:56:58+00:00","og_image":[{"width":1201,"height":797,"url":"https:\/\/www.palarasol.it\/wp-content\/uploads\/2020\/05\/ombrellone-classico-venezia.jpg","type":"image\/jpeg"}],"twitter_card":"summary_large_image","twitter_site":"@palarasol","schema":{"@context":"https:\/\/schema.org","@graph":[{"@type":"WebPage","@id":"https:\/\/www.palarasol.it\/fr\/shop\/parasols-fr\/venitien-alu-o240-cm\/","url":"https:\/\/www.palarasol.it\/fr\/shop\/parasols-fr\/venitien-alu-o240-cm\/","name":"Venezia - Parasol standard - Made in Italy - Palarasol","isPartOf":{"@id":"http:\/\/www.palarasol.it\/fr\/#website"},"primaryImageOfPage":{"@id":"https:\/\/www.palarasol.it\/fr\/shop\/parasols-fr\/venitien-alu-o240-cm\/#primaryimage"},"image":{"@id":"https:\/\/www.palarasol.it\/fr\/shop\/parasols-fr\/venitien-alu-o240-cm\/#primaryimage"},"thumbnailUrl":"https:\/\/www.palarasol.it\/wp-content\/uploads\/2020\/05\/ombrellone-classico-venezia.jpg","datePublished":"2020-05-28T14:03:28+00:00","dateModified":"2025-07-24T06:56:58+00:00","description":"Venezia - Parasol standard - Made in Italy Coton duplex 200gr, solidit\u00e9 des couleurs \u00e0 la lumi\u00e8re : 5-6. Facteur de protection UV : bon. 240 cm","breadcrumb":{"@id":"https:\/\/www.palarasol.it\/fr\/shop\/parasols-fr\/venitien-alu-o240-cm\/#breadcrumb"},"inLanguage":"fr-FR","potentialAction":[{"@type":"ReadAction","target":["https:\/\/www.palarasol.it\/fr\/shop\/parasols-fr\/venitien-alu-o240-cm\/"]}]},{"@type":"ImageObject","inLanguage":"fr-FR","@id":"https:\/\/www.palarasol.it\/fr\/shop\/parasols-fr\/venitien-alu-o240-cm\/#primaryimage","url":"https:\/\/www.palarasol.it\/wp-content\/uploads\/2020\/05\/ombrellone-classico-venezia.jpg","contentUrl":"https:\/\/www.palarasol.it\/wp-content\/uploads\/2020\/05\/ombrellone-classico-venezia.jpg","width":1201,"height":797,"caption":"parasol classique Venise"},{"@type":"BreadcrumbList","@id":"https:\/\/www.palarasol.it\/fr\/shop\/parasols-fr\/venitien-alu-o240-cm\/#breadcrumb","itemListElement":[{"@type":"ListItem","position":1,"name":"Home","item":"https:\/\/www.palarasol.it\/fr\/10073-2\/"},{"@type":"ListItem","position":2,"name":"Shop","item":"http:\/\/stagingpalara4.it\/negozio\/"},{"@type":"ListItem","position":3,"name":"Parasols standard","item":"https:\/\/www.palarasol.it\/fr\/categorie-produit\/parasols-standard\/"},{"@type":"ListItem","position":4,"name":"Venezia Alu \u00f8240 cm"}]},{"@type":"WebSite","@id":"http:\/\/www.palarasol.it\/fr\/#website","url":"http:\/\/www.palarasol.it\/fr\/","name":"Palarasol","description":"","publisher":{"@id":"http:\/\/www.palarasol.it\/fr\/#organization"},"potentialAction":[{"@type":"SearchAction","target":{"@type":"EntryPoint","urlTemplate":"http:\/\/www.palarasol.it\/fr\/?s={search_term_string}"},"query-input":{"@type":"PropertyValueSpecification","valueRequired":true,"valueName":"search_term_string"}}],"inLanguage":"fr-FR"},{"@type":"Organization","@id":"http:\/\/www.palarasol.it\/fr\/#organization","name":"Palara Gianluca & C. S.a.s","url":"http:\/\/www.palarasol.it\/fr\/","logo":{"@type":"ImageObject","inLanguage":"fr-FR","@id":"http:\/\/www.palarasol.it\/fr\/#\/schema\/logo\/image\/","url":"https:\/\/stagingpalara4.it\/wp-content\/uploads\/2015\/06\/logo.png","contentUrl":"https:\/\/stagingpalara4.it\/wp-content\/uploads\/2015\/06\/logo.png","width":800,"height":189,"caption":"Palara Gianluca & C. S.a.s"},"image":{"@id":"http:\/\/www.palarasol.it\/fr\/#\/schema\/logo\/image\/"},"sameAs":["https:\/\/www.facebook.com\/palarasol","https:\/\/x.com\/palarasol"]}]}},"_links":{"self":[{"href":"https:\/\/www.palarasol.it\/fr\/wp-json\/wp\/v2\/product\/71613","targetHints":{"allow":["GET"]}}],"collection":[{"href":"https:\/\/www.palarasol.it\/fr\/wp-json\/wp\/v2\/product"}],"about":[{"href":"https:\/\/www.palarasol.it\/fr\/wp-json\/wp\/v2\/types\/product"}],"version-history":[{"count":0,"href":"https:\/\/www.palarasol.it\/fr\/wp-json\/wp\/v2\/product\/71613\/revisions"}],"wp:featuredmedia":[{"embeddable":true,"href":"https:\/\/www.palarasol.it\/fr\/wp-json\/wp\/v2\/media\/71602"}],"wp:attachment":[{"href":"https:\/\/www.palarasol.it\/fr\/wp-json\/wp\/v2\/media?parent=71613"}],"wp:term":[{"taxonomy":"product_brand","embeddable":true,"href":"https:\/\/www.palarasol.it\/fr\/wp-json\/wp\/v2\/product_brand?post=71613"},{"taxonomy":"product_cat","embeddable":true,"href":"https:\/\/www.palarasol.it\/fr\/wp-json\/wp\/v2\/product_cat?post=71613"},{"taxonomy":"product_tag","embeddable":true,"href":"https:\/\/www.palarasol.it\/fr\/wp-json\/wp\/v2\/product_tag?post=71613"}],"curies":[{"name":"wp","href":"https:\/\/api.w.org\/{rel}","templated":true}]}}