{"id":71755,"date":"2020-06-01T17:48:52","date_gmt":"2020-06-01T15:48:52","guid":{"rendered":"https:\/\/stagingpalara4.it\/shop\/senza%20categoria\/novara-155x155-cm-2\/"},"modified":"2025-07-24T08:49:25","modified_gmt":"2025-07-24T06:49:25","slug":"novara-155x155-cm","status":"publish","type":"product","link":"https:\/\/www.palarasol.it\/fr\/shop\/parasols-fr\/novara-155x155-cm\/","title":{"rendered":"Novara 155&#215;155 cm"},"content":{"rendered":"<p><strong>Mat\u00e9riel:<\/strong> polyester standard 140g<br \/>\n<strong>Solidit\u00e9 des couleurs \u00e0 la lumi\u00e8re<\/strong>: 4-6<br \/>\nSans lambrequins<\/p>\n<p><strong>CADRE<br \/>\nPerche :<\/strong> acier mm 27\/30 blanc ou 22\/25 graphite, r\u00e9glable en hauteur, avec articulation<br \/>\n<strong>Baguettes:<\/strong> parangon<\/p>\n<p><strong>Doublure<\/strong> d\u2019\u00e9paulelibre<br \/>\n<strong>Fabriqu\u00e9 en Italie.<\/strong><br \/>\nPi\u00e9destal non inclus (disponible sur commande)<br \/>\nPoids par base &gt; 15 kg<\/p>\n","protected":false},"excerpt":{"rendered":"<p>Art 113q &#8211; Maffei &#8211; Parasol carr\u00e9 cm 155&#215;155\/4<\/p>\n<p><a href=\"https:\/\/www.palarasol.it\/wp-content\/uploads\/2020\/06\/schema113-300x151.jpg\"><img decoding=\"async\" class=\"alignnone size-medium wp-image-83032\" src=\"https:\/\/www.palarasol.it\/wp-content\/uploads\/2020\/06\/schema113-300x151.jpg\" alt=\"\" width=\"300\" height=\"151\" srcset=\"https:\/\/www.palarasol.it\/wp-content\/uploads\/2020\/06\/schema113-300x151.jpg 300w, https:\/\/www.palarasol.it\/wp-content\/uploads\/2020\/06\/schema113-1024x515.jpg 1024w, https:\/\/www.palarasol.it\/wp-content\/uploads\/2020\/06\/schema113-768x386.jpg 768w, https:\/\/www.palarasol.it\/wp-content\/uploads\/2020\/06\/schema113-600x302.jpg 600w, https:\/\/www.palarasol.it\/wp-content\/uploads\/2020\/06\/schema113.jpg 1200w\" sizes=\"(max-width: 300px) 100vw, 300px\" \/><\/a><\/p>\n","protected":false},"featured_media":85514,"template":"","meta":{"_acf_changed":false,"_monsterinsights_skip_tracking":false,"_monsterinsights_sitenote_active":false,"_monsterinsights_sitenote_note":"","_monsterinsights_sitenote_category":0},"product_brand":[],"product_cat":[440,541],"product_tag":[436,452,938,788,747,980,897,939],"class_list":{"0":"post-71755","1":"product","2":"type-product","3":"status-publish","4":"has-post-thumbnail","6":"product_cat-parasols-fr","7":"product_cat-parasols-standard","8":"product_tag-fabrique-en-italie","9":"product_tag-maffei-fr","10":"product_tag-mer","11":"product_tag-parapluies-classiques","12":"product_tag-parapluies-maffei","13":"product_tag-parasol-avec-des-depliants","14":"product_tag-parasol-rectangulaire","15":"product_tag-plage","17":"first","18":"instock","19":"shipping-taxable","20":"purchasable","21":"product-type-variable"},"acf":[],"yoast_head":"<!-- This site is optimized with the Yoast SEO plugin v27.2 - https:\/\/yoast.com\/product\/yoast-seo-wordpress\/ -->\n<title>Novara 155x155 cm - %.<\/title>\n<meta name=\"description\" content=\"Parasol en polyester imperm\u00e9able de 140 g, armature en acier blanc\/gris, hauteur fixe de 230 cm, inclinaison et housse gratuites.\" \/>\n<meta name=\"robots\" content=\"index, follow, max-snippet:-1, max-image-preview:large, max-video-preview:-1\" \/>\n<link rel=\"canonical\" href=\"https:\/\/www.palarasol.it\/fr\/shop\/parasols-fr\/novara-155x155-cm\/\" \/>\n<meta property=\"og:locale\" content=\"fr_FR\" \/>\n<meta property=\"og:type\" content=\"article\" \/>\n<meta property=\"og:title\" content=\"Novara 155x155 cm - %.\" \/>\n<meta property=\"og:description\" content=\"Parasol en polyester imperm\u00e9able de 140 g, armature en acier blanc\/gris, hauteur fixe de 230 cm, inclinaison et housse gratuites.\" \/>\n<meta property=\"og:url\" content=\"https:\/\/www.palarasol.it\/fr\/shop\/parasols-fr\/novara-155x155-cm\/\" \/>\n<meta property=\"og:site_name\" content=\"Palarasol\" \/>\n<meta property=\"article:publisher\" content=\"https:\/\/www.facebook.com\/palarasol\" \/>\n<meta property=\"article:modified_time\" content=\"2025-07-24T06:49:25+00:00\" \/>\n<meta property=\"og:image\" content=\"https:\/\/www.palarasol.it\/wp-content\/uploads\/2020\/06\/ombrellone-quadrato-novara2.jpg\" \/>\n\t<meta property=\"og:image:width\" content=\"1208\" \/>\n\t<meta property=\"og:image:height\" content=\"805\" \/>\n\t<meta property=\"og:image:type\" content=\"image\/jpeg\" \/>\n<meta name=\"twitter:card\" content=\"summary_large_image\" \/>\n<meta name=\"twitter:site\" content=\"@palarasol\" \/>\n<script type=\"application\/ld+json\" class=\"yoast-schema-graph\">{\"@context\":\"https:\/\/schema.org\",\"@graph\":[{\"@type\":\"WebPage\",\"@id\":\"https:\/\/www.palarasol.it\/fr\/shop\/parasols-fr\/novara-155x155-cm\/\",\"url\":\"https:\/\/www.palarasol.it\/fr\/shop\/parasols-fr\/novara-155x155-cm\/\",\"name\":\"Novara 155x155 cm - %.\",\"isPartOf\":{\"@id\":\"http:\/\/www.palarasol.it\/fr\/#website\"},\"primaryImageOfPage\":{\"@id\":\"https:\/\/www.palarasol.it\/fr\/shop\/parasols-fr\/novara-155x155-cm\/#primaryimage\"},\"image\":{\"@id\":\"https:\/\/www.palarasol.it\/fr\/shop\/parasols-fr\/novara-155x155-cm\/#primaryimage\"},\"thumbnailUrl\":\"https:\/\/www.palarasol.it\/wp-content\/uploads\/2020\/06\/PER-WEB-scaled.jpg\",\"datePublished\":\"2020-06-01T15:48:52+00:00\",\"dateModified\":\"2025-07-24T06:49:25+00:00\",\"description\":\"Parasol en polyester imperm\u00e9able de 140 g, armature en acier blanc\/gris, hauteur fixe de 230 cm, inclinaison et housse gratuites.\",\"breadcrumb\":{\"@id\":\"https:\/\/www.palarasol.it\/fr\/shop\/parasols-fr\/novara-155x155-cm\/#breadcrumb\"},\"inLanguage\":\"fr-FR\",\"potentialAction\":[{\"@type\":\"ReadAction\",\"target\":[\"https:\/\/www.palarasol.it\/fr\/shop\/parasols-fr\/novara-155x155-cm\/\"]}]},{\"@type\":\"ImageObject\",\"inLanguage\":\"fr-FR\",\"@id\":\"https:\/\/www.palarasol.it\/fr\/shop\/parasols-fr\/novara-155x155-cm\/#primaryimage\",\"url\":\"https:\/\/www.palarasol.it\/wp-content\/uploads\/2020\/06\/PER-WEB-scaled.jpg\",\"contentUrl\":\"https:\/\/www.palarasol.it\/wp-content\/uploads\/2020\/06\/PER-WEB-scaled.jpg\",\"width\":2560,\"height\":1920},{\"@type\":\"BreadcrumbList\",\"@id\":\"https:\/\/www.palarasol.it\/fr\/shop\/parasols-fr\/novara-155x155-cm\/#breadcrumb\",\"itemListElement\":[{\"@type\":\"ListItem\",\"position\":1,\"name\":\"Home\",\"item\":\"https:\/\/www.palarasol.it\/fr\/10073-2\/\"},{\"@type\":\"ListItem\",\"position\":2,\"name\":\"Shop\",\"item\":\"http:\/\/stagingpalara4.it\/negozio\/\"},{\"@type\":\"ListItem\",\"position\":3,\"name\":\"Parasols standard\",\"item\":\"https:\/\/www.palarasol.it\/fr\/categorie-produit\/parasols-standard\/\"},{\"@type\":\"ListItem\",\"position\":4,\"name\":\"Novara 155&#215;155 cm\"}]},{\"@type\":\"WebSite\",\"@id\":\"http:\/\/www.palarasol.it\/fr\/#website\",\"url\":\"http:\/\/www.palarasol.it\/fr\/\",\"name\":\"Palarasol\",\"description\":\"\",\"publisher\":{\"@id\":\"http:\/\/www.palarasol.it\/fr\/#organization\"},\"potentialAction\":[{\"@type\":\"SearchAction\",\"target\":{\"@type\":\"EntryPoint\",\"urlTemplate\":\"http:\/\/www.palarasol.it\/fr\/?s={search_term_string}\"},\"query-input\":{\"@type\":\"PropertyValueSpecification\",\"valueRequired\":true,\"valueName\":\"search_term_string\"}}],\"inLanguage\":\"fr-FR\"},{\"@type\":\"Organization\",\"@id\":\"http:\/\/www.palarasol.it\/fr\/#organization\",\"name\":\"Palara Gianluca & C. S.a.s\",\"url\":\"http:\/\/www.palarasol.it\/fr\/\",\"logo\":{\"@type\":\"ImageObject\",\"inLanguage\":\"fr-FR\",\"@id\":\"http:\/\/www.palarasol.it\/fr\/#\/schema\/logo\/image\/\",\"url\":\"https:\/\/stagingpalara4.it\/wp-content\/uploads\/2015\/06\/logo.png\",\"contentUrl\":\"https:\/\/stagingpalara4.it\/wp-content\/uploads\/2015\/06\/logo.png\",\"width\":800,\"height\":189,\"caption\":\"Palara Gianluca & C. S.a.s\"},\"image\":{\"@id\":\"http:\/\/www.palarasol.it\/fr\/#\/schema\/logo\/image\/\"},\"sameAs\":[\"https:\/\/www.facebook.com\/palarasol\",\"https:\/\/x.com\/palarasol\"]}]}<\/script>\n<!-- \/ Yoast SEO plugin. -->","yoast_head_json":{"title":"Novara 155x155 cm - %.","description":"Parasol en polyester imperm\u00e9able de 140 g, armature en acier blanc\/gris, hauteur fixe de 230 cm, inclinaison et housse gratuites.","robots":{"index":"index","follow":"follow","max-snippet":"max-snippet:-1","max-image-preview":"max-image-preview:large","max-video-preview":"max-video-preview:-1"},"canonical":"https:\/\/www.palarasol.it\/fr\/shop\/parasols-fr\/novara-155x155-cm\/","og_locale":"fr_FR","og_type":"article","og_title":"Novara 155x155 cm - %.","og_description":"Parasol en polyester imperm\u00e9able de 140 g, armature en acier blanc\/gris, hauteur fixe de 230 cm, inclinaison et housse gratuites.","og_url":"https:\/\/www.palarasol.it\/fr\/shop\/parasols-fr\/novara-155x155-cm\/","og_site_name":"Palarasol","article_publisher":"https:\/\/www.facebook.com\/palarasol","article_modified_time":"2025-07-24T06:49:25+00:00","og_image":[{"width":1208,"height":805,"url":"https:\/\/www.palarasol.it\/wp-content\/uploads\/2020\/06\/ombrellone-quadrato-novara2.jpg","type":"image\/jpeg"}],"twitter_card":"summary_large_image","twitter_site":"@palarasol","schema":{"@context":"https:\/\/schema.org","@graph":[{"@type":"WebPage","@id":"https:\/\/www.palarasol.it\/fr\/shop\/parasols-fr\/novara-155x155-cm\/","url":"https:\/\/www.palarasol.it\/fr\/shop\/parasols-fr\/novara-155x155-cm\/","name":"Novara 155x155 cm - %.","isPartOf":{"@id":"http:\/\/www.palarasol.it\/fr\/#website"},"primaryImageOfPage":{"@id":"https:\/\/www.palarasol.it\/fr\/shop\/parasols-fr\/novara-155x155-cm\/#primaryimage"},"image":{"@id":"https:\/\/www.palarasol.it\/fr\/shop\/parasols-fr\/novara-155x155-cm\/#primaryimage"},"thumbnailUrl":"https:\/\/www.palarasol.it\/wp-content\/uploads\/2020\/06\/PER-WEB-scaled.jpg","datePublished":"2020-06-01T15:48:52+00:00","dateModified":"2025-07-24T06:49:25+00:00","description":"Parasol en polyester imperm\u00e9able de 140 g, armature en acier blanc\/gris, hauteur fixe de 230 cm, inclinaison et housse gratuites.","breadcrumb":{"@id":"https:\/\/www.palarasol.it\/fr\/shop\/parasols-fr\/novara-155x155-cm\/#breadcrumb"},"inLanguage":"fr-FR","potentialAction":[{"@type":"ReadAction","target":["https:\/\/www.palarasol.it\/fr\/shop\/parasols-fr\/novara-155x155-cm\/"]}]},{"@type":"ImageObject","inLanguage":"fr-FR","@id":"https:\/\/www.palarasol.it\/fr\/shop\/parasols-fr\/novara-155x155-cm\/#primaryimage","url":"https:\/\/www.palarasol.it\/wp-content\/uploads\/2020\/06\/PER-WEB-scaled.jpg","contentUrl":"https:\/\/www.palarasol.it\/wp-content\/uploads\/2020\/06\/PER-WEB-scaled.jpg","width":2560,"height":1920},{"@type":"BreadcrumbList","@id":"https:\/\/www.palarasol.it\/fr\/shop\/parasols-fr\/novara-155x155-cm\/#breadcrumb","itemListElement":[{"@type":"ListItem","position":1,"name":"Home","item":"https:\/\/www.palarasol.it\/fr\/10073-2\/"},{"@type":"ListItem","position":2,"name":"Shop","item":"http:\/\/stagingpalara4.it\/negozio\/"},{"@type":"ListItem","position":3,"name":"Parasols standard","item":"https:\/\/www.palarasol.it\/fr\/categorie-produit\/parasols-standard\/"},{"@type":"ListItem","position":4,"name":"Novara 155&#215;155 cm"}]},{"@type":"WebSite","@id":"http:\/\/www.palarasol.it\/fr\/#website","url":"http:\/\/www.palarasol.it\/fr\/","name":"Palarasol","description":"","publisher":{"@id":"http:\/\/www.palarasol.it\/fr\/#organization"},"potentialAction":[{"@type":"SearchAction","target":{"@type":"EntryPoint","urlTemplate":"http:\/\/www.palarasol.it\/fr\/?s={search_term_string}"},"query-input":{"@type":"PropertyValueSpecification","valueRequired":true,"valueName":"search_term_string"}}],"inLanguage":"fr-FR"},{"@type":"Organization","@id":"http:\/\/www.palarasol.it\/fr\/#organization","name":"Palara Gianluca & C. S.a.s","url":"http:\/\/www.palarasol.it\/fr\/","logo":{"@type":"ImageObject","inLanguage":"fr-FR","@id":"http:\/\/www.palarasol.it\/fr\/#\/schema\/logo\/image\/","url":"https:\/\/stagingpalara4.it\/wp-content\/uploads\/2015\/06\/logo.png","contentUrl":"https:\/\/stagingpalara4.it\/wp-content\/uploads\/2015\/06\/logo.png","width":800,"height":189,"caption":"Palara Gianluca & C. S.a.s"},"image":{"@id":"http:\/\/www.palarasol.it\/fr\/#\/schema\/logo\/image\/"},"sameAs":["https:\/\/www.facebook.com\/palarasol","https:\/\/x.com\/palarasol"]}]}},"_links":{"self":[{"href":"https:\/\/www.palarasol.it\/fr\/wp-json\/wp\/v2\/product\/71755","targetHints":{"allow":["GET"]}}],"collection":[{"href":"https:\/\/www.palarasol.it\/fr\/wp-json\/wp\/v2\/product"}],"about":[{"href":"https:\/\/www.palarasol.it\/fr\/wp-json\/wp\/v2\/types\/product"}],"version-history":[{"count":0,"href":"https:\/\/www.palarasol.it\/fr\/wp-json\/wp\/v2\/product\/71755\/revisions"}],"wp:featuredmedia":[{"embeddable":true,"href":"https:\/\/www.palarasol.it\/fr\/wp-json\/wp\/v2\/media\/85514"}],"wp:attachment":[{"href":"https:\/\/www.palarasol.it\/fr\/wp-json\/wp\/v2\/media?parent=71755"}],"wp:term":[{"taxonomy":"product_brand","embeddable":true,"href":"https:\/\/www.palarasol.it\/fr\/wp-json\/wp\/v2\/product_brand?post=71755"},{"taxonomy":"product_cat","embeddable":true,"href":"https:\/\/www.palarasol.it\/fr\/wp-json\/wp\/v2\/product_cat?post=71755"},{"taxonomy":"product_tag","embeddable":true,"href":"https:\/\/www.palarasol.it\/fr\/wp-json\/wp\/v2\/product_tag?post=71755"}],"curies":[{"name":"wp","href":"https:\/\/api.w.org\/{rel}","templated":true}]}}