{"id":72001,"date":"2016-03-09T18:00:44","date_gmt":"2016-03-09T17:00:44","guid":{"rendered":"https:\/\/stagingpalara4.it\/shop\/senza%20categoria\/doublure-de-chaises-de-table\/"},"modified":"2020-06-05T15:38:01","modified_gmt":"2020-06-05T13:38:01","slug":"maffei-art-935-lining-for-set-table-table-fabric-waterproof-and-breathable","status":"publish","type":"product","link":"https:\/\/www.palarasol.it\/fr\/shop\/housses\/maffei-art-935-lining-for-set-table-table-fabric-waterproof-and-breathable\/","title":{"rendered":"Doublure de chaises de table"},"content":{"rendered":"<h2>Doublure de chaises de table<\/h2>\n<p><strong>Tissu:<\/strong> Mytex respirable et imperm\u00e9able \u00e0 l\u2019eau<\/p>\n<p>Limiter la formation de moisissures et de rouille<br \/>\nFabriqu\u00e9 en Italie<\/p>\n<p>Convient \u00e0 l\u2019ensemble de table et aux chaises de diff\u00e9rentes tailles :<\/p>\n<ul>\n<li><strong>Art 935:<\/strong> cm190x100x80<\/li>\n<li><strong>Art 936:<\/strong> cm 160x100x80<\/li>\n<li><strong>Art 937:<\/strong> cm 100x100x80<\/li>\n<li><strong>Art 938:<\/strong> cm 230x130x90<\/li>\n<li><strong>Art 939:<\/strong> cm 230x130x90<\/li>\n<\/ul>\n<p><strong>Couleur:<\/strong> ext\u00e9rieur taupe, int\u00e9rieur gris clair. Le tissu peut \u00eatre utilis\u00e9 des deux c\u00f4t\u00e9s.<\/p>\n<p><strong>Avertissement :<\/strong> Assurez-vous que les mesures de notre doublure s\u2019adaptent \u00e0 votre ensemble<\/p>\n","protected":false},"excerpt":{"rendered":"<p>Maffei Fodera Art 935\/ 936\/ 938\/ 939<\/p>\n","protected":false},"featured_media":5685,"template":"","meta":{"_acf_changed":false,"_monsterinsights_skip_tracking":false,"_monsterinsights_sitenote_active":false,"_monsterinsights_sitenote_note":"","_monsterinsights_sitenote_category":0},"product_brand":[],"product_cat":[463,459],"product_tag":[843,436,446,841,842,460],"class_list":{"0":"post-72001","1":"product","2":"type-product","3":"status-publish","4":"has-post-thumbnail","6":"product_cat-accessoires","7":"product_cat-housses","8":"product_tag-doublure-de-table","9":"product_tag-fabrique-en-italie","10":"product_tag-impermeable","11":"product_tag-revetements","12":"product_tag-table-et-chaises","13":"product_tag-transpirant","15":"first","16":"instock","17":"shipping-taxable","18":"purchasable","19":"product-type-variable"},"acf":[],"yoast_head":"<!-- This site is optimized with the Yoast SEO plugin v27.2 - https:\/\/yoast.com\/product\/yoast-seo-wordpress\/ -->\n<title>Doublure de d\u00e9cor de table - chaises imperm\u00e9ables et respirantes - Palarasol<\/title>\n<meta name=\"description\" content=\"Doublure protectrice pour les chaises de table \u00e0 moyenne table. Imperm\u00e9able et respirant, r\u00e9sistant aux intemp\u00e9ries. Fabriqu\u00e9 en Italie\" \/>\n<meta name=\"robots\" content=\"index, follow, max-snippet:-1, max-image-preview:large, max-video-preview:-1\" \/>\n<link rel=\"canonical\" href=\"https:\/\/www.palarasol.it\/fr\/shop\/housses\/maffei-art-935-lining-for-set-table-table-fabric-waterproof-and-breathable\/\" \/>\n<meta property=\"og:locale\" content=\"fr_FR\" \/>\n<meta property=\"og:type\" content=\"article\" \/>\n<meta property=\"og:title\" content=\"Doublure de d\u00e9cor de table - chaises imperm\u00e9ables et respirantes - Palarasol\" \/>\n<meta property=\"og:description\" content=\"Doublure protectrice pour les chaises de table \u00e0 moyenne table. Imperm\u00e9able et respirant, r\u00e9sistant aux intemp\u00e9ries. Fabriqu\u00e9 en Italie\" \/>\n<meta property=\"og:url\" content=\"https:\/\/www.palarasol.it\/fr\/shop\/housses\/maffei-art-935-lining-for-set-table-table-fabric-waterproof-and-breathable\/\" \/>\n<meta property=\"og:site_name\" content=\"Palarasol\" \/>\n<meta property=\"article:publisher\" content=\"https:\/\/www.facebook.com\/palarasol\" \/>\n<meta property=\"article:modified_time\" content=\"2020-06-05T13:38:01+00:00\" \/>\n<meta property=\"og:image\" content=\"https:\/\/www.palarasol.it\/wp-content\/uploads\/2016\/03\/935.png\" \/>\n\t<meta property=\"og:image:width\" content=\"728\" \/>\n\t<meta property=\"og:image:height\" content=\"728\" \/>\n\t<meta property=\"og:image:type\" content=\"image\/png\" \/>\n<meta name=\"twitter:card\" content=\"summary_large_image\" \/>\n<meta name=\"twitter:site\" content=\"@palarasol\" \/>\n<script type=\"application\/ld+json\" class=\"yoast-schema-graph\">{\"@context\":\"https:\/\/schema.org\",\"@graph\":[{\"@type\":\"WebPage\",\"@id\":\"https:\/\/www.palarasol.it\/fr\/shop\/housses\/maffei-art-935-lining-for-set-table-table-fabric-waterproof-and-breathable\/\",\"url\":\"https:\/\/www.palarasol.it\/fr\/shop\/housses\/maffei-art-935-lining-for-set-table-table-fabric-waterproof-and-breathable\/\",\"name\":\"Doublure de d\u00e9cor de table - chaises imperm\u00e9ables et respirantes - Palarasol\",\"isPartOf\":{\"@id\":\"http:\/\/www.palarasol.it\/fr\/#website\"},\"primaryImageOfPage\":{\"@id\":\"https:\/\/www.palarasol.it\/fr\/shop\/housses\/maffei-art-935-lining-for-set-table-table-fabric-waterproof-and-breathable\/#primaryimage\"},\"image\":{\"@id\":\"https:\/\/www.palarasol.it\/fr\/shop\/housses\/maffei-art-935-lining-for-set-table-table-fabric-waterproof-and-breathable\/#primaryimage\"},\"thumbnailUrl\":\"https:\/\/www.palarasol.it\/wp-content\/uploads\/2016\/03\/935.png\",\"datePublished\":\"2016-03-09T17:00:44+00:00\",\"dateModified\":\"2020-06-05T13:38:01+00:00\",\"description\":\"Doublure protectrice pour les chaises de table \u00e0 moyenne table. Imperm\u00e9able et respirant, r\u00e9sistant aux intemp\u00e9ries. Fabriqu\u00e9 en Italie\",\"breadcrumb\":{\"@id\":\"https:\/\/www.palarasol.it\/fr\/shop\/housses\/maffei-art-935-lining-for-set-table-table-fabric-waterproof-and-breathable\/#breadcrumb\"},\"inLanguage\":\"fr-FR\",\"potentialAction\":[{\"@type\":\"ReadAction\",\"target\":[\"https:\/\/www.palarasol.it\/fr\/shop\/housses\/maffei-art-935-lining-for-set-table-table-fabric-waterproof-and-breathable\/\"]}]},{\"@type\":\"ImageObject\",\"inLanguage\":\"fr-FR\",\"@id\":\"https:\/\/www.palarasol.it\/fr\/shop\/housses\/maffei-art-935-lining-for-set-table-table-fabric-waterproof-and-breathable\/#primaryimage\",\"url\":\"https:\/\/www.palarasol.it\/wp-content\/uploads\/2016\/03\/935.png\",\"contentUrl\":\"https:\/\/www.palarasol.it\/wp-content\/uploads\/2016\/03\/935.png\",\"width\":728,\"height\":728,\"caption\":\"Doublure de chaises de table\"},{\"@type\":\"BreadcrumbList\",\"@id\":\"https:\/\/www.palarasol.it\/fr\/shop\/housses\/maffei-art-935-lining-for-set-table-table-fabric-waterproof-and-breathable\/#breadcrumb\",\"itemListElement\":[{\"@type\":\"ListItem\",\"position\":1,\"name\":\"Home\",\"item\":\"https:\/\/www.palarasol.it\/fr\/10073-2\/\"},{\"@type\":\"ListItem\",\"position\":2,\"name\":\"Shop\",\"item\":\"http:\/\/stagingpalara4.it\/negozio\/\"},{\"@type\":\"ListItem\",\"position\":3,\"name\":\"Accessoires\",\"item\":\"https:\/\/www.palarasol.it\/fr\/categorie-produit\/accessoires\/\"},{\"@type\":\"ListItem\",\"position\":4,\"name\":\"Doublure de chaises de table\"}]},{\"@type\":\"WebSite\",\"@id\":\"http:\/\/www.palarasol.it\/fr\/#website\",\"url\":\"http:\/\/www.palarasol.it\/fr\/\",\"name\":\"Palarasol\",\"description\":\"\",\"publisher\":{\"@id\":\"http:\/\/www.palarasol.it\/fr\/#organization\"},\"potentialAction\":[{\"@type\":\"SearchAction\",\"target\":{\"@type\":\"EntryPoint\",\"urlTemplate\":\"http:\/\/www.palarasol.it\/fr\/?s={search_term_string}\"},\"query-input\":{\"@type\":\"PropertyValueSpecification\",\"valueRequired\":true,\"valueName\":\"search_term_string\"}}],\"inLanguage\":\"fr-FR\"},{\"@type\":\"Organization\",\"@id\":\"http:\/\/www.palarasol.it\/fr\/#organization\",\"name\":\"Palara Gianluca & C. S.a.s\",\"url\":\"http:\/\/www.palarasol.it\/fr\/\",\"logo\":{\"@type\":\"ImageObject\",\"inLanguage\":\"fr-FR\",\"@id\":\"http:\/\/www.palarasol.it\/fr\/#\/schema\/logo\/image\/\",\"url\":\"https:\/\/stagingpalara4.it\/wp-content\/uploads\/2015\/06\/logo.png\",\"contentUrl\":\"https:\/\/stagingpalara4.it\/wp-content\/uploads\/2015\/06\/logo.png\",\"width\":800,\"height\":189,\"caption\":\"Palara Gianluca & C. S.a.s\"},\"image\":{\"@id\":\"http:\/\/www.palarasol.it\/fr\/#\/schema\/logo\/image\/\"},\"sameAs\":[\"https:\/\/www.facebook.com\/palarasol\",\"https:\/\/x.com\/palarasol\"]}]}<\/script>\n<!-- \/ Yoast SEO plugin. -->","yoast_head_json":{"title":"Doublure de d\u00e9cor de table - chaises imperm\u00e9ables et respirantes - Palarasol","description":"Doublure protectrice pour les chaises de table \u00e0 moyenne table. Imperm\u00e9able et respirant, r\u00e9sistant aux intemp\u00e9ries. Fabriqu\u00e9 en Italie","robots":{"index":"index","follow":"follow","max-snippet":"max-snippet:-1","max-image-preview":"max-image-preview:large","max-video-preview":"max-video-preview:-1"},"canonical":"https:\/\/www.palarasol.it\/fr\/shop\/housses\/maffei-art-935-lining-for-set-table-table-fabric-waterproof-and-breathable\/","og_locale":"fr_FR","og_type":"article","og_title":"Doublure de d\u00e9cor de table - chaises imperm\u00e9ables et respirantes - Palarasol","og_description":"Doublure protectrice pour les chaises de table \u00e0 moyenne table. Imperm\u00e9able et respirant, r\u00e9sistant aux intemp\u00e9ries. Fabriqu\u00e9 en Italie","og_url":"https:\/\/www.palarasol.it\/fr\/shop\/housses\/maffei-art-935-lining-for-set-table-table-fabric-waterproof-and-breathable\/","og_site_name":"Palarasol","article_publisher":"https:\/\/www.facebook.com\/palarasol","article_modified_time":"2020-06-05T13:38:01+00:00","og_image":[{"width":728,"height":728,"url":"https:\/\/www.palarasol.it\/wp-content\/uploads\/2016\/03\/935.png","type":"image\/png"}],"twitter_card":"summary_large_image","twitter_site":"@palarasol","schema":{"@context":"https:\/\/schema.org","@graph":[{"@type":"WebPage","@id":"https:\/\/www.palarasol.it\/fr\/shop\/housses\/maffei-art-935-lining-for-set-table-table-fabric-waterproof-and-breathable\/","url":"https:\/\/www.palarasol.it\/fr\/shop\/housses\/maffei-art-935-lining-for-set-table-table-fabric-waterproof-and-breathable\/","name":"Doublure de d\u00e9cor de table - chaises imperm\u00e9ables et respirantes - Palarasol","isPartOf":{"@id":"http:\/\/www.palarasol.it\/fr\/#website"},"primaryImageOfPage":{"@id":"https:\/\/www.palarasol.it\/fr\/shop\/housses\/maffei-art-935-lining-for-set-table-table-fabric-waterproof-and-breathable\/#primaryimage"},"image":{"@id":"https:\/\/www.palarasol.it\/fr\/shop\/housses\/maffei-art-935-lining-for-set-table-table-fabric-waterproof-and-breathable\/#primaryimage"},"thumbnailUrl":"https:\/\/www.palarasol.it\/wp-content\/uploads\/2016\/03\/935.png","datePublished":"2016-03-09T17:00:44+00:00","dateModified":"2020-06-05T13:38:01+00:00","description":"Doublure protectrice pour les chaises de table \u00e0 moyenne table. Imperm\u00e9able et respirant, r\u00e9sistant aux intemp\u00e9ries. Fabriqu\u00e9 en Italie","breadcrumb":{"@id":"https:\/\/www.palarasol.it\/fr\/shop\/housses\/maffei-art-935-lining-for-set-table-table-fabric-waterproof-and-breathable\/#breadcrumb"},"inLanguage":"fr-FR","potentialAction":[{"@type":"ReadAction","target":["https:\/\/www.palarasol.it\/fr\/shop\/housses\/maffei-art-935-lining-for-set-table-table-fabric-waterproof-and-breathable\/"]}]},{"@type":"ImageObject","inLanguage":"fr-FR","@id":"https:\/\/www.palarasol.it\/fr\/shop\/housses\/maffei-art-935-lining-for-set-table-table-fabric-waterproof-and-breathable\/#primaryimage","url":"https:\/\/www.palarasol.it\/wp-content\/uploads\/2016\/03\/935.png","contentUrl":"https:\/\/www.palarasol.it\/wp-content\/uploads\/2016\/03\/935.png","width":728,"height":728,"caption":"Doublure de chaises de table"},{"@type":"BreadcrumbList","@id":"https:\/\/www.palarasol.it\/fr\/shop\/housses\/maffei-art-935-lining-for-set-table-table-fabric-waterproof-and-breathable\/#breadcrumb","itemListElement":[{"@type":"ListItem","position":1,"name":"Home","item":"https:\/\/www.palarasol.it\/fr\/10073-2\/"},{"@type":"ListItem","position":2,"name":"Shop","item":"http:\/\/stagingpalara4.it\/negozio\/"},{"@type":"ListItem","position":3,"name":"Accessoires","item":"https:\/\/www.palarasol.it\/fr\/categorie-produit\/accessoires\/"},{"@type":"ListItem","position":4,"name":"Doublure de chaises de table"}]},{"@type":"WebSite","@id":"http:\/\/www.palarasol.it\/fr\/#website","url":"http:\/\/www.palarasol.it\/fr\/","name":"Palarasol","description":"","publisher":{"@id":"http:\/\/www.palarasol.it\/fr\/#organization"},"potentialAction":[{"@type":"SearchAction","target":{"@type":"EntryPoint","urlTemplate":"http:\/\/www.palarasol.it\/fr\/?s={search_term_string}"},"query-input":{"@type":"PropertyValueSpecification","valueRequired":true,"valueName":"search_term_string"}}],"inLanguage":"fr-FR"},{"@type":"Organization","@id":"http:\/\/www.palarasol.it\/fr\/#organization","name":"Palara Gianluca & C. S.a.s","url":"http:\/\/www.palarasol.it\/fr\/","logo":{"@type":"ImageObject","inLanguage":"fr-FR","@id":"http:\/\/www.palarasol.it\/fr\/#\/schema\/logo\/image\/","url":"https:\/\/stagingpalara4.it\/wp-content\/uploads\/2015\/06\/logo.png","contentUrl":"https:\/\/stagingpalara4.it\/wp-content\/uploads\/2015\/06\/logo.png","width":800,"height":189,"caption":"Palara Gianluca & C. S.a.s"},"image":{"@id":"http:\/\/www.palarasol.it\/fr\/#\/schema\/logo\/image\/"},"sameAs":["https:\/\/www.facebook.com\/palarasol","https:\/\/x.com\/palarasol"]}]}},"_links":{"self":[{"href":"https:\/\/www.palarasol.it\/fr\/wp-json\/wp\/v2\/product\/72001","targetHints":{"allow":["GET"]}}],"collection":[{"href":"https:\/\/www.palarasol.it\/fr\/wp-json\/wp\/v2\/product"}],"about":[{"href":"https:\/\/www.palarasol.it\/fr\/wp-json\/wp\/v2\/types\/product"}],"version-history":[{"count":0,"href":"https:\/\/www.palarasol.it\/fr\/wp-json\/wp\/v2\/product\/72001\/revisions"}],"wp:featuredmedia":[{"embeddable":true,"href":"https:\/\/www.palarasol.it\/fr\/wp-json\/wp\/v2\/media\/5685"}],"wp:attachment":[{"href":"https:\/\/www.palarasol.it\/fr\/wp-json\/wp\/v2\/media?parent=72001"}],"wp:term":[{"taxonomy":"product_brand","embeddable":true,"href":"https:\/\/www.palarasol.it\/fr\/wp-json\/wp\/v2\/product_brand?post=72001"},{"taxonomy":"product_cat","embeddable":true,"href":"https:\/\/www.palarasol.it\/fr\/wp-json\/wp\/v2\/product_cat?post=72001"},{"taxonomy":"product_tag","embeddable":true,"href":"https:\/\/www.palarasol.it\/fr\/wp-json\/wp\/v2\/product_tag?post=72001"}],"curies":[{"name":"wp","href":"https:\/\/api.w.org\/{rel}","templated":true}]}}