{"id":73194,"date":"2017-05-02T18:21:04","date_gmt":"2017-05-02T16:21:04","guid":{"rendered":"https:\/\/stagingpalara4.it\/shop\/non%20class\u00e9\/allegro-240x150-cm\/"},"modified":"2021-06-10T12:29:48","modified_gmt":"2021-06-10T10:29:48","slug":"allegro-rectangulaire-2","status":"publish","type":"product","link":"https:\/\/www.palarasol.it\/fr\/shop\/parasols-design-fr\/allegro-rectangulaire-2\/","title":{"rendered":"Allegro 240&#215;150 cm"},"content":{"rendered":"<p><strong>Mat\u00e9riau:<\/strong> dralon acrylique 100 grammes. 190 Finita Sun (lavande)\/ Polyma polyester gr. 210 imperm\u00e9able (couleurs \u00e9cru, taupe, vert, bleu), TexMa gr190 imperm\u00e9able \u00e0 l\u2019eau<br \/>\n<strong>R\u00e9sistance des couleurs \u00e0 la lumi\u00e8re<\/strong>: 5-7<br \/>\nPROTECTION UV UPF 20-50<br \/>\nMesure 240&#215;150\/4 cm<br \/>\nCadre en acier Satl noir, poteau avec 4 baguettes parangon<br \/>\nHauteur r\u00e9glable maximale max 250 cm, jonction, inclinable<br \/>\n<strong>Doublure d\u2019\u00e9paule libre<\/strong><br \/>\nFabriqu\u00e9 en Italie.<br \/>\nUne base pesant&gt;25 kg est indiqu\u00e9e. Base non incluse.<\/p>\n","protected":false},"excerpt":{"rendered":"<p>Art 86R Allegro Maffei \u2013 cm 240&#215;150\/4 h 250<\/p>\n<p><a href=\"https:\/\/www.palarasol.it\/wp-content\/uploads\/2017\/05\/schema-art86r.PNG.jpg\"><img decoding=\"async\" class=\"alignnone size-full wp-image-9398\" src=\"https:\/\/www.palarasol.it\/wp-content\/uploads\/2017\/05\/schema-art86r.PNG.jpg\" alt=\"\" width=\"183\" height=\"83\" srcset=\"https:\/\/www.palarasol.it\/wp-content\/uploads\/2017\/05\/schema-art86r.PNG.jpg 183w, https:\/\/www.palarasol.it\/wp-content\/uploads\/2017\/05\/schema-art86r.PNG-180x83.jpg 180w\" sizes=\"(max-width: 183px) 100vw, 183px\" \/><\/a><\/p>\n<p>&nbsp;<\/p>\n","protected":false},"featured_media":85764,"template":"","meta":{"_acf_changed":false,"_monsterinsights_skip_tracking":false,"_monsterinsights_sitenote_active":false,"_monsterinsights_sitenote_note":"","_monsterinsights_sitenote_category":0},"product_brand":[],"product_cat":[440,434],"product_tag":[448,449,436,747,450,437,549,438],"class_list":{"0":"post-73194","1":"product","2":"type-product","3":"status-publish","4":"has-post-thumbnail","6":"product_cat-parasols-fr","7":"product_cat-parasols-design-fr","8":"product_tag-design-fr","9":"product_tag-dralon-fr","10":"product_tag-fabrique-en-italie","11":"product_tag-parapluies-maffei","12":"product_tag-parasol-fr-2","13":"product_tag-polyester-fr","14":"product_tag-polyma-fr","15":"product_tag-protection-uv","17":"first","18":"instock","19":"shipping-taxable","20":"purchasable","21":"product-type-variable"},"acf":[],"yoast_head":"<!-- This site is optimized with the Yoast SEO plugin v27.5 - https:\/\/yoast.com\/product\/yoast-seo-wordpress\/ -->\n<title>Parasols design - Allegro - Made in Italy - Palarasol<\/title>\n<meta name=\"description\" content=\"Parasol rectangulaire - Allegro - 240x150\/4 cm, tissu Dralon ou Polyma, avec inclinaison, Made in Italy. Protection UV tr\u00e8s bon facteur\" \/>\n<meta name=\"robots\" content=\"index, follow, max-snippet:-1, max-image-preview:large, max-video-preview:-1\" \/>\n<link rel=\"canonical\" href=\"https:\/\/www.palarasol.it\/fr\/shop\/parasols-design-fr\/allegro-rectangulaire-2\/\" \/>\n<meta property=\"og:locale\" content=\"fr_FR\" \/>\n<meta property=\"og:type\" content=\"article\" \/>\n<meta property=\"og:title\" content=\"Parasols design - Allegro - Made in Italy - Palarasol\" \/>\n<meta property=\"og:description\" content=\"Parasol rectangulaire - Allegro - 240x150\/4 cm, tissu Dralon ou Polyma, avec inclinaison, Made in Italy. Protection UV tr\u00e8s bon facteur\" \/>\n<meta property=\"og:url\" content=\"https:\/\/www.palarasol.it\/fr\/shop\/parasols-design-fr\/allegro-rectangulaire-2\/\" \/>\n<meta property=\"og:site_name\" content=\"Palarasol\" \/>\n<meta property=\"article:publisher\" content=\"https:\/\/www.facebook.com\/palarasol\" \/>\n<meta property=\"article:modified_time\" content=\"2021-06-10T10:29:48+00:00\" \/>\n<meta property=\"og:image\" content=\"https:\/\/www.palarasol.it\/wp-content\/uploads\/2017\/05\/allegro-art86r-4.jpg\" \/>\n\t<meta property=\"og:image:width\" content=\"1200\" \/>\n\t<meta property=\"og:image:height\" content=\"800\" \/>\n\t<meta property=\"og:image:type\" content=\"image\/jpeg\" \/>\n<meta name=\"twitter:card\" content=\"summary_large_image\" \/>\n<meta name=\"twitter:site\" content=\"@palarasol\" \/>\n<script type=\"application\/ld+json\" class=\"yoast-schema-graph\">{\"@context\":\"https:\\\/\\\/schema.org\",\"@graph\":[{\"@type\":\"WebPage\",\"@id\":\"https:\\\/\\\/www.palarasol.it\\\/fr\\\/shop\\\/parasols-design-fr\\\/allegro-rectangulaire-2\\\/\",\"url\":\"https:\\\/\\\/www.palarasol.it\\\/fr\\\/shop\\\/parasols-design-fr\\\/allegro-rectangulaire-2\\\/\",\"name\":\"Parasols design - Allegro - Made in Italy - Palarasol\",\"isPartOf\":{\"@id\":\"http:\\\/\\\/www.palarasol.it\\\/fr\\\/#website\"},\"primaryImageOfPage\":{\"@id\":\"https:\\\/\\\/www.palarasol.it\\\/fr\\\/shop\\\/parasols-design-fr\\\/allegro-rectangulaire-2\\\/#primaryimage\"},\"image\":{\"@id\":\"https:\\\/\\\/www.palarasol.it\\\/fr\\\/shop\\\/parasols-design-fr\\\/allegro-rectangulaire-2\\\/#primaryimage\"},\"thumbnailUrl\":\"https:\\\/\\\/www.palarasol.it\\\/wp-content\\\/uploads\\\/2017\\\/05\\\/allegro-86R.jpg\",\"datePublished\":\"2017-05-02T16:21:04+00:00\",\"dateModified\":\"2021-06-10T10:29:48+00:00\",\"description\":\"Parasol rectangulaire - Allegro - 240x150\\\/4 cm, tissu Dralon ou Polyma, avec inclinaison, Made in Italy. Protection UV tr\u00e8s bon facteur\",\"breadcrumb\":{\"@id\":\"https:\\\/\\\/www.palarasol.it\\\/fr\\\/shop\\\/parasols-design-fr\\\/allegro-rectangulaire-2\\\/#breadcrumb\"},\"inLanguage\":\"fr-FR\",\"potentialAction\":[{\"@type\":\"ReadAction\",\"target\":[\"https:\\\/\\\/www.palarasol.it\\\/fr\\\/shop\\\/parasols-design-fr\\\/allegro-rectangulaire-2\\\/\"]}]},{\"@type\":\"ImageObject\",\"inLanguage\":\"fr-FR\",\"@id\":\"https:\\\/\\\/www.palarasol.it\\\/fr\\\/shop\\\/parasols-design-fr\\\/allegro-rectangulaire-2\\\/#primaryimage\",\"url\":\"https:\\\/\\\/www.palarasol.it\\\/wp-content\\\/uploads\\\/2017\\\/05\\\/allegro-86R.jpg\",\"contentUrl\":\"https:\\\/\\\/www.palarasol.it\\\/wp-content\\\/uploads\\\/2017\\\/05\\\/allegro-86R.jpg\",\"width\":1200,\"height\":900,\"caption\":\"allegro-86R\"},{\"@type\":\"BreadcrumbList\",\"@id\":\"https:\\\/\\\/www.palarasol.it\\\/fr\\\/shop\\\/parasols-design-fr\\\/allegro-rectangulaire-2\\\/#breadcrumb\",\"itemListElement\":[{\"@type\":\"ListItem\",\"position\":1,\"name\":\"Home\",\"item\":\"https:\\\/\\\/www.palarasol.it\\\/fr\\\/10073-2\\\/\"},{\"@type\":\"ListItem\",\"position\":2,\"name\":\"Shop\",\"item\":\"http:\\\/\\\/stagingpalara4.it\\\/negozio\\\/\"},{\"@type\":\"ListItem\",\"position\":3,\"name\":\"Parasols design\",\"item\":\"https:\\\/\\\/www.palarasol.it\\\/fr\\\/categorie-produit\\\/parasols-design-fr\\\/\"},{\"@type\":\"ListItem\",\"position\":4,\"name\":\"Allegro 240&#215;150 cm\"}]},{\"@type\":\"WebSite\",\"@id\":\"http:\\\/\\\/www.palarasol.it\\\/fr\\\/#website\",\"url\":\"http:\\\/\\\/www.palarasol.it\\\/fr\\\/\",\"name\":\"Palarasol\",\"description\":\"\",\"publisher\":{\"@id\":\"http:\\\/\\\/www.palarasol.it\\\/fr\\\/#organization\"},\"potentialAction\":[{\"@type\":\"SearchAction\",\"target\":{\"@type\":\"EntryPoint\",\"urlTemplate\":\"http:\\\/\\\/www.palarasol.it\\\/fr\\\/?s={search_term_string}\"},\"query-input\":{\"@type\":\"PropertyValueSpecification\",\"valueRequired\":true,\"valueName\":\"search_term_string\"}}],\"inLanguage\":\"fr-FR\"},{\"@type\":\"Organization\",\"@id\":\"http:\\\/\\\/www.palarasol.it\\\/fr\\\/#organization\",\"name\":\"Palara Gianluca & C. S.a.s\",\"url\":\"http:\\\/\\\/www.palarasol.it\\\/fr\\\/\",\"logo\":{\"@type\":\"ImageObject\",\"inLanguage\":\"fr-FR\",\"@id\":\"http:\\\/\\\/www.palarasol.it\\\/fr\\\/#\\\/schema\\\/logo\\\/image\\\/\",\"url\":\"https:\\\/\\\/stagingpalara4.it\\\/wp-content\\\/uploads\\\/2015\\\/06\\\/logo.png\",\"contentUrl\":\"https:\\\/\\\/stagingpalara4.it\\\/wp-content\\\/uploads\\\/2015\\\/06\\\/logo.png\",\"width\":800,\"height\":189,\"caption\":\"Palara Gianluca & C. S.a.s\"},\"image\":{\"@id\":\"http:\\\/\\\/www.palarasol.it\\\/fr\\\/#\\\/schema\\\/logo\\\/image\\\/\"},\"sameAs\":[\"https:\\\/\\\/www.facebook.com\\\/palarasol\",\"https:\\\/\\\/x.com\\\/palarasol\"]}]}<\/script>\n<!-- \/ Yoast SEO plugin. -->","yoast_head_json":{"title":"Parasols design - Allegro - Made in Italy - Palarasol","description":"Parasol rectangulaire - Allegro - 240x150\/4 cm, tissu Dralon ou Polyma, avec inclinaison, Made in Italy. Protection UV tr\u00e8s bon facteur","robots":{"index":"index","follow":"follow","max-snippet":"max-snippet:-1","max-image-preview":"max-image-preview:large","max-video-preview":"max-video-preview:-1"},"canonical":"https:\/\/www.palarasol.it\/fr\/shop\/parasols-design-fr\/allegro-rectangulaire-2\/","og_locale":"fr_FR","og_type":"article","og_title":"Parasols design - Allegro - Made in Italy - Palarasol","og_description":"Parasol rectangulaire - Allegro - 240x150\/4 cm, tissu Dralon ou Polyma, avec inclinaison, Made in Italy. Protection UV tr\u00e8s bon facteur","og_url":"https:\/\/www.palarasol.it\/fr\/shop\/parasols-design-fr\/allegro-rectangulaire-2\/","og_site_name":"Palarasol","article_publisher":"https:\/\/www.facebook.com\/palarasol","article_modified_time":"2021-06-10T10:29:48+00:00","og_image":[{"width":1200,"height":800,"url":"https:\/\/www.palarasol.it\/wp-content\/uploads\/2017\/05\/allegro-art86r-4.jpg","type":"image\/jpeg"}],"twitter_card":"summary_large_image","twitter_site":"@palarasol","schema":{"@context":"https:\/\/schema.org","@graph":[{"@type":"WebPage","@id":"https:\/\/www.palarasol.it\/fr\/shop\/parasols-design-fr\/allegro-rectangulaire-2\/","url":"https:\/\/www.palarasol.it\/fr\/shop\/parasols-design-fr\/allegro-rectangulaire-2\/","name":"Parasols design - Allegro - Made in Italy - Palarasol","isPartOf":{"@id":"http:\/\/www.palarasol.it\/fr\/#website"},"primaryImageOfPage":{"@id":"https:\/\/www.palarasol.it\/fr\/shop\/parasols-design-fr\/allegro-rectangulaire-2\/#primaryimage"},"image":{"@id":"https:\/\/www.palarasol.it\/fr\/shop\/parasols-design-fr\/allegro-rectangulaire-2\/#primaryimage"},"thumbnailUrl":"https:\/\/www.palarasol.it\/wp-content\/uploads\/2017\/05\/allegro-86R.jpg","datePublished":"2017-05-02T16:21:04+00:00","dateModified":"2021-06-10T10:29:48+00:00","description":"Parasol rectangulaire - Allegro - 240x150\/4 cm, tissu Dralon ou Polyma, avec inclinaison, Made in Italy. Protection UV tr\u00e8s bon facteur","breadcrumb":{"@id":"https:\/\/www.palarasol.it\/fr\/shop\/parasols-design-fr\/allegro-rectangulaire-2\/#breadcrumb"},"inLanguage":"fr-FR","potentialAction":[{"@type":"ReadAction","target":["https:\/\/www.palarasol.it\/fr\/shop\/parasols-design-fr\/allegro-rectangulaire-2\/"]}]},{"@type":"ImageObject","inLanguage":"fr-FR","@id":"https:\/\/www.palarasol.it\/fr\/shop\/parasols-design-fr\/allegro-rectangulaire-2\/#primaryimage","url":"https:\/\/www.palarasol.it\/wp-content\/uploads\/2017\/05\/allegro-86R.jpg","contentUrl":"https:\/\/www.palarasol.it\/wp-content\/uploads\/2017\/05\/allegro-86R.jpg","width":1200,"height":900,"caption":"allegro-86R"},{"@type":"BreadcrumbList","@id":"https:\/\/www.palarasol.it\/fr\/shop\/parasols-design-fr\/allegro-rectangulaire-2\/#breadcrumb","itemListElement":[{"@type":"ListItem","position":1,"name":"Home","item":"https:\/\/www.palarasol.it\/fr\/10073-2\/"},{"@type":"ListItem","position":2,"name":"Shop","item":"http:\/\/stagingpalara4.it\/negozio\/"},{"@type":"ListItem","position":3,"name":"Parasols design","item":"https:\/\/www.palarasol.it\/fr\/categorie-produit\/parasols-design-fr\/"},{"@type":"ListItem","position":4,"name":"Allegro 240&#215;150 cm"}]},{"@type":"WebSite","@id":"http:\/\/www.palarasol.it\/fr\/#website","url":"http:\/\/www.palarasol.it\/fr\/","name":"Palarasol","description":"","publisher":{"@id":"http:\/\/www.palarasol.it\/fr\/#organization"},"potentialAction":[{"@type":"SearchAction","target":{"@type":"EntryPoint","urlTemplate":"http:\/\/www.palarasol.it\/fr\/?s={search_term_string}"},"query-input":{"@type":"PropertyValueSpecification","valueRequired":true,"valueName":"search_term_string"}}],"inLanguage":"fr-FR"},{"@type":"Organization","@id":"http:\/\/www.palarasol.it\/fr\/#organization","name":"Palara Gianluca & C. S.a.s","url":"http:\/\/www.palarasol.it\/fr\/","logo":{"@type":"ImageObject","inLanguage":"fr-FR","@id":"http:\/\/www.palarasol.it\/fr\/#\/schema\/logo\/image\/","url":"https:\/\/stagingpalara4.it\/wp-content\/uploads\/2015\/06\/logo.png","contentUrl":"https:\/\/stagingpalara4.it\/wp-content\/uploads\/2015\/06\/logo.png","width":800,"height":189,"caption":"Palara Gianluca & C. S.a.s"},"image":{"@id":"http:\/\/www.palarasol.it\/fr\/#\/schema\/logo\/image\/"},"sameAs":["https:\/\/www.facebook.com\/palarasol","https:\/\/x.com\/palarasol"]}]}},"_links":{"self":[{"href":"https:\/\/www.palarasol.it\/fr\/wp-json\/wp\/v2\/product\/73194","targetHints":{"allow":["GET"]}}],"collection":[{"href":"https:\/\/www.palarasol.it\/fr\/wp-json\/wp\/v2\/product"}],"about":[{"href":"https:\/\/www.palarasol.it\/fr\/wp-json\/wp\/v2\/types\/product"}],"version-history":[{"count":0,"href":"https:\/\/www.palarasol.it\/fr\/wp-json\/wp\/v2\/product\/73194\/revisions"}],"wp:featuredmedia":[{"embeddable":true,"href":"https:\/\/www.palarasol.it\/fr\/wp-json\/wp\/v2\/media\/85764"}],"wp:attachment":[{"href":"https:\/\/www.palarasol.it\/fr\/wp-json\/wp\/v2\/media?parent=73194"}],"wp:term":[{"taxonomy":"product_brand","embeddable":true,"href":"https:\/\/www.palarasol.it\/fr\/wp-json\/wp\/v2\/product_brand?post=73194"},{"taxonomy":"product_cat","embeddable":true,"href":"https:\/\/www.palarasol.it\/fr\/wp-json\/wp\/v2\/product_cat?post=73194"},{"taxonomy":"product_tag","embeddable":true,"href":"https:\/\/www.palarasol.it\/fr\/wp-json\/wp\/v2\/product_tag?post=73194"}],"curies":[{"name":"wp","href":"https:\/\/api.w.org\/{rel}","templated":true}]}}