{"id":73358,"date":"2015-07-30T17:31:20","date_gmt":"2015-07-30T15:31:20","guid":{"rendered":"https:\/\/stagingpalara4.it\/shop\/non%20class\u00e9\/novara-240-cm\/"},"modified":"2020-07-01T12:37:03","modified_gmt":"2020-07-01T10:37:03","slug":"novara-o-240","status":"publish","type":"product","link":"https:\/\/www.palarasol.it\/fr\/shop\/parasols-fr\/novara-o-240\/","title":{"rendered":"Novara &#8211; 240 cm"},"content":{"rendered":"<p><strong>Mat\u00e9riau<\/strong>: polyester standard 140 grammes.<br \/>\n<strong>R\u00e9sistance des couleurs \u00e0 la lumi\u00e8re<\/strong>: 4-6<br \/>\nCadre en acier argent\u00e9 avec poteau de 33\/33 mm, inclinaison et 10 baguettes<br \/>\nHauteur fixe 250 cm<br \/>\n<strong>Doublure<\/strong> d\u2019\u00e9paulelibre<br \/>\n<strong>Fabriqu\u00e9 en Italie.<\/strong><br \/>\nPi\u00e9destal non inclus (disponible sur commande)<\/p>\n<p>Poids par base &gt; 25 kg<\/p>\n","protected":false},"excerpt":{"rendered":"<p>ART.114 Maffei &#8211; 120\/10 cm (240\/10) 250<\/p>\n<p><a href=\"https:\/\/stagingpalara4.it\/wp-content\/uploads\/2015\/07\/dim9.jpg\"><img decoding=\"async\" class=\"alignnone size-full wp-image-1928\" src=\"https:\/\/stagingpalara4.it\/wp-content\/uploads\/2015\/07\/dim9.jpg\" alt=\"Parasols standard - Novara\" width=\"173\" height=\"100\" srcset=\"https:\/\/www.palarasol.it\/wp-content\/uploads\/2015\/07\/dim9.jpg 173w, https:\/\/www.palarasol.it\/wp-content\/uploads\/2015\/07\/dim9-105x61.jpg 105w\" sizes=\"(max-width: 173px) 100vw, 173px\" \/><\/a><\/p>\n","protected":false},"featured_media":73352,"template":"","meta":{"_acf_changed":false,"_monsterinsights_skip_tracking":false,"_monsterinsights_sitenote_active":false,"_monsterinsights_sitenote_note":"","_monsterinsights_sitenote_category":0},"product_brand":[],"product_cat":[440,541],"product_tag":[449,436,452,747,435,438,439],"class_list":{"0":"post-73358","1":"product","2":"type-product","3":"status-publish","4":"has-post-thumbnail","6":"product_cat-parasols-fr","7":"product_cat-parasols-standard","8":"product_tag-dralon-fr","9":"product_tag-fabrique-en-italie","10":"product_tag-maffei-fr","11":"product_tag-parapluies-maffei","12":"product_tag-parasol-fr","13":"product_tag-protection-uv","14":"product_tag-standard","16":"first","17":"instock","18":"shipping-taxable","19":"purchasable","20":"product-type-variable"},"acf":[],"yoast_head":"<!-- This site is optimized with the Yoast SEO plugin v27.5 - https:\/\/yoast.com\/product\/yoast-seo-wordpress\/ -->\n<title>Parasol standard avec flyers - Novara - .240 - Palarasol<\/title>\n<meta name=\"description\" content=\"Parasol standard avec volants - Novara Round diam\u00e8tre 240, tissu en polyester imperm\u00e9able. Fabriqu\u00e9 en Italie. Tissu en polyester imperm\u00e9able, gr 150\" \/>\n<meta name=\"robots\" content=\"index, follow, max-snippet:-1, max-image-preview:large, max-video-preview:-1\" \/>\n<link rel=\"canonical\" href=\"https:\/\/www.palarasol.it\/fr\/shop\/parasols-fr\/novara-o-240\/\" \/>\n<meta property=\"og:locale\" content=\"fr_FR\" \/>\n<meta property=\"og:type\" content=\"article\" \/>\n<meta property=\"og:title\" content=\"Parasol standard avec flyers - Novara - .240 - Palarasol\" \/>\n<meta property=\"og:description\" content=\"Parasol standard avec volants - Novara Round diam\u00e8tre 240, tissu en polyester imperm\u00e9able. Fabriqu\u00e9 en Italie. Tissu en polyester imperm\u00e9able, gr 150\" \/>\n<meta property=\"og:url\" content=\"https:\/\/www.palarasol.it\/fr\/shop\/parasols-fr\/novara-o-240\/\" \/>\n<meta property=\"og:site_name\" content=\"Palarasol\" \/>\n<meta property=\"article:publisher\" content=\"https:\/\/www.facebook.com\/palarasol\" \/>\n<meta property=\"article:modified_time\" content=\"2020-07-01T10:37:03+00:00\" \/>\n<meta property=\"og:image\" content=\"https:\/\/www.palarasol.it\/wp-content\/uploads\/2017\/06\/novara-art114-1.jpg\" \/>\n\t<meta property=\"og:image:width\" content=\"1200\" \/>\n\t<meta property=\"og:image:height\" content=\"800\" \/>\n\t<meta property=\"og:image:type\" content=\"image\/jpeg\" \/>\n<meta name=\"twitter:card\" content=\"summary_large_image\" \/>\n<meta name=\"twitter:site\" content=\"@palarasol\" \/>\n<script type=\"application\/ld+json\" class=\"yoast-schema-graph\">{\"@context\":\"https:\\\/\\\/schema.org\",\"@graph\":[{\"@type\":\"WebPage\",\"@id\":\"https:\\\/\\\/www.palarasol.it\\\/fr\\\/shop\\\/parasols-fr\\\/novara-o-240\\\/\",\"url\":\"https:\\\/\\\/www.palarasol.it\\\/fr\\\/shop\\\/parasols-fr\\\/novara-o-240\\\/\",\"name\":\"Parasol standard avec flyers - Novara - .240 - Palarasol\",\"isPartOf\":{\"@id\":\"http:\\\/\\\/www.palarasol.it\\\/fr\\\/#website\"},\"primaryImageOfPage\":{\"@id\":\"https:\\\/\\\/www.palarasol.it\\\/fr\\\/shop\\\/parasols-fr\\\/novara-o-240\\\/#primaryimage\"},\"image\":{\"@id\":\"https:\\\/\\\/www.palarasol.it\\\/fr\\\/shop\\\/parasols-fr\\\/novara-o-240\\\/#primaryimage\"},\"thumbnailUrl\":\"https:\\\/\\\/www.palarasol.it\\\/wp-content\\\/uploads\\\/2017\\\/06\\\/novara-art114-1.jpg\",\"datePublished\":\"2015-07-30T15:31:20+00:00\",\"dateModified\":\"2020-07-01T10:37:03+00:00\",\"description\":\"Parasol standard avec volants - Novara Round diam\u00e8tre 240, tissu en polyester imperm\u00e9able. Fabriqu\u00e9 en Italie. Tissu en polyester imperm\u00e9able, gr 150\",\"breadcrumb\":{\"@id\":\"https:\\\/\\\/www.palarasol.it\\\/fr\\\/shop\\\/parasols-fr\\\/novara-o-240\\\/#breadcrumb\"},\"inLanguage\":\"fr-FR\",\"potentialAction\":[{\"@type\":\"ReadAction\",\"target\":[\"https:\\\/\\\/www.palarasol.it\\\/fr\\\/shop\\\/parasols-fr\\\/novara-o-240\\\/\"]}]},{\"@type\":\"ImageObject\",\"inLanguage\":\"fr-FR\",\"@id\":\"https:\\\/\\\/www.palarasol.it\\\/fr\\\/shop\\\/parasols-fr\\\/novara-o-240\\\/#primaryimage\",\"url\":\"https:\\\/\\\/www.palarasol.it\\\/wp-content\\\/uploads\\\/2017\\\/06\\\/novara-art114-1.jpg\",\"contentUrl\":\"https:\\\/\\\/www.palarasol.it\\\/wp-content\\\/uploads\\\/2017\\\/06\\\/novara-art114-1.jpg\",\"width\":1200,\"height\":800,\"caption\":\"novara-art114\"},{\"@type\":\"BreadcrumbList\",\"@id\":\"https:\\\/\\\/www.palarasol.it\\\/fr\\\/shop\\\/parasols-fr\\\/novara-o-240\\\/#breadcrumb\",\"itemListElement\":[{\"@type\":\"ListItem\",\"position\":1,\"name\":\"Home\",\"item\":\"https:\\\/\\\/www.palarasol.it\\\/fr\\\/10073-2\\\/\"},{\"@type\":\"ListItem\",\"position\":2,\"name\":\"Shop\",\"item\":\"http:\\\/\\\/stagingpalara4.it\\\/negozio\\\/\"},{\"@type\":\"ListItem\",\"position\":3,\"name\":\"Parasols standard\",\"item\":\"https:\\\/\\\/www.palarasol.it\\\/fr\\\/categorie-produit\\\/parasols-standard\\\/\"},{\"@type\":\"ListItem\",\"position\":4,\"name\":\"Novara &#8211; 240 cm\"}]},{\"@type\":\"WebSite\",\"@id\":\"http:\\\/\\\/www.palarasol.it\\\/fr\\\/#website\",\"url\":\"http:\\\/\\\/www.palarasol.it\\\/fr\\\/\",\"name\":\"Palarasol\",\"description\":\"\",\"publisher\":{\"@id\":\"http:\\\/\\\/www.palarasol.it\\\/fr\\\/#organization\"},\"potentialAction\":[{\"@type\":\"SearchAction\",\"target\":{\"@type\":\"EntryPoint\",\"urlTemplate\":\"http:\\\/\\\/www.palarasol.it\\\/fr\\\/?s={search_term_string}\"},\"query-input\":{\"@type\":\"PropertyValueSpecification\",\"valueRequired\":true,\"valueName\":\"search_term_string\"}}],\"inLanguage\":\"fr-FR\"},{\"@type\":\"Organization\",\"@id\":\"http:\\\/\\\/www.palarasol.it\\\/fr\\\/#organization\",\"name\":\"Palara Gianluca & C. S.a.s\",\"url\":\"http:\\\/\\\/www.palarasol.it\\\/fr\\\/\",\"logo\":{\"@type\":\"ImageObject\",\"inLanguage\":\"fr-FR\",\"@id\":\"http:\\\/\\\/www.palarasol.it\\\/fr\\\/#\\\/schema\\\/logo\\\/image\\\/\",\"url\":\"https:\\\/\\\/stagingpalara4.it\\\/wp-content\\\/uploads\\\/2015\\\/06\\\/logo.png\",\"contentUrl\":\"https:\\\/\\\/stagingpalara4.it\\\/wp-content\\\/uploads\\\/2015\\\/06\\\/logo.png\",\"width\":800,\"height\":189,\"caption\":\"Palara Gianluca & C. S.a.s\"},\"image\":{\"@id\":\"http:\\\/\\\/www.palarasol.it\\\/fr\\\/#\\\/schema\\\/logo\\\/image\\\/\"},\"sameAs\":[\"https:\\\/\\\/www.facebook.com\\\/palarasol\",\"https:\\\/\\\/x.com\\\/palarasol\"]}]}<\/script>\n<!-- \/ Yoast SEO plugin. -->","yoast_head_json":{"title":"Parasol standard avec flyers - Novara - .240 - Palarasol","description":"Parasol standard avec volants - Novara Round diam\u00e8tre 240, tissu en polyester imperm\u00e9able. Fabriqu\u00e9 en Italie. Tissu en polyester imperm\u00e9able, gr 150","robots":{"index":"index","follow":"follow","max-snippet":"max-snippet:-1","max-image-preview":"max-image-preview:large","max-video-preview":"max-video-preview:-1"},"canonical":"https:\/\/www.palarasol.it\/fr\/shop\/parasols-fr\/novara-o-240\/","og_locale":"fr_FR","og_type":"article","og_title":"Parasol standard avec flyers - Novara - .240 - Palarasol","og_description":"Parasol standard avec volants - Novara Round diam\u00e8tre 240, tissu en polyester imperm\u00e9able. Fabriqu\u00e9 en Italie. Tissu en polyester imperm\u00e9able, gr 150","og_url":"https:\/\/www.palarasol.it\/fr\/shop\/parasols-fr\/novara-o-240\/","og_site_name":"Palarasol","article_publisher":"https:\/\/www.facebook.com\/palarasol","article_modified_time":"2020-07-01T10:37:03+00:00","og_image":[{"width":1200,"height":800,"url":"https:\/\/www.palarasol.it\/wp-content\/uploads\/2017\/06\/novara-art114-1.jpg","type":"image\/jpeg"}],"twitter_card":"summary_large_image","twitter_site":"@palarasol","schema":{"@context":"https:\/\/schema.org","@graph":[{"@type":"WebPage","@id":"https:\/\/www.palarasol.it\/fr\/shop\/parasols-fr\/novara-o-240\/","url":"https:\/\/www.palarasol.it\/fr\/shop\/parasols-fr\/novara-o-240\/","name":"Parasol standard avec flyers - Novara - .240 - Palarasol","isPartOf":{"@id":"http:\/\/www.palarasol.it\/fr\/#website"},"primaryImageOfPage":{"@id":"https:\/\/www.palarasol.it\/fr\/shop\/parasols-fr\/novara-o-240\/#primaryimage"},"image":{"@id":"https:\/\/www.palarasol.it\/fr\/shop\/parasols-fr\/novara-o-240\/#primaryimage"},"thumbnailUrl":"https:\/\/www.palarasol.it\/wp-content\/uploads\/2017\/06\/novara-art114-1.jpg","datePublished":"2015-07-30T15:31:20+00:00","dateModified":"2020-07-01T10:37:03+00:00","description":"Parasol standard avec volants - Novara Round diam\u00e8tre 240, tissu en polyester imperm\u00e9able. Fabriqu\u00e9 en Italie. Tissu en polyester imperm\u00e9able, gr 150","breadcrumb":{"@id":"https:\/\/www.palarasol.it\/fr\/shop\/parasols-fr\/novara-o-240\/#breadcrumb"},"inLanguage":"fr-FR","potentialAction":[{"@type":"ReadAction","target":["https:\/\/www.palarasol.it\/fr\/shop\/parasols-fr\/novara-o-240\/"]}]},{"@type":"ImageObject","inLanguage":"fr-FR","@id":"https:\/\/www.palarasol.it\/fr\/shop\/parasols-fr\/novara-o-240\/#primaryimage","url":"https:\/\/www.palarasol.it\/wp-content\/uploads\/2017\/06\/novara-art114-1.jpg","contentUrl":"https:\/\/www.palarasol.it\/wp-content\/uploads\/2017\/06\/novara-art114-1.jpg","width":1200,"height":800,"caption":"novara-art114"},{"@type":"BreadcrumbList","@id":"https:\/\/www.palarasol.it\/fr\/shop\/parasols-fr\/novara-o-240\/#breadcrumb","itemListElement":[{"@type":"ListItem","position":1,"name":"Home","item":"https:\/\/www.palarasol.it\/fr\/10073-2\/"},{"@type":"ListItem","position":2,"name":"Shop","item":"http:\/\/stagingpalara4.it\/negozio\/"},{"@type":"ListItem","position":3,"name":"Parasols standard","item":"https:\/\/www.palarasol.it\/fr\/categorie-produit\/parasols-standard\/"},{"@type":"ListItem","position":4,"name":"Novara &#8211; 240 cm"}]},{"@type":"WebSite","@id":"http:\/\/www.palarasol.it\/fr\/#website","url":"http:\/\/www.palarasol.it\/fr\/","name":"Palarasol","description":"","publisher":{"@id":"http:\/\/www.palarasol.it\/fr\/#organization"},"potentialAction":[{"@type":"SearchAction","target":{"@type":"EntryPoint","urlTemplate":"http:\/\/www.palarasol.it\/fr\/?s={search_term_string}"},"query-input":{"@type":"PropertyValueSpecification","valueRequired":true,"valueName":"search_term_string"}}],"inLanguage":"fr-FR"},{"@type":"Organization","@id":"http:\/\/www.palarasol.it\/fr\/#organization","name":"Palara Gianluca & C. S.a.s","url":"http:\/\/www.palarasol.it\/fr\/","logo":{"@type":"ImageObject","inLanguage":"fr-FR","@id":"http:\/\/www.palarasol.it\/fr\/#\/schema\/logo\/image\/","url":"https:\/\/stagingpalara4.it\/wp-content\/uploads\/2015\/06\/logo.png","contentUrl":"https:\/\/stagingpalara4.it\/wp-content\/uploads\/2015\/06\/logo.png","width":800,"height":189,"caption":"Palara Gianluca & C. S.a.s"},"image":{"@id":"http:\/\/www.palarasol.it\/fr\/#\/schema\/logo\/image\/"},"sameAs":["https:\/\/www.facebook.com\/palarasol","https:\/\/x.com\/palarasol"]}]}},"_links":{"self":[{"href":"https:\/\/www.palarasol.it\/fr\/wp-json\/wp\/v2\/product\/73358","targetHints":{"allow":["GET"]}}],"collection":[{"href":"https:\/\/www.palarasol.it\/fr\/wp-json\/wp\/v2\/product"}],"about":[{"href":"https:\/\/www.palarasol.it\/fr\/wp-json\/wp\/v2\/types\/product"}],"version-history":[{"count":0,"href":"https:\/\/www.palarasol.it\/fr\/wp-json\/wp\/v2\/product\/73358\/revisions"}],"wp:featuredmedia":[{"embeddable":true,"href":"https:\/\/www.palarasol.it\/fr\/wp-json\/wp\/v2\/media\/73352"}],"wp:attachment":[{"href":"https:\/\/www.palarasol.it\/fr\/wp-json\/wp\/v2\/media?parent=73358"}],"wp:term":[{"taxonomy":"product_brand","embeddable":true,"href":"https:\/\/www.palarasol.it\/fr\/wp-json\/wp\/v2\/product_brand?post=73358"},{"taxonomy":"product_cat","embeddable":true,"href":"https:\/\/www.palarasol.it\/fr\/wp-json\/wp\/v2\/product_cat?post=73358"},{"taxonomy":"product_tag","embeddable":true,"href":"https:\/\/www.palarasol.it\/fr\/wp-json\/wp\/v2\/product_tag?post=73358"}],"curies":[{"name":"wp","href":"https:\/\/api.w.org\/{rel}","templated":true}]}}