{"id":73735,"date":"2015-07-22T15:39:03","date_gmt":"2015-07-22T13:39:03","guid":{"rendered":"https:\/\/stagingpalara4.it\/shop\/non%20class\u00e9\/kronos-200x200-cm\/"},"modified":"2020-07-07T11:44:48","modified_gmt":"2020-07-07T09:44:48","slug":"kronos-carre","status":"publish","type":"product","link":"https:\/\/www.palarasol.it\/fr\/shop\/parasols-design-fr\/kronos-carre\/","title":{"rendered":"Kronos 200&#215;200 cm"},"content":{"rendered":"<p><strong>Mat\u00e9riau:<\/strong> polyester polyester polyester gr 210; imperm\u00e9able \u00e0 l\u2019eau; Antimuffa<br \/>\n<strong>R\u00e9sistance aux couleurs:<\/strong> 6+<br \/>\n<strong>Protection UV<\/strong>: 50 +<br \/>\nTaille 200&#215;200 cm<br \/>\nCadre en acier, couleur sabl\u00e9 noir, poteau de 27\/30 mm, avec inclinaison m\u00e9tallique<br \/>\nHauteur r\u00e9glable 250 cm<br \/>\nBaguettes: paragon noir sabl\u00e9<br \/>\nPas de d\u00e9pliants<br \/>\nDoublure d\u2019\u00e9paule<strong>libre<\/strong><br \/>\n<strong>Fabriqu\u00e9 en Italie.<\/strong><br \/>\nUne base pesant&gt; 25 kg est indiqu\u00e9e. Base non incluse.<\/p>\n","protected":false},"excerpt":{"rendered":"<p>Art 136Q Maffei &#8211; Kronos cm 200&#215;200\/4 h 250<\/p>\n<p><a href=\"https:\/\/www.palarasol.it\/wp-content\/uploads\/2015\/07\/dim.jpg\"><img decoding=\"async\" class=\"alignnone size-full wp-image-1626\" src=\"https:\/\/www.palarasol.it\/wp-content\/uploads\/2015\/07\/dim.jpg\" alt=\"Parasols design - Kronox\" width=\"125\" height=\"95\" srcset=\"https:\/\/www.palarasol.it\/wp-content\/uploads\/2015\/07\/dim.jpg 125w, https:\/\/www.palarasol.it\/wp-content\/uploads\/2015\/07\/dim-99x75.jpg 99w\" sizes=\"(max-width: 125px) 100vw, 125px\" \/><\/a><a href=\"https:\/\/www.palarasol.it\/wp-content\/uploads\/2015\/07\/dim2.jpg\"><img decoding=\"async\" class=\"alignnone size-full wp-image-1627\" src=\"https:\/\/www.palarasol.it\/wp-content\/uploads\/2015\/07\/dim2.jpg\" alt=\"Parasols design - Kronox\" width=\"125\" height=\"95\" srcset=\"https:\/\/www.palarasol.it\/wp-content\/uploads\/2015\/07\/dim2.jpg 125w, https:\/\/www.palarasol.it\/wp-content\/uploads\/2015\/07\/dim2-99x75.jpg 99w\" sizes=\"(max-width: 125px) 100vw, 125px\" \/><\/a><\/p>\n<p>&nbsp;<\/p>\n","protected":false},"featured_media":85473,"template":"","meta":{"_acf_changed":false,"_monsterinsights_skip_tracking":false,"_monsterinsights_sitenote_active":false,"_monsterinsights_sitenote_note":"","_monsterinsights_sitenote_category":0},"product_brand":[],"product_cat":[440,434],"product_tag":[448,436,747,450,437,438],"class_list":{"0":"post-73735","1":"product","2":"type-product","3":"status-publish","4":"has-post-thumbnail","6":"product_cat-parasols-fr","7":"product_cat-parasols-design-fr","8":"product_tag-design-fr","9":"product_tag-fabrique-en-italie","10":"product_tag-parapluies-maffei","11":"product_tag-parasol-fr-2","12":"product_tag-polyester-fr","13":"product_tag-protection-uv","15":"first","16":"instock","17":"shipping-taxable","18":"purchasable","19":"product-type-variable"},"acf":[],"yoast_head":"<!-- This site is optimized with the Yoast SEO plugin v27.5 - https:\/\/yoast.com\/product\/yoast-seo-wordpress\/ -->\n<title>Parasols design - Kronos - Made in Italy - Palarasol<\/title>\n<meta name=\"description\" content=\"Parasols design - Kronos Parasol carr\u00e9 cm 200x200, tissu en polyester de haute qualit\u00e9 imperm\u00e9able \u00e0 l\u2019eau, cadre en acier avec inclinaison. Fabriqu\u00e9 en Italie.\" \/>\n<meta name=\"robots\" content=\"index, follow, max-snippet:-1, max-image-preview:large, max-video-preview:-1\" \/>\n<link rel=\"canonical\" href=\"https:\/\/www.palarasol.it\/fr\/shop\/parasols-design-fr\/kronos-carre\/\" \/>\n<meta property=\"og:locale\" content=\"fr_FR\" \/>\n<meta property=\"og:type\" content=\"article\" \/>\n<meta property=\"og:title\" content=\"Parasols design - Kronos - Made in Italy - Palarasol\" \/>\n<meta property=\"og:description\" content=\"Parasols design - Kronos Parasol carr\u00e9 cm 200x200, tissu en polyester de haute qualit\u00e9 imperm\u00e9able \u00e0 l\u2019eau, cadre en acier avec inclinaison. Fabriqu\u00e9 en Italie.\" \/>\n<meta property=\"og:url\" content=\"https:\/\/www.palarasol.it\/fr\/shop\/parasols-design-fr\/kronos-carre\/\" \/>\n<meta property=\"og:site_name\" content=\"Palarasol\" \/>\n<meta property=\"article:publisher\" content=\"https:\/\/www.facebook.com\/palarasol\" \/>\n<meta property=\"article:modified_time\" content=\"2020-07-07T09:44:48+00:00\" \/>\n<meta property=\"og:image\" content=\"https:\/\/www.palarasol.it\/wp-content\/uploads\/2015\/07\/kronos-art136q-1.jpg\" \/>\n\t<meta property=\"og:image:width\" content=\"1200\" \/>\n\t<meta property=\"og:image:height\" content=\"800\" \/>\n\t<meta property=\"og:image:type\" content=\"image\/jpeg\" \/>\n<meta name=\"twitter:card\" content=\"summary_large_image\" \/>\n<meta name=\"twitter:site\" content=\"@palarasol\" \/>\n<script type=\"application\/ld+json\" class=\"yoast-schema-graph\">{\"@context\":\"https:\\\/\\\/schema.org\",\"@graph\":[{\"@type\":\"WebPage\",\"@id\":\"https:\\\/\\\/www.palarasol.it\\\/fr\\\/shop\\\/parasols-design-fr\\\/kronos-carre\\\/\",\"url\":\"https:\\\/\\\/www.palarasol.it\\\/fr\\\/shop\\\/parasols-design-fr\\\/kronos-carre\\\/\",\"name\":\"Parasols design - Kronos - Made in Italy - Palarasol\",\"isPartOf\":{\"@id\":\"http:\\\/\\\/www.palarasol.it\\\/fr\\\/#website\"},\"primaryImageOfPage\":{\"@id\":\"https:\\\/\\\/www.palarasol.it\\\/fr\\\/shop\\\/parasols-design-fr\\\/kronos-carre\\\/#primaryimage\"},\"image\":{\"@id\":\"https:\\\/\\\/www.palarasol.it\\\/fr\\\/shop\\\/parasols-design-fr\\\/kronos-carre\\\/#primaryimage\"},\"thumbnailUrl\":\"https:\\\/\\\/www.palarasol.it\\\/wp-content\\\/uploads\\\/2015\\\/07\\\/ECRU_WEB-scaled.jpg\",\"datePublished\":\"2015-07-22T13:39:03+00:00\",\"dateModified\":\"2020-07-07T09:44:48+00:00\",\"description\":\"Parasols design - Kronos Parasol carr\u00e9 cm 200x200, tissu en polyester de haute qualit\u00e9 imperm\u00e9able \u00e0 l\u2019eau, cadre en acier avec inclinaison. Fabriqu\u00e9 en Italie.\",\"breadcrumb\":{\"@id\":\"https:\\\/\\\/www.palarasol.it\\\/fr\\\/shop\\\/parasols-design-fr\\\/kronos-carre\\\/#breadcrumb\"},\"inLanguage\":\"fr-FR\",\"potentialAction\":[{\"@type\":\"ReadAction\",\"target\":[\"https:\\\/\\\/www.palarasol.it\\\/fr\\\/shop\\\/parasols-design-fr\\\/kronos-carre\\\/\"]}]},{\"@type\":\"ImageObject\",\"inLanguage\":\"fr-FR\",\"@id\":\"https:\\\/\\\/www.palarasol.it\\\/fr\\\/shop\\\/parasols-design-fr\\\/kronos-carre\\\/#primaryimage\",\"url\":\"https:\\\/\\\/www.palarasol.it\\\/wp-content\\\/uploads\\\/2015\\\/07\\\/ECRU_WEB-scaled.jpg\",\"contentUrl\":\"https:\\\/\\\/www.palarasol.it\\\/wp-content\\\/uploads\\\/2015\\\/07\\\/ECRU_WEB-scaled.jpg\",\"width\":2560,\"height\":1920},{\"@type\":\"BreadcrumbList\",\"@id\":\"https:\\\/\\\/www.palarasol.it\\\/fr\\\/shop\\\/parasols-design-fr\\\/kronos-carre\\\/#breadcrumb\",\"itemListElement\":[{\"@type\":\"ListItem\",\"position\":1,\"name\":\"Home\",\"item\":\"https:\\\/\\\/www.palarasol.it\\\/fr\\\/10073-2\\\/\"},{\"@type\":\"ListItem\",\"position\":2,\"name\":\"Shop\",\"item\":\"http:\\\/\\\/stagingpalara4.it\\\/negozio\\\/\"},{\"@type\":\"ListItem\",\"position\":3,\"name\":\"Parasols design\",\"item\":\"https:\\\/\\\/www.palarasol.it\\\/fr\\\/categorie-produit\\\/parasols-design-fr\\\/\"},{\"@type\":\"ListItem\",\"position\":4,\"name\":\"Kronos 200&#215;200 cm\"}]},{\"@type\":\"WebSite\",\"@id\":\"http:\\\/\\\/www.palarasol.it\\\/fr\\\/#website\",\"url\":\"http:\\\/\\\/www.palarasol.it\\\/fr\\\/\",\"name\":\"Palarasol\",\"description\":\"\",\"publisher\":{\"@id\":\"http:\\\/\\\/www.palarasol.it\\\/fr\\\/#organization\"},\"potentialAction\":[{\"@type\":\"SearchAction\",\"target\":{\"@type\":\"EntryPoint\",\"urlTemplate\":\"http:\\\/\\\/www.palarasol.it\\\/fr\\\/?s={search_term_string}\"},\"query-input\":{\"@type\":\"PropertyValueSpecification\",\"valueRequired\":true,\"valueName\":\"search_term_string\"}}],\"inLanguage\":\"fr-FR\"},{\"@type\":\"Organization\",\"@id\":\"http:\\\/\\\/www.palarasol.it\\\/fr\\\/#organization\",\"name\":\"Palara Gianluca & C. S.a.s\",\"url\":\"http:\\\/\\\/www.palarasol.it\\\/fr\\\/\",\"logo\":{\"@type\":\"ImageObject\",\"inLanguage\":\"fr-FR\",\"@id\":\"http:\\\/\\\/www.palarasol.it\\\/fr\\\/#\\\/schema\\\/logo\\\/image\\\/\",\"url\":\"https:\\\/\\\/stagingpalara4.it\\\/wp-content\\\/uploads\\\/2015\\\/06\\\/logo.png\",\"contentUrl\":\"https:\\\/\\\/stagingpalara4.it\\\/wp-content\\\/uploads\\\/2015\\\/06\\\/logo.png\",\"width\":800,\"height\":189,\"caption\":\"Palara Gianluca & C. S.a.s\"},\"image\":{\"@id\":\"http:\\\/\\\/www.palarasol.it\\\/fr\\\/#\\\/schema\\\/logo\\\/image\\\/\"},\"sameAs\":[\"https:\\\/\\\/www.facebook.com\\\/palarasol\",\"https:\\\/\\\/x.com\\\/palarasol\"]}]}<\/script>\n<!-- \/ Yoast SEO plugin. -->","yoast_head_json":{"title":"Parasols design - Kronos - Made in Italy - Palarasol","description":"Parasols design - Kronos Parasol carr\u00e9 cm 200x200, tissu en polyester de haute qualit\u00e9 imperm\u00e9able \u00e0 l\u2019eau, cadre en acier avec inclinaison. Fabriqu\u00e9 en Italie.","robots":{"index":"index","follow":"follow","max-snippet":"max-snippet:-1","max-image-preview":"max-image-preview:large","max-video-preview":"max-video-preview:-1"},"canonical":"https:\/\/www.palarasol.it\/fr\/shop\/parasols-design-fr\/kronos-carre\/","og_locale":"fr_FR","og_type":"article","og_title":"Parasols design - Kronos - Made in Italy - Palarasol","og_description":"Parasols design - Kronos Parasol carr\u00e9 cm 200x200, tissu en polyester de haute qualit\u00e9 imperm\u00e9able \u00e0 l\u2019eau, cadre en acier avec inclinaison. Fabriqu\u00e9 en Italie.","og_url":"https:\/\/www.palarasol.it\/fr\/shop\/parasols-design-fr\/kronos-carre\/","og_site_name":"Palarasol","article_publisher":"https:\/\/www.facebook.com\/palarasol","article_modified_time":"2020-07-07T09:44:48+00:00","og_image":[{"width":1200,"height":800,"url":"https:\/\/www.palarasol.it\/wp-content\/uploads\/2015\/07\/kronos-art136q-1.jpg","type":"image\/jpeg"}],"twitter_card":"summary_large_image","twitter_site":"@palarasol","schema":{"@context":"https:\/\/schema.org","@graph":[{"@type":"WebPage","@id":"https:\/\/www.palarasol.it\/fr\/shop\/parasols-design-fr\/kronos-carre\/","url":"https:\/\/www.palarasol.it\/fr\/shop\/parasols-design-fr\/kronos-carre\/","name":"Parasols design - Kronos - Made in Italy - Palarasol","isPartOf":{"@id":"http:\/\/www.palarasol.it\/fr\/#website"},"primaryImageOfPage":{"@id":"https:\/\/www.palarasol.it\/fr\/shop\/parasols-design-fr\/kronos-carre\/#primaryimage"},"image":{"@id":"https:\/\/www.palarasol.it\/fr\/shop\/parasols-design-fr\/kronos-carre\/#primaryimage"},"thumbnailUrl":"https:\/\/www.palarasol.it\/wp-content\/uploads\/2015\/07\/ECRU_WEB-scaled.jpg","datePublished":"2015-07-22T13:39:03+00:00","dateModified":"2020-07-07T09:44:48+00:00","description":"Parasols design - Kronos Parasol carr\u00e9 cm 200x200, tissu en polyester de haute qualit\u00e9 imperm\u00e9able \u00e0 l\u2019eau, cadre en acier avec inclinaison. Fabriqu\u00e9 en Italie.","breadcrumb":{"@id":"https:\/\/www.palarasol.it\/fr\/shop\/parasols-design-fr\/kronos-carre\/#breadcrumb"},"inLanguage":"fr-FR","potentialAction":[{"@type":"ReadAction","target":["https:\/\/www.palarasol.it\/fr\/shop\/parasols-design-fr\/kronos-carre\/"]}]},{"@type":"ImageObject","inLanguage":"fr-FR","@id":"https:\/\/www.palarasol.it\/fr\/shop\/parasols-design-fr\/kronos-carre\/#primaryimage","url":"https:\/\/www.palarasol.it\/wp-content\/uploads\/2015\/07\/ECRU_WEB-scaled.jpg","contentUrl":"https:\/\/www.palarasol.it\/wp-content\/uploads\/2015\/07\/ECRU_WEB-scaled.jpg","width":2560,"height":1920},{"@type":"BreadcrumbList","@id":"https:\/\/www.palarasol.it\/fr\/shop\/parasols-design-fr\/kronos-carre\/#breadcrumb","itemListElement":[{"@type":"ListItem","position":1,"name":"Home","item":"https:\/\/www.palarasol.it\/fr\/10073-2\/"},{"@type":"ListItem","position":2,"name":"Shop","item":"http:\/\/stagingpalara4.it\/negozio\/"},{"@type":"ListItem","position":3,"name":"Parasols design","item":"https:\/\/www.palarasol.it\/fr\/categorie-produit\/parasols-design-fr\/"},{"@type":"ListItem","position":4,"name":"Kronos 200&#215;200 cm"}]},{"@type":"WebSite","@id":"http:\/\/www.palarasol.it\/fr\/#website","url":"http:\/\/www.palarasol.it\/fr\/","name":"Palarasol","description":"","publisher":{"@id":"http:\/\/www.palarasol.it\/fr\/#organization"},"potentialAction":[{"@type":"SearchAction","target":{"@type":"EntryPoint","urlTemplate":"http:\/\/www.palarasol.it\/fr\/?s={search_term_string}"},"query-input":{"@type":"PropertyValueSpecification","valueRequired":true,"valueName":"search_term_string"}}],"inLanguage":"fr-FR"},{"@type":"Organization","@id":"http:\/\/www.palarasol.it\/fr\/#organization","name":"Palara Gianluca & C. S.a.s","url":"http:\/\/www.palarasol.it\/fr\/","logo":{"@type":"ImageObject","inLanguage":"fr-FR","@id":"http:\/\/www.palarasol.it\/fr\/#\/schema\/logo\/image\/","url":"https:\/\/stagingpalara4.it\/wp-content\/uploads\/2015\/06\/logo.png","contentUrl":"https:\/\/stagingpalara4.it\/wp-content\/uploads\/2015\/06\/logo.png","width":800,"height":189,"caption":"Palara Gianluca & C. S.a.s"},"image":{"@id":"http:\/\/www.palarasol.it\/fr\/#\/schema\/logo\/image\/"},"sameAs":["https:\/\/www.facebook.com\/palarasol","https:\/\/x.com\/palarasol"]}]}},"_links":{"self":[{"href":"https:\/\/www.palarasol.it\/fr\/wp-json\/wp\/v2\/product\/73735","targetHints":{"allow":["GET"]}}],"collection":[{"href":"https:\/\/www.palarasol.it\/fr\/wp-json\/wp\/v2\/product"}],"about":[{"href":"https:\/\/www.palarasol.it\/fr\/wp-json\/wp\/v2\/types\/product"}],"version-history":[{"count":0,"href":"https:\/\/www.palarasol.it\/fr\/wp-json\/wp\/v2\/product\/73735\/revisions"}],"wp:featuredmedia":[{"embeddable":true,"href":"https:\/\/www.palarasol.it\/fr\/wp-json\/wp\/v2\/media\/85473"}],"wp:attachment":[{"href":"https:\/\/www.palarasol.it\/fr\/wp-json\/wp\/v2\/media?parent=73735"}],"wp:term":[{"taxonomy":"product_brand","embeddable":true,"href":"https:\/\/www.palarasol.it\/fr\/wp-json\/wp\/v2\/product_brand?post=73735"},{"taxonomy":"product_cat","embeddable":true,"href":"https:\/\/www.palarasol.it\/fr\/wp-json\/wp\/v2\/product_cat?post=73735"},{"taxonomy":"product_tag","embeddable":true,"href":"https:\/\/www.palarasol.it\/fr\/wp-json\/wp\/v2\/product_tag?post=73735"}],"curies":[{"name":"wp","href":"https:\/\/api.w.org\/{rel}","templated":true}]}}