{"id":73913,"date":"2017-05-17T10:51:45","date_gmt":"2017-05-17T08:51:45","guid":{"rendered":"https:\/\/stagingpalara4.it\/shop\/non%20class\u00e9\/soutien-aux-parasols\/"},"modified":"2025-07-24T11:08:41","modified_gmt":"2025-07-24T09:08:41","slug":"support-for-parasols","status":"publish","type":"product","link":"https:\/\/www.palarasol.it\/fr\/shop\/pieds\/support-for-parasols\/","title":{"rendered":"Support pour parasols de plage"},"content":{"rendered":"<h2>Support de parasols<\/h2>\n<p>Le porte-parasols est un outil indispensable pour la plage.<br \/>\nUne base innovante. Il vous permet de monter le Parasol rapidement et facilement.<br \/>\nLe pied est divis\u00e9 en deux parties. La partie sup\u00e9rieure a le plus petit diam\u00e8tre<br \/>\net p\u00e8se environ 1,5 kg. Elle agit comme un marteau sur la partie inf\u00e9rieure du m\u00e9canisme.<br \/>\nLes coups enfoncent la pointe m\u00e9tallique dans le sol, sans effort.<br \/>\nLorsque vous avez termin\u00e9, vous positionnez le Parasol et serrez les boutons.  <\/p>\n<p><strong>Mat\u00e9riau:<\/strong> m\u00e9tal.<br \/>\n<strong>Poids total:<\/strong> 2 kg<br \/>\n<strong>Hauteur:<\/strong> 113 cm.<br \/>\n<strong>Disponible dans les variantes suivantes: <\/strong><\/p>\n<ul>\n<li>22 mm<\/li>\n<li>28 mm<\/li>\n<li>33 mm<\/li>\n<\/ul>\n<p><iframe src=\"https:\/\/www.youtube.com\/embed\/Z3E3Rcuyy0Y?rel=0\" width=\"853\" height=\"480\" frameborder=\"0\" allowfullscreen=\"allowfullscreen\"><\/iframe><\/p>\n","protected":false},"excerpt":{"rendered":"<p>Indispensable pour positionner sans effort votre Parasol sur la plage.<\/p>\n","protected":false},"featured_media":77297,"template":"","meta":{"_acf_changed":false,"_monsterinsights_skip_tracking":false,"_monsterinsights_sitenote_active":false,"_monsterinsights_sitenote_note":"","_monsterinsights_sitenote_category":0},"product_brand":[],"product_cat":[451],"product_tag":[968,969,970,454,939],"class_list":{"0":"post-73913","1":"product","2":"type-product","3":"status-publish","4":"has-post-thumbnail","6":"product_cat-pieds","7":"product_tag-parasol-fr-3","8":"product_tag-parasol-fr-4","9":"product_tag-parasol-fr-5","10":"product_tag-pied","11":"product_tag-plage","13":"first","14":"instock","15":"featured","16":"shipping-taxable","17":"purchasable","18":"product-type-variable"},"acf":[],"yoast_head":"<!-- This site is optimized with the Yoast SEO plugin v27.2 - https:\/\/yoast.com\/product\/yoast-seo-wordpress\/ -->\n<title>Support pour parasols de plage - NOUVEAU - Palarasol<\/title>\n<meta name=\"description\" content=\"Le stand parapluie - piquet marteau est innovant et indispensable pour la plage. Il permet d&#039;assembler le Parasol rapidement et facilement.\" \/>\n<meta name=\"robots\" content=\"index, follow, max-snippet:-1, max-image-preview:large, max-video-preview:-1\" \/>\n<link rel=\"canonical\" href=\"https:\/\/www.palarasol.it\/fr\/shop\/pieds\/support-for-parasols\/\" \/>\n<meta property=\"og:locale\" content=\"fr_FR\" \/>\n<meta property=\"og:type\" content=\"article\" \/>\n<meta property=\"og:title\" content=\"Support pour parasols de plage - NOUVEAU - Palarasol\" \/>\n<meta property=\"og:description\" content=\"Le stand parapluie - piquet marteau est innovant et indispensable pour la plage. Il permet d&#039;assembler le Parasol rapidement et facilement.\" \/>\n<meta property=\"og:url\" content=\"https:\/\/www.palarasol.it\/fr\/shop\/pieds\/support-for-parasols\/\" \/>\n<meta property=\"og:site_name\" content=\"Palarasol\" \/>\n<meta property=\"article:publisher\" content=\"https:\/\/www.facebook.com\/palarasol\" \/>\n<meta property=\"article:modified_time\" content=\"2025-07-24T09:08:41+00:00\" \/>\n<meta property=\"og:image\" content=\"https:\/\/www.palarasol.it\/wp-content\/uploads\/2017\/05\/supporto-ombrelloni-spiaggia4.jpg\" \/>\n\t<meta property=\"og:image:width\" content=\"1200\" \/>\n\t<meta property=\"og:image:height\" content=\"800\" \/>\n\t<meta property=\"og:image:type\" content=\"image\/jpeg\" \/>\n<meta name=\"twitter:card\" content=\"summary_large_image\" \/>\n<meta name=\"twitter:site\" content=\"@palarasol\" \/>\n<meta name=\"twitter:label1\" content=\"Dur\u00e9e de lecture estim\u00e9e\" \/>\n\t<meta name=\"twitter:data1\" content=\"1 minute\" \/>\n<script type=\"application\/ld+json\" class=\"yoast-schema-graph\">{\"@context\":\"https:\/\/schema.org\",\"@graph\":[{\"@type\":\"WebPage\",\"@id\":\"https:\/\/www.palarasol.it\/fr\/shop\/pieds\/support-for-parasols\/\",\"url\":\"https:\/\/www.palarasol.it\/fr\/shop\/pieds\/support-for-parasols\/\",\"name\":\"Support pour parasols de plage - NOUVEAU - Palarasol\",\"isPartOf\":{\"@id\":\"http:\/\/www.palarasol.it\/fr\/#website\"},\"primaryImageOfPage\":{\"@id\":\"https:\/\/www.palarasol.it\/fr\/shop\/pieds\/support-for-parasols\/#primaryimage\"},\"image\":{\"@id\":\"https:\/\/www.palarasol.it\/fr\/shop\/pieds\/support-for-parasols\/#primaryimage\"},\"thumbnailUrl\":\"https:\/\/www.palarasol.it\/wp-content\/uploads\/2017\/05\/supporto-ombrelloni-spiaggia4.jpg\",\"datePublished\":\"2017-05-17T08:51:45+00:00\",\"dateModified\":\"2025-07-24T09:08:41+00:00\",\"description\":\"Le stand parapluie - piquet marteau est innovant et indispensable pour la plage. Il permet d'assembler le Parasol rapidement et facilement.\",\"breadcrumb\":{\"@id\":\"https:\/\/www.palarasol.it\/fr\/shop\/pieds\/support-for-parasols\/#breadcrumb\"},\"inLanguage\":\"fr-FR\",\"potentialAction\":[{\"@type\":\"ReadAction\",\"target\":[\"https:\/\/www.palarasol.it\/fr\/shop\/pieds\/support-for-parasols\/\"]}]},{\"@type\":\"ImageObject\",\"inLanguage\":\"fr-FR\",\"@id\":\"https:\/\/www.palarasol.it\/fr\/shop\/pieds\/support-for-parasols\/#primaryimage\",\"url\":\"https:\/\/www.palarasol.it\/wp-content\/uploads\/2017\/05\/supporto-ombrelloni-spiaggia4.jpg\",\"contentUrl\":\"https:\/\/www.palarasol.it\/wp-content\/uploads\/2017\/05\/supporto-ombrelloni-spiaggia4.jpg\",\"width\":1200,\"height\":800,\"caption\":\"supporto ombrelloni spiaggia\"},{\"@type\":\"BreadcrumbList\",\"@id\":\"https:\/\/www.palarasol.it\/fr\/shop\/pieds\/support-for-parasols\/#breadcrumb\",\"itemListElement\":[{\"@type\":\"ListItem\",\"position\":1,\"name\":\"Home\",\"item\":\"https:\/\/www.palarasol.it\/fr\/10073-2\/\"},{\"@type\":\"ListItem\",\"position\":2,\"name\":\"Shop\",\"item\":\"http:\/\/stagingpalara4.it\/negozio\/\"},{\"@type\":\"ListItem\",\"position\":3,\"name\":\"Pieds\",\"item\":\"https:\/\/www.palarasol.it\/fr\/categorie-produit\/pieds\/\"},{\"@type\":\"ListItem\",\"position\":4,\"name\":\"Support pour parasols de plage\"}]},{\"@type\":\"WebSite\",\"@id\":\"http:\/\/www.palarasol.it\/fr\/#website\",\"url\":\"http:\/\/www.palarasol.it\/fr\/\",\"name\":\"Palarasol\",\"description\":\"\",\"publisher\":{\"@id\":\"http:\/\/www.palarasol.it\/fr\/#organization\"},\"potentialAction\":[{\"@type\":\"SearchAction\",\"target\":{\"@type\":\"EntryPoint\",\"urlTemplate\":\"http:\/\/www.palarasol.it\/fr\/?s={search_term_string}\"},\"query-input\":{\"@type\":\"PropertyValueSpecification\",\"valueRequired\":true,\"valueName\":\"search_term_string\"}}],\"inLanguage\":\"fr-FR\"},{\"@type\":\"Organization\",\"@id\":\"http:\/\/www.palarasol.it\/fr\/#organization\",\"name\":\"Palara Gianluca & C. S.a.s\",\"url\":\"http:\/\/www.palarasol.it\/fr\/\",\"logo\":{\"@type\":\"ImageObject\",\"inLanguage\":\"fr-FR\",\"@id\":\"http:\/\/www.palarasol.it\/fr\/#\/schema\/logo\/image\/\",\"url\":\"https:\/\/stagingpalara4.it\/wp-content\/uploads\/2015\/06\/logo.png\",\"contentUrl\":\"https:\/\/stagingpalara4.it\/wp-content\/uploads\/2015\/06\/logo.png\",\"width\":800,\"height\":189,\"caption\":\"Palara Gianluca & C. S.a.s\"},\"image\":{\"@id\":\"http:\/\/www.palarasol.it\/fr\/#\/schema\/logo\/image\/\"},\"sameAs\":[\"https:\/\/www.facebook.com\/palarasol\",\"https:\/\/x.com\/palarasol\"]}]}<\/script>\n<!-- \/ Yoast SEO plugin. -->","yoast_head_json":{"title":"Support pour parasols de plage - NOUVEAU - Palarasol","description":"Le stand parapluie - piquet marteau est innovant et indispensable pour la plage. Il permet d'assembler le Parasol rapidement et facilement.","robots":{"index":"index","follow":"follow","max-snippet":"max-snippet:-1","max-image-preview":"max-image-preview:large","max-video-preview":"max-video-preview:-1"},"canonical":"https:\/\/www.palarasol.it\/fr\/shop\/pieds\/support-for-parasols\/","og_locale":"fr_FR","og_type":"article","og_title":"Support pour parasols de plage - NOUVEAU - Palarasol","og_description":"Le stand parapluie - piquet marteau est innovant et indispensable pour la plage. Il permet d'assembler le Parasol rapidement et facilement.","og_url":"https:\/\/www.palarasol.it\/fr\/shop\/pieds\/support-for-parasols\/","og_site_name":"Palarasol","article_publisher":"https:\/\/www.facebook.com\/palarasol","article_modified_time":"2025-07-24T09:08:41+00:00","og_image":[{"width":1200,"height":800,"url":"https:\/\/www.palarasol.it\/wp-content\/uploads\/2017\/05\/supporto-ombrelloni-spiaggia4.jpg","type":"image\/jpeg"}],"twitter_card":"summary_large_image","twitter_site":"@palarasol","twitter_misc":{"Dur\u00e9e de lecture estim\u00e9e":"1 minute"},"schema":{"@context":"https:\/\/schema.org","@graph":[{"@type":"WebPage","@id":"https:\/\/www.palarasol.it\/fr\/shop\/pieds\/support-for-parasols\/","url":"https:\/\/www.palarasol.it\/fr\/shop\/pieds\/support-for-parasols\/","name":"Support pour parasols de plage - NOUVEAU - Palarasol","isPartOf":{"@id":"http:\/\/www.palarasol.it\/fr\/#website"},"primaryImageOfPage":{"@id":"https:\/\/www.palarasol.it\/fr\/shop\/pieds\/support-for-parasols\/#primaryimage"},"image":{"@id":"https:\/\/www.palarasol.it\/fr\/shop\/pieds\/support-for-parasols\/#primaryimage"},"thumbnailUrl":"https:\/\/www.palarasol.it\/wp-content\/uploads\/2017\/05\/supporto-ombrelloni-spiaggia4.jpg","datePublished":"2017-05-17T08:51:45+00:00","dateModified":"2025-07-24T09:08:41+00:00","description":"Le stand parapluie - piquet marteau est innovant et indispensable pour la plage. Il permet d'assembler le Parasol rapidement et facilement.","breadcrumb":{"@id":"https:\/\/www.palarasol.it\/fr\/shop\/pieds\/support-for-parasols\/#breadcrumb"},"inLanguage":"fr-FR","potentialAction":[{"@type":"ReadAction","target":["https:\/\/www.palarasol.it\/fr\/shop\/pieds\/support-for-parasols\/"]}]},{"@type":"ImageObject","inLanguage":"fr-FR","@id":"https:\/\/www.palarasol.it\/fr\/shop\/pieds\/support-for-parasols\/#primaryimage","url":"https:\/\/www.palarasol.it\/wp-content\/uploads\/2017\/05\/supporto-ombrelloni-spiaggia4.jpg","contentUrl":"https:\/\/www.palarasol.it\/wp-content\/uploads\/2017\/05\/supporto-ombrelloni-spiaggia4.jpg","width":1200,"height":800,"caption":"supporto ombrelloni spiaggia"},{"@type":"BreadcrumbList","@id":"https:\/\/www.palarasol.it\/fr\/shop\/pieds\/support-for-parasols\/#breadcrumb","itemListElement":[{"@type":"ListItem","position":1,"name":"Home","item":"https:\/\/www.palarasol.it\/fr\/10073-2\/"},{"@type":"ListItem","position":2,"name":"Shop","item":"http:\/\/stagingpalara4.it\/negozio\/"},{"@type":"ListItem","position":3,"name":"Pieds","item":"https:\/\/www.palarasol.it\/fr\/categorie-produit\/pieds\/"},{"@type":"ListItem","position":4,"name":"Support pour parasols de plage"}]},{"@type":"WebSite","@id":"http:\/\/www.palarasol.it\/fr\/#website","url":"http:\/\/www.palarasol.it\/fr\/","name":"Palarasol","description":"","publisher":{"@id":"http:\/\/www.palarasol.it\/fr\/#organization"},"potentialAction":[{"@type":"SearchAction","target":{"@type":"EntryPoint","urlTemplate":"http:\/\/www.palarasol.it\/fr\/?s={search_term_string}"},"query-input":{"@type":"PropertyValueSpecification","valueRequired":true,"valueName":"search_term_string"}}],"inLanguage":"fr-FR"},{"@type":"Organization","@id":"http:\/\/www.palarasol.it\/fr\/#organization","name":"Palara Gianluca & C. S.a.s","url":"http:\/\/www.palarasol.it\/fr\/","logo":{"@type":"ImageObject","inLanguage":"fr-FR","@id":"http:\/\/www.palarasol.it\/fr\/#\/schema\/logo\/image\/","url":"https:\/\/stagingpalara4.it\/wp-content\/uploads\/2015\/06\/logo.png","contentUrl":"https:\/\/stagingpalara4.it\/wp-content\/uploads\/2015\/06\/logo.png","width":800,"height":189,"caption":"Palara Gianluca & C. S.a.s"},"image":{"@id":"http:\/\/www.palarasol.it\/fr\/#\/schema\/logo\/image\/"},"sameAs":["https:\/\/www.facebook.com\/palarasol","https:\/\/x.com\/palarasol"]}]}},"_links":{"self":[{"href":"https:\/\/www.palarasol.it\/fr\/wp-json\/wp\/v2\/product\/73913","targetHints":{"allow":["GET"]}}],"collection":[{"href":"https:\/\/www.palarasol.it\/fr\/wp-json\/wp\/v2\/product"}],"about":[{"href":"https:\/\/www.palarasol.it\/fr\/wp-json\/wp\/v2\/types\/product"}],"version-history":[{"count":0,"href":"https:\/\/www.palarasol.it\/fr\/wp-json\/wp\/v2\/product\/73913\/revisions"}],"wp:featuredmedia":[{"embeddable":true,"href":"https:\/\/www.palarasol.it\/fr\/wp-json\/wp\/v2\/media\/77297"}],"wp:attachment":[{"href":"https:\/\/www.palarasol.it\/fr\/wp-json\/wp\/v2\/media?parent=73913"}],"wp:term":[{"taxonomy":"product_brand","embeddable":true,"href":"https:\/\/www.palarasol.it\/fr\/wp-json\/wp\/v2\/product_brand?post=73913"},{"taxonomy":"product_cat","embeddable":true,"href":"https:\/\/www.palarasol.it\/fr\/wp-json\/wp\/v2\/product_cat?post=73913"},{"taxonomy":"product_tag","embeddable":true,"href":"https:\/\/www.palarasol.it\/fr\/wp-json\/wp\/v2\/product_tag?post=73913"}],"curies":[{"name":"wp","href":"https:\/\/api.w.org\/{rel}","templated":true}]}}