{"id":74008,"date":"2017-10-17T10:39:58","date_gmt":"2017-10-17T08:39:58","guid":{"rendered":"https:\/\/stagingpalara4.it\/shop\/non%20class\u00e9\/fibrasol-bois-basic-300x300-cm\/"},"modified":"2021-04-14T11:29:29","modified_gmt":"2021-04-14T09:29:29","slug":"fibrasol-bois-300x300-cm","status":"publish","type":"product","link":"https:\/\/www.palarasol.it\/fr\/shop\/parasols-fr\/fibrasol-bois-300x300-cm\/","title":{"rendered":"Bois Fibrasol 300&#215;300 cm"},"content":{"rendered":"<p><strong>Mat\u00e9riel<\/strong><br \/>\nMod\u00e8le sans lambrequins : polyester polyMa 210 gr<br \/>\nMod\u00e8le avec lambrequins : Dralon Acrylique 300 gr (Ecru uniquement)<br \/>\n<strong>R\u00e9sistance aux couleurs<\/strong>: 6+.<br \/>\nProtection UV 50+<\/p>\n<p>Hydrofuge<br \/>\nAnti-moisissure<br \/>\nCoupe-vent<br \/>\nLacet de fermeture<\/p>\n<p>Mesure 300&#215;300 cm<br \/>\nHauteur 340 cm<\/p>\n<p><strong>Monture<\/strong><br \/>\nLa structure en fibre de verre donne une r\u00e9sistance et une \u00e9lasticit\u00e9 uniques, sup\u00e9rieures \u00e0 une structure similaire en bois ou en m\u00e9tal, gr\u00e2ce \u00e0 la capacit\u00e9 de ce mat\u00e9riau composite, \u00e0 absorber les contraintes soudaines.<br \/>\nCouleur bois, avec poteau 91 \u00e0 91 cm avec connecteurs en acier Dacromet et 8 baguettes interchangeables en fibre de verre, couleur teck<br \/>\nEn forme de T, acier Dacromet, double bouton \u00e0 360 degr\u00e9s pivotant.<br \/>\nPoign\u00e9e d\u2019ouverture en aluminium, c\u00e2ble et vis en acier inoxydable.<br \/>\nBas\u00e9 sur T dans PHOTOGRAPHY INCLUSA.<br \/>\nPour ce Parasol est indiqu\u00e9 un contrepoids &gt; 120 kg. Tuiles non incluses.<br \/>\nDoublure de protection Mytex<a href=\"https:\/\/www.palarasol.it\/shop\/fodere\/maffei-art-923-fodera-ombrelloni-laterali-3x4-tessuto-impermeabile-traspirante\/\"><strong> art.923<\/strong><\/a> dans<strong> HOMMAGE<br \/>\n<\/strong><strong> Fabriqu\u00e9 en Italie.<\/strong><\/p>\n","protected":false},"excerpt":{"rendered":"<p>Art 157Q Fibrasol Maffei cm 300&#215;300 \/ 8 h cm 340<\/p>\n<p><a href=\"https:\/\/www.palarasol.it\/wp-content\/uploads\/2017\/10\/157q_basic-1.jpg\"><img decoding=\"async\" class=\"alignnone size-full wp-image-9889\" src=\"https:\/\/www.palarasol.it\/wp-content\/uploads\/2017\/10\/157q_basic-1.jpg\" alt=\"Sch\u00e9ma de base 157q\" width=\"277\" height=\"139\" \/><\/a><\/p>\n","protected":false},"featured_media":74006,"template":"","meta":{"_acf_changed":false,"_monsterinsights_skip_tracking":false,"_monsterinsights_sitenote_active":false,"_monsterinsights_sitenote_note":"","_monsterinsights_sitenote_category":0},"product_brand":[],"product_cat":[440,467],"product_tag":[436,445,446,747,435,551,851,852,437,438],"class_list":{"0":"post-74008","1":"product","2":"type-product","3":"status-publish","4":"has-post-thumbnail","6":"product_cat-parasols-fr","7":"product_cat-parasols-grands-deportes","8":"product_tag-fabrique-en-italie","9":"product_tag-grands","10":"product_tag-impermeable","11":"product_tag-parapluies-maffei","12":"product_tag-parasol-fr","13":"product_tag-parasol-jardin","14":"product_tag-parasols-grands-deportes","15":"product_tag-parasols-grands-deportes-fr","16":"product_tag-polyester-fr","17":"product_tag-protection-uv","19":"first","20":"instock","21":"shipping-taxable","22":"purchasable","23":"product-type-variable"},"acf":[],"yoast_head":"<!-- This site is optimized with the Yoast SEO plugin v27.2 - https:\/\/yoast.com\/product\/yoast-seo-wordpress\/ -->\n<title>Fibresol Square Wood Basic Maffei Made in Italy- Palarasol<\/title>\n<meta name=\"description\" content=\"Bois De base Carr\u00e9 Fibrasol Mat\u00e9riau: PolyMa polyester tissu gr 210, imperm\u00e9able, anti-brun, mesure anti-vent 300x300 cm Hauteur 340 cm\" \/>\n<meta name=\"robots\" content=\"index, follow, max-snippet:-1, max-image-preview:large, max-video-preview:-1\" \/>\n<link rel=\"canonical\" href=\"https:\/\/www.palarasol.it\/fr\/shop\/parasols-fr\/fibrasol-bois-300x300-cm\/\" \/>\n<meta property=\"og:locale\" content=\"fr_FR\" \/>\n<meta property=\"og:type\" content=\"article\" \/>\n<meta property=\"og:title\" content=\"Fibresol Square Wood Basic Maffei Made in Italy- Palarasol\" \/>\n<meta property=\"og:description\" content=\"Bois De base Carr\u00e9 Fibrasol Mat\u00e9riau: PolyMa polyester tissu gr 210, imperm\u00e9able, anti-brun, mesure anti-vent 300x300 cm Hauteur 340 cm\" \/>\n<meta property=\"og:url\" content=\"https:\/\/www.palarasol.it\/fr\/shop\/parasols-fr\/fibrasol-bois-300x300-cm\/\" \/>\n<meta property=\"og:site_name\" content=\"Palarasol\" \/>\n<meta property=\"article:publisher\" content=\"https:\/\/www.facebook.com\/palarasol\" \/>\n<meta property=\"article:modified_time\" content=\"2021-04-14T09:29:29+00:00\" \/>\n<meta property=\"og:image\" content=\"https:\/\/www.palarasol.it\/wp-content\/uploads\/2017\/10\/fibrasol-art157basic-q.jpg\" \/>\n\t<meta property=\"og:image:width\" content=\"1200\" \/>\n\t<meta property=\"og:image:height\" content=\"800\" \/>\n\t<meta property=\"og:image:type\" content=\"image\/jpeg\" \/>\n<meta name=\"twitter:card\" content=\"summary_large_image\" \/>\n<meta name=\"twitter:site\" content=\"@palarasol\" \/>\n<meta name=\"twitter:label1\" content=\"Dur\u00e9e de lecture estim\u00e9e\" \/>\n\t<meta name=\"twitter:data1\" content=\"1 minute\" \/>\n<script type=\"application\/ld+json\" class=\"yoast-schema-graph\">{\"@context\":\"https:\/\/schema.org\",\"@graph\":[{\"@type\":\"WebPage\",\"@id\":\"https:\/\/www.palarasol.it\/fr\/shop\/parasols-fr\/fibrasol-bois-300x300-cm\/\",\"url\":\"https:\/\/www.palarasol.it\/fr\/shop\/parasols-fr\/fibrasol-bois-300x300-cm\/\",\"name\":\"Fibresol Square Wood Basic Maffei Made in Italy- Palarasol\",\"isPartOf\":{\"@id\":\"http:\/\/www.palarasol.it\/fr\/#website\"},\"primaryImageOfPage\":{\"@id\":\"https:\/\/www.palarasol.it\/fr\/shop\/parasols-fr\/fibrasol-bois-300x300-cm\/#primaryimage\"},\"image\":{\"@id\":\"https:\/\/www.palarasol.it\/fr\/shop\/parasols-fr\/fibrasol-bois-300x300-cm\/#primaryimage\"},\"thumbnailUrl\":\"https:\/\/www.palarasol.it\/wp-content\/uploads\/2017\/10\/fibrasol-art157basic-q.jpg\",\"datePublished\":\"2017-10-17T08:39:58+00:00\",\"dateModified\":\"2021-04-14T09:29:29+00:00\",\"description\":\"Bois De base Carr\u00e9 Fibrasol Mat\u00e9riau: PolyMa polyester tissu gr 210, imperm\u00e9able, anti-brun, mesure anti-vent 300x300 cm Hauteur 340 cm\",\"breadcrumb\":{\"@id\":\"https:\/\/www.palarasol.it\/fr\/shop\/parasols-fr\/fibrasol-bois-300x300-cm\/#breadcrumb\"},\"inLanguage\":\"fr-FR\",\"potentialAction\":[{\"@type\":\"ReadAction\",\"target\":[\"https:\/\/www.palarasol.it\/fr\/shop\/parasols-fr\/fibrasol-bois-300x300-cm\/\"]}]},{\"@type\":\"ImageObject\",\"inLanguage\":\"fr-FR\",\"@id\":\"https:\/\/www.palarasol.it\/fr\/shop\/parasols-fr\/fibrasol-bois-300x300-cm\/#primaryimage\",\"url\":\"https:\/\/www.palarasol.it\/wp-content\/uploads\/2017\/10\/fibrasol-art157basic-q.jpg\",\"contentUrl\":\"https:\/\/www.palarasol.it\/wp-content\/uploads\/2017\/10\/fibrasol-art157basic-q.jpg\",\"width\":1200,\"height\":800,\"caption\":\"fibrasol art157 de base q\"},{\"@type\":\"BreadcrumbList\",\"@id\":\"https:\/\/www.palarasol.it\/fr\/shop\/parasols-fr\/fibrasol-bois-300x300-cm\/#breadcrumb\",\"itemListElement\":[{\"@type\":\"ListItem\",\"position\":1,\"name\":\"Home\",\"item\":\"https:\/\/www.palarasol.it\/fr\/10073-2\/\"},{\"@type\":\"ListItem\",\"position\":2,\"name\":\"Shop\",\"item\":\"http:\/\/stagingpalara4.it\/negozio\/\"},{\"@type\":\"ListItem\",\"position\":3,\"name\":\"Parasols grands d\u00e9port\u00e9s\",\"item\":\"https:\/\/www.palarasol.it\/fr\/categorie-produit\/parasols-grands-deportes\/\"},{\"@type\":\"ListItem\",\"position\":4,\"name\":\"Bois Fibrasol 300&#215;300 cm\"}]},{\"@type\":\"WebSite\",\"@id\":\"http:\/\/www.palarasol.it\/fr\/#website\",\"url\":\"http:\/\/www.palarasol.it\/fr\/\",\"name\":\"Palarasol\",\"description\":\"\",\"publisher\":{\"@id\":\"http:\/\/www.palarasol.it\/fr\/#organization\"},\"potentialAction\":[{\"@type\":\"SearchAction\",\"target\":{\"@type\":\"EntryPoint\",\"urlTemplate\":\"http:\/\/www.palarasol.it\/fr\/?s={search_term_string}\"},\"query-input\":{\"@type\":\"PropertyValueSpecification\",\"valueRequired\":true,\"valueName\":\"search_term_string\"}}],\"inLanguage\":\"fr-FR\"},{\"@type\":\"Organization\",\"@id\":\"http:\/\/www.palarasol.it\/fr\/#organization\",\"name\":\"Palara Gianluca & C. S.a.s\",\"url\":\"http:\/\/www.palarasol.it\/fr\/\",\"logo\":{\"@type\":\"ImageObject\",\"inLanguage\":\"fr-FR\",\"@id\":\"http:\/\/www.palarasol.it\/fr\/#\/schema\/logo\/image\/\",\"url\":\"https:\/\/stagingpalara4.it\/wp-content\/uploads\/2015\/06\/logo.png\",\"contentUrl\":\"https:\/\/stagingpalara4.it\/wp-content\/uploads\/2015\/06\/logo.png\",\"width\":800,\"height\":189,\"caption\":\"Palara Gianluca & C. S.a.s\"},\"image\":{\"@id\":\"http:\/\/www.palarasol.it\/fr\/#\/schema\/logo\/image\/\"},\"sameAs\":[\"https:\/\/www.facebook.com\/palarasol\",\"https:\/\/x.com\/palarasol\"]}]}<\/script>\n<!-- \/ Yoast SEO plugin. -->","yoast_head_json":{"title":"Fibresol Square Wood Basic Maffei Made in Italy- Palarasol","description":"Bois De base Carr\u00e9 Fibrasol Mat\u00e9riau: PolyMa polyester tissu gr 210, imperm\u00e9able, anti-brun, mesure anti-vent 300x300 cm Hauteur 340 cm","robots":{"index":"index","follow":"follow","max-snippet":"max-snippet:-1","max-image-preview":"max-image-preview:large","max-video-preview":"max-video-preview:-1"},"canonical":"https:\/\/www.palarasol.it\/fr\/shop\/parasols-fr\/fibrasol-bois-300x300-cm\/","og_locale":"fr_FR","og_type":"article","og_title":"Fibresol Square Wood Basic Maffei Made in Italy- Palarasol","og_description":"Bois De base Carr\u00e9 Fibrasol Mat\u00e9riau: PolyMa polyester tissu gr 210, imperm\u00e9able, anti-brun, mesure anti-vent 300x300 cm Hauteur 340 cm","og_url":"https:\/\/www.palarasol.it\/fr\/shop\/parasols-fr\/fibrasol-bois-300x300-cm\/","og_site_name":"Palarasol","article_publisher":"https:\/\/www.facebook.com\/palarasol","article_modified_time":"2021-04-14T09:29:29+00:00","og_image":[{"width":1200,"height":800,"url":"https:\/\/www.palarasol.it\/wp-content\/uploads\/2017\/10\/fibrasol-art157basic-q.jpg","type":"image\/jpeg"}],"twitter_card":"summary_large_image","twitter_site":"@palarasol","twitter_misc":{"Dur\u00e9e de lecture estim\u00e9e":"1 minute"},"schema":{"@context":"https:\/\/schema.org","@graph":[{"@type":"WebPage","@id":"https:\/\/www.palarasol.it\/fr\/shop\/parasols-fr\/fibrasol-bois-300x300-cm\/","url":"https:\/\/www.palarasol.it\/fr\/shop\/parasols-fr\/fibrasol-bois-300x300-cm\/","name":"Fibresol Square Wood Basic Maffei Made in Italy- Palarasol","isPartOf":{"@id":"http:\/\/www.palarasol.it\/fr\/#website"},"primaryImageOfPage":{"@id":"https:\/\/www.palarasol.it\/fr\/shop\/parasols-fr\/fibrasol-bois-300x300-cm\/#primaryimage"},"image":{"@id":"https:\/\/www.palarasol.it\/fr\/shop\/parasols-fr\/fibrasol-bois-300x300-cm\/#primaryimage"},"thumbnailUrl":"https:\/\/www.palarasol.it\/wp-content\/uploads\/2017\/10\/fibrasol-art157basic-q.jpg","datePublished":"2017-10-17T08:39:58+00:00","dateModified":"2021-04-14T09:29:29+00:00","description":"Bois De base Carr\u00e9 Fibrasol Mat\u00e9riau: PolyMa polyester tissu gr 210, imperm\u00e9able, anti-brun, mesure anti-vent 300x300 cm Hauteur 340 cm","breadcrumb":{"@id":"https:\/\/www.palarasol.it\/fr\/shop\/parasols-fr\/fibrasol-bois-300x300-cm\/#breadcrumb"},"inLanguage":"fr-FR","potentialAction":[{"@type":"ReadAction","target":["https:\/\/www.palarasol.it\/fr\/shop\/parasols-fr\/fibrasol-bois-300x300-cm\/"]}]},{"@type":"ImageObject","inLanguage":"fr-FR","@id":"https:\/\/www.palarasol.it\/fr\/shop\/parasols-fr\/fibrasol-bois-300x300-cm\/#primaryimage","url":"https:\/\/www.palarasol.it\/wp-content\/uploads\/2017\/10\/fibrasol-art157basic-q.jpg","contentUrl":"https:\/\/www.palarasol.it\/wp-content\/uploads\/2017\/10\/fibrasol-art157basic-q.jpg","width":1200,"height":800,"caption":"fibrasol art157 de base q"},{"@type":"BreadcrumbList","@id":"https:\/\/www.palarasol.it\/fr\/shop\/parasols-fr\/fibrasol-bois-300x300-cm\/#breadcrumb","itemListElement":[{"@type":"ListItem","position":1,"name":"Home","item":"https:\/\/www.palarasol.it\/fr\/10073-2\/"},{"@type":"ListItem","position":2,"name":"Shop","item":"http:\/\/stagingpalara4.it\/negozio\/"},{"@type":"ListItem","position":3,"name":"Parasols grands d\u00e9port\u00e9s","item":"https:\/\/www.palarasol.it\/fr\/categorie-produit\/parasols-grands-deportes\/"},{"@type":"ListItem","position":4,"name":"Bois Fibrasol 300&#215;300 cm"}]},{"@type":"WebSite","@id":"http:\/\/www.palarasol.it\/fr\/#website","url":"http:\/\/www.palarasol.it\/fr\/","name":"Palarasol","description":"","publisher":{"@id":"http:\/\/www.palarasol.it\/fr\/#organization"},"potentialAction":[{"@type":"SearchAction","target":{"@type":"EntryPoint","urlTemplate":"http:\/\/www.palarasol.it\/fr\/?s={search_term_string}"},"query-input":{"@type":"PropertyValueSpecification","valueRequired":true,"valueName":"search_term_string"}}],"inLanguage":"fr-FR"},{"@type":"Organization","@id":"http:\/\/www.palarasol.it\/fr\/#organization","name":"Palara Gianluca & C. S.a.s","url":"http:\/\/www.palarasol.it\/fr\/","logo":{"@type":"ImageObject","inLanguage":"fr-FR","@id":"http:\/\/www.palarasol.it\/fr\/#\/schema\/logo\/image\/","url":"https:\/\/stagingpalara4.it\/wp-content\/uploads\/2015\/06\/logo.png","contentUrl":"https:\/\/stagingpalara4.it\/wp-content\/uploads\/2015\/06\/logo.png","width":800,"height":189,"caption":"Palara Gianluca & C. S.a.s"},"image":{"@id":"http:\/\/www.palarasol.it\/fr\/#\/schema\/logo\/image\/"},"sameAs":["https:\/\/www.facebook.com\/palarasol","https:\/\/x.com\/palarasol"]}]}},"_links":{"self":[{"href":"https:\/\/www.palarasol.it\/fr\/wp-json\/wp\/v2\/product\/74008","targetHints":{"allow":["GET"]}}],"collection":[{"href":"https:\/\/www.palarasol.it\/fr\/wp-json\/wp\/v2\/product"}],"about":[{"href":"https:\/\/www.palarasol.it\/fr\/wp-json\/wp\/v2\/types\/product"}],"version-history":[{"count":0,"href":"https:\/\/www.palarasol.it\/fr\/wp-json\/wp\/v2\/product\/74008\/revisions"}],"wp:featuredmedia":[{"embeddable":true,"href":"https:\/\/www.palarasol.it\/fr\/wp-json\/wp\/v2\/media\/74006"}],"wp:attachment":[{"href":"https:\/\/www.palarasol.it\/fr\/wp-json\/wp\/v2\/media?parent=74008"}],"wp:term":[{"taxonomy":"product_brand","embeddable":true,"href":"https:\/\/www.palarasol.it\/fr\/wp-json\/wp\/v2\/product_brand?post=74008"},{"taxonomy":"product_cat","embeddable":true,"href":"https:\/\/www.palarasol.it\/fr\/wp-json\/wp\/v2\/product_cat?post=74008"},{"taxonomy":"product_tag","embeddable":true,"href":"https:\/\/www.palarasol.it\/fr\/wp-json\/wp\/v2\/product_tag?post=74008"}],"curies":[{"name":"wp","href":"https:\/\/api.w.org\/{rel}","templated":true}]}}