{"id":74273,"date":"2020-07-21T11:56:13","date_gmt":"2020-07-21T09:56:13","guid":{"rendered":"https:\/\/stagingpalara4.it\/shop\/non%20class\u00e9\/fibersol-argent\/"},"modified":"2021-06-08T11:43:18","modified_gmt":"2021-06-08T09:43:18","slug":"fibrasol-silver","status":"publish","type":"product","link":"https:\/\/www.palarasol.it\/fr\/shop\/parasols-fr\/fibrasol-silver\/","title":{"rendered":"Fibersol silver"},"content":{"rendered":"<p><strong>Mat\u00e9riau:<\/strong> PolyMa polyester gr 210, imperm\u00e9able \u00e0 l\u2019eau, anti-mamuffa<br \/>\n<strong>R\u00e9sistance aux couleurs:<\/strong> 6+<br \/>\n<strong>Protection:<\/strong> UV 50<br \/>\nLacet de fermeture<br \/>\nSans lambrequins<br \/>\nCoupe-vent<\/p>\n<p><strong>CADRE: FIBRE DE VERRE<\/strong><\/p>\n<p>FIBRASOL est la meilleure s\u00e9rie de production Maffei. La structure FIBRA de VETRO offre une r\u00e9sistance et une \u00e9lasticit\u00e9 uniques, sup\u00e9rieures \u00e0 une structure similaire en bois ou en m\u00e9tal, gr\u00e2ce \u00e0 la capacit\u00e9 de ce mat\u00e9riau composite, d\u2019absorber les contraintes soudaines.<\/p>\n<p>Poteau en fibre de verre de 48 mm (couleur argent) et 8 baleines en fibre de verre interchangeables<br \/>\nTampus de pineae g\u00e9ant<br \/>\nVis en acier inoxydable<br \/>\nOuverture double de p\u00e2te<br \/>\n<strong>Doublure protectrice en Mytex<a href=\"https:\/\/www.palarasol.it\/shop\/fodere\/fodera-per-ombrellone-grandi\/\"> art.922<\/a> gratuit<br \/>\n<\/strong><strong> Fabriqu\u00e9 en Italie.<br \/>\n<\/strong> Une base pond\u00e9rale est indiqu\u00e9e&gt; 35 kilogrammes. Base non incluse.<\/p>\n","protected":false},"excerpt":{"rendered":"<p>Art 175Q Fibrasol Silver Maffei cm 300-300\/8 h cm 280<\/p>\n<p><img decoding=\"async\" class=\"alignnone size-full wp-image-74259\" src=\"https:\/\/www.palarasol.it\/wp-content\/uploads\/2020\/07\/schema-175q.png\" alt=\"fibersol argent art175q\" width=\"146\" height=\"106\" \/><\/p>\n","protected":false},"featured_media":74249,"template":"","meta":{"_acf_changed":false,"_monsterinsights_skip_tracking":false,"_monsterinsights_sitenote_active":false,"_monsterinsights_sitenote_note":"","_monsterinsights_sitenote_category":0},"product_brand":[],"product_cat":[440,444],"product_tag":[436,445,446,747,435,551,852,979,437,438],"class_list":{"0":"post-74273","1":"product","2":"type-product","3":"status-publish","4":"has-post-thumbnail","6":"product_cat-parasols-fr","7":"product_cat-parasols-grands-mat-central","8":"product_tag-fabrique-en-italie","9":"product_tag-grands","10":"product_tag-impermeable","11":"product_tag-parapluies-maffei","12":"product_tag-parasol-fr","13":"product_tag-parasol-jardin","14":"product_tag-parasols-grands-deportes-fr","15":"product_tag-parasols-grands-mat-central","16":"product_tag-polyester-fr","17":"product_tag-protection-uv","19":"first","20":"instock","21":"shipping-taxable","22":"purchasable","23":"product-type-variable"},"acf":[],"yoast_head":"<!-- This site is optimized with the Yoast SEO plugin v27.2 - https:\/\/yoast.com\/product\/yoast-seo-wordpress\/ -->\n<title>Fibersol silver - fibre de verre cadre - Palarasol<\/title>\n<meta name=\"description\" content=\"La STRUCTURE FIBRA de Fibrasol offre une force et une \u00e9lasticit\u00e9 uniques, gr\u00e2ce \u00e0 la capacit\u00e9 d\u2019absorber les contraintes soudaines.\" \/>\n<meta name=\"robots\" content=\"index, follow, max-snippet:-1, max-image-preview:large, max-video-preview:-1\" \/>\n<link rel=\"canonical\" href=\"https:\/\/www.palarasol.it\/fr\/shop\/parasols-fr\/fibrasol-silver\/\" \/>\n<meta property=\"og:locale\" content=\"fr_FR\" \/>\n<meta property=\"og:type\" content=\"article\" \/>\n<meta property=\"og:title\" content=\"Fibersol silver - fibre de verre cadre - Palarasol\" \/>\n<meta property=\"og:description\" content=\"La STRUCTURE FIBRA de Fibrasol offre une force et une \u00e9lasticit\u00e9 uniques, gr\u00e2ce \u00e0 la capacit\u00e9 d\u2019absorber les contraintes soudaines.\" \/>\n<meta property=\"og:url\" content=\"https:\/\/www.palarasol.it\/fr\/shop\/parasols-fr\/fibrasol-silver\/\" \/>\n<meta property=\"og:site_name\" content=\"Palarasol\" \/>\n<meta property=\"article:publisher\" content=\"https:\/\/www.facebook.com\/palarasol\" \/>\n<meta property=\"article:modified_time\" content=\"2021-06-08T09:43:18+00:00\" \/>\n<meta property=\"og:image\" content=\"https:\/\/www.palarasol.it\/wp-content\/uploads\/2020\/07\/fibrasol-silver-art175q-3.jpg\" \/>\n\t<meta property=\"og:image:width\" content=\"1200\" \/>\n\t<meta property=\"og:image:height\" content=\"800\" \/>\n\t<meta property=\"og:image:type\" content=\"image\/jpeg\" \/>\n<meta name=\"twitter:card\" content=\"summary_large_image\" \/>\n<meta name=\"twitter:site\" content=\"@palarasol\" \/>\n<meta name=\"twitter:label1\" content=\"Dur\u00e9e de lecture estim\u00e9e\" \/>\n\t<meta name=\"twitter:data1\" content=\"1 minute\" \/>\n<script type=\"application\/ld+json\" class=\"yoast-schema-graph\">{\"@context\":\"https:\/\/schema.org\",\"@graph\":[{\"@type\":\"WebPage\",\"@id\":\"https:\/\/www.palarasol.it\/fr\/shop\/parasols-fr\/fibrasol-silver\/\",\"url\":\"https:\/\/www.palarasol.it\/fr\/shop\/parasols-fr\/fibrasol-silver\/\",\"name\":\"Fibersol silver - fibre de verre cadre - Palarasol\",\"isPartOf\":{\"@id\":\"http:\/\/www.palarasol.it\/fr\/#website\"},\"primaryImageOfPage\":{\"@id\":\"https:\/\/www.palarasol.it\/fr\/shop\/parasols-fr\/fibrasol-silver\/#primaryimage\"},\"image\":{\"@id\":\"https:\/\/www.palarasol.it\/fr\/shop\/parasols-fr\/fibrasol-silver\/#primaryimage\"},\"thumbnailUrl\":\"https:\/\/www.palarasol.it\/wp-content\/uploads\/2020\/07\/fibrasol-silver-art175q-3.jpg\",\"datePublished\":\"2020-07-21T09:56:13+00:00\",\"dateModified\":\"2021-06-08T09:43:18+00:00\",\"description\":\"La STRUCTURE FIBRA de Fibrasol offre une force et une \u00e9lasticit\u00e9 uniques, gr\u00e2ce \u00e0 la capacit\u00e9 d\u2019absorber les contraintes soudaines.\",\"breadcrumb\":{\"@id\":\"https:\/\/www.palarasol.it\/fr\/shop\/parasols-fr\/fibrasol-silver\/#breadcrumb\"},\"inLanguage\":\"fr-FR\",\"potentialAction\":[{\"@type\":\"ReadAction\",\"target\":[\"https:\/\/www.palarasol.it\/fr\/shop\/parasols-fr\/fibrasol-silver\/\"]}]},{\"@type\":\"ImageObject\",\"inLanguage\":\"fr-FR\",\"@id\":\"https:\/\/www.palarasol.it\/fr\/shop\/parasols-fr\/fibrasol-silver\/#primaryimage\",\"url\":\"https:\/\/www.palarasol.it\/wp-content\/uploads\/2020\/07\/fibrasol-silver-art175q-3.jpg\",\"contentUrl\":\"https:\/\/www.palarasol.it\/wp-content\/uploads\/2020\/07\/fibrasol-silver-art175q-3.jpg\",\"width\":1200,\"height\":800,\"caption\":\"fibersol argent art175q\"},{\"@type\":\"BreadcrumbList\",\"@id\":\"https:\/\/www.palarasol.it\/fr\/shop\/parasols-fr\/fibrasol-silver\/#breadcrumb\",\"itemListElement\":[{\"@type\":\"ListItem\",\"position\":1,\"name\":\"Home\",\"item\":\"https:\/\/www.palarasol.it\/fr\/10073-2\/\"},{\"@type\":\"ListItem\",\"position\":2,\"name\":\"Shop\",\"item\":\"http:\/\/stagingpalara4.it\/negozio\/\"},{\"@type\":\"ListItem\",\"position\":3,\"name\":\"Parasols grands m\u00e2t central\",\"item\":\"https:\/\/www.palarasol.it\/fr\/categorie-produit\/parasols-grands-mat-central\/\"},{\"@type\":\"ListItem\",\"position\":4,\"name\":\"Fibersol silver\"}]},{\"@type\":\"WebSite\",\"@id\":\"http:\/\/www.palarasol.it\/fr\/#website\",\"url\":\"http:\/\/www.palarasol.it\/fr\/\",\"name\":\"Palarasol\",\"description\":\"\",\"publisher\":{\"@id\":\"http:\/\/www.palarasol.it\/fr\/#organization\"},\"potentialAction\":[{\"@type\":\"SearchAction\",\"target\":{\"@type\":\"EntryPoint\",\"urlTemplate\":\"http:\/\/www.palarasol.it\/fr\/?s={search_term_string}\"},\"query-input\":{\"@type\":\"PropertyValueSpecification\",\"valueRequired\":true,\"valueName\":\"search_term_string\"}}],\"inLanguage\":\"fr-FR\"},{\"@type\":\"Organization\",\"@id\":\"http:\/\/www.palarasol.it\/fr\/#organization\",\"name\":\"Palara Gianluca & C. S.a.s\",\"url\":\"http:\/\/www.palarasol.it\/fr\/\",\"logo\":{\"@type\":\"ImageObject\",\"inLanguage\":\"fr-FR\",\"@id\":\"http:\/\/www.palarasol.it\/fr\/#\/schema\/logo\/image\/\",\"url\":\"https:\/\/stagingpalara4.it\/wp-content\/uploads\/2015\/06\/logo.png\",\"contentUrl\":\"https:\/\/stagingpalara4.it\/wp-content\/uploads\/2015\/06\/logo.png\",\"width\":800,\"height\":189,\"caption\":\"Palara Gianluca & C. S.a.s\"},\"image\":{\"@id\":\"http:\/\/www.palarasol.it\/fr\/#\/schema\/logo\/image\/\"},\"sameAs\":[\"https:\/\/www.facebook.com\/palarasol\",\"https:\/\/x.com\/palarasol\"]}]}<\/script>\n<!-- \/ Yoast SEO plugin. -->","yoast_head_json":{"title":"Fibersol silver - fibre de verre cadre - Palarasol","description":"La STRUCTURE FIBRA de Fibrasol offre une force et une \u00e9lasticit\u00e9 uniques, gr\u00e2ce \u00e0 la capacit\u00e9 d\u2019absorber les contraintes soudaines.","robots":{"index":"index","follow":"follow","max-snippet":"max-snippet:-1","max-image-preview":"max-image-preview:large","max-video-preview":"max-video-preview:-1"},"canonical":"https:\/\/www.palarasol.it\/fr\/shop\/parasols-fr\/fibrasol-silver\/","og_locale":"fr_FR","og_type":"article","og_title":"Fibersol silver - fibre de verre cadre - Palarasol","og_description":"La STRUCTURE FIBRA de Fibrasol offre une force et une \u00e9lasticit\u00e9 uniques, gr\u00e2ce \u00e0 la capacit\u00e9 d\u2019absorber les contraintes soudaines.","og_url":"https:\/\/www.palarasol.it\/fr\/shop\/parasols-fr\/fibrasol-silver\/","og_site_name":"Palarasol","article_publisher":"https:\/\/www.facebook.com\/palarasol","article_modified_time":"2021-06-08T09:43:18+00:00","og_image":[{"width":1200,"height":800,"url":"https:\/\/www.palarasol.it\/wp-content\/uploads\/2020\/07\/fibrasol-silver-art175q-3.jpg","type":"image\/jpeg"}],"twitter_card":"summary_large_image","twitter_site":"@palarasol","twitter_misc":{"Dur\u00e9e de lecture estim\u00e9e":"1 minute"},"schema":{"@context":"https:\/\/schema.org","@graph":[{"@type":"WebPage","@id":"https:\/\/www.palarasol.it\/fr\/shop\/parasols-fr\/fibrasol-silver\/","url":"https:\/\/www.palarasol.it\/fr\/shop\/parasols-fr\/fibrasol-silver\/","name":"Fibersol silver - fibre de verre cadre - Palarasol","isPartOf":{"@id":"http:\/\/www.palarasol.it\/fr\/#website"},"primaryImageOfPage":{"@id":"https:\/\/www.palarasol.it\/fr\/shop\/parasols-fr\/fibrasol-silver\/#primaryimage"},"image":{"@id":"https:\/\/www.palarasol.it\/fr\/shop\/parasols-fr\/fibrasol-silver\/#primaryimage"},"thumbnailUrl":"https:\/\/www.palarasol.it\/wp-content\/uploads\/2020\/07\/fibrasol-silver-art175q-3.jpg","datePublished":"2020-07-21T09:56:13+00:00","dateModified":"2021-06-08T09:43:18+00:00","description":"La STRUCTURE FIBRA de Fibrasol offre une force et une \u00e9lasticit\u00e9 uniques, gr\u00e2ce \u00e0 la capacit\u00e9 d\u2019absorber les contraintes soudaines.","breadcrumb":{"@id":"https:\/\/www.palarasol.it\/fr\/shop\/parasols-fr\/fibrasol-silver\/#breadcrumb"},"inLanguage":"fr-FR","potentialAction":[{"@type":"ReadAction","target":["https:\/\/www.palarasol.it\/fr\/shop\/parasols-fr\/fibrasol-silver\/"]}]},{"@type":"ImageObject","inLanguage":"fr-FR","@id":"https:\/\/www.palarasol.it\/fr\/shop\/parasols-fr\/fibrasol-silver\/#primaryimage","url":"https:\/\/www.palarasol.it\/wp-content\/uploads\/2020\/07\/fibrasol-silver-art175q-3.jpg","contentUrl":"https:\/\/www.palarasol.it\/wp-content\/uploads\/2020\/07\/fibrasol-silver-art175q-3.jpg","width":1200,"height":800,"caption":"fibersol argent art175q"},{"@type":"BreadcrumbList","@id":"https:\/\/www.palarasol.it\/fr\/shop\/parasols-fr\/fibrasol-silver\/#breadcrumb","itemListElement":[{"@type":"ListItem","position":1,"name":"Home","item":"https:\/\/www.palarasol.it\/fr\/10073-2\/"},{"@type":"ListItem","position":2,"name":"Shop","item":"http:\/\/stagingpalara4.it\/negozio\/"},{"@type":"ListItem","position":3,"name":"Parasols grands m\u00e2t central","item":"https:\/\/www.palarasol.it\/fr\/categorie-produit\/parasols-grands-mat-central\/"},{"@type":"ListItem","position":4,"name":"Fibersol silver"}]},{"@type":"WebSite","@id":"http:\/\/www.palarasol.it\/fr\/#website","url":"http:\/\/www.palarasol.it\/fr\/","name":"Palarasol","description":"","publisher":{"@id":"http:\/\/www.palarasol.it\/fr\/#organization"},"potentialAction":[{"@type":"SearchAction","target":{"@type":"EntryPoint","urlTemplate":"http:\/\/www.palarasol.it\/fr\/?s={search_term_string}"},"query-input":{"@type":"PropertyValueSpecification","valueRequired":true,"valueName":"search_term_string"}}],"inLanguage":"fr-FR"},{"@type":"Organization","@id":"http:\/\/www.palarasol.it\/fr\/#organization","name":"Palara Gianluca & C. S.a.s","url":"http:\/\/www.palarasol.it\/fr\/","logo":{"@type":"ImageObject","inLanguage":"fr-FR","@id":"http:\/\/www.palarasol.it\/fr\/#\/schema\/logo\/image\/","url":"https:\/\/stagingpalara4.it\/wp-content\/uploads\/2015\/06\/logo.png","contentUrl":"https:\/\/stagingpalara4.it\/wp-content\/uploads\/2015\/06\/logo.png","width":800,"height":189,"caption":"Palara Gianluca & C. S.a.s"},"image":{"@id":"http:\/\/www.palarasol.it\/fr\/#\/schema\/logo\/image\/"},"sameAs":["https:\/\/www.facebook.com\/palarasol","https:\/\/x.com\/palarasol"]}]}},"_links":{"self":[{"href":"https:\/\/www.palarasol.it\/fr\/wp-json\/wp\/v2\/product\/74273","targetHints":{"allow":["GET"]}}],"collection":[{"href":"https:\/\/www.palarasol.it\/fr\/wp-json\/wp\/v2\/product"}],"about":[{"href":"https:\/\/www.palarasol.it\/fr\/wp-json\/wp\/v2\/types\/product"}],"version-history":[{"count":0,"href":"https:\/\/www.palarasol.it\/fr\/wp-json\/wp\/v2\/product\/74273\/revisions"}],"wp:featuredmedia":[{"embeddable":true,"href":"https:\/\/www.palarasol.it\/fr\/wp-json\/wp\/v2\/media\/74249"}],"wp:attachment":[{"href":"https:\/\/www.palarasol.it\/fr\/wp-json\/wp\/v2\/media?parent=74273"}],"wp:term":[{"taxonomy":"product_brand","embeddable":true,"href":"https:\/\/www.palarasol.it\/fr\/wp-json\/wp\/v2\/product_brand?post=74273"},{"taxonomy":"product_cat","embeddable":true,"href":"https:\/\/www.palarasol.it\/fr\/wp-json\/wp\/v2\/product_cat?post=74273"},{"taxonomy":"product_tag","embeddable":true,"href":"https:\/\/www.palarasol.it\/fr\/wp-json\/wp\/v2\/product_tag?post=74273"}],"curies":[{"name":"wp","href":"https:\/\/api.w.org\/{rel}","templated":true}]}}