{"id":74887,"date":"2017-06-21T11:16:43","date_gmt":"2017-06-21T09:16:43","guid":{"rendered":"https:\/\/stagingpalara4.it\/shop\/non%20class\u00e9\/bois-300x300-cm\/"},"modified":"2021-06-08T12:38:03","modified_gmt":"2021-06-08T10:38:03","slug":"timbers-300x300-cm","status":"publish","type":"product","link":"https:\/\/www.palarasol.it\/fr\/shop\/parasols-fr\/timbers-300x300-cm\/","title":{"rendered":"Timbers 300&#215;300 cm"},"content":{"rendered":"<p><strong>Mat\u00e9riel:<\/strong> Polyma imperm\u00e9able \u00e0 l\u2019eau polyester gr 210, antimuffa<br \/>\n<strong>R\u00e9sistance des couleurs \u00e0 la lumi\u00e8re:<\/strong> 6 +<br \/>\nExcellente protection UV 50+<br \/>\nCoupe-vent<br \/>\nLacet de fermeture<br \/>\nPas de vol (ajout de flyers \u00e0 la demande)<br \/>\nIl mesure 300 \u00e0 300 cm<br \/>\nHauteur 280cm<\/p>\n<p><strong>Monture<\/strong><\/p>\n<p>TIMBERS est la s\u00e9rie de Parasols en bois Maffei. Le mat en bois avec double peinture transparente et les finitions effet \u201cvintage\u201d, les baleines d\u00e9montables et un bois de tr\u00e8s bonne qualit\u00e9 font ce produit diff\u00e9rent des autres sur le march\u00e9<\/p>\n<p>Poteau en bois avec peinture double transparente de 48mm.<br \/>\n6 baguettes en bois interchangeables<br \/>\nCollier g\u00e9ant en bois et tampus<br \/>\nVis en acier galvanis\u00e9<br \/>\nOuverture avec pulrcula<br \/>\n<strong>Doublure protectrice en Mytex<a href=\"https:\/\/www.palarasol.it\/shop\/fodere\/fodera-per-ombrellone-grandi\/\"> art.922<\/a> gratuit<br \/>\n<\/strong><strong> Fabriqu\u00e9 en Italie.<\/strong><br \/>\nUne base pesant &gt; 35 kg est indiqu\u00e9e. Base non incluse.<\/p>\n","protected":false},"excerpt":{"rendered":"<p>Art 153q Maffei &#8211; Parasol 300&#215;300\/8<\/p>\n<p><a href=\"https:\/\/www.palarasol.it\/wp-content\/uploads\/2017\/06\/schema-153q.jpg\"><img decoding=\"async\" class=\"alignnone size-full wp-image-6977\" src=\"https:\/\/www.palarasol.it\/wp-content\/uploads\/2017\/06\/schema-153q.jpg\" alt=\"sch\u00e9ma-153q\" width=\"149\" height=\"100\" \/><\/a><\/p>\n<p>&nbsp;<\/p>\n","protected":false},"featured_media":85759,"template":"","meta":{"_acf_changed":false,"_monsterinsights_skip_tracking":false,"_monsterinsights_sitenote_active":false,"_monsterinsights_sitenote_note":"","_monsterinsights_sitenote_category":0},"product_brand":[],"product_cat":[440,444],"product_tag":[910,436,747,435,996,909],"class_list":{"0":"post-74887","1":"product","2":"type-product","3":"status-publish","4":"has-post-thumbnail","6":"product_cat-parasols-fr","7":"product_cat-parasols-grands-mat-central","8":"product_tag-bois","9":"product_tag-fabrique-en-italie","10":"product_tag-parapluies-maffei","11":"product_tag-parasol-fr","12":"product_tag-parasols-grands-deportes-fr-2","13":"product_tag-pole-central","15":"first","16":"instock","17":"shipping-taxable","18":"purchasable","19":"product-type-variable"},"acf":[],"yoast_head":"<!-- This site is optimized with the Yoast SEO plugin v27.2 - https:\/\/yoast.com\/product\/yoast-seo-wordpress\/ -->\n<title>Parasols grands m\u00e2t central Timbers - Fabriqu\u00e9 en Italie - Palarasol<\/title>\n<meta name=\"description\" content=\"Parasols grands m\u00e2t central 300x300\/8, antimuffa. Fabriqu\u00e9 en Italie. Couleur ecru. Tissu polyester 100 protection UV imperm\u00e9able \u00e0 l\u2019eau\" \/>\n<meta name=\"robots\" content=\"index, follow, max-snippet:-1, max-image-preview:large, max-video-preview:-1\" \/>\n<link rel=\"canonical\" href=\"https:\/\/www.palarasol.it\/fr\/shop\/parasols-fr\/timbers-300x300-cm\/\" \/>\n<meta property=\"og:locale\" content=\"fr_FR\" \/>\n<meta property=\"og:type\" content=\"article\" \/>\n<meta property=\"og:title\" content=\"Parasols grands m\u00e2t central Timbers - Fabriqu\u00e9 en Italie - Palarasol\" \/>\n<meta property=\"og:description\" content=\"Parasols grands m\u00e2t central 300x300\/8, antimuffa. Fabriqu\u00e9 en Italie. Couleur ecru. Tissu polyester 100 protection UV imperm\u00e9able \u00e0 l\u2019eau\" \/>\n<meta property=\"og:url\" content=\"https:\/\/www.palarasol.it\/fr\/shop\/parasols-fr\/timbers-300x300-cm\/\" \/>\n<meta property=\"og:site_name\" content=\"Palarasol\" \/>\n<meta property=\"article:publisher\" content=\"https:\/\/www.facebook.com\/palarasol\" \/>\n<meta property=\"article:modified_time\" content=\"2021-06-08T10:38:03+00:00\" \/>\n<meta property=\"og:image\" content=\"https:\/\/www.palarasol.it\/wp-content\/uploads\/2016\/03\/timbers-art152r-4.jpg\" \/>\n\t<meta property=\"og:image:width\" content=\"1200\" \/>\n\t<meta property=\"og:image:height\" content=\"800\" \/>\n\t<meta property=\"og:image:type\" content=\"image\/jpeg\" \/>\n<meta name=\"twitter:card\" content=\"summary_large_image\" \/>\n<meta name=\"twitter:site\" content=\"@palarasol\" \/>\n<meta name=\"twitter:label1\" content=\"Dur\u00e9e de lecture estim\u00e9e\" \/>\n\t<meta name=\"twitter:data1\" content=\"1 minute\" \/>\n<script type=\"application\/ld+json\" class=\"yoast-schema-graph\">{\"@context\":\"https:\/\/schema.org\",\"@graph\":[{\"@type\":\"WebPage\",\"@id\":\"https:\/\/www.palarasol.it\/fr\/shop\/parasols-fr\/timbers-300x300-cm\/\",\"url\":\"https:\/\/www.palarasol.it\/fr\/shop\/parasols-fr\/timbers-300x300-cm\/\",\"name\":\"Parasols grands m\u00e2t central Timbers - Fabriqu\u00e9 en Italie - Palarasol\",\"isPartOf\":{\"@id\":\"http:\/\/www.palarasol.it\/fr\/#website\"},\"primaryImageOfPage\":{\"@id\":\"https:\/\/www.palarasol.it\/fr\/shop\/parasols-fr\/timbers-300x300-cm\/#primaryimage\"},\"image\":{\"@id\":\"https:\/\/www.palarasol.it\/fr\/shop\/parasols-fr\/timbers-300x300-cm\/#primaryimage\"},\"thumbnailUrl\":\"https:\/\/www.palarasol.it\/wp-content\/uploads\/2017\/06\/timber.jpg\",\"datePublished\":\"2017-06-21T09:16:43+00:00\",\"dateModified\":\"2021-06-08T10:38:03+00:00\",\"description\":\"Parasols grands m\u00e2t central 300x300\/8, antimuffa. Fabriqu\u00e9 en Italie. Couleur ecru. Tissu polyester 100 protection UV imperm\u00e9able \u00e0 l\u2019eau\",\"breadcrumb\":{\"@id\":\"https:\/\/www.palarasol.it\/fr\/shop\/parasols-fr\/timbers-300x300-cm\/#breadcrumb\"},\"inLanguage\":\"fr-FR\",\"potentialAction\":[{\"@type\":\"ReadAction\",\"target\":[\"https:\/\/www.palarasol.it\/fr\/shop\/parasols-fr\/timbers-300x300-cm\/\"]}]},{\"@type\":\"ImageObject\",\"inLanguage\":\"fr-FR\",\"@id\":\"https:\/\/www.palarasol.it\/fr\/shop\/parasols-fr\/timbers-300x300-cm\/#primaryimage\",\"url\":\"https:\/\/www.palarasol.it\/wp-content\/uploads\/2017\/06\/timber.jpg\",\"contentUrl\":\"https:\/\/www.palarasol.it\/wp-content\/uploads\/2017\/06\/timber.jpg\",\"width\":1200,\"height\":900,\"caption\":\"timber\"},{\"@type\":\"BreadcrumbList\",\"@id\":\"https:\/\/www.palarasol.it\/fr\/shop\/parasols-fr\/timbers-300x300-cm\/#breadcrumb\",\"itemListElement\":[{\"@type\":\"ListItem\",\"position\":1,\"name\":\"Home\",\"item\":\"https:\/\/www.palarasol.it\/fr\/10073-2\/\"},{\"@type\":\"ListItem\",\"position\":2,\"name\":\"Shop\",\"item\":\"http:\/\/stagingpalara4.it\/negozio\/\"},{\"@type\":\"ListItem\",\"position\":3,\"name\":\"Parasols grands m\u00e2t central\",\"item\":\"https:\/\/www.palarasol.it\/fr\/categorie-produit\/parasols-grands-mat-central\/\"},{\"@type\":\"ListItem\",\"position\":4,\"name\":\"Timbers 300&#215;300 cm\"}]},{\"@type\":\"WebSite\",\"@id\":\"http:\/\/www.palarasol.it\/fr\/#website\",\"url\":\"http:\/\/www.palarasol.it\/fr\/\",\"name\":\"Palarasol\",\"description\":\"\",\"publisher\":{\"@id\":\"http:\/\/www.palarasol.it\/fr\/#organization\"},\"potentialAction\":[{\"@type\":\"SearchAction\",\"target\":{\"@type\":\"EntryPoint\",\"urlTemplate\":\"http:\/\/www.palarasol.it\/fr\/?s={search_term_string}\"},\"query-input\":{\"@type\":\"PropertyValueSpecification\",\"valueRequired\":true,\"valueName\":\"search_term_string\"}}],\"inLanguage\":\"fr-FR\"},{\"@type\":\"Organization\",\"@id\":\"http:\/\/www.palarasol.it\/fr\/#organization\",\"name\":\"Palara Gianluca & C. S.a.s\",\"url\":\"http:\/\/www.palarasol.it\/fr\/\",\"logo\":{\"@type\":\"ImageObject\",\"inLanguage\":\"fr-FR\",\"@id\":\"http:\/\/www.palarasol.it\/fr\/#\/schema\/logo\/image\/\",\"url\":\"https:\/\/stagingpalara4.it\/wp-content\/uploads\/2015\/06\/logo.png\",\"contentUrl\":\"https:\/\/stagingpalara4.it\/wp-content\/uploads\/2015\/06\/logo.png\",\"width\":800,\"height\":189,\"caption\":\"Palara Gianluca & C. S.a.s\"},\"image\":{\"@id\":\"http:\/\/www.palarasol.it\/fr\/#\/schema\/logo\/image\/\"},\"sameAs\":[\"https:\/\/www.facebook.com\/palarasol\",\"https:\/\/x.com\/palarasol\"]}]}<\/script>\n<!-- \/ Yoast SEO plugin. -->","yoast_head_json":{"title":"Parasols grands m\u00e2t central Timbers - Fabriqu\u00e9 en Italie - Palarasol","description":"Parasols grands m\u00e2t central 300x300\/8, antimuffa. Fabriqu\u00e9 en Italie. Couleur ecru. Tissu polyester 100 protection UV imperm\u00e9able \u00e0 l\u2019eau","robots":{"index":"index","follow":"follow","max-snippet":"max-snippet:-1","max-image-preview":"max-image-preview:large","max-video-preview":"max-video-preview:-1"},"canonical":"https:\/\/www.palarasol.it\/fr\/shop\/parasols-fr\/timbers-300x300-cm\/","og_locale":"fr_FR","og_type":"article","og_title":"Parasols grands m\u00e2t central Timbers - Fabriqu\u00e9 en Italie - Palarasol","og_description":"Parasols grands m\u00e2t central 300x300\/8, antimuffa. Fabriqu\u00e9 en Italie. Couleur ecru. Tissu polyester 100 protection UV imperm\u00e9able \u00e0 l\u2019eau","og_url":"https:\/\/www.palarasol.it\/fr\/shop\/parasols-fr\/timbers-300x300-cm\/","og_site_name":"Palarasol","article_publisher":"https:\/\/www.facebook.com\/palarasol","article_modified_time":"2021-06-08T10:38:03+00:00","og_image":[{"width":1200,"height":800,"url":"https:\/\/www.palarasol.it\/wp-content\/uploads\/2016\/03\/timbers-art152r-4.jpg","type":"image\/jpeg"}],"twitter_card":"summary_large_image","twitter_site":"@palarasol","twitter_misc":{"Dur\u00e9e de lecture estim\u00e9e":"1 minute"},"schema":{"@context":"https:\/\/schema.org","@graph":[{"@type":"WebPage","@id":"https:\/\/www.palarasol.it\/fr\/shop\/parasols-fr\/timbers-300x300-cm\/","url":"https:\/\/www.palarasol.it\/fr\/shop\/parasols-fr\/timbers-300x300-cm\/","name":"Parasols grands m\u00e2t central Timbers - Fabriqu\u00e9 en Italie - Palarasol","isPartOf":{"@id":"http:\/\/www.palarasol.it\/fr\/#website"},"primaryImageOfPage":{"@id":"https:\/\/www.palarasol.it\/fr\/shop\/parasols-fr\/timbers-300x300-cm\/#primaryimage"},"image":{"@id":"https:\/\/www.palarasol.it\/fr\/shop\/parasols-fr\/timbers-300x300-cm\/#primaryimage"},"thumbnailUrl":"https:\/\/www.palarasol.it\/wp-content\/uploads\/2017\/06\/timber.jpg","datePublished":"2017-06-21T09:16:43+00:00","dateModified":"2021-06-08T10:38:03+00:00","description":"Parasols grands m\u00e2t central 300x300\/8, antimuffa. Fabriqu\u00e9 en Italie. Couleur ecru. Tissu polyester 100 protection UV imperm\u00e9able \u00e0 l\u2019eau","breadcrumb":{"@id":"https:\/\/www.palarasol.it\/fr\/shop\/parasols-fr\/timbers-300x300-cm\/#breadcrumb"},"inLanguage":"fr-FR","potentialAction":[{"@type":"ReadAction","target":["https:\/\/www.palarasol.it\/fr\/shop\/parasols-fr\/timbers-300x300-cm\/"]}]},{"@type":"ImageObject","inLanguage":"fr-FR","@id":"https:\/\/www.palarasol.it\/fr\/shop\/parasols-fr\/timbers-300x300-cm\/#primaryimage","url":"https:\/\/www.palarasol.it\/wp-content\/uploads\/2017\/06\/timber.jpg","contentUrl":"https:\/\/www.palarasol.it\/wp-content\/uploads\/2017\/06\/timber.jpg","width":1200,"height":900,"caption":"timber"},{"@type":"BreadcrumbList","@id":"https:\/\/www.palarasol.it\/fr\/shop\/parasols-fr\/timbers-300x300-cm\/#breadcrumb","itemListElement":[{"@type":"ListItem","position":1,"name":"Home","item":"https:\/\/www.palarasol.it\/fr\/10073-2\/"},{"@type":"ListItem","position":2,"name":"Shop","item":"http:\/\/stagingpalara4.it\/negozio\/"},{"@type":"ListItem","position":3,"name":"Parasols grands m\u00e2t central","item":"https:\/\/www.palarasol.it\/fr\/categorie-produit\/parasols-grands-mat-central\/"},{"@type":"ListItem","position":4,"name":"Timbers 300&#215;300 cm"}]},{"@type":"WebSite","@id":"http:\/\/www.palarasol.it\/fr\/#website","url":"http:\/\/www.palarasol.it\/fr\/","name":"Palarasol","description":"","publisher":{"@id":"http:\/\/www.palarasol.it\/fr\/#organization"},"potentialAction":[{"@type":"SearchAction","target":{"@type":"EntryPoint","urlTemplate":"http:\/\/www.palarasol.it\/fr\/?s={search_term_string}"},"query-input":{"@type":"PropertyValueSpecification","valueRequired":true,"valueName":"search_term_string"}}],"inLanguage":"fr-FR"},{"@type":"Organization","@id":"http:\/\/www.palarasol.it\/fr\/#organization","name":"Palara Gianluca & C. S.a.s","url":"http:\/\/www.palarasol.it\/fr\/","logo":{"@type":"ImageObject","inLanguage":"fr-FR","@id":"http:\/\/www.palarasol.it\/fr\/#\/schema\/logo\/image\/","url":"https:\/\/stagingpalara4.it\/wp-content\/uploads\/2015\/06\/logo.png","contentUrl":"https:\/\/stagingpalara4.it\/wp-content\/uploads\/2015\/06\/logo.png","width":800,"height":189,"caption":"Palara Gianluca & C. S.a.s"},"image":{"@id":"http:\/\/www.palarasol.it\/fr\/#\/schema\/logo\/image\/"},"sameAs":["https:\/\/www.facebook.com\/palarasol","https:\/\/x.com\/palarasol"]}]}},"_links":{"self":[{"href":"https:\/\/www.palarasol.it\/fr\/wp-json\/wp\/v2\/product\/74887","targetHints":{"allow":["GET"]}}],"collection":[{"href":"https:\/\/www.palarasol.it\/fr\/wp-json\/wp\/v2\/product"}],"about":[{"href":"https:\/\/www.palarasol.it\/fr\/wp-json\/wp\/v2\/types\/product"}],"version-history":[{"count":0,"href":"https:\/\/www.palarasol.it\/fr\/wp-json\/wp\/v2\/product\/74887\/revisions"}],"wp:featuredmedia":[{"embeddable":true,"href":"https:\/\/www.palarasol.it\/fr\/wp-json\/wp\/v2\/media\/85759"}],"wp:attachment":[{"href":"https:\/\/www.palarasol.it\/fr\/wp-json\/wp\/v2\/media?parent=74887"}],"wp:term":[{"taxonomy":"product_brand","embeddable":true,"href":"https:\/\/www.palarasol.it\/fr\/wp-json\/wp\/v2\/product_brand?post=74887"},{"taxonomy":"product_cat","embeddable":true,"href":"https:\/\/www.palarasol.it\/fr\/wp-json\/wp\/v2\/product_cat?post=74887"},{"taxonomy":"product_tag","embeddable":true,"href":"https:\/\/www.palarasol.it\/fr\/wp-json\/wp\/v2\/product_tag?post=74887"}],"curies":[{"name":"wp","href":"https:\/\/api.w.org\/{rel}","templated":true}]}}