{"id":76255,"date":"2015-06-23T16:46:16","date_gmt":"2015-06-23T14:46:16","guid":{"rendered":"https:\/\/stagingpalara4.it\/shop\/non%20class\u00e9\/kronos-250x250-cm\/"},"modified":"2021-04-01T18:33:02","modified_gmt":"2021-04-01T16:33:02","slug":"kronos","status":"publish","type":"product","link":"https:\/\/www.palarasol.it\/fr\/shop\/parasols-fr\/kronos\/","title":{"rendered":"Kronos 250&#215;250 cm"},"content":{"rendered":"<p><strong>Mat\u00e9riel:<\/strong>Polyma polyester gr 210; imperm\u00e9able \u00e0 l\u2019eau; Antimuffa<br \/>\n<strong>R\u00e9sistance aux couleurs:<\/strong> 6+<br \/>\n<strong>Protection UV<\/strong>: 50 +<br \/>\nMAFFEI LATO est le cadre typique de Maffei.<br \/>\nIl est tr\u00e8s compact, facile \u00e0 utiliser, l\u00e9ger mais solide. Sa particularit\u00e9 est l&rsquo;ouverture sans cordes ni manivelles, ce qui la rend fiable dans le temps. Le cadre peut pivoter \u00e0 360 \u00b0 et fonctionne parfaitement que la base soit plac\u00e9e derri\u00e8re ou devant le poteau.<br \/>\nIl est r\u00e9tractable et lorsqu&rsquo;il est ferm\u00e9, il se r\u00e9tracte pr\u00e8s du poteau<br \/>\nLacet de fermeture<br \/>\nSans lambrequins<br \/>\nB\u00e2tons: aluminium<br \/>\nBase: (m\u00e9tal) en forme de T, pivot \u00e0 360 degr\u00e9s. Base incluse.<br \/>\n<strong>Housse de protection gratuite<br \/>\n<\/strong><strong> Fabriqu\u00e9 en Italie.<br \/>\n<\/strong> Coussins coordonn\u00e9s disponibles<br \/>\nUn contrepoids est indiqu\u00e9&gt; 40 kg. Tuiles non incluses.<\/p>\n","protected":false},"excerpt":{"rendered":"<p>Art 137Q Maffei &#8211; Kronos cm 250&#215;250 \/ 4 h.250 cm<\/p>\n<p><a href=\"https:\/\/www.palarasol.it\/wp-content\/uploads\/2015\/06\/schema-137q.jpg\"><img decoding=\"async\" class=\"alignnone wp-image-6886\" src=\"https:\/\/www.palarasol.it\/wp-content\/uploads\/2015\/06\/schema-137q.jpg\" alt=\"sch\u00e9ma 137q\" width=\"182\" height=\"100\"\/><\/a><\/p>\n","protected":false},"featured_media":76209,"template":"","meta":{"_acf_changed":false,"_monsterinsights_skip_tracking":false,"_monsterinsights_sitenote_active":false,"_monsterinsights_sitenote_note":"","_monsterinsights_sitenote_category":0},"product_brand":[],"product_cat":[440,467],"product_tag":[900,468,436,1010,747,435],"class_list":{"0":"post-76255","1":"product","2":"type-product","3":"status-publish","4":"has-post-thumbnail","6":"product_cat-parasols-fr","7":"product_cat-parasols-grands-deportes","8":"product_tag-aluminium","9":"product_tag-deporte","10":"product_tag-fabrique-en-italie","11":"product_tag-parapluies-lateraux-carres","12":"product_tag-parapluies-maffei","13":"product_tag-parasol-fr","15":"first","16":"instock","17":"shipping-taxable","18":"purchasable","19":"product-type-variable"},"acf":[],"yoast_head":"<!-- This site is optimized with the Yoast SEO plugin v27.5 - https:\/\/yoast.com\/product\/yoast-seo-wordpress\/ -->\n<title>Kronos - Parasols lat\u00e9raux carr\u00e9s - Fabriqu\u00e9 en Italie - Palarasol<\/title>\n<meta name=\"description\" content=\"Kronos - Parasol lat\u00e9raux carr\u00e9s - Fabriqu\u00e9 en Italie - Tissu polyester Palarasol Polyma 210 gr, anti-moisissure. R\u00e9sistance aux couleurs \u00e0 la lumi\u00e8re: 6\u00e8me.\" \/>\n<meta name=\"robots\" content=\"index, follow, max-snippet:-1, max-image-preview:large, max-video-preview:-1\" \/>\n<link rel=\"canonical\" href=\"https:\/\/www.palarasol.it\/fr\/shop\/parasols-fr\/kronos\/\" \/>\n<meta property=\"og:locale\" content=\"fr_FR\" \/>\n<meta property=\"og:type\" content=\"article\" \/>\n<meta property=\"og:title\" content=\"Kronos - Parasols lat\u00e9raux carr\u00e9s - Fabriqu\u00e9 en Italie - Palarasol\" \/>\n<meta property=\"og:description\" content=\"Kronos - Parasol lat\u00e9raux carr\u00e9s - Fabriqu\u00e9 en Italie - Tissu polyester Palarasol Polyma 210 gr, anti-moisissure. R\u00e9sistance aux couleurs \u00e0 la lumi\u00e8re: 6\u00e8me.\" \/>\n<meta property=\"og:url\" content=\"https:\/\/www.palarasol.it\/fr\/shop\/parasols-fr\/kronos\/\" \/>\n<meta property=\"og:site_name\" content=\"Palarasol\" \/>\n<meta property=\"article:publisher\" content=\"https:\/\/www.facebook.com\/palarasol\" \/>\n<meta property=\"article:modified_time\" content=\"2021-04-01T16:33:02+00:00\" \/>\n<meta property=\"og:image\" content=\"https:\/\/www.palarasol.it\/wp-content\/uploads\/2021\/03\/IMG_8904_antracite1.jpg\" \/>\n\t<meta property=\"og:image:width\" content=\"1200\" \/>\n\t<meta property=\"og:image:height\" content=\"800\" \/>\n\t<meta property=\"og:image:type\" content=\"image\/jpeg\" \/>\n<meta name=\"twitter:card\" content=\"summary_large_image\" \/>\n<meta name=\"twitter:site\" content=\"@palarasol\" \/>\n<meta name=\"twitter:label1\" content=\"Dur\u00e9e de lecture estim\u00e9e\" \/>\n\t<meta name=\"twitter:data1\" content=\"1 minute\" \/>\n<script type=\"application\/ld+json\" class=\"yoast-schema-graph\">{\"@context\":\"https:\\\/\\\/schema.org\",\"@graph\":[{\"@type\":\"WebPage\",\"@id\":\"https:\\\/\\\/www.palarasol.it\\\/fr\\\/shop\\\/parasols-fr\\\/kronos\\\/\",\"url\":\"https:\\\/\\\/www.palarasol.it\\\/fr\\\/shop\\\/parasols-fr\\\/kronos\\\/\",\"name\":\"Kronos - Parasols lat\u00e9raux carr\u00e9s - Fabriqu\u00e9 en Italie - Palarasol\",\"isPartOf\":{\"@id\":\"http:\\\/\\\/www.palarasol.it\\\/fr\\\/#website\"},\"primaryImageOfPage\":{\"@id\":\"https:\\\/\\\/www.palarasol.it\\\/fr\\\/shop\\\/parasols-fr\\\/kronos\\\/#primaryimage\"},\"image\":{\"@id\":\"https:\\\/\\\/www.palarasol.it\\\/fr\\\/shop\\\/parasols-fr\\\/kronos\\\/#primaryimage\"},\"thumbnailUrl\":\"https:\\\/\\\/www.palarasol.it\\\/wp-content\\\/uploads\\\/2021\\\/03\\\/IMG_8904_antracite1.jpg\",\"datePublished\":\"2015-06-23T14:46:16+00:00\",\"dateModified\":\"2021-04-01T16:33:02+00:00\",\"description\":\"Kronos - Parasol lat\u00e9raux carr\u00e9s - Fabriqu\u00e9 en Italie - Tissu polyester Palarasol Polyma 210 gr, anti-moisissure. R\u00e9sistance aux couleurs \u00e0 la lumi\u00e8re: 6\u00e8me.\",\"breadcrumb\":{\"@id\":\"https:\\\/\\\/www.palarasol.it\\\/fr\\\/shop\\\/parasols-fr\\\/kronos\\\/#breadcrumb\"},\"inLanguage\":\"fr-FR\",\"potentialAction\":[{\"@type\":\"ReadAction\",\"target\":[\"https:\\\/\\\/www.palarasol.it\\\/fr\\\/shop\\\/parasols-fr\\\/kronos\\\/\"]}]},{\"@type\":\"ImageObject\",\"inLanguage\":\"fr-FR\",\"@id\":\"https:\\\/\\\/www.palarasol.it\\\/fr\\\/shop\\\/parasols-fr\\\/kronos\\\/#primaryimage\",\"url\":\"https:\\\/\\\/www.palarasol.it\\\/wp-content\\\/uploads\\\/2021\\\/03\\\/IMG_8904_antracite1.jpg\",\"contentUrl\":\"https:\\\/\\\/www.palarasol.it\\\/wp-content\\\/uploads\\\/2021\\\/03\\\/IMG_8904_antracite1.jpg\",\"width\":1200,\"height\":800,\"caption\":\"kronos 137q\"},{\"@type\":\"BreadcrumbList\",\"@id\":\"https:\\\/\\\/www.palarasol.it\\\/fr\\\/shop\\\/parasols-fr\\\/kronos\\\/#breadcrumb\",\"itemListElement\":[{\"@type\":\"ListItem\",\"position\":1,\"name\":\"Home\",\"item\":\"https:\\\/\\\/www.palarasol.it\\\/fr\\\/10073-2\\\/\"},{\"@type\":\"ListItem\",\"position\":2,\"name\":\"Shop\",\"item\":\"http:\\\/\\\/stagingpalara4.it\\\/negozio\\\/\"},{\"@type\":\"ListItem\",\"position\":3,\"name\":\"Parasols\",\"item\":\"https:\\\/\\\/www.palarasol.it\\\/fr\\\/categorie-produit\\\/parasols-fr\\\/\"},{\"@type\":\"ListItem\",\"position\":4,\"name\":\"Kronos 250&#215;250 cm\"}]},{\"@type\":\"WebSite\",\"@id\":\"http:\\\/\\\/www.palarasol.it\\\/fr\\\/#website\",\"url\":\"http:\\\/\\\/www.palarasol.it\\\/fr\\\/\",\"name\":\"Palarasol\",\"description\":\"\",\"publisher\":{\"@id\":\"http:\\\/\\\/www.palarasol.it\\\/fr\\\/#organization\"},\"potentialAction\":[{\"@type\":\"SearchAction\",\"target\":{\"@type\":\"EntryPoint\",\"urlTemplate\":\"http:\\\/\\\/www.palarasol.it\\\/fr\\\/?s={search_term_string}\"},\"query-input\":{\"@type\":\"PropertyValueSpecification\",\"valueRequired\":true,\"valueName\":\"search_term_string\"}}],\"inLanguage\":\"fr-FR\"},{\"@type\":\"Organization\",\"@id\":\"http:\\\/\\\/www.palarasol.it\\\/fr\\\/#organization\",\"name\":\"Palara Gianluca & C. S.a.s\",\"url\":\"http:\\\/\\\/www.palarasol.it\\\/fr\\\/\",\"logo\":{\"@type\":\"ImageObject\",\"inLanguage\":\"fr-FR\",\"@id\":\"http:\\\/\\\/www.palarasol.it\\\/fr\\\/#\\\/schema\\\/logo\\\/image\\\/\",\"url\":\"https:\\\/\\\/stagingpalara4.it\\\/wp-content\\\/uploads\\\/2015\\\/06\\\/logo.png\",\"contentUrl\":\"https:\\\/\\\/stagingpalara4.it\\\/wp-content\\\/uploads\\\/2015\\\/06\\\/logo.png\",\"width\":800,\"height\":189,\"caption\":\"Palara Gianluca & C. S.a.s\"},\"image\":{\"@id\":\"http:\\\/\\\/www.palarasol.it\\\/fr\\\/#\\\/schema\\\/logo\\\/image\\\/\"},\"sameAs\":[\"https:\\\/\\\/www.facebook.com\\\/palarasol\",\"https:\\\/\\\/x.com\\\/palarasol\"]}]}<\/script>\n<!-- \/ Yoast SEO plugin. -->","yoast_head_json":{"title":"Kronos - Parasols lat\u00e9raux carr\u00e9s - Fabriqu\u00e9 en Italie - Palarasol","description":"Kronos - Parasol lat\u00e9raux carr\u00e9s - Fabriqu\u00e9 en Italie - Tissu polyester Palarasol Polyma 210 gr, anti-moisissure. R\u00e9sistance aux couleurs \u00e0 la lumi\u00e8re: 6\u00e8me.","robots":{"index":"index","follow":"follow","max-snippet":"max-snippet:-1","max-image-preview":"max-image-preview:large","max-video-preview":"max-video-preview:-1"},"canonical":"https:\/\/www.palarasol.it\/fr\/shop\/parasols-fr\/kronos\/","og_locale":"fr_FR","og_type":"article","og_title":"Kronos - Parasols lat\u00e9raux carr\u00e9s - Fabriqu\u00e9 en Italie - Palarasol","og_description":"Kronos - Parasol lat\u00e9raux carr\u00e9s - Fabriqu\u00e9 en Italie - Tissu polyester Palarasol Polyma 210 gr, anti-moisissure. R\u00e9sistance aux couleurs \u00e0 la lumi\u00e8re: 6\u00e8me.","og_url":"https:\/\/www.palarasol.it\/fr\/shop\/parasols-fr\/kronos\/","og_site_name":"Palarasol","article_publisher":"https:\/\/www.facebook.com\/palarasol","article_modified_time":"2021-04-01T16:33:02+00:00","og_image":[{"width":1200,"height":800,"url":"https:\/\/www.palarasol.it\/wp-content\/uploads\/2021\/03\/IMG_8904_antracite1.jpg","type":"image\/jpeg"}],"twitter_card":"summary_large_image","twitter_site":"@palarasol","twitter_misc":{"Dur\u00e9e de lecture estim\u00e9e":"1 minute"},"schema":{"@context":"https:\/\/schema.org","@graph":[{"@type":"WebPage","@id":"https:\/\/www.palarasol.it\/fr\/shop\/parasols-fr\/kronos\/","url":"https:\/\/www.palarasol.it\/fr\/shop\/parasols-fr\/kronos\/","name":"Kronos - Parasols lat\u00e9raux carr\u00e9s - Fabriqu\u00e9 en Italie - Palarasol","isPartOf":{"@id":"http:\/\/www.palarasol.it\/fr\/#website"},"primaryImageOfPage":{"@id":"https:\/\/www.palarasol.it\/fr\/shop\/parasols-fr\/kronos\/#primaryimage"},"image":{"@id":"https:\/\/www.palarasol.it\/fr\/shop\/parasols-fr\/kronos\/#primaryimage"},"thumbnailUrl":"https:\/\/www.palarasol.it\/wp-content\/uploads\/2021\/03\/IMG_8904_antracite1.jpg","datePublished":"2015-06-23T14:46:16+00:00","dateModified":"2021-04-01T16:33:02+00:00","description":"Kronos - Parasol lat\u00e9raux carr\u00e9s - Fabriqu\u00e9 en Italie - Tissu polyester Palarasol Polyma 210 gr, anti-moisissure. R\u00e9sistance aux couleurs \u00e0 la lumi\u00e8re: 6\u00e8me.","breadcrumb":{"@id":"https:\/\/www.palarasol.it\/fr\/shop\/parasols-fr\/kronos\/#breadcrumb"},"inLanguage":"fr-FR","potentialAction":[{"@type":"ReadAction","target":["https:\/\/www.palarasol.it\/fr\/shop\/parasols-fr\/kronos\/"]}]},{"@type":"ImageObject","inLanguage":"fr-FR","@id":"https:\/\/www.palarasol.it\/fr\/shop\/parasols-fr\/kronos\/#primaryimage","url":"https:\/\/www.palarasol.it\/wp-content\/uploads\/2021\/03\/IMG_8904_antracite1.jpg","contentUrl":"https:\/\/www.palarasol.it\/wp-content\/uploads\/2021\/03\/IMG_8904_antracite1.jpg","width":1200,"height":800,"caption":"kronos 137q"},{"@type":"BreadcrumbList","@id":"https:\/\/www.palarasol.it\/fr\/shop\/parasols-fr\/kronos\/#breadcrumb","itemListElement":[{"@type":"ListItem","position":1,"name":"Home","item":"https:\/\/www.palarasol.it\/fr\/10073-2\/"},{"@type":"ListItem","position":2,"name":"Shop","item":"http:\/\/stagingpalara4.it\/negozio\/"},{"@type":"ListItem","position":3,"name":"Parasols","item":"https:\/\/www.palarasol.it\/fr\/categorie-produit\/parasols-fr\/"},{"@type":"ListItem","position":4,"name":"Kronos 250&#215;250 cm"}]},{"@type":"WebSite","@id":"http:\/\/www.palarasol.it\/fr\/#website","url":"http:\/\/www.palarasol.it\/fr\/","name":"Palarasol","description":"","publisher":{"@id":"http:\/\/www.palarasol.it\/fr\/#organization"},"potentialAction":[{"@type":"SearchAction","target":{"@type":"EntryPoint","urlTemplate":"http:\/\/www.palarasol.it\/fr\/?s={search_term_string}"},"query-input":{"@type":"PropertyValueSpecification","valueRequired":true,"valueName":"search_term_string"}}],"inLanguage":"fr-FR"},{"@type":"Organization","@id":"http:\/\/www.palarasol.it\/fr\/#organization","name":"Palara Gianluca & C. S.a.s","url":"http:\/\/www.palarasol.it\/fr\/","logo":{"@type":"ImageObject","inLanguage":"fr-FR","@id":"http:\/\/www.palarasol.it\/fr\/#\/schema\/logo\/image\/","url":"https:\/\/stagingpalara4.it\/wp-content\/uploads\/2015\/06\/logo.png","contentUrl":"https:\/\/stagingpalara4.it\/wp-content\/uploads\/2015\/06\/logo.png","width":800,"height":189,"caption":"Palara Gianluca & C. S.a.s"},"image":{"@id":"http:\/\/www.palarasol.it\/fr\/#\/schema\/logo\/image\/"},"sameAs":["https:\/\/www.facebook.com\/palarasol","https:\/\/x.com\/palarasol"]}]}},"_links":{"self":[{"href":"https:\/\/www.palarasol.it\/fr\/wp-json\/wp\/v2\/product\/76255","targetHints":{"allow":["GET"]}}],"collection":[{"href":"https:\/\/www.palarasol.it\/fr\/wp-json\/wp\/v2\/product"}],"about":[{"href":"https:\/\/www.palarasol.it\/fr\/wp-json\/wp\/v2\/types\/product"}],"version-history":[{"count":0,"href":"https:\/\/www.palarasol.it\/fr\/wp-json\/wp\/v2\/product\/76255\/revisions"}],"wp:featuredmedia":[{"embeddable":true,"href":"https:\/\/www.palarasol.it\/fr\/wp-json\/wp\/v2\/media\/76209"}],"wp:attachment":[{"href":"https:\/\/www.palarasol.it\/fr\/wp-json\/wp\/v2\/media?parent=76255"}],"wp:term":[{"taxonomy":"product_brand","embeddable":true,"href":"https:\/\/www.palarasol.it\/fr\/wp-json\/wp\/v2\/product_brand?post=76255"},{"taxonomy":"product_cat","embeddable":true,"href":"https:\/\/www.palarasol.it\/fr\/wp-json\/wp\/v2\/product_cat?post=76255"},{"taxonomy":"product_tag","embeddable":true,"href":"https:\/\/www.palarasol.it\/fr\/wp-json\/wp\/v2\/product_tag?post=76255"}],"curies":[{"name":"wp","href":"https:\/\/api.w.org\/{rel}","templated":true}]}}