{"id":77208,"date":"2016-03-09T18:16:26","date_gmt":"2016-03-09T17:16:26","guid":{"rendered":"https:\/\/stagingpalara4.it\/shop\/non%20class\u00e9\/housses-pour-parasol-mat-central-telescopiques-et-deportes-pliables\/"},"modified":"2021-06-18T11:29:32","modified_gmt":"2021-06-18T09:29:32","slug":"maffei-art-922t-housses-pour-parasol-mat-central-telescopiques-impermeables-et-transpirants","status":"publish","type":"product","link":"https:\/\/www.palarasol.it\/fr\/shop\/housses\/maffei-art-922t-housses-pour-parasol-mat-central-telescopiques-impermeables-et-transpirants\/","title":{"rendered":"Housses pour parasol mat central t\u00e9lescopiques et deport\u00e9s pliables"},"content":{"rendered":"<p><strong>les mesures<\/strong>: 275 x 57 cm<br \/>\n<strong>Tissu:<\/strong> Mytex respirable et imperm\u00e9able \u00e0 l\u2019eau<\/p>\n<p>Limiter la formation de moisissures et de rouille<br \/>\npour parasol mat central t\u00e9lescopiques jusqu&rsquo;\u00e0 mt.3&#215;4.<br \/>\npour parasol deport\u00e9s pliables jusqu&rsquo;\u00e0 mt.3&#215;3.<\/p>\n<p>Housse avec tube<\/p>\n<p>Maffei art 48BQ-<a href=\"https:\/\/www.palarasol.it\/?post_type=product&#038;p=682\" target=\"_blank\" rel=\"noopener\">139Q<\/a>&#8211;<a href=\"https:\/\/www.palarasol.it\/?post_type=product&#038;p=71214\" target=\"_blank\" rel=\"noopener\">140Q<\/a>&#8211;<a href=\"https:\/\/www.palarasol.it\/?post_type=product&#038;p=6928\" target=\"_blank\" rel=\"noopener\">141Q<\/a>-226-227-448Q-449R<\/p>\n","protected":false},"excerpt":{"rendered":"<p>Art. 922T 275 x 57 cm<br \/>\nHousses pour parasol mat central t\u00e9lescopiques jusqu&rsquo;\u00e0 mt.3&#215;4. et pour parasol deport\u00e9s pliables jusqu&rsquo;\u00e0 mt.3&#215;3.<\/p>\n","protected":false},"featured_media":5673,"template":"","meta":{"_acf_changed":false,"_monsterinsights_skip_tracking":false,"_monsterinsights_sitenote_active":false,"_monsterinsights_sitenote_note":"","_monsterinsights_sitenote_category":0},"product_brand":[],"product_cat":[463,459],"product_tag":[436,446,1022,841,460],"class_list":{"0":"post-77208","1":"product","2":"type-product","3":"status-publish","4":"has-post-thumbnail","6":"product_cat-accessoires","7":"product_cat-housses","8":"product_tag-fabrique-en-italie","9":"product_tag-impermeable","10":"product_tag-parasol-telescopique","11":"product_tag-revetements","12":"product_tag-transpirant","14":"first","15":"instock","16":"shipping-taxable","17":"purchasable","18":"product-type-simple"},"acf":[],"yoast_head":"<!-- This site is optimized with the Yoast SEO plugin v27.2 - https:\/\/yoast.com\/product\/yoast-seo-wordpress\/ -->\n<title>Housses pour parasol mat central t\u00e9lescopiques impermeables et transpirants - Palarasol<\/title>\n<meta name=\"description\" content=\"Housses pour parasol mat central t\u00e9lescopiques jusqu&#039;\u00e0 mt.3x4. Tissu impermeables et transpirants Fabriqu\u00e9 en Italie.\" \/>\n<meta name=\"robots\" content=\"index, follow, max-snippet:-1, max-image-preview:large, max-video-preview:-1\" \/>\n<link rel=\"canonical\" href=\"https:\/\/www.palarasol.it\/fr\/shop\/housses\/maffei-art-922t-housses-pour-parasol-mat-central-telescopiques-impermeables-et-transpirants\/\" \/>\n<meta property=\"og:locale\" content=\"fr_FR\" \/>\n<meta property=\"og:type\" content=\"article\" \/>\n<meta property=\"og:title\" content=\"Housses pour parasol mat central t\u00e9lescopiques impermeables et transpirants - Palarasol\" \/>\n<meta property=\"og:description\" content=\"Housses pour parasol mat central t\u00e9lescopiques jusqu&#039;\u00e0 mt.3x4. Tissu impermeables et transpirants Fabriqu\u00e9 en Italie.\" \/>\n<meta property=\"og:url\" content=\"https:\/\/www.palarasol.it\/fr\/shop\/housses\/maffei-art-922t-housses-pour-parasol-mat-central-telescopiques-impermeables-et-transpirants\/\" \/>\n<meta property=\"og:site_name\" content=\"Palarasol\" \/>\n<meta property=\"article:publisher\" content=\"https:\/\/www.facebook.com\/palarasol\" \/>\n<meta property=\"article:modified_time\" content=\"2021-06-18T09:29:32+00:00\" \/>\n<meta property=\"og:image\" content=\"https:\/\/www.palarasol.it\/wp-content\/uploads\/2016\/03\/art922t.jpg\" \/>\n\t<meta property=\"og:image:width\" content=\"1429\" \/>\n\t<meta property=\"og:image:height\" content=\"1428\" \/>\n\t<meta property=\"og:image:type\" content=\"image\/jpeg\" \/>\n<meta name=\"twitter:card\" content=\"summary_large_image\" \/>\n<meta name=\"twitter:site\" content=\"@palarasol\" \/>\n<script type=\"application\/ld+json\" class=\"yoast-schema-graph\">{\"@context\":\"https:\/\/schema.org\",\"@graph\":[{\"@type\":\"WebPage\",\"@id\":\"https:\/\/www.palarasol.it\/fr\/shop\/housses\/maffei-art-922t-housses-pour-parasol-mat-central-telescopiques-impermeables-et-transpirants\/\",\"url\":\"https:\/\/www.palarasol.it\/fr\/shop\/housses\/maffei-art-922t-housses-pour-parasol-mat-central-telescopiques-impermeables-et-transpirants\/\",\"name\":\"Housses pour parasol mat central t\u00e9lescopiques impermeables et transpirants - Palarasol\",\"isPartOf\":{\"@id\":\"http:\/\/www.palarasol.it\/fr\/#website\"},\"primaryImageOfPage\":{\"@id\":\"https:\/\/www.palarasol.it\/fr\/shop\/housses\/maffei-art-922t-housses-pour-parasol-mat-central-telescopiques-impermeables-et-transpirants\/#primaryimage\"},\"image\":{\"@id\":\"https:\/\/www.palarasol.it\/fr\/shop\/housses\/maffei-art-922t-housses-pour-parasol-mat-central-telescopiques-impermeables-et-transpirants\/#primaryimage\"},\"thumbnailUrl\":\"https:\/\/www.palarasol.it\/wp-content\/uploads\/2016\/03\/art922t.jpg\",\"datePublished\":\"2016-03-09T17:16:26+00:00\",\"dateModified\":\"2021-06-18T09:29:32+00:00\",\"description\":\"Housses pour parasol mat central t\u00e9lescopiques jusqu'\u00e0 mt.3x4. Tissu impermeables et transpirants Fabriqu\u00e9 en Italie.\",\"breadcrumb\":{\"@id\":\"https:\/\/www.palarasol.it\/fr\/shop\/housses\/maffei-art-922t-housses-pour-parasol-mat-central-telescopiques-impermeables-et-transpirants\/#breadcrumb\"},\"inLanguage\":\"fr-FR\",\"potentialAction\":[{\"@type\":\"ReadAction\",\"target\":[\"https:\/\/www.palarasol.it\/fr\/shop\/housses\/maffei-art-922t-housses-pour-parasol-mat-central-telescopiques-impermeables-et-transpirants\/\"]}]},{\"@type\":\"ImageObject\",\"inLanguage\":\"fr-FR\",\"@id\":\"https:\/\/www.palarasol.it\/fr\/shop\/housses\/maffei-art-922t-housses-pour-parasol-mat-central-telescopiques-impermeables-et-transpirants\/#primaryimage\",\"url\":\"https:\/\/www.palarasol.it\/wp-content\/uploads\/2016\/03\/art922t.jpg\",\"contentUrl\":\"https:\/\/www.palarasol.it\/wp-content\/uploads\/2016\/03\/art922t.jpg\",\"width\":1429,\"height\":1428,\"caption\":\"Housses pour parasol mat central t\u00e9lescopiques\"},{\"@type\":\"BreadcrumbList\",\"@id\":\"https:\/\/www.palarasol.it\/fr\/shop\/housses\/maffei-art-922t-housses-pour-parasol-mat-central-telescopiques-impermeables-et-transpirants\/#breadcrumb\",\"itemListElement\":[{\"@type\":\"ListItem\",\"position\":1,\"name\":\"Home\",\"item\":\"https:\/\/www.palarasol.it\/fr\/10073-2\/\"},{\"@type\":\"ListItem\",\"position\":2,\"name\":\"Shop\",\"item\":\"http:\/\/stagingpalara4.it\/negozio\/\"},{\"@type\":\"ListItem\",\"position\":3,\"name\":\"Accessoires\",\"item\":\"https:\/\/www.palarasol.it\/fr\/categorie-produit\/accessoires\/\"},{\"@type\":\"ListItem\",\"position\":4,\"name\":\"Housses pour parasol mat central t\u00e9lescopiques et deport\u00e9s pliables\"}]},{\"@type\":\"WebSite\",\"@id\":\"http:\/\/www.palarasol.it\/fr\/#website\",\"url\":\"http:\/\/www.palarasol.it\/fr\/\",\"name\":\"Palarasol\",\"description\":\"\",\"publisher\":{\"@id\":\"http:\/\/www.palarasol.it\/fr\/#organization\"},\"potentialAction\":[{\"@type\":\"SearchAction\",\"target\":{\"@type\":\"EntryPoint\",\"urlTemplate\":\"http:\/\/www.palarasol.it\/fr\/?s={search_term_string}\"},\"query-input\":{\"@type\":\"PropertyValueSpecification\",\"valueRequired\":true,\"valueName\":\"search_term_string\"}}],\"inLanguage\":\"fr-FR\"},{\"@type\":\"Organization\",\"@id\":\"http:\/\/www.palarasol.it\/fr\/#organization\",\"name\":\"Palara Gianluca & C. S.a.s\",\"url\":\"http:\/\/www.palarasol.it\/fr\/\",\"logo\":{\"@type\":\"ImageObject\",\"inLanguage\":\"fr-FR\",\"@id\":\"http:\/\/www.palarasol.it\/fr\/#\/schema\/logo\/image\/\",\"url\":\"https:\/\/stagingpalara4.it\/wp-content\/uploads\/2015\/06\/logo.png\",\"contentUrl\":\"https:\/\/stagingpalara4.it\/wp-content\/uploads\/2015\/06\/logo.png\",\"width\":800,\"height\":189,\"caption\":\"Palara Gianluca & C. S.a.s\"},\"image\":{\"@id\":\"http:\/\/www.palarasol.it\/fr\/#\/schema\/logo\/image\/\"},\"sameAs\":[\"https:\/\/www.facebook.com\/palarasol\",\"https:\/\/x.com\/palarasol\"]}]}<\/script>\n<!-- \/ Yoast SEO plugin. -->","yoast_head_json":{"title":"Housses pour parasol mat central t\u00e9lescopiques impermeables et transpirants - Palarasol","description":"Housses pour parasol mat central t\u00e9lescopiques jusqu'\u00e0 mt.3x4. Tissu impermeables et transpirants Fabriqu\u00e9 en Italie.","robots":{"index":"index","follow":"follow","max-snippet":"max-snippet:-1","max-image-preview":"max-image-preview:large","max-video-preview":"max-video-preview:-1"},"canonical":"https:\/\/www.palarasol.it\/fr\/shop\/housses\/maffei-art-922t-housses-pour-parasol-mat-central-telescopiques-impermeables-et-transpirants\/","og_locale":"fr_FR","og_type":"article","og_title":"Housses pour parasol mat central t\u00e9lescopiques impermeables et transpirants - Palarasol","og_description":"Housses pour parasol mat central t\u00e9lescopiques jusqu'\u00e0 mt.3x4. Tissu impermeables et transpirants Fabriqu\u00e9 en Italie.","og_url":"https:\/\/www.palarasol.it\/fr\/shop\/housses\/maffei-art-922t-housses-pour-parasol-mat-central-telescopiques-impermeables-et-transpirants\/","og_site_name":"Palarasol","article_publisher":"https:\/\/www.facebook.com\/palarasol","article_modified_time":"2021-06-18T09:29:32+00:00","og_image":[{"width":1429,"height":1428,"url":"https:\/\/www.palarasol.it\/wp-content\/uploads\/2016\/03\/art922t.jpg","type":"image\/jpeg"}],"twitter_card":"summary_large_image","twitter_site":"@palarasol","schema":{"@context":"https:\/\/schema.org","@graph":[{"@type":"WebPage","@id":"https:\/\/www.palarasol.it\/fr\/shop\/housses\/maffei-art-922t-housses-pour-parasol-mat-central-telescopiques-impermeables-et-transpirants\/","url":"https:\/\/www.palarasol.it\/fr\/shop\/housses\/maffei-art-922t-housses-pour-parasol-mat-central-telescopiques-impermeables-et-transpirants\/","name":"Housses pour parasol mat central t\u00e9lescopiques impermeables et transpirants - Palarasol","isPartOf":{"@id":"http:\/\/www.palarasol.it\/fr\/#website"},"primaryImageOfPage":{"@id":"https:\/\/www.palarasol.it\/fr\/shop\/housses\/maffei-art-922t-housses-pour-parasol-mat-central-telescopiques-impermeables-et-transpirants\/#primaryimage"},"image":{"@id":"https:\/\/www.palarasol.it\/fr\/shop\/housses\/maffei-art-922t-housses-pour-parasol-mat-central-telescopiques-impermeables-et-transpirants\/#primaryimage"},"thumbnailUrl":"https:\/\/www.palarasol.it\/wp-content\/uploads\/2016\/03\/art922t.jpg","datePublished":"2016-03-09T17:16:26+00:00","dateModified":"2021-06-18T09:29:32+00:00","description":"Housses pour parasol mat central t\u00e9lescopiques jusqu'\u00e0 mt.3x4. Tissu impermeables et transpirants Fabriqu\u00e9 en Italie.","breadcrumb":{"@id":"https:\/\/www.palarasol.it\/fr\/shop\/housses\/maffei-art-922t-housses-pour-parasol-mat-central-telescopiques-impermeables-et-transpirants\/#breadcrumb"},"inLanguage":"fr-FR","potentialAction":[{"@type":"ReadAction","target":["https:\/\/www.palarasol.it\/fr\/shop\/housses\/maffei-art-922t-housses-pour-parasol-mat-central-telescopiques-impermeables-et-transpirants\/"]}]},{"@type":"ImageObject","inLanguage":"fr-FR","@id":"https:\/\/www.palarasol.it\/fr\/shop\/housses\/maffei-art-922t-housses-pour-parasol-mat-central-telescopiques-impermeables-et-transpirants\/#primaryimage","url":"https:\/\/www.palarasol.it\/wp-content\/uploads\/2016\/03\/art922t.jpg","contentUrl":"https:\/\/www.palarasol.it\/wp-content\/uploads\/2016\/03\/art922t.jpg","width":1429,"height":1428,"caption":"Housses pour parasol mat central t\u00e9lescopiques"},{"@type":"BreadcrumbList","@id":"https:\/\/www.palarasol.it\/fr\/shop\/housses\/maffei-art-922t-housses-pour-parasol-mat-central-telescopiques-impermeables-et-transpirants\/#breadcrumb","itemListElement":[{"@type":"ListItem","position":1,"name":"Home","item":"https:\/\/www.palarasol.it\/fr\/10073-2\/"},{"@type":"ListItem","position":2,"name":"Shop","item":"http:\/\/stagingpalara4.it\/negozio\/"},{"@type":"ListItem","position":3,"name":"Accessoires","item":"https:\/\/www.palarasol.it\/fr\/categorie-produit\/accessoires\/"},{"@type":"ListItem","position":4,"name":"Housses pour parasol mat central t\u00e9lescopiques et deport\u00e9s pliables"}]},{"@type":"WebSite","@id":"http:\/\/www.palarasol.it\/fr\/#website","url":"http:\/\/www.palarasol.it\/fr\/","name":"Palarasol","description":"","publisher":{"@id":"http:\/\/www.palarasol.it\/fr\/#organization"},"potentialAction":[{"@type":"SearchAction","target":{"@type":"EntryPoint","urlTemplate":"http:\/\/www.palarasol.it\/fr\/?s={search_term_string}"},"query-input":{"@type":"PropertyValueSpecification","valueRequired":true,"valueName":"search_term_string"}}],"inLanguage":"fr-FR"},{"@type":"Organization","@id":"http:\/\/www.palarasol.it\/fr\/#organization","name":"Palara Gianluca & C. S.a.s","url":"http:\/\/www.palarasol.it\/fr\/","logo":{"@type":"ImageObject","inLanguage":"fr-FR","@id":"http:\/\/www.palarasol.it\/fr\/#\/schema\/logo\/image\/","url":"https:\/\/stagingpalara4.it\/wp-content\/uploads\/2015\/06\/logo.png","contentUrl":"https:\/\/stagingpalara4.it\/wp-content\/uploads\/2015\/06\/logo.png","width":800,"height":189,"caption":"Palara Gianluca & C. S.a.s"},"image":{"@id":"http:\/\/www.palarasol.it\/fr\/#\/schema\/logo\/image\/"},"sameAs":["https:\/\/www.facebook.com\/palarasol","https:\/\/x.com\/palarasol"]}]}},"_links":{"self":[{"href":"https:\/\/www.palarasol.it\/fr\/wp-json\/wp\/v2\/product\/77208","targetHints":{"allow":["GET"]}}],"collection":[{"href":"https:\/\/www.palarasol.it\/fr\/wp-json\/wp\/v2\/product"}],"about":[{"href":"https:\/\/www.palarasol.it\/fr\/wp-json\/wp\/v2\/types\/product"}],"version-history":[{"count":0,"href":"https:\/\/www.palarasol.it\/fr\/wp-json\/wp\/v2\/product\/77208\/revisions"}],"wp:featuredmedia":[{"embeddable":true,"href":"https:\/\/www.palarasol.it\/fr\/wp-json\/wp\/v2\/media\/5673"}],"wp:attachment":[{"href":"https:\/\/www.palarasol.it\/fr\/wp-json\/wp\/v2\/media?parent=77208"}],"wp:term":[{"taxonomy":"product_brand","embeddable":true,"href":"https:\/\/www.palarasol.it\/fr\/wp-json\/wp\/v2\/product_brand?post=77208"},{"taxonomy":"product_cat","embeddable":true,"href":"https:\/\/www.palarasol.it\/fr\/wp-json\/wp\/v2\/product_cat?post=77208"},{"taxonomy":"product_tag","embeddable":true,"href":"https:\/\/www.palarasol.it\/fr\/wp-json\/wp\/v2\/product_tag?post=77208"}],"curies":[{"name":"wp","href":"https:\/\/api.w.org\/{rel}","templated":true}]}}