{"id":77215,"date":"2016-03-09T18:00:01","date_gmt":"2016-03-09T17:00:01","guid":{"rendered":"https:\/\/stagingpalara4.it\/shop\/non%20class\u00e9\/housses-pour-bain-de-soleil\/"},"modified":"2021-06-22T10:24:07","modified_gmt":"2021-06-22T08:24:07","slug":"maffei-art-933-housses-pour-bain-de-soleil","status":"publish","type":"product","link":"https:\/\/www.palarasol.it\/fr\/shop\/housses\/maffei-art-933-housses-pour-bain-de-soleil\/","title":{"rendered":"Housses pour bain de soleil"},"content":{"rendered":"<h2>Housses pour bain de soleil<\/h2>\n<p><strong>Tissu:<\/strong> Mytex respirable et imperm\u00e9able \u00e0 l\u2019eau<\/p>\n<p>Limiter la formation de moisissures et de rouille<br \/>\nFabriqu\u00e9 en Italie<\/p>\n<p><strong>Dimensioni: art.933 <\/strong>cm 190x72x37\/37<br \/>\n <strong> art.934 <\/strong>cm 210x72x37\/37<\/p>\n<p><strong>Couleur:<\/strong> ext\u00e9rieur taupe, int\u00e9rieur gris clair. Le tissu peut \u00eatre utilis\u00e9 des deux c\u00f4t\u00e9s.<\/p>\n<p><strong>Attention<\/strong>: assurez-vous que les mesures de notre housse conviennent \u00e0 votre lit b\u00e9b\u00e9.<\/p>\n","protected":false},"excerpt":{"rendered":"<p>Maffei <strong>art.933 <\/strong>cm 190x72x37\/37 &#8211; <strong>art.934 <\/strong>cm 210x72x37\/37<\/p>\n","protected":false},"featured_media":5701,"template":"","meta":{"_acf_changed":false,"_monsterinsights_skip_tracking":false,"_monsterinsights_sitenote_active":false,"_monsterinsights_sitenote_note":"","_monsterinsights_sitenote_category":0},"product_brand":[],"product_cat":[463,459],"product_tag":[1029,1030,436,1031,1032,446,841,460],"class_list":{"0":"post-77215","1":"product","2":"type-product","3":"status-publish","4":"has-post-thumbnail","6":"product_cat-accessoires","7":"product_cat-housses","8":"product_tag-bain","9":"product_tag-bain-de-soleil","10":"product_tag-fabrique-en-italie","11":"product_tag-housses-pour-bain-de-soleil","12":"product_tag-housses-pour-bain-de-soleil-fr","13":"product_tag-impermeable","14":"product_tag-revetements","15":"product_tag-transpirant","17":"first","18":"instock","19":"shipping-taxable","20":"purchasable","21":"product-type-variable"},"acf":[],"yoast_head":"<!-- This site is optimized with the Yoast SEO plugin v27.2 - https:\/\/yoast.com\/product\/yoast-seo-wordpress\/ -->\n<title>Housses pour bain de soleil Made in Italy - Palarasol<\/title>\n<meta name=\"description\" content=\"Housses pour bain de soleil Imperm\u00e9able et respirant, r\u00e9sistant aux intemp\u00e9ries. Fabriqu\u00e9 en Italie\" \/>\n<meta name=\"robots\" content=\"index, follow, max-snippet:-1, max-image-preview:large, max-video-preview:-1\" \/>\n<link rel=\"canonical\" href=\"https:\/\/www.palarasol.it\/fr\/shop\/housses\/maffei-art-933-housses-pour-bain-de-soleil\/\" \/>\n<meta property=\"og:locale\" content=\"fr_FR\" \/>\n<meta property=\"og:type\" content=\"article\" \/>\n<meta property=\"og:title\" content=\"Housses pour bain de soleil Made in Italy - Palarasol\" \/>\n<meta property=\"og:description\" content=\"Housses pour bain de soleil Imperm\u00e9able et respirant, r\u00e9sistant aux intemp\u00e9ries. Fabriqu\u00e9 en Italie\" \/>\n<meta property=\"og:url\" content=\"https:\/\/www.palarasol.it\/fr\/shop\/housses\/maffei-art-933-housses-pour-bain-de-soleil\/\" \/>\n<meta property=\"og:site_name\" content=\"Palarasol\" \/>\n<meta property=\"article:publisher\" content=\"https:\/\/www.facebook.com\/palarasol\" \/>\n<meta property=\"article:modified_time\" content=\"2021-06-22T08:24:07+00:00\" \/>\n<meta property=\"og:image\" content=\"https:\/\/www.palarasol.it\/wp-content\/uploads\/2016\/03\/art933_1.jpg\" \/>\n\t<meta property=\"og:image:width\" content=\"1000\" \/>\n\t<meta property=\"og:image:height\" content=\"1000\" \/>\n\t<meta property=\"og:image:type\" content=\"image\/jpeg\" \/>\n<meta name=\"twitter:card\" content=\"summary_large_image\" \/>\n<meta name=\"twitter:site\" content=\"@palarasol\" \/>\n<script type=\"application\/ld+json\" class=\"yoast-schema-graph\">{\"@context\":\"https:\/\/schema.org\",\"@graph\":[{\"@type\":\"WebPage\",\"@id\":\"https:\/\/www.palarasol.it\/fr\/shop\/housses\/maffei-art-933-housses-pour-bain-de-soleil\/\",\"url\":\"https:\/\/www.palarasol.it\/fr\/shop\/housses\/maffei-art-933-housses-pour-bain-de-soleil\/\",\"name\":\"Housses pour bain de soleil Made in Italy - Palarasol\",\"isPartOf\":{\"@id\":\"http:\/\/www.palarasol.it\/fr\/#website\"},\"primaryImageOfPage\":{\"@id\":\"https:\/\/www.palarasol.it\/fr\/shop\/housses\/maffei-art-933-housses-pour-bain-de-soleil\/#primaryimage\"},\"image\":{\"@id\":\"https:\/\/www.palarasol.it\/fr\/shop\/housses\/maffei-art-933-housses-pour-bain-de-soleil\/#primaryimage\"},\"thumbnailUrl\":\"https:\/\/www.palarasol.it\/wp-content\/uploads\/2016\/03\/art933_1.jpg\",\"datePublished\":\"2016-03-09T17:00:01+00:00\",\"dateModified\":\"2021-06-22T08:24:07+00:00\",\"description\":\"Housses pour bain de soleil Imperm\u00e9able et respirant, r\u00e9sistant aux intemp\u00e9ries. Fabriqu\u00e9 en Italie\",\"breadcrumb\":{\"@id\":\"https:\/\/www.palarasol.it\/fr\/shop\/housses\/maffei-art-933-housses-pour-bain-de-soleil\/#breadcrumb\"},\"inLanguage\":\"fr-FR\",\"potentialAction\":[{\"@type\":\"ReadAction\",\"target\":[\"https:\/\/www.palarasol.it\/fr\/shop\/housses\/maffei-art-933-housses-pour-bain-de-soleil\/\"]}]},{\"@type\":\"ImageObject\",\"inLanguage\":\"fr-FR\",\"@id\":\"https:\/\/www.palarasol.it\/fr\/shop\/housses\/maffei-art-933-housses-pour-bain-de-soleil\/#primaryimage\",\"url\":\"https:\/\/www.palarasol.it\/wp-content\/uploads\/2016\/03\/art933_1.jpg\",\"contentUrl\":\"https:\/\/www.palarasol.it\/wp-content\/uploads\/2016\/03\/art933_1.jpg\",\"width\":1000,\"height\":1000,\"caption\":\"Housses pour bain de soleil\"},{\"@type\":\"BreadcrumbList\",\"@id\":\"https:\/\/www.palarasol.it\/fr\/shop\/housses\/maffei-art-933-housses-pour-bain-de-soleil\/#breadcrumb\",\"itemListElement\":[{\"@type\":\"ListItem\",\"position\":1,\"name\":\"Home\",\"item\":\"https:\/\/www.palarasol.it\/fr\/10073-2\/\"},{\"@type\":\"ListItem\",\"position\":2,\"name\":\"Shop\",\"item\":\"http:\/\/stagingpalara4.it\/negozio\/\"},{\"@type\":\"ListItem\",\"position\":3,\"name\":\"Accessoires\",\"item\":\"https:\/\/www.palarasol.it\/fr\/categorie-produit\/accessoires\/\"},{\"@type\":\"ListItem\",\"position\":4,\"name\":\"Housses pour bain de soleil\"}]},{\"@type\":\"WebSite\",\"@id\":\"http:\/\/www.palarasol.it\/fr\/#website\",\"url\":\"http:\/\/www.palarasol.it\/fr\/\",\"name\":\"Palarasol\",\"description\":\"\",\"publisher\":{\"@id\":\"http:\/\/www.palarasol.it\/fr\/#organization\"},\"potentialAction\":[{\"@type\":\"SearchAction\",\"target\":{\"@type\":\"EntryPoint\",\"urlTemplate\":\"http:\/\/www.palarasol.it\/fr\/?s={search_term_string}\"},\"query-input\":{\"@type\":\"PropertyValueSpecification\",\"valueRequired\":true,\"valueName\":\"search_term_string\"}}],\"inLanguage\":\"fr-FR\"},{\"@type\":\"Organization\",\"@id\":\"http:\/\/www.palarasol.it\/fr\/#organization\",\"name\":\"Palara Gianluca & C. S.a.s\",\"url\":\"http:\/\/www.palarasol.it\/fr\/\",\"logo\":{\"@type\":\"ImageObject\",\"inLanguage\":\"fr-FR\",\"@id\":\"http:\/\/www.palarasol.it\/fr\/#\/schema\/logo\/image\/\",\"url\":\"https:\/\/stagingpalara4.it\/wp-content\/uploads\/2015\/06\/logo.png\",\"contentUrl\":\"https:\/\/stagingpalara4.it\/wp-content\/uploads\/2015\/06\/logo.png\",\"width\":800,\"height\":189,\"caption\":\"Palara Gianluca & C. S.a.s\"},\"image\":{\"@id\":\"http:\/\/www.palarasol.it\/fr\/#\/schema\/logo\/image\/\"},\"sameAs\":[\"https:\/\/www.facebook.com\/palarasol\",\"https:\/\/x.com\/palarasol\"]}]}<\/script>\n<!-- \/ Yoast SEO plugin. -->","yoast_head_json":{"title":"Housses pour bain de soleil Made in Italy - Palarasol","description":"Housses pour bain de soleil Imperm\u00e9able et respirant, r\u00e9sistant aux intemp\u00e9ries. Fabriqu\u00e9 en Italie","robots":{"index":"index","follow":"follow","max-snippet":"max-snippet:-1","max-image-preview":"max-image-preview:large","max-video-preview":"max-video-preview:-1"},"canonical":"https:\/\/www.palarasol.it\/fr\/shop\/housses\/maffei-art-933-housses-pour-bain-de-soleil\/","og_locale":"fr_FR","og_type":"article","og_title":"Housses pour bain de soleil Made in Italy - Palarasol","og_description":"Housses pour bain de soleil Imperm\u00e9able et respirant, r\u00e9sistant aux intemp\u00e9ries. Fabriqu\u00e9 en Italie","og_url":"https:\/\/www.palarasol.it\/fr\/shop\/housses\/maffei-art-933-housses-pour-bain-de-soleil\/","og_site_name":"Palarasol","article_publisher":"https:\/\/www.facebook.com\/palarasol","article_modified_time":"2021-06-22T08:24:07+00:00","og_image":[{"width":1000,"height":1000,"url":"https:\/\/www.palarasol.it\/wp-content\/uploads\/2016\/03\/art933_1.jpg","type":"image\/jpeg"}],"twitter_card":"summary_large_image","twitter_site":"@palarasol","schema":{"@context":"https:\/\/schema.org","@graph":[{"@type":"WebPage","@id":"https:\/\/www.palarasol.it\/fr\/shop\/housses\/maffei-art-933-housses-pour-bain-de-soleil\/","url":"https:\/\/www.palarasol.it\/fr\/shop\/housses\/maffei-art-933-housses-pour-bain-de-soleil\/","name":"Housses pour bain de soleil Made in Italy - Palarasol","isPartOf":{"@id":"http:\/\/www.palarasol.it\/fr\/#website"},"primaryImageOfPage":{"@id":"https:\/\/www.palarasol.it\/fr\/shop\/housses\/maffei-art-933-housses-pour-bain-de-soleil\/#primaryimage"},"image":{"@id":"https:\/\/www.palarasol.it\/fr\/shop\/housses\/maffei-art-933-housses-pour-bain-de-soleil\/#primaryimage"},"thumbnailUrl":"https:\/\/www.palarasol.it\/wp-content\/uploads\/2016\/03\/art933_1.jpg","datePublished":"2016-03-09T17:00:01+00:00","dateModified":"2021-06-22T08:24:07+00:00","description":"Housses pour bain de soleil Imperm\u00e9able et respirant, r\u00e9sistant aux intemp\u00e9ries. Fabriqu\u00e9 en Italie","breadcrumb":{"@id":"https:\/\/www.palarasol.it\/fr\/shop\/housses\/maffei-art-933-housses-pour-bain-de-soleil\/#breadcrumb"},"inLanguage":"fr-FR","potentialAction":[{"@type":"ReadAction","target":["https:\/\/www.palarasol.it\/fr\/shop\/housses\/maffei-art-933-housses-pour-bain-de-soleil\/"]}]},{"@type":"ImageObject","inLanguage":"fr-FR","@id":"https:\/\/www.palarasol.it\/fr\/shop\/housses\/maffei-art-933-housses-pour-bain-de-soleil\/#primaryimage","url":"https:\/\/www.palarasol.it\/wp-content\/uploads\/2016\/03\/art933_1.jpg","contentUrl":"https:\/\/www.palarasol.it\/wp-content\/uploads\/2016\/03\/art933_1.jpg","width":1000,"height":1000,"caption":"Housses pour bain de soleil"},{"@type":"BreadcrumbList","@id":"https:\/\/www.palarasol.it\/fr\/shop\/housses\/maffei-art-933-housses-pour-bain-de-soleil\/#breadcrumb","itemListElement":[{"@type":"ListItem","position":1,"name":"Home","item":"https:\/\/www.palarasol.it\/fr\/10073-2\/"},{"@type":"ListItem","position":2,"name":"Shop","item":"http:\/\/stagingpalara4.it\/negozio\/"},{"@type":"ListItem","position":3,"name":"Accessoires","item":"https:\/\/www.palarasol.it\/fr\/categorie-produit\/accessoires\/"},{"@type":"ListItem","position":4,"name":"Housses pour bain de soleil"}]},{"@type":"WebSite","@id":"http:\/\/www.palarasol.it\/fr\/#website","url":"http:\/\/www.palarasol.it\/fr\/","name":"Palarasol","description":"","publisher":{"@id":"http:\/\/www.palarasol.it\/fr\/#organization"},"potentialAction":[{"@type":"SearchAction","target":{"@type":"EntryPoint","urlTemplate":"http:\/\/www.palarasol.it\/fr\/?s={search_term_string}"},"query-input":{"@type":"PropertyValueSpecification","valueRequired":true,"valueName":"search_term_string"}}],"inLanguage":"fr-FR"},{"@type":"Organization","@id":"http:\/\/www.palarasol.it\/fr\/#organization","name":"Palara Gianluca & C. S.a.s","url":"http:\/\/www.palarasol.it\/fr\/","logo":{"@type":"ImageObject","inLanguage":"fr-FR","@id":"http:\/\/www.palarasol.it\/fr\/#\/schema\/logo\/image\/","url":"https:\/\/stagingpalara4.it\/wp-content\/uploads\/2015\/06\/logo.png","contentUrl":"https:\/\/stagingpalara4.it\/wp-content\/uploads\/2015\/06\/logo.png","width":800,"height":189,"caption":"Palara Gianluca & C. S.a.s"},"image":{"@id":"http:\/\/www.palarasol.it\/fr\/#\/schema\/logo\/image\/"},"sameAs":["https:\/\/www.facebook.com\/palarasol","https:\/\/x.com\/palarasol"]}]}},"_links":{"self":[{"href":"https:\/\/www.palarasol.it\/fr\/wp-json\/wp\/v2\/product\/77215","targetHints":{"allow":["GET"]}}],"collection":[{"href":"https:\/\/www.palarasol.it\/fr\/wp-json\/wp\/v2\/product"}],"about":[{"href":"https:\/\/www.palarasol.it\/fr\/wp-json\/wp\/v2\/types\/product"}],"version-history":[{"count":0,"href":"https:\/\/www.palarasol.it\/fr\/wp-json\/wp\/v2\/product\/77215\/revisions"}],"wp:featuredmedia":[{"embeddable":true,"href":"https:\/\/www.palarasol.it\/fr\/wp-json\/wp\/v2\/media\/5701"}],"wp:attachment":[{"href":"https:\/\/www.palarasol.it\/fr\/wp-json\/wp\/v2\/media?parent=77215"}],"wp:term":[{"taxonomy":"product_brand","embeddable":true,"href":"https:\/\/www.palarasol.it\/fr\/wp-json\/wp\/v2\/product_brand?post=77215"},{"taxonomy":"product_cat","embeddable":true,"href":"https:\/\/www.palarasol.it\/fr\/wp-json\/wp\/v2\/product_cat?post=77215"},{"taxonomy":"product_tag","embeddable":true,"href":"https:\/\/www.palarasol.it\/fr\/wp-json\/wp\/v2\/product_tag?post=77215"}],"curies":[{"name":"wp","href":"https:\/\/api.w.org\/{rel}","templated":true}]}}