{"id":77719,"date":"2022-06-09T11:36:15","date_gmt":"2022-06-09T09:36:15","guid":{"rendered":"https:\/\/stagingpalara4.it\/?post_type=product&#038;p=77719"},"modified":"2025-04-03T10:31:43","modified_gmt":"2025-04-03T08:31:43","slug":"antibes-300x400-8-cm","status":"publish","type":"product","link":"https:\/\/www.palarasol.it\/fr\/shop\/parasols-fr\/antibes-300x400-8-cm\/","title":{"rendered":"Antibes 300&#215;400\/8 cm"},"content":{"rendered":"<p>Parasol d\u00e9port\u00e9 r\u00e9tractable structure couleur graphite, m\u00e2t et poign\u00e9e en alu, manivelle, inclinable, pivotant, pied en X, tissu PolyMa hydrofuge.<\/p>\n<p>TISSU: PolyMa Polyester, gr 210 mc, hydrofuge, anti-moisissure, protection UV 50+, r\u00e9sistance couleurs 6+.<\/p>\n<p>STRUCTURE: m\u00e2t en alu couleur graphite 60&#215;88 mm, ouverture avec poign\u00e9e en alu et manivelle, inclinable, pied en X avec syst\u00e8me de rotation \u00e0 p\u00e9dal.<\/p>\n","protected":false},"excerpt":{"rendered":"<p>Art 449R Antibes Maffei cm 300&#215;400\/8<\/p>\n<p><a href=\"https:\/\/www.palarasol.it\/wp-content\/uploads\/2022\/06\/449R-2-300x146.jpg\"><img decoding=\"async\" class=\"alignnone size-medium wp-image-82805\" src=\"https:\/\/www.palarasol.it\/wp-content\/uploads\/2022\/06\/449R-2-300x146.jpg\" alt=\"\" width=\"300\" height=\"146\" srcset=\"https:\/\/www.palarasol.it\/wp-content\/uploads\/2022\/06\/449R-2-300x146.jpg 300w, https:\/\/www.palarasol.it\/wp-content\/uploads\/2022\/06\/449R-2.jpg 411w\" sizes=\"(max-width: 300px) 100vw, 300px\" \/><\/a><\/p>\n","protected":false},"featured_media":85704,"template":"","meta":{"_acf_changed":false,"_monsterinsights_skip_tracking":false,"_monsterinsights_sitenote_active":false,"_monsterinsights_sitenote_note":"","_monsterinsights_sitenote_category":0},"product_brand":[],"product_cat":[440,467],"product_tag":[436,445,446,747,435,551,851,852,438],"class_list":{"0":"post-77719","1":"product","2":"type-product","3":"status-publish","4":"has-post-thumbnail","6":"product_cat-parasols-fr","7":"product_cat-parasols-grands-deportes","8":"product_tag-fabrique-en-italie","9":"product_tag-grands","10":"product_tag-impermeable","11":"product_tag-parapluies-maffei","12":"product_tag-parasol-fr","13":"product_tag-parasol-jardin","14":"product_tag-parasols-grands-deportes","15":"product_tag-parasols-grands-deportes-fr","16":"product_tag-protection-uv","18":"first","19":"instock","20":"shipping-taxable","21":"purchasable","22":"product-type-variable"},"acf":[],"yoast_head":"<!-- This site is optimized with the Yoast SEO plugin v27.2 - https:\/\/yoast.com\/product\/yoast-seo-wordpress\/ -->\n<title>Antibes 300x400\/8 cm - Palarasol<\/title>\n<meta name=\"description\" content=\"Parasol d\u00e9port\u00e9 r\u00e9tractable structure couleur graphite, m\u00e2t et poign\u00e9e en alu, manivelle, inclinable, pivotant, pied en X, tissu PolyMa hydrofuge.\" \/>\n<meta name=\"robots\" content=\"index, follow, max-snippet:-1, max-image-preview:large, max-video-preview:-1\" \/>\n<link rel=\"canonical\" href=\"https:\/\/www.palarasol.it\/fr\/shop\/parasols-fr\/antibes-300x400-8-cm\/\" \/>\n<meta property=\"og:locale\" content=\"fr_FR\" \/>\n<meta property=\"og:type\" content=\"article\" \/>\n<meta property=\"og:title\" content=\"Antibes 300x400\/8 cm - Palarasol\" \/>\n<meta property=\"og:description\" content=\"Parasol d\u00e9port\u00e9 r\u00e9tractable structure couleur graphite, m\u00e2t et poign\u00e9e en alu, manivelle, inclinable, pivotant, pied en X, tissu PolyMa hydrofuge.\" \/>\n<meta property=\"og:url\" content=\"https:\/\/www.palarasol.it\/fr\/shop\/parasols-fr\/antibes-300x400-8-cm\/\" \/>\n<meta property=\"og:site_name\" content=\"Palarasol\" \/>\n<meta property=\"article:publisher\" content=\"https:\/\/www.facebook.com\/palarasol\" \/>\n<meta property=\"article:modified_time\" content=\"2025-04-03T08:31:43+00:00\" \/>\n<meta property=\"og:image\" content=\"https:\/\/www.palarasol.it\/wp-content\/uploads\/2022\/06\/antibes-2-scaled.jpg\" \/>\n\t<meta property=\"og:image:width\" content=\"2560\" \/>\n\t<meta property=\"og:image:height\" content=\"1707\" \/>\n\t<meta property=\"og:image:type\" content=\"image\/jpeg\" \/>\n<meta name=\"twitter:card\" content=\"summary_large_image\" \/>\n<meta name=\"twitter:site\" content=\"@palarasol\" \/>\n<meta name=\"twitter:label1\" content=\"Dur\u00e9e de lecture estim\u00e9e\" \/>\n\t<meta name=\"twitter:data1\" content=\"1 minute\" \/>\n<script type=\"application\/ld+json\" class=\"yoast-schema-graph\">{\"@context\":\"https:\/\/schema.org\",\"@graph\":[{\"@type\":\"WebPage\",\"@id\":\"https:\/\/www.palarasol.it\/fr\/shop\/parasols-fr\/antibes-300x400-8-cm\/\",\"url\":\"https:\/\/www.palarasol.it\/fr\/shop\/parasols-fr\/antibes-300x400-8-cm\/\",\"name\":\"Antibes 300x400\/8 cm - Palarasol\",\"isPartOf\":{\"@id\":\"http:\/\/www.palarasol.it\/fr\/#website\"},\"primaryImageOfPage\":{\"@id\":\"https:\/\/www.palarasol.it\/fr\/shop\/parasols-fr\/antibes-300x400-8-cm\/#primaryimage\"},\"image\":{\"@id\":\"https:\/\/www.palarasol.it\/fr\/shop\/parasols-fr\/antibes-300x400-8-cm\/#primaryimage\"},\"thumbnailUrl\":\"https:\/\/www.palarasol.it\/wp-content\/uploads\/2022\/06\/antibes_449R.jpg\",\"datePublished\":\"2022-06-09T09:36:15+00:00\",\"dateModified\":\"2025-04-03T08:31:43+00:00\",\"description\":\"Parasol d\u00e9port\u00e9 r\u00e9tractable structure couleur graphite, m\u00e2t et poign\u00e9e en alu, manivelle, inclinable, pivotant, pied en X, tissu PolyMa hydrofuge.\",\"breadcrumb\":{\"@id\":\"https:\/\/www.palarasol.it\/fr\/shop\/parasols-fr\/antibes-300x400-8-cm\/#breadcrumb\"},\"inLanguage\":\"fr-FR\",\"potentialAction\":[{\"@type\":\"ReadAction\",\"target\":[\"https:\/\/www.palarasol.it\/fr\/shop\/parasols-fr\/antibes-300x400-8-cm\/\"]}]},{\"@type\":\"ImageObject\",\"inLanguage\":\"fr-FR\",\"@id\":\"https:\/\/www.palarasol.it\/fr\/shop\/parasols-fr\/antibes-300x400-8-cm\/#primaryimage\",\"url\":\"https:\/\/www.palarasol.it\/wp-content\/uploads\/2022\/06\/antibes_449R.jpg\",\"contentUrl\":\"https:\/\/www.palarasol.it\/wp-content\/uploads\/2022\/06\/antibes_449R.jpg\",\"width\":1200,\"height\":900,\"caption\":\"antibes_449R\"},{\"@type\":\"BreadcrumbList\",\"@id\":\"https:\/\/www.palarasol.it\/fr\/shop\/parasols-fr\/antibes-300x400-8-cm\/#breadcrumb\",\"itemListElement\":[{\"@type\":\"ListItem\",\"position\":1,\"name\":\"Home\",\"item\":\"https:\/\/www.palarasol.it\/fr\/10073-2\/\"},{\"@type\":\"ListItem\",\"position\":2,\"name\":\"Shop\",\"item\":\"http:\/\/stagingpalara4.it\/negozio\/\"},{\"@type\":\"ListItem\",\"position\":3,\"name\":\"Parasols grands d\u00e9port\u00e9s\",\"item\":\"https:\/\/www.palarasol.it\/fr\/categorie-produit\/parasols-grands-deportes\/\"},{\"@type\":\"ListItem\",\"position\":4,\"name\":\"Antibes 300&#215;400\/8 cm\"}]},{\"@type\":\"WebSite\",\"@id\":\"http:\/\/www.palarasol.it\/fr\/#website\",\"url\":\"http:\/\/www.palarasol.it\/fr\/\",\"name\":\"Palarasol\",\"description\":\"\",\"publisher\":{\"@id\":\"http:\/\/www.palarasol.it\/fr\/#organization\"},\"potentialAction\":[{\"@type\":\"SearchAction\",\"target\":{\"@type\":\"EntryPoint\",\"urlTemplate\":\"http:\/\/www.palarasol.it\/fr\/?s={search_term_string}\"},\"query-input\":{\"@type\":\"PropertyValueSpecification\",\"valueRequired\":true,\"valueName\":\"search_term_string\"}}],\"inLanguage\":\"fr-FR\"},{\"@type\":\"Organization\",\"@id\":\"http:\/\/www.palarasol.it\/fr\/#organization\",\"name\":\"Palara Gianluca & C. S.a.s\",\"url\":\"http:\/\/www.palarasol.it\/fr\/\",\"logo\":{\"@type\":\"ImageObject\",\"inLanguage\":\"fr-FR\",\"@id\":\"http:\/\/www.palarasol.it\/fr\/#\/schema\/logo\/image\/\",\"url\":\"https:\/\/stagingpalara4.it\/wp-content\/uploads\/2015\/06\/logo.png\",\"contentUrl\":\"https:\/\/stagingpalara4.it\/wp-content\/uploads\/2015\/06\/logo.png\",\"width\":800,\"height\":189,\"caption\":\"Palara Gianluca & C. S.a.s\"},\"image\":{\"@id\":\"http:\/\/www.palarasol.it\/fr\/#\/schema\/logo\/image\/\"},\"sameAs\":[\"https:\/\/www.facebook.com\/palarasol\",\"https:\/\/x.com\/palarasol\"]}]}<\/script>\n<!-- \/ Yoast SEO plugin. -->","yoast_head_json":{"title":"Antibes 300x400\/8 cm - Palarasol","description":"Parasol d\u00e9port\u00e9 r\u00e9tractable structure couleur graphite, m\u00e2t et poign\u00e9e en alu, manivelle, inclinable, pivotant, pied en X, tissu PolyMa hydrofuge.","robots":{"index":"index","follow":"follow","max-snippet":"max-snippet:-1","max-image-preview":"max-image-preview:large","max-video-preview":"max-video-preview:-1"},"canonical":"https:\/\/www.palarasol.it\/fr\/shop\/parasols-fr\/antibes-300x400-8-cm\/","og_locale":"fr_FR","og_type":"article","og_title":"Antibes 300x400\/8 cm - Palarasol","og_description":"Parasol d\u00e9port\u00e9 r\u00e9tractable structure couleur graphite, m\u00e2t et poign\u00e9e en alu, manivelle, inclinable, pivotant, pied en X, tissu PolyMa hydrofuge.","og_url":"https:\/\/www.palarasol.it\/fr\/shop\/parasols-fr\/antibes-300x400-8-cm\/","og_site_name":"Palarasol","article_publisher":"https:\/\/www.facebook.com\/palarasol","article_modified_time":"2025-04-03T08:31:43+00:00","og_image":[{"width":2560,"height":1707,"url":"https:\/\/www.palarasol.it\/wp-content\/uploads\/2022\/06\/antibes-2-scaled.jpg","type":"image\/jpeg"}],"twitter_card":"summary_large_image","twitter_site":"@palarasol","twitter_misc":{"Dur\u00e9e de lecture estim\u00e9e":"1 minute"},"schema":{"@context":"https:\/\/schema.org","@graph":[{"@type":"WebPage","@id":"https:\/\/www.palarasol.it\/fr\/shop\/parasols-fr\/antibes-300x400-8-cm\/","url":"https:\/\/www.palarasol.it\/fr\/shop\/parasols-fr\/antibes-300x400-8-cm\/","name":"Antibes 300x400\/8 cm - Palarasol","isPartOf":{"@id":"http:\/\/www.palarasol.it\/fr\/#website"},"primaryImageOfPage":{"@id":"https:\/\/www.palarasol.it\/fr\/shop\/parasols-fr\/antibes-300x400-8-cm\/#primaryimage"},"image":{"@id":"https:\/\/www.palarasol.it\/fr\/shop\/parasols-fr\/antibes-300x400-8-cm\/#primaryimage"},"thumbnailUrl":"https:\/\/www.palarasol.it\/wp-content\/uploads\/2022\/06\/antibes_449R.jpg","datePublished":"2022-06-09T09:36:15+00:00","dateModified":"2025-04-03T08:31:43+00:00","description":"Parasol d\u00e9port\u00e9 r\u00e9tractable structure couleur graphite, m\u00e2t et poign\u00e9e en alu, manivelle, inclinable, pivotant, pied en X, tissu PolyMa hydrofuge.","breadcrumb":{"@id":"https:\/\/www.palarasol.it\/fr\/shop\/parasols-fr\/antibes-300x400-8-cm\/#breadcrumb"},"inLanguage":"fr-FR","potentialAction":[{"@type":"ReadAction","target":["https:\/\/www.palarasol.it\/fr\/shop\/parasols-fr\/antibes-300x400-8-cm\/"]}]},{"@type":"ImageObject","inLanguage":"fr-FR","@id":"https:\/\/www.palarasol.it\/fr\/shop\/parasols-fr\/antibes-300x400-8-cm\/#primaryimage","url":"https:\/\/www.palarasol.it\/wp-content\/uploads\/2022\/06\/antibes_449R.jpg","contentUrl":"https:\/\/www.palarasol.it\/wp-content\/uploads\/2022\/06\/antibes_449R.jpg","width":1200,"height":900,"caption":"antibes_449R"},{"@type":"BreadcrumbList","@id":"https:\/\/www.palarasol.it\/fr\/shop\/parasols-fr\/antibes-300x400-8-cm\/#breadcrumb","itemListElement":[{"@type":"ListItem","position":1,"name":"Home","item":"https:\/\/www.palarasol.it\/fr\/10073-2\/"},{"@type":"ListItem","position":2,"name":"Shop","item":"http:\/\/stagingpalara4.it\/negozio\/"},{"@type":"ListItem","position":3,"name":"Parasols grands d\u00e9port\u00e9s","item":"https:\/\/www.palarasol.it\/fr\/categorie-produit\/parasols-grands-deportes\/"},{"@type":"ListItem","position":4,"name":"Antibes 300&#215;400\/8 cm"}]},{"@type":"WebSite","@id":"http:\/\/www.palarasol.it\/fr\/#website","url":"http:\/\/www.palarasol.it\/fr\/","name":"Palarasol","description":"","publisher":{"@id":"http:\/\/www.palarasol.it\/fr\/#organization"},"potentialAction":[{"@type":"SearchAction","target":{"@type":"EntryPoint","urlTemplate":"http:\/\/www.palarasol.it\/fr\/?s={search_term_string}"},"query-input":{"@type":"PropertyValueSpecification","valueRequired":true,"valueName":"search_term_string"}}],"inLanguage":"fr-FR"},{"@type":"Organization","@id":"http:\/\/www.palarasol.it\/fr\/#organization","name":"Palara Gianluca & C. S.a.s","url":"http:\/\/www.palarasol.it\/fr\/","logo":{"@type":"ImageObject","inLanguage":"fr-FR","@id":"http:\/\/www.palarasol.it\/fr\/#\/schema\/logo\/image\/","url":"https:\/\/stagingpalara4.it\/wp-content\/uploads\/2015\/06\/logo.png","contentUrl":"https:\/\/stagingpalara4.it\/wp-content\/uploads\/2015\/06\/logo.png","width":800,"height":189,"caption":"Palara Gianluca & C. S.a.s"},"image":{"@id":"http:\/\/www.palarasol.it\/fr\/#\/schema\/logo\/image\/"},"sameAs":["https:\/\/www.facebook.com\/palarasol","https:\/\/x.com\/palarasol"]}]}},"_links":{"self":[{"href":"https:\/\/www.palarasol.it\/fr\/wp-json\/wp\/v2\/product\/77719","targetHints":{"allow":["GET"]}}],"collection":[{"href":"https:\/\/www.palarasol.it\/fr\/wp-json\/wp\/v2\/product"}],"about":[{"href":"https:\/\/www.palarasol.it\/fr\/wp-json\/wp\/v2\/types\/product"}],"version-history":[{"count":0,"href":"https:\/\/www.palarasol.it\/fr\/wp-json\/wp\/v2\/product\/77719\/revisions"}],"wp:featuredmedia":[{"embeddable":true,"href":"https:\/\/www.palarasol.it\/fr\/wp-json\/wp\/v2\/media\/85704"}],"wp:attachment":[{"href":"https:\/\/www.palarasol.it\/fr\/wp-json\/wp\/v2\/media?parent=77719"}],"wp:term":[{"taxonomy":"product_brand","embeddable":true,"href":"https:\/\/www.palarasol.it\/fr\/wp-json\/wp\/v2\/product_brand?post=77719"},{"taxonomy":"product_cat","embeddable":true,"href":"https:\/\/www.palarasol.it\/fr\/wp-json\/wp\/v2\/product_cat?post=77719"},{"taxonomy":"product_tag","embeddable":true,"href":"https:\/\/www.palarasol.it\/fr\/wp-json\/wp\/v2\/product_tag?post=77719"}],"curies":[{"name":"wp","href":"https:\/\/api.w.org\/{rel}","templated":true}]}}