{"id":80532,"date":"2025-03-20T08:46:39","date_gmt":"2025-03-20T07:46:39","guid":{"rendered":"https:\/\/www.palarasol.it\/?post_type=product&#038;p=80532"},"modified":"2025-03-24T08:57:06","modified_gmt":"2025-03-24T07:57:06","slug":"pixel-155x155-4","status":"publish","type":"product","link":"https:\/\/www.palarasol.it\/fr\/shop\/parasols-fr\/pixel-155x155-4\/","title":{"rendered":"Pixel 155&#215;155\/4"},"content":{"rendered":"<p>Pixel est une gamme de parasols design avec un tissu imprim\u00e9 num\u00e9rique, disponible en diff\u00e9rentes formes et tailles pour r\u00e9pondre \u00e0 divers besoins.<\/p>\n<p>Notre tissu acrylique imprim\u00e9 a \u00e9t\u00e9 sp\u00e9cifiquement con\u00e7u pour une utilisation en ext\u00e9rieur et a r\u00e9ussi le test de durabilit\u00e9 de 1500 heures conforme \u00e0 la norme am\u00e9ricaine.<\/p>\n<ul>\n<li>Poteaux de 22\/25 mm et baleines en acier peintes en graphite<\/li>\n<li>Ouverture manuelle<\/li>\n<li>Hauteur r\u00e9glable, rallonge avec vis<\/li>\n<\/ul>\n","protected":false},"excerpt":{"rendered":"<p>Art. 503Q &#8211; Maffei &#8211; cm 155&#215;155\/4<\/p>\n<p><a href=\"https:\/\/www.palarasol.it\/wp-content\/uploads\/2025\/03\/Immagine-2025-03-19-121628-1-300x149.jpg\"><img decoding=\"async\" class=\"alignnone size-medium wp-image-80618\" src=\"https:\/\/www.palarasol.it\/wp-content\/uploads\/2025\/03\/Immagine-2025-03-19-121628-1-300x149.jpg\" alt=\"\" width=\"300\" height=\"149\" srcset=\"https:\/\/www.palarasol.it\/wp-content\/uploads\/2025\/03\/Immagine-2025-03-19-121628-1-300x149.jpg 300w, https:\/\/www.palarasol.it\/wp-content\/uploads\/2025\/03\/Immagine-2025-03-19-121628-1.jpg 431w\" sizes=\"(max-width: 300px) 100vw, 300px\" \/><\/a><\/p>\n","protected":false},"featured_media":80539,"template":"","meta":{"_acf_changed":false,"_monsterinsights_skip_tracking":false,"_monsterinsights_sitenote_active":false,"_monsterinsights_sitenote_note":"","_monsterinsights_sitenote_category":0},"product_brand":[],"product_cat":[440],"product_tag":[],"class_list":{"0":"post-80532","1":"product","2":"type-product","3":"status-publish","4":"has-post-thumbnail","6":"product_cat-parasols-fr","8":"first","9":"instock","10":"shipping-taxable","11":"purchasable","12":"product-type-simple"},"acf":[],"yoast_head":"<!-- This site is optimized with the Yoast SEO plugin v27.2 - https:\/\/yoast.com\/product\/yoast-seo-wordpress\/ -->\n<title>Pixel 155x155\/4 - Palarasol<\/title>\n<meta name=\"description\" content=\"Pixel est une gamme de parasols design en tissu acrylique imprim\u00e9, r\u00e9sistant et adapt\u00e9 \u00e0 l&#039;ext\u00e9rieur, disponible en plusieurs formes et tailles.\" \/>\n<meta name=\"robots\" content=\"index, follow, max-snippet:-1, max-image-preview:large, max-video-preview:-1\" \/>\n<link rel=\"canonical\" href=\"https:\/\/www.palarasol.it\/fr\/shop\/parasols-fr\/pixel-155x155-4\/\" \/>\n<meta property=\"og:locale\" content=\"fr_FR\" \/>\n<meta property=\"og:type\" content=\"article\" \/>\n<meta property=\"og:title\" content=\"Pixel 155x155\/4 - Palarasol\" \/>\n<meta property=\"og:description\" content=\"Pixel est une gamme de parasols design en tissu acrylique imprim\u00e9, r\u00e9sistant et adapt\u00e9 \u00e0 l&#039;ext\u00e9rieur, disponible en plusieurs formes et tailles.\" \/>\n<meta property=\"og:url\" content=\"https:\/\/www.palarasol.it\/fr\/shop\/parasols-fr\/pixel-155x155-4\/\" \/>\n<meta property=\"og:site_name\" content=\"Palarasol\" \/>\n<meta property=\"article:publisher\" content=\"https:\/\/www.facebook.com\/palarasol\" \/>\n<meta property=\"article:modified_time\" content=\"2025-03-24T07:57:06+00:00\" \/>\n<meta property=\"og:image\" content=\"https:\/\/www.palarasol.it\/wp-content\/uploads\/2025\/03\/ART-503Q-LOW.jpg\" \/>\n\t<meta property=\"og:image:width\" content=\"1600\" \/>\n\t<meta property=\"og:image:height\" content=\"1200\" \/>\n\t<meta property=\"og:image:type\" content=\"image\/jpeg\" \/>\n<meta name=\"twitter:card\" content=\"summary_large_image\" \/>\n<meta name=\"twitter:site\" content=\"@palarasol\" \/>\n<meta name=\"twitter:label1\" content=\"Dur\u00e9e de lecture estim\u00e9e\" \/>\n\t<meta name=\"twitter:data1\" content=\"1 minute\" \/>\n<script type=\"application\/ld+json\" class=\"yoast-schema-graph\">{\"@context\":\"https:\/\/schema.org\",\"@graph\":[{\"@type\":\"WebPage\",\"@id\":\"https:\/\/www.palarasol.it\/fr\/shop\/parasols-fr\/pixel-155x155-4\/\",\"url\":\"https:\/\/www.palarasol.it\/fr\/shop\/parasols-fr\/pixel-155x155-4\/\",\"name\":\"Pixel 155x155\/4 - Palarasol\",\"isPartOf\":{\"@id\":\"http:\/\/www.palarasol.it\/fr\/#website\"},\"primaryImageOfPage\":{\"@id\":\"https:\/\/www.palarasol.it\/fr\/shop\/parasols-fr\/pixel-155x155-4\/#primaryimage\"},\"image\":{\"@id\":\"https:\/\/www.palarasol.it\/fr\/shop\/parasols-fr\/pixel-155x155-4\/#primaryimage\"},\"thumbnailUrl\":\"https:\/\/www.palarasol.it\/wp-content\/uploads\/2025\/03\/ART-503Q-LOW.jpg\",\"datePublished\":\"2025-03-20T07:46:39+00:00\",\"dateModified\":\"2025-03-24T07:57:06+00:00\",\"description\":\"Pixel est une gamme de parasols design en tissu acrylique imprim\u00e9, r\u00e9sistant et adapt\u00e9 \u00e0 l'ext\u00e9rieur, disponible en plusieurs formes et tailles.\",\"breadcrumb\":{\"@id\":\"https:\/\/www.palarasol.it\/fr\/shop\/parasols-fr\/pixel-155x155-4\/#breadcrumb\"},\"inLanguage\":\"fr-FR\",\"potentialAction\":[{\"@type\":\"ReadAction\",\"target\":[\"https:\/\/www.palarasol.it\/fr\/shop\/parasols-fr\/pixel-155x155-4\/\"]}]},{\"@type\":\"ImageObject\",\"inLanguage\":\"fr-FR\",\"@id\":\"https:\/\/www.palarasol.it\/fr\/shop\/parasols-fr\/pixel-155x155-4\/#primaryimage\",\"url\":\"https:\/\/www.palarasol.it\/wp-content\/uploads\/2025\/03\/ART-503Q-LOW.jpg\",\"contentUrl\":\"https:\/\/www.palarasol.it\/wp-content\/uploads\/2025\/03\/ART-503Q-LOW.jpg\",\"width\":1600,\"height\":1200},{\"@type\":\"BreadcrumbList\",\"@id\":\"https:\/\/www.palarasol.it\/fr\/shop\/parasols-fr\/pixel-155x155-4\/#breadcrumb\",\"itemListElement\":[{\"@type\":\"ListItem\",\"position\":1,\"name\":\"Home\",\"item\":\"https:\/\/www.palarasol.it\/fr\/10073-2\/\"},{\"@type\":\"ListItem\",\"position\":2,\"name\":\"Shop\",\"item\":\"http:\/\/stagingpalara4.it\/negozio\/\"},{\"@type\":\"ListItem\",\"position\":3,\"name\":\"Parasols\",\"item\":\"https:\/\/www.palarasol.it\/fr\/categorie-produit\/parasols-fr\/\"},{\"@type\":\"ListItem\",\"position\":4,\"name\":\"Pixel 155&#215;155\/4\"}]},{\"@type\":\"WebSite\",\"@id\":\"http:\/\/www.palarasol.it\/fr\/#website\",\"url\":\"http:\/\/www.palarasol.it\/fr\/\",\"name\":\"Palarasol\",\"description\":\"\",\"publisher\":{\"@id\":\"http:\/\/www.palarasol.it\/fr\/#organization\"},\"potentialAction\":[{\"@type\":\"SearchAction\",\"target\":{\"@type\":\"EntryPoint\",\"urlTemplate\":\"http:\/\/www.palarasol.it\/fr\/?s={search_term_string}\"},\"query-input\":{\"@type\":\"PropertyValueSpecification\",\"valueRequired\":true,\"valueName\":\"search_term_string\"}}],\"inLanguage\":\"fr-FR\"},{\"@type\":\"Organization\",\"@id\":\"http:\/\/www.palarasol.it\/fr\/#organization\",\"name\":\"Palara Gianluca & C. S.a.s\",\"url\":\"http:\/\/www.palarasol.it\/fr\/\",\"logo\":{\"@type\":\"ImageObject\",\"inLanguage\":\"fr-FR\",\"@id\":\"http:\/\/www.palarasol.it\/fr\/#\/schema\/logo\/image\/\",\"url\":\"https:\/\/stagingpalara4.it\/wp-content\/uploads\/2015\/06\/logo.png\",\"contentUrl\":\"https:\/\/stagingpalara4.it\/wp-content\/uploads\/2015\/06\/logo.png\",\"width\":800,\"height\":189,\"caption\":\"Palara Gianluca & C. S.a.s\"},\"image\":{\"@id\":\"http:\/\/www.palarasol.it\/fr\/#\/schema\/logo\/image\/\"},\"sameAs\":[\"https:\/\/www.facebook.com\/palarasol\",\"https:\/\/x.com\/palarasol\"]}]}<\/script>\n<!-- \/ Yoast SEO plugin. -->","yoast_head_json":{"title":"Pixel 155x155\/4 - Palarasol","description":"Pixel est une gamme de parasols design en tissu acrylique imprim\u00e9, r\u00e9sistant et adapt\u00e9 \u00e0 l'ext\u00e9rieur, disponible en plusieurs formes et tailles.","robots":{"index":"index","follow":"follow","max-snippet":"max-snippet:-1","max-image-preview":"max-image-preview:large","max-video-preview":"max-video-preview:-1"},"canonical":"https:\/\/www.palarasol.it\/fr\/shop\/parasols-fr\/pixel-155x155-4\/","og_locale":"fr_FR","og_type":"article","og_title":"Pixel 155x155\/4 - Palarasol","og_description":"Pixel est une gamme de parasols design en tissu acrylique imprim\u00e9, r\u00e9sistant et adapt\u00e9 \u00e0 l'ext\u00e9rieur, disponible en plusieurs formes et tailles.","og_url":"https:\/\/www.palarasol.it\/fr\/shop\/parasols-fr\/pixel-155x155-4\/","og_site_name":"Palarasol","article_publisher":"https:\/\/www.facebook.com\/palarasol","article_modified_time":"2025-03-24T07:57:06+00:00","og_image":[{"width":1600,"height":1200,"url":"https:\/\/www.palarasol.it\/wp-content\/uploads\/2025\/03\/ART-503Q-LOW.jpg","type":"image\/jpeg"}],"twitter_card":"summary_large_image","twitter_site":"@palarasol","twitter_misc":{"Dur\u00e9e de lecture estim\u00e9e":"1 minute"},"schema":{"@context":"https:\/\/schema.org","@graph":[{"@type":"WebPage","@id":"https:\/\/www.palarasol.it\/fr\/shop\/parasols-fr\/pixel-155x155-4\/","url":"https:\/\/www.palarasol.it\/fr\/shop\/parasols-fr\/pixel-155x155-4\/","name":"Pixel 155x155\/4 - Palarasol","isPartOf":{"@id":"http:\/\/www.palarasol.it\/fr\/#website"},"primaryImageOfPage":{"@id":"https:\/\/www.palarasol.it\/fr\/shop\/parasols-fr\/pixel-155x155-4\/#primaryimage"},"image":{"@id":"https:\/\/www.palarasol.it\/fr\/shop\/parasols-fr\/pixel-155x155-4\/#primaryimage"},"thumbnailUrl":"https:\/\/www.palarasol.it\/wp-content\/uploads\/2025\/03\/ART-503Q-LOW.jpg","datePublished":"2025-03-20T07:46:39+00:00","dateModified":"2025-03-24T07:57:06+00:00","description":"Pixel est une gamme de parasols design en tissu acrylique imprim\u00e9, r\u00e9sistant et adapt\u00e9 \u00e0 l'ext\u00e9rieur, disponible en plusieurs formes et tailles.","breadcrumb":{"@id":"https:\/\/www.palarasol.it\/fr\/shop\/parasols-fr\/pixel-155x155-4\/#breadcrumb"},"inLanguage":"fr-FR","potentialAction":[{"@type":"ReadAction","target":["https:\/\/www.palarasol.it\/fr\/shop\/parasols-fr\/pixel-155x155-4\/"]}]},{"@type":"ImageObject","inLanguage":"fr-FR","@id":"https:\/\/www.palarasol.it\/fr\/shop\/parasols-fr\/pixel-155x155-4\/#primaryimage","url":"https:\/\/www.palarasol.it\/wp-content\/uploads\/2025\/03\/ART-503Q-LOW.jpg","contentUrl":"https:\/\/www.palarasol.it\/wp-content\/uploads\/2025\/03\/ART-503Q-LOW.jpg","width":1600,"height":1200},{"@type":"BreadcrumbList","@id":"https:\/\/www.palarasol.it\/fr\/shop\/parasols-fr\/pixel-155x155-4\/#breadcrumb","itemListElement":[{"@type":"ListItem","position":1,"name":"Home","item":"https:\/\/www.palarasol.it\/fr\/10073-2\/"},{"@type":"ListItem","position":2,"name":"Shop","item":"http:\/\/stagingpalara4.it\/negozio\/"},{"@type":"ListItem","position":3,"name":"Parasols","item":"https:\/\/www.palarasol.it\/fr\/categorie-produit\/parasols-fr\/"},{"@type":"ListItem","position":4,"name":"Pixel 155&#215;155\/4"}]},{"@type":"WebSite","@id":"http:\/\/www.palarasol.it\/fr\/#website","url":"http:\/\/www.palarasol.it\/fr\/","name":"Palarasol","description":"","publisher":{"@id":"http:\/\/www.palarasol.it\/fr\/#organization"},"potentialAction":[{"@type":"SearchAction","target":{"@type":"EntryPoint","urlTemplate":"http:\/\/www.palarasol.it\/fr\/?s={search_term_string}"},"query-input":{"@type":"PropertyValueSpecification","valueRequired":true,"valueName":"search_term_string"}}],"inLanguage":"fr-FR"},{"@type":"Organization","@id":"http:\/\/www.palarasol.it\/fr\/#organization","name":"Palara Gianluca & C. S.a.s","url":"http:\/\/www.palarasol.it\/fr\/","logo":{"@type":"ImageObject","inLanguage":"fr-FR","@id":"http:\/\/www.palarasol.it\/fr\/#\/schema\/logo\/image\/","url":"https:\/\/stagingpalara4.it\/wp-content\/uploads\/2015\/06\/logo.png","contentUrl":"https:\/\/stagingpalara4.it\/wp-content\/uploads\/2015\/06\/logo.png","width":800,"height":189,"caption":"Palara Gianluca & C. S.a.s"},"image":{"@id":"http:\/\/www.palarasol.it\/fr\/#\/schema\/logo\/image\/"},"sameAs":["https:\/\/www.facebook.com\/palarasol","https:\/\/x.com\/palarasol"]}]}},"_links":{"self":[{"href":"https:\/\/www.palarasol.it\/fr\/wp-json\/wp\/v2\/product\/80532","targetHints":{"allow":["GET"]}}],"collection":[{"href":"https:\/\/www.palarasol.it\/fr\/wp-json\/wp\/v2\/product"}],"about":[{"href":"https:\/\/www.palarasol.it\/fr\/wp-json\/wp\/v2\/types\/product"}],"version-history":[{"count":0,"href":"https:\/\/www.palarasol.it\/fr\/wp-json\/wp\/v2\/product\/80532\/revisions"}],"wp:featuredmedia":[{"embeddable":true,"href":"https:\/\/www.palarasol.it\/fr\/wp-json\/wp\/v2\/media\/80539"}],"wp:attachment":[{"href":"https:\/\/www.palarasol.it\/fr\/wp-json\/wp\/v2\/media?parent=80532"}],"wp:term":[{"taxonomy":"product_brand","embeddable":true,"href":"https:\/\/www.palarasol.it\/fr\/wp-json\/wp\/v2\/product_brand?post=80532"},{"taxonomy":"product_cat","embeddable":true,"href":"https:\/\/www.palarasol.it\/fr\/wp-json\/wp\/v2\/product_cat?post=80532"},{"taxonomy":"product_tag","embeddable":true,"href":"https:\/\/www.palarasol.it\/fr\/wp-json\/wp\/v2\/product_tag?post=80532"}],"curies":[{"name":"wp","href":"https:\/\/api.w.org\/{rel}","templated":true}]}}