{"id":80771,"date":"2025-03-21T09:08:06","date_gmt":"2025-03-21T08:08:06","guid":{"rendered":"https:\/\/www.palarasol.it\/?post_type=product&#038;p=80771"},"modified":"2025-03-24T11:17:43","modified_gmt":"2025-03-24T10:17:43","slug":"trend-240x240-4","status":"publish","type":"product","link":"https:\/\/www.palarasol.it\/fr\/shop\/parasols-design-fr\/trend-240x240-4\/","title":{"rendered":"Trend 240&#215;240\/4"},"content":{"rendered":"<p>Parasol design, moderne, pratique, de taille moyenne avec une structure de couleur graphite. L&rsquo;ouverture est manuelle et offre \u00e0 la fois un r\u00e9glage en hauteur et une inclinaison. Le tissu PolyMa fourni offre une excellente protection solaire.<\/p>\n<p>TISSU : PolyMa polyester 210 g\/m\u00b2, d\u00e9perlant, antimicrobien, protection UV 50+, r\u00e9sistance des couleurs 6+. TexMa Olefin 190 g\/m\u00b2, teint dans la masse, d\u00e9perlant, antimicrobien, protection UV 50+, r\u00e9sistance des couleurs 7. Le tissu TexMa peut \u00eatre utilis\u00e9 pour certaines couleurs sp\u00e9ciales. (T).<\/p>\n<p>STRUCTURE : Poteaux en aluminium 38\/35 mm, baleines en acier, joint en m\u00e9tal, ouverture manuelle, hauteur r\u00e9glable, rallonge avec vis.<\/p>\n","protected":false},"excerpt":{"rendered":"<p>Art 455Q\u00a0 Trend Maffei 240&#215;240\/4<\/p>\n<p>&nbsp;<\/p>\n<p><a href=\"https:\/\/www.palarasol.it\/wp-content\/uploads\/2025\/03\/Immagine-2025-03-21-095207-6-300x146.jpg\"><img decoding=\"async\" class=\"alignnone size-medium wp-image-81403\" src=\"https:\/\/www.palarasol.it\/wp-content\/uploads\/2025\/03\/Immagine-2025-03-21-095207-6-300x146.jpg\" alt=\"\" width=\"300\" height=\"146\" srcset=\"https:\/\/www.palarasol.it\/wp-content\/uploads\/2025\/03\/Immagine-2025-03-21-095207-6-300x146.jpg 300w, https:\/\/www.palarasol.it\/wp-content\/uploads\/2025\/03\/Immagine-2025-03-21-095207-6.jpg 411w\" sizes=\"(max-width: 300px) 100vw, 300px\" \/><\/a><\/p>\n","protected":false},"featured_media":80957,"template":"","meta":{"_acf_changed":false,"_monsterinsights_skip_tracking":false,"_monsterinsights_sitenote_active":false,"_monsterinsights_sitenote_note":"","_monsterinsights_sitenote_category":0},"product_brand":[],"product_cat":[440,434],"product_tag":[436,445,446,747,435,551,852,437,438],"class_list":{"0":"post-80771","1":"product","2":"type-product","3":"status-publish","4":"has-post-thumbnail","6":"product_cat-parasols-fr","7":"product_cat-parasols-design-fr","8":"product_tag-fabrique-en-italie","9":"product_tag-grands","10":"product_tag-impermeable","11":"product_tag-parapluies-maffei","12":"product_tag-parasol-fr","13":"product_tag-parasol-jardin","14":"product_tag-parasols-grands-deportes-fr","15":"product_tag-polyester-fr","16":"product_tag-protection-uv","18":"first","19":"instock","20":"shipping-taxable","21":"purchasable","22":"product-type-variable"},"acf":[],"yoast_head":"<!-- This site is optimized with the Yoast SEO plugin v27.5 - https:\/\/yoast.com\/product\/yoast-seo-wordpress\/ -->\n<title>Trend 240x240\/4 - Palarasol<\/title>\n<meta name=\"description\" content=\"Parasol moderne de taille moyenne avec structure en graphite, ouverture manuelle, r\u00e9glage en hauteur et inclinaison, et tissu PolyMa.\" \/>\n<meta name=\"robots\" content=\"index, follow, max-snippet:-1, max-image-preview:large, max-video-preview:-1\" \/>\n<link rel=\"canonical\" href=\"https:\/\/www.palarasol.it\/fr\/shop\/parasols-design-fr\/trend-240x240-4\/\" \/>\n<meta property=\"og:locale\" content=\"fr_FR\" \/>\n<meta property=\"og:type\" content=\"article\" \/>\n<meta property=\"og:title\" content=\"Trend 240x240\/4 - Palarasol\" \/>\n<meta property=\"og:description\" content=\"Parasol moderne de taille moyenne avec structure en graphite, ouverture manuelle, r\u00e9glage en hauteur et inclinaison, et tissu PolyMa.\" \/>\n<meta property=\"og:url\" content=\"https:\/\/www.palarasol.it\/fr\/shop\/parasols-design-fr\/trend-240x240-4\/\" \/>\n<meta property=\"og:site_name\" content=\"Palarasol\" \/>\n<meta property=\"article:publisher\" content=\"https:\/\/www.facebook.com\/palarasol\" \/>\n<meta property=\"article:modified_time\" content=\"2025-03-24T10:17:43+00:00\" \/>\n<meta property=\"og:image\" content=\"https:\/\/www.palarasol.it\/wp-content\/uploads\/2025\/03\/ART-455Q-scaled.jpg\" \/>\n\t<meta property=\"og:image:width\" content=\"2560\" \/>\n\t<meta property=\"og:image:height\" content=\"1920\" \/>\n\t<meta property=\"og:image:type\" content=\"image\/jpeg\" \/>\n<meta name=\"twitter:card\" content=\"summary_large_image\" \/>\n<meta name=\"twitter:site\" content=\"@palarasol\" \/>\n<meta name=\"twitter:label1\" content=\"Dur\u00e9e de lecture estim\u00e9e\" \/>\n\t<meta name=\"twitter:data1\" content=\"1 minute\" \/>\n<script type=\"application\/ld+json\" class=\"yoast-schema-graph\">{\"@context\":\"https:\\\/\\\/schema.org\",\"@graph\":[{\"@type\":\"WebPage\",\"@id\":\"https:\\\/\\\/www.palarasol.it\\\/fr\\\/shop\\\/parasols-design-fr\\\/trend-240x240-4\\\/\",\"url\":\"https:\\\/\\\/www.palarasol.it\\\/fr\\\/shop\\\/parasols-design-fr\\\/trend-240x240-4\\\/\",\"name\":\"Trend 240x240\\\/4 - Palarasol\",\"isPartOf\":{\"@id\":\"http:\\\/\\\/www.palarasol.it\\\/fr\\\/#website\"},\"primaryImageOfPage\":{\"@id\":\"https:\\\/\\\/www.palarasol.it\\\/fr\\\/shop\\\/parasols-design-fr\\\/trend-240x240-4\\\/#primaryimage\"},\"image\":{\"@id\":\"https:\\\/\\\/www.palarasol.it\\\/fr\\\/shop\\\/parasols-design-fr\\\/trend-240x240-4\\\/#primaryimage\"},\"thumbnailUrl\":\"https:\\\/\\\/www.palarasol.it\\\/wp-content\\\/uploads\\\/2025\\\/03\\\/ART-455Q-scaled.jpg\",\"datePublished\":\"2025-03-21T08:08:06+00:00\",\"dateModified\":\"2025-03-24T10:17:43+00:00\",\"description\":\"Parasol moderne de taille moyenne avec structure en graphite, ouverture manuelle, r\u00e9glage en hauteur et inclinaison, et tissu PolyMa.\",\"breadcrumb\":{\"@id\":\"https:\\\/\\\/www.palarasol.it\\\/fr\\\/shop\\\/parasols-design-fr\\\/trend-240x240-4\\\/#breadcrumb\"},\"inLanguage\":\"fr-FR\",\"potentialAction\":[{\"@type\":\"ReadAction\",\"target\":[\"https:\\\/\\\/www.palarasol.it\\\/fr\\\/shop\\\/parasols-design-fr\\\/trend-240x240-4\\\/\"]}]},{\"@type\":\"ImageObject\",\"inLanguage\":\"fr-FR\",\"@id\":\"https:\\\/\\\/www.palarasol.it\\\/fr\\\/shop\\\/parasols-design-fr\\\/trend-240x240-4\\\/#primaryimage\",\"url\":\"https:\\\/\\\/www.palarasol.it\\\/wp-content\\\/uploads\\\/2025\\\/03\\\/ART-455Q-scaled.jpg\",\"contentUrl\":\"https:\\\/\\\/www.palarasol.it\\\/wp-content\\\/uploads\\\/2025\\\/03\\\/ART-455Q-scaled.jpg\",\"width\":2560,\"height\":1920},{\"@type\":\"BreadcrumbList\",\"@id\":\"https:\\\/\\\/www.palarasol.it\\\/fr\\\/shop\\\/parasols-design-fr\\\/trend-240x240-4\\\/#breadcrumb\",\"itemListElement\":[{\"@type\":\"ListItem\",\"position\":1,\"name\":\"Home\",\"item\":\"https:\\\/\\\/www.palarasol.it\\\/fr\\\/10073-2\\\/\"},{\"@type\":\"ListItem\",\"position\":2,\"name\":\"Shop\",\"item\":\"http:\\\/\\\/stagingpalara4.it\\\/negozio\\\/\"},{\"@type\":\"ListItem\",\"position\":3,\"name\":\"Parasols\",\"item\":\"https:\\\/\\\/www.palarasol.it\\\/fr\\\/categorie-produit\\\/parasols-fr\\\/\"},{\"@type\":\"ListItem\",\"position\":4,\"name\":\"Trend 240&#215;240\\\/4\"}]},{\"@type\":\"WebSite\",\"@id\":\"http:\\\/\\\/www.palarasol.it\\\/fr\\\/#website\",\"url\":\"http:\\\/\\\/www.palarasol.it\\\/fr\\\/\",\"name\":\"Palarasol\",\"description\":\"\",\"publisher\":{\"@id\":\"http:\\\/\\\/www.palarasol.it\\\/fr\\\/#organization\"},\"potentialAction\":[{\"@type\":\"SearchAction\",\"target\":{\"@type\":\"EntryPoint\",\"urlTemplate\":\"http:\\\/\\\/www.palarasol.it\\\/fr\\\/?s={search_term_string}\"},\"query-input\":{\"@type\":\"PropertyValueSpecification\",\"valueRequired\":true,\"valueName\":\"search_term_string\"}}],\"inLanguage\":\"fr-FR\"},{\"@type\":\"Organization\",\"@id\":\"http:\\\/\\\/www.palarasol.it\\\/fr\\\/#organization\",\"name\":\"Palara Gianluca & C. S.a.s\",\"url\":\"http:\\\/\\\/www.palarasol.it\\\/fr\\\/\",\"logo\":{\"@type\":\"ImageObject\",\"inLanguage\":\"fr-FR\",\"@id\":\"http:\\\/\\\/www.palarasol.it\\\/fr\\\/#\\\/schema\\\/logo\\\/image\\\/\",\"url\":\"https:\\\/\\\/stagingpalara4.it\\\/wp-content\\\/uploads\\\/2015\\\/06\\\/logo.png\",\"contentUrl\":\"https:\\\/\\\/stagingpalara4.it\\\/wp-content\\\/uploads\\\/2015\\\/06\\\/logo.png\",\"width\":800,\"height\":189,\"caption\":\"Palara Gianluca & C. S.a.s\"},\"image\":{\"@id\":\"http:\\\/\\\/www.palarasol.it\\\/fr\\\/#\\\/schema\\\/logo\\\/image\\\/\"},\"sameAs\":[\"https:\\\/\\\/www.facebook.com\\\/palarasol\",\"https:\\\/\\\/x.com\\\/palarasol\"]}]}<\/script>\n<!-- \/ Yoast SEO plugin. -->","yoast_head_json":{"title":"Trend 240x240\/4 - Palarasol","description":"Parasol moderne de taille moyenne avec structure en graphite, ouverture manuelle, r\u00e9glage en hauteur et inclinaison, et tissu PolyMa.","robots":{"index":"index","follow":"follow","max-snippet":"max-snippet:-1","max-image-preview":"max-image-preview:large","max-video-preview":"max-video-preview:-1"},"canonical":"https:\/\/www.palarasol.it\/fr\/shop\/parasols-design-fr\/trend-240x240-4\/","og_locale":"fr_FR","og_type":"article","og_title":"Trend 240x240\/4 - Palarasol","og_description":"Parasol moderne de taille moyenne avec structure en graphite, ouverture manuelle, r\u00e9glage en hauteur et inclinaison, et tissu PolyMa.","og_url":"https:\/\/www.palarasol.it\/fr\/shop\/parasols-design-fr\/trend-240x240-4\/","og_site_name":"Palarasol","article_publisher":"https:\/\/www.facebook.com\/palarasol","article_modified_time":"2025-03-24T10:17:43+00:00","og_image":[{"width":2560,"height":1920,"url":"https:\/\/www.palarasol.it\/wp-content\/uploads\/2025\/03\/ART-455Q-scaled.jpg","type":"image\/jpeg"}],"twitter_card":"summary_large_image","twitter_site":"@palarasol","twitter_misc":{"Dur\u00e9e de lecture estim\u00e9e":"1 minute"},"schema":{"@context":"https:\/\/schema.org","@graph":[{"@type":"WebPage","@id":"https:\/\/www.palarasol.it\/fr\/shop\/parasols-design-fr\/trend-240x240-4\/","url":"https:\/\/www.palarasol.it\/fr\/shop\/parasols-design-fr\/trend-240x240-4\/","name":"Trend 240x240\/4 - Palarasol","isPartOf":{"@id":"http:\/\/www.palarasol.it\/fr\/#website"},"primaryImageOfPage":{"@id":"https:\/\/www.palarasol.it\/fr\/shop\/parasols-design-fr\/trend-240x240-4\/#primaryimage"},"image":{"@id":"https:\/\/www.palarasol.it\/fr\/shop\/parasols-design-fr\/trend-240x240-4\/#primaryimage"},"thumbnailUrl":"https:\/\/www.palarasol.it\/wp-content\/uploads\/2025\/03\/ART-455Q-scaled.jpg","datePublished":"2025-03-21T08:08:06+00:00","dateModified":"2025-03-24T10:17:43+00:00","description":"Parasol moderne de taille moyenne avec structure en graphite, ouverture manuelle, r\u00e9glage en hauteur et inclinaison, et tissu PolyMa.","breadcrumb":{"@id":"https:\/\/www.palarasol.it\/fr\/shop\/parasols-design-fr\/trend-240x240-4\/#breadcrumb"},"inLanguage":"fr-FR","potentialAction":[{"@type":"ReadAction","target":["https:\/\/www.palarasol.it\/fr\/shop\/parasols-design-fr\/trend-240x240-4\/"]}]},{"@type":"ImageObject","inLanguage":"fr-FR","@id":"https:\/\/www.palarasol.it\/fr\/shop\/parasols-design-fr\/trend-240x240-4\/#primaryimage","url":"https:\/\/www.palarasol.it\/wp-content\/uploads\/2025\/03\/ART-455Q-scaled.jpg","contentUrl":"https:\/\/www.palarasol.it\/wp-content\/uploads\/2025\/03\/ART-455Q-scaled.jpg","width":2560,"height":1920},{"@type":"BreadcrumbList","@id":"https:\/\/www.palarasol.it\/fr\/shop\/parasols-design-fr\/trend-240x240-4\/#breadcrumb","itemListElement":[{"@type":"ListItem","position":1,"name":"Home","item":"https:\/\/www.palarasol.it\/fr\/10073-2\/"},{"@type":"ListItem","position":2,"name":"Shop","item":"http:\/\/stagingpalara4.it\/negozio\/"},{"@type":"ListItem","position":3,"name":"Parasols","item":"https:\/\/www.palarasol.it\/fr\/categorie-produit\/parasols-fr\/"},{"@type":"ListItem","position":4,"name":"Trend 240&#215;240\/4"}]},{"@type":"WebSite","@id":"http:\/\/www.palarasol.it\/fr\/#website","url":"http:\/\/www.palarasol.it\/fr\/","name":"Palarasol","description":"","publisher":{"@id":"http:\/\/www.palarasol.it\/fr\/#organization"},"potentialAction":[{"@type":"SearchAction","target":{"@type":"EntryPoint","urlTemplate":"http:\/\/www.palarasol.it\/fr\/?s={search_term_string}"},"query-input":{"@type":"PropertyValueSpecification","valueRequired":true,"valueName":"search_term_string"}}],"inLanguage":"fr-FR"},{"@type":"Organization","@id":"http:\/\/www.palarasol.it\/fr\/#organization","name":"Palara Gianluca & C. S.a.s","url":"http:\/\/www.palarasol.it\/fr\/","logo":{"@type":"ImageObject","inLanguage":"fr-FR","@id":"http:\/\/www.palarasol.it\/fr\/#\/schema\/logo\/image\/","url":"https:\/\/stagingpalara4.it\/wp-content\/uploads\/2015\/06\/logo.png","contentUrl":"https:\/\/stagingpalara4.it\/wp-content\/uploads\/2015\/06\/logo.png","width":800,"height":189,"caption":"Palara Gianluca & C. S.a.s"},"image":{"@id":"http:\/\/www.palarasol.it\/fr\/#\/schema\/logo\/image\/"},"sameAs":["https:\/\/www.facebook.com\/palarasol","https:\/\/x.com\/palarasol"]}]}},"_links":{"self":[{"href":"https:\/\/www.palarasol.it\/fr\/wp-json\/wp\/v2\/product\/80771","targetHints":{"allow":["GET"]}}],"collection":[{"href":"https:\/\/www.palarasol.it\/fr\/wp-json\/wp\/v2\/product"}],"about":[{"href":"https:\/\/www.palarasol.it\/fr\/wp-json\/wp\/v2\/types\/product"}],"version-history":[{"count":0,"href":"https:\/\/www.palarasol.it\/fr\/wp-json\/wp\/v2\/product\/80771\/revisions"}],"wp:featuredmedia":[{"embeddable":true,"href":"https:\/\/www.palarasol.it\/fr\/wp-json\/wp\/v2\/media\/80957"}],"wp:attachment":[{"href":"https:\/\/www.palarasol.it\/fr\/wp-json\/wp\/v2\/media?parent=80771"}],"wp:term":[{"taxonomy":"product_brand","embeddable":true,"href":"https:\/\/www.palarasol.it\/fr\/wp-json\/wp\/v2\/product_brand?post=80771"},{"taxonomy":"product_cat","embeddable":true,"href":"https:\/\/www.palarasol.it\/fr\/wp-json\/wp\/v2\/product_cat?post=80771"},{"taxonomy":"product_tag","embeddable":true,"href":"https:\/\/www.palarasol.it\/fr\/wp-json\/wp\/v2\/product_tag?post=80771"}],"curies":[{"name":"wp","href":"https:\/\/api.w.org\/{rel}","templated":true}]}}