{"id":81633,"date":"2025-03-25T08:43:30","date_gmt":"2025-03-25T07:43:30","guid":{"rendered":"https:\/\/www.palarasol.it\/?post_type=product&#038;p=81633"},"modified":"2025-07-23T12:07:32","modified_gmt":"2025-07-23T10:07:32","slug":"trend-300x200-4","status":"publish","type":"product","link":"https:\/\/www.palarasol.it\/fr\/shop\/parasols-fr\/trend-300x200-4\/","title":{"rendered":"Tendance 300&#215;200\/4"},"content":{"rendered":"<p>Parapluie lat\u00e9ral compact et r\u00e9tractable avec structure en graphite, ouverture sans cordon ni manivelle, pivotant, base en forme de T.<\/p>\n<p>TISSU : PolyMa polyester gr 210 m2, d\u00e9perlant, anti-moisissure, protection UV 50+, solidit\u00e9 des couleurs 6+. TexMa Olefin gr 190 m2, teint\u00e9 dans la masse, hydrofuge, anti-moisissure, protection UV 50+, solidit\u00e9 des couleurs 7. Le tissu TexMa peut \u00eatre utilis\u00e9 pour certaines couleurs sp\u00e9ciales. (T).<\/p>\n<p>STRUCTURE : m\u00e2t en aluminium 50&#215;78 mm, tiges en acier, poign\u00e9e d&rsquo;ouverture en aluminium avec dispositif de s\u00e9curit\u00e9, base en T avec syst\u00e8me de rotation \u00e0 360\u00b0. Syst\u00e8me d\u2019ouverture exclusivit\u00e9 Maffei sans cordes ni manivelles La base peut \u00eatre plac\u00e9e devant ou derri\u00e8re le poteau et peut \u00eatre \u00e9quip\u00e9e de roues.<\/p>\n","protected":false},"excerpt":{"rendered":"<p>Art 457R Tendance Maffei cm 300&#215;200\/4<\/p>\n<p><a href=\"https:\/\/www.palarasol.it\/wp-content\/uploads\/2025\/03\/Senza-titolo-1-300x200.png\"><img fetchpriority=\"high\" decoding=\"async\" class=\"alignnone size-medium wp-image-81635\" src=\"https:\/\/www.palarasol.it\/wp-content\/uploads\/2025\/03\/Senza-titolo-1-300x200.png\" alt=\"\" width=\"300\" height=\"200\" srcset=\"https:\/\/www.palarasol.it\/wp-content\/uploads\/2025\/03\/Senza-titolo-1-300x200.png 300w, https:\/\/www.palarasol.it\/wp-content\/uploads\/2025\/03\/Senza-titolo-1-1024x683.png 1024w, https:\/\/www.palarasol.it\/wp-content\/uploads\/2025\/03\/Senza-titolo-1-768x512.png 768w, https:\/\/www.palarasol.it\/wp-content\/uploads\/2025\/03\/Senza-titolo-1-600x400.png 600w, https:\/\/www.palarasol.it\/wp-content\/uploads\/2025\/03\/Senza-titolo-1.png 1200w\" sizes=\"(max-width: 300px) 100vw, 300px\" \/><\/a><\/p>\n<p>&nbsp;<\/p>\n","protected":false},"featured_media":81736,"template":"","meta":{"_acf_changed":false,"_monsterinsights_skip_tracking":false,"_monsterinsights_sitenote_active":false,"_monsterinsights_sitenote_note":"","_monsterinsights_sitenote_category":0},"product_brand":[],"product_cat":[440,467],"product_tag":[436,445,446,747,435,551,852,437,438],"class_list":{"0":"post-81633","1":"product","2":"type-product","3":"status-publish","4":"has-post-thumbnail","6":"product_cat-parasols-fr","7":"product_cat-parasols-grands-deportes","8":"product_tag-fabrique-en-italie","9":"product_tag-grands","10":"product_tag-impermeable","11":"product_tag-parapluies-maffei","12":"product_tag-parasol-fr","13":"product_tag-parasol-jardin","14":"product_tag-parasols-grands-deportes-fr","15":"product_tag-polyester-fr","16":"product_tag-protection-uv","18":"first","19":"instock","20":"shipping-taxable","21":"purchasable","22":"product-type-variable"},"acf":[],"yoast_head":"<!-- This site is optimized with the Yoast SEO plugin v27.5 - https:\/\/yoast.com\/product\/yoast-seo-wordpress\/ -->\n<title>Tendance 300x200\/4 - %.<\/title>\n<meta name=\"description\" content=\"Parasols design compacts et r\u00e9tractables avec armature de couleur graphite, ouverture sans cordon et\/ou manivelle, pivotant, base en forme de T.\" \/>\n<meta name=\"robots\" content=\"index, follow, max-snippet:-1, max-image-preview:large, max-video-preview:-1\" \/>\n<link rel=\"canonical\" href=\"https:\/\/www.palarasol.it\/fr\/shop\/parasols-fr\/trend-300x200-4\/\" \/>\n<meta property=\"og:locale\" content=\"fr_FR\" \/>\n<meta property=\"og:type\" content=\"article\" \/>\n<meta property=\"og:title\" content=\"Tendance 300x200\/4 - %.\" \/>\n<meta property=\"og:description\" content=\"Parasols design compacts et r\u00e9tractables avec armature de couleur graphite, ouverture sans cordon et\/ou manivelle, pivotant, base en forme de T.\" \/>\n<meta property=\"og:url\" content=\"https:\/\/www.palarasol.it\/fr\/shop\/parasols-fr\/trend-300x200-4\/\" \/>\n<meta property=\"og:site_name\" content=\"Palarasol\" \/>\n<meta property=\"article:publisher\" content=\"https:\/\/www.facebook.com\/palarasol\" \/>\n<meta property=\"article:modified_time\" content=\"2025-07-23T10:07:32+00:00\" \/>\n<meta property=\"og:image\" content=\"https:\/\/www.palarasol.it\/wp-content\/uploads\/2025\/03\/1-1-1024x768.png\" \/>\n\t<meta property=\"og:image:width\" content=\"1024\" \/>\n\t<meta property=\"og:image:height\" content=\"768\" \/>\n\t<meta property=\"og:image:type\" content=\"image\/png\" \/>\n<meta name=\"twitter:card\" content=\"summary_large_image\" \/>\n<meta name=\"twitter:site\" content=\"@palarasol\" \/>\n<meta name=\"twitter:label1\" content=\"Dur\u00e9e de lecture estim\u00e9e\" \/>\n\t<meta name=\"twitter:data1\" content=\"1 minute\" \/>\n<script type=\"application\/ld+json\" class=\"yoast-schema-graph\">{\"@context\":\"https:\\\/\\\/schema.org\",\"@graph\":[{\"@type\":\"WebPage\",\"@id\":\"https:\\\/\\\/www.palarasol.it\\\/fr\\\/shop\\\/parasols-fr\\\/trend-300x200-4\\\/\",\"url\":\"https:\\\/\\\/www.palarasol.it\\\/fr\\\/shop\\\/parasols-fr\\\/trend-300x200-4\\\/\",\"name\":\"Tendance 300x200\\\/4 - %.\",\"isPartOf\":{\"@id\":\"http:\\\/\\\/www.palarasol.it\\\/fr\\\/#website\"},\"primaryImageOfPage\":{\"@id\":\"https:\\\/\\\/www.palarasol.it\\\/fr\\\/shop\\\/parasols-fr\\\/trend-300x200-4\\\/#primaryimage\"},\"image\":{\"@id\":\"https:\\\/\\\/www.palarasol.it\\\/fr\\\/shop\\\/parasols-fr\\\/trend-300x200-4\\\/#primaryimage\"},\"thumbnailUrl\":\"https:\\\/\\\/www.palarasol.it\\\/wp-content\\\/uploads\\\/2025\\\/03\\\/1-1.png\",\"datePublished\":\"2025-03-25T07:43:30+00:00\",\"dateModified\":\"2025-07-23T10:07:32+00:00\",\"description\":\"Parasols design compacts et r\u00e9tractables avec armature de couleur graphite, ouverture sans cordon et\\\/ou manivelle, pivotant, base en forme de T.\",\"breadcrumb\":{\"@id\":\"https:\\\/\\\/www.palarasol.it\\\/fr\\\/shop\\\/parasols-fr\\\/trend-300x200-4\\\/#breadcrumb\"},\"inLanguage\":\"fr-FR\",\"potentialAction\":[{\"@type\":\"ReadAction\",\"target\":[\"https:\\\/\\\/www.palarasol.it\\\/fr\\\/shop\\\/parasols-fr\\\/trend-300x200-4\\\/\"]}]},{\"@type\":\"ImageObject\",\"inLanguage\":\"fr-FR\",\"@id\":\"https:\\\/\\\/www.palarasol.it\\\/fr\\\/shop\\\/parasols-fr\\\/trend-300x200-4\\\/#primaryimage\",\"url\":\"https:\\\/\\\/www.palarasol.it\\\/wp-content\\\/uploads\\\/2025\\\/03\\\/1-1.png\",\"contentUrl\":\"https:\\\/\\\/www.palarasol.it\\\/wp-content\\\/uploads\\\/2025\\\/03\\\/1-1.png\",\"width\":4195,\"height\":3146},{\"@type\":\"BreadcrumbList\",\"@id\":\"https:\\\/\\\/www.palarasol.it\\\/fr\\\/shop\\\/parasols-fr\\\/trend-300x200-4\\\/#breadcrumb\",\"itemListElement\":[{\"@type\":\"ListItem\",\"position\":1,\"name\":\"Home\",\"item\":\"https:\\\/\\\/www.palarasol.it\\\/fr\\\/10073-2\\\/\"},{\"@type\":\"ListItem\",\"position\":2,\"name\":\"Shop\",\"item\":\"http:\\\/\\\/stagingpalara4.it\\\/negozio\\\/\"},{\"@type\":\"ListItem\",\"position\":3,\"name\":\"Parasols\",\"item\":\"https:\\\/\\\/www.palarasol.it\\\/fr\\\/categorie-produit\\\/parasols-fr\\\/\"},{\"@type\":\"ListItem\",\"position\":4,\"name\":\"Tendance 300&#215;200\\\/4\"}]},{\"@type\":\"WebSite\",\"@id\":\"http:\\\/\\\/www.palarasol.it\\\/fr\\\/#website\",\"url\":\"http:\\\/\\\/www.palarasol.it\\\/fr\\\/\",\"name\":\"Palarasol\",\"description\":\"\",\"publisher\":{\"@id\":\"http:\\\/\\\/www.palarasol.it\\\/fr\\\/#organization\"},\"potentialAction\":[{\"@type\":\"SearchAction\",\"target\":{\"@type\":\"EntryPoint\",\"urlTemplate\":\"http:\\\/\\\/www.palarasol.it\\\/fr\\\/?s={search_term_string}\"},\"query-input\":{\"@type\":\"PropertyValueSpecification\",\"valueRequired\":true,\"valueName\":\"search_term_string\"}}],\"inLanguage\":\"fr-FR\"},{\"@type\":\"Organization\",\"@id\":\"http:\\\/\\\/www.palarasol.it\\\/fr\\\/#organization\",\"name\":\"Palara Gianluca & C. S.a.s\",\"url\":\"http:\\\/\\\/www.palarasol.it\\\/fr\\\/\",\"logo\":{\"@type\":\"ImageObject\",\"inLanguage\":\"fr-FR\",\"@id\":\"http:\\\/\\\/www.palarasol.it\\\/fr\\\/#\\\/schema\\\/logo\\\/image\\\/\",\"url\":\"https:\\\/\\\/stagingpalara4.it\\\/wp-content\\\/uploads\\\/2015\\\/06\\\/logo.png\",\"contentUrl\":\"https:\\\/\\\/stagingpalara4.it\\\/wp-content\\\/uploads\\\/2015\\\/06\\\/logo.png\",\"width\":800,\"height\":189,\"caption\":\"Palara Gianluca & C. S.a.s\"},\"image\":{\"@id\":\"http:\\\/\\\/www.palarasol.it\\\/fr\\\/#\\\/schema\\\/logo\\\/image\\\/\"},\"sameAs\":[\"https:\\\/\\\/www.facebook.com\\\/palarasol\",\"https:\\\/\\\/x.com\\\/palarasol\"]}]}<\/script>\n<!-- \/ Yoast SEO plugin. -->","yoast_head_json":{"title":"Tendance 300x200\/4 - %.","description":"Parasols design compacts et r\u00e9tractables avec armature de couleur graphite, ouverture sans cordon et\/ou manivelle, pivotant, base en forme de T.","robots":{"index":"index","follow":"follow","max-snippet":"max-snippet:-1","max-image-preview":"max-image-preview:large","max-video-preview":"max-video-preview:-1"},"canonical":"https:\/\/www.palarasol.it\/fr\/shop\/parasols-fr\/trend-300x200-4\/","og_locale":"fr_FR","og_type":"article","og_title":"Tendance 300x200\/4 - %.","og_description":"Parasols design compacts et r\u00e9tractables avec armature de couleur graphite, ouverture sans cordon et\/ou manivelle, pivotant, base en forme de T.","og_url":"https:\/\/www.palarasol.it\/fr\/shop\/parasols-fr\/trend-300x200-4\/","og_site_name":"Palarasol","article_publisher":"https:\/\/www.facebook.com\/palarasol","article_modified_time":"2025-07-23T10:07:32+00:00","og_image":[{"width":1024,"height":768,"url":"https:\/\/www.palarasol.it\/wp-content\/uploads\/2025\/03\/1-1-1024x768.png","type":"image\/png"}],"twitter_card":"summary_large_image","twitter_site":"@palarasol","twitter_misc":{"Dur\u00e9e de lecture estim\u00e9e":"1 minute"},"schema":{"@context":"https:\/\/schema.org","@graph":[{"@type":"WebPage","@id":"https:\/\/www.palarasol.it\/fr\/shop\/parasols-fr\/trend-300x200-4\/","url":"https:\/\/www.palarasol.it\/fr\/shop\/parasols-fr\/trend-300x200-4\/","name":"Tendance 300x200\/4 - %.","isPartOf":{"@id":"http:\/\/www.palarasol.it\/fr\/#website"},"primaryImageOfPage":{"@id":"https:\/\/www.palarasol.it\/fr\/shop\/parasols-fr\/trend-300x200-4\/#primaryimage"},"image":{"@id":"https:\/\/www.palarasol.it\/fr\/shop\/parasols-fr\/trend-300x200-4\/#primaryimage"},"thumbnailUrl":"https:\/\/www.palarasol.it\/wp-content\/uploads\/2025\/03\/1-1.png","datePublished":"2025-03-25T07:43:30+00:00","dateModified":"2025-07-23T10:07:32+00:00","description":"Parasols design compacts et r\u00e9tractables avec armature de couleur graphite, ouverture sans cordon et\/ou manivelle, pivotant, base en forme de T.","breadcrumb":{"@id":"https:\/\/www.palarasol.it\/fr\/shop\/parasols-fr\/trend-300x200-4\/#breadcrumb"},"inLanguage":"fr-FR","potentialAction":[{"@type":"ReadAction","target":["https:\/\/www.palarasol.it\/fr\/shop\/parasols-fr\/trend-300x200-4\/"]}]},{"@type":"ImageObject","inLanguage":"fr-FR","@id":"https:\/\/www.palarasol.it\/fr\/shop\/parasols-fr\/trend-300x200-4\/#primaryimage","url":"https:\/\/www.palarasol.it\/wp-content\/uploads\/2025\/03\/1-1.png","contentUrl":"https:\/\/www.palarasol.it\/wp-content\/uploads\/2025\/03\/1-1.png","width":4195,"height":3146},{"@type":"BreadcrumbList","@id":"https:\/\/www.palarasol.it\/fr\/shop\/parasols-fr\/trend-300x200-4\/#breadcrumb","itemListElement":[{"@type":"ListItem","position":1,"name":"Home","item":"https:\/\/www.palarasol.it\/fr\/10073-2\/"},{"@type":"ListItem","position":2,"name":"Shop","item":"http:\/\/stagingpalara4.it\/negozio\/"},{"@type":"ListItem","position":3,"name":"Parasols","item":"https:\/\/www.palarasol.it\/fr\/categorie-produit\/parasols-fr\/"},{"@type":"ListItem","position":4,"name":"Tendance 300&#215;200\/4"}]},{"@type":"WebSite","@id":"http:\/\/www.palarasol.it\/fr\/#website","url":"http:\/\/www.palarasol.it\/fr\/","name":"Palarasol","description":"","publisher":{"@id":"http:\/\/www.palarasol.it\/fr\/#organization"},"potentialAction":[{"@type":"SearchAction","target":{"@type":"EntryPoint","urlTemplate":"http:\/\/www.palarasol.it\/fr\/?s={search_term_string}"},"query-input":{"@type":"PropertyValueSpecification","valueRequired":true,"valueName":"search_term_string"}}],"inLanguage":"fr-FR"},{"@type":"Organization","@id":"http:\/\/www.palarasol.it\/fr\/#organization","name":"Palara Gianluca & C. S.a.s","url":"http:\/\/www.palarasol.it\/fr\/","logo":{"@type":"ImageObject","inLanguage":"fr-FR","@id":"http:\/\/www.palarasol.it\/fr\/#\/schema\/logo\/image\/","url":"https:\/\/stagingpalara4.it\/wp-content\/uploads\/2015\/06\/logo.png","contentUrl":"https:\/\/stagingpalara4.it\/wp-content\/uploads\/2015\/06\/logo.png","width":800,"height":189,"caption":"Palara Gianluca & C. S.a.s"},"image":{"@id":"http:\/\/www.palarasol.it\/fr\/#\/schema\/logo\/image\/"},"sameAs":["https:\/\/www.facebook.com\/palarasol","https:\/\/x.com\/palarasol"]}]}},"_links":{"self":[{"href":"https:\/\/www.palarasol.it\/fr\/wp-json\/wp\/v2\/product\/81633","targetHints":{"allow":["GET"]}}],"collection":[{"href":"https:\/\/www.palarasol.it\/fr\/wp-json\/wp\/v2\/product"}],"about":[{"href":"https:\/\/www.palarasol.it\/fr\/wp-json\/wp\/v2\/types\/product"}],"version-history":[{"count":0,"href":"https:\/\/www.palarasol.it\/fr\/wp-json\/wp\/v2\/product\/81633\/revisions"}],"wp:featuredmedia":[{"embeddable":true,"href":"https:\/\/www.palarasol.it\/fr\/wp-json\/wp\/v2\/media\/81736"}],"wp:attachment":[{"href":"https:\/\/www.palarasol.it\/fr\/wp-json\/wp\/v2\/media?parent=81633"}],"wp:term":[{"taxonomy":"product_brand","embeddable":true,"href":"https:\/\/www.palarasol.it\/fr\/wp-json\/wp\/v2\/product_brand?post=81633"},{"taxonomy":"product_cat","embeddable":true,"href":"https:\/\/www.palarasol.it\/fr\/wp-json\/wp\/v2\/product_cat?post=81633"},{"taxonomy":"product_tag","embeddable":true,"href":"https:\/\/www.palarasol.it\/fr\/wp-json\/wp\/v2\/product_tag?post=81633"}],"curies":[{"name":"wp","href":"https:\/\/api.w.org\/{rel}","templated":true}]}}