{"id":81761,"date":"2025-03-25T09:40:50","date_gmt":"2025-03-25T08:40:50","guid":{"rendered":"https:\/\/www.palarasol.it\/?post_type=product&#038;p=81761"},"modified":"2025-07-23T11:49:51","modified_gmt":"2025-07-23T09:49:51","slug":"trend-ice-200x200-4","status":"publish","type":"product","link":"https:\/\/www.palarasol.it\/fr\/shop\/parasols-design-fr\/trend-ice-200x200-4\/","title":{"rendered":"Trend Ice 200&#215;200\/4"},"content":{"rendered":"<p>Parasols design modernes, pratiques, de taille moyenne, avec cadre blanc. L&rsquo;ouverture est manuelle et permet un r\u00e9glage en hauteur et en inclinaison. Le tissu PolyMa offre une excellente protection solaire.<\/p>\n<p>TISSU : PolyMa polyester gr 210 m2, d\u00e9perlant, anti-moisissure, protection UV 50+, solidit\u00e9 des couleurs 6+. TexMa Olefin gr 190 m2, teint\u00e9 dans la masse, hydrofuge, anti-moisissure, protection UV 50+, solidit\u00e9 des couleurs 7. Le tissu TexMa peut \u00eatre utilis\u00e9 pour certaines couleurs sp\u00e9ciales. (T).<\/p>\n<p>STRUCTURE : poteaux en aluminium de 38\/35 mm, tiges en acier, articulation en m\u00e9tal, ouverture manuelle, hauteur r\u00e9glable, extension avec vis<\/p>\n","protected":false},"excerpt":{"rendered":"<p>Art 463Q Trend Ice Maffei cm 200&#215;200\/4<\/p>\n<p><a href=\"https:\/\/www.palarasol.it\/wp-content\/uploads\/2025\/03\/Senza-titolo-1-4-300x200.png\"><img fetchpriority=\"high\" decoding=\"async\" class=\"alignnone size-medium wp-image-81763\" src=\"https:\/\/www.palarasol.it\/wp-content\/uploads\/2025\/03\/Senza-titolo-1-4-300x200.png\" alt=\"\" width=\"300\" height=\"200\" srcset=\"https:\/\/www.palarasol.it\/wp-content\/uploads\/2025\/03\/Senza-titolo-1-4-300x200.png 300w, https:\/\/www.palarasol.it\/wp-content\/uploads\/2025\/03\/Senza-titolo-1-4-1024x683.png 1024w, https:\/\/www.palarasol.it\/wp-content\/uploads\/2025\/03\/Senza-titolo-1-4-768x512.png 768w, https:\/\/www.palarasol.it\/wp-content\/uploads\/2025\/03\/Senza-titolo-1-4-600x400.png 600w, https:\/\/www.palarasol.it\/wp-content\/uploads\/2025\/03\/Senza-titolo-1-4.png 1200w\" sizes=\"(max-width: 300px) 100vw, 300px\" \/><\/a><\/p>\n<p>&nbsp;<\/p>\n","protected":false},"featured_media":81834,"template":"","meta":{"_acf_changed":false,"_monsterinsights_skip_tracking":false,"_monsterinsights_sitenote_active":false,"_monsterinsights_sitenote_note":"","_monsterinsights_sitenote_category":0},"product_brand":[],"product_cat":[440,434],"product_tag":[436,445,446,747,435,551,852,437,438],"class_list":{"0":"post-81761","1":"product","2":"type-product","3":"status-publish","4":"has-post-thumbnail","6":"product_cat-parasols-fr","7":"product_cat-parasols-design-fr","8":"product_tag-fabrique-en-italie","9":"product_tag-grands","10":"product_tag-impermeable","11":"product_tag-parapluies-maffei","12":"product_tag-parasol-fr","13":"product_tag-parasol-jardin","14":"product_tag-parasols-grands-deportes-fr","15":"product_tag-polyester-fr","16":"product_tag-protection-uv","18":"first","19":"instock","20":"shipping-taxable","21":"purchasable","22":"product-type-variable"},"acf":[],"yoast_head":"<!-- This site is optimized with the Yoast SEO plugin v27.2 - https:\/\/yoast.com\/product\/yoast-seo-wordpress\/ -->\n<title>Trend Ice 200x200\/4 - %.<\/title>\n<meta name=\"description\" content=\"Parasol moderne et pratique de taille moyenne avec ouverture manuelle, r\u00e9glage de la hauteur et de l&#039;inclinaison, et toile PolyMa pour la protection solaire.\" \/>\n<meta name=\"robots\" content=\"index, follow, max-snippet:-1, max-image-preview:large, max-video-preview:-1\" \/>\n<link rel=\"canonical\" href=\"https:\/\/www.palarasol.it\/fr\/shop\/parasols-design-fr\/trend-ice-200x200-4\/\" \/>\n<meta property=\"og:locale\" content=\"fr_FR\" \/>\n<meta property=\"og:type\" content=\"article\" \/>\n<meta property=\"og:title\" content=\"Trend Ice 200x200\/4 - %.\" \/>\n<meta property=\"og:description\" content=\"Parasol moderne et pratique de taille moyenne avec ouverture manuelle, r\u00e9glage de la hauteur et de l&#039;inclinaison, et toile PolyMa pour la protection solaire.\" \/>\n<meta property=\"og:url\" content=\"https:\/\/www.palarasol.it\/fr\/shop\/parasols-design-fr\/trend-ice-200x200-4\/\" \/>\n<meta property=\"og:site_name\" content=\"Palarasol\" \/>\n<meta property=\"article:publisher\" content=\"https:\/\/www.facebook.com\/palarasol\" \/>\n<meta property=\"article:modified_time\" content=\"2025-07-23T09:49:51+00:00\" \/>\n<meta property=\"og:image\" content=\"https:\/\/www.palarasol.it\/wp-content\/uploads\/2025\/03\/1-10-scaled.jpg\" \/>\n\t<meta property=\"og:image:width\" content=\"2560\" \/>\n\t<meta property=\"og:image:height\" content=\"1920\" \/>\n\t<meta property=\"og:image:type\" content=\"image\/jpeg\" \/>\n<meta name=\"twitter:card\" content=\"summary_large_image\" \/>\n<meta name=\"twitter:site\" content=\"@palarasol\" \/>\n<meta name=\"twitter:label1\" content=\"Dur\u00e9e de lecture estim\u00e9e\" \/>\n\t<meta name=\"twitter:data1\" content=\"1 minute\" \/>\n<script type=\"application\/ld+json\" class=\"yoast-schema-graph\">{\"@context\":\"https:\/\/schema.org\",\"@graph\":[{\"@type\":\"WebPage\",\"@id\":\"https:\/\/www.palarasol.it\/fr\/shop\/parasols-design-fr\/trend-ice-200x200-4\/\",\"url\":\"https:\/\/www.palarasol.it\/fr\/shop\/parasols-design-fr\/trend-ice-200x200-4\/\",\"name\":\"Trend Ice 200x200\/4 - %.\",\"isPartOf\":{\"@id\":\"http:\/\/www.palarasol.it\/fr\/#website\"},\"primaryImageOfPage\":{\"@id\":\"https:\/\/www.palarasol.it\/fr\/shop\/parasols-design-fr\/trend-ice-200x200-4\/#primaryimage\"},\"image\":{\"@id\":\"https:\/\/www.palarasol.it\/fr\/shop\/parasols-design-fr\/trend-ice-200x200-4\/#primaryimage\"},\"thumbnailUrl\":\"https:\/\/www.palarasol.it\/wp-content\/uploads\/2025\/03\/1-10-scaled.jpg\",\"datePublished\":\"2025-03-25T08:40:50+00:00\",\"dateModified\":\"2025-07-23T09:49:51+00:00\",\"description\":\"Parasol moderne et pratique de taille moyenne avec ouverture manuelle, r\u00e9glage de la hauteur et de l'inclinaison, et toile PolyMa pour la protection solaire.\",\"breadcrumb\":{\"@id\":\"https:\/\/www.palarasol.it\/fr\/shop\/parasols-design-fr\/trend-ice-200x200-4\/#breadcrumb\"},\"inLanguage\":\"fr-FR\",\"potentialAction\":[{\"@type\":\"ReadAction\",\"target\":[\"https:\/\/www.palarasol.it\/fr\/shop\/parasols-design-fr\/trend-ice-200x200-4\/\"]}]},{\"@type\":\"ImageObject\",\"inLanguage\":\"fr-FR\",\"@id\":\"https:\/\/www.palarasol.it\/fr\/shop\/parasols-design-fr\/trend-ice-200x200-4\/#primaryimage\",\"url\":\"https:\/\/www.palarasol.it\/wp-content\/uploads\/2025\/03\/1-10-scaled.jpg\",\"contentUrl\":\"https:\/\/www.palarasol.it\/wp-content\/uploads\/2025\/03\/1-10-scaled.jpg\",\"width\":2560,\"height\":1920},{\"@type\":\"BreadcrumbList\",\"@id\":\"https:\/\/www.palarasol.it\/fr\/shop\/parasols-design-fr\/trend-ice-200x200-4\/#breadcrumb\",\"itemListElement\":[{\"@type\":\"ListItem\",\"position\":1,\"name\":\"Home\",\"item\":\"https:\/\/www.palarasol.it\/fr\/10073-2\/\"},{\"@type\":\"ListItem\",\"position\":2,\"name\":\"Shop\",\"item\":\"http:\/\/stagingpalara4.it\/negozio\/\"},{\"@type\":\"ListItem\",\"position\":3,\"name\":\"Parasols\",\"item\":\"https:\/\/www.palarasol.it\/fr\/categorie-produit\/parasols-fr\/\"},{\"@type\":\"ListItem\",\"position\":4,\"name\":\"Trend Ice 200&#215;200\/4\"}]},{\"@type\":\"WebSite\",\"@id\":\"http:\/\/www.palarasol.it\/fr\/#website\",\"url\":\"http:\/\/www.palarasol.it\/fr\/\",\"name\":\"Palarasol\",\"description\":\"\",\"publisher\":{\"@id\":\"http:\/\/www.palarasol.it\/fr\/#organization\"},\"potentialAction\":[{\"@type\":\"SearchAction\",\"target\":{\"@type\":\"EntryPoint\",\"urlTemplate\":\"http:\/\/www.palarasol.it\/fr\/?s={search_term_string}\"},\"query-input\":{\"@type\":\"PropertyValueSpecification\",\"valueRequired\":true,\"valueName\":\"search_term_string\"}}],\"inLanguage\":\"fr-FR\"},{\"@type\":\"Organization\",\"@id\":\"http:\/\/www.palarasol.it\/fr\/#organization\",\"name\":\"Palara Gianluca & C. S.a.s\",\"url\":\"http:\/\/www.palarasol.it\/fr\/\",\"logo\":{\"@type\":\"ImageObject\",\"inLanguage\":\"fr-FR\",\"@id\":\"http:\/\/www.palarasol.it\/fr\/#\/schema\/logo\/image\/\",\"url\":\"https:\/\/stagingpalara4.it\/wp-content\/uploads\/2015\/06\/logo.png\",\"contentUrl\":\"https:\/\/stagingpalara4.it\/wp-content\/uploads\/2015\/06\/logo.png\",\"width\":800,\"height\":189,\"caption\":\"Palara Gianluca & C. S.a.s\"},\"image\":{\"@id\":\"http:\/\/www.palarasol.it\/fr\/#\/schema\/logo\/image\/\"},\"sameAs\":[\"https:\/\/www.facebook.com\/palarasol\",\"https:\/\/x.com\/palarasol\"]}]}<\/script>\n<!-- \/ Yoast SEO plugin. -->","yoast_head_json":{"title":"Trend Ice 200x200\/4 - %.","description":"Parasol moderne et pratique de taille moyenne avec ouverture manuelle, r\u00e9glage de la hauteur et de l'inclinaison, et toile PolyMa pour la protection solaire.","robots":{"index":"index","follow":"follow","max-snippet":"max-snippet:-1","max-image-preview":"max-image-preview:large","max-video-preview":"max-video-preview:-1"},"canonical":"https:\/\/www.palarasol.it\/fr\/shop\/parasols-design-fr\/trend-ice-200x200-4\/","og_locale":"fr_FR","og_type":"article","og_title":"Trend Ice 200x200\/4 - %.","og_description":"Parasol moderne et pratique de taille moyenne avec ouverture manuelle, r\u00e9glage de la hauteur et de l'inclinaison, et toile PolyMa pour la protection solaire.","og_url":"https:\/\/www.palarasol.it\/fr\/shop\/parasols-design-fr\/trend-ice-200x200-4\/","og_site_name":"Palarasol","article_publisher":"https:\/\/www.facebook.com\/palarasol","article_modified_time":"2025-07-23T09:49:51+00:00","og_image":[{"width":2560,"height":1920,"url":"https:\/\/www.palarasol.it\/wp-content\/uploads\/2025\/03\/1-10-scaled.jpg","type":"image\/jpeg"}],"twitter_card":"summary_large_image","twitter_site":"@palarasol","twitter_misc":{"Dur\u00e9e de lecture estim\u00e9e":"1 minute"},"schema":{"@context":"https:\/\/schema.org","@graph":[{"@type":"WebPage","@id":"https:\/\/www.palarasol.it\/fr\/shop\/parasols-design-fr\/trend-ice-200x200-4\/","url":"https:\/\/www.palarasol.it\/fr\/shop\/parasols-design-fr\/trend-ice-200x200-4\/","name":"Trend Ice 200x200\/4 - %.","isPartOf":{"@id":"http:\/\/www.palarasol.it\/fr\/#website"},"primaryImageOfPage":{"@id":"https:\/\/www.palarasol.it\/fr\/shop\/parasols-design-fr\/trend-ice-200x200-4\/#primaryimage"},"image":{"@id":"https:\/\/www.palarasol.it\/fr\/shop\/parasols-design-fr\/trend-ice-200x200-4\/#primaryimage"},"thumbnailUrl":"https:\/\/www.palarasol.it\/wp-content\/uploads\/2025\/03\/1-10-scaled.jpg","datePublished":"2025-03-25T08:40:50+00:00","dateModified":"2025-07-23T09:49:51+00:00","description":"Parasol moderne et pratique de taille moyenne avec ouverture manuelle, r\u00e9glage de la hauteur et de l'inclinaison, et toile PolyMa pour la protection solaire.","breadcrumb":{"@id":"https:\/\/www.palarasol.it\/fr\/shop\/parasols-design-fr\/trend-ice-200x200-4\/#breadcrumb"},"inLanguage":"fr-FR","potentialAction":[{"@type":"ReadAction","target":["https:\/\/www.palarasol.it\/fr\/shop\/parasols-design-fr\/trend-ice-200x200-4\/"]}]},{"@type":"ImageObject","inLanguage":"fr-FR","@id":"https:\/\/www.palarasol.it\/fr\/shop\/parasols-design-fr\/trend-ice-200x200-4\/#primaryimage","url":"https:\/\/www.palarasol.it\/wp-content\/uploads\/2025\/03\/1-10-scaled.jpg","contentUrl":"https:\/\/www.palarasol.it\/wp-content\/uploads\/2025\/03\/1-10-scaled.jpg","width":2560,"height":1920},{"@type":"BreadcrumbList","@id":"https:\/\/www.palarasol.it\/fr\/shop\/parasols-design-fr\/trend-ice-200x200-4\/#breadcrumb","itemListElement":[{"@type":"ListItem","position":1,"name":"Home","item":"https:\/\/www.palarasol.it\/fr\/10073-2\/"},{"@type":"ListItem","position":2,"name":"Shop","item":"http:\/\/stagingpalara4.it\/negozio\/"},{"@type":"ListItem","position":3,"name":"Parasols","item":"https:\/\/www.palarasol.it\/fr\/categorie-produit\/parasols-fr\/"},{"@type":"ListItem","position":4,"name":"Trend Ice 200&#215;200\/4"}]},{"@type":"WebSite","@id":"http:\/\/www.palarasol.it\/fr\/#website","url":"http:\/\/www.palarasol.it\/fr\/","name":"Palarasol","description":"","publisher":{"@id":"http:\/\/www.palarasol.it\/fr\/#organization"},"potentialAction":[{"@type":"SearchAction","target":{"@type":"EntryPoint","urlTemplate":"http:\/\/www.palarasol.it\/fr\/?s={search_term_string}"},"query-input":{"@type":"PropertyValueSpecification","valueRequired":true,"valueName":"search_term_string"}}],"inLanguage":"fr-FR"},{"@type":"Organization","@id":"http:\/\/www.palarasol.it\/fr\/#organization","name":"Palara Gianluca & C. S.a.s","url":"http:\/\/www.palarasol.it\/fr\/","logo":{"@type":"ImageObject","inLanguage":"fr-FR","@id":"http:\/\/www.palarasol.it\/fr\/#\/schema\/logo\/image\/","url":"https:\/\/stagingpalara4.it\/wp-content\/uploads\/2015\/06\/logo.png","contentUrl":"https:\/\/stagingpalara4.it\/wp-content\/uploads\/2015\/06\/logo.png","width":800,"height":189,"caption":"Palara Gianluca & C. S.a.s"},"image":{"@id":"http:\/\/www.palarasol.it\/fr\/#\/schema\/logo\/image\/"},"sameAs":["https:\/\/www.facebook.com\/palarasol","https:\/\/x.com\/palarasol"]}]}},"_links":{"self":[{"href":"https:\/\/www.palarasol.it\/fr\/wp-json\/wp\/v2\/product\/81761","targetHints":{"allow":["GET"]}}],"collection":[{"href":"https:\/\/www.palarasol.it\/fr\/wp-json\/wp\/v2\/product"}],"about":[{"href":"https:\/\/www.palarasol.it\/fr\/wp-json\/wp\/v2\/types\/product"}],"version-history":[{"count":0,"href":"https:\/\/www.palarasol.it\/fr\/wp-json\/wp\/v2\/product\/81761\/revisions"}],"wp:featuredmedia":[{"embeddable":true,"href":"https:\/\/www.palarasol.it\/fr\/wp-json\/wp\/v2\/media\/81834"}],"wp:attachment":[{"href":"https:\/\/www.palarasol.it\/fr\/wp-json\/wp\/v2\/media?parent=81761"}],"wp:term":[{"taxonomy":"product_brand","embeddable":true,"href":"https:\/\/www.palarasol.it\/fr\/wp-json\/wp\/v2\/product_brand?post=81761"},{"taxonomy":"product_cat","embeddable":true,"href":"https:\/\/www.palarasol.it\/fr\/wp-json\/wp\/v2\/product_cat?post=81761"},{"taxonomy":"product_tag","embeddable":true,"href":"https:\/\/www.palarasol.it\/fr\/wp-json\/wp\/v2\/product_tag?post=81761"}],"curies":[{"name":"wp","href":"https:\/\/api.w.org\/{rel}","templated":true}]}}