{"id":83414,"date":"2025-04-30T09:39:33","date_gmt":"2025-04-30T07:39:33","guid":{"rendered":"https:\/\/www.palarasol.it\/?post_type=product&#038;p=83414"},"modified":"2025-07-23T11:31:03","modified_gmt":"2025-07-23T09:31:03","slug":"border-o200-cm-outlet-agua","status":"publish","type":"product","link":"https:\/\/www.palarasol.it\/fr\/shop\/non class\u00e9\/border-o200-cm-outlet-agua\/","title":{"rendered":"Border \u00f8200 cm"},"content":{"rendered":"<p><strong><span class=\"Y2IQFc\" lang=\"fr\">Couleur<\/span>: <\/strong>Agua de mar<\/p>\n<p><strong>Mat\u00e9riel: <\/strong>dralon gr 190 sun finish<br \/>\n<strong>R\u00e9sistance aux couleurs: <\/strong>5-7<br \/>\n<strong>Protection UV<\/strong>: 20-50+<br \/>\nDiam\u00e8tre 200 cm<br \/>\nCadre en acier, poteau de 27\/30 mm, couleur sabl\u00e9 noir, avec inclinaison m\u00e9tallique<br \/>\nHauteur r\u00e9glable 230-260 cm<br \/>\nBaguettes: acier noir sabl\u00e9<br \/>\nEXCLUSIF MAFFEI<br \/>\n<strong>Doublure d\u2019\u00e9paule libre<\/strong><br \/>\n<strong>Fabriqu\u00e9 en Italie.<\/strong><br \/>\nUne base pesant &gt; 15 kg est indiqu\u00e9e. Base non incluse.<\/p>\n","protected":false},"excerpt":{"rendered":"<p>Art 42B Border Maffei \u2013 cm 100\/10 (200\/10)<\/p>\n<p><a href=\"https:\/\/www.palarasol.it\/wp-content\/uploads\/2015\/07\/Immagine-2025-03-28-092823-2-300x155.jpg\"><img decoding=\"async\" class=\"alignnone size-medium wp-image-82475\" src=\"https:\/\/www.palarasol.it\/wp-content\/uploads\/2015\/07\/Immagine-2025-03-28-092823-2-300x155.jpg\" alt=\"\" width=\"300\" height=\"155\" srcset=\"https:\/\/www.palarasol.it\/wp-content\/uploads\/2015\/07\/Immagine-2025-03-28-092823-2-300x155.jpg 300w, https:\/\/www.palarasol.it\/wp-content\/uploads\/2015\/07\/Immagine-2025-03-28-092823-2.jpg 440w\" sizes=\"(max-width: 300px) 100vw, 300px\" \/><\/a><\/p>\n","protected":false},"featured_media":83445,"template":"","meta":{"_acf_changed":false,"_monsterinsights_skip_tracking":false,"_monsterinsights_sitenote_active":false,"_monsterinsights_sitenote_note":"","_monsterinsights_sitenote_category":0},"product_brand":[],"product_cat":[],"product_tag":[448,449,436,747,450,438],"class_list":{"0":"post-83414","1":"product","2":"type-product","3":"status-publish","4":"has-post-thumbnail","6":"product_tag-design-fr","7":"product_tag-dralon-fr","8":"product_tag-fabrique-en-italie","9":"product_tag-parapluies-maffei","10":"product_tag-parasol-fr-2","11":"product_tag-protection-uv","13":"first","14":"outofstock","15":"sale","16":"featured","17":"shipping-taxable","18":"purchasable","19":"product-type-simple"},"acf":[],"yoast_head":"<!-- This site is optimized with the Yoast SEO plugin v27.2 - https:\/\/yoast.com\/product\/yoast-seo-wordpress\/ -->\n<title>Border \u00f8200 cm - Palarasol<\/title>\n<meta name=\"description\" content=\"Parasols design - Diam\u00e8tre rond de bordure 200, tissu de dralon gr 190, cadre en acier peint avec inclinaison, fabriqu\u00e9 en Italie. Protection UV\" \/>\n<meta name=\"robots\" content=\"index, follow, max-snippet:-1, max-image-preview:large, max-video-preview:-1\" \/>\n<link rel=\"canonical\" href=\"https:\/\/www.palarasol.it\/fr\/shop\/non%20class\u00e9\/border-o200-cm-outlet-agua\/\" \/>\n<meta property=\"og:locale\" content=\"fr_FR\" \/>\n<meta property=\"og:type\" content=\"article\" \/>\n<meta property=\"og:title\" content=\"Border \u00f8200 cm - Palarasol\" \/>\n<meta property=\"og:description\" content=\"Parasols design - Diam\u00e8tre rond de bordure 200, tissu de dralon gr 190, cadre en acier peint avec inclinaison, fabriqu\u00e9 en Italie. Protection UV\" \/>\n<meta property=\"og:url\" content=\"https:\/\/www.palarasol.it\/fr\/shop\/non class\u00e9\/border-o200-cm-outlet-agua\/\" \/>\n<meta property=\"og:site_name\" content=\"Palarasol\" \/>\n<meta property=\"article:publisher\" content=\"https:\/\/www.facebook.com\/palarasol\" \/>\n<meta property=\"article:modified_time\" content=\"2025-07-23T09:31:03+00:00\" \/>\n<meta property=\"og:image\" content=\"https:\/\/www.palarasol.it\/wp-content\/uploads\/2025\/04\/1-5-scaled.jpg\" \/>\n\t<meta property=\"og:image:width\" content=\"2560\" \/>\n\t<meta property=\"og:image:height\" content=\"1920\" \/>\n\t<meta property=\"og:image:type\" content=\"image\/jpeg\" \/>\n<meta name=\"twitter:card\" content=\"summary_large_image\" \/>\n<meta name=\"twitter:site\" content=\"@palarasol\" \/>\n<meta name=\"twitter:label1\" content=\"Dur\u00e9e de lecture estim\u00e9e\" \/>\n\t<meta name=\"twitter:data1\" content=\"1 minute\" \/>\n<script type=\"application\/ld+json\" class=\"yoast-schema-graph\">{\"@context\":\"https:\/\/schema.org\",\"@graph\":[{\"@type\":\"WebPage\",\"@id\":\"https:\/\/www.palarasol.it\/fr\/shop\/non class\u00e9\/border-o200-cm-outlet-agua\/\",\"url\":\"https:\/\/www.palarasol.it\/fr\/shop\/non class\u00e9\/border-o200-cm-outlet-agua\/\",\"name\":\"Border \u00f8200 cm - Palarasol\",\"isPartOf\":{\"@id\":\"http:\/\/www.palarasol.it\/fr\/#website\"},\"primaryImageOfPage\":{\"@id\":\"https:\/\/www.palarasol.it\/fr\/shop\/non class\u00e9\/border-o200-cm-outlet-agua\/#primaryimage\"},\"image\":{\"@id\":\"https:\/\/www.palarasol.it\/fr\/shop\/non class\u00e9\/border-o200-cm-outlet-agua\/#primaryimage\"},\"thumbnailUrl\":\"https:\/\/www.palarasol.it\/wp-content\/uploads\/2025\/04\/1-5-scaled.jpg\",\"datePublished\":\"2025-04-30T07:39:33+00:00\",\"dateModified\":\"2025-07-23T09:31:03+00:00\",\"description\":\"Parasols design - Diam\u00e8tre rond de bordure 200, tissu de dralon gr 190, cadre en acier peint avec inclinaison, fabriqu\u00e9 en Italie. Protection UV\",\"breadcrumb\":{\"@id\":\"https:\/\/www.palarasol.it\/fr\/shop\/non class\u00e9\/border-o200-cm-outlet-agua\/#breadcrumb\"},\"inLanguage\":\"fr-FR\",\"potentialAction\":[{\"@type\":\"ReadAction\",\"target\":[\"https:\/\/www.palarasol.it\/fr\/shop\/non class\u00e9\/border-o200-cm-outlet-agua\/\"]}]},{\"@type\":\"ImageObject\",\"inLanguage\":\"fr-FR\",\"@id\":\"https:\/\/www.palarasol.it\/fr\/shop\/non class\u00e9\/border-o200-cm-outlet-agua\/#primaryimage\",\"url\":\"https:\/\/www.palarasol.it\/wp-content\/uploads\/2025\/04\/1-5-scaled.jpg\",\"contentUrl\":\"https:\/\/www.palarasol.it\/wp-content\/uploads\/2025\/04\/1-5-scaled.jpg\",\"width\":2560,\"height\":1920},{\"@type\":\"BreadcrumbList\",\"@id\":\"https:\/\/www.palarasol.it\/fr\/shop\/non class\u00e9\/border-o200-cm-outlet-agua\/#breadcrumb\",\"itemListElement\":[{\"@type\":\"ListItem\",\"position\":1,\"name\":\"Home\",\"item\":\"https:\/\/www.palarasol.it\/fr\/10073-2\/\"},{\"@type\":\"ListItem\",\"position\":2,\"name\":\"Shop\",\"item\":\"http:\/\/stagingpalara4.it\/negozio\/\"},{\"@type\":\"ListItem\",\"position\":3,\"name\":\"Border \u00f8200 cm\"}]},{\"@type\":\"WebSite\",\"@id\":\"http:\/\/www.palarasol.it\/fr\/#website\",\"url\":\"http:\/\/www.palarasol.it\/fr\/\",\"name\":\"Palarasol\",\"description\":\"\",\"publisher\":{\"@id\":\"http:\/\/www.palarasol.it\/fr\/#organization\"},\"potentialAction\":[{\"@type\":\"SearchAction\",\"target\":{\"@type\":\"EntryPoint\",\"urlTemplate\":\"http:\/\/www.palarasol.it\/fr\/?s={search_term_string}\"},\"query-input\":{\"@type\":\"PropertyValueSpecification\",\"valueRequired\":true,\"valueName\":\"search_term_string\"}}],\"inLanguage\":\"fr-FR\"},{\"@type\":\"Organization\",\"@id\":\"http:\/\/www.palarasol.it\/fr\/#organization\",\"name\":\"Palara Gianluca & C. S.a.s\",\"url\":\"http:\/\/www.palarasol.it\/fr\/\",\"logo\":{\"@type\":\"ImageObject\",\"inLanguage\":\"fr-FR\",\"@id\":\"http:\/\/www.palarasol.it\/fr\/#\/schema\/logo\/image\/\",\"url\":\"https:\/\/stagingpalara4.it\/wp-content\/uploads\/2015\/06\/logo.png\",\"contentUrl\":\"https:\/\/stagingpalara4.it\/wp-content\/uploads\/2015\/06\/logo.png\",\"width\":800,\"height\":189,\"caption\":\"Palara Gianluca & C. S.a.s\"},\"image\":{\"@id\":\"http:\/\/www.palarasol.it\/fr\/#\/schema\/logo\/image\/\"},\"sameAs\":[\"https:\/\/www.facebook.com\/palarasol\",\"https:\/\/x.com\/palarasol\"]}]}<\/script>\n<!-- \/ Yoast SEO plugin. -->","yoast_head_json":{"title":"Border \u00f8200 cm - Palarasol","description":"Parasols design - Diam\u00e8tre rond de bordure 200, tissu de dralon gr 190, cadre en acier peint avec inclinaison, fabriqu\u00e9 en Italie. Protection UV","robots":{"index":"index","follow":"follow","max-snippet":"max-snippet:-1","max-image-preview":"max-image-preview:large","max-video-preview":"max-video-preview:-1"},"canonical":"https:\/\/www.palarasol.it\/fr\/shop\/non class\u00e9\/border-o200-cm-outlet-agua\/","og_locale":"fr_FR","og_type":"article","og_title":"Border \u00f8200 cm - Palarasol","og_description":"Parasols design - Diam\u00e8tre rond de bordure 200, tissu de dralon gr 190, cadre en acier peint avec inclinaison, fabriqu\u00e9 en Italie. Protection UV","og_url":"https:\/\/www.palarasol.it\/fr\/shop\/non class\u00e9\/border-o200-cm-outlet-agua\/","og_site_name":"Palarasol","article_publisher":"https:\/\/www.facebook.com\/palarasol","article_modified_time":"2025-07-23T09:31:03+00:00","og_image":[{"width":2560,"height":1920,"url":"https:\/\/www.palarasol.it\/wp-content\/uploads\/2025\/04\/1-5-scaled.jpg","type":"image\/jpeg"}],"twitter_card":"summary_large_image","twitter_site":"@palarasol","twitter_misc":{"Dur\u00e9e de lecture estim\u00e9e":"1 minute"},"schema":{"@context":"https:\/\/schema.org","@graph":[{"@type":"WebPage","@id":"https:\/\/www.palarasol.it\/fr\/shop\/non class\u00e9\/border-o200-cm-outlet-agua\/","url":"https:\/\/www.palarasol.it\/fr\/shop\/non class\u00e9\/border-o200-cm-outlet-agua\/","name":"Border \u00f8200 cm - Palarasol","isPartOf":{"@id":"http:\/\/www.palarasol.it\/fr\/#website"},"primaryImageOfPage":{"@id":"https:\/\/www.palarasol.it\/fr\/shop\/non class\u00e9\/border-o200-cm-outlet-agua\/#primaryimage"},"image":{"@id":"https:\/\/www.palarasol.it\/fr\/shop\/non class\u00e9\/border-o200-cm-outlet-agua\/#primaryimage"},"thumbnailUrl":"https:\/\/www.palarasol.it\/wp-content\/uploads\/2025\/04\/1-5-scaled.jpg","datePublished":"2025-04-30T07:39:33+00:00","dateModified":"2025-07-23T09:31:03+00:00","description":"Parasols design - Diam\u00e8tre rond de bordure 200, tissu de dralon gr 190, cadre en acier peint avec inclinaison, fabriqu\u00e9 en Italie. Protection UV","breadcrumb":{"@id":"https:\/\/www.palarasol.it\/fr\/shop\/non class\u00e9\/border-o200-cm-outlet-agua\/#breadcrumb"},"inLanguage":"fr-FR","potentialAction":[{"@type":"ReadAction","target":["https:\/\/www.palarasol.it\/fr\/shop\/non class\u00e9\/border-o200-cm-outlet-agua\/"]}]},{"@type":"ImageObject","inLanguage":"fr-FR","@id":"https:\/\/www.palarasol.it\/fr\/shop\/non class\u00e9\/border-o200-cm-outlet-agua\/#primaryimage","url":"https:\/\/www.palarasol.it\/wp-content\/uploads\/2025\/04\/1-5-scaled.jpg","contentUrl":"https:\/\/www.palarasol.it\/wp-content\/uploads\/2025\/04\/1-5-scaled.jpg","width":2560,"height":1920},{"@type":"BreadcrumbList","@id":"https:\/\/www.palarasol.it\/fr\/shop\/non class\u00e9\/border-o200-cm-outlet-agua\/#breadcrumb","itemListElement":[{"@type":"ListItem","position":1,"name":"Home","item":"https:\/\/www.palarasol.it\/fr\/10073-2\/"},{"@type":"ListItem","position":2,"name":"Shop","item":"http:\/\/stagingpalara4.it\/negozio\/"},{"@type":"ListItem","position":3,"name":"Border \u00f8200 cm"}]},{"@type":"WebSite","@id":"http:\/\/www.palarasol.it\/fr\/#website","url":"http:\/\/www.palarasol.it\/fr\/","name":"Palarasol","description":"","publisher":{"@id":"http:\/\/www.palarasol.it\/fr\/#organization"},"potentialAction":[{"@type":"SearchAction","target":{"@type":"EntryPoint","urlTemplate":"http:\/\/www.palarasol.it\/fr\/?s={search_term_string}"},"query-input":{"@type":"PropertyValueSpecification","valueRequired":true,"valueName":"search_term_string"}}],"inLanguage":"fr-FR"},{"@type":"Organization","@id":"http:\/\/www.palarasol.it\/fr\/#organization","name":"Palara Gianluca & C. S.a.s","url":"http:\/\/www.palarasol.it\/fr\/","logo":{"@type":"ImageObject","inLanguage":"fr-FR","@id":"http:\/\/www.palarasol.it\/fr\/#\/schema\/logo\/image\/","url":"https:\/\/stagingpalara4.it\/wp-content\/uploads\/2015\/06\/logo.png","contentUrl":"https:\/\/stagingpalara4.it\/wp-content\/uploads\/2015\/06\/logo.png","width":800,"height":189,"caption":"Palara Gianluca & C. S.a.s"},"image":{"@id":"http:\/\/www.palarasol.it\/fr\/#\/schema\/logo\/image\/"},"sameAs":["https:\/\/www.facebook.com\/palarasol","https:\/\/x.com\/palarasol"]}]}},"_links":{"self":[{"href":"https:\/\/www.palarasol.it\/fr\/wp-json\/wp\/v2\/product\/83414","targetHints":{"allow":["GET"]}}],"collection":[{"href":"https:\/\/www.palarasol.it\/fr\/wp-json\/wp\/v2\/product"}],"about":[{"href":"https:\/\/www.palarasol.it\/fr\/wp-json\/wp\/v2\/types\/product"}],"version-history":[{"count":0,"href":"https:\/\/www.palarasol.it\/fr\/wp-json\/wp\/v2\/product\/83414\/revisions"}],"wp:featuredmedia":[{"embeddable":true,"href":"https:\/\/www.palarasol.it\/fr\/wp-json\/wp\/v2\/media\/83445"}],"wp:attachment":[{"href":"https:\/\/www.palarasol.it\/fr\/wp-json\/wp\/v2\/media?parent=83414"}],"wp:term":[{"taxonomy":"product_brand","embeddable":true,"href":"https:\/\/www.palarasol.it\/fr\/wp-json\/wp\/v2\/product_brand?post=83414"},{"taxonomy":"product_cat","embeddable":true,"href":"https:\/\/www.palarasol.it\/fr\/wp-json\/wp\/v2\/product_cat?post=83414"},{"taxonomy":"product_tag","embeddable":true,"href":"https:\/\/www.palarasol.it\/fr\/wp-json\/wp\/v2\/product_tag?post=83414"}],"curies":[{"name":"wp","href":"https:\/\/api.w.org\/{rel}","templated":true}]}}